{"id":329,"date":"2024-10-26T23:35:22","date_gmt":"2024-10-26T23:35:22","guid":{"rendered":"https:\/\/caliweedeurope.com\/about\/"},"modified":"2024-11-04T17:34:45","modified_gmt":"2024-11-04T17:34:45","slug":"about","status":"publish","type":"page","link":"https:\/\/caliweedeurope.com\/cs\/about\/","title":{"rendered":"O mn\u011b"},"content":{"rendered":"<div class=\"wp-block-uagb-container uagb-block-51e89b1a alignfull uagb-is-root-container\"><div class=\"uagb-container-inner-blocks-wrap\"><div class=\"wp-block-uagb-advanced-heading uagb-block-0a1971f0\"><h1 class=\"uagb-heading-text\">O mn\u011b <a href=\"https:\/\/caliweedeurope.com\/cs\/\" data-type=\"link\" data-id=\"https:\/\/caliweedeurope.com\/\">cali weed europe<\/a><\/h1><\/div><\/div><\/div><div class=\"wp-block-uagb-container uagb-block-e1c2ea49 alignfull uagb-is-root-container\"><div class=\"uagb-container-inner-blocks-wrap\"><div class=\"wp-block-uagb-info-box uagb-block-1bfbef46 uagb-infobox__content-wrap  uagb-infobox-icon-above-title uagb-infobox-image-valign-top\"><div class=\"uagb-ifb-content\"><div class=\"uagb-ifb-title-wrap\"><h6 class=\"uagb-ifb-title-prefix\">Jsme tu pro v\u00e1s<\/h6><h2 class=\"uagb-ifb-title\">Po letech hled\u00e1n\u00ed skute\u010dn\u00fdch\u00a0<br><a href=\"https:\/\/caliweedeurope.com\/cs\/\">internetov\u00e9 weed s tr\u00e1vou,<\/a>\u00a0Byli jsme frustrovan\u00ed t\u00edm, jak t\u011b\u017ek\u00e9 je naj\u00edt legitimn\u00ed zdroj konop\u00ed, kter\u00fd doru\u010duje do N\u011bmecka a Evropy. Pak jsme si uv\u011bdomili, \u017ee mus\u00ed existovat u\u017eivatelsky p\u0159\u00edv\u011btiv\u011bj\u0161\u00ed, bezpe\u010dn\u011bj\u0161\u00ed a diskr\u00e9tn\u011bj\u0161\u00ed zp\u016fsob, jak nakupovat tr\u00e1vu online a z\u00edskat kvalitn\u00ed produkty.<\/h2><\/div><\/div><\/div><\/div><\/div><div class=\"wp-block-uagb-container uagb-block-1d4e123a alignfull uagb-is-root-container\"><div class=\"uagb-container-inner-blocks-wrap\"><div class=\"wp-block-uagb-info-box uagb-block-53541540 uagb-infobox__content-wrap  uagb-infobox-icon-above-title uagb-infobox-image-valign-top\"><div class=\"uagb-ifb-content\"><div class=\"uagb-ifb-title-wrap\"><h6 class=\"uagb-ifb-title-prefix\">Bez \u0161kodliv\u00fdch chemik\u00e1li\u00ed<\/h6><h2 class=\"uagb-ifb-title\">Jsme legitimn\u00ed internetov\u00fd obchod s tr\u00e1vou, kde si m\u016f\u017eete koupit tr\u00e1vu online. Jsme t\u00fdm, kter\u00fd p\u011bstuje vysoce kvalitn\u00ed tr\u00e1vu v N\u011bmecku a distribuuje nejsiln\u011bj\u0161\u00ed kvalitu CALI WEED na\u0161im p\u0159\u00e1tel\u016fm, z\u00e1kazn\u00edk\u016fm a SOUSEDN\u00cdM ZEM\u00cdM. <\/h2><\/div><\/div><\/div><\/div><\/div><div class=\"wp-block-uagb-container uagb-block-a05e7214 alignfull uagb-is-root-container\"><div class=\"uagb-container-inner-blocks-wrap\"><div class=\"wp-block-uagb-container uagb-layout-grid uagb-block-a2c6cfd6\"><div class=\"wp-block-uagb-advanced-heading uagb-block-1ac80494\"><h6 class=\"uagb-heading-text\">Na\u0161e mise<\/h6><\/div>\n\n<div class=\"wp-block-uagb-info-box uagb-block-025fd110 uagb-infobox__content-wrap  uagb-infobox-icon-above-title uagb-infobox-image-valign-top\"><div class=\"uagb-ifb-content\"><div class=\"uagb-ifb-title-wrap\"><div class=\"uagb-ifb-separator\"><\/div><h3 class=\"uagb-ifb-title\">Pro\u010d n\u00e1s na\u0161i z\u00e1kazn\u00edci miluj\u00ed<\/h3><\/div><p class=\"uagb-ifb-desc\">Poch\u00e1z\u00edme z alkoholov\u00e9ho pr\u016fmyslu a uv\u011bdomili jsme si soci\u00e1ln\u00ed \u0161kody a destrukci, kter\u00e9 alkohol zp\u016fsobuje komunit\u00e1m v N\u011bmecku a Evrop\u011b. M\u00edsto otev\u0159en\u00ed obchodu s pivem a v\u00ednem nebo n\u00e1vratu do barov\u00e9ho podnik\u00e1n\u00ed jsme se rozhodli pro bezpe\u010dn\u011bj\u0161\u00ed alternativu. T\u011b\u0161\u00edme se, \u017ee v\u00e1m pom\u016f\u017eeme doru\u010dit rekrea\u010dn\u00ed marihuanu a\u017e k va\u0161im dve\u0159\u00edm.<\/p><\/div><\/div><\/div>\n\n<div class=\"wp-block-uagb-container uagb-layout-grid uagb-block-34ccc8b8\"><div class=\"wp-block-uagb-advanced-heading uagb-block-1c487d3c\"><h6 class=\"uagb-heading-text\"><a href=\"https:\/\/caliweedeurope.com\/cs\/shop\/\">Na\u0161e jedine\u010dnost<\/a><\/h6><\/div>\n\n<div class=\"wp-block-uagb-info-box uagb-block-180da0d4 uagb-infobox__content-wrap  uagb-infobox-icon-above-title uagb-infobox-image-valign-top\"><div class=\"uagb-ifb-content\"><div class=\"uagb-ifb-title-wrap\"><div class=\"uagb-ifb-separator\"><\/div><h3 class=\"uagb-ifb-title\"><a href=\"https:\/\/caliweedeurope.com\/cs\/shop\/\">Ch\u00e1peme v\u00fdznam poskytov\u00e1n\u00ed \u0161pi\u010dkov\u00e9ho konop\u00ed, kter\u00e9 je z\u00e1rove\u0148 cenov\u011b dostupn\u00e9 a pr\u00e9miov\u00e9 kvality. <\/a><\/h3><\/div><p class=\"uagb-ifb-desc\">A\u0165 u\u017e trp\u00edte chronickou bolest\u00ed, \u00fazkost\u00ed nebo jin\u00fdmi zdravotn\u00edmi probl\u00e9my vy\u017eaduj\u00edc\u00edmi l\u00e9\u010dbu konop\u00edm, jsme tu pro v\u00e1s. Tak\u00e9 klademe d\u016fraz na sledov\u00e1n\u00ed nejnov\u011bj\u0161\u00edch trend\u016f ve sv\u011bt\u011b konop\u00ed. V\u00e1\u017e\u00edme si va\u0161\u00ed objedn\u00e1vky a zpracov\u00e1v\u00e1me va\u0161e balen\u00ed diskr\u00e9tn\u011b. Na\u0161e vakuov\u00e9 balen\u00ed a jednoduch\u00fd po\u0161tovn\u00ed syst\u00e9m se v\u00e1m jist\u011b zal\u00edb\u00ed.\u00a0<\/p><\/div><\/div><\/div><\/div><\/div><div class=\"wp-block-uagb-container uagb-block-dd938b3f alignfull uagb-is-root-container\"><div class=\"uagb-container-inner-blocks-wrap\"><div class=\"wp-block-uagb-info-box uagb-block-fb459d06 uagb-infobox__content-wrap  uagb-infobox-icon-above-title uagb-infobox-image-valign-top\"><div class=\"uagb-ifb-content\"><div class=\"uagb-ifb-title-wrap\"><h6 class=\"uagb-ifb-title-prefix\">Bez \u0161kodliv\u00fdch chemik\u00e1li\u00ed<\/h6><h2 class=\"uagb-ifb-title\">Za\u010dn\u011bte svou cestu ke zdrav\u00e9mu, uspokojuj\u00edc\u00edmu, aromatick\u00e9mu a chutn\u00e9mu organick\u00e9mu WEED.<\/h2><\/div><div class=\"uagb-ifb-button-wrapper wp-block-button\"><a href=\"https:\/\/caliweedeurope.com\/cs\/shop\/\" class=\"uagb-infobox-cta-link wp-block-button__link\" target=\"_self\" rel=\"noopener noreferrer\" onclick=\"return true;\"><span class=\"uagb-inline-editing\">NAKUPOVAT NYN\u00cd<\/span><\/a><\/div><\/div><\/div><\/div><\/div><p><\/p>","protected":false},"excerpt":{"rendered":"<p>About cali weed euope Our Mission Our Uniqueness<\/p>","protected":false},"author":1,"featured_media":0,"parent":0,"menu_order":0,"comment_status":"closed","ping_status":"closed","template":"","meta":{"_uag_custom_page_level_css":"","site-sidebar-layout":"no-sidebar","site-content-layout":"page-builder","ast-site-content-layout":"full-width-container","site-content-style":"unboxed","site-sidebar-style":"unboxed","ast-global-header-display":"","ast-banner-title-visibility":"","ast-main-header-display":"","ast-hfb-above-header-display":"","ast-hfb-below-header-display":"","ast-hfb-mobile-header-display":"","site-post-title":"disabled","ast-breadcrumbs-content":"","ast-featured-img":"disabled","footer-sml-layout":"","ast-disable-related-posts":"","theme-transparent-header-meta":"","adv-header-id-meta":"","stick-header-meta":"","header-above-stick-meta":"","header-main-stick-meta":"","header-below-stick-meta":"","astra-migrate-meta-layouts":"set","ast-page-background-enabled":"default","ast-page-background-meta":{"desktop":{"background-color":"var(--ast-global-color-5)","background-image":"","background-repeat":"repeat","background-position":"center center","background-size":"auto","background-attachment":"scroll","background-type":"","background-media":"","overlay-type":"","overlay-color":"","overlay-opacity":"","overlay-gradient":""},"tablet":{"background-color":"","background-image":"","background-repeat":"repeat","background-position":"center center","background-size":"auto","background-attachment":"scroll","background-type":"","background-media":"","overlay-type":"","overlay-color":"","overlay-opacity":"","overlay-gradient":""},"mobile":{"background-color":"","background-image":"","background-repeat":"repeat","background-position":"center center","background-size":"auto","background-attachment":"scroll","background-type":"","background-media":"","overlay-type":"","overlay-color":"","overlay-opacity":"","overlay-gradient":""}},"ast-content-background-meta":{"desktop":{"background-color":"var(--ast-global-color-4)","background-image":"","background-repeat":"repeat","background-position":"center center","background-size":"auto","background-attachment":"scroll","background-type":"","background-media":"","overlay-type":"","overlay-color":"","overlay-opacity":"","overlay-gradient":""},"tablet":{"background-color":"var(--ast-global-color-4)","background-image":"","background-repeat":"repeat","background-position":"center center","background-size":"auto","background-attachment":"scroll","background-type":"","background-media":"","overlay-type":"","overlay-color":"","overlay-opacity":"","overlay-gradient":""},"mobile":{"background-color":"var(--ast-global-color-4)","background-image":"","background-repeat":"repeat","background-position":"center center","background-size":"auto","background-attachment":"scroll","background-type":"","background-media":"","overlay-type":"","overlay-color":"","overlay-opacity":"","overlay-gradient":""}},"footnotes":""},"class_list":["post-329","page","type-page","status-publish","hentry"],"uagb_featured_image_src":{"full":false,"thumbnail":false,"medium":false,"medium_large":false,"large":false,"1536x1536":false,"2048x2048":false,"trp-custom-language-flag":false,"woocommerce_thumbnail":false,"woocommerce_single":false,"woocommerce_gallery_thumbnail":false},"uagb_author_info":{"display_name":"jetskiforsaleuk@gmail.com","author_link":"https:\/\/caliweedeurope.com\/cs\/author\/jetskiforsaleukgmail-com\/"},"uagb_comment_info":0,"uagb_excerpt":"About cali weed euope Our Mission Our Uniqueness","_links":{"self":[{"href":"https:\/\/caliweedeurope.com\/cs\/wp-json\/wp\/v2\/pages\/329"}],"collection":[{"href":"https:\/\/caliweedeurope.com\/cs\/wp-json\/wp\/v2\/pages"}],"about":[{"href":"https:\/\/caliweedeurope.com\/cs\/wp-json\/wp\/v2\/types\/page"}],"author":[{"embeddable":true,"href":"https:\/\/caliweedeurope.com\/cs\/wp-json\/wp\/v2\/users\/1"}],"replies":[{"embeddable":true,"href":"https:\/\/caliweedeurope.com\/cs\/wp-json\/wp\/v2\/comments?post=329"}],"version-history":[{"count":0,"href":"https:\/\/caliweedeurope.com\/cs\/wp-json\/wp\/v2\/pages\/329\/revisions"}],"wp:attachment":[{"href":"https:\/\/caliweedeurope.com\/cs\/wp-json\/wp\/v2\/media?parent=329"}],"curies":[{"name":"wp","href":"https:\/\/api.w.org\/{rel}","templated":true}]}}