{"id":1191,"date":"2024-11-03T21:31:25","date_gmt":"2024-11-03T21:31:25","guid":{"rendered":"https:\/\/caliweedeurope.com\/?post_type=product&#038;p=1191"},"modified":"2024-11-03T21:31:28","modified_gmt":"2024-11-03T21:31:28","slug":"zaza-weed-strain","status":"publish","type":"product","link":"https:\/\/caliweedeurope.com\/cs\/product\/zaza-weed-strain\/","title":{"rendered":"zaza weed strain"},"content":{"rendered":"<p class=\"translation-block\">ZaZa weed je <a href=\"https:\/\/www.leafly.com\/strains\/lists\/category\/hybrid\" target=\"_blank\" rel=\"noopener\">hybridn\u00ed<\/a> odr\u016fda marihuany vznikl\u00e1 k\u0159\u00ed\u017een\u00edm siln\u00fdch odr\u016fd Blue Dream X Rare Dankness. Je zn\u00e1m\u00e1 sv\u00fdm siln\u011b usp\u00e1vaj\u00edc\u00edm \u00fa\u010dinkem a dlouhotrvaj\u00edc\u00edmi efekty, co\u017e z n\u00ed d\u011bl\u00e1 perfektn\u00ed odr\u016fdu pro ty, kte\u0159\u00ed pot\u0159ebuj\u00ed trochu pomoci p\u0159i us\u00edn\u00e1n\u00ed.<\/p>\n<h2 style=\"text-align: center\">Co znamen\u00e1 ZAZA?<\/h2>\n<p>Zaza je jak hybridn\u00ed odr\u016fda konop\u00ed, tak m\u011bstsk\u00fd term\u00edn pro exotickou nebo jinak prvot\u0159\u00eddn\u00ed marihuanu. Z\u00e1rove\u0148 p\u0159edstavuje nejnov\u011bj\u0161\u00ed a nejpopul\u00e1rn\u011bj\u0161\u00ed odr\u016fdy na trhu.<\/p>\n<p>V\u011bd\u011bli jste, \u017ee bylo identifikov\u00e1no p\u0159es 800 r\u016fzn\u00fdch odr\u016fd konop\u00ed? Exotick\u00e1 marihuana ozna\u010duje neobvykl\u00e9 nebo vz\u00e1cn\u00e9 odr\u016fdy s \u017e\u00e1douc\u00edmi vlastnostmi. Dobr\u00fd p\u011bstitel v\u00ed, \u017ee v\u00fdb\u011br semen a genetick\u00e9 znalosti jsou d\u016fle\u017eit\u00fdm faktorem p\u0159i vytv\u00e1\u0159en\u00ed exotick\u00e9 odr\u016fdy. Mus\u00ed b\u00fdt spr\u00e1vn\u011b usu\u0161en\u00e1, vizu\u00e1ln\u011b atraktivn\u00ed a pokryt\u00e1 t\u0159pytiv\u00fdmi trichomy. Dal\u0161\u00edm faktorem, kter\u00fd ur\u010duje, \u017ee marihuana je exotick\u00e1, je jej\u00ed exkluzivita nebo omezen\u00e1 dostupnost.<\/p>\n<p>Kalifornie je jedn\u00edm z nejv\u011bt\u0161\u00edch trh\u016f s konop\u00edm na sv\u011bt\u011b, tak\u017ee si ur\u010dit\u011b najdete Zaza marihuanu, kter\u00e1 vyhovuje va\u0161emu vkusu.<\/p>\n<p>ZaZa je skv\u011bl\u00e1 volba pro dom\u00e1c\u00ed p\u011bstitele v\u0161ech \u00farovn\u00ed zku\u0161enost\u00ed, proto\u017ee jej\u00ed struktura se velmi snadno zast\u0159ih\u00e1v\u00e1 a rostliny rostou s vysok\u00fdm pom\u011brem kalich\u016f k list\u016fm. ZaZa produkuje velmi vysok\u00fd v\u00fdnos. Jak v interi\u00e9ru, tak v exteri\u00e9ru dosahuj\u00ed rostliny obrovsk\u00fdch rozm\u011br\u016f a po 8 a\u017e 10 t\u00fddnech budete p\u0159ipraveni sklidit sv\u00e9 frosted ZaZa Nugs. ZaZa m\u00e1 v\u016fni p\u0159ipom\u00ednaj\u00edc\u00ed citronov\u011b zesty naftovou chemickou v\u016fni. Pronikav\u00e9 kv\u011bty tak\u00e9 uvol\u0148uj\u00ed aroma zemit\u00fdch borovic, pi\u017ema a potu. Pokud jsou kv\u011bty spr\u00e1vn\u011b usu\u0161en\u00e9, tato odr\u016fda m\u00e1 jemn\u00fd kou\u0159, kter\u00fd p\u0159i vdechov\u00e1n\u00ed chutn\u00e1 po kysel\u00e9m plynu. P\u0159i v\u00fddechu kou\u0159 ZaZa odhal\u00ed svou charakteristickou chemickou naftovou chu\u0165 s citronov\u011b amoniakov\u00fdm t\u00f3nem, kter\u00fd zas\u00e1hne horn\u00ed patro. <a href=\"http:\/\/legitweeddispensary.com\/\" target=\"_blank\" rel=\"noopener\">Nizozemsk\u00fd obchod s tr\u00e1vou<\/a><\/p>\n<h6>Exotick\u00e9 nebo exotick\u00e9 tr\u00e1va je slangov\u00fd term\u00edn pro vysoce potentn\u00ed konop\u00ed, kter\u00e9 je popul\u00e1rn\u00ed v pouli\u010dn\u00ed kultu\u0159e a rapov\u00e9 hudb\u011b. Je tak\u00e9 zn\u00e1m\u00e9 jako \u201ezaza\u201c.<\/h6>\n<h3>KUPTE ZAZA STRAINS ONLINE | RECENZE ZAZA KONOP\u00cd<\/h3>\n<p>\u00da\u010dinek za\u010d\u00edn\u00e1 pomal\u00fdm n\u00e1r\u016fstem, kter\u00fd napl\u0148uje va\u0161i mysl \u0161\u0165astn\u00fdm vzestupem, jen\u017e roste a roz\u0161i\u0159uje se po posledn\u00edm v\u00fddechu. C\u00edt\u00edte se ment\u00e1ln\u011b uvoln\u011bn\u011b a bez starost\u00ed. Zaza marihuana.<\/p>\n<p>Tato om\u00e1menost se brzy roz\u0161\u00ed\u0159\u00ed po cel\u00e9m t\u011ble, usp\u00e1vaj\u00edc v\u00e1s do m\u00edrn\u011b couch-lock stavu, kter\u00fd je tak\u00e9 siln\u011b sedativn\u00ed.<\/p>\n<h3>CO ZNAMEN\u00c1 SLANGOV\u00dd TERM\u00cdN ZAZA?<\/h3>\n<p class=\"translation-block\">Slangov\u00fd term\u00edn \u201eZa\u201c a \u201eZaza\u201c (n\u011bco napsan\u00e9 jako Za Za) je podstatn\u00e9 jm\u00e9no, kter\u00e9 se pou\u017e\u00edv\u00e1 v rapov\u00e9 hudb\u011b a kultu\u0159e k ozna\u010den\u00ed opravdu dobr\u00e9 tr\u00e1vy.<\/p>\n<h2>CENY ZAZA KONOP\u00cd<\/h2>\n<p>Dobr\u00e9 konop\u00ed je velmi vz\u00e1cn\u00e9 a drah\u00e9. V\u011bt\u0161ina rapper\u016f si u\u017e\u00edv\u00e1 kou\u0159en\u00ed t\u00e9to nejlep\u0161\u00ed exotick\u00e9 tr\u00e1vy d\u00edky jej\u00edm terpen\u016fm. Spot\u0159ebitel\u00e9 jsou tak\u00e9 informov\u00e1ni o cen\u011b kv\u016fli jej\u00ed autenticit\u011b. Cena Zaza marihuany, v\u011bt\u0161ina kalifornsk\u00fdch dispens\u00e1\u0159\u016f nab\u00edz\u00ed tyto super siln\u00e9 odr\u016fdy za 50 $ za 3,5 gramu a v\u00edce za nejlep\u0161\u00ed kalifornsk\u00e9 exoty.<\/p>\n<h3>ZAZA ODRODA NA PRODEJ ONLINE | ZAZA KONOP\u00cd NA PRODEJ ONLINE<\/h3>\n<p class=\"translation-block\">U\u017eijte si tyto super <a href=\"https:\/\/deligentman.com\/marijuana-flowers-uk-with-worldwide-deliveries\/\" target=\"_blank\" rel=\"noopener\">exotick\u00e9 p\u0159\u00edchut\u011b<\/a> od n\u00e1s, Zaza weed na prodej online, kupte Zaza drogu online, objednejte si prav\u00fd Zaza online, recenze Zaza weed odr\u016fdy, koupit Zaza weed odr\u016fdy online levn\u011b, kde koupit Zaza weed online, kde koupit Zaza v m\u00e9m okol\u00ed, kde koupit Zaza online, Zaza weed v m\u00e9m okol\u00ed. <a href=\"http:\/\/hempbudswholesale.com\/\" target=\"_blank\" rel=\"noopener\">Velkoobchodn\u00ed prodej konopn\u00fdch kv\u011bt\u016f<\/a><\/p>\n<h6>Na\u0161e Nejobl\u00edben\u011bj\u0161\u00ed Exotick\u00e9 Odr\u016fdy Konop\u00ed a Produkty<\/h6>\n<div class=\"LinkSuggestion__LinkSuggestionWrapper-sc-1mdih4x-0 hhaFbj\"><a class=\"LinkSuggestion__Link-sc-1mdih4x-2 jZPuuT\" href=\"https:\/\/deligentman.com\/product\/buy-pink-runtz-pink-runtz-dispensary-order-pink-runtz-online\/\" target=\"_blank\" rel=\"noopener\">Buy Pink Runtz<span class=\"A11yNotice-u1v0gg-0 dWDZbM\">(Opens in a new browser tab)<\/span><\/a><\/div>\n<div class=\"LinkSuggestion__LinkSuggestionWrapper-sc-1mdih4x-0 hhaFbj\"><a class=\"LinkSuggestion__Link-sc-1mdih4x-2 jZPuuT\" href=\"https:\/\/deligentman.com\/product\/banana-runtz-buy-banana-runtz-strain\/\" target=\"_blank\" rel=\"noopener\">Koupit Banana Runtz<span class=\"A11yNotice-u1v0gg-0 dWDZbM\">(Opens in a new browser tab)<\/span><\/a><\/div>\n<div class=\"LinkSuggestion__LinkSuggestionWrapper-sc-1mdih4x-0 hhaFbj\"><a class=\"LinkSuggestion__Link-sc-1mdih4x-2 jZPuuT\" href=\"https:\/\/deligentman.com\/product\/stiiizy-sky-og\/\" target=\"_blank\" rel=\"noopener\">Stiiizy (Sky og)<span class=\"A11yNotice-u1v0gg-0 dWDZbM\">(Opens in a new browser tab)<\/span><\/a><\/div>\n<div class=\"LinkSuggestion__LinkSuggestionWrapper-sc-1mdih4x-0 hhaFbj\"><a class=\"LinkSuggestion__Link-sc-1mdih4x-2 jZPuuT\" href=\"https:\/\/deligentman.com\/product\/strawberry-lemonade-wax\/\" target=\"_blank\" rel=\"noopener\">Strawberry Lemonade Wax<span class=\"A11yNotice-u1v0gg-0 dWDZbM\">(Opens in a new browser tab)<\/span><\/a><\/div>\n<div class=\"LinkSuggestion__LinkSuggestionWrapper-sc-1mdih4x-0 hhaFbj\"><a class=\"LinkSuggestion__Link-sc-1mdih4x-2 jZPuuT\" href=\"https:\/\/deligentman.com\/product\/buy-backpack-boyz-online-where-to-order-backpack-boyz-uk\/\" target=\"_blank\" rel=\"noopener\">backpack boyz<span class=\"A11yNotice-u1v0gg-0 dWDZbM\">(Opens in a new browser tab)<\/span><\/a><\/div>\n<div class=\"LinkSuggestion__LinkSuggestionWrapper-sc-1mdih4x-0 hhaFbj\"><a class=\"LinkSuggestion__Link-sc-1mdih4x-2 jZPuuT\" href=\"https:\/\/deligentman.com\/product\/white-fire-og\/\" target=\"_blank\" rel=\"noopener\">White fire og<span class=\"A11yNotice-u1v0gg-0 dWDZbM\">(Opens in a new browser tab)<\/span><\/a><\/div>\n<div class=\"LinkSuggestion__LinkSuggestionWrapper-sc-1mdih4x-0 hhaFbj\"><a class=\"LinkSuggestion__Link-sc-1mdih4x-2 jZPuuT\" href=\"https:\/\/deligentman.com\/buy-marijuana-online-worldwide\/\" target=\"_blank\" rel=\"noopener\">buy marijuana online with worldwide shipping 2021<span class=\"A11yNotice-u1v0gg-0 dWDZbM\">(Opens in a new browser tab)<\/span><\/a><\/div>\n<div class=\"LinkSuggestion__LinkSuggestionWrapper-sc-1mdih4x-0 hhaFbj\"><a class=\"LinkSuggestion__Link-sc-1mdih4x-2 jZPuuT\" href=\"https:\/\/deligentman.com\/product\/martian-rocks-weed-where-to-buy\/\" target=\"_blank\" rel=\"noopener\">Martian rocks weed where to buy<span class=\"A11yNotice-u1v0gg-0 dWDZbM\">(Opens in a new browser tab)<\/span><\/a><\/div>\n<div class=\"LinkSuggestion__LinkSuggestionWrapper-sc-1mdih4x-0 hhaFbj\"><a class=\"LinkSuggestion__Link-sc-1mdih4x-2 jZPuuT\" href=\"https:\/\/deligentman.com\/mail-order-weed-online-uk\/\" target=\"_blank\" rel=\"noopener\">Mail Order weed online UK<span class=\"A11yNotice-u1v0gg-0 dWDZbM\">(Opens in a new browser tab)<\/span><\/a><\/div>\n<div class=\"LinkSuggestion__LinkSuggestionWrapper-sc-1mdih4x-0 hhaFbj\"><a class=\"LinkSuggestion__Link-sc-1mdih4x-2 jZPuuT\" href=\"https:\/\/deligentman.com\/product\/buy-pounds-of-og-kush-weed-online\/\" target=\"_blank\" rel=\"noopener\">Koupit libry OG Kush tr\u00e1vy online<\/a><\/div>","protected":false},"excerpt":{"rendered":"<h2 id=\"h-why-is-weed-called-zaza\">Pro\u010d se marihuana naz\u00fdv\u00e1 zaza?<\/h2>\n<p>Popularita exotick\u00fdch odr\u016fd marihuany je \u010din\u00ed perfektn\u00ed inspirac\u00ed pro um\u011blce popkultury. V rapov\u00fdch textech a na soci\u00e1ln\u00edch m\u00e9di\u00edch se exotick\u00e9 \u010dasto zkracuje na 'zaza'.<\/p>\n<p>Trippie Redd rapoval: 'Kou\u0159\u00edm Zazu, jsem v La La z t\u011bch strom\u016f' v 'Weeeeee', a 21 Savage \u0159ekl, \u017ee kou\u0159\u00ed 'Zazu' v 'Runnin'.<\/p>\n<p class=\"translation-block\">P\u0159e\u010dt\u011bte si v\u00edce o <a href=\"https:\/\/deligentman.com\/zaza-weed\/\" target=\"_self\">odr\u016fd\u011b Zaza<\/a> a recenz\u00edch<\/p>","protected":false},"featured_media":1221,"comment_status":"closed","ping_status":"closed","template":"","meta":{"_uag_custom_page_level_css":"","site-sidebar-layout":"default","site-content-layout":"","ast-site-content-layout":"","site-content-style":"default","site-sidebar-style":"default","ast-global-header-display":"","ast-banner-title-visibility":"","ast-main-header-display":"","ast-hfb-above-header-display":"","ast-hfb-below-header-display":"","ast-hfb-mobile-header-display":"","site-post-title":"","ast-breadcrumbs-content":"","ast-featured-img":"","footer-sml-layout":"","theme-transparent-header-meta":"","adv-header-id-meta":"","stick-header-meta":"","header-above-stick-meta":"","header-main-stick-meta":"","header-below-stick-meta":"","astra-migrate-meta-layouts":"default","ast-page-background-enabled":"default","ast-page-background-meta":{"desktop":{"background-color":"var(--ast-global-color-4)","background-image":"","background-repeat":"repeat","background-position":"center center","background-size":"auto","background-attachment":"scroll","background-type":"","background-media":"","overlay-type":"","overlay-color":"","overlay-opacity":"","overlay-gradient":""},"tablet":{"background-color":"","background-image":"","background-repeat":"repeat","background-position":"center center","background-size":"auto","background-attachment":"scroll","background-type":"","background-media":"","overlay-type":"","overlay-color":"","overlay-opacity":"","overlay-gradient":""},"mobile":{"background-color":"","background-image":"","background-repeat":"repeat","background-position":"center center","background-size":"auto","background-attachment":"scroll","background-type":"","background-media":"","overlay-type":"","overlay-color":"","overlay-opacity":"","overlay-gradient":""}},"ast-content-background-meta":{"desktop":{"background-color":"var(--ast-global-color-5)","background-image":"","background-repeat":"repeat","background-position":"center center","background-size":"auto","background-attachment":"scroll","background-type":"","background-media":"","overlay-type":"","overlay-color":"","overlay-opacity":"","overlay-gradient":""},"tablet":{"background-color":"var(--ast-global-color-5)","background-image":"","background-repeat":"repeat","background-position":"center center","background-size":"auto","background-attachment":"scroll","background-type":"","background-media":"","overlay-type":"","overlay-color":"","overlay-opacity":"","overlay-gradient":""},"mobile":{"background-color":"var(--ast-global-color-5)","background-image":"","background-repeat":"repeat","background-position":"center center","background-size":"auto","background-attachment":"scroll","background-type":"","background-media":"","overlay-type":"","overlay-color":"","overlay-opacity":"","overlay-gradient":""}}},"product_brand":[],"product_cat":[22],"product_tag":[23,24,25,26,27],"class_list":{"0":"post-1191","1":"product","2":"type-product","3":"status-publish","4":"has-post-thumbnail","6":"product_cat-hybrid","7":"product_tag-real-zaza-strain","8":"product_tag-what-is-zaza","9":"product_tag-zaza-marijuana","10":"product_tag-zaza-weed","11":"product_tag-zaza-weed-strain","12":"desktop-align-center","13":"tablet-align-left","14":"mobile-align-left","16":"first","17":"instock","18":"sale","19":"shipping-taxable","20":"purchasable","21":"product-type-simple"},"uagb_featured_image_src":{"full":["https:\/\/caliweedeurope.com\/wp-content\/uploads\/2024\/11\/Zaza-weed-strain.jpeg",1125,1478,false],"thumbnail":["https:\/\/caliweedeurope.com\/wp-content\/uploads\/2024\/11\/Zaza-weed-strain-150x150.jpeg",150,150,true],"medium":["https:\/\/caliweedeurope.com\/wp-content\/uploads\/2024\/11\/Zaza-weed-strain-228x300.jpeg",228,300,true],"medium_large":["https:\/\/caliweedeurope.com\/wp-content\/uploads\/2024\/11\/Zaza-weed-strain-768x1009.jpeg",768,1009,true],"large":["https:\/\/caliweedeurope.com\/wp-content\/uploads\/2024\/11\/Zaza-weed-strain-779x1024.jpeg",779,1024,true],"1536x1536":["https:\/\/caliweedeurope.com\/wp-content\/uploads\/2024\/11\/Zaza-weed-strain.jpeg",1125,1478,false],"2048x2048":["https:\/\/caliweedeurope.com\/wp-content\/uploads\/2024\/11\/Zaza-weed-strain.jpeg",1125,1478,false],"trp-custom-language-flag":["https:\/\/caliweedeurope.com\/wp-content\/uploads\/2024\/11\/Zaza-weed-strain.jpeg",9,12,false],"woocommerce_thumbnail":["https:\/\/caliweedeurope.com\/wp-content\/uploads\/2024\/11\/Zaza-weed-strain-300x300.jpeg",300,300,true],"woocommerce_single":["https:\/\/caliweedeurope.com\/wp-content\/uploads\/2024\/11\/Zaza-weed-strain-600x788.jpeg",600,788,true],"woocommerce_gallery_thumbnail":["https:\/\/caliweedeurope.com\/wp-content\/uploads\/2024\/11\/Zaza-weed-strain-100x100.jpeg",100,100,true]},"uagb_author_info":{"display_name":"jetskiforsaleuk@gmail.com","author_link":"https:\/\/caliweedeurope.com\/cs\/author\/"},"uagb_comment_info":0,"uagb_excerpt":"Why is weed called zaza? The popularity of exotic weed strains makes them the perfect inspiration for pop culture artists. In rap lyrics and social media, exotic is often shortened to \u201czaza.\u201d Trippie Redd rapped, \u201cI smoke Zaza I\u2019m in La La off them trees\u201d in \u201cWeeeeee,\u201d and 21 Savage said he was, \u201csmokin on&hellip;","_links":{"self":[{"href":"https:\/\/caliweedeurope.com\/cs\/wp-json\/wp\/v2\/product\/1191"}],"collection":[{"href":"https:\/\/caliweedeurope.com\/cs\/wp-json\/wp\/v2\/product"}],"about":[{"href":"https:\/\/caliweedeurope.com\/cs\/wp-json\/wp\/v2\/types\/product"}],"replies":[{"embeddable":true,"href":"https:\/\/caliweedeurope.com\/cs\/wp-json\/wp\/v2\/comments?post=1191"}],"wp:featuredmedia":[{"embeddable":true,"href":"https:\/\/caliweedeurope.com\/cs\/wp-json\/wp\/v2\/media\/1221"}],"wp:attachment":[{"href":"https:\/\/caliweedeurope.com\/cs\/wp-json\/wp\/v2\/media?parent=1191"}],"wp:term":[{"taxonomy":"product_brand","embeddable":true,"href":"https:\/\/caliweedeurope.com\/cs\/wp-json\/wp\/v2\/product_brand?post=1191"},{"taxonomy":"product_cat","embeddable":true,"href":"https:\/\/caliweedeurope.com\/cs\/wp-json\/wp\/v2\/product_cat?post=1191"},{"taxonomy":"product_tag","embeddable":true,"href":"https:\/\/caliweedeurope.com\/cs\/wp-json\/wp\/v2\/product_tag?post=1191"}],"curies":[{"name":"wp","href":"https:\/\/api.w.org\/{rel}","templated":true}]}}