{"id":1198,"date":"2024-11-03T21:31:25","date_gmt":"2024-11-03T21:31:25","guid":{"rendered":"https:\/\/caliweedeurope.com\/?post_type=product&#038;p=1198"},"modified":"2024-11-06T02:59:58","modified_gmt":"2024-11-06T02:59:58","slug":"moon-rock-ice","status":"publish","type":"product","link":"https:\/\/caliweedeurope.com\/cs\/product\/moon-rock-ice\/","title":{"rendered":"moon rock ice"},"content":{"rendered":"<h2>Co jsou Moonrocks?<\/h2>\n<p>Moonrocks jsou jedine\u010dn\u00e1 a siln\u00e1 forma konop\u00ed, kter\u00e1 kombinuje vysoce kvalitn\u00ed kv\u011bty, koncentr\u00e1ty a kief. Tyto produkty konop\u00ed jsou zn\u00e1m\u00e9 vysok\u00fdm obsahem THC, co\u017e je \u010din\u00ed obl\u00edben\u00fdmi mezi nad\u0161enci hledaj\u00edc\u00edmi siln\u00fd z\u00e1\u017eitek.<\/p>\n<h2>Kde koupit Moonrocks online<\/h2>\n<p>Pokud hled\u00e1te, kde koupit Moonrocks online, jste na spr\u00e1vn\u00e9m m\u00edst\u011b. N\u00e1\u0161 obchod s cannabisov\u00fdmi Moonrocks nab\u00edz\u00ed \u0161irok\u00fd v\u00fdb\u011br pr\u00e9miov\u00fdch Moonrock kmen\u016f, kter\u00e9 vyhovuj\u00ed r\u016fzn\u00fdm preferenc\u00edm. S konkurenceschopn\u00fdmi cenami Moonrocks online se m\u016f\u017eete rozmazlovat, ani\u017e byste zruinovali rozpo\u010det.<\/p>\n<h2>U\u017eijte si pohodlnou slu\u017ebu doru\u010den\u00ed Moonrock<\/h2>\n<p>Objedn\u00e1v\u00e1n\u00ed Moonrock marihuany nebylo nikdy jednodu\u0161\u0161\u00ed. N\u00e1\u0161 efektivn\u00ed Moonrock doru\u010dovac\u00ed slu\u017eba zajist\u00ed, \u017ee obdr\u017e\u00edte sv\u00e9 kvalitn\u00ed Moonrocky rychle. Za\u017eijte nejlep\u0161\u00ed Moonrock marihuanu je\u0161t\u011b dnes a zvy\u0161te svou cestu kanabisu na\u0161imi siln\u00fdmi mo\u017enostmi! Objedn\u00e1v\u00e1n\u00ed Moon Rock Ice nebylo nikdy jednodu\u0161\u0161\u00ed. Na\u0161e spolehliv\u00e1 doru\u010dovac\u00ed slu\u017eba zaru\u010duje v\u010dasn\u00e9 doru\u010den\u00ed va\u0161eho pr\u00e9miov\u00e9ho Moon Rock Ice. Objevte nyn\u00ed kone\u010dn\u00fd Moon Rock z\u00e1\u017eitek a zlep\u0161ete svou cestu kanabisu na\u0161\u00ed silnou nab\u00eddkou!<\/p>","protected":false},"excerpt":{"rendered":"<p>Kupte si Ice Moon Rock, Iced Moon Rock na prodej, kupte si Kush online<\/p>\n<p>Dr. Zodiak\u2019s Moonrock Ice (Nov\u00e9!) 99% THCa (1 gram \u2013 Pr\u00e9miov\u00fd)<br \/>\nKupte si Ice MoonRocks online, Iced Moon Rock na prodej, kupte si Kush online, l\u00e9k\u00e1rny prod\u00e1vaj\u00edc\u00ed Moon Rocks. Dr. Zodiak p\u0159edstavuje Moonrock ICE \u2013 Krystalick\u00fd \u2013 Bud \u2013 \u010cir\u00fd \u2013 99 % THC-A<\/p>\n<p>THCa krystal byl vyvinut jako prost\u0159edek pro dod\u00e1v\u00e1n\u00ed velk\u00fdch, m\u011b\u0159iteln\u00fdch d\u00e1vek THCa a je zn\u00e1m jako nej\u010dist\u0161\u00ed izol\u00e1t na trhu s testy na 99-100 %.<\/p>\n<p>Toto \u010dist\u00e9 THCa se p\u0159i vapov\u00e1n\u00ed p\u0159em\u011bn\u00ed na THC a vytv\u00e1\u0159\u00ed jasn\u00fd a vysoce cerebr\u00e1ln\u00ed efekt, nebo z\u016fst\u00e1v\u00e1 nepsychoaktivn\u00ed p\u0159i po\u017eit\u00ed. Kupte si Ice MoonRock<\/p>\n<p>Kupte si Ice Moon Rock, Iced Moon Rock na prodej, kupte si Kush online<\/p>","protected":false},"featured_media":1225,"comment_status":"closed","ping_status":"closed","template":"","meta":{"_uag_custom_page_level_css":"","site-sidebar-layout":"default","site-content-layout":"","ast-site-content-layout":"default","site-content-style":"default","site-sidebar-style":"default","ast-global-header-display":"","ast-banner-title-visibility":"","ast-main-header-display":"","ast-hfb-above-header-display":"","ast-hfb-below-header-display":"","ast-hfb-mobile-header-display":"","site-post-title":"","ast-breadcrumbs-content":"","ast-featured-img":"","footer-sml-layout":"","theme-transparent-header-meta":"default","adv-header-id-meta":"","stick-header-meta":"","header-above-stick-meta":"","header-main-stick-meta":"","header-below-stick-meta":"","astra-migrate-meta-layouts":"set","ast-page-background-enabled":"default","ast-page-background-meta":{"desktop":{"background-color":"var(--ast-global-color-4)","background-image":"","background-repeat":"repeat","background-position":"center center","background-size":"auto","background-attachment":"scroll","background-type":"","background-media":"","overlay-type":"","overlay-color":"","overlay-opacity":"","overlay-gradient":""},"tablet":{"background-color":"","background-image":"","background-repeat":"repeat","background-position":"center center","background-size":"auto","background-attachment":"scroll","background-type":"","background-media":"","overlay-type":"","overlay-color":"","overlay-opacity":"","overlay-gradient":""},"mobile":{"background-color":"","background-image":"","background-repeat":"repeat","background-position":"center center","background-size":"auto","background-attachment":"scroll","background-type":"","background-media":"","overlay-type":"","overlay-color":"","overlay-opacity":"","overlay-gradient":""}},"ast-content-background-meta":{"desktop":{"background-color":"var(--ast-global-color-5)","background-image":"","background-repeat":"repeat","background-position":"center center","background-size":"auto","background-attachment":"scroll","background-type":"","background-media":"","overlay-type":"","overlay-color":"","overlay-opacity":"","overlay-gradient":""},"tablet":{"background-color":"var(--ast-global-color-5)","background-image":"","background-repeat":"repeat","background-position":"center center","background-size":"auto","background-attachment":"scroll","background-type":"","background-media":"","overlay-type":"","overlay-color":"","overlay-opacity":"","overlay-gradient":""},"mobile":{"background-color":"var(--ast-global-color-5)","background-image":"","background-repeat":"repeat","background-position":"center center","background-size":"auto","background-attachment":"scroll","background-type":"","background-media":"","overlay-type":"","overlay-color":"","overlay-opacity":"","overlay-gradient":""}}},"product_brand":[],"product_cat":[748],"product_tag":[54,55,56,57,58],"class_list":{"0":"post-1198","1":"product","2":"type-product","3":"status-publish","4":"has-post-thumbnail","6":"product_cat-weed-moonrock","7":"product_tag-dr-zodiak-dispensary-reviews","8":"product_tag-dr-zodiak-moonrock-near-me","9":"product_tag-ice-capz-moon-rocks","10":"product_tag-moonrock-ice-for-sale","11":"product_tag-moonrock-ice-near-me","12":"desktop-align-center","13":"tablet-align-left","14":"mobile-align-left","16":"first","17":"instock","18":"shipping-taxable","19":"purchasable","20":"product-type-variable"},"uagb_featured_image_src":{"full":["https:\/\/caliweedeurope.com\/wp-content\/uploads\/2024\/11\/ice-moonrock.jpg",750,750,false],"thumbnail":["https:\/\/caliweedeurope.com\/wp-content\/uploads\/2024\/11\/ice-moonrock-150x150.jpg",150,150,true],"medium":["https:\/\/caliweedeurope.com\/wp-content\/uploads\/2024\/11\/ice-moonrock-300x300.jpg",300,300,true],"medium_large":["https:\/\/caliweedeurope.com\/wp-content\/uploads\/2024\/11\/ice-moonrock.jpg",750,750,false],"large":["https:\/\/caliweedeurope.com\/wp-content\/uploads\/2024\/11\/ice-moonrock.jpg",750,750,false],"1536x1536":["https:\/\/caliweedeurope.com\/wp-content\/uploads\/2024\/11\/ice-moonrock.jpg",750,750,false],"2048x2048":["https:\/\/caliweedeurope.com\/wp-content\/uploads\/2024\/11\/ice-moonrock.jpg",750,750,false],"trp-custom-language-flag":["https:\/\/caliweedeurope.com\/wp-content\/uploads\/2024\/11\/ice-moonrock.jpg",12,12,false],"woocommerce_thumbnail":["https:\/\/caliweedeurope.com\/wp-content\/uploads\/2024\/11\/ice-moonrock-300x300.jpg",300,300,true],"woocommerce_single":["https:\/\/caliweedeurope.com\/wp-content\/uploads\/2024\/11\/ice-moonrock-600x600.jpg",600,600,true],"woocommerce_gallery_thumbnail":["https:\/\/caliweedeurope.com\/wp-content\/uploads\/2024\/11\/ice-moonrock-100x100.jpg",100,100,true]},"uagb_author_info":{"display_name":"jetskiforsaleuk@gmail.com","author_link":"https:\/\/caliweedeurope.com\/cs\/author\/"},"uagb_comment_info":0,"uagb_excerpt":"buy Ice Moon Rock iced Moon rock for sale Buy Kush online Dr. Zodiak\u2019s Moonrock Ice (New!) 99% THCa (1 Gram \u2013 Premium) buy Ice MoonRocks online iced Moon rock for sale Buy Kush online dispensaries that sell moon rocks Dr. Zodiak Presents Moonrock ICE \u2013 Crystalline -Bud \u2013 Clear \u2013 99% THC-A THCa Crystalline&hellip;","_links":{"self":[{"href":"https:\/\/caliweedeurope.com\/cs\/wp-json\/wp\/v2\/product\/1198"}],"collection":[{"href":"https:\/\/caliweedeurope.com\/cs\/wp-json\/wp\/v2\/product"}],"about":[{"href":"https:\/\/caliweedeurope.com\/cs\/wp-json\/wp\/v2\/types\/product"}],"replies":[{"embeddable":true,"href":"https:\/\/caliweedeurope.com\/cs\/wp-json\/wp\/v2\/comments?post=1198"}],"wp:featuredmedia":[{"embeddable":true,"href":"https:\/\/caliweedeurope.com\/cs\/wp-json\/wp\/v2\/media\/1225"}],"wp:attachment":[{"href":"https:\/\/caliweedeurope.com\/cs\/wp-json\/wp\/v2\/media?parent=1198"}],"wp:term":[{"taxonomy":"product_brand","embeddable":true,"href":"https:\/\/caliweedeurope.com\/cs\/wp-json\/wp\/v2\/product_brand?post=1198"},{"taxonomy":"product_cat","embeddable":true,"href":"https:\/\/caliweedeurope.com\/cs\/wp-json\/wp\/v2\/product_cat?post=1198"},{"taxonomy":"product_tag","embeddable":true,"href":"https:\/\/caliweedeurope.com\/cs\/wp-json\/wp\/v2\/product_tag?post=1198"}],"curies":[{"name":"wp","href":"https:\/\/api.w.org\/{rel}","templated":true}]}}