{"id":1202,"date":"2024-11-03T21:31:25","date_gmt":"2024-11-03T21:31:25","guid":{"rendered":"https:\/\/caliweedeurope.com\/?post_type=product&#038;p=1202"},"modified":"2024-11-06T03:59:16","modified_gmt":"2024-11-06T03:59:16","slug":"backpack-boyz","status":"publish","type":"product","link":"https:\/\/caliweedeurope.com\/cs\/product\/backpack-boyz\/","title":{"rendered":"backpack boyz"},"content":{"rendered":"<h2>V\u00e1\u0161 d\u016fv\u011bryhodn\u00fd zdroj pro produkty Backpack Boyz<\/h2>\n<p>V na\u0161\u00ed v\u00fddejn\u011b jsme hrd\u00ed na to, \u017ee nab\u00edz\u00edme \u0161pi\u010dkov\u00e9 produkty od Backpack Boyz. Ti jsou zn\u00e1m\u00ed svou oddanost\u00ed kvalit\u011b a p\u0159in\u00e1\u0161ej\u00ed v\u00fdjime\u010dn\u00e9 mo\u017enosti konop\u00ed, kter\u00e9 ocen\u00ed ka\u017ed\u00fd nad\u0161enec. A\u0165 u\u017e jste v oblasti konop\u00ed nov\u00e1\u010dkem, nebo zku\u0161en\u00fdm u\u017eivatelem, nab\u00edz\u00edme \u0161irok\u00fd v\u00fdb\u011br pro v\u0161echny preference.<\/p>\n<h2>Kvalita, na kterou se m\u016f\u017eete spolehnout<\/h2>\n<p>Backpack Boyz si vybudoval pov\u011bst d\u016fv\u011bryhodn\u00e9 zna\u010dky v cannabisov\u00e9 komunit\u011b. V\u00fdb\u011brem pr\u00e9miov\u00fdch odr\u016fd marihuany zaji\u0161\u0165uj\u00ed, \u017ee ka\u017ed\u00fd produkt spl\u0148uje vysok\u00e9 standardy. Na\u0161e v\u00fddejna nab\u00edz\u00ed v\u00fdhradn\u011b produkty Backpack Boyz, co\u017e usnad\u0148uje p\u0159\u00edstup k spolehliv\u00e9mu konop\u00ed.<\/p>\n<h2>Za\u017eijte rozd\u00edl<\/h2>\n<p>N\u00e1v\u0161t\u011bva na\u0161eho Backpack Boyz dispens\u00e1\u0159e je v\u00edc ne\u017e jen n\u00e1kup; je to p\u0159\u00edle\u017eitost za\u017e\u00edt kvalitu jako nikdy p\u0159edt\u00edm. P\u0159ipojte se k n\u00e1m a prozkoumejte nejlep\u0161\u00ed mo\u017enosti konop\u00ed od Backpack Boyz, kter\u00e9 rezonuj\u00ed s va\u0161\u00edm \u017eivotn\u00edm stylem. Zvy\u0161te svou zku\u0161enost s konop\u00edm je\u0161t\u011b dnes!<\/p>","protected":false},"excerpt":{"rendered":"<h3>Kde koupit Backpack Boyz marihuanu online<\/h3>\n<p>M\u016f\u017eete si dnes koupit Backpack Boyz marihuanu online levn\u011b s rychl\u00fdm doru\u010den\u00edm, doprava kamkoli. Nejlep\u0161\u00ed m\u00edsto pro n\u00e1kup Backpack Boyz konop\u00ed, Backpack Boyz s\u00e1\u010dky na tr\u00e1vu, oble\u010den\u00ed Backpack Boyz, cena Backpack Boyz, webov\u00e1 str\u00e1nka Backpack Boyz, koupit Backpack Boyz v UK.<\/p>\n<p>&nbsp;<\/p>","protected":false},"featured_media":1227,"comment_status":"closed","ping_status":"closed","template":"","meta":{"_uag_custom_page_level_css":"","site-sidebar-layout":"default","site-content-layout":"","ast-site-content-layout":"default","site-content-style":"default","site-sidebar-style":"default","ast-global-header-display":"","ast-banner-title-visibility":"","ast-main-header-display":"","ast-hfb-above-header-display":"","ast-hfb-below-header-display":"","ast-hfb-mobile-header-display":"","site-post-title":"","ast-breadcrumbs-content":"","ast-featured-img":"","footer-sml-layout":"","ast-disable-related-posts":"","theme-transparent-header-meta":"default","adv-header-id-meta":"","stick-header-meta":"","header-above-stick-meta":"","header-main-stick-meta":"","header-below-stick-meta":"","astra-migrate-meta-layouts":"set","ast-page-background-enabled":"default","ast-page-background-meta":{"desktop":{"background-color":"var(--ast-global-color-5)","background-image":"","background-repeat":"repeat","background-position":"center center","background-size":"auto","background-attachment":"scroll","background-type":"","background-media":"","overlay-type":"","overlay-color":"","overlay-opacity":"","overlay-gradient":""},"tablet":{"background-color":"","background-image":"","background-repeat":"repeat","background-position":"center center","background-size":"auto","background-attachment":"scroll","background-type":"","background-media":"","overlay-type":"","overlay-color":"","overlay-opacity":"","overlay-gradient":""},"mobile":{"background-color":"","background-image":"","background-repeat":"repeat","background-position":"center center","background-size":"auto","background-attachment":"scroll","background-type":"","background-media":"","overlay-type":"","overlay-color":"","overlay-opacity":"","overlay-gradient":""}},"ast-content-background-meta":{"desktop":{"background-color":"var(--ast-global-color-4)","background-image":"","background-repeat":"repeat","background-position":"center center","background-size":"auto","background-attachment":"scroll","background-type":"","background-media":"","overlay-type":"","overlay-color":"","overlay-opacity":"","overlay-gradient":""},"tablet":{"background-color":"var(--ast-global-color-4)","background-image":"","background-repeat":"repeat","background-position":"center center","background-size":"auto","background-attachment":"scroll","background-type":"","background-media":"","overlay-type":"","overlay-color":"","overlay-opacity":"","overlay-gradient":""},"mobile":{"background-color":"var(--ast-global-color-4)","background-image":"","background-repeat":"repeat","background-position":"center center","background-size":"auto","background-attachment":"scroll","background-type":"","background-media":"","overlay-type":"","overlay-color":"","overlay-opacity":"","overlay-gradient":""}}},"product_brand":[],"product_cat":[60],"product_tag":[61,62,63,64,65,66,67,69,70,71,72,75,76],"class_list":{"0":"post-1202","1":"product","2":"type-product","3":"status-publish","4":"has-post-thumbnail","6":"product_cat-buy-runtz-online","7":"product_tag-backpack-boyz-dispensary","8":"product_tag-backpack-boyz-marijuana","9":"product_tag-backpack-boyz-marijuana-for-sale","10":"product_tag-backpack-boyz-weed","11":"product_tag-backpack-boyz-weed-bags","12":"product_tag-backpack-boyz-weed-for-sale-online","13":"product_tag-backpack-boyz-weed-online","14":"product_tag-backpackboyz-clothing","15":"product_tag-backpackboyz-price","16":"product_tag-backpackboyz-website","17":"product_tag-buy-backpack-boyz-weed","18":"product_tag-order-backpack-boyz-weed","19":"product_tag-where-to-buy-backpack-boyz-weed","20":"desktop-align-center","21":"tablet-align-left","22":"mobile-align-left","24":"first","25":"instock","26":"shipping-taxable","27":"purchasable","28":"product-type-variable"},"uagb_featured_image_src":{"full":["https:\/\/caliweedeurope.com\/wp-content\/uploads\/2024\/11\/PNB.jpeg",828,841,false],"thumbnail":["https:\/\/caliweedeurope.com\/wp-content\/uploads\/2024\/11\/PNB-150x150.jpeg",150,150,true],"medium":["https:\/\/caliweedeurope.com\/wp-content\/uploads\/2024\/11\/PNB-295x300.jpeg",295,300,true],"medium_large":["https:\/\/caliweedeurope.com\/wp-content\/uploads\/2024\/11\/PNB-768x780.jpeg",768,780,true],"large":["https:\/\/caliweedeurope.com\/wp-content\/uploads\/2024\/11\/PNB.jpeg",828,841,false],"1536x1536":["https:\/\/caliweedeurope.com\/wp-content\/uploads\/2024\/11\/PNB.jpeg",828,841,false],"2048x2048":["https:\/\/caliweedeurope.com\/wp-content\/uploads\/2024\/11\/PNB.jpeg",828,841,false],"trp-custom-language-flag":["https:\/\/caliweedeurope.com\/wp-content\/uploads\/2024\/11\/PNB.jpeg",12,12,false],"woocommerce_thumbnail":["https:\/\/caliweedeurope.com\/wp-content\/uploads\/2024\/11\/PNB-300x300.jpeg",300,300,true],"woocommerce_single":["https:\/\/caliweedeurope.com\/wp-content\/uploads\/2024\/11\/PNB-600x609.jpeg",600,609,true],"woocommerce_gallery_thumbnail":["https:\/\/caliweedeurope.com\/wp-content\/uploads\/2024\/11\/PNB-100x100.jpeg",100,100,true]},"uagb_author_info":{"display_name":"jetskiforsaleuk@gmail.com","author_link":"https:\/\/caliweedeurope.com\/cs\/author\/"},"uagb_comment_info":0,"uagb_excerpt":"Where to buy Backpack boyz weed for sale online You can buy backpack boyz weed for sale online today cheap with fast delivery, shipping anywhere. Best place to buy backpack boyz cannabis, backpack boyz weed bags, backpackboyz clothing, backpackboyz price, backpackboyz website, buy backpack buys Uk , &nbsp;","_links":{"self":[{"href":"https:\/\/caliweedeurope.com\/cs\/wp-json\/wp\/v2\/product\/1202"}],"collection":[{"href":"https:\/\/caliweedeurope.com\/cs\/wp-json\/wp\/v2\/product"}],"about":[{"href":"https:\/\/caliweedeurope.com\/cs\/wp-json\/wp\/v2\/types\/product"}],"replies":[{"embeddable":true,"href":"https:\/\/caliweedeurope.com\/cs\/wp-json\/wp\/v2\/comments?post=1202"}],"wp:featuredmedia":[{"embeddable":true,"href":"https:\/\/caliweedeurope.com\/cs\/wp-json\/wp\/v2\/media\/1227"}],"wp:attachment":[{"href":"https:\/\/caliweedeurope.com\/cs\/wp-json\/wp\/v2\/media?parent=1202"}],"wp:term":[{"taxonomy":"product_brand","embeddable":true,"href":"https:\/\/caliweedeurope.com\/cs\/wp-json\/wp\/v2\/product_brand?post=1202"},{"taxonomy":"product_cat","embeddable":true,"href":"https:\/\/caliweedeurope.com\/cs\/wp-json\/wp\/v2\/product_cat?post=1202"},{"taxonomy":"product_tag","embeddable":true,"href":"https:\/\/caliweedeurope.com\/cs\/wp-json\/wp\/v2\/product_tag?post=1202"}],"curies":[{"name":"wp","href":"https:\/\/api.w.org\/{rel}","templated":true}]}}