{"id":1207,"date":"2024-11-03T21:31:25","date_gmt":"2024-11-03T21:31:25","guid":{"rendered":"https:\/\/caliweedeurope.com\/?post_type=product&#038;p=1207"},"modified":"2024-11-03T21:31:44","modified_gmt":"2024-11-03T21:31:44","slug":"moroccan-hash","status":"publish","type":"product","link":"https:\/\/caliweedeurope.com\/cs\/product\/moroccan-hash\/","title":{"rendered":"moroccan hash"},"content":{"rendered":"<p> Marock\u00fd ha\u0161i\u0161 m\u016f\u017eete koupit online. Marock\u00fd ha\u0161i\u0161 je extrahovan\u00fd cannabisov\u00fd produkt. Skl\u00e1d\u00e1 se z komprimovan\u00fdch nebo vy\u010di\u0161t\u011bn\u00fdch p\u0159\u00edpravk\u016f z prysky\u0159i\u010dn\u00fdch \u017el\u00e1z stonk\u016f. Marock\u00fd Primero ha\u0161i\u0161 je sv\u011btle hn\u011bd\u00fd a\u017e tmav\u011b hn\u011bd\u00fd, ale n\u011bkdy m\u016f\u017eete vid\u011bt zelen\u00fd n\u00e1dech uvnit\u0159. Kv\u016fli relativn\u011b kr\u00e1tk\u00e9mu r\u016fstov\u00e9mu obdob\u00ed marihuany si rostliny uchov\u00e1vaj\u00ed dobrou zelenou barvu p\u0159i sklizni. Leg\u00e1ln\u00ed marock\u00fd Slate ha\u0161i\u0161 na prodej online. To produkuje p\u0159ibli\u017en\u011b 15 000 tun ha\u0161i\u0161e, kter\u00e9 jsou exportov\u00e1ny do Evropy (zejm\u00e9na do \u0160pan\u011blska, Francie, Belgie, Nizozemska, N\u011bmecka, \u0160v\u00fdcarska a It\u00e1lie). Barva: Zelenkav\u00e1 a\u017e hn\u011bd\u00e1. Kupte marock\u00fd ha\u0161i\u0161, kupte marock\u00fd ha\u0161i\u0161, kupte marock\u00fd ha\u0161i\u0161 online USA, kupte marock\u00fd ha\u0161i\u0161 online UK, marock\u00fd ha\u0161i\u0161 pobl\u00ed\u017e m\u011b, kde koupit marock\u00fd ha\u0161i\u0161 pobl\u00ed\u017e m\u011b, objednejte ha\u0161i\u0161 online USA nebo objednejte ha\u0161i\u0161 online UK.<\/p>","protected":false},"excerpt":{"rendered":"<p>Kupte marock\u00fd ha\u0161i\u0161 online ve Velk\u00e9 Brit\u00e1nii, extrahovan\u00fd produkt slo\u017een\u00fd z komprimovan\u00fdch nebo vy\u010di\u0161t\u011bn\u00fdch p\u0159\u00edpravk\u016f z prysky\u0159i\u010dn\u00fdch \u017el\u00e1z stonk\u016f, naz\u00fdvan\u00fdch trichomy, z rostliny konop\u00ed.<br \/> Obsahuje v\u0161ak stejn\u00e9 aktivn\u00ed slo\u017eky jako marihuana, jako je tetrahydrokanabinol (THC). Obsahuje tak\u00e9 kanabinoidy, ale \u010dasto v vy\u0161\u0161\u00edch koncentrac\u00edch ne\u017e nesifrovan\u00e9 kv\u011bty.<br \/> Ha\u0161i\u0161 \u2013 pevn\u00fd nebo prysky\u0159i\u010dn\u00fd v z\u00e1vislosti na p\u0159\u00edprav\u011b, obvykle pevn\u00fd pro lisovan\u00fd ha\u0161i\u0161. Zat\u00edmco vodou \u010di\u0161t\u011bn\u00fd ha\u0161i\u0161 \u2013 \u010dasto naz\u00fdvan\u00fd \u201ebubble melt hash\u201c \u2013 je pasta podobn\u00e1 l\u00e1tce s prom\u011bnlivou tvrdost\u00ed a ohebnost\u00ed; jeho barva, nej\u010dast\u011bji od sv\u011btle hn\u011bd\u00e9 po tmav\u011b hn\u011bdou, m\u016f\u017ee variovat od pr\u016fhledn\u00e9 a\u017e po \u017elutou, hn\u011bdou, \u010dernou nebo \u010dervenou. To v\u0161e z\u00e1vis\u00ed na procesu a mno\u017estv\u00ed zbyl\u00e9ho rozpou\u0161t\u011bdla. Kontaktujte n\u00e1s<\/p>","protected":false},"featured_media":1229,"comment_status":"closed","ping_status":"closed","template":"","meta":{"_uag_custom_page_level_css":"","site-sidebar-layout":"default","site-content-layout":"","ast-site-content-layout":"","site-content-style":"default","site-sidebar-style":"default","ast-global-header-display":"","ast-banner-title-visibility":"","ast-main-header-display":"","ast-hfb-above-header-display":"","ast-hfb-below-header-display":"","ast-hfb-mobile-header-display":"","site-post-title":"","ast-breadcrumbs-content":"","ast-featured-img":"","footer-sml-layout":"","theme-transparent-header-meta":"","adv-header-id-meta":"","stick-header-meta":"","header-above-stick-meta":"","header-main-stick-meta":"","header-below-stick-meta":"","astra-migrate-meta-layouts":"default","ast-page-background-enabled":"default","ast-page-background-meta":{"desktop":{"background-color":"var(--ast-global-color-4)","background-image":"","background-repeat":"repeat","background-position":"center center","background-size":"auto","background-attachment":"scroll","background-type":"","background-media":"","overlay-type":"","overlay-color":"","overlay-opacity":"","overlay-gradient":""},"tablet":{"background-color":"","background-image":"","background-repeat":"repeat","background-position":"center center","background-size":"auto","background-attachment":"scroll","background-type":"","background-media":"","overlay-type":"","overlay-color":"","overlay-opacity":"","overlay-gradient":""},"mobile":{"background-color":"","background-image":"","background-repeat":"repeat","background-position":"center center","background-size":"auto","background-attachment":"scroll","background-type":"","background-media":"","overlay-type":"","overlay-color":"","overlay-opacity":"","overlay-gradient":""}},"ast-content-background-meta":{"desktop":{"background-color":"var(--ast-global-color-5)","background-image":"","background-repeat":"repeat","background-position":"center center","background-size":"auto","background-attachment":"scroll","background-type":"","background-media":"","overlay-type":"","overlay-color":"","overlay-opacity":"","overlay-gradient":""},"tablet":{"background-color":"var(--ast-global-color-5)","background-image":"","background-repeat":"repeat","background-position":"center center","background-size":"auto","background-attachment":"scroll","background-type":"","background-media":"","overlay-type":"","overlay-color":"","overlay-opacity":"","overlay-gradient":""},"mobile":{"background-color":"var(--ast-global-color-5)","background-image":"","background-repeat":"repeat","background-position":"center center","background-size":"auto","background-attachment":"scroll","background-type":"","background-media":"","overlay-type":"","overlay-color":"","overlay-opacity":"","overlay-gradient":""}}},"product_brand":[],"product_cat":[77],"product_tag":[78,79,80,81,82,83],"class_list":{"0":"post-1207","1":"product","2":"type-product","3":"status-publish","4":"has-post-thumbnail","6":"product_cat-buy-hash-online","7":"product_tag-buy-moroccan-hash","8":"product_tag-buy-moroccan-hash-online-usa","9":"product_tag-moroccan-hash-for-sale","10":"product_tag-moroccan-hash-near-me","11":"product_tag-order-hash-online-usa","12":"product_tag-where-to-buy-hash","13":"desktop-align-center","14":"tablet-align-left","15":"mobile-align-left","17":"first","18":"instock","19":"shipping-taxable","20":"purchasable","21":"product-type-variable"},"uagb_featured_image_src":{"full":["https:\/\/caliweedeurope.com\/wp-content\/uploads\/2024\/11\/Diamond-Moroccan-Hash-600x600-1.jpg",600,600,false],"thumbnail":["https:\/\/caliweedeurope.com\/wp-content\/uploads\/2024\/11\/Diamond-Moroccan-Hash-600x600-1-150x150.jpg",150,150,true],"medium":["https:\/\/caliweedeurope.com\/wp-content\/uploads\/2024\/11\/Diamond-Moroccan-Hash-600x600-1-300x300.jpg",300,300,true],"medium_large":["https:\/\/caliweedeurope.com\/wp-content\/uploads\/2024\/11\/Diamond-Moroccan-Hash-600x600-1.jpg",600,600,false],"large":["https:\/\/caliweedeurope.com\/wp-content\/uploads\/2024\/11\/Diamond-Moroccan-Hash-600x600-1.jpg",600,600,false],"1536x1536":["https:\/\/caliweedeurope.com\/wp-content\/uploads\/2024\/11\/Diamond-Moroccan-Hash-600x600-1.jpg",600,600,false],"2048x2048":["https:\/\/caliweedeurope.com\/wp-content\/uploads\/2024\/11\/Diamond-Moroccan-Hash-600x600-1.jpg",600,600,false],"trp-custom-language-flag":["https:\/\/caliweedeurope.com\/wp-content\/uploads\/2024\/11\/Diamond-Moroccan-Hash-600x600-1.jpg",12,12,false],"woocommerce_thumbnail":["https:\/\/caliweedeurope.com\/wp-content\/uploads\/2024\/11\/Diamond-Moroccan-Hash-600x600-1-300x300.jpg",300,300,true],"woocommerce_single":["https:\/\/caliweedeurope.com\/wp-content\/uploads\/2024\/11\/Diamond-Moroccan-Hash-600x600-1.jpg",600,600,false],"woocommerce_gallery_thumbnail":["https:\/\/caliweedeurope.com\/wp-content\/uploads\/2024\/11\/Diamond-Moroccan-Hash-600x600-1-100x100.jpg",100,100,true]},"uagb_author_info":{"display_name":"jetskiforsaleuk@gmail.com","author_link":"https:\/\/caliweedeurope.com\/cs\/author\/"},"uagb_comment_info":0,"uagb_excerpt":"Buy moroccan hash online uk, An extracted product composed of compressed or purified preparations of stalked resin glands, called trichomes, from the cannabis plant. It, however, contains the same active ingredients as marijuana as tetrahydrocannabinol (THC). Also, contains cannabinoids, but often in higher concentrations than the unsifted buds. Hashish \u2013 solid or resinous depending on&hellip;","_links":{"self":[{"href":"https:\/\/caliweedeurope.com\/cs\/wp-json\/wp\/v2\/product\/1207"}],"collection":[{"href":"https:\/\/caliweedeurope.com\/cs\/wp-json\/wp\/v2\/product"}],"about":[{"href":"https:\/\/caliweedeurope.com\/cs\/wp-json\/wp\/v2\/types\/product"}],"replies":[{"embeddable":true,"href":"https:\/\/caliweedeurope.com\/cs\/wp-json\/wp\/v2\/comments?post=1207"}],"wp:featuredmedia":[{"embeddable":true,"href":"https:\/\/caliweedeurope.com\/cs\/wp-json\/wp\/v2\/media\/1229"}],"wp:attachment":[{"href":"https:\/\/caliweedeurope.com\/cs\/wp-json\/wp\/v2\/media?parent=1207"}],"wp:term":[{"taxonomy":"product_brand","embeddable":true,"href":"https:\/\/caliweedeurope.com\/cs\/wp-json\/wp\/v2\/product_brand?post=1207"},{"taxonomy":"product_cat","embeddable":true,"href":"https:\/\/caliweedeurope.com\/cs\/wp-json\/wp\/v2\/product_cat?post=1207"},{"taxonomy":"product_tag","embeddable":true,"href":"https:\/\/caliweedeurope.com\/cs\/wp-json\/wp\/v2\/product_tag?post=1207"}],"curies":[{"name":"wp","href":"https:\/\/api.w.org\/{rel}","templated":true}]}}