{"id":1213,"date":"2024-11-03T21:31:25","date_gmt":"2024-11-03T21:31:25","guid":{"rendered":"https:\/\/caliweedeurope.com\/?post_type=product&#038;p=1213"},"modified":"2024-11-03T21:31:44","modified_gmt":"2024-11-03T21:31:44","slug":"moonshine-haze","status":"publish","type":"product","link":"https:\/\/caliweedeurope.com\/cs\/product\/moonshine-haze\/","title":{"rendered":"Moonshine Haze"},"content":{"rendered":"<p>Jeho kopinat\u00e9 a \u0161pi\u010dat\u00e9 coly p\u0159ipom\u00ednaj\u00ed Trainwreck, ale jinak se nejv\u00edce podob\u00e1 sladk\u00e9 Amnesia Haze, p\u0159i\u010dem\u017e nese i jemn\u00e9 prvky r\u00e1kosov\u00e9 a m\u00edrn\u011b pi\u017emov\u00e9 Neville\u2019s Haze. Mnoh\u00e9 z fotografi\u00ed n\u00ed\u017ee poch\u00e1zej\u00ed z d\u00e1vky, kterou osobn\u011b vyp\u011bstoval Scott z Rare Dankness Seeds a poch\u00e1z\u00ed ze stejn\u00e9 d\u00e1vky, kter\u00e1 vyhr\u00e1la Cannabis Cup v Amsterdamu.<\/p>","protected":false},"excerpt":{"rendered":"<p>Tento hybrid ohromil sv\u011bt, kdy\u017e v roce 2011 vyhr\u00e1l High Times Cannabis Cup v Amsterdamu za 'Best Seed Company Sativa', pot\u00e9 co byl p\u0159ihl\u00e1\u0161en debutuj\u00edc\u00edm \u00fa\u010dastn\u00edkem Rare Dankness Seeds. Moonshine Haze je klasick\u00e1 f\u00faze n\u011bkter\u00fdch z nejlep\u0161\u00edch Hazes, kter\u00e9 holandsk\u00e1 sc\u00e9na nab\u00edz\u00ed, s trochou kalifornsk\u00e9 genetiky (Trainwreck), kter\u00e1 dod\u00e1v\u00e1 bal\u00ed\u010dku \u0161mrnc. <\/p>","protected":false},"featured_media":1231,"comment_status":"closed","ping_status":"closed","template":"","meta":{"_uag_custom_page_level_css":"","site-sidebar-layout":"default","site-content-layout":"","ast-site-content-layout":"","site-content-style":"default","site-sidebar-style":"default","ast-global-header-display":"","ast-banner-title-visibility":"","ast-main-header-display":"","ast-hfb-above-header-display":"","ast-hfb-below-header-display":"","ast-hfb-mobile-header-display":"","site-post-title":"","ast-breadcrumbs-content":"","ast-featured-img":"","footer-sml-layout":"","theme-transparent-header-meta":"","adv-header-id-meta":"","stick-header-meta":"","header-above-stick-meta":"","header-main-stick-meta":"","header-below-stick-meta":"","astra-migrate-meta-layouts":"default","ast-page-background-enabled":"default","ast-page-background-meta":{"desktop":{"background-color":"var(--ast-global-color-4)","background-image":"","background-repeat":"repeat","background-position":"center center","background-size":"auto","background-attachment":"scroll","background-type":"","background-media":"","overlay-type":"","overlay-color":"","overlay-opacity":"","overlay-gradient":""},"tablet":{"background-color":"","background-image":"","background-repeat":"repeat","background-position":"center center","background-size":"auto","background-attachment":"scroll","background-type":"","background-media":"","overlay-type":"","overlay-color":"","overlay-opacity":"","overlay-gradient":""},"mobile":{"background-color":"","background-image":"","background-repeat":"repeat","background-position":"center center","background-size":"auto","background-attachment":"scroll","background-type":"","background-media":"","overlay-type":"","overlay-color":"","overlay-opacity":"","overlay-gradient":""}},"ast-content-background-meta":{"desktop":{"background-color":"var(--ast-global-color-5)","background-image":"","background-repeat":"repeat","background-position":"center center","background-size":"auto","background-attachment":"scroll","background-type":"","background-media":"","overlay-type":"","overlay-color":"","overlay-opacity":"","overlay-gradient":""},"tablet":{"background-color":"var(--ast-global-color-5)","background-image":"","background-repeat":"repeat","background-position":"center center","background-size":"auto","background-attachment":"scroll","background-type":"","background-media":"","overlay-type":"","overlay-color":"","overlay-opacity":"","overlay-gradient":""},"mobile":{"background-color":"var(--ast-global-color-5)","background-image":"","background-repeat":"repeat","background-position":"center center","background-size":"auto","background-attachment":"scroll","background-type":"","background-media":"","overlay-type":"","overlay-color":"","overlay-opacity":"","overlay-gradient":""}}},"product_brand":[],"product_cat":[59],"product_tag":[84,85,86,87,88],"class_list":{"0":"post-1213","1":"product","2":"type-product","3":"status-publish","4":"has-post-thumbnail","6":"product_cat-cali-tins","7":"product_tag-mimosa-strain","8":"product_tag-mimosa-strain-anxiety","9":"product_tag-mimosa-strain-effects","10":"product_tag-mimosa-strain-seeds","11":"product_tag-mimosa-strain-uk","12":"desktop-align-center","13":"tablet-align-left","14":"mobile-align-left","16":"first","17":"instock","18":"shipping-taxable","19":"purchasable","20":"product-type-variable"},"uagb_featured_image_src":{"full":["https:\/\/caliweedeurope.com\/wp-content\/uploads\/2024\/11\/3ae7417e-142b-4a9b-b23d-a514054c7036.jpg",828,825,false],"thumbnail":["https:\/\/caliweedeurope.com\/wp-content\/uploads\/2024\/11\/3ae7417e-142b-4a9b-b23d-a514054c7036-150x150.jpg",150,150,true],"medium":["https:\/\/caliweedeurope.com\/wp-content\/uploads\/2024\/11\/3ae7417e-142b-4a9b-b23d-a514054c7036-300x300.jpg",300,300,true],"medium_large":["https:\/\/caliweedeurope.com\/wp-content\/uploads\/2024\/11\/3ae7417e-142b-4a9b-b23d-a514054c7036-768x765.jpg",768,765,true],"large":["https:\/\/caliweedeurope.com\/wp-content\/uploads\/2024\/11\/3ae7417e-142b-4a9b-b23d-a514054c7036.jpg",828,825,false],"1536x1536":["https:\/\/caliweedeurope.com\/wp-content\/uploads\/2024\/11\/3ae7417e-142b-4a9b-b23d-a514054c7036.jpg",828,825,false],"2048x2048":["https:\/\/caliweedeurope.com\/wp-content\/uploads\/2024\/11\/3ae7417e-142b-4a9b-b23d-a514054c7036.jpg",828,825,false],"trp-custom-language-flag":["https:\/\/caliweedeurope.com\/wp-content\/uploads\/2024\/11\/3ae7417e-142b-4a9b-b23d-a514054c7036.jpg",12,12,false],"woocommerce_thumbnail":["https:\/\/caliweedeurope.com\/wp-content\/uploads\/2024\/11\/3ae7417e-142b-4a9b-b23d-a514054c7036-300x300.jpg",300,300,true],"woocommerce_single":["https:\/\/caliweedeurope.com\/wp-content\/uploads\/2024\/11\/3ae7417e-142b-4a9b-b23d-a514054c7036-600x598.jpg",600,598,true],"woocommerce_gallery_thumbnail":["https:\/\/caliweedeurope.com\/wp-content\/uploads\/2024\/11\/3ae7417e-142b-4a9b-b23d-a514054c7036-100x100.jpg",100,100,true]},"uagb_author_info":{"display_name":"jetskiforsaleuk@gmail.com","author_link":"https:\/\/caliweedeurope.com\/cs\/author\/"},"uagb_comment_info":0,"uagb_excerpt":"This hybrid stunned the world when it won the 2011 High Times Cannabis Cup in Amsterdam for the &#8220;Best Seed Company Sativa&#8221; after being entered by first-time competitor Rare Dankness Seeds. Moonshine Haze is a classic fusion of some of the best Hazes the Dutch scene has to offer with just a little bit of&hellip;","_links":{"self":[{"href":"https:\/\/caliweedeurope.com\/cs\/wp-json\/wp\/v2\/product\/1213"}],"collection":[{"href":"https:\/\/caliweedeurope.com\/cs\/wp-json\/wp\/v2\/product"}],"about":[{"href":"https:\/\/caliweedeurope.com\/cs\/wp-json\/wp\/v2\/types\/product"}],"replies":[{"embeddable":true,"href":"https:\/\/caliweedeurope.com\/cs\/wp-json\/wp\/v2\/comments?post=1213"}],"wp:featuredmedia":[{"embeddable":true,"href":"https:\/\/caliweedeurope.com\/cs\/wp-json\/wp\/v2\/media\/1231"}],"wp:attachment":[{"href":"https:\/\/caliweedeurope.com\/cs\/wp-json\/wp\/v2\/media?parent=1213"}],"wp:term":[{"taxonomy":"product_brand","embeddable":true,"href":"https:\/\/caliweedeurope.com\/cs\/wp-json\/wp\/v2\/product_brand?post=1213"},{"taxonomy":"product_cat","embeddable":true,"href":"https:\/\/caliweedeurope.com\/cs\/wp-json\/wp\/v2\/product_cat?post=1213"},{"taxonomy":"product_tag","embeddable":true,"href":"https:\/\/caliweedeurope.com\/cs\/wp-json\/wp\/v2\/product_tag?post=1213"}],"curies":[{"name":"wp","href":"https:\/\/api.w.org\/{rel}","templated":true}]}}