{"id":1218,"date":"2024-11-03T21:31:26","date_gmt":"2024-11-03T21:31:26","guid":{"rendered":"https:\/\/caliweedeurope.com\/?post_type=product&#038;p=1218"},"modified":"2024-11-06T04:00:37","modified_gmt":"2024-11-06T04:00:37","slug":"lucky-charms","status":"publish","type":"product","link":"https:\/\/caliweedeurope.com\/cs\/product\/lucky-charms\/","title":{"rendered":"Lucky Charms"},"content":{"rendered":"<p>Kde koupit Lucky Charms Weed online?<br \/>\n\u00da\u010dinek t\u00e9to odr\u016fdy m\u016f\u017ee nastoupit pomalu \u2013 bez po\u010d\u00e1te\u010dn\u00edho n\u00e1razu, kter\u00fd je spojen s mnoha cerebr\u00e1ln\u00edmi sativa odr\u016fdami. Tato indica postupn\u011b p\u0159in\u00e1\u0161\u00ed pocit fyzick\u00e9 relaxace a zm\u011bn\u011bn\u00e9 my\u0161len\u00ed, kter\u00e9 m\u016f\u017ee ku\u0159\u00e1ky p\u0159ekvapit. Tato jemn\u00e1 indica atmosf\u00e9ra je vynikaj\u00edc\u00ed pro odpo\u010dinek a zm\u00edrn\u011bn\u00ed stresu, ale nevede nutn\u011b k naprost\u00e9 nehybnosti na pohovce. Nicm\u00e9n\u011b, p\u0159i vy\u0161\u0161\u00edch d\u00e1vk\u00e1ch je to mo\u017en\u00e9. Fyzick\u00e9 \u00fa\u010dinky Blue Cheese z n\u011bj \u010din\u00ed dobr\u00fd prost\u0159edek pro \u00falevu od drobn\u00fdch bolest\u00ed a tak\u00e9 pomoc p\u0159i nespavosti. Objednejte si Lucky Charms Lucembursko.<\/p>","protected":false},"excerpt":{"rendered":"<ul>\n<li>\u00a0Objednejte si Lucky Charms Lucembursko. N\u00e1zev m\u00e1 v\u00edce spole\u010dn\u00e9ho s jeho rodokmenem ne\u017e s chut\u00ed. Blue Cheese dosahuje sv\u00e9 s\u00edly s pr\u016fm\u011brn\u00fdm obsahem THC kolem 15 % a\u017e 20 %.<\/li>\n<\/ul>","protected":false},"featured_media":1233,"comment_status":"closed","ping_status":"closed","template":"","meta":{"_uag_custom_page_level_css":"","site-sidebar-layout":"default","site-content-layout":"","ast-site-content-layout":"default","site-content-style":"default","site-sidebar-style":"default","ast-global-header-display":"","ast-banner-title-visibility":"","ast-main-header-display":"","ast-hfb-above-header-display":"","ast-hfb-below-header-display":"","ast-hfb-mobile-header-display":"","site-post-title":"","ast-breadcrumbs-content":"","ast-featured-img":"","footer-sml-layout":"","theme-transparent-header-meta":"default","adv-header-id-meta":"","stick-header-meta":"","header-above-stick-meta":"","header-main-stick-meta":"","header-below-stick-meta":"","astra-migrate-meta-layouts":"set","ast-page-background-enabled":"default","ast-page-background-meta":{"desktop":{"background-color":"var(--ast-global-color-4)","background-image":"","background-repeat":"repeat","background-position":"center center","background-size":"auto","background-attachment":"scroll","background-type":"","background-media":"","overlay-type":"","overlay-color":"","overlay-opacity":"","overlay-gradient":""},"tablet":{"background-color":"","background-image":"","background-repeat":"repeat","background-position":"center center","background-size":"auto","background-attachment":"scroll","background-type":"","background-media":"","overlay-type":"","overlay-color":"","overlay-opacity":"","overlay-gradient":""},"mobile":{"background-color":"","background-image":"","background-repeat":"repeat","background-position":"center center","background-size":"auto","background-attachment":"scroll","background-type":"","background-media":"","overlay-type":"","overlay-color":"","overlay-opacity":"","overlay-gradient":""}},"ast-content-background-meta":{"desktop":{"background-color":"var(--ast-global-color-5)","background-image":"","background-repeat":"repeat","background-position":"center center","background-size":"auto","background-attachment":"scroll","background-type":"","background-media":"","overlay-type":"","overlay-color":"","overlay-opacity":"","overlay-gradient":""},"tablet":{"background-color":"var(--ast-global-color-5)","background-image":"","background-repeat":"repeat","background-position":"center center","background-size":"auto","background-attachment":"scroll","background-type":"","background-media":"","overlay-type":"","overlay-color":"","overlay-opacity":"","overlay-gradient":""},"mobile":{"background-color":"var(--ast-global-color-5)","background-image":"","background-repeat":"repeat","background-position":"center center","background-size":"auto","background-attachment":"scroll","background-type":"","background-media":"","overlay-type":"","overlay-color":"","overlay-opacity":"","overlay-gradient":""}}},"product_brand":[],"product_cat":[59],"product_tag":[89,90,91,92,93],"class_list":{"0":"post-1218","1":"product","2":"type-product","3":"status-publish","4":"has-post-thumbnail","6":"product_cat-cali-tins","7":"product_tag-lucky-charms-cereal-uk-asda","8":"product_tag-lucky-charms-marshmallows-uk","9":"product_tag-lucky-charms-sainsburys","10":"product_tag-lucky-charms-uk","11":"product_tag-uk-version-of-lucky-charms","12":"desktop-align-center","13":"tablet-align-left","14":"mobile-align-left","16":"first","17":"instock","18":"shipping-taxable","19":"purchasable","20":"product-type-variable"},"uagb_featured_image_src":{"full":["https:\/\/caliweedeurope.com\/wp-content\/uploads\/2024\/11\/WhatsApp-Image-2019-12-06-at-12.20.19-PM-300x300-1.jpeg",300,300,false],"thumbnail":["https:\/\/caliweedeurope.com\/wp-content\/uploads\/2024\/11\/WhatsApp-Image-2019-12-06-at-12.20.19-PM-300x300-1-150x150.jpeg",150,150,true],"medium":["https:\/\/caliweedeurope.com\/wp-content\/uploads\/2024\/11\/WhatsApp-Image-2019-12-06-at-12.20.19-PM-300x300-1.jpeg",300,300,false],"medium_large":["https:\/\/caliweedeurope.com\/wp-content\/uploads\/2024\/11\/WhatsApp-Image-2019-12-06-at-12.20.19-PM-300x300-1.jpeg",300,300,false],"large":["https:\/\/caliweedeurope.com\/wp-content\/uploads\/2024\/11\/WhatsApp-Image-2019-12-06-at-12.20.19-PM-300x300-1.jpeg",300,300,false],"1536x1536":["https:\/\/caliweedeurope.com\/wp-content\/uploads\/2024\/11\/WhatsApp-Image-2019-12-06-at-12.20.19-PM-300x300-1.jpeg",300,300,false],"2048x2048":["https:\/\/caliweedeurope.com\/wp-content\/uploads\/2024\/11\/WhatsApp-Image-2019-12-06-at-12.20.19-PM-300x300-1.jpeg",300,300,false],"trp-custom-language-flag":["https:\/\/caliweedeurope.com\/wp-content\/uploads\/2024\/11\/WhatsApp-Image-2019-12-06-at-12.20.19-PM-300x300-1.jpeg",12,12,false],"woocommerce_thumbnail":["https:\/\/caliweedeurope.com\/wp-content\/uploads\/2024\/11\/WhatsApp-Image-2019-12-06-at-12.20.19-PM-300x300-1.jpeg",300,300,false],"woocommerce_single":["https:\/\/caliweedeurope.com\/wp-content\/uploads\/2024\/11\/WhatsApp-Image-2019-12-06-at-12.20.19-PM-300x300-1.jpeg",300,300,false],"woocommerce_gallery_thumbnail":["https:\/\/caliweedeurope.com\/wp-content\/uploads\/2024\/11\/WhatsApp-Image-2019-12-06-at-12.20.19-PM-300x300-1-100x100.jpeg",100,100,true]},"uagb_author_info":{"display_name":"jetskiforsaleuk@gmail.com","author_link":"https:\/\/caliweedeurope.com\/cs\/author\/"},"uagb_comment_info":0,"uagb_excerpt":"\u00a0Order Lucky charms Luxenbourg name has more to do with its lineage than taste. Blue Cheese achieves its potency with an average THC composition of about 15% to 20%.","_links":{"self":[{"href":"https:\/\/caliweedeurope.com\/cs\/wp-json\/wp\/v2\/product\/1218"}],"collection":[{"href":"https:\/\/caliweedeurope.com\/cs\/wp-json\/wp\/v2\/product"}],"about":[{"href":"https:\/\/caliweedeurope.com\/cs\/wp-json\/wp\/v2\/types\/product"}],"replies":[{"embeddable":true,"href":"https:\/\/caliweedeurope.com\/cs\/wp-json\/wp\/v2\/comments?post=1218"}],"wp:featuredmedia":[{"embeddable":true,"href":"https:\/\/caliweedeurope.com\/cs\/wp-json\/wp\/v2\/media\/1233"}],"wp:attachment":[{"href":"https:\/\/caliweedeurope.com\/cs\/wp-json\/wp\/v2\/media?parent=1218"}],"wp:term":[{"taxonomy":"product_brand","embeddable":true,"href":"https:\/\/caliweedeurope.com\/cs\/wp-json\/wp\/v2\/product_brand?post=1218"},{"taxonomy":"product_cat","embeddable":true,"href":"https:\/\/caliweedeurope.com\/cs\/wp-json\/wp\/v2\/product_cat?post=1218"},{"taxonomy":"product_tag","embeddable":true,"href":"https:\/\/caliweedeurope.com\/cs\/wp-json\/wp\/v2\/product_tag?post=1218"}],"curies":[{"name":"wp","href":"https:\/\/api.w.org\/{rel}","templated":true}]}}