{"id":1237,"date":"2024-11-03T21:31:45","date_gmt":"2024-11-03T21:31:45","guid":{"rendered":"https:\/\/caliweedeurope.com\/?post_type=product&#038;p=1237"},"modified":"2024-11-03T21:32:06","modified_gmt":"2024-11-03T21:32:06","slug":"smart-buds-dosi-og","status":"publish","type":"product","link":"https:\/\/caliweedeurope.com\/cs\/product\/smart-buds-dosi-og\/","title":{"rendered":"Smart Buds (Dosi Og)"},"content":{"rendered":"<p>Smart Buds plechovky na prodej. Cannabis je bylinn\u00fd l\u00e9k vyr\u00e1b\u011bn\u00fd z rostliny konop\u00ed. Obsahuje chemik\u00e1lie naz\u00fdvan\u00e9 kanabinoidy. Kanabinoidy ovliv\u0148uj\u00ed centr\u00e1ln\u00ed nervov\u00fd syst\u00e9m, kter\u00fd zahrnuje mozek a nervy. Kanabinoidy se nach\u00e1zej\u00ed v nejvy\u0161\u0161\u00edch koncentrac\u00edch v listech a kv\u011btech konop\u00ed. Tyto \u010d\u00e1sti rostliny se pou\u017e\u00edvaj\u00ed k v\u00fdrob\u011b l\u00e9k\u016f. Nezam\u011b\u0148ujte cannabis s konop\u00edm. Konop\u00ed je podobn\u00e1 rostlina, ale p\u011bstuje se pro hrub\u00e9 \u010d\u00e1sti rostliny (vl\u00e1kna) a pro semena. Konop\u00ed obsahuje velmi n\u00edzk\u00e9 hladiny delta-9-tetrahydrocannabinolu (THC), m\u00e9n\u011b ne\u017e 0,3%. Jak konop\u00ed, tak cannabis obsahuj\u00ed tak\u00e9 jin\u00e9 kanabinoidy, kter\u00e9 se n\u011bkdy pou\u017e\u00edvaj\u00ed jako l\u00e9ky. Pro informace o kanabidiolu (CBD), kanabidivarin (CBDV), kanabigerolu (CBG) a tetrahydrocannabivarin (THCV) si prohl\u00e9dn\u011bte konkr\u00e9tn\u00ed t\u00e9mata.<\/p>\n<p>N\u011bkte\u0159\u00ed lid\u00e9 u\u017e\u00edvaj\u00ed extrakt z konop\u00ed \u00fasty nebo jako sprej aplikovan\u00fd pod jazyk k \u00falev\u011b od bolesti a symptom\u016f roztrou\u0161en\u00e9 skler\u00f3zy.<\/p>\n<p>Lid\u00e9 inhaluj\u00ed konop\u00ed na nevolnost, zvracen\u00ed, o\u010dn\u00ed onemocn\u011bn\u00ed naz\u00fdvan\u00e9 glaukom a mnoho dal\u0161\u00edch stav\u016f, ale neexistuj\u00ed \u017e\u00e1dn\u00e9 dobr\u00e9 v\u011bdeck\u00e9 d\u016fkazy, kter\u00e9 by podporovaly tyto pou\u017eit\u00ed.<\/p>\n<p>N\u011bkte\u0159\u00ed lid\u00e9 tak\u00e9 pou\u017e\u00edvaj\u00ed konop\u00ed k tomu, aby se c\u00edtili dob\u0159e. V tomto p\u0159\u00edpad\u011b je pou\u017e\u00edv\u00e1no jako \u201erekrea\u010dn\u00ed droga\u201c a u\u017e\u00edv\u00e1 se bu\u010f \u00fasty, nebo kou\u0159eno (vdechov\u00e1no).<\/p>\n<p>V USA je konop\u00ed nez\u00e1konn\u00e9 podle feder\u00e1ln\u00edho pr\u00e1va. Je klasifikov\u00e1no jako kontrolovan\u00e1 l\u00e1tka t\u0159\u00eddy I. N\u011bkter\u00e9 st\u00e1ty, v\u010detn\u011b Kalifornie, Colorada, Washingtonu, Oregonu, Arizony a dal\u0161\u00edch, v\u0161ak legalizovaly nebo dekriminalizovaly pou\u017e\u00edv\u00e1n\u00ed konop\u00ed. N\u011bkter\u00e9 zem\u011b, jako je Kanada, tak\u00e9 legalizovaly u\u017e\u00edv\u00e1n\u00ed konop\u00ed. Smart Buds plechovky na prodej.<\/p>\n<p class=\"translation-block\">Jak to funguje?<br> Cannabis obsahuje chemik\u00e1lie, kter\u00e9 se v\u00e1\u017eou na specifick\u00e1 m\u00edsta v mozku a na nervech.<\/p>","protected":false},"excerpt":{"rendered":"<p>smart buds tins for sale. Cannabis is an herbal drug that is make from the Cannabis plant. It contains chemicals called cannabinoids. Cannabinoids affect the central nervous system, which includes the brain and nerves. Cannabinoids are found in the highest levels in the leaves and flowers of cannabis. These are the parts of the herb [&hellip;]<\/p>","protected":false},"featured_media":1265,"comment_status":"closed","ping_status":"closed","template":"","meta":{"_uag_custom_page_level_css":"","site-sidebar-layout":"default","site-content-layout":"","ast-site-content-layout":"","site-content-style":"default","site-sidebar-style":"default","ast-global-header-display":"","ast-banner-title-visibility":"","ast-main-header-display":"","ast-hfb-above-header-display":"","ast-hfb-below-header-display":"","ast-hfb-mobile-header-display":"","site-post-title":"","ast-breadcrumbs-content":"","ast-featured-img":"","footer-sml-layout":"","theme-transparent-header-meta":"","adv-header-id-meta":"","stick-header-meta":"","header-above-stick-meta":"","header-main-stick-meta":"","header-below-stick-meta":"","astra-migrate-meta-layouts":"default","ast-page-background-enabled":"default","ast-page-background-meta":{"desktop":{"background-color":"var(--ast-global-color-4)","background-image":"","background-repeat":"repeat","background-position":"center center","background-size":"auto","background-attachment":"scroll","background-type":"","background-media":"","overlay-type":"","overlay-color":"","overlay-opacity":"","overlay-gradient":""},"tablet":{"background-color":"","background-image":"","background-repeat":"repeat","background-position":"center center","background-size":"auto","background-attachment":"scroll","background-type":"","background-media":"","overlay-type":"","overlay-color":"","overlay-opacity":"","overlay-gradient":""},"mobile":{"background-color":"","background-image":"","background-repeat":"repeat","background-position":"center center","background-size":"auto","background-attachment":"scroll","background-type":"","background-media":"","overlay-type":"","overlay-color":"","overlay-opacity":"","overlay-gradient":""}},"ast-content-background-meta":{"desktop":{"background-color":"var(--ast-global-color-5)","background-image":"","background-repeat":"repeat","background-position":"center center","background-size":"auto","background-attachment":"scroll","background-type":"","background-media":"","overlay-type":"","overlay-color":"","overlay-opacity":"","overlay-gradient":""},"tablet":{"background-color":"var(--ast-global-color-5)","background-image":"","background-repeat":"repeat","background-position":"center center","background-size":"auto","background-attachment":"scroll","background-type":"","background-media":"","overlay-type":"","overlay-color":"","overlay-opacity":"","overlay-gradient":""},"mobile":{"background-color":"var(--ast-global-color-5)","background-image":"","background-repeat":"repeat","background-position":"center center","background-size":"auto","background-attachment":"scroll","background-type":"","background-media":"","overlay-type":"","overlay-color":"","overlay-opacity":"","overlay-gradient":""}}},"product_brand":[],"product_cat":[59],"product_tag":[94,95,96,97,98],"class_list":{"0":"post-1237","1":"product","2":"type-product","3":"status-publish","4":"has-post-thumbnail","6":"product_cat-cali-tins","7":"product_tag-dosi-driver-strain","8":"product_tag-jungle-mac-seeds","9":"product_tag-jungle-mac-strain","10":"product_tag-mac-truck-driver-strain","11":"product_tag-truck-driver-strain","12":"desktop-align-center","13":"tablet-align-left","14":"mobile-align-left","16":"first","17":"instock","18":"shipping-taxable","19":"purchasable","20":"product-type-variable"},"uagb_featured_image_src":{"full":["https:\/\/caliweedeurope.com\/wp-content\/uploads\/2024\/11\/ef38ace6-56d9-4a22-aac0-0834a8466900.jpg",750,745,false],"thumbnail":["https:\/\/caliweedeurope.com\/wp-content\/uploads\/2024\/11\/ef38ace6-56d9-4a22-aac0-0834a8466900-150x150.jpg",150,150,true],"medium":["https:\/\/caliweedeurope.com\/wp-content\/uploads\/2024\/11\/ef38ace6-56d9-4a22-aac0-0834a8466900-300x298.jpg",300,298,true],"medium_large":["https:\/\/caliweedeurope.com\/wp-content\/uploads\/2024\/11\/ef38ace6-56d9-4a22-aac0-0834a8466900.jpg",750,745,false],"large":["https:\/\/caliweedeurope.com\/wp-content\/uploads\/2024\/11\/ef38ace6-56d9-4a22-aac0-0834a8466900.jpg",750,745,false],"1536x1536":["https:\/\/caliweedeurope.com\/wp-content\/uploads\/2024\/11\/ef38ace6-56d9-4a22-aac0-0834a8466900.jpg",750,745,false],"2048x2048":["https:\/\/caliweedeurope.com\/wp-content\/uploads\/2024\/11\/ef38ace6-56d9-4a22-aac0-0834a8466900.jpg",750,745,false],"trp-custom-language-flag":["https:\/\/caliweedeurope.com\/wp-content\/uploads\/2024\/11\/ef38ace6-56d9-4a22-aac0-0834a8466900.jpg",12,12,false],"woocommerce_thumbnail":["https:\/\/caliweedeurope.com\/wp-content\/uploads\/2024\/11\/ef38ace6-56d9-4a22-aac0-0834a8466900-300x300.jpg",300,300,true],"woocommerce_single":["https:\/\/caliweedeurope.com\/wp-content\/uploads\/2024\/11\/ef38ace6-56d9-4a22-aac0-0834a8466900-600x596.jpg",600,596,true],"woocommerce_gallery_thumbnail":["https:\/\/caliweedeurope.com\/wp-content\/uploads\/2024\/11\/ef38ace6-56d9-4a22-aac0-0834a8466900-100x100.jpg",100,100,true]},"uagb_author_info":{"display_name":"jetskiforsaleuk@gmail.com","author_link":"https:\/\/caliweedeurope.com\/cs\/author\/"},"uagb_comment_info":0,"uagb_excerpt":"smart buds tins for sale. Cannabis is an herbal drug that is make from the Cannabis plant. It contains chemicals called cannabinoids. Cannabinoids affect the central nervous system, which includes the brain and nerves. Cannabinoids are found in the highest levels in the leaves and flowers of cannabis. These are the parts of the herb&hellip;","_links":{"self":[{"href":"https:\/\/caliweedeurope.com\/cs\/wp-json\/wp\/v2\/product\/1237"}],"collection":[{"href":"https:\/\/caliweedeurope.com\/cs\/wp-json\/wp\/v2\/product"}],"about":[{"href":"https:\/\/caliweedeurope.com\/cs\/wp-json\/wp\/v2\/types\/product"}],"replies":[{"embeddable":true,"href":"https:\/\/caliweedeurope.com\/cs\/wp-json\/wp\/v2\/comments?post=1237"}],"wp:featuredmedia":[{"embeddable":true,"href":"https:\/\/caliweedeurope.com\/cs\/wp-json\/wp\/v2\/media\/1265"}],"wp:attachment":[{"href":"https:\/\/caliweedeurope.com\/cs\/wp-json\/wp\/v2\/media?parent=1237"}],"wp:term":[{"taxonomy":"product_brand","embeddable":true,"href":"https:\/\/caliweedeurope.com\/cs\/wp-json\/wp\/v2\/product_brand?post=1237"},{"taxonomy":"product_cat","embeddable":true,"href":"https:\/\/caliweedeurope.com\/cs\/wp-json\/wp\/v2\/product_cat?post=1237"},{"taxonomy":"product_tag","embeddable":true,"href":"https:\/\/caliweedeurope.com\/cs\/wp-json\/wp\/v2\/product_tag?post=1237"}],"curies":[{"name":"wp","href":"https:\/\/api.w.org\/{rel}","templated":true}]}}