{"id":1247,"date":"2024-11-03T21:31:46","date_gmt":"2024-11-03T21:31:46","guid":{"rendered":"https:\/\/caliweedeurope.com\/?post_type=product&#038;p=1247"},"modified":"2024-11-03T21:32:06","modified_gmt":"2024-11-03T21:32:06","slug":"white-fire-og","status":"publish","type":"product","link":"https:\/\/caliweedeurope.com\/cs\/product\/white-fire-og\/","title":{"rendered":"White fire og"},"content":{"rendered":"<p class=\"translation-block\">White Fire OG je tak\u00e9 zn\u00e1m\u00fd jako WIFI.<br> Je to sm\u011bs Fire OG a The White.<br> The White je zn\u00e1m\u00fd t\u00edm, \u017ee produkuje velmi vysok\u00e9 hladiny THC,<br> Fire OG je zn\u00e1m\u00fd pro svou plnou chu\u0165 a jemn\u00fd kou\u0159.<br> \u00darovn\u011b THC u t\u00e9to odr\u016fdy mohou v rukou dobr\u00e9ho p\u011bstitele p\u0159es\u00e1hnout 27%.<br> Rostlina je pr\u016fm\u011brn\u011b vysok\u00e1 a m\u016f\u017ee b\u00fdt snadno vrchov\u00e1na pro lep\u0161\u00ed ke\u0159ovitou strukturu.<br> Je tak\u00e9 velmi dob\u0159e p\u0159izp\u016fsobena pro SOG i Scrogg.<br> Tento hladk\u00fd kou\u0159\u00edc\u00ed kmen v\u00e1m poskytne povzbudiv\u00fd \u00fa\u010dinek, ale tak\u00e9 velmi uvoln\u011bn\u00fd pocit.<\/p>","protected":false},"excerpt":{"rendered":"<p class=\"translation-block\">Odroda White Fire OG je tak\u00e9 zn\u00e1m\u00e1 jako WIFI OG.<br> Je to mix Fire OG a The White OG.<br> Jeliko\u017e The White je zn\u00e1m\u00e1 t\u00edm, \u017ee produkuje velmi vysok\u00e9 hladiny THC, m\u016f\u017eete si White Fire OG koupit je\u0161t\u011b dnes na deligentman.com<\/p>","protected":false},"featured_media":1269,"comment_status":"closed","ping_status":"closed","template":"","meta":{"_uag_custom_page_level_css":"","site-sidebar-layout":"default","site-content-layout":"","ast-site-content-layout":"","site-content-style":"default","site-sidebar-style":"default","ast-global-header-display":"","ast-banner-title-visibility":"","ast-main-header-display":"","ast-hfb-above-header-display":"","ast-hfb-below-header-display":"","ast-hfb-mobile-header-display":"","site-post-title":"","ast-breadcrumbs-content":"","ast-featured-img":"","footer-sml-layout":"","theme-transparent-header-meta":"","adv-header-id-meta":"","stick-header-meta":"","header-above-stick-meta":"","header-main-stick-meta":"","header-below-stick-meta":"","astra-migrate-meta-layouts":"default","ast-page-background-enabled":"default","ast-page-background-meta":{"desktop":{"background-color":"var(--ast-global-color-4)","background-image":"","background-repeat":"repeat","background-position":"center center","background-size":"auto","background-attachment":"scroll","background-type":"","background-media":"","overlay-type":"","overlay-color":"","overlay-opacity":"","overlay-gradient":""},"tablet":{"background-color":"","background-image":"","background-repeat":"repeat","background-position":"center center","background-size":"auto","background-attachment":"scroll","background-type":"","background-media":"","overlay-type":"","overlay-color":"","overlay-opacity":"","overlay-gradient":""},"mobile":{"background-color":"","background-image":"","background-repeat":"repeat","background-position":"center center","background-size":"auto","background-attachment":"scroll","background-type":"","background-media":"","overlay-type":"","overlay-color":"","overlay-opacity":"","overlay-gradient":""}},"ast-content-background-meta":{"desktop":{"background-color":"var(--ast-global-color-5)","background-image":"","background-repeat":"repeat","background-position":"center center","background-size":"auto","background-attachment":"scroll","background-type":"","background-media":"","overlay-type":"","overlay-color":"","overlay-opacity":"","overlay-gradient":""},"tablet":{"background-color":"var(--ast-global-color-5)","background-image":"","background-repeat":"repeat","background-position":"center center","background-size":"auto","background-attachment":"scroll","background-type":"","background-media":"","overlay-type":"","overlay-color":"","overlay-opacity":"","overlay-gradient":""},"mobile":{"background-color":"var(--ast-global-color-5)","background-image":"","background-repeat":"repeat","background-position":"center center","background-size":"auto","background-attachment":"scroll","background-type":"","background-media":"","overlay-type":"","overlay-color":"","overlay-opacity":"","overlay-gradient":""}}},"product_brand":[],"product_cat":[59],"product_tag":[104,105,106,107,108],"class_list":{"0":"post-1247","1":"product","2":"type-product","3":"status-publish","4":"has-post-thumbnail","6":"product_cat-cali-tins","7":"product_tag-alien-genetics-fpog-seeds","8":"product_tag-alien-genetics-peach","9":"product_tag-alien-genetics-seeds","10":"product_tag-alien-og-seeds","11":"product_tag-white-fire-og-seeds","12":"desktop-align-center","13":"tablet-align-left","14":"mobile-align-left","16":"first","17":"instock","18":"shipping-taxable","19":"purchasable","20":"product-type-variable"},"uagb_featured_image_src":{"full":["https:\/\/caliweedeurope.com\/wp-content\/uploads\/2024\/11\/122b3773-ade3-4401-92be-b6a68d97ed23.jpg",1080,1080,false],"thumbnail":["https:\/\/caliweedeurope.com\/wp-content\/uploads\/2024\/11\/122b3773-ade3-4401-92be-b6a68d97ed23-150x150.jpg",150,150,true],"medium":["https:\/\/caliweedeurope.com\/wp-content\/uploads\/2024\/11\/122b3773-ade3-4401-92be-b6a68d97ed23-300x300.jpg",300,300,true],"medium_large":["https:\/\/caliweedeurope.com\/wp-content\/uploads\/2024\/11\/122b3773-ade3-4401-92be-b6a68d97ed23-768x768.jpg",768,768,true],"large":["https:\/\/caliweedeurope.com\/wp-content\/uploads\/2024\/11\/122b3773-ade3-4401-92be-b6a68d97ed23-1024x1024.jpg",1024,1024,true],"1536x1536":["https:\/\/caliweedeurope.com\/wp-content\/uploads\/2024\/11\/122b3773-ade3-4401-92be-b6a68d97ed23.jpg",1080,1080,false],"2048x2048":["https:\/\/caliweedeurope.com\/wp-content\/uploads\/2024\/11\/122b3773-ade3-4401-92be-b6a68d97ed23.jpg",1080,1080,false],"trp-custom-language-flag":["https:\/\/caliweedeurope.com\/wp-content\/uploads\/2024\/11\/122b3773-ade3-4401-92be-b6a68d97ed23.jpg",12,12,false],"woocommerce_thumbnail":["https:\/\/caliweedeurope.com\/wp-content\/uploads\/2024\/11\/122b3773-ade3-4401-92be-b6a68d97ed23-300x300.jpg",300,300,true],"woocommerce_single":["https:\/\/caliweedeurope.com\/wp-content\/uploads\/2024\/11\/122b3773-ade3-4401-92be-b6a68d97ed23-600x600.jpg",600,600,true],"woocommerce_gallery_thumbnail":["https:\/\/caliweedeurope.com\/wp-content\/uploads\/2024\/11\/122b3773-ade3-4401-92be-b6a68d97ed23-100x100.jpg",100,100,true]},"uagb_author_info":{"display_name":"jetskiforsaleuk@gmail.com","author_link":"https:\/\/caliweedeurope.com\/cs\/author\/"},"uagb_comment_info":0,"uagb_excerpt":"White fire OG strain is also known as WIFI OG. It&#8217;s a mix of fire OG and the white OG. As the white is known for producing really high THC levels, you can buy white fire OG today from deligentman.com","_links":{"self":[{"href":"https:\/\/caliweedeurope.com\/cs\/wp-json\/wp\/v2\/product\/1247"}],"collection":[{"href":"https:\/\/caliweedeurope.com\/cs\/wp-json\/wp\/v2\/product"}],"about":[{"href":"https:\/\/caliweedeurope.com\/cs\/wp-json\/wp\/v2\/types\/product"}],"replies":[{"embeddable":true,"href":"https:\/\/caliweedeurope.com\/cs\/wp-json\/wp\/v2\/comments?post=1247"}],"wp:featuredmedia":[{"embeddable":true,"href":"https:\/\/caliweedeurope.com\/cs\/wp-json\/wp\/v2\/media\/1269"}],"wp:attachment":[{"href":"https:\/\/caliweedeurope.com\/cs\/wp-json\/wp\/v2\/media?parent=1247"}],"wp:term":[{"taxonomy":"product_brand","embeddable":true,"href":"https:\/\/caliweedeurope.com\/cs\/wp-json\/wp\/v2\/product_brand?post=1247"},{"taxonomy":"product_cat","embeddable":true,"href":"https:\/\/caliweedeurope.com\/cs\/wp-json\/wp\/v2\/product_cat?post=1247"},{"taxonomy":"product_tag","embeddable":true,"href":"https:\/\/caliweedeurope.com\/cs\/wp-json\/wp\/v2\/product_tag?post=1247"}],"curies":[{"name":"wp","href":"https:\/\/api.w.org\/{rel}","templated":true}]}}