{"id":1252,"date":"2024-11-03T21:31:46","date_gmt":"2024-11-03T21:31:46","guid":{"rendered":"https:\/\/caliweedeurope.com\/?post_type=product&#038;p=1252"},"modified":"2024-11-03T21:32:06","modified_gmt":"2024-11-03T21:32:06","slug":"la-pack-boys","status":"publish","type":"product","link":"https:\/\/caliweedeurope.com\/cs\/product\/la-pack-boys\/","title":{"rendered":"La Pack Boys"},"content":{"rendered":"<p class=\"translation-block\">Kupte si plechovky La Pac Boys<br> Kupte si plechovky La Pac Boys online pro va\u0161e rekrea\u010dn\u00ed a zdravotn\u00ed \u00fa\u010dely? Jsme tu pro v\u00e1s 24\/7, abychom v\u00e1m nab\u00eddli nejlep\u0161\u00ed produkty. M\u00e1me nejlep\u0161\u00ed kvalitu plechovek La Pac Boys, tak\u017ee p\u0159idejte v\u0161e do ko\u0161\u00edku a vyu\u017eijte je co nejl\u00e9pe. Kupte LA PAC BOYS plechovky v USA, Velk\u00e9 Brit\u00e1nii, Austr\u00e1lii, Kanad\u011b a Evrop\u011b.<\/p>\n<p>Koupit plechovky La Pac Boys online. Ur\u010dit\u011b existuje mnoho obchod\u016f na trhu, kde si m\u016f\u017eete koupit takov\u00e9 odr\u016fdy, marihuanu a dal\u0161\u00ed v\u011bci online, ale v\u00fdzvou je ov\u011b\u0159it, zda jsou produkty, kter\u00e9 dod\u00e1vaj\u00ed, prav\u00e9 a kvalitn\u00ed. S n\u00e1mi se nemus\u00edte o nic starat, proto\u017ee v\u00e1m zaru\u010dujeme, \u017ee v\u00e1m dod\u00e1me produkty t\u00e9 nejvy\u0161\u0161\u00ed kvality s maxim\u00e1ln\u00ed spokojenost\u00ed. Jsme online l\u00e9k\u00e1rna, kde si m\u016f\u017eete v\u0161e koupit online rychle, spolehliv\u011b a diskr\u00e9tn\u011b, tak\u017ee si te\u010f m\u016f\u017eete sednout na pohovku a zadat objedn\u00e1vku na doru\u010den\u00ed. Kupte CBD vape kv\u011bty plechovky online.<\/p>","protected":false},"excerpt":{"rendered":"<p>Buy La Pac Boys Cans Buy La Pac Boys Cans Online. for your recreational and Medical purposes? We are here 24\/7 ready to serve you with the best items. We\u2019ve got the best quality of La Pac Boys Cans, so whatever you need you just add everything on cart and make the best use of [&hellip;]<\/p>","protected":false},"featured_media":1271,"comment_status":"closed","ping_status":"closed","template":"","meta":{"_uag_custom_page_level_css":"","site-sidebar-layout":"default","site-content-layout":"","ast-site-content-layout":"","site-content-style":"default","site-sidebar-style":"default","ast-global-header-display":"","ast-banner-title-visibility":"","ast-main-header-display":"","ast-hfb-above-header-display":"","ast-hfb-below-header-display":"","ast-hfb-mobile-header-display":"","site-post-title":"","ast-breadcrumbs-content":"","ast-featured-img":"","footer-sml-layout":"","theme-transparent-header-meta":"","adv-header-id-meta":"","stick-header-meta":"","header-above-stick-meta":"","header-main-stick-meta":"","header-below-stick-meta":"","astra-migrate-meta-layouts":"default","ast-page-background-enabled":"default","ast-page-background-meta":{"desktop":{"background-color":"var(--ast-global-color-4)","background-image":"","background-repeat":"repeat","background-position":"center center","background-size":"auto","background-attachment":"scroll","background-type":"","background-media":"","overlay-type":"","overlay-color":"","overlay-opacity":"","overlay-gradient":""},"tablet":{"background-color":"","background-image":"","background-repeat":"repeat","background-position":"center center","background-size":"auto","background-attachment":"scroll","background-type":"","background-media":"","overlay-type":"","overlay-color":"","overlay-opacity":"","overlay-gradient":""},"mobile":{"background-color":"","background-image":"","background-repeat":"repeat","background-position":"center center","background-size":"auto","background-attachment":"scroll","background-type":"","background-media":"","overlay-type":"","overlay-color":"","overlay-opacity":"","overlay-gradient":""}},"ast-content-background-meta":{"desktop":{"background-color":"var(--ast-global-color-5)","background-image":"","background-repeat":"repeat","background-position":"center center","background-size":"auto","background-attachment":"scroll","background-type":"","background-media":"","overlay-type":"","overlay-color":"","overlay-opacity":"","overlay-gradient":""},"tablet":{"background-color":"var(--ast-global-color-5)","background-image":"","background-repeat":"repeat","background-position":"center center","background-size":"auto","background-attachment":"scroll","background-type":"","background-media":"","overlay-type":"","overlay-color":"","overlay-opacity":"","overlay-gradient":""},"mobile":{"background-color":"var(--ast-global-color-5)","background-image":"","background-repeat":"repeat","background-position":"center center","background-size":"auto","background-attachment":"scroll","background-type":"","background-media":"","overlay-type":"","overlay-color":"","overlay-opacity":"","overlay-gradient":""}}},"product_brand":[],"product_cat":[59],"product_tag":[109,110,111,112,113],"class_list":{"0":"post-1252","1":"product","2":"type-product","3":"status-publish","4":"has-post-thumbnail","6":"product_cat-cali-tins","7":"product_tag-1g-cali-packs","8":"product_tag-28g-cali-packs","9":"product_tag-3-5-cali-packs","10":"product_tag-cali-packs-amazon","11":"product_tag-cali-pots-uk","12":"desktop-align-center","13":"tablet-align-left","14":"mobile-align-left","16":"first","17":"instock","18":"shipping-taxable","19":"purchasable","20":"product-type-variable"},"uagb_featured_image_src":{"full":["https:\/\/caliweedeurope.com\/wp-content\/uploads\/2024\/11\/b8da1519-b029-4fdc-962f-ae07f9329fe0.jpg",1080,1080,false],"thumbnail":["https:\/\/caliweedeurope.com\/wp-content\/uploads\/2024\/11\/b8da1519-b029-4fdc-962f-ae07f9329fe0-150x150.jpg",150,150,true],"medium":["https:\/\/caliweedeurope.com\/wp-content\/uploads\/2024\/11\/b8da1519-b029-4fdc-962f-ae07f9329fe0-300x300.jpg",300,300,true],"medium_large":["https:\/\/caliweedeurope.com\/wp-content\/uploads\/2024\/11\/b8da1519-b029-4fdc-962f-ae07f9329fe0-768x768.jpg",768,768,true],"large":["https:\/\/caliweedeurope.com\/wp-content\/uploads\/2024\/11\/b8da1519-b029-4fdc-962f-ae07f9329fe0-1024x1024.jpg",1024,1024,true],"1536x1536":["https:\/\/caliweedeurope.com\/wp-content\/uploads\/2024\/11\/b8da1519-b029-4fdc-962f-ae07f9329fe0.jpg",1080,1080,false],"2048x2048":["https:\/\/caliweedeurope.com\/wp-content\/uploads\/2024\/11\/b8da1519-b029-4fdc-962f-ae07f9329fe0.jpg",1080,1080,false],"trp-custom-language-flag":["https:\/\/caliweedeurope.com\/wp-content\/uploads\/2024\/11\/b8da1519-b029-4fdc-962f-ae07f9329fe0.jpg",12,12,false],"woocommerce_thumbnail":["https:\/\/caliweedeurope.com\/wp-content\/uploads\/2024\/11\/b8da1519-b029-4fdc-962f-ae07f9329fe0-300x300.jpg",300,300,true],"woocommerce_single":["https:\/\/caliweedeurope.com\/wp-content\/uploads\/2024\/11\/b8da1519-b029-4fdc-962f-ae07f9329fe0-600x600.jpg",600,600,true],"woocommerce_gallery_thumbnail":["https:\/\/caliweedeurope.com\/wp-content\/uploads\/2024\/11\/b8da1519-b029-4fdc-962f-ae07f9329fe0-100x100.jpg",100,100,true]},"uagb_author_info":{"display_name":"jetskiforsaleuk@gmail.com","author_link":"https:\/\/caliweedeurope.com\/cs\/author\/"},"uagb_comment_info":0,"uagb_excerpt":"Buy La Pac Boys Cans Buy La Pac Boys Cans Online. for your recreational and Medical purposes? We are here 24\/7 ready to serve you with the best items. We\u2019ve got the best quality of La Pac Boys Cans, so whatever you need you just add everything on cart and make the best use of&hellip;","_links":{"self":[{"href":"https:\/\/caliweedeurope.com\/cs\/wp-json\/wp\/v2\/product\/1252"}],"collection":[{"href":"https:\/\/caliweedeurope.com\/cs\/wp-json\/wp\/v2\/product"}],"about":[{"href":"https:\/\/caliweedeurope.com\/cs\/wp-json\/wp\/v2\/types\/product"}],"replies":[{"embeddable":true,"href":"https:\/\/caliweedeurope.com\/cs\/wp-json\/wp\/v2\/comments?post=1252"}],"wp:featuredmedia":[{"embeddable":true,"href":"https:\/\/caliweedeurope.com\/cs\/wp-json\/wp\/v2\/media\/1271"}],"wp:attachment":[{"href":"https:\/\/caliweedeurope.com\/cs\/wp-json\/wp\/v2\/media?parent=1252"}],"wp:term":[{"taxonomy":"product_brand","embeddable":true,"href":"https:\/\/caliweedeurope.com\/cs\/wp-json\/wp\/v2\/product_brand?post=1252"},{"taxonomy":"product_cat","embeddable":true,"href":"https:\/\/caliweedeurope.com\/cs\/wp-json\/wp\/v2\/product_cat?post=1252"},{"taxonomy":"product_tag","embeddable":true,"href":"https:\/\/caliweedeurope.com\/cs\/wp-json\/wp\/v2\/product_tag?post=1252"}],"curies":[{"name":"wp","href":"https:\/\/api.w.org\/{rel}","templated":true}]}}