{"id":1262,"date":"2024-11-03T21:31:46","date_gmt":"2024-11-03T21:31:46","guid":{"rendered":"https:\/\/caliweedeurope.com\/?post_type=product&#038;p=1262"},"modified":"2024-11-03T21:32:23","modified_gmt":"2024-11-03T21:32:23","slug":"stiiizy-sky-og","status":"publish","type":"product","link":"https:\/\/caliweedeurope.com\/cs\/product\/stiiizy-sky-og\/","title":{"rendered":"Stiiizy (Sky og)"},"content":{"rendered":"<p>Tato odr\u016fda je obl\u00edben\u00e1 pro svou \u00fa\u017easnou chu\u0165. I kdy\u017e \u00fa\u010dinek nen\u00ed tak siln\u00fd jako u n\u011bkter\u00fdch modern\u00edch odr\u016fd, chu\u0165 je nepopirateln\u011b neuv\u011b\u0159iteln\u00e1. A od t\u00e9 doby byla ztracena. P\u0159ed rokem 1998 byl Bubba Kush dostupn\u00fd pouze jako klon, ale od t\u00e9 doby byl replikov\u00e1n, aby byly jeho semena baleny a prod\u00e1v\u00e1ny. Bubba Kush je klasick\u00e1 indica s pevnou sedativn\u00ed \u00fa\u010dinnost\u00ed, kter\u00e1 u\u017eivatele uvoln\u00ed, ale st\u00e1le umo\u017e\u0148uje fungov\u00e1n\u00ed. M\u00e1 obvykle vysok\u00fd obsah THC, kter\u00fd se pohybuje mezi 15 % a 22 %.<br \/> Stiiizy m\u00e1 mal\u00e9 a\u017e st\u0159edn\u011b velk\u00e9 pupeny, kter\u00e9 maj\u00ed hustou strukturu pupen\u016f typickou pro odr\u016fdy Indica. Listy jsou tmav\u011b zelen\u00e9 a ob\u010das mohou vykazovat fialov\u00e9 odst\u00edny, co\u017e je v\u00fdsledkem aktivace antokyaninov\u00fdch pigment\u016f vlivem studen\u00fdch teplot b\u011bhem r\u016fstov\u00e9ho procesu. Jedn\u00e1 se o velmi prysky\u0159i\u010dnou odr\u016fdu - vrstva b\u00edl\u00fdch trichom\u016f pokr\u00fdv\u00e1 barevn\u00e9 listy a je viditeln\u00e1 i uvnit\u0159, kdy\u017e se pupeny rozlom\u00ed. Kv\u011bty maj\u00ed nejasn\u00e9 aroma k\u00e1vy nebo kakaa, s lehkou ovocnou podt\u00f3nou. P\u0159i kou\u0159en\u00ed Bubba Kush von\u00ed v\u00edce po ha\u0161i\u0161i a ko\u0159en\u00ed, jak by se dalo o\u010dek\u00e1vat u odr\u016fdy Kush, s kou\u0159em, kter\u00fd je pom\u011brn\u011b drsn\u00fd a vyvol\u00e1v\u00e1 ka\u0161el.<br \/>                                                               VYNIKAJ\u00cdC\u00cd V\u00ddSLEDKY!<br \/> Je t\u0159eba poznamenat, \u017ee tato odr\u016fda, jej\u00ed\u017e fialov\u00e9 kv\u011bty nevedou k hroznov\u00e9 chuti: pigmenty, kter\u00e9 ur\u010duj\u00ed barvu Bubba Kush, neovliv\u0148uj\u00ed chu\u0165. Chu\u0165 je p\u0159ev\u00e1\u017en\u011b zemit\u00e1, s trochou sladkosti a pep\u0159ov\u00fdm n\u00e1dechem p\u0159i v\u00fddechu. Tato odr\u016fda je tak\u00e9 zvl\u00e1\u0161t\u011b siln\u011b von\u00edc\u00ed \u2013 u\u017eivatel\u00e9, kte\u0159\u00ed se ob\u00e1vaj\u00ed o diskr\u00e9tnost, by m\u011bli pl\u00e1novat podle toho.<br \/> Neobvykle pro tak siln\u011b indica-dominantn\u00ed odr\u016fdu za\u010d\u00edn\u00e1 stav po Bubba Kush zkreslen\u00fdm, dezorientuj\u00edc\u00edm pocitem v hlav\u011b. Tento opar v\u0161ak ustupuje o\u010dek\u00e1van\u011bj\u0161\u00edmu t\u011blesn\u00e9mu uvoln\u011bn\u00ed, kter\u00e9 se s pokra\u010dov\u00e1n\u00edm stavu zesiluje. I kdy\u017e ku\u0159\u00e1ci nejsou nutn\u011b energi\u010dt\u00ed, mohou si zachovat ment\u00e1ln\u00ed soust\u0159ed\u011bn\u00ed a v\u00e9st rozhovory nebo plnit \u00fakoly podle pot\u0159eby. V\u011bt\u0161inou u\u017eivatel\u00e9 za\u017e\u00edvaj\u00ed t\u011b\u017ekou, pomalou relaxaci a v\u00fdrazn\u00fd pocit fyzick\u00e9ho pohodl\u00ed.<br \/> Couchlock je neobvykl\u00fd a u\u017eivatel\u00e9 z\u016fst\u00e1vaj\u00ed funk\u010dn\u00ed a ostra\u017eit\u00ed. L\u00e9ka\u0159sk\u00e9 pou\u017eit\u00ed Bubba Kush je jak ment\u00e1ln\u00ed, tak fyzick\u00e9. Objednejte si Stiiizy Pods Texas.<\/p>","protected":false},"excerpt":{"rendered":"<p>Objednejte Stiiizy pod\u00edly Texas, Bubba Kush na prodej online, pouze ve va\u0161\u00ed pr\u00e9miov\u00e9 a spolehliv\u00e9 online l\u00e9k\u00e1rn\u011b s marihuanou, online obchod s l\u00e9ka\u0159sk\u00fdm kanabisem.<br \/> Stiiizy je indica odr\u016fda. P\u016fvodn\u011b byla k\u0159\u00ed\u017eencem OG Kush a Bubble Gum. V\u00fdsledn\u00e9 rostliny byly pot\u00e9 selektivn\u011b p\u011bstov\u00e1ny po n\u011bkolik generac\u00ed, aby vytvo\u0159ily dokonalou kv\u011btinu, zn\u00e1mou jako Bubba Kush.<\/p>","protected":false},"featured_media":1275,"comment_status":"closed","ping_status":"closed","template":"","meta":{"_uag_custom_page_level_css":"","site-sidebar-layout":"default","site-content-layout":"","ast-site-content-layout":"","site-content-style":"default","site-sidebar-style":"default","ast-global-header-display":"","ast-banner-title-visibility":"","ast-main-header-display":"","ast-hfb-above-header-display":"","ast-hfb-below-header-display":"","ast-hfb-mobile-header-display":"","site-post-title":"","ast-breadcrumbs-content":"","ast-featured-img":"","footer-sml-layout":"","theme-transparent-header-meta":"","adv-header-id-meta":"","stick-header-meta":"","header-above-stick-meta":"","header-main-stick-meta":"","header-below-stick-meta":"","astra-migrate-meta-layouts":"default","ast-page-background-enabled":"default","ast-page-background-meta":{"desktop":{"background-color":"var(--ast-global-color-4)","background-image":"","background-repeat":"repeat","background-position":"center center","background-size":"auto","background-attachment":"scroll","background-type":"","background-media":"","overlay-type":"","overlay-color":"","overlay-opacity":"","overlay-gradient":""},"tablet":{"background-color":"","background-image":"","background-repeat":"repeat","background-position":"center center","background-size":"auto","background-attachment":"scroll","background-type":"","background-media":"","overlay-type":"","overlay-color":"","overlay-opacity":"","overlay-gradient":""},"mobile":{"background-color":"","background-image":"","background-repeat":"repeat","background-position":"center center","background-size":"auto","background-attachment":"scroll","background-type":"","background-media":"","overlay-type":"","overlay-color":"","overlay-opacity":"","overlay-gradient":""}},"ast-content-background-meta":{"desktop":{"background-color":"var(--ast-global-color-5)","background-image":"","background-repeat":"repeat","background-position":"center center","background-size":"auto","background-attachment":"scroll","background-type":"","background-media":"","overlay-type":"","overlay-color":"","overlay-opacity":"","overlay-gradient":""},"tablet":{"background-color":"var(--ast-global-color-5)","background-image":"","background-repeat":"repeat","background-position":"center center","background-size":"auto","background-attachment":"scroll","background-type":"","background-media":"","overlay-type":"","overlay-color":"","overlay-opacity":"","overlay-gradient":""},"mobile":{"background-color":"var(--ast-global-color-5)","background-image":"","background-repeat":"repeat","background-position":"center center","background-size":"auto","background-attachment":"scroll","background-type":"","background-media":"","overlay-type":"","overlay-color":"","overlay-opacity":"","overlay-gradient":""}}},"product_brand":[],"product_cat":[114],"product_tag":[119,120,121,122,123],"class_list":{"0":"post-1262","1":"product","2":"type-product","3":"status-publish","4":"has-post-thumbnail","6":"product_cat-wholesale-vape-cartridges-online","7":"product_tag-skywalker-og-stiiizy","8":"product_tag-stiiizy-biscotti","9":"product_tag-stiiizy-gelato","10":"product_tag-stiiizy-og-kush","11":"product_tag-stiiizy-sfv-og","12":"desktop-align-center","13":"tablet-align-left","14":"mobile-align-left","16":"first","17":"instock","18":"shipping-taxable","19":"purchasable","20":"product-type-variable"},"uagb_featured_image_src":{"full":["https:\/\/caliweedeurope.com\/wp-content\/uploads\/2024\/11\/0fcdd104-9491-4b20-94d1-34a7ff48418f.jpg",864,1080,false],"thumbnail":["https:\/\/caliweedeurope.com\/wp-content\/uploads\/2024\/11\/0fcdd104-9491-4b20-94d1-34a7ff48418f-150x150.jpg",150,150,true],"medium":["https:\/\/caliweedeurope.com\/wp-content\/uploads\/2024\/11\/0fcdd104-9491-4b20-94d1-34a7ff48418f-240x300.jpg",240,300,true],"medium_large":["https:\/\/caliweedeurope.com\/wp-content\/uploads\/2024\/11\/0fcdd104-9491-4b20-94d1-34a7ff48418f-768x960.jpg",768,960,true],"large":["https:\/\/caliweedeurope.com\/wp-content\/uploads\/2024\/11\/0fcdd104-9491-4b20-94d1-34a7ff48418f-819x1024.jpg",819,1024,true],"1536x1536":["https:\/\/caliweedeurope.com\/wp-content\/uploads\/2024\/11\/0fcdd104-9491-4b20-94d1-34a7ff48418f.jpg",864,1080,false],"2048x2048":["https:\/\/caliweedeurope.com\/wp-content\/uploads\/2024\/11\/0fcdd104-9491-4b20-94d1-34a7ff48418f.jpg",864,1080,false],"trp-custom-language-flag":["https:\/\/caliweedeurope.com\/wp-content\/uploads\/2024\/11\/0fcdd104-9491-4b20-94d1-34a7ff48418f.jpg",10,12,false],"woocommerce_thumbnail":["https:\/\/caliweedeurope.com\/wp-content\/uploads\/2024\/11\/0fcdd104-9491-4b20-94d1-34a7ff48418f-300x300.jpg",300,300,true],"woocommerce_single":["https:\/\/caliweedeurope.com\/wp-content\/uploads\/2024\/11\/0fcdd104-9491-4b20-94d1-34a7ff48418f-600x750.jpg",600,750,true],"woocommerce_gallery_thumbnail":["https:\/\/caliweedeurope.com\/wp-content\/uploads\/2024\/11\/0fcdd104-9491-4b20-94d1-34a7ff48418f-100x100.jpg",100,100,true]},"uagb_author_info":{"display_name":"jetskiforsaleuk@gmail.com","author_link":"https:\/\/caliweedeurope.com\/cs\/author\/"},"uagb_comment_info":0,"uagb_excerpt":"Order stiiizy pods texas, Bubba Kush For Sale Online, Only at Your Premier and Reliable Online Marijuana Dispensary, Medical Cannabis Online Store Stiiizy is an indica strain. It was originally a cross of OG Kush and Bubble Gum. The resulting plants were then selectively bred for multiple generations to create the perfect bud, known as&hellip;","_links":{"self":[{"href":"https:\/\/caliweedeurope.com\/cs\/wp-json\/wp\/v2\/product\/1262"}],"collection":[{"href":"https:\/\/caliweedeurope.com\/cs\/wp-json\/wp\/v2\/product"}],"about":[{"href":"https:\/\/caliweedeurope.com\/cs\/wp-json\/wp\/v2\/types\/product"}],"replies":[{"embeddable":true,"href":"https:\/\/caliweedeurope.com\/cs\/wp-json\/wp\/v2\/comments?post=1262"}],"wp:featuredmedia":[{"embeddable":true,"href":"https:\/\/caliweedeurope.com\/cs\/wp-json\/wp\/v2\/media\/1275"}],"wp:attachment":[{"href":"https:\/\/caliweedeurope.com\/cs\/wp-json\/wp\/v2\/media?parent=1262"}],"wp:term":[{"taxonomy":"product_brand","embeddable":true,"href":"https:\/\/caliweedeurope.com\/cs\/wp-json\/wp\/v2\/product_brand?post=1262"},{"taxonomy":"product_cat","embeddable":true,"href":"https:\/\/caliweedeurope.com\/cs\/wp-json\/wp\/v2\/product_cat?post=1262"},{"taxonomy":"product_tag","embeddable":true,"href":"https:\/\/caliweedeurope.com\/cs\/wp-json\/wp\/v2\/product_tag?post=1262"}],"curies":[{"name":"wp","href":"https:\/\/api.w.org\/{rel}","templated":true}]}}