{"id":1288,"date":"2024-11-03T21:32:09","date_gmt":"2024-11-03T21:32:09","guid":{"rendered":"https:\/\/caliweedeurope.com\/?post_type=product&#038;p=1288"},"modified":"2024-11-03T21:32:23","modified_gmt":"2024-11-03T21:32:23","slug":"italian-ice-strain","status":"publish","type":"product","link":"https:\/\/caliweedeurope.com\/cs\/product\/italian-ice-strain\/","title":{"rendered":"Italian ice strain"},"content":{"rendered":"<p>Recenze odr\u016fdy Italian Ice<br \/> Odr\u016fda Italian Ice je exotick\u00e1 odr\u016fda konop\u00ed, kter\u00e1 byla p\u016fvodn\u011b nalezena The Cali Connection. Vznikla sm\u00edch\u00e1n\u00edm Forbidden Fruit a Gelato 45. Wow!!! P\u0159edstavte si, co m\u016f\u017ee vzniknout ze sm\u00edch\u00e1n\u00ed t\u011bchto dvou odr\u016fd, \u017ee? U\u017e se mi sb\u00edhaj\u00ed sliny na tuto Italian Ice. Ano!! Od te\u010f to nikdy nebylo jednodu\u0161\u0161\u00ed, z\u00edskat jednu z nejlep\u0161\u00edch odr\u016fd konop\u00ed. Tak\u017ee, Italian Ice k prodeji | Kupte Italian Ice.<\/p>\n<p>Kde koupit odr\u016fdu Italian Ice online<br \/> V\u011bd\u011bl jsi, \u017ee mnoho lid\u00ed u\u017e roky hled\u00e1 takov\u00e9 odr\u016fdy konop\u00ed, ale marn\u011b? Ve skute\u010dnosti v\u011bt\u0161ina lid\u00ed d\u00e1v\u00e1 p\u0159ednost zaplacen\u00ed vysok\u00e9 ceny za nejlep\u0161\u00ed kvalitu tr\u00e1vy. Ano, lid\u00e9 plat\u00ed vysok\u00e9 ceny za nejlep\u0161\u00ed pupeny. Te\u010f p\u0159ich\u00e1z\u00ed skute\u010dn\u00fd probl\u00e9m: kde to z\u00edskaj\u00ed? U\u017e jsi n\u011bkdy \u010delil situaci, kdy jsi m\u011bl pen\u00edze, ale nemohl naj\u00edt dobrou odr\u016fdu konop\u00ed? Jo, to se st\u00e1v\u00e1. U\u017e se nemus\u00ed\u0161 b\u00e1t. Italian Ice strain na prodej | Kup Italian Ice strain online. Nyn\u00ed jsi na\u0161el \u0159e\u0161en\u00ed sv\u00e9ho probl\u00e9mu. Italian Ice strain. Jsme zde, abychom ti pomohli vy\u0159e\u0161it tuto situaci. Nav\u0161tiv pros\u00edm sekci na\u0161eho obchodu na webu pro svou objedn\u00e1vku. Kup Italian Ice strain.<\/p>\n<p>Dostupnost odr\u016fdy<br \/> Jak frustruj\u00edc\u00ed je pro lidi, kdy\u017e se jim velmi t\u011b\u017eko dostat k t\u011bm nejlep\u0161\u00edm kousk\u016fm, kter\u00e9 si p\u0159ej\u00ed? Z na\u0161ich zku\u0161enost\u00ed s online prodejem jsme zjistili, \u017ee mnoho lid\u00ed \u010del\u00ed tomuto probl\u00e9mu. U\u017e se nemus\u00edte ob\u00e1vat, proto\u017ee v\u00e1m poskytneme nejlep\u0161\u00ed a nejpohodln\u011bj\u0161\u00ed metodu. Bu\u010fte klidn\u00ed, na\u0161li jste spr\u00e1vn\u00e9 m\u00edsto. St\u00e1le si nejste jisti? M\u016f\u017eete se pod\u00edvat na na\u0161i z\u00e1silkovou politiku. Na\u0161e z\u00e1silky jsou odes\u00edl\u00e1ny diskr\u00e9tn\u00edmi dod\u00e1vkami s 100% z\u00e1rukou doru\u010den\u00ed. Va\u0161e bezpe\u010dnost a spokojenost jsou na\u0161\u00ed prioritou, tak n\u00e1m prost\u011b d\u016fv\u011b\u0159ujte. Italian Ice Weed Strain.<\/p>","protected":false},"excerpt":{"rendered":"<p>Italian Ice strain review. Italian Ice strain is a weed exotic weed strain that was originally found by The Cali Connection. It is a weed strain that came into existence by a mix of Forbidden Fruit and Gelato 45. wow!!! You imagine the what can come out from a mix of those two right?. As [&hellip;]<\/p>","protected":false},"featured_media":1309,"comment_status":"closed","ping_status":"closed","template":"","meta":{"_uag_custom_page_level_css":"","site-sidebar-layout":"default","site-content-layout":"","ast-site-content-layout":"","site-content-style":"default","site-sidebar-style":"default","ast-global-header-display":"","ast-banner-title-visibility":"","ast-main-header-display":"","ast-hfb-above-header-display":"","ast-hfb-below-header-display":"","ast-hfb-mobile-header-display":"","site-post-title":"","ast-breadcrumbs-content":"","ast-featured-img":"","footer-sml-layout":"","theme-transparent-header-meta":"","adv-header-id-meta":"","stick-header-meta":"","header-above-stick-meta":"","header-main-stick-meta":"","header-below-stick-meta":"","astra-migrate-meta-layouts":"default","ast-page-background-enabled":"default","ast-page-background-meta":{"desktop":{"background-color":"var(--ast-global-color-4)","background-image":"","background-repeat":"repeat","background-position":"center center","background-size":"auto","background-attachment":"scroll","background-type":"","background-media":"","overlay-type":"","overlay-color":"","overlay-opacity":"","overlay-gradient":""},"tablet":{"background-color":"","background-image":"","background-repeat":"repeat","background-position":"center center","background-size":"auto","background-attachment":"scroll","background-type":"","background-media":"","overlay-type":"","overlay-color":"","overlay-opacity":"","overlay-gradient":""},"mobile":{"background-color":"","background-image":"","background-repeat":"repeat","background-position":"center center","background-size":"auto","background-attachment":"scroll","background-type":"","background-media":"","overlay-type":"","overlay-color":"","overlay-opacity":"","overlay-gradient":""}},"ast-content-background-meta":{"desktop":{"background-color":"var(--ast-global-color-5)","background-image":"","background-repeat":"repeat","background-position":"center center","background-size":"auto","background-attachment":"scroll","background-type":"","background-media":"","overlay-type":"","overlay-color":"","overlay-opacity":"","overlay-gradient":""},"tablet":{"background-color":"var(--ast-global-color-5)","background-image":"","background-repeat":"repeat","background-position":"center center","background-size":"auto","background-attachment":"scroll","background-type":"","background-media":"","overlay-type":"","overlay-color":"","overlay-opacity":"","overlay-gradient":""},"mobile":{"background-color":"var(--ast-global-color-5)","background-image":"","background-repeat":"repeat","background-position":"center center","background-size":"auto","background-attachment":"scroll","background-type":"","background-media":"","overlay-type":"","overlay-color":"","overlay-opacity":"","overlay-gradient":""}}},"product_brand":[],"product_cat":[22],"product_tag":[134,135,136,137,138],"class_list":{"0":"post-1288","1":"product","2":"type-product","3":"status-publish","4":"has-post-thumbnail","6":"product_cat-hybrid","7":"product_tag-blue-cheese-strain","8":"product_tag-blue-dream-strain","9":"product_tag-gorilla-glue-strain","10":"product_tag-tiramisu-strain","11":"product_tag-wedding-cake-strain","12":"desktop-align-center","13":"tablet-align-left","14":"mobile-align-left","16":"first","17":"instock","18":"shipping-taxable","19":"purchasable","20":"product-type-variable"},"uagb_featured_image_src":{"full":["https:\/\/caliweedeurope.com\/wp-content\/uploads\/2024\/11\/paysidepackz__20200303_1-600x600-1.jpg",600,600,false],"thumbnail":["https:\/\/caliweedeurope.com\/wp-content\/uploads\/2024\/11\/paysidepackz__20200303_1-600x600-1-150x150.jpg",150,150,true],"medium":["https:\/\/caliweedeurope.com\/wp-content\/uploads\/2024\/11\/paysidepackz__20200303_1-600x600-1-300x300.jpg",300,300,true],"medium_large":["https:\/\/caliweedeurope.com\/wp-content\/uploads\/2024\/11\/paysidepackz__20200303_1-600x600-1.jpg",600,600,false],"large":["https:\/\/caliweedeurope.com\/wp-content\/uploads\/2024\/11\/paysidepackz__20200303_1-600x600-1.jpg",600,600,false],"1536x1536":["https:\/\/caliweedeurope.com\/wp-content\/uploads\/2024\/11\/paysidepackz__20200303_1-600x600-1.jpg",600,600,false],"2048x2048":["https:\/\/caliweedeurope.com\/wp-content\/uploads\/2024\/11\/paysidepackz__20200303_1-600x600-1.jpg",600,600,false],"trp-custom-language-flag":["https:\/\/caliweedeurope.com\/wp-content\/uploads\/2024\/11\/paysidepackz__20200303_1-600x600-1.jpg",12,12,false],"woocommerce_thumbnail":["https:\/\/caliweedeurope.com\/wp-content\/uploads\/2024\/11\/paysidepackz__20200303_1-600x600-1-300x300.jpg",300,300,true],"woocommerce_single":["https:\/\/caliweedeurope.com\/wp-content\/uploads\/2024\/11\/paysidepackz__20200303_1-600x600-1.jpg",600,600,false],"woocommerce_gallery_thumbnail":["https:\/\/caliweedeurope.com\/wp-content\/uploads\/2024\/11\/paysidepackz__20200303_1-600x600-1-100x100.jpg",100,100,true]},"uagb_author_info":{"display_name":"jetskiforsaleuk@gmail.com","author_link":"https:\/\/caliweedeurope.com\/cs\/author\/"},"uagb_comment_info":0,"uagb_excerpt":"Italian Ice strain review. Italian Ice strain is a weed exotic weed strain that was originally found by The Cali Connection. It is a weed strain that came into existence by a mix of Forbidden Fruit and Gelato 45. wow!!! You imagine the what can come out from a mix of those two right?. As&hellip;","_links":{"self":[{"href":"https:\/\/caliweedeurope.com\/cs\/wp-json\/wp\/v2\/product\/1288"}],"collection":[{"href":"https:\/\/caliweedeurope.com\/cs\/wp-json\/wp\/v2\/product"}],"about":[{"href":"https:\/\/caliweedeurope.com\/cs\/wp-json\/wp\/v2\/types\/product"}],"replies":[{"embeddable":true,"href":"https:\/\/caliweedeurope.com\/cs\/wp-json\/wp\/v2\/comments?post=1288"}],"wp:featuredmedia":[{"embeddable":true,"href":"https:\/\/caliweedeurope.com\/cs\/wp-json\/wp\/v2\/media\/1309"}],"wp:attachment":[{"href":"https:\/\/caliweedeurope.com\/cs\/wp-json\/wp\/v2\/media?parent=1288"}],"wp:term":[{"taxonomy":"product_brand","embeddable":true,"href":"https:\/\/caliweedeurope.com\/cs\/wp-json\/wp\/v2\/product_brand?post=1288"},{"taxonomy":"product_cat","embeddable":true,"href":"https:\/\/caliweedeurope.com\/cs\/wp-json\/wp\/v2\/product_cat?post=1288"},{"taxonomy":"product_tag","embeddable":true,"href":"https:\/\/caliweedeurope.com\/cs\/wp-json\/wp\/v2\/product_tag?post=1288"}],"curies":[{"name":"wp","href":"https:\/\/api.w.org\/{rel}","templated":true}]}}