{"id":1303,"date":"2024-11-03T21:32:10","date_gmt":"2024-11-03T21:32:10","guid":{"rendered":"https:\/\/caliweedeurope.com\/?post_type=product&#038;p=1303"},"modified":"2024-11-03T21:32:32","modified_gmt":"2024-11-03T21:32:32","slug":"dabs-wax","status":"publish","type":"product","link":"https:\/\/caliweedeurope.com\/cs\/product\/dabs-wax\/","title":{"rendered":"Dabs Wax"},"content":{"rendered":"<p>Shatter, vosk, pl\u00e1st, olej, crumble, \u0161\u0165\u00e1va, budder, pull-and-snap\u2026 to jsou n\u011bkter\u00e9 p\u0159ezd\u00edvky, kter\u00e9 kanabisov\u00e9 extrakty z\u00edskaly d\u00edky sv\u00e9 popularit\u011b, p\u0159\u00edtomnosti a diverzifikaci. Pokud jste u\u017e n\u011bkdy sly\u0161eli n\u011bkter\u00e9 z t\u011bchto slov, pravd\u011bpodobn\u011b byly pou\u017eity k popisu BHO (butanov\u00e9ho hashov\u00e9ho oleje), CO2 oleje nebo podobn\u00fdch uhlovod\u00edkov\u00fdch extrakt\u016f. Tento seznam popisn\u00fdch podkategori\u00ed by v\u00e1s mohl p\u0159esv\u011bd\u010dit, \u017ee mezi nimi existuj\u00ed v\u00fdrazn\u00e9 rozd\u00edly, ale d\u011blen\u00ed mezi sklen\u011bn\u00fdm shatterem a drobiv\u00fdm voskem je povrchn\u011bj\u0161\u00ed, ne\u017e byste \u010dekali.<\/p>\n<p>Pro ty z v\u00e1s, kte\u0159\u00ed jsou nov\u00ed v oblasti koncentr\u00e1t\u016f, je extrakt z konop\u00ed jak\u00fdkoli olej, kter\u00fd koncentruje chemick\u00e9 slou\u010deniny rostliny, jako je THC a CBD. To je dosa\u017eeno r\u016fzn\u00fdmi extrak\u010dn\u00edmi procesy a rozpou\u0161t\u011bdly, p\u0159i\u010dem\u017e nejb\u011b\u017en\u011bj\u0161\u00edm je butan.<\/p>\n<p>Faq, Wax<\/p>","protected":false},"excerpt":{"rendered":"<p>Cannabisov\u00fd vosk se t\u00fdk\u00e1 m\u011bk\u010d\u00edch, nepr\u016fhledn\u00fdch olej\u016f, kter\u00e9 po extrakci ztratily svou pr\u016fhlednost. Na rozd\u00edl od transparentn\u00edch olej\u016f se molekuly cannabisov\u00e9ho vosku krystalizuj\u00ed v d\u016fsledku agitace. Sv\u011btlo nem\u016f\u017ee proch\u00e1zet nepravideln\u00fdmi molekul\u00e1rn\u00edmi hustotami a tento lom sv\u011btla n\u00e1m zanech\u00e1v\u00e1 pevn\u00fd, nepr\u016fhledn\u00fd olej.<\/p>","protected":false},"featured_media":1315,"comment_status":"closed","ping_status":"closed","template":"","meta":{"_uag_custom_page_level_css":"","site-sidebar-layout":"default","site-content-layout":"","ast-site-content-layout":"","site-content-style":"default","site-sidebar-style":"default","ast-global-header-display":"","ast-banner-title-visibility":"","ast-main-header-display":"","ast-hfb-above-header-display":"","ast-hfb-below-header-display":"","ast-hfb-mobile-header-display":"","site-post-title":"","ast-breadcrumbs-content":"","ast-featured-img":"","footer-sml-layout":"","theme-transparent-header-meta":"","adv-header-id-meta":"","stick-header-meta":"","header-above-stick-meta":"","header-main-stick-meta":"","header-below-stick-meta":"","astra-migrate-meta-layouts":"default","ast-page-background-enabled":"default","ast-page-background-meta":{"desktop":{"background-color":"var(--ast-global-color-4)","background-image":"","background-repeat":"repeat","background-position":"center center","background-size":"auto","background-attachment":"scroll","background-type":"","background-media":"","overlay-type":"","overlay-color":"","overlay-opacity":"","overlay-gradient":""},"tablet":{"background-color":"","background-image":"","background-repeat":"repeat","background-position":"center center","background-size":"auto","background-attachment":"scroll","background-type":"","background-media":"","overlay-type":"","overlay-color":"","overlay-opacity":"","overlay-gradient":""},"mobile":{"background-color":"","background-image":"","background-repeat":"repeat","background-position":"center center","background-size":"auto","background-attachment":"scroll","background-type":"","background-media":"","overlay-type":"","overlay-color":"","overlay-opacity":"","overlay-gradient":""}},"ast-content-background-meta":{"desktop":{"background-color":"var(--ast-global-color-5)","background-image":"","background-repeat":"repeat","background-position":"center center","background-size":"auto","background-attachment":"scroll","background-type":"","background-media":"","overlay-type":"","overlay-color":"","overlay-opacity":"","overlay-gradient":""},"tablet":{"background-color":"var(--ast-global-color-5)","background-image":"","background-repeat":"repeat","background-position":"center center","background-size":"auto","background-attachment":"scroll","background-type":"","background-media":"","overlay-type":"","overlay-color":"","overlay-opacity":"","overlay-gradient":""},"mobile":{"background-color":"var(--ast-global-color-5)","background-image":"","background-repeat":"repeat","background-position":"center center","background-size":"auto","background-attachment":"scroll","background-type":"","background-media":"","overlay-type":"","overlay-color":"","overlay-opacity":"","overlay-gradient":""}}},"product_brand":[],"product_cat":[139],"product_tag":[150,151,152,153,154],"class_list":{"0":"post-1303","1":"product","2":"type-product","3":"status-publish","4":"has-post-thumbnail","6":"product_cat-buy-wax-online","7":"product_tag-dank-dabs-brand","8":"product_tag-dank-dabs-california","9":"product_tag-dank-dabs-packaging","10":"product_tag-dank-dabs-shatter","11":"product_tag-dank-dabs-wax","12":"desktop-align-center","13":"tablet-align-left","14":"mobile-align-left","16":"first","17":"instock","18":"shipping-taxable","19":"purchasable","20":"product-type-variable"},"uagb_featured_image_src":{"full":["https:\/\/caliweedeurope.com\/wp-content\/uploads\/2024\/11\/g4-1-1.png",380,378,false],"thumbnail":["https:\/\/caliweedeurope.com\/wp-content\/uploads\/2024\/11\/g4-1-1-150x150.png",150,150,true],"medium":["https:\/\/caliweedeurope.com\/wp-content\/uploads\/2024\/11\/g4-1-1-300x298.png",300,298,true],"medium_large":["https:\/\/caliweedeurope.com\/wp-content\/uploads\/2024\/11\/g4-1-1.png",380,378,false],"large":["https:\/\/caliweedeurope.com\/wp-content\/uploads\/2024\/11\/g4-1-1.png",380,378,false],"1536x1536":["https:\/\/caliweedeurope.com\/wp-content\/uploads\/2024\/11\/g4-1-1.png",380,378,false],"2048x2048":["https:\/\/caliweedeurope.com\/wp-content\/uploads\/2024\/11\/g4-1-1.png",380,378,false],"trp-custom-language-flag":["https:\/\/caliweedeurope.com\/wp-content\/uploads\/2024\/11\/g4-1-1.png",12,12,false],"woocommerce_thumbnail":["https:\/\/caliweedeurope.com\/wp-content\/uploads\/2024\/11\/g4-1-1-300x300.png",300,300,true],"woocommerce_single":["https:\/\/caliweedeurope.com\/wp-content\/uploads\/2024\/11\/g4-1-1.png",380,378,false],"woocommerce_gallery_thumbnail":["https:\/\/caliweedeurope.com\/wp-content\/uploads\/2024\/11\/g4-1-1-100x100.png",100,100,true]},"uagb_author_info":{"display_name":"jetskiforsaleuk@gmail.com","author_link":"https:\/\/caliweedeurope.com\/cs\/author\/"},"uagb_comment_info":0,"uagb_excerpt":"Cannabis wax refers to the softer, opaque oils that have lost their transparency after extraction. Unlike those of transparent oils, the molecules of cannabis wax crystallize as a result of agitation. Light can\u2019t travel through irregular molecular densities, and that refraction leaves us with a solid, non-transparent oil.","_links":{"self":[{"href":"https:\/\/caliweedeurope.com\/cs\/wp-json\/wp\/v2\/product\/1303"}],"collection":[{"href":"https:\/\/caliweedeurope.com\/cs\/wp-json\/wp\/v2\/product"}],"about":[{"href":"https:\/\/caliweedeurope.com\/cs\/wp-json\/wp\/v2\/types\/product"}],"replies":[{"embeddable":true,"href":"https:\/\/caliweedeurope.com\/cs\/wp-json\/wp\/v2\/comments?post=1303"}],"wp:featuredmedia":[{"embeddable":true,"href":"https:\/\/caliweedeurope.com\/cs\/wp-json\/wp\/v2\/media\/1315"}],"wp:attachment":[{"href":"https:\/\/caliweedeurope.com\/cs\/wp-json\/wp\/v2\/media?parent=1303"}],"wp:term":[{"taxonomy":"product_brand","embeddable":true,"href":"https:\/\/caliweedeurope.com\/cs\/wp-json\/wp\/v2\/product_brand?post=1303"},{"taxonomy":"product_cat","embeddable":true,"href":"https:\/\/caliweedeurope.com\/cs\/wp-json\/wp\/v2\/product_cat?post=1303"},{"taxonomy":"product_tag","embeddable":true,"href":"https:\/\/caliweedeurope.com\/cs\/wp-json\/wp\/v2\/product_tag?post=1303"}],"curies":[{"name":"wp","href":"https:\/\/api.w.org\/{rel}","templated":true}]}}