{"id":1407,"date":"2024-11-03T21:32:50","date_gmt":"2024-11-03T21:32:50","guid":{"rendered":"https:\/\/caliweedeurope.com\/?post_type=product&#038;p=1407"},"modified":"2024-11-03T21:33:02","modified_gmt":"2024-11-03T21:33:02","slug":"jungle-boys-orange-mints","status":"publish","type":"product","link":"https:\/\/caliweedeurope.com\/cs\/product\/jungle-boys-orange-mints\/","title":{"rendered":"Jungle Boys Orange Mints"},"content":{"rendered":"<p class=\"translation-block\">The high has your mind slow, but you feel amazing as the muscles relaxation gets even stronger making this a very hard hitting strain on the body high and head high.<br> FINAL WORDSThe Orange MInts is a very new drop from the Jungle boys and this is a very hard hitting strain! I look forward to seeing where this goes as I feel the aroma needs work, but the flavor and high on this strain were on point. Nug appeal was also sexy as you can see in the video above.<br> Jungle Boys Orange Mints, Weed packs for sale online, Hybrid, Indica, Sativa strains, all flavors prices, reviews and delivery available.<\/p>\n<p>Also have a look at Jungle Boys Kush Sorbet ,as similar products with almost same ratings. Available online at PotsnBuds with shipping and delivery services.<\/p>\n<p>Orange Mints #6 is a cross of Orange Cookies x Kush Mints. Also, the flavor comes through much better than the smell would make you think and hits nicely with a juicy citrus flavor. More so, the aroma on the Orange Mints #6 was very weak compared to other strains. Further more, You will smell a feint Orange aroma and only smell the cookies when the nugs are broken open. The buzz on the Orange Mints #6 starts off with a head change as your eyes lower. Buy Jungle boys Orange Mints #6 online<br \/> You feel the high move quickly down to your upper body relaxing your muscles as your mind is hit hard with the amazing buzz. Also, the high has your mind slow, but you feel amazing as the muscles relaxation gets even stronger making this a very hard hitting strain on the body high and head high.<br \/> The Orange MInts is a very new drop from the Jungle boys and this is a very hard hitting strain! I look forward to seeing where this goes as I feel the aroma needs work, but the flavor and high on this strain were on point. Buy Jungle boys Orange Mints #6 online<\/p>\n<p>Orange Mints<br \/> GENETICS Orange Cookies x Kush Mints<\/p>\n<p>THE FLAVOR The flavor comes through much better than the smell would make you think and hits nicely with a juicy citrus flavor<\/p>\n<p><b>AROMA<\/b> Aroma Orange Mints #6 bylo ve srovn\u00e1n\u00ed s jin\u00fdmi odr\u016fdami velmi slab\u00e9. C\u00edt\u00edte slab\u00e9 pomeran\u010dov\u00e9 aroma a v\u016fni cookies pouze tehdy, kdy\u017e se pupeny rozlom\u00ed.<\/p>\n<p>THE EXPERIENCE The buzz on the Orange Mints #6 starts off with a head change as your eyes lower. You feel the high move quickly down to your upper body relaxing your muscles as your mind is hit hard with the amazing buzz. The high has your mind slow, but you feel amazing as the muscles relaxation gets even stronger making this a very hard hitting strain on the body high and head high.<\/p>\n<p>FINAL WORDS The Orange MInts is a very new drop from the Jungle boys and this is a very hard hitting strain! I look forward to seeing where this goes as I feel the aroma needs work, but the flavor and high on this strain were on point. Nug appeal was also sexy as you can see in the video above.<\/p>\n<p>Kupte si tr\u00e1vu online ve Spojen\u00fdch st\u00e1tech, kupte si tr\u00e1vu online ve Velk\u00e9 Brit\u00e1nii, kupte si tr\u00e1vu online v Irsku, kupte si tr\u00e1vu online ve \u0160v\u00fdcarsku, kupte si tr\u00e1vu online v Austr\u00e1lii, kupte si tr\u00e1vu online v It\u00e1lii, kupte si tr\u00e1vu online v D\u00e1nsku, kupte si tr\u00e1vu online v Evropsk\u00e9 unii, kupte si tr\u00e1vu online ve Francii, kupte si tr\u00e1vu online v N\u011bmecku, kupte si tr\u00e1vu online v Belgii, kupte si tr\u00e1vu online v Polsku, kupte si tr\u00e1vu online v Loty\u0161sku, kupte si tr\u00e1vu online v Izraeli, kupte si tr\u00e1vu online v Turecku, kupte si tr\u00e1vu online na Jersey, kupte si tr\u00e1vu online v \u010c\u00edn\u011b, kupte si tr\u00e1vu online na Ukrajin\u011b, kupte si tr\u00e1vu online v Ma\u010farsku, kupte si tr\u00e1vu online ve \u0160v\u00e9dsku, kupte si tr\u00e1vu online v Japonsku, kupte si tr\u00e1vu online ve \u0160pan\u011blsku, kupte si tr\u00e1vu online v Rusku, kupte si tr\u00e1vu online v Chorvatsku, kupte si tr\u00e1vu online na Guamu, kupte si tr\u00e1vu online na Guernsey.<\/p>","protected":false},"excerpt":{"rendered":"<p>VLAK Orange Mints #6<br \/> GENETIKA: Orange Cookies x Kush Mints<br \/> <b>HU\u0164:<\/b>\nChu\u0165 je mnohem v\u00fdrazn\u011bj\u0161\u00ed, ne\u017e by nazna\u010dovala v\u016fn\u011b, a p\u0159in\u00e1\u0161\u00ed \u0161\u0165avnat\u00fd citrusov\u00fd profil.<br \/> <b>AROMA<\/b> Aroma Orange Mints #6 bylo ve srovn\u00e1n\u00ed s jin\u00fdmi odr\u016fdami velmi slab\u00e9. C\u00edt\u00edte slab\u00e9 pomeran\u010dov\u00e9 aroma a v\u016fni cookies pouze tehdy, kdy\u017e se pupeny rozlom\u00ed.<br \/> <b>ZKU\u0160ENOST<\/b> \u00da\u010dinek Orange Mints #6 za\u010d\u00edn\u00e1 zm\u011bnou v hlav\u011b, kdy\u017e se va\u0161e o\u010di skl\u00e1n\u011bj\u00ed. Poc\u00edt\u00edte, jak se stav rychle \u0161\u00ed\u0159\u00ed do horn\u00ed \u010d\u00e1sti t\u011bla, uvol\u0148uje va\u0161e svaly, zat\u00edmco va\u0161e mysl je zasa\u017eena \u00fa\u017easn\u00fdm pocitem.<\/p>","protected":false},"featured_media":1432,"comment_status":"closed","ping_status":"closed","template":"","meta":{"_uag_custom_page_level_css":"","site-sidebar-layout":"default","site-content-layout":"","ast-site-content-layout":"","site-content-style":"default","site-sidebar-style":"default","ast-global-header-display":"","ast-banner-title-visibility":"","ast-main-header-display":"","ast-hfb-above-header-display":"","ast-hfb-below-header-display":"","ast-hfb-mobile-header-display":"","site-post-title":"","ast-breadcrumbs-content":"","ast-featured-img":"","footer-sml-layout":"","theme-transparent-header-meta":"","adv-header-id-meta":"","stick-header-meta":"","header-above-stick-meta":"","header-main-stick-meta":"","header-below-stick-meta":"","astra-migrate-meta-layouts":"default","ast-page-background-enabled":"default","ast-page-background-meta":{"desktop":{"background-color":"var(--ast-global-color-4)","background-image":"","background-repeat":"repeat","background-position":"center center","background-size":"auto","background-attachment":"scroll","background-type":"","background-media":"","overlay-type":"","overlay-color":"","overlay-opacity":"","overlay-gradient":""},"tablet":{"background-color":"","background-image":"","background-repeat":"repeat","background-position":"center center","background-size":"auto","background-attachment":"scroll","background-type":"","background-media":"","overlay-type":"","overlay-color":"","overlay-opacity":"","overlay-gradient":""},"mobile":{"background-color":"","background-image":"","background-repeat":"repeat","background-position":"center center","background-size":"auto","background-attachment":"scroll","background-type":"","background-media":"","overlay-type":"","overlay-color":"","overlay-opacity":"","overlay-gradient":""}},"ast-content-background-meta":{"desktop":{"background-color":"var(--ast-global-color-5)","background-image":"","background-repeat":"repeat","background-position":"center center","background-size":"auto","background-attachment":"scroll","background-type":"","background-media":"","overlay-type":"","overlay-color":"","overlay-opacity":"","overlay-gradient":""},"tablet":{"background-color":"var(--ast-global-color-5)","background-image":"","background-repeat":"repeat","background-position":"center center","background-size":"auto","background-attachment":"scroll","background-type":"","background-media":"","overlay-type":"","overlay-color":"","overlay-opacity":"","overlay-gradient":""},"mobile":{"background-color":"var(--ast-global-color-5)","background-image":"","background-repeat":"repeat","background-position":"center center","background-size":"auto","background-attachment":"scroll","background-type":"","background-media":"","overlay-type":"","overlay-color":"","overlay-opacity":"","overlay-gradient":""}}},"product_brand":[],"product_cat":[227],"product_tag":[201,202,203,204,205,206,207,208,209,210,211,212,213,214,215,216,217,218,219,220,221,222,223,224,225,226],"class_list":{"0":"post-1407","1":"product","2":"type-product","3":"status-publish","4":"has-post-thumbnail","6":"product_cat-buy-jungle-boys-weed","7":"product_tag-buy-weed-online-in-australia","8":"product_tag-buy-weed-online-in-belgium","9":"product_tag-buy-weed-online-in-britain","10":"product_tag-buy-weed-online-in-china","11":"product_tag-buy-weed-online-in-croatia","12":"product_tag-buy-weed-online-in-denmark","13":"product_tag-buy-weed-online-in-european-union","14":"product_tag-buy-weed-online-in-france","15":"product_tag-buy-weed-online-in-germany","16":"product_tag-buy-weed-online-in-guam","17":"product_tag-buy-weed-online-in-guernsey","18":"product_tag-buy-weed-online-in-hungary","19":"product_tag-buy-weed-online-in-ireland","20":"product_tag-buy-weed-online-in-israel","21":"product_tag-buy-weed-online-in-italy","22":"product_tag-buy-weed-online-in-japan","23":"product_tag-buy-weed-online-in-jersey","24":"product_tag-buy-weed-online-in-latvia","25":"product_tag-buy-weed-online-in-poland","26":"product_tag-buy-weed-online-in-russia","27":"product_tag-buy-weed-online-in-spain","28":"product_tag-buy-weed-online-in-sweeden","29":"product_tag-buy-weed-online-in-switzerland","30":"product_tag-buy-weed-online-in-turkey","31":"product_tag-buy-weed-online-in-ukraine","32":"product_tag-buy-weed-online-united-states","33":"desktop-align-center","34":"tablet-align-left","35":"mobile-align-left","37":"first","38":"instock","39":"shipping-taxable","40":"purchasable","41":"product-type-variable"},"uagb_featured_image_src":{"full":["https:\/\/caliweedeurope.com\/wp-content\/uploads\/2024\/11\/index-2.jpg",225,225,false],"thumbnail":["https:\/\/caliweedeurope.com\/wp-content\/uploads\/2024\/11\/index-2-150x150.jpg",150,150,true],"medium":["https:\/\/caliweedeurope.com\/wp-content\/uploads\/2024\/11\/index-2.jpg",225,225,false],"medium_large":["https:\/\/caliweedeurope.com\/wp-content\/uploads\/2024\/11\/index-2.jpg",225,225,false],"large":["https:\/\/caliweedeurope.com\/wp-content\/uploads\/2024\/11\/index-2.jpg",225,225,false],"1536x1536":["https:\/\/caliweedeurope.com\/wp-content\/uploads\/2024\/11\/index-2.jpg",225,225,false],"2048x2048":["https:\/\/caliweedeurope.com\/wp-content\/uploads\/2024\/11\/index-2.jpg",225,225,false],"trp-custom-language-flag":["https:\/\/caliweedeurope.com\/wp-content\/uploads\/2024\/11\/index-2.jpg",12,12,false],"woocommerce_thumbnail":["https:\/\/caliweedeurope.com\/wp-content\/uploads\/2024\/11\/index-2.jpg",225,225,false],"woocommerce_single":["https:\/\/caliweedeurope.com\/wp-content\/uploads\/2024\/11\/index-2.jpg",225,225,false],"woocommerce_gallery_thumbnail":["https:\/\/caliweedeurope.com\/wp-content\/uploads\/2024\/11\/index-2-100x100.jpg",100,100,true]},"uagb_author_info":{"display_name":"jetskiforsaleuk@gmail.com","author_link":"https:\/\/caliweedeurope.com\/cs\/author\/"},"uagb_comment_info":0,"uagb_excerpt":"TRAINOrange Mints #6 GENETICSOrange Cookies x Kush Mints THE FLAVORThe flavor comes through much better than the smell would make you think and hits nicely with a juicy citrus flavor THE AROMAThe aroma on the Orange Mints #6 was very weak compared to other strains. You will smell a feint Orange aroma and only smell&hellip;","_links":{"self":[{"href":"https:\/\/caliweedeurope.com\/cs\/wp-json\/wp\/v2\/product\/1407"}],"collection":[{"href":"https:\/\/caliweedeurope.com\/cs\/wp-json\/wp\/v2\/product"}],"about":[{"href":"https:\/\/caliweedeurope.com\/cs\/wp-json\/wp\/v2\/types\/product"}],"replies":[{"embeddable":true,"href":"https:\/\/caliweedeurope.com\/cs\/wp-json\/wp\/v2\/comments?post=1407"}],"wp:featuredmedia":[{"embeddable":true,"href":"https:\/\/caliweedeurope.com\/cs\/wp-json\/wp\/v2\/media\/1432"}],"wp:attachment":[{"href":"https:\/\/caliweedeurope.com\/cs\/wp-json\/wp\/v2\/media?parent=1407"}],"wp:term":[{"taxonomy":"product_brand","embeddable":true,"href":"https:\/\/caliweedeurope.com\/cs\/wp-json\/wp\/v2\/product_brand?post=1407"},{"taxonomy":"product_cat","embeddable":true,"href":"https:\/\/caliweedeurope.com\/cs\/wp-json\/wp\/v2\/product_cat?post=1407"},{"taxonomy":"product_tag","embeddable":true,"href":"https:\/\/caliweedeurope.com\/cs\/wp-json\/wp\/v2\/product_tag?post=1407"}],"curies":[{"name":"wp","href":"https:\/\/api.w.org\/{rel}","templated":true}]}}