{"id":1428,"date":"2024-11-03T21:32:51","date_gmt":"2024-11-03T21:32:51","guid":{"rendered":"https:\/\/caliweedeurope.com\/?post_type=product&#038;p=1428"},"modified":"2024-11-03T21:33:26","modified_gmt":"2024-11-03T21:33:26","slug":"gelato-weed-strain-for-sale","status":"publish","type":"product","link":"https:\/\/caliweedeurope.com\/cs\/product\/gelato-weed-strain-for-sale\/","title":{"rendered":"Gelato Weed strain For sale"},"content":{"rendered":"<h1><\/h1>\n<h1>\u00a0Kupte si Gelato Weed Strain \u2013 Exotick\u00e1 \u0161pi\u010dkov\u00e1 tr\u00e1va<\/h1>\n<p class=\"translation-block\">Dal\u0161\u00ed \u0161pi\u010dkov\u00fd druh z Deligentman.com! <span style=\"font-size: 14pt\"><strong>Gelato Weed<\/strong><\/span> je v\u00fdsledkem k\u0159\u00ed\u017een\u00ed Thin Mint Girl Scout Cookies a Sunset Sherbet, dvou odr\u016fd zn\u00e1m\u00fdch sv\u00fdmi neuv\u011b\u0159iteln\u011b lahodn\u00fdmi chut\u011bmi a v\u016fn\u011bmi. Odr\u016fda Gelato m\u00e1 v\u016fn\u011b a chut\u011b popisovan\u00e9 jako zemit\u00e1, sladk\u00e1, m\u00e1tov\u00e1, citrusov\u00e1, bobulov\u00e1, dubov\u00e1, sorbetov\u00e1, pomeran\u010dov\u00e1, levandulov\u00e1 a su\u0161enkov\u00e1. Rostlina Gelato je kr\u00e1tk\u00e1 a robustn\u00ed. Jej\u00ed listy jsou tmav\u011b zelen\u00e9 s tmav\u011b fialov\u00fdmi odst\u00edny. Pupeny Gelato vypadaj\u00ed tmav\u011b fialov\u011b a jsou protk\u00e1ny jasn\u011b oran\u017eov\u00fdmi pest\u00edky. Pupeny jsou lepiv\u00e9 s pr\u016fm\u011brn\u00fdm pokryt\u00edm trichomov\u00fdch krystal\u016f.<\/p>\n<p>Odr\u016fda Gelato marihuany m\u00e1 vysok\u00e9 hladiny THC v rozmez\u00ed 15\u201325 %, co\u017e z n\u00ed \u010din\u00ed pom\u011brn\u011b silnou odr\u016fdu. Hybridn\u00ed efekty THC Design jsou dob\u0159e vyv\u00e1\u017een\u00e9 \u2013 zaj\u00edmav\u00e1 sm\u011bs povzbuzen\u00ed a relaxace. Pokud tou\u017e\u00edte po indica t\u011blesn\u00e9m high s n\u00e1dechem sativa jasnosti, kter\u00e1 v\u00e1s udr\u017e\u00ed dostate\u010dn\u011b aktivn\u00ed na to, abyste si u\u017eili \u00fa\u010dinky odr\u016fdy, pak je tahle pro v\u00e1s. \u00da\u010dinky nastupuj\u00ed rychle, za\u010d\u00ednaj\u00ed n\u00e1valem do hlavy a intenzivn\u00ed eufori\u00ed. High, kter\u00e9 p\u0159in\u00e1\u0161\u00ed, je bla\u017een\u00e9 a povzn\u00e1\u0161ej\u00edc\u00ed. Postupn\u00e9 t\u011blesn\u00e9 zklidn\u011bn\u00ed se pl\u00ed\u017eiv\u011b prosad\u00ed, a\u017e se budete c\u00edtit naprosto uvoln\u011bn\u00ed a klidn\u00ed, ale s dostatkem energie a soust\u0159ed\u011bn\u00ed, abyste z\u016fstali pozitivn\u00ed a spole\u010den\u0161t\u00ed.<\/p>\n<p class=\"translation-block\">Kupte si Gelato 45 UK<b>,\u00a0<\/b>Gelato\u00a0<b>#45 vs 33 tak\u00e9 kupte <\/b>Gelato 45\u00a0<b>allbud,\u00a0<\/b>Gelato\u00a0<b>41<\/b>-odr\u016fda,\u00a0Gelato\u00a0<b>#45 v\u00fdnos,\u00a0<\/b>Gelato 45-odr\u016fda\u00a0<b>Smart Cart,\u00a0<\/b>Gelato 45\u00a0<b>vs 33,\u00a0<\/b>Gelato 45-odr\u016fda\u00a0<b>Indica nebo Sativa,\u00a0<\/b><b>Gelati vs<\/b>\u00a0Gelato-odr\u016fda,\u00a0Gelato-odr\u016fda\u00a0<b>45,\u00a0<\/b><b>Shark<\/b>-Gelato-odr\u016fda,\u00a0Gelato\u00a0<b>41<\/b>-odr\u016fda,\u00a0<b>Wedding Cake<\/b>-odr\u016fda,\u00a0<b>Blueberry<\/b>-Gelato-odr\u016fda,\u00a0<b>Lemon<\/b>-Gelato-odr\u016fda, konop\u00ed<\/p>\n<h3>L\u00e9\u010debn\u00e9 p\u0159\u00ednosy pou\u017eit\u00ed hybridn\u00edho kmene Gelato Weed<\/h3>\n<p>Lehk\u00fd cerebr\u00e1ln\u00ed efekt Gelata spolu se sou\u010dasnou t\u011blesnou relaxac\u00ed z n\u011bj d\u011bl\u00e1 obl\u00edben\u00fd kmen pro l\u00e9\u010dbu \u00fazkostn\u00fdch poruch a chronick\u00e9ho stresu. Gelato poskytuje n\u00e1val cerebr\u00e1ln\u00ed energie, kter\u00fd pom\u00e1h\u00e1 zm\u00edrnit chronickou depresi. Tato stimulace m\u016f\u017ee tak\u00e9 pomoci pacient\u016fm s poruchami pozornosti, jako je ADHD a ADD. Indica slo\u017eka uvoln\u00ed t\u011blo, aby potla\u010dila hyperaktivitu, zat\u00edmco Sativa poskytne pot\u0159ebnou stimulaci pro trval\u00e9 soust\u0159ed\u011bn\u00ed. Gelato kmen pom\u00e1h\u00e1 proti nevolnosti d\u00edky sv\u00e9 l\u00e1kav\u00e9 chuti a v\u016fni; tato odr\u016fda Gelato tak\u00e9 podporuje chu\u0165 k j\u00eddlu u pacient\u016f trp\u00edc\u00edch nevolnost\u00ed zp\u016fsobenou chemoterapi\u00ed p\u0159i rakovin\u011b nebo autoimunitn\u00edch onemocn\u011bn\u00edch.<\/p>\n<h3>\u00da\u010dinky marihuanov\u00e9 odr\u016fdy Gelato 45<\/h3>\n<ul>\n<li>\u0160\u0165astn\u00fd<\/li>\n<li>Euforick\u00fd<\/li>\n<li>Uvoln\u011bn\u00fd<\/li>\n<li>Povznesen\u00fd<\/li>\n<li>Kreativn\u00ed<\/li>\n<\/ul>\n<p>Klasifikace: 55% Indica \/ 45% Sativa<\/p>\n<p>P\u016fvod: Thin Mint Girl Scout Cookies X Sunset Sherbet<\/p>\n<p>Kveten\u00ed: 8 \u2013 9 t\u00fddn\u016f<\/p>\n<p>Podm\u00ednky p\u011bstov\u00e1n\u00ed: Vnit\u0159n\u00ed \/ Venkovn\u00ed<\/p>\n<p>V\u00fdnos: Pr\u016fm\u011brn\u00fd a\u017e Vysok\u00fd<\/p>\n<p>&nbsp;<\/p>\n<div id=\"extrares\">\n<div id=\"botstuff\">\n<div data-ved=\"2ahUKEwjOnKHOuNLqAhVbHzQIHWV0BAUQCHoECA0QKA\">\n<div id=\"brs\" data-hveid=\"CAwQAA\">\n<div class=\"card-section\">\n<div class=\"brs_col\">\n<p class=\"nVcaUb translation-block\">Kup Gelato 45 UK<b>, kde koupit <\/b>Gelato\u00a0<b>#45 vs 33, <\/b>Gelato 45\u00a0<b>v\u0161echny budy na prodej, <\/b>Gelato\u00a0<b>41<\/b> odr\u016fda, Gelato\u00a0<b>#45 v\u00fdnos, <\/b>Gelato 45 odr\u016fda\u00a0<b>Smart Cart, <\/b>Gelato 45\u00a0<b>vs 33, <\/b>Gelato 45 odr\u016fda\u00a0<b>indica nebo sativa, <\/b><b>gelati vs<\/b> odr\u016fda gelato, odr\u016fda gelato\u00a0<b>45, tak\u00e9 m\u016f\u017eete koupit <\/b><b>Shark<\/b> gelato odr\u016fda, Gelato\u00a0<b>41<\/b> odr\u016fda, <b>Wedding Cake<\/b> odr\u016fda, <b>Blueberry<\/b> gelato odr\u016fda, <b>Sherbet<\/b> odr\u016fda, <b>Lemon<\/b> gelato odr\u016fda. M\u016f\u017eete koupit Gelato <a href=\"https:\/\/kifpot.com\/\" target=\"_blank\" rel=\"noopener\">CBD konopn\u00e9 kv\u011bty<\/a><\/p>\n<p class=\"translation-block\"><a href=\"https:\/\/deligentman.com\/buy-cannabis-online-uk\/\" target=\"_blank\" rel=\"noopener\"><span style=\"font-weight: 400\">N\u00e1\u0161 obchod<\/span><\/a><span style=\"font-weight: 400\"> je jedn\u00edm z nejlep\u0161\u00edch obchod\u016f na n\u00e1kup tr\u00e1vy online ve Spojen\u00e9m kr\u00e1lovstv\u00ed, Evrop\u011b, USA a EU, s nebo bez l\u00e9ka\u0159sk\u00e9 karty. Tak\u00e9 m\u00e1me kvalitn\u00ed odr\u016fdy tr\u00e1vy z horn\u00ed police na prodej. Tr\u00e1va v Irsku na prodej v USA. Nab\u00edz\u00edme bezplatnou dopravu po cel\u00e9m UK, Evrop\u011b a USA. Aquatic Weed Cutter na prodej ve Spojen\u00e9m kr\u00e1lovstv\u00ed. Jak koupit tr\u00e1vu online, <\/span><span style=\"font-weight: 400\">objednejte tr\u00e1vu online v UK, USA, EU. <\/span>Kupte Cannabis online, m\u016f\u017eete si objednat tr\u00e1vu a konop\u00ed online ve Spojen\u00e9m kr\u00e1lovstv\u00ed. Rychle doru\u010dujeme pomoc\u00ed Next Day Delivery. Z\u00edskejte tr\u00e1vu a konop\u00ed na prodej v UK Weed Supermarket. Kupte Cannabis online ve Spojen\u00e9m kr\u00e1lovstv\u00ed a objednejte si tr\u00e1vu UK, Kupte tr\u00e1vu online UK Kupte marihuanu online UK. Rychle doru\u010dujeme pomoc\u00ed Next Day Delivery. Tr\u00e1va na prodej v UK. Aquatic Weed Cutter na prodej ve Spojen\u00e9m kr\u00e1lovstv\u00ed. Jak koupit tr\u00e1vu online.<\/p>\n<\/p><\/div>\n<\/p><\/div>\n<\/p><\/div>\n<\/p><\/div>\n<\/p><\/div>\n<\/p><\/div>\n<div>\n<div id=\"foot\" role=\"navigation\">\n<div class=\"brs_col\">\n<p class=\"nVcaUb\"> <\/div>\n<\/p><\/div>\n<\/p><\/div>","protected":false},"excerpt":{"rendered":"<p>Gelato Weed m\u00e1 jemn\u00e9 a ovocn\u00e9 kouzlo Sunset Sherbert a zemitou, bylinnou chu\u0165 Thin Mints. S omezenou dostupnost\u00ed a v\u00fdrazn\u00fdm vzhledem i chut\u00ed spad\u00e1 tato odr\u016fda do nov\u00e9 kategorie \u0159emesln\u00fdch hybrid\u016f z\u00e1padn\u00edho pob\u0159e\u017e\u00ed zam\u011b\u0159en\u00fdch na chu\u0165. Gelato p\u0159in\u00e1\u0161\u00ed n\u011bkolik \u017e\u00e1douc\u00edch vlastnost\u00ed ze sv\u00e9ho intenzivn\u011b k\u0159\u00ed\u017een\u00e9ho p\u016fvodu a vynik\u00e1 vizu\u00e1ln\u011b i chu\u0165ov\u011b. Jej\u00ed psychedelick\u00e1, ale uvol\u0148uj\u00edc\u00ed atmosf\u00e9ra z n\u00ed d\u011bl\u00e1 perfektn\u00ed volbu pro introspekci o samot\u011b nebo pov\u00eddav\u00e9 spole\u010densk\u00e9 chv\u00edle.<a href=\"http:\/\/kifpot.com\">.<\/a><\/p>","protected":false},"featured_media":1440,"comment_status":"closed","ping_status":"closed","template":"","meta":{"_uag_custom_page_level_css":"","site-sidebar-layout":"default","site-content-layout":"","ast-site-content-layout":"","site-content-style":"default","site-sidebar-style":"default","ast-global-header-display":"","ast-banner-title-visibility":"","ast-main-header-display":"","ast-hfb-above-header-display":"","ast-hfb-below-header-display":"","ast-hfb-mobile-header-display":"","site-post-title":"","ast-breadcrumbs-content":"","ast-featured-img":"","footer-sml-layout":"","theme-transparent-header-meta":"","adv-header-id-meta":"","stick-header-meta":"","header-above-stick-meta":"","header-main-stick-meta":"","header-below-stick-meta":"","astra-migrate-meta-layouts":"default","ast-page-background-enabled":"default","ast-page-background-meta":{"desktop":{"background-color":"var(--ast-global-color-4)","background-image":"","background-repeat":"repeat","background-position":"center center","background-size":"auto","background-attachment":"scroll","background-type":"","background-media":"","overlay-type":"","overlay-color":"","overlay-opacity":"","overlay-gradient":""},"tablet":{"background-color":"","background-image":"","background-repeat":"repeat","background-position":"center center","background-size":"auto","background-attachment":"scroll","background-type":"","background-media":"","overlay-type":"","overlay-color":"","overlay-opacity":"","overlay-gradient":""},"mobile":{"background-color":"","background-image":"","background-repeat":"repeat","background-position":"center center","background-size":"auto","background-attachment":"scroll","background-type":"","background-media":"","overlay-type":"","overlay-color":"","overlay-opacity":"","overlay-gradient":""}},"ast-content-background-meta":{"desktop":{"background-color":"var(--ast-global-color-5)","background-image":"","background-repeat":"repeat","background-position":"center center","background-size":"auto","background-attachment":"scroll","background-type":"","background-media":"","overlay-type":"","overlay-color":"","overlay-opacity":"","overlay-gradient":""},"tablet":{"background-color":"var(--ast-global-color-5)","background-image":"","background-repeat":"repeat","background-position":"center center","background-size":"auto","background-attachment":"scroll","background-type":"","background-media":"","overlay-type":"","overlay-color":"","overlay-opacity":"","overlay-gradient":""},"mobile":{"background-color":"var(--ast-global-color-5)","background-image":"","background-repeat":"repeat","background-position":"center center","background-size":"auto","background-attachment":"scroll","background-type":"","background-media":"","overlay-type":"","overlay-color":"","overlay-opacity":"","overlay-gradient":""}}},"product_brand":[],"product_cat":[22,228],"product_tag":[229,230,231,232,233,234,235,236,237,238,239,240,241,242,243,244,245,246,247,248,138,249],"class_list":{"0":"post-1428","1":"product","2":"type-product","3":"status-publish","4":"has-post-thumbnail","6":"product_cat-hybrid","7":"product_cat-indica","8":"product_tag-blueberry-gelato-strain","9":"product_tag-buy-gelato-45-uk","10":"product_tag-buy-gelato-weed","11":"product_tag-buy-weed-online-uk","12":"product_tag-eu-buy-cannabis-online","13":"product_tag-europe","14":"product_tag-gelati-vs-gelato-strain","15":"product_tag-gelato-45-vs-33","16":"product_tag-gelato-45-yield","17":"product_tag-gelato-41-strain","18":"product_tag-gelato-45-allbud","19":"product_tag-gelato-45-strain-indica-or-sativa","20":"product_tag-gelato-45-strain-smart-cart","21":"product_tag-gelato-strain-45","22":"product_tag-how-to-buy-gelato-strain","23":"product_tag-lemon-gelato-strain","24":"product_tag-mail-order-weed-uk","25":"product_tag-order-weed-online-uk","26":"product_tag-shark-gelato-strain","27":"product_tag-usa","28":"product_tag-wedding-cake-strain","29":"product_tag-where-to-buy-gelato-weed","30":"desktop-align-center","31":"tablet-align-left","32":"mobile-align-left","34":"first","35":"instock","36":"sale","37":"shipping-taxable","38":"purchasable","39":"product-type-variable"},"uagb_featured_image_src":{"full":["https:\/\/caliweedeurope.com\/wp-content\/uploads\/2024\/11\/gelato__primary_0dc7.jpg",1040,1024,false],"thumbnail":["https:\/\/caliweedeurope.com\/wp-content\/uploads\/2024\/11\/gelato__primary_0dc7-150x150.jpg",150,150,true],"medium":["https:\/\/caliweedeurope.com\/wp-content\/uploads\/2024\/11\/gelato__primary_0dc7-300x295.jpg",300,295,true],"medium_large":["https:\/\/caliweedeurope.com\/wp-content\/uploads\/2024\/11\/gelato__primary_0dc7-768x756.jpg",768,756,true],"large":["https:\/\/caliweedeurope.com\/wp-content\/uploads\/2024\/11\/gelato__primary_0dc7-1024x1008.jpg",1024,1008,true],"1536x1536":["https:\/\/caliweedeurope.com\/wp-content\/uploads\/2024\/11\/gelato__primary_0dc7.jpg",1040,1024,false],"2048x2048":["https:\/\/caliweedeurope.com\/wp-content\/uploads\/2024\/11\/gelato__primary_0dc7.jpg",1040,1024,false],"trp-custom-language-flag":["https:\/\/caliweedeurope.com\/wp-content\/uploads\/2024\/11\/gelato__primary_0dc7.jpg",12,12,false],"woocommerce_thumbnail":["https:\/\/caliweedeurope.com\/wp-content\/uploads\/2024\/11\/gelato__primary_0dc7-300x300.jpg",300,300,true],"woocommerce_single":["https:\/\/caliweedeurope.com\/wp-content\/uploads\/2024\/11\/gelato__primary_0dc7-600x591.jpg",600,591,true],"woocommerce_gallery_thumbnail":["https:\/\/caliweedeurope.com\/wp-content\/uploads\/2024\/11\/gelato__primary_0dc7-100x100.jpg",100,100,true]},"uagb_author_info":{"display_name":"jetskiforsaleuk@gmail.com","author_link":"https:\/\/caliweedeurope.com\/cs\/author\/"},"uagb_comment_info":0,"uagb_excerpt":"Gelato Weed has all the smooth and fruity appeal of Sunset Sherbert with the earthy, herbal goodness of Thin Mints. With limited availability and a bold look and taste, this strain falls into an emerging category of west coast craft hybrids that are focused on taste. Carrying multiple desirable traits from its heavily crossbred lineage,&hellip;","_links":{"self":[{"href":"https:\/\/caliweedeurope.com\/cs\/wp-json\/wp\/v2\/product\/1428"}],"collection":[{"href":"https:\/\/caliweedeurope.com\/cs\/wp-json\/wp\/v2\/product"}],"about":[{"href":"https:\/\/caliweedeurope.com\/cs\/wp-json\/wp\/v2\/types\/product"}],"replies":[{"embeddable":true,"href":"https:\/\/caliweedeurope.com\/cs\/wp-json\/wp\/v2\/comments?post=1428"}],"wp:featuredmedia":[{"embeddable":true,"href":"https:\/\/caliweedeurope.com\/cs\/wp-json\/wp\/v2\/media\/1440"}],"wp:attachment":[{"href":"https:\/\/caliweedeurope.com\/cs\/wp-json\/wp\/v2\/media?parent=1428"}],"wp:term":[{"taxonomy":"product_brand","embeddable":true,"href":"https:\/\/caliweedeurope.com\/cs\/wp-json\/wp\/v2\/product_brand?post=1428"},{"taxonomy":"product_cat","embeddable":true,"href":"https:\/\/caliweedeurope.com\/cs\/wp-json\/wp\/v2\/product_cat?post=1428"},{"taxonomy":"product_tag","embeddable":true,"href":"https:\/\/caliweedeurope.com\/cs\/wp-json\/wp\/v2\/product_tag?post=1428"}],"curies":[{"name":"wp","href":"https:\/\/api.w.org\/{rel}","templated":true}]}}