{"id":1454,"date":"2024-11-03T21:33:04","date_gmt":"2024-11-03T21:33:04","guid":{"rendered":"https:\/\/caliweedeurope.com\/?post_type=product&#038;p=1454"},"modified":"2024-11-03T21:33:26","modified_gmt":"2024-11-03T21:33:26","slug":"buy-acdc-marijuana-strain","status":"publish","type":"product","link":"https:\/\/caliweedeurope.com\/cs\/product\/buy-acdc-marijuana-strain\/","title":{"rendered":"Koupit odr\u016fdu marihuany ACDC"},"content":{"rendered":"<h1>Koupit odr\u016fdu marihuany ACDC \u2013 Buy weed Europe<\/h1>\n<p>Koupit ACDC tr\u00e1vu v Evrop\u011b, Velk\u00e9 Brit\u00e1nii, USA, stejn\u011b uklid\u0148uj\u00edc\u00ed a revitalizuj\u00edc\u00ed jako poslouch\u00e1n\u00ed n\u011bkter\u00fdch va\u0161ich obl\u00edben\u00fdch skladeb, <a href=\"https:\/\/www.leafly.com\/strains\/acdc\" target=\"_blank\" rel=\"noopener noreferrer\">ACDC<\/a>\u00a0tato odr\u016fda v\u00e1s tak\u00e9 revitalizuje a p\u0159iprav\u00ed na akci. M\u00e1 velmi vysokou hladinu CBD a byla zvolena jednou z nejlep\u0161\u00edch odr\u016fd s vysok\u00fdm obsahem CBD pro l\u00e9\u010debn\u00e9 pou\u017eit\u00ed. ACDC m\u016f\u017ee pomoci s r\u016fzn\u00fdmi probl\u00e9my, od bolesti nerv\u016f a roztrou\u0161en\u00e9 skler\u00f3zy po epilepsii a PTSD. To v\u0161e s t\u00e9m\u011b\u0159 \u017e\u00e1dn\u00fdmi psychoaktivn\u00edmi \u00fa\u010dinky. I kdy\u017e nevyvol\u00e1vaj\u00ed \u017e\u00e1dn\u00e9 psychoaktivn\u00ed \u00fa\u010dinky, odr\u016fdy konop\u00ed s vysok\u00fdm obsahem CBD, jako je ACDC, jsou velmi \u017e\u00e1dan\u00e9 d\u00edky sv\u00e9 neintoxikuj\u00edc\u00ed, 100% p\u0159\u00edrodn\u00ed form\u011b terapie.<\/p>\n<p>ACDC pat\u0159\u00ed mezi vz\u00e1cn\u00e9 odr\u016fdy\u00a0<a href=\"https:\/\/www.bonzaseeds.com\/blog\/different-types-cannabis-plants\/\" target=\"_blank\" rel=\"noopener noreferrer\">cannabis<\/a> ACDC pat\u0159\u00ed mezi vz\u00e1cn\u00e9 odr\u016fdy, kter\u00e9 poskytuj\u00ed u\u017eivatel\u016fm \"high\" bez psychoaktivn\u00edch \u00fa\u010dink\u016f. U t\u00e9to odr\u016fdy nejsou \u017e\u00e1dn\u00e9 psychedelick\u00e9 z\u00e1\u017eitky nebo narkotick\u00e9 \"kamenn\u00e9\" stavy. Vynik\u00e1 ve sv\u00e9m l\u00e9ka\u0159sk\u00e9m pou\u017eit\u00ed. Proto n\u011bkte\u0159\u00ed lid\u00e9 r\u00e1di pova\u017euj\u00ed tuto odr\u016fdu za dopln\u011bk stravy. Kupte ACDC odr\u016fdu nebo semena na bolest, \u00fazkost, sp\u00e1nek a depresi ve velk\u00e9m v Evrop\u011b z legitimn\u00ed online dispensary s bezplatnou doru\u010den\u00edm p\u0159es noc. M\u016f\u017eete koupit marihuanu v Georgii, kde koupit marihuanu v Georgii, koupit marihuanu v Irsku, koupit d\u00fdmku na marihuanu v Irsku, nejlep\u0161\u00ed m\u00edsto pro koupi marihuany v Irsku.<\/p>\n<div class=\"css-63oe3q\">\n<div class=\"css-63oe3q\"><\/div>\n<\/p><\/div>\n<h2><strong>Koupi Kanabis Online \u2013 Medic\u00ednsk\u00fd Kanabis K Prodeji \u2013 Koupit ACDC Weed Strain<\/strong><\/h2>\n<p>ACDC z\u00edskal n\u011bkolik ocen\u011bn\u00ed a uzn\u00e1n\u00ed. Ve sv\u011bt\u011b, kde v\u011bt\u0161ina lid\u00ed vn\u00edm\u00e1 konop\u00ed z hlediska s\u00edly, je tento opakem. Obsahuje a\u017e 24 % CBD, co\u017e z n\u011bj \u010din\u00ed \u00fa\u010dinnou l\u00e9\u010dbu z\u00e1chvat\u016f a epilepsie.<\/p>\n<p>I kdy\u017e mnoho marihuanov\u00fdch odr\u016fd je navr\u017eeno tak, aby v\u00e1s dostaly do rau\u0161e,\u00a0<strong>m\u00edt p\u00e1r dobr\u00fdch sm\u00edch\u016f<\/strong>, a 'nastav\u00edte' svou chemii mozku do bodu, kdy neberete \u017eivot tak v\u00e1\u017en\u011b, existuje oblast medic\u00ednsk\u00e9ho konop\u00ed, jeho\u017e jedin\u00fdm \u00fa\u010delem je uzdravit t\u011blo a mysl \u2013 bez psychoaktivn\u00edch \u00fa\u010dink\u016f.<\/p>\n<p>Tyto typy konop\u00ed jsou pom\u011brn\u011b nov\u00fdm v\u00fdtvorem, proto\u017ee za\u010daly z\u00edsk\u00e1vat popularitu a\u017e pot\u00e9, co si lid\u00e9 uv\u011bdomili, \u017ee vysok\u00e9 \u00farovn\u011b CBD mohou p\u0159in\u00e9st hlubok\u00e9 terapeutick\u00e9 v\u00fdsledky, bez t\u00e9m\u011b\u0159 \u017e\u00e1dn\u00e9ho opojen\u00ed. Ve skute\u010dnosti mnoho lid\u00ed v posledn\u00edch letech \u017e\u00e1dalo chovatele, aby vyvinuli odr\u016fdy s vysok\u00fdm procentem CBD, pr\u00e1v\u011b z t\u011bchto d\u016fvod\u016f. ACDC z\u00edskalo skv\u011bl\u00e9 uzn\u00e1n\u00ed v konopn\u00e9 komunit\u011b a dokonce vyhr\u00e1lo cenu Cannabis Cup za sv\u00e9 terapeutick\u00e9, neintoxikuj\u00edc\u00ed \u00fa\u010dinky.<\/p>\n<h2 class=\"translation-block\">ACDC Marihuanov\u00e1 odr\u016fda: Informace o p\u011bstov\u00e1n\u00ed \u2013 M\u016f\u017eu<strong> koupit marihuanu online v Evrop\u011b?<\/strong><\/h2>\n<p>ACDC konop\u00ed je st\u0159edn\u011b vysok\u00e1 rostlina, kter\u00e1 obvykle dor\u016fst\u00e1 maxim\u00e1ln\u011b do v\u00fd\u0161ky \u010dty\u0159 stop. Jej\u00ed struktura p\u0159ipom\u00edn\u00e1 tradi\u010dn\u00ed \u201eskunk\u201c odr\u016fdy, s pupeny, kter\u00e9 se shroma\u017e\u010fuj\u00ed ve velk\u00fdch svazc\u00edch naz\u00fdvan\u00fdch coly. V\u011bt\u0161ina lid\u00ed by souhlasila s t\u00edm, \u017ee ACDC konop\u00ed je pom\u011brn\u011b n\u00e1ro\u010dn\u00e9 na p\u011bstov\u00e1n\u00ed a vy\u017eaduje spoustu \u00fadr\u017eby pro \u00fasp\u011b\u0161n\u00fd v\u00fdnos. Rostlina pot\u0159ebuje velkou podporu, za\u010d\u00ednaj\u00edc\u00ed platformou, na kterou se m\u016f\u017ee uchytit, aby mohla vyvinout siln\u00fd stonek a v\u011btve.<\/p>\n<p class=\"translation-block\">ACDC m\u00e1 svou linii od <a href=\"https:\/\/www.bonzaseeds.com\/blog\/cannatonic\/\" target=\"_blank\" rel=\"noopener noreferrer\">CannaTonic<\/a>. Z t\u00e9to odr\u016fdy NorStar Genetics pe\u010dliv\u011b vybrali jeden z jej\u00edch fenotyp\u016f. Pot\u00e9 ji zk\u0159\u00ed\u017eili s rostlinou konop\u00ed <a href=\"https:\/\/www.bonzaseeds.com\/blog\/different-types-cannabis-plants\/\" target=\"_blank\" rel=\"noopener noreferrer\">Ruderalis<\/a>. V podstat\u011b to, co chovatel ud\u011blal, bylo vytvo\u0159en\u00ed lep\u0161\u00ed verze p\u016fvodn\u00ed mate\u0159sk\u00e9 odr\u016fdy, kter\u00e1 m\u00e1 mnohem m\u00e9n\u011b THC, ale v\u00edce CBD.<\/p>\n<p>acdc strain allbud, acdc strain seeds, acdc strain edibles, acdc cbd oil online, cannatonic strain, acdc strain for sale, ac dc cbd oil for sale, ac dc strain information, ac dc greatest hits, ac dc strain marijuana, acdc strain seeds, acdc strain oil, acdc strain near me, acdc cbd oil online, cbd strains, Ac Dc Strain Info, Acdc Flower Strain, Ac Dc Cbd Oil For Sale, Acdc Cookie Strain, All Marijuana Strain List A Z, Cannabis Strains Guide Chart, Ac Dc Cbd Oil, Complete List Of Marijuana Strains, Ac Dc Cbd Hemp Flower, Acdc Flower Strain, Acdc Strain For Sale, Ac Dc Cbd Flower, Acdc Hemp Flowers For Sale, Acdc Weed Strain For Sale, Buy Acdc Flower<\/p>","protected":false},"excerpt":{"rendered":"<p><b>Koupit odr\u016fdu marihuany ACDC\u00a0<a href=\"https:\/\/www.wikileaf.com\/strain\/acdc\/\">acdc<\/a>\u00a0Strain na prodej v Evrop\u011b se pou\u017e\u00edv\u00e1 na bolest, \u00fazkost, sp\u00e1nek a depresi. Hled\u00e1te dodavatele ACDC konop\u00ed ve velk\u00e9m v Evrop\u011b s bezplatnou no\u010dn\u00ed dopravou?<\/b>\u00a0 V Evrop\u011b m\u016f\u017eete koupit marihuanu. Nejlep\u0161\u00ed kvalita a vynikaj\u00edc\u00ed slu\u017eby doru\u010den\u00ed. Spokojenost z\u00e1kazn\u00edk\u016f je na\u0161\u00ed nejvy\u0161\u0161\u00ed prioritou. M\u00e1me vynikaj\u00edc\u00ed vy\u0161kolen\u00fd t\u00fdm pro balen\u00ed, kter\u00fd je specializov\u00e1n na poskytov\u00e1n\u00ed dokonal\u00e9ho diskr\u00e9tn\u00edho balen\u00ed, p\u0159i\u010dem\u017e v\u0161echny z\u00e1pachy a dal\u0161\u00ed faktory jsou dob\u0159e zaji\u0161t\u011bny. Nab\u00edz\u00edme 7denn\u00ed z\u00e1ruku vr\u00e1cen\u00ed pen\u011bz na v\u0161echny objedn\u00e1vky, pokud je objedn\u00e1vka ztracena nebo nebyla doru\u010dena. Vypl\u0148te formul\u00e1\u0159 n\u00ed\u017ee, pokud si p\u0159ejete prov\u00e9st sm\u00ed\u0161enou objedn\u00e1vku nebo vyjednat cenu pro velkoobjemov\u00e9 objedn\u00e1vky (5 liber a v\u00edce). Nav\u0161tivte na\u0161i str\u00e1nku FAQ pro v\u00edce podrobnost\u00ed nebo pou\u017eijte n\u00e1\u0161 online chat, pokud pot\u0159ebujete dal\u0161\u00ed pomoc.<\/p>","protected":false},"featured_media":1478,"comment_status":"closed","ping_status":"closed","template":"","meta":{"_uag_custom_page_level_css":"","site-sidebar-layout":"default","site-content-layout":"","ast-site-content-layout":"","site-content-style":"default","site-sidebar-style":"default","ast-global-header-display":"","ast-banner-title-visibility":"","ast-main-header-display":"","ast-hfb-above-header-display":"","ast-hfb-below-header-display":"","ast-hfb-mobile-header-display":"","site-post-title":"","ast-breadcrumbs-content":"","ast-featured-img":"","footer-sml-layout":"","theme-transparent-header-meta":"","adv-header-id-meta":"","stick-header-meta":"","header-above-stick-meta":"","header-main-stick-meta":"","header-below-stick-meta":"","astra-migrate-meta-layouts":"default","ast-page-background-enabled":"default","ast-page-background-meta":{"desktop":{"background-color":"var(--ast-global-color-4)","background-image":"","background-repeat":"repeat","background-position":"center center","background-size":"auto","background-attachment":"scroll","background-type":"","background-media":"","overlay-type":"","overlay-color":"","overlay-opacity":"","overlay-gradient":""},"tablet":{"background-color":"","background-image":"","background-repeat":"repeat","background-position":"center center","background-size":"auto","background-attachment":"scroll","background-type":"","background-media":"","overlay-type":"","overlay-color":"","overlay-opacity":"","overlay-gradient":""},"mobile":{"background-color":"","background-image":"","background-repeat":"repeat","background-position":"center center","background-size":"auto","background-attachment":"scroll","background-type":"","background-media":"","overlay-type":"","overlay-color":"","overlay-opacity":"","overlay-gradient":""}},"ast-content-background-meta":{"desktop":{"background-color":"var(--ast-global-color-5)","background-image":"","background-repeat":"repeat","background-position":"center center","background-size":"auto","background-attachment":"scroll","background-type":"","background-media":"","overlay-type":"","overlay-color":"","overlay-opacity":"","overlay-gradient":""},"tablet":{"background-color":"var(--ast-global-color-5)","background-image":"","background-repeat":"repeat","background-position":"center center","background-size":"auto","background-attachment":"scroll","background-type":"","background-media":"","overlay-type":"","overlay-color":"","overlay-opacity":"","overlay-gradient":""},"mobile":{"background-color":"var(--ast-global-color-5)","background-image":"","background-repeat":"repeat","background-position":"center center","background-size":"auto","background-attachment":"scroll","background-type":"","background-media":"","overlay-type":"","overlay-color":"","overlay-opacity":"","overlay-gradient":""}}},"product_brand":[],"product_cat":[22,228],"product_tag":[290,291,292,276,293,294,295,296,297,281,283,245,285,286,287,288,298,289],"class_list":{"0":"post-1454","1":"product","2":"type-product","3":"status-publish","4":"has-post-thumbnail","6":"product_cat-hybrid","7":"product_cat-indica","8":"product_tag-an-you-buy-weed-in-ga","9":"product_tag-best-place-to-buy-weed-ireland","10":"product_tag-buy-cannabis","11":"product_tag-buy-cannabis-online","12":"product_tag-buy-weed-france","13":"product_tag-buy-weed-germanay","14":"product_tag-buy-weed-ireland","15":"product_tag-buy-weed-pipe-ireland","16":"product_tag-buy-weed-poland","17":"product_tag-cannabis-online-in-the-uk","18":"product_tag-get-cannabis","19":"product_tag-mail-order-weed-uk","20":"product_tag-order-weed-online-ireland","21":"product_tag-we-deliver-fast-using-next-day-delivery","22":"product_tag-weed-for-sale-in-uk","23":"product_tag-weed-supermarket-buy-cannabis-online-uk","24":"product_tag-where-can-i-buy-weed-in-ga","25":"product_tag-you-can-order-weed","26":"desktop-align-center","27":"tablet-align-left","28":"mobile-align-left","30":"first","31":"instock","32":"sale","33":"shipping-taxable","34":"purchasable","35":"product-type-variable"},"uagb_featured_image_src":{"full":["https:\/\/caliweedeurope.com\/wp-content\/uploads\/2024\/11\/89348954-340894593489.jpeg",937,1171,false],"thumbnail":["https:\/\/caliweedeurope.com\/wp-content\/uploads\/2024\/11\/89348954-340894593489-150x150.jpeg",150,150,true],"medium":["https:\/\/caliweedeurope.com\/wp-content\/uploads\/2024\/11\/89348954-340894593489-240x300.jpeg",240,300,true],"medium_large":["https:\/\/caliweedeurope.com\/wp-content\/uploads\/2024\/11\/89348954-340894593489-768x960.jpeg",768,960,true],"large":["https:\/\/caliweedeurope.com\/wp-content\/uploads\/2024\/11\/89348954-340894593489-819x1024.jpeg",819,1024,true],"1536x1536":["https:\/\/caliweedeurope.com\/wp-content\/uploads\/2024\/11\/89348954-340894593489.jpeg",937,1171,false],"2048x2048":["https:\/\/caliweedeurope.com\/wp-content\/uploads\/2024\/11\/89348954-340894593489.jpeg",937,1171,false],"trp-custom-language-flag":["https:\/\/caliweedeurope.com\/wp-content\/uploads\/2024\/11\/89348954-340894593489.jpeg",10,12,false],"woocommerce_thumbnail":["https:\/\/caliweedeurope.com\/wp-content\/uploads\/2024\/11\/89348954-340894593489-300x300.jpeg",300,300,true],"woocommerce_single":["https:\/\/caliweedeurope.com\/wp-content\/uploads\/2024\/11\/89348954-340894593489-600x750.jpeg",600,750,true],"woocommerce_gallery_thumbnail":["https:\/\/caliweedeurope.com\/wp-content\/uploads\/2024\/11\/89348954-340894593489-100x100.jpeg",100,100,true]},"uagb_author_info":{"display_name":"jetskiforsaleuk@gmail.com","author_link":"https:\/\/caliweedeurope.com\/cs\/author\/"},"uagb_comment_info":0,"uagb_excerpt":"Buy ACDC Marijuana Strain,\u00a0acdc\u00a0strain for sale Europe is use for pain, anxiety, sleep, depression. Are you looking for\u00a0 bulk ACDC cannabis suppliers in Europe with free overnight delivery?.\u00a0 you can Buy Weed in Europe .Best quality &amp; delivery services are excellent. Customer satisfaction is our top priority. We\u2019ve got an excellent trained packaging team that&hellip;","_links":{"self":[{"href":"https:\/\/caliweedeurope.com\/cs\/wp-json\/wp\/v2\/product\/1454"}],"collection":[{"href":"https:\/\/caliweedeurope.com\/cs\/wp-json\/wp\/v2\/product"}],"about":[{"href":"https:\/\/caliweedeurope.com\/cs\/wp-json\/wp\/v2\/types\/product"}],"replies":[{"embeddable":true,"href":"https:\/\/caliweedeurope.com\/cs\/wp-json\/wp\/v2\/comments?post=1454"}],"wp:featuredmedia":[{"embeddable":true,"href":"https:\/\/caliweedeurope.com\/cs\/wp-json\/wp\/v2\/media\/1478"}],"wp:attachment":[{"href":"https:\/\/caliweedeurope.com\/cs\/wp-json\/wp\/v2\/media?parent=1454"}],"wp:term":[{"taxonomy":"product_brand","embeddable":true,"href":"https:\/\/caliweedeurope.com\/cs\/wp-json\/wp\/v2\/product_brand?post=1454"},{"taxonomy":"product_cat","embeddable":true,"href":"https:\/\/caliweedeurope.com\/cs\/wp-json\/wp\/v2\/product_cat?post=1454"},{"taxonomy":"product_tag","embeddable":true,"href":"https:\/\/caliweedeurope.com\/cs\/wp-json\/wp\/v2\/product_tag?post=1454"}],"curies":[{"name":"wp","href":"https:\/\/api.w.org\/{rel}","templated":true}]}}