{"id":1466,"date":"2024-11-03T21:33:05","date_gmt":"2024-11-03T21:33:05","guid":{"rendered":"https:\/\/caliweedeurope.com\/?post_type=product&#038;p=1466"},"modified":"2024-11-03T21:33:51","modified_gmt":"2024-11-03T21:33:51","slug":"biscotti","status":"publish","type":"product","link":"https:\/\/caliweedeurope.com\/cs\/product\/biscotti\/","title":{"rendered":"Biscotti"},"content":{"rendered":"<h2>Kupte genetiku Biscotti strain online<\/h2>\n<p><span class=\"pirate_article\">Kupte genetiku Biscotti strain online. Tento strain byl vytvo\u0159en Cookies Fam. Tvrd\u00ed, \u017ee jsou pion\u00fdry mnoha z t\u011bchto v\u00fdjime\u010dn\u011b siln\u00fdch strain\u016f, a t\u011b\u017eko s nimi nesouhlasit. Biscotti je k\u0159\u00ed\u017eenec mezi:<br \/> <\/span><\/p>\n<ul>\n<li>Gelato #25<\/li>\n<li>Girl Scout Cookies<\/li>\n<li>Gorilla Glue #4<br \/> A\u010dkoli je t\u011b\u017ek\u00e9 \u0159\u00edci, zda je to \u00fapln\u011b spr\u00e1vn\u011b, proto\u017ee n\u011bkte\u0159\u00ed lid\u00e9 tvrd\u00ed, \u017ee jde o Gelato x South Florida OG, ur\u010dit\u011b je to jedna z t\u011bchto kombinac\u00ed. Gelato je samo o sob\u011b dankenstein strain a Gorilla Glue #4 a Girl Scout Cookies jsou dv\u011b z nejzn\u00e1m\u011bj\u0161\u00edch dank strain\u016f na sv\u011bt\u011b. Biscotti je ultim\u00e1tn\u00ed strain s pravd\u011bpodobn\u011b jedn\u00edm z nejlep\u0161\u00edch chu\u0165ov\u00fdch profil\u016f v tomto odv\u011btv\u00ed.<\/li>\n<\/ul>\n<p><span class=\"pirate_article\">Toto je skute\u010dn\u00fd trh\u00e1k. Bohu\u017eel, proto\u017ee semena nejsou k dispozici online a tento strain je obecn\u011b v\u00fdjime\u010dn\u011b vz\u00e1cn\u00fd, cena je velmi vysok\u00e1. V Amsterdamu to pravd\u011bpodobn\u011b bude st\u00e1t alespo\u0148 40 $ za gram. V Severn\u00ed Americe to bude o n\u011bco levn\u011bj\u0161\u00ed, ale st\u00e1le to nebude levn\u00e9. Gram bude v dispens\u00e1\u0159i v Kalifornii st\u00e1t alespo\u0148 25 $. Nicm\u00e9n\u011b kv\u016fli sv\u00e9 s\u00edle to pravd\u011bpodobn\u011b stoj\u00ed za to.<\/span><\/p>\n<p>CHU\u0164 ODR\u016eDY MARIHUANY BISCOTTI<\/p>\n<ol>\n<li>Ovocn\u00fd<\/li>\n<li>O\u0159echov\u00fd<\/li>\n<li>Pikantn\u00ed<\/li>\n<li>Cukrov\u00fd<\/li>\n<li>Sladk\u00fd<\/li>\n<\/ol>\n<p><span class=\"pirate_article\">Biscotti je ur\u010dit\u011b odr\u016fda, kterou budete cht\u00edt za\u017e\u00edt v kv\u011btov\u00e9m vaporiz\u00e9ru. I kdy\u017e je to tak\u00e9 jedna z t\u011bch odr\u016fd, kter\u00e9 chutnaj\u00ed dob\u0159e, a\u0165 u\u017e ji kou\u0159\u00edte jakkoli, rozhodn\u011b stoj\u00ed za to vyt\u00e1hnout sv\u016fj spolehliv\u00fd kv\u011btov\u00fd vaporizer pro tuto. Je to jednodu\u0161e jedna z nejl\u00e9pe chutnaj\u00edc\u00edch odr\u016fd dostupn\u00fdch na trhu pr\u00e1v\u011b te\u010f, a jej\u00ed sp\u00e1len\u00ed chu\u0165 trochu zkaz\u00ed. Pou\u017eit\u00edm vaporizeru nedoch\u00e1z\u00ed k ho\u0159en\u00ed, co\u017e zachov\u00e1v\u00e1 elegantn\u00ed chu\u0165ov\u00fd profil Biscotti. Nav\u00edc pokud tr\u00e1vu p\u0159edt\u00edm umelete, bude to v vaporizeru chutnat je\u0161t\u011b l\u00e9pe.<\/span><\/p>\n<h5><strong>WAX, SHATTER, EDIBLES ATD.\u00a0<\/strong><\/h5>\n<p><span class=\"pirate_article\">Ka\u017ed\u00e1 odr\u016fda m\u016f\u017ee b\u00fdt p\u0159em\u011bn\u011bna na vosk nebo olej. Nen\u00ed to snadn\u00fd proces, ale technicky m\u016f\u017eete vyrobit Butan Hash Oil z jak\u00e9koliv odr\u016fdy doma. Pova\u017euje se to za nebezpe\u010dn\u00e9, tak\u017ee bu\u010fte velmi opatrn\u00ed, pokud to zkou\u0161\u00edte. Pokud se v\u00e1m poda\u0159\u00ed naj\u00edt dostatek t\u00e9to odr\u016fdy, abyste ji p\u0159em\u011bnili na koncentr\u00e1t, pochop\u00edte, pro\u010d si lid\u00e9 vyb\u00edraj\u00ed takov\u00e9 odr\u016fdy. Odr\u016fdy se vyb\u00edraj\u00ed p\u0159edev\u0161\u00edm podle chuti a s\u00edly. Biscotti, jak jsme ji\u017e vid\u011bli, m\u00e1 oboj\u00ed. To z n\u011bj \u010din\u00ed skv\u011blou volbu pro v\u00fdrobu koncentr\u00e1t\u016f.<\/span><\/p>\n<h3>Podrobnosti o Biscotti weed<\/h3>\n<p>Genetika Cookies m\u00e1 sv\u00e9 ko\u0159eny v mnoha nejlep\u0161\u00edch odr\u016fd\u00e1ch na pultech. Mnoho odr\u016fd m\u00e1 svou genetiku, a mo\u017en\u00e1 o tom ani nev\u00edte. Tak si v\u0161imn\u011bte, \u017ee Biscotti weed strain je klasick\u00fdm k\u0159\u00ed\u017eencem Cookies s ji\u017en\u00ed OG odr\u016fdou: Gelato #25 zk\u0159\u00ed\u017een\u00e9 se South Florida OG.<\/p>\n<p>V Klarie Canna Care dispensary nab\u00edz\u00edme nejlep\u0161\u00ed odr\u016fdy marihuany a dal\u0161\u00ed souvisej\u00edc\u00ed produkty, jako jsou konopn\u00e9 oleje, Moonrocks, cartridge pro vaporiz\u00e9ry, Edibles, koncentr\u00e1ty, ha\u0161i\u0161, Harley Twin, Strawberry Lemonade, Sour Jack, Grease Monkey, Orange Kush, Pineapple Kush, Skywalker Indica, White Widow, Tom Ford, Diablo OG Kush, Biscotti Cookies, Nice Cream Weed. Nav\u0161tivte n\u00e1s <a href=\"https:\/\/deligentman.com\/\" target=\"_blank\" rel=\"noopener\">deligentman.com<\/a><\/p>\n<p>Kupte si tr\u00e1vu online ve Spojen\u00fdch st\u00e1tech, kupte si tr\u00e1vu online ve Velk\u00e9 Brit\u00e1nii, kupte si tr\u00e1vu online v Irsku, kupte si tr\u00e1vu online ve \u0160v\u00fdcarsku, kupte si tr\u00e1vu online v Austr\u00e1lii, kupte si tr\u00e1vu online v It\u00e1lii, kupte si tr\u00e1vu online v D\u00e1nsku, kupte si tr\u00e1vu online v Evropsk\u00e9 unii, kupte si tr\u00e1vu online ve Francii, kupte si tr\u00e1vu online v N\u011bmecku, kupte si tr\u00e1vu online v Belgii, kupte si tr\u00e1vu online v Polsku, kupte si tr\u00e1vu online v Loty\u0161sku, kupte si tr\u00e1vu online v Izraeli, kupte si tr\u00e1vu online v Turecku, kupte si tr\u00e1vu online na Jersey, kupte si tr\u00e1vu online v \u010c\u00edn\u011b, kupte si tr\u00e1vu online na Ukrajin\u011b, kupte si tr\u00e1vu online v Ma\u010farsku, kupte si tr\u00e1vu online ve \u0160v\u00e9dsku, kupte si tr\u00e1vu online v Japonsku, kupte si tr\u00e1vu online ve \u0160pan\u011blsku, kupte si tr\u00e1vu online v Rusku, kupte si tr\u00e1vu online v Chorvatsku, kupte si tr\u00e1vu online na Guamu, kupte si tr\u00e1vu online na Guernsey.<\/p>","protected":false},"excerpt":{"rendered":"<p>The\u00a0<b>Strain Biscotti<\/b>\u00a0je klasika Cookies, zk\u0159\u00ed\u017een\u00e1 s ji\u017en\u00ed OG odr\u016fdou\u00a0<b>strain<\/b>: Gelato #25 zk\u0159\u00ed\u017een\u00e9 s South Florida OG. ... Genetika Cookies Family je zn\u00e1m\u00e1 jako siln\u00fd indick\u00fd hybrid, kter\u00fd m\u00e1 sladk\u00e9 a exotick\u00e9 aroma. Girl Scout Cookies je origin\u00e1ln\u00ed su\u0161enka <b>strain<\/b>.<\/p>","protected":false},"featured_media":1502,"comment_status":"closed","ping_status":"closed","template":"","meta":{"_uag_custom_page_level_css":"","site-sidebar-layout":"default","site-content-layout":"","ast-site-content-layout":"","site-content-style":"default","site-sidebar-style":"default","ast-global-header-display":"","ast-banner-title-visibility":"","ast-main-header-display":"","ast-hfb-above-header-display":"","ast-hfb-below-header-display":"","ast-hfb-mobile-header-display":"","site-post-title":"","ast-breadcrumbs-content":"","ast-featured-img":"","footer-sml-layout":"","theme-transparent-header-meta":"","adv-header-id-meta":"","stick-header-meta":"","header-above-stick-meta":"","header-main-stick-meta":"","header-below-stick-meta":"","astra-migrate-meta-layouts":"default","ast-page-background-enabled":"default","ast-page-background-meta":{"desktop":{"background-color":"var(--ast-global-color-4)","background-image":"","background-repeat":"repeat","background-position":"center center","background-size":"auto","background-attachment":"scroll","background-type":"","background-media":"","overlay-type":"","overlay-color":"","overlay-opacity":"","overlay-gradient":""},"tablet":{"background-color":"","background-image":"","background-repeat":"repeat","background-position":"center center","background-size":"auto","background-attachment":"scroll","background-type":"","background-media":"","overlay-type":"","overlay-color":"","overlay-opacity":"","overlay-gradient":""},"mobile":{"background-color":"","background-image":"","background-repeat":"repeat","background-position":"center center","background-size":"auto","background-attachment":"scroll","background-type":"","background-media":"","overlay-type":"","overlay-color":"","overlay-opacity":"","overlay-gradient":""}},"ast-content-background-meta":{"desktop":{"background-color":"var(--ast-global-color-5)","background-image":"","background-repeat":"repeat","background-position":"center center","background-size":"auto","background-attachment":"scroll","background-type":"","background-media":"","overlay-type":"","overlay-color":"","overlay-opacity":"","overlay-gradient":""},"tablet":{"background-color":"var(--ast-global-color-5)","background-image":"","background-repeat":"repeat","background-position":"center center","background-size":"auto","background-attachment":"scroll","background-type":"","background-media":"","overlay-type":"","overlay-color":"","overlay-opacity":"","overlay-gradient":""},"mobile":{"background-color":"var(--ast-global-color-5)","background-image":"","background-repeat":"repeat","background-position":"center center","background-size":"auto","background-attachment":"scroll","background-type":"","background-media":"","overlay-type":"","overlay-color":"","overlay-opacity":"","overlay-gradient":""}}},"product_brand":[],"product_cat":[228],"product_tag":[201,202,203,204,205,206,207,208,209,210,211,212,213,214,215,216,217,218,219,220,221,222,223,224,225,226],"class_list":{"0":"post-1466","1":"product","2":"type-product","3":"status-publish","4":"has-post-thumbnail","6":"product_cat-indica","7":"product_tag-buy-weed-online-in-australia","8":"product_tag-buy-weed-online-in-belgium","9":"product_tag-buy-weed-online-in-britain","10":"product_tag-buy-weed-online-in-china","11":"product_tag-buy-weed-online-in-croatia","12":"product_tag-buy-weed-online-in-denmark","13":"product_tag-buy-weed-online-in-european-union","14":"product_tag-buy-weed-online-in-france","15":"product_tag-buy-weed-online-in-germany","16":"product_tag-buy-weed-online-in-guam","17":"product_tag-buy-weed-online-in-guernsey","18":"product_tag-buy-weed-online-in-hungary","19":"product_tag-buy-weed-online-in-ireland","20":"product_tag-buy-weed-online-in-israel","21":"product_tag-buy-weed-online-in-italy","22":"product_tag-buy-weed-online-in-japan","23":"product_tag-buy-weed-online-in-jersey","24":"product_tag-buy-weed-online-in-latvia","25":"product_tag-buy-weed-online-in-poland","26":"product_tag-buy-weed-online-in-russia","27":"product_tag-buy-weed-online-in-spain","28":"product_tag-buy-weed-online-in-sweeden","29":"product_tag-buy-weed-online-in-switzerland","30":"product_tag-buy-weed-online-in-turkey","31":"product_tag-buy-weed-online-in-ukraine","32":"product_tag-buy-weed-online-united-states","33":"desktop-align-center","34":"tablet-align-left","35":"mobile-align-left","37":"first","38":"instock","39":"shipping-taxable","40":"purchasable","41":"product-type-variable"},"uagb_featured_image_src":{"full":["https:\/\/caliweedeurope.com\/wp-content\/uploads\/2024\/11\/treegod415_53405499_427674184643905_7221474027484783232_n.jpg",1080,1350,false],"thumbnail":["https:\/\/caliweedeurope.com\/wp-content\/uploads\/2024\/11\/treegod415_53405499_427674184643905_7221474027484783232_n-150x150.jpg",150,150,true],"medium":["https:\/\/caliweedeurope.com\/wp-content\/uploads\/2024\/11\/treegod415_53405499_427674184643905_7221474027484783232_n-240x300.jpg",240,300,true],"medium_large":["https:\/\/caliweedeurope.com\/wp-content\/uploads\/2024\/11\/treegod415_53405499_427674184643905_7221474027484783232_n-768x960.jpg",768,960,true],"large":["https:\/\/caliweedeurope.com\/wp-content\/uploads\/2024\/11\/treegod415_53405499_427674184643905_7221474027484783232_n-819x1024.jpg",819,1024,true],"1536x1536":["https:\/\/caliweedeurope.com\/wp-content\/uploads\/2024\/11\/treegod415_53405499_427674184643905_7221474027484783232_n.jpg",1080,1350,false],"2048x2048":["https:\/\/caliweedeurope.com\/wp-content\/uploads\/2024\/11\/treegod415_53405499_427674184643905_7221474027484783232_n.jpg",1080,1350,false],"trp-custom-language-flag":["https:\/\/caliweedeurope.com\/wp-content\/uploads\/2024\/11\/treegod415_53405499_427674184643905_7221474027484783232_n.jpg",10,12,false],"woocommerce_thumbnail":["https:\/\/caliweedeurope.com\/wp-content\/uploads\/2024\/11\/treegod415_53405499_427674184643905_7221474027484783232_n-300x300.jpg",300,300,true],"woocommerce_single":["https:\/\/caliweedeurope.com\/wp-content\/uploads\/2024\/11\/treegod415_53405499_427674184643905_7221474027484783232_n-600x750.jpg",600,750,true],"woocommerce_gallery_thumbnail":["https:\/\/caliweedeurope.com\/wp-content\/uploads\/2024\/11\/treegod415_53405499_427674184643905_7221474027484783232_n-100x100.jpg",100,100,true]},"uagb_author_info":{"display_name":"jetskiforsaleuk@gmail.com","author_link":"https:\/\/caliweedeurope.com\/cs\/author\/"},"uagb_comment_info":0,"uagb_excerpt":"The\u00a0Biscotti strain\u00a0is a Cookies classic crossed a southern OG\u00a0strain: Gelato #25 crossed with South Florida OG. \u2026 Cookies Family genetics are known to be potent Indica-hybrids that have sweet and exotic aromatics. Girl Scout Cookies is the original cookies strain.","_links":{"self":[{"href":"https:\/\/caliweedeurope.com\/cs\/wp-json\/wp\/v2\/product\/1466"}],"collection":[{"href":"https:\/\/caliweedeurope.com\/cs\/wp-json\/wp\/v2\/product"}],"about":[{"href":"https:\/\/caliweedeurope.com\/cs\/wp-json\/wp\/v2\/types\/product"}],"replies":[{"embeddable":true,"href":"https:\/\/caliweedeurope.com\/cs\/wp-json\/wp\/v2\/comments?post=1466"}],"wp:featuredmedia":[{"embeddable":true,"href":"https:\/\/caliweedeurope.com\/cs\/wp-json\/wp\/v2\/media\/1502"}],"wp:attachment":[{"href":"https:\/\/caliweedeurope.com\/cs\/wp-json\/wp\/v2\/media?parent=1466"}],"wp:term":[{"taxonomy":"product_brand","embeddable":true,"href":"https:\/\/caliweedeurope.com\/cs\/wp-json\/wp\/v2\/product_brand?post=1466"},{"taxonomy":"product_cat","embeddable":true,"href":"https:\/\/caliweedeurope.com\/cs\/wp-json\/wp\/v2\/product_cat?post=1466"},{"taxonomy":"product_tag","embeddable":true,"href":"https:\/\/caliweedeurope.com\/cs\/wp-json\/wp\/v2\/product_tag?post=1466"}],"curies":[{"name":"wp","href":"https:\/\/api.w.org\/{rel}","templated":true}]}}