{"id":1484,"date":"2024-11-03T21:33:28","date_gmt":"2024-11-03T21:33:28","guid":{"rendered":"https:\/\/caliweedeurope.com\/?post_type=product&#038;p=1484"},"modified":"2024-11-03T21:33:51","modified_gmt":"2024-11-03T21:33:51","slug":"grand-daddy-purple-for-sale","status":"publish","type":"product","link":"https:\/\/caliweedeurope.com\/cs\/product\/grand-daddy-purple-for-sale\/","title":{"rendered":"Grand Daddy Purple na prodej"},"content":{"rendered":"<h1>Grand Daddy Purple na prodej<\/h1>\n<p class=\"translation-block\">Kone\u010dn\u011b Indica k recenzi! Ne\u017e Cookies byla \u201eta\u201c odr\u016fda, existovala <strong>Grand Daddy Purple na prodej (GDP)<\/strong>, kter\u00e1 vl\u00e1dl cannabisov\u00e9 komunit\u011b v\u00edce ne\u017e 5 let. To je opravdu dlouh\u00e1 doba! Nezpochybniteln\u011b nejzn\u00e1m\u011bj\u0161\u00ed ze v\u0161ech <em>fialov\u00fdch<\/em> odr\u016fd. Snadno k nalezen\u00ed a snadno p\u011bstovateln\u00e1, tato st\u00e1lice marihuanov\u00e9 sc\u00e9ny v\u00e1s bude vracet pro v\u00edce. grand daddy purple strain na prodej.<\/p>\n<p><strong>Vzhled a v\u016fn\u011b<\/strong><\/p>\n<p class=\"translation-block\"><strong>Grand Daddy Purple na prodej<\/strong> pupeny jsou neuv\u011b\u0159iteln\u011b hust\u00e9 zelen\u00e9 barvy, kter\u00e9 z\u00edsk\u00e1vaj\u00ed hlubok\u00e9 fialov\u00e9 odst\u00edny, kter\u00e9 se \u0161\u00ed\u0159\u00ed cel\u00fdmi pupeny (nejen na vn\u011bj\u0161ku), jak rostlina dozr\u00e1v\u00e1. Jasn\u011b oran\u017eov\u00e9 chloupky jsou hojn\u011b p\u0159\u00edtomny a poskytuj\u00ed p\u011bkn\u00fd kontrast k dal\u0161\u00edm barv\u00e1m, kter\u00e9 pokr\u00fdvaj\u00ed pupeny pokryt\u00e9 prysky\u0159ic\u00ed. V\u016fn\u011b je jednoduch\u00e1, a to m\u016f\u017ee b\u00fdt trochu kli\u0161\u00e9, ale opravdu von\u00ed po hroznech.<\/p>\n<p><a href=\"https:\/\/deligentman.com\/wp-content\/uploads\/2020\/01\/can-you-buy-weed-online.jpg\" target=\"_blank\" rel=\"noopener\"><img loading=\"lazy\" decoding=\"async\" class=\"wp-image-7493 size-medium aligncenter\" src=\"https:\/\/deligentman.com\/wp-content\/uploads\/2020\/01\/can-you-buy-weed-online-300x175.jpg\" alt=\"\" width=\"300\" height=\"175\" \/><\/a><\/p>\n<p><strong>Kou\u0159<\/strong><\/p>\n<p>V m\u00e9m p\u0159edchoz\u00edm \u017eivot\u011b jsem tuto odr\u016fdu p\u011bstoval mnoho let. GDP mohu snadno rozpoznat pouze podle chuti. Op\u011bt je hlavn\u00ed chu\u0165 v\u00fdrazn\u00e1 chu\u0165 hrozn\u016f. Tato chu\u0165 z\u016fst\u00e1v\u00e1 na jazyku po dlouhou dobu. \u00da\u010dinky jsou dlouhotrvaj\u00edc\u00ed (3-4 hodiny) s hladk\u00fdm a rovnom\u011brn\u00fdm pocitem. \u00da\u017easn\u00e1 medic\u00edna na zakon\u010den\u00ed noci v hlubok\u00e9 t\u011blesn\u00e9 relaxaci. Grand Daddy Purple k prodeji. <a href=\"https:\/\/deligentman.com\/contact\/\" target=\"_blank\" rel=\"noopener\">Kontaktujte n\u00e1s nyn\u00ed<\/a><\/p>\n<p><strong>Celkov\u011b<\/strong><\/p>\n<p class=\"translation-block\">V\u017edy pova\u017euji <strong>Grand Daddy Purple<\/strong> za no\u010dn\u00ed odr\u016fdu. A\u010dkoli to nen\u00ed nejsiln\u011bj\u0161\u00ed z Indica odr\u016fd, dok\u00e1\u017eu si p\u0159edstavit mnoho jin\u00fdch odr\u016fd, kter\u00e9 jsou vhodn\u011bj\u0161\u00ed pro denn\u00ed u\u017e\u00edv\u00e1n\u00ed. To znamen\u00e1, \u017ee GDP je <a href=\"https:\/\/www.politico.com\/news\/marijuana-legalization\" target=\"_blank\" rel=\"noopener\">pova\u017eov\u00e1na<\/a> za jednu z nejlep\u0161\u00edch \u201el\u00e9\u010div\u00fdch\u201c odr\u016fd. Tato vlastnost a schopnost zvy\u0161ovat chu\u0165 k j\u00eddlu z n\u00ed d\u011blaj\u00ed obl\u00edbenou volbu pro pacienty, kte\u0159\u00ed se pot\u00fdkaj\u00ed s vedlej\u0161\u00edmi \u00fa\u010dinky chemoterapie. GDP je tak\u00e9 skv\u011bl\u00e1 pro probl\u00e9my s nespavost\u00ed. GDP se te\u010f zd\u00e1 b\u00fdt v\u0161ude, tak\u017ee pokud na ni naraz\u00edte, neprop\u00e1sn\u011bte p\u0159\u00edle\u017eitost ochutnat tuto legend\u00e1rn\u00ed odr\u016fdu. grand daddy purple na prodej. purple punch strain.<\/p>\n<p>&nbsp;<\/p>\n<p>&nbsp;<\/p>","protected":false},"excerpt":{"rendered":"<p>Grand Daddy Purple Grade A (Indica) na prodej online v USA. M\u016f\u017eete si ho koupit v na\u0161em online obchodu s tr\u00e1vou. M\u00e1me marihuanu na prodej, tr\u00e1vu na prodej online. ... Grand Daddy Purps je jednou z nejpopul\u00e1rn\u011bj\u0161\u00edch Indica odr\u016fd na z\u00e1padn\u00edm pob\u0159e\u017e\u00ed a mo\u017en\u00e1 nejzn\u00e1m\u011bj\u0161\u00ed 'fialov\u00e1' konopn\u00e1 odr\u016fda v USA.<\/p>","protected":false},"featured_media":1506,"comment_status":"closed","ping_status":"closed","template":"","meta":{"_uag_custom_page_level_css":"","site-sidebar-layout":"default","site-content-layout":"","ast-site-content-layout":"","site-content-style":"default","site-sidebar-style":"default","ast-global-header-display":"","ast-banner-title-visibility":"","ast-main-header-display":"","ast-hfb-above-header-display":"","ast-hfb-below-header-display":"","ast-hfb-mobile-header-display":"","site-post-title":"","ast-breadcrumbs-content":"","ast-featured-img":"","footer-sml-layout":"","theme-transparent-header-meta":"","adv-header-id-meta":"","stick-header-meta":"","header-above-stick-meta":"","header-main-stick-meta":"","header-below-stick-meta":"","astra-migrate-meta-layouts":"default","ast-page-background-enabled":"default","ast-page-background-meta":{"desktop":{"background-color":"var(--ast-global-color-4)","background-image":"","background-repeat":"repeat","background-position":"center center","background-size":"auto","background-attachment":"scroll","background-type":"","background-media":"","overlay-type":"","overlay-color":"","overlay-opacity":"","overlay-gradient":""},"tablet":{"background-color":"","background-image":"","background-repeat":"repeat","background-position":"center center","background-size":"auto","background-attachment":"scroll","background-type":"","background-media":"","overlay-type":"","overlay-color":"","overlay-opacity":"","overlay-gradient":""},"mobile":{"background-color":"","background-image":"","background-repeat":"repeat","background-position":"center center","background-size":"auto","background-attachment":"scroll","background-type":"","background-media":"","overlay-type":"","overlay-color":"","overlay-opacity":"","overlay-gradient":""}},"ast-content-background-meta":{"desktop":{"background-color":"var(--ast-global-color-5)","background-image":"","background-repeat":"repeat","background-position":"center center","background-size":"auto","background-attachment":"scroll","background-type":"","background-media":"","overlay-type":"","overlay-color":"","overlay-opacity":"","overlay-gradient":""},"tablet":{"background-color":"var(--ast-global-color-5)","background-image":"","background-repeat":"repeat","background-position":"center center","background-size":"auto","background-attachment":"scroll","background-type":"","background-media":"","overlay-type":"","overlay-color":"","overlay-opacity":"","overlay-gradient":""},"mobile":{"background-color":"var(--ast-global-color-5)","background-image":"","background-repeat":"repeat","background-position":"center center","background-size":"auto","background-attachment":"scroll","background-type":"","background-media":"","overlay-type":"","overlay-color":"","overlay-opacity":"","overlay-gradient":""}}},"product_brand":[],"product_cat":[228],"product_tag":[344,345,329,346,347,348,349,350,351,352,353,354,355,356,357,358,331,359,360,361,362,363,364,365,366,367,368,369,370,371,372,373,374,375,376,377,378,379],"class_list":{"0":"post-1484","1":"product","2":"type-product","3":"status-publish","4":"has-post-thumbnail","6":"product_cat-indica","7":"product_tag-buy-cannabis-buds-online-uk","8":"product_tag-buy-cannabis-growing-equipment-uk","9":"product_tag-buy-cannabis-in-uk","10":"product_tag-buy-cannabis-oil-for-cancer-online-uk","11":"product_tag-buy-cannabis-oil-for-cancer-uk","12":"product_tag-buy-cannabis-oil-online-uk","13":"product_tag-buy-cannabis-oil-uk","14":"product_tag-buy-cannabis-online-uk-paypal","15":"product_tag-buy-cannabis-plants-uk","16":"product_tag-buy-cannabis-seeds-in-uk","17":"product_tag-buy-cannabis-seeds-uk","18":"product_tag-buy-cannabis-uk","19":"product_tag-buy-legal-cannabis-online-uk","20":"product_tag-buy-legal-cannabis-uk","21":"product_tag-buy-medical-cannabis-oil-online-uk","22":"product_tag-buy-medical-cannabis-oil-uk","23":"product_tag-buy-medical-cannabis-online-uk","24":"product_tag-buying-cannabis-online-uk","25":"product_tag-buying-cannabis-seeds-uk","26":"product_tag-buying-cannabis-uk","27":"product_tag-can-i-buy-cannabis-online-uk","28":"product_tag-can-you-buy-cannabis-online-uk","29":"product_tag-can-you-buy-cannabis-seeds-in-uk","30":"product_tag-cannabis-energy-drink-where-to-buy-uk","31":"product_tag-cannabis-for-sale-online-uk","32":"product_tag-cannabis-oil-buy-uk","33":"product_tag-cannabis-oil-cancer-where-to-buy-uk","34":"product_tag-cannabis-online-uk","35":"product_tag-cannabis-sale-online-uk","36":"product_tag-cannabis-seeds-online-uk","37":"product_tag-cheapest-cannabis-seeds-online-uk","38":"product_tag-is-it-legal-to-buy-cannabis-seeds-uk","39":"product_tag-online-cannabis-shop-uk","40":"product_tag-ordering-cannabis-online-uk","41":"product_tag-where-can-i-buy-cannabis-oil-for-cancer-in-uk","42":"product_tag-where-can-i-buy-cannabis-oil-in-the-uk","43":"product_tag-where-can-i-buy-cannabis-oil-in-uk","44":"product_tag-where-can-i-buy-cannabis-seeds-in-uk","45":"desktop-align-center","46":"tablet-align-left","47":"mobile-align-left","49":"first","50":"instock","51":"sale","52":"shipping-taxable","53":"purchasable","54":"product-type-variable"},"uagb_featured_image_src":{"full":["https:\/\/caliweedeurope.com\/wp-content\/uploads\/2024\/11\/treegod415_53703777_126930345090400_5544935986039791710_n.jpg",1080,1210,false],"thumbnail":["https:\/\/caliweedeurope.com\/wp-content\/uploads\/2024\/11\/treegod415_53703777_126930345090400_5544935986039791710_n-150x150.jpg",150,150,true],"medium":["https:\/\/caliweedeurope.com\/wp-content\/uploads\/2024\/11\/treegod415_53703777_126930345090400_5544935986039791710_n-268x300.jpg",268,300,true],"medium_large":["https:\/\/caliweedeurope.com\/wp-content\/uploads\/2024\/11\/treegod415_53703777_126930345090400_5544935986039791710_n-768x860.jpg",768,860,true],"large":["https:\/\/caliweedeurope.com\/wp-content\/uploads\/2024\/11\/treegod415_53703777_126930345090400_5544935986039791710_n-914x1024.jpg",914,1024,true],"1536x1536":["https:\/\/caliweedeurope.com\/wp-content\/uploads\/2024\/11\/treegod415_53703777_126930345090400_5544935986039791710_n.jpg",1080,1210,false],"2048x2048":["https:\/\/caliweedeurope.com\/wp-content\/uploads\/2024\/11\/treegod415_53703777_126930345090400_5544935986039791710_n.jpg",1080,1210,false],"trp-custom-language-flag":["https:\/\/caliweedeurope.com\/wp-content\/uploads\/2024\/11\/treegod415_53703777_126930345090400_5544935986039791710_n.jpg",11,12,false],"woocommerce_thumbnail":["https:\/\/caliweedeurope.com\/wp-content\/uploads\/2024\/11\/treegod415_53703777_126930345090400_5544935986039791710_n-300x300.jpg",300,300,true],"woocommerce_single":["https:\/\/caliweedeurope.com\/wp-content\/uploads\/2024\/11\/treegod415_53703777_126930345090400_5544935986039791710_n-600x672.jpg",600,672,true],"woocommerce_gallery_thumbnail":["https:\/\/caliweedeurope.com\/wp-content\/uploads\/2024\/11\/treegod415_53703777_126930345090400_5544935986039791710_n-100x100.jpg",100,100,true]},"uagb_author_info":{"display_name":"jetskiforsaleuk@gmail.com","author_link":"https:\/\/caliweedeurope.com\/cs\/author\/"},"uagb_comment_info":0,"uagb_excerpt":"Grand Daddy Purple Grade A (Indica)\u00a0for sale\u00a0online in the US.You can buy it from our weed online shop.We have marijuana\u00a0for sale,weed\u00a0for sale\u00a0online. &#8230; Grand Daddy Purps) is one of the most popular Indica strains on the west coast and is perhaps the most well known \u2018purple\u2019 cannabis strain in the US.","_links":{"self":[{"href":"https:\/\/caliweedeurope.com\/cs\/wp-json\/wp\/v2\/product\/1484"}],"collection":[{"href":"https:\/\/caliweedeurope.com\/cs\/wp-json\/wp\/v2\/product"}],"about":[{"href":"https:\/\/caliweedeurope.com\/cs\/wp-json\/wp\/v2\/types\/product"}],"replies":[{"embeddable":true,"href":"https:\/\/caliweedeurope.com\/cs\/wp-json\/wp\/v2\/comments?post=1484"}],"wp:featuredmedia":[{"embeddable":true,"href":"https:\/\/caliweedeurope.com\/cs\/wp-json\/wp\/v2\/media\/1506"}],"wp:attachment":[{"href":"https:\/\/caliweedeurope.com\/cs\/wp-json\/wp\/v2\/media?parent=1484"}],"wp:term":[{"taxonomy":"product_brand","embeddable":true,"href":"https:\/\/caliweedeurope.com\/cs\/wp-json\/wp\/v2\/product_brand?post=1484"},{"taxonomy":"product_cat","embeddable":true,"href":"https:\/\/caliweedeurope.com\/cs\/wp-json\/wp\/v2\/product_cat?post=1484"},{"taxonomy":"product_tag","embeddable":true,"href":"https:\/\/caliweedeurope.com\/cs\/wp-json\/wp\/v2\/product_tag?post=1484"}],"curies":[{"name":"wp","href":"https:\/\/api.w.org\/{rel}","templated":true}]}}