{"id":1488,"date":"2024-11-03T21:33:28","date_gmt":"2024-11-03T21:33:28","guid":{"rendered":"https:\/\/caliweedeurope.com\/?post_type=product&#038;p=1488"},"modified":"2024-11-03T21:34:15","modified_gmt":"2024-11-03T21:34:15","slug":"sour-diesel","status":"publish","type":"product","link":"https:\/\/caliweedeurope.com\/cs\/product\/sour-diesel\/","title":{"rendered":"Sour Diesel"},"content":{"rendered":"<h1>Koupit\u00a0<strong>Sour Diesel<\/strong>\u00a0Online<\/h1>\n<p>Sour Diesel je jednou z nejroz\u0161\u00ed\u0159en\u011bj\u0161\u00edch sativa odr\u016fd v\u0161ech dob. Pokud jste o t\u00e9to odr\u016fd\u011b nikdy nesly\u0161eli, pravd\u011bpodobn\u011b \u017eijete v jeskyni v Afgh\u00e1nist\u00e1nu, nebo ji u\u017e n\u011bkdo z va\u0161eho okol\u00ed vyzkou\u0161el (a pravd\u011bpodobn\u011b si ji zamiloval). Konkr\u00e9tn\u00ed p\u016fvod Sour Diesel je slo\u017eit\u00fd a velmi \u0161patn\u011b zdokumentovan\u00fd, stejn\u011b jako v\u011bt\u0161ina star\u0161\u00edch odr\u016fd.<\/p>\n<p>N\u011bkte\u0159\u00ed v\u011b\u0159\u00ed, \u017ee odr\u016fda Sour Diesel poch\u00e1z\u00ed jednodu\u0161e z fenotypu Chemdawg, kter\u00fd byl m\u00edrn\u011b odli\u0161n\u00fd a v\u00edce naklon\u011bn\u00fd k sativ\u011b. Nejpopul\u00e1rn\u011bj\u0161\u00ed teorie o p\u016fvodu \u0159\u00edk\u00e1, \u017ee p\u016fvodn\u00ed Diesel je v\u00fdsledkem k\u0159\u00ed\u017een\u00ed mezi (Chemdawg x Super Skunk x Northern Lights). \u010casto ozna\u010dov\u00e1n jako \u201eSour D\u201c, tento p\u0159ev\u00e1\u017en\u011b sativa-dominantn\u00ed hybrid (90 % sativa, 10 % indica) z\u00edskal sv\u00e9 jedine\u010dn\u00e9 jm\u00e9no d\u00edky t\u00e9m\u011b\u0159 dieselov\u00e9mu a citrusov\u00e9mu z\u00e1pachu, kter\u00fd vyd\u00e1v\u00e1.<\/p>\n<p>Pokud v\u00edm, Sour Diesel je k dispozici pouze ve form\u011b klonu a je \u010dasto dost t\u011b\u017ek\u00e9 jej naj\u00edt. Kv\u016fli t\u00e9to vz\u00e1cnosti prav\u00e9ho Sour Diesel existuje mnoho hybrid\u016f, kter\u00e9 se sna\u017eily napodobit skute\u010dn\u00e9 Sour Diesel-\u201ehigh\u201c. N\u011bkter\u00e9 se p\u0159ibli\u017euj\u00ed, ale nic se nevyrovn\u00e1 origin\u00e1lu.<\/p>\n<h2><strong>Vzhled a v\u016fn\u011b Sour Diesel<\/strong><\/h2>\n<p>Sour Diesel je vysok\u00e1, \u0161t\u00edhl\u00e1 rostlina, vhodn\u00e1 pro vnit\u0159n\u00ed i venkovn\u00ed zahrady. Jej\u00ed listy se b\u011bhem posledn\u00edch t\u00fddn\u016f kv\u011btu ztmavuj\u00ed a\u017e na t\u00e9m\u011b\u0159 fialovou barvu. Kv\u011btiny b\u011b\u017en\u011b vykazuj\u00ed r\u016f\u017eov\u00e9 a\u017e sv\u011btle oran\u017eov\u00e9 p\u00edstky a jejich tvar je voln\u00fd a kopinat\u00fd.<\/p>\n<p>V\u0161echny Sour D, kter\u00e9 jsem kdy vyp\u011bstoval, m\u011bly jednu velkou kolu se 6-9 men\u0161\u00edmi v\u011btvemi.<\/p>\n<p>V\u016fn\u011b je velmi siln\u00e1, t\u00e9m\u011b\u0159 ohromuj\u00edc\u00ed, ale p\u0159esto n\u011bjak magnetick\u00e1. Je to proto, \u017ee tato odr\u016fda m\u00e1 v\u00fdrazn\u00fd, \u0161tiplav\u00fd, travnat\u00fd, dieselov\u00fd, citronov\u00fd z\u00e1pach, kter\u00fd je spojen s vzru\u0161uj\u00edc\u00edm n\u00e1valem energie. S ohledem na dominantn\u00ed sativa linii je spr\u00e1vn\u00e9 p\u0159edpokl\u00e1dat, \u017ee bude p\u0159edev\u0161\u00edm ovliv\u0148ovat mysl.<\/p>\n<h2><strong>Kou\u0159<\/strong><\/h2>\n<p>Fanou\u0161ci t\u00e9to odr\u016fdy obvykle pou\u017e\u00edvaj\u00ed Sour Diesel jako prvn\u00ed zdroj l\u00e9k\u016f na za\u010d\u00e1tek dlouh\u00e9ho dne \u2013 budete se c\u00edtit bd\u011bl\u00ed a p\u0159ipraveni na akci. Jeliko\u017e je tak sativa-dominantn\u00ed, Sour Diesel ovliv\u0148uje t\u00e9m\u011b\u0159 v\u00fdhradn\u011b mozkov\u00e9 funkce. P\u0159i kou\u0159en\u00ed prav\u00e9 verze by nem\u011blo doch\u00e1zet k \u017e\u00e1dn\u00e9mu \u201ecouch locku\u201c nebo t\u011b\u017ek\u00fdm t\u011blesn\u00fdm pocit\u016fm.<\/p>\n<p>Sour Diesel chutn\u00e1 p\u0159esn\u011b tak, jak von\u00ed: klasick\u00e9 funky palivov\u00e9 aroma. A pr\u00e1v\u011b proto je Sour D tak slavn\u011b snadn\u00e9 rozpoznat v \u0159ad\u011b.<\/p>\n<p>Tato odr\u016fda je tak popul\u00e1rn\u00ed, proto\u017ee jej\u00ed \u00fa\u010dinky jsou opravdu \u00fa\u017easn\u00e9 s obsahem THC p\u0159es 20 % a \u00fa\u010dinkem trvaj\u00edc\u00edm 2-3 hodiny. D\u00edky sv\u00e9 dominantn\u00ed sativa genetice napl\u0148uje t\u011blo a p\u0159edev\u0161\u00edm mysl motivuj\u00edc\u00ed a povzbuzuj\u00edc\u00ed energi\u00ed. Je to jasn\u00fd zlep\u0161ova\u010d n\u00e1lady a ni\u010ditel depres\u00ed. B\u00fdt v dobr\u00e9 n\u00e1lad\u011b je bez n\u00e1mahy a p\u0159irozen\u00fd pocit, kdy\u017e za\u017e\u00edv\u00e1te Sour Diesel.<\/p>\n<h2><strong>Celkov\u011b\u00a0<\/strong><\/h2>\n<p>Ohromuj\u00edc\u00ed popularita Sour Diesel nen\u00ed n\u00e1hoda a u\u017e d\u00e1vno to nen\u00ed jen fenom\u00e9n na v\u00fdchodn\u00edm pob\u0159e\u017e\u00ed. Tato odr\u016fda je jednou z nejfascinuj\u00edc\u00edch odr\u016fd v historii konop\u00ed. D\u011bl\u00e1 vtipn\u00e9 v\u011bci je\u0161t\u011b vtipn\u011bj\u0161\u00ed; d\u011bl\u00e1 dobr\u00e9 j\u00eddlo je\u0161t\u011b lep\u0161\u00ed. Jako zlep\u0161ova\u010d n\u00e1lady jednodu\u0161e \u010din\u00ed \u017eivot z\u00e1bavn\u011bj\u0161\u00edm. Nejoby\u010dejn\u011bj\u0161\u00ed ve\u010dery se rychle stanou nezapomenuteln\u00fdmi, kdy\u017e je Sour Diesel zapojen. V\u00edce ne\u017e jen zlep\u0161ova\u010d n\u00e1lady, tato odr\u016fda byla tak\u00e9 \u00fa\u010dinn\u00e1 p\u0159i l\u00e9\u010db\u011b: depres\u00ed, \u00fazkosti, stresu a probl\u00e9m\u016f s chut\u00ed k j\u00eddlu. Zaslou\u017een\u00e1 sl\u00e1va, tato odr\u016fda z\u016fstane a v\u017edy bude jednou z nejlep\u0161\u00edch odr\u016fd na planet\u011b.<\/p>","protected":false},"excerpt":{"rendered":"<p>Sour Diesel Grade A Shelf (sativa) na prodej online v USA. M\u016f\u017eete si jej koupit v na\u0161em online obchod\u011b s tr\u00e1vou. M\u00e1me marihuanu a tr\u00e1vu k prodeji online.<\/p>","protected":false},"featured_media":1508,"comment_status":"closed","ping_status":"closed","template":"","meta":{"_uag_custom_page_level_css":"","site-sidebar-layout":"default","site-content-layout":"","ast-site-content-layout":"","site-content-style":"default","site-sidebar-style":"default","ast-global-header-display":"","ast-banner-title-visibility":"","ast-main-header-display":"","ast-hfb-above-header-display":"","ast-hfb-below-header-display":"","ast-hfb-mobile-header-display":"","site-post-title":"","ast-breadcrumbs-content":"","ast-featured-img":"","footer-sml-layout":"","theme-transparent-header-meta":"","adv-header-id-meta":"","stick-header-meta":"","header-above-stick-meta":"","header-main-stick-meta":"","header-below-stick-meta":"","astra-migrate-meta-layouts":"default","ast-page-background-enabled":"default","ast-page-background-meta":{"desktop":{"background-color":"var(--ast-global-color-4)","background-image":"","background-repeat":"repeat","background-position":"center center","background-size":"auto","background-attachment":"scroll","background-type":"","background-media":"","overlay-type":"","overlay-color":"","overlay-opacity":"","overlay-gradient":""},"tablet":{"background-color":"","background-image":"","background-repeat":"repeat","background-position":"center center","background-size":"auto","background-attachment":"scroll","background-type":"","background-media":"","overlay-type":"","overlay-color":"","overlay-opacity":"","overlay-gradient":""},"mobile":{"background-color":"","background-image":"","background-repeat":"repeat","background-position":"center center","background-size":"auto","background-attachment":"scroll","background-type":"","background-media":"","overlay-type":"","overlay-color":"","overlay-opacity":"","overlay-gradient":""}},"ast-content-background-meta":{"desktop":{"background-color":"var(--ast-global-color-5)","background-image":"","background-repeat":"repeat","background-position":"center center","background-size":"auto","background-attachment":"scroll","background-type":"","background-media":"","overlay-type":"","overlay-color":"","overlay-opacity":"","overlay-gradient":""},"tablet":{"background-color":"var(--ast-global-color-5)","background-image":"","background-repeat":"repeat","background-position":"center center","background-size":"auto","background-attachment":"scroll","background-type":"","background-media":"","overlay-type":"","overlay-color":"","overlay-opacity":"","overlay-gradient":""},"mobile":{"background-color":"var(--ast-global-color-5)","background-image":"","background-repeat":"repeat","background-position":"center center","background-size":"auto","background-attachment":"scroll","background-type":"","background-media":"","overlay-type":"","overlay-color":"","overlay-opacity":"","overlay-gradient":""}}},"product_brand":[],"product_cat":[380],"product_tag":[201,202,203,204,205,206,207,208,209,210,211,212,213,214,215,216,217,218,219,220,221,222,223,224,225,226],"class_list":{"0":"post-1488","1":"product","2":"type-product","3":"status-publish","4":"has-post-thumbnail","6":"product_cat-sativa","7":"product_tag-buy-weed-online-in-australia","8":"product_tag-buy-weed-online-in-belgium","9":"product_tag-buy-weed-online-in-britain","10":"product_tag-buy-weed-online-in-china","11":"product_tag-buy-weed-online-in-croatia","12":"product_tag-buy-weed-online-in-denmark","13":"product_tag-buy-weed-online-in-european-union","14":"product_tag-buy-weed-online-in-france","15":"product_tag-buy-weed-online-in-germany","16":"product_tag-buy-weed-online-in-guam","17":"product_tag-buy-weed-online-in-guernsey","18":"product_tag-buy-weed-online-in-hungary","19":"product_tag-buy-weed-online-in-ireland","20":"product_tag-buy-weed-online-in-israel","21":"product_tag-buy-weed-online-in-italy","22":"product_tag-buy-weed-online-in-japan","23":"product_tag-buy-weed-online-in-jersey","24":"product_tag-buy-weed-online-in-latvia","25":"product_tag-buy-weed-online-in-poland","26":"product_tag-buy-weed-online-in-russia","27":"product_tag-buy-weed-online-in-spain","28":"product_tag-buy-weed-online-in-sweeden","29":"product_tag-buy-weed-online-in-switzerland","30":"product_tag-buy-weed-online-in-turkey","31":"product_tag-buy-weed-online-in-ukraine","32":"product_tag-buy-weed-online-united-states","33":"desktop-align-center","34":"tablet-align-left","35":"mobile-align-left","37":"first","38":"instock","39":"sale","40":"shipping-taxable","41":"purchasable","42":"product-type-variable"},"uagb_featured_image_src":{"full":["https:\/\/caliweedeurope.com\/wp-content\/uploads\/2024\/11\/treegod415_61117422_355110038478171_6070426788907369159_n.jpg",1080,1227,false],"thumbnail":["https:\/\/caliweedeurope.com\/wp-content\/uploads\/2024\/11\/treegod415_61117422_355110038478171_6070426788907369159_n-150x150.jpg",150,150,true],"medium":["https:\/\/caliweedeurope.com\/wp-content\/uploads\/2024\/11\/treegod415_61117422_355110038478171_6070426788907369159_n-264x300.jpg",264,300,true],"medium_large":["https:\/\/caliweedeurope.com\/wp-content\/uploads\/2024\/11\/treegod415_61117422_355110038478171_6070426788907369159_n-768x873.jpg",768,873,true],"large":["https:\/\/caliweedeurope.com\/wp-content\/uploads\/2024\/11\/treegod415_61117422_355110038478171_6070426788907369159_n-901x1024.jpg",901,1024,true],"1536x1536":["https:\/\/caliweedeurope.com\/wp-content\/uploads\/2024\/11\/treegod415_61117422_355110038478171_6070426788907369159_n.jpg",1080,1227,false],"2048x2048":["https:\/\/caliweedeurope.com\/wp-content\/uploads\/2024\/11\/treegod415_61117422_355110038478171_6070426788907369159_n.jpg",1080,1227,false],"trp-custom-language-flag":["https:\/\/caliweedeurope.com\/wp-content\/uploads\/2024\/11\/treegod415_61117422_355110038478171_6070426788907369159_n.jpg",11,12,false],"woocommerce_thumbnail":["https:\/\/caliweedeurope.com\/wp-content\/uploads\/2024\/11\/treegod415_61117422_355110038478171_6070426788907369159_n-300x300.jpg",300,300,true],"woocommerce_single":["https:\/\/caliweedeurope.com\/wp-content\/uploads\/2024\/11\/treegod415_61117422_355110038478171_6070426788907369159_n-600x682.jpg",600,682,true],"woocommerce_gallery_thumbnail":["https:\/\/caliweedeurope.com\/wp-content\/uploads\/2024\/11\/treegod415_61117422_355110038478171_6070426788907369159_n-100x100.jpg",100,100,true]},"uagb_author_info":{"display_name":"jetskiforsaleuk@gmail.com","author_link":"https:\/\/caliweedeurope.com\/cs\/author\/"},"uagb_comment_info":0,"uagb_excerpt":"Sour Diesel Grade A Shelf (sativa) for sale online in the US. You can buy it from our weed online shop.We have marijuana for sale, weed for sale online.","_links":{"self":[{"href":"https:\/\/caliweedeurope.com\/cs\/wp-json\/wp\/v2\/product\/1488"}],"collection":[{"href":"https:\/\/caliweedeurope.com\/cs\/wp-json\/wp\/v2\/product"}],"about":[{"href":"https:\/\/caliweedeurope.com\/cs\/wp-json\/wp\/v2\/types\/product"}],"replies":[{"embeddable":true,"href":"https:\/\/caliweedeurope.com\/cs\/wp-json\/wp\/v2\/comments?post=1488"}],"wp:featuredmedia":[{"embeddable":true,"href":"https:\/\/caliweedeurope.com\/cs\/wp-json\/wp\/v2\/media\/1508"}],"wp:attachment":[{"href":"https:\/\/caliweedeurope.com\/cs\/wp-json\/wp\/v2\/media?parent=1488"}],"wp:term":[{"taxonomy":"product_brand","embeddable":true,"href":"https:\/\/caliweedeurope.com\/cs\/wp-json\/wp\/v2\/product_brand?post=1488"},{"taxonomy":"product_cat","embeddable":true,"href":"https:\/\/caliweedeurope.com\/cs\/wp-json\/wp\/v2\/product_cat?post=1488"},{"taxonomy":"product_tag","embeddable":true,"href":"https:\/\/caliweedeurope.com\/cs\/wp-json\/wp\/v2\/product_tag?post=1488"}],"curies":[{"name":"wp","href":"https:\/\/api.w.org\/{rel}","templated":true}]}}