{"id":1492,"date":"2024-11-03T21:33:29","date_gmt":"2024-11-03T21:33:29","guid":{"rendered":"https:\/\/caliweedeurope.com\/?post_type=product&#038;p=1492"},"modified":"2024-11-03T21:34:15","modified_gmt":"2024-11-03T21:34:15","slug":"afghan-kush","status":"publish","type":"product","link":"https:\/\/caliweedeurope.com\/cs\/product\/afghan-kush\/","title":{"rendered":"Afghan Kush"},"content":{"rendered":"<h1>Odr\u016fda Afghan Kush<\/h1>\n<p>Afghan Kush vypad\u00e1 velmi dob\u0159e, bled\u011b zelen\u00fd s n\u00e1dechem \u017elut\u00e9, oran\u017eov\u00e9 chlupy, jak sv\u011btl\u00e9, tak tmav\u00e9, jsou p\u0159\u00edtomny, vypad\u00e1 jako oran\u017eovo-zlat\u00fd nugget s flekat\u00fdmi krystaly.<\/p>\n<h3>V\u016fn\u011b<\/h3>\n<p>Afghan Kush von\u00ed tak\u00e9 velmi jemn\u011b jako cel\u00fd nugget s n\u00e1dechem \u0161afr\u00e1nu a karamelu. Jakmile v\u0161ak rozbijete kv\u011bt, v\u016fn\u011b sp\u00e1len\u00e9ho toffee se stane dominantn\u00ed.<\/p>\n<h3>Chu\u0165<\/h3>\n<p>Stejn\u011b tak m\u00e1 ko\u0159en\u011bnou chu\u0165, tento kv\u011bt m\u00e1 t\u00f3n ko\u0159en\u00ed, p\u0159i\u010dem\u017e nejv\u00fdrazn\u011bj\u0161\u00ed jsou mu\u0161k\u00e1tov\u00fd o\u0159\u00ed\u0161ek, sko\u0159ice a z\u00e1zvor. Velmi jemn\u00fd, chu\u0165 mu\u0161k\u00e1tov\u00e9ho o\u0159\u00ed\u0161ku s v\u00e1mi z\u016fst\u00e1v\u00e1 na n\u011bkolik okam\u017eik\u016f.<\/p>\n<h3>\u00da\u010dinky<\/h3>\n<p>\u00da\u010dinek Afghan Kush je okam\u017eit\u00fd. C\u00edt\u00edte se velmi uvoln\u011bn\u011b a o\u010di jsou trochu t\u011b\u017ek\u00e9 (ne pro za\u010d\u00e1te\u010dn\u00edky). Zjistil jsem, \u017ee nec\u00edt\u00edm mnoho bolesti. Tak\u00e9 to pova\u017euji za skv\u011bl\u00e9 na k\u0159e\u010de. A pokud m\u00e1te probl\u00e9my se sp\u00e1nkem a mysl\u00edte si, \u017ee pot\u0159ebujete sp\u00e1t okam\u017eit\u011b, Afghan Kush je va\u0161e tr\u00e1va.<\/p>\n<p>Afghan Kush je bezesporu m\u016fj obl\u00edben\u00fd kmen tohoto roku. Osobn\u011b zn\u00e1m n\u011bkoho, kdo ho p\u011bstoval, a sledov\u00e1n\u00ed t\u00e9to kr\u00e1sy mi dalo v\u00e1\u0161e\u0148 pro tak \u00fa\u017easnou odr\u016fdu. V\u016fn\u011b, kter\u00e1 se linula z t\u00e9to rostliny, byla b\u011bhem kveten\u00ed velmi ko\u0159en\u011bn\u00e1 a b\u011bhem su\u0161en\u00ed se trochu zm\u00edrnila. B\u011bhem zr\u00e1n\u00edm uk\u00e1zala sv\u00e9 prav\u00e9 barvy. P\u0159e\u0161la z ko\u0159en\u011bn\u00e9ho z\u00e1pachu na jemnou, sladkou v\u016fni s n\u00e1dechem limetkov\u011b zelen\u00e9 a jasn\u011b oran\u017eov\u00e9 vlasy. Velmi jemn\u00fd kou\u0159 ve srovn\u00e1n\u00ed s v\u011bt\u0161inou. Medov\u00fd olej vyroben\u00fd z tohoto kmene je fenomen\u00e1ln\u00ed. Nejv\u00edce \u00fa\u010dinn\u00fd kmen za dlouhou dobu.<\/p>","protected":false},"excerpt":{"rendered":"<p>Afghan Kush vypad\u00e1 velmi dob\u0159e, bled\u011b zelen\u00fd s n\u00e1dechem \u017elut\u00e9, oran\u017eov\u00e9 chlupy, jak sv\u011btl\u00e9, tak tmav\u00e9, jsou p\u0159\u00edtomny. Vypad\u00e1 jako oran\u017eovo-zlat\u00fd nugget s flekat\u00fdmi krystaly. Kupte Afghan Kush online \u2013 Afghan Kush na prodej. Afghan Kush je obl\u00edben\u00e1 marihuanov\u00e1 odr\u016fda s obsahem THC a\u017e 15 %. Afghan Kush m\u00e1 velmi medic\u00ednsk\u00fd chu\u0165 a m\u00e1 dramatick\u00e9 \u00fa\u010dinky na \u00falevu od bolesti. Vzhledem k narkotick\u00e9mu \u00fa\u010dinku je Afghan Kush obl\u00edben\u00fd u pacient\u016f hledaj\u00edc\u00edch \u00falevu od bolesti, stresu, nespavosti a nevolnosti.<\/p>","protected":false},"featured_media":1530,"comment_status":"closed","ping_status":"closed","template":"","meta":{"_uag_custom_page_level_css":"","site-sidebar-layout":"default","site-content-layout":"","ast-site-content-layout":"","site-content-style":"default","site-sidebar-style":"default","ast-global-header-display":"","ast-banner-title-visibility":"","ast-main-header-display":"","ast-hfb-above-header-display":"","ast-hfb-below-header-display":"","ast-hfb-mobile-header-display":"","site-post-title":"","ast-breadcrumbs-content":"","ast-featured-img":"","footer-sml-layout":"","theme-transparent-header-meta":"","adv-header-id-meta":"","stick-header-meta":"","header-above-stick-meta":"","header-main-stick-meta":"","header-below-stick-meta":"","astra-migrate-meta-layouts":"default","ast-page-background-enabled":"default","ast-page-background-meta":{"desktop":{"background-color":"var(--ast-global-color-4)","background-image":"","background-repeat":"repeat","background-position":"center center","background-size":"auto","background-attachment":"scroll","background-type":"","background-media":"","overlay-type":"","overlay-color":"","overlay-opacity":"","overlay-gradient":""},"tablet":{"background-color":"","background-image":"","background-repeat":"repeat","background-position":"center center","background-size":"auto","background-attachment":"scroll","background-type":"","background-media":"","overlay-type":"","overlay-color":"","overlay-opacity":"","overlay-gradient":""},"mobile":{"background-color":"","background-image":"","background-repeat":"repeat","background-position":"center center","background-size":"auto","background-attachment":"scroll","background-type":"","background-media":"","overlay-type":"","overlay-color":"","overlay-opacity":"","overlay-gradient":""}},"ast-content-background-meta":{"desktop":{"background-color":"var(--ast-global-color-5)","background-image":"","background-repeat":"repeat","background-position":"center center","background-size":"auto","background-attachment":"scroll","background-type":"","background-media":"","overlay-type":"","overlay-color":"","overlay-opacity":"","overlay-gradient":""},"tablet":{"background-color":"var(--ast-global-color-5)","background-image":"","background-repeat":"repeat","background-position":"center center","background-size":"auto","background-attachment":"scroll","background-type":"","background-media":"","overlay-type":"","overlay-color":"","overlay-opacity":"","overlay-gradient":""},"mobile":{"background-color":"var(--ast-global-color-5)","background-image":"","background-repeat":"repeat","background-position":"center center","background-size":"auto","background-attachment":"scroll","background-type":"","background-media":"","overlay-type":"","overlay-color":"","overlay-opacity":"","overlay-gradient":""}}},"product_brand":[],"product_cat":[22],"product_tag":[201,202,203,204,205,206,207,208,209,210,211,212,213,214,215,216,217,218,219,220,221,222,223,224,225,226],"class_list":{"0":"post-1492","1":"product","2":"type-product","3":"status-publish","4":"has-post-thumbnail","6":"product_cat-hybrid","7":"product_tag-buy-weed-online-in-australia","8":"product_tag-buy-weed-online-in-belgium","9":"product_tag-buy-weed-online-in-britain","10":"product_tag-buy-weed-online-in-china","11":"product_tag-buy-weed-online-in-croatia","12":"product_tag-buy-weed-online-in-denmark","13":"product_tag-buy-weed-online-in-european-union","14":"product_tag-buy-weed-online-in-france","15":"product_tag-buy-weed-online-in-germany","16":"product_tag-buy-weed-online-in-guam","17":"product_tag-buy-weed-online-in-guernsey","18":"product_tag-buy-weed-online-in-hungary","19":"product_tag-buy-weed-online-in-ireland","20":"product_tag-buy-weed-online-in-israel","21":"product_tag-buy-weed-online-in-italy","22":"product_tag-buy-weed-online-in-japan","23":"product_tag-buy-weed-online-in-jersey","24":"product_tag-buy-weed-online-in-latvia","25":"product_tag-buy-weed-online-in-poland","26":"product_tag-buy-weed-online-in-russia","27":"product_tag-buy-weed-online-in-spain","28":"product_tag-buy-weed-online-in-sweeden","29":"product_tag-buy-weed-online-in-switzerland","30":"product_tag-buy-weed-online-in-turkey","31":"product_tag-buy-weed-online-in-ukraine","32":"product_tag-buy-weed-online-united-states","33":"desktop-align-center","34":"tablet-align-left","35":"mobile-align-left","37":"first","38":"instock","39":"sale","40":"shipping-taxable","41":"purchasable","42":"product-type-variable"},"uagb_featured_image_src":{"full":["https:\/\/caliweedeurope.com\/wp-content\/uploads\/2024\/11\/treegod415_54277409_1206124882894029_7160562974530010069_n.jpg",1080,1350,false],"thumbnail":["https:\/\/caliweedeurope.com\/wp-content\/uploads\/2024\/11\/treegod415_54277409_1206124882894029_7160562974530010069_n-150x150.jpg",150,150,true],"medium":["https:\/\/caliweedeurope.com\/wp-content\/uploads\/2024\/11\/treegod415_54277409_1206124882894029_7160562974530010069_n-240x300.jpg",240,300,true],"medium_large":["https:\/\/caliweedeurope.com\/wp-content\/uploads\/2024\/11\/treegod415_54277409_1206124882894029_7160562974530010069_n-768x960.jpg",768,960,true],"large":["https:\/\/caliweedeurope.com\/wp-content\/uploads\/2024\/11\/treegod415_54277409_1206124882894029_7160562974530010069_n-819x1024.jpg",819,1024,true],"1536x1536":["https:\/\/caliweedeurope.com\/wp-content\/uploads\/2024\/11\/treegod415_54277409_1206124882894029_7160562974530010069_n.jpg",1080,1350,false],"2048x2048":["https:\/\/caliweedeurope.com\/wp-content\/uploads\/2024\/11\/treegod415_54277409_1206124882894029_7160562974530010069_n.jpg",1080,1350,false],"trp-custom-language-flag":["https:\/\/caliweedeurope.com\/wp-content\/uploads\/2024\/11\/treegod415_54277409_1206124882894029_7160562974530010069_n.jpg",10,12,false],"woocommerce_thumbnail":["https:\/\/caliweedeurope.com\/wp-content\/uploads\/2024\/11\/treegod415_54277409_1206124882894029_7160562974530010069_n-300x300.jpg",300,300,true],"woocommerce_single":["https:\/\/caliweedeurope.com\/wp-content\/uploads\/2024\/11\/treegod415_54277409_1206124882894029_7160562974530010069_n-600x750.jpg",600,750,true],"woocommerce_gallery_thumbnail":["https:\/\/caliweedeurope.com\/wp-content\/uploads\/2024\/11\/treegod415_54277409_1206124882894029_7160562974530010069_n-100x100.jpg",100,100,true]},"uagb_author_info":{"display_name":"jetskiforsaleuk@gmail.com","author_link":"https:\/\/caliweedeurope.com\/cs\/author\/"},"uagb_comment_info":0,"uagb_excerpt":"Afghan kush looks very nice to the eye, Pale green with a hue of yellow , Orange hairs both light and dark are present, looks like a orange and gold nugget, with patchy crystals. Buy Afghan Kush Online \u2013 Afghan Kush for Sale. Afghan Kush is a popular marijuana strain with a THC level up&hellip;","_links":{"self":[{"href":"https:\/\/caliweedeurope.com\/cs\/wp-json\/wp\/v2\/product\/1492"}],"collection":[{"href":"https:\/\/caliweedeurope.com\/cs\/wp-json\/wp\/v2\/product"}],"about":[{"href":"https:\/\/caliweedeurope.com\/cs\/wp-json\/wp\/v2\/types\/product"}],"replies":[{"embeddable":true,"href":"https:\/\/caliweedeurope.com\/cs\/wp-json\/wp\/v2\/comments?post=1492"}],"wp:featuredmedia":[{"embeddable":true,"href":"https:\/\/caliweedeurope.com\/cs\/wp-json\/wp\/v2\/media\/1530"}],"wp:attachment":[{"href":"https:\/\/caliweedeurope.com\/cs\/wp-json\/wp\/v2\/media?parent=1492"}],"wp:term":[{"taxonomy":"product_brand","embeddable":true,"href":"https:\/\/caliweedeurope.com\/cs\/wp-json\/wp\/v2\/product_brand?post=1492"},{"taxonomy":"product_cat","embeddable":true,"href":"https:\/\/caliweedeurope.com\/cs\/wp-json\/wp\/v2\/product_cat?post=1492"},{"taxonomy":"product_tag","embeddable":true,"href":"https:\/\/caliweedeurope.com\/cs\/wp-json\/wp\/v2\/product_tag?post=1492"}],"curies":[{"name":"wp","href":"https:\/\/api.w.org\/{rel}","templated":true}]}}