{"id":1510,"date":"2024-11-03T21:33:53","date_gmt":"2024-11-03T21:33:53","guid":{"rendered":"https:\/\/caliweedeurope.com\/?post_type=product&#038;p=1510"},"modified":"2024-11-03T21:34:38","modified_gmt":"2024-11-03T21:34:38","slug":"khalifa-kush-pre-rolled-joints","status":"publish","type":"product","link":"https:\/\/caliweedeurope.com\/cs\/product\/khalifa-kush-pre-rolled-joints\/","title":{"rendered":"Khalifa Kush Pre Rolled Joints"},"content":{"rendered":"<h1>Khalifa Kush Pre Rolled Joints<\/h1>\n<p>Kupte Khalifa Kush p\u0159edrolovan\u00e9 jointy<\/p>\n<p class=\"translation-block\"><strong>D\u00e1vkov\u00e1n\u00ed:<\/strong> Ka\u017ed\u00fd joint obsahuje 1,2 gramu konopn\u00fdch kv\u011bt\u016f s obsahem THC od 25 % do 37 % <a href=\"https:\/\/en.wikipedia.org\/wiki\/Tetrahydrocannabinol\" target=\"_blank\" rel=\"noopener\">THC<\/a>.<\/p>\n<p class=\"translation-block\"><strong>Balen\u00ed:<\/strong> V z\u00e1vislosti na objemu objednan\u00e9ho produktu a odr\u016fd\u011b pou\u017e\u00edv\u00e1me kombinaci kontejner\u016f s v\u00ed\u010dkem na twist, uzav\u0159en\u00fdch s\u00e1\u010dk\u016f a v\u0161e je v\u017edy dvakr\u00e1t vakuov\u011b uzav\u0159eno p\u0159ed odesl\u00e1n\u00edm po\u0161tou, aby byla zaru\u010dena bezz\u00e1pachov\u00e1 dod\u00e1vka.<\/p>\n<p class=\"translation-block\"><strong>Skladov\u00e1n\u00ed:<\/strong> Uchov\u00e1vejte sv\u00e9 p\u0159edrolovan\u00e9 jointy v uzav\u0159en\u00e9 n\u00e1dob\u011b na chladn\u00e9m a such\u00e9m m\u00edst\u011b, nap\u0159\u00edklad v chladni\u010dce, pro maxim\u00e1ln\u00ed trvanlivost. Kupte p\u0159edrolovan\u00e9 jointy Khalifa Kush.<\/p>\n<p class=\"translation-block\"><strong>Symptomy &amp; Stavy:<\/strong> Krom\u011b toho m\u00e1me ADD, ADHD, \u00fazkost, artritidu, autismus, bipol\u00e1rn\u00ed poruchu, k\u0159e\u010de, fibromyalgii, gastrointestin\u00e1ln\u00ed poruchy, nespavost, ztr\u00e1tu chuti k j\u00eddlu. D\u00e1le migr\u00e9nu, roztrou\u0161enou skler\u00f3zu, svalov\u00e9 k\u0159e\u010de, PMS\/PMDD, PTSD, bolest: svalov\u00e1\/cloubn\u00ed, bolest: neuropatick\u00e1, bolest: fantomov\u00e1 kon\u010detina. Kupte p\u0159edrolovan\u00e9 jointy Khalifa Kush.<\/p>\n<p class=\"translation-block\">T\u00edmto v\u00edme, \u017ee cannabis m\u011bn\u00ed \u017eivoty. A vedeme boj za to, aby marihuana byla v rukou lid\u00ed, kte\u0159\u00ed ji pot\u0159ebuj\u00ed. Jako popul\u00e1rn\u00ed cannabis dispensary v USA poskytujeme vysoce kvalitn\u00ed kmeny cannabis. A jako takov\u00e9 souvisej\u00edc\u00ed produkty (Hybrid, Indica a Sativa, a cannabisov\u00fd olej, konopn\u00fd olej, edibles, koncentr\u00e1ty a Moonrock nebo <a href=\"https:\/\/deligentman.com\/product\/sun-rocks-weed\/\" target=\"_blank\" rel=\"noopener\">Sun Rocks<\/a>), abychom splnili po\u017eadavky na\u0161ich v\u00e1\u017een\u00fdch z\u00e1kazn\u00edk\u016f nebo pacient\u016f. Jsme hrd\u00ed na to, \u017ee nastavujeme standard pro tento dispensary a proto. M\u00e1me Weed na prodej, kupte marihuanu online, cannabisov\u00fd olej na prodej, objednejte Weed online a kde koupit marihuanu, l\u00e9ka\u0159skou marihuanu na prodej. Kupte Weed online v UK, kupte Khalifa Kush p\u0159edrolovan\u00e9 jointy.<\/p>\n<p>Z\u00cdSKEJTE TO NEJLEP\u0160\u00cd.<\/p>\n<p>Chcete tedy koupit kvalitn\u00ed marihuanov\u00e9 odr\u016fdy s garantovanou doru\u010den\u00edm t\u00e9m\u011b\u0159 po cel\u00e9m sv\u011bt\u011b?<br \/> V\u00edtejte na HempBazar UK. M\u00e1me nejlep\u0161\u00ed p\u0159edrolovan\u00e9 jointy na prodej!<\/p>\n<p>Proto nab\u00edz\u00edme obrovsk\u00fd sortiment vysoce kvalitn\u00edch marihuanov\u00fdch produkt\u016f na prodej p\u0159\u00edmo z Velk\u00e9 Brit\u00e1nie.<\/p>\n<p>Chystejte se do postele. Sweet Dreams je siln\u00e1 sm\u011bs s p\u0159evahou Indica, kter\u00e1 v\u00e1m p\u0159inese \u00falevu na cest\u011b k ospal\u00e9 relaxaci. Lucy's Pre-Rolls jsou vyrobeny pouze z t\u011bch nejlep\u0161\u00edch 100% konopn\u00fdch kv\u011bt\u016f, \u017e\u00e1dn\u00fd shake. Khalifa Kush p\u0159edrolovan\u00e9 jointy.<\/p>","protected":false},"excerpt":{"rendered":"<p>THC 18% a\u017e 30% Koupit marihuanu online UK, Koupit kief online UK, weed online Evropa, Koupit skunk online UK, 420 po\u0161tovn\u00ed objedn\u00e1vka UK, Koupit weed online UK.<\/p>\n<p>&nbsp;<\/p>","protected":false},"featured_media":1534,"comment_status":"closed","ping_status":"closed","template":"","meta":{"_uag_custom_page_level_css":"","site-sidebar-layout":"default","site-content-layout":"","ast-site-content-layout":"","site-content-style":"default","site-sidebar-style":"default","ast-global-header-display":"","ast-banner-title-visibility":"","ast-main-header-display":"","ast-hfb-above-header-display":"","ast-hfb-below-header-display":"","ast-hfb-mobile-header-display":"","site-post-title":"","ast-breadcrumbs-content":"","ast-featured-img":"","footer-sml-layout":"","theme-transparent-header-meta":"","adv-header-id-meta":"","stick-header-meta":"","header-above-stick-meta":"","header-main-stick-meta":"","header-below-stick-meta":"","astra-migrate-meta-layouts":"default","ast-page-background-enabled":"default","ast-page-background-meta":{"desktop":{"background-color":"var(--ast-global-color-4)","background-image":"","background-repeat":"repeat","background-position":"center center","background-size":"auto","background-attachment":"scroll","background-type":"","background-media":"","overlay-type":"","overlay-color":"","overlay-opacity":"","overlay-gradient":""},"tablet":{"background-color":"","background-image":"","background-repeat":"repeat","background-position":"center center","background-size":"auto","background-attachment":"scroll","background-type":"","background-media":"","overlay-type":"","overlay-color":"","overlay-opacity":"","overlay-gradient":""},"mobile":{"background-color":"","background-image":"","background-repeat":"repeat","background-position":"center center","background-size":"auto","background-attachment":"scroll","background-type":"","background-media":"","overlay-type":"","overlay-color":"","overlay-opacity":"","overlay-gradient":""}},"ast-content-background-meta":{"desktop":{"background-color":"var(--ast-global-color-5)","background-image":"","background-repeat":"repeat","background-position":"center center","background-size":"auto","background-attachment":"scroll","background-type":"","background-media":"","overlay-type":"","overlay-color":"","overlay-opacity":"","overlay-gradient":""},"tablet":{"background-color":"var(--ast-global-color-5)","background-image":"","background-repeat":"repeat","background-position":"center center","background-size":"auto","background-attachment":"scroll","background-type":"","background-media":"","overlay-type":"","overlay-color":"","overlay-opacity":"","overlay-gradient":""},"mobile":{"background-color":"var(--ast-global-color-5)","background-image":"","background-repeat":"repeat","background-position":"center center","background-size":"auto","background-attachment":"scroll","background-type":"","background-media":"","overlay-type":"","overlay-color":"","overlay-opacity":"","overlay-gradient":""}}},"product_brand":[],"product_cat":[22,228,427,380],"product_tag":[428,429,430,431,432,433,434,330,435,436,437,232,438,439,440,441,442,443,444],"class_list":{"0":"post-1510","1":"product","2":"type-product","3":"status-publish","4":"has-post-thumbnail","6":"product_cat-hybrid","7":"product_cat-indica","8":"product_cat-pre-rolls","9":"product_cat-sativa","10":"product_tag-420-mail-order-uk","11":"product_tag-best-online-vape-store-uk","12":"product_tag-best-place-to-buy-weed-online-europe","13":"product_tag-best-weed-store-uk","14":"product_tag-buy-cbd-weed-online-europe","15":"product_tag-buy-kief-online-uk","16":"product_tag-buy-marijuana-online","17":"product_tag-buy-marijuana-online-uk","18":"product_tag-buy-pollen-online-uk","19":"product_tag-buy-pre-rolled-joints-online-uk","20":"product_tag-buy-skunk-online-uk","21":"product_tag-buy-weed-online-uk","22":"product_tag-head-shop-uk","23":"product_tag-khalifa-kush-pre-rolled-joints","24":"product_tag-legal-highs-shop-uk","25":"product_tag-mail-order-weed-online-europe","26":"product_tag-marijuana-store-uk","27":"product_tag-order-weed-online-europe","28":"product_tag-weed-online-europe","29":"desktop-align-center","30":"tablet-align-left","31":"mobile-align-left","33":"first","34":"instock","35":"shipping-taxable","36":"purchasable","37":"product-type-variable"},"uagb_featured_image_src":{"full":["https:\/\/caliweedeurope.com\/wp-content\/uploads\/2024\/11\/Pre-Roll-5-Pack-4.16.20-scaled-1.jpg",1948,1948,false],"thumbnail":["https:\/\/caliweedeurope.com\/wp-content\/uploads\/2024\/11\/Pre-Roll-5-Pack-4.16.20-scaled-1-150x150.jpg",150,150,true],"medium":["https:\/\/caliweedeurope.com\/wp-content\/uploads\/2024\/11\/Pre-Roll-5-Pack-4.16.20-scaled-1-300x300.jpg",300,300,true],"medium_large":["https:\/\/caliweedeurope.com\/wp-content\/uploads\/2024\/11\/Pre-Roll-5-Pack-4.16.20-scaled-1-768x768.jpg",768,768,true],"large":["https:\/\/caliweedeurope.com\/wp-content\/uploads\/2024\/11\/Pre-Roll-5-Pack-4.16.20-scaled-1-1024x1024.jpg",1024,1024,true],"1536x1536":["https:\/\/caliweedeurope.com\/wp-content\/uploads\/2024\/11\/Pre-Roll-5-Pack-4.16.20-scaled-1-1536x1536.jpg",1536,1536,true],"2048x2048":["https:\/\/caliweedeurope.com\/wp-content\/uploads\/2024\/11\/Pre-Roll-5-Pack-4.16.20-scaled-1.jpg",1948,1948,false],"trp-custom-language-flag":["https:\/\/caliweedeurope.com\/wp-content\/uploads\/2024\/11\/Pre-Roll-5-Pack-4.16.20-scaled-1.jpg",12,12,false],"woocommerce_thumbnail":["https:\/\/caliweedeurope.com\/wp-content\/uploads\/2024\/11\/Pre-Roll-5-Pack-4.16.20-scaled-1-300x300.jpg",300,300,true],"woocommerce_single":["https:\/\/caliweedeurope.com\/wp-content\/uploads\/2024\/11\/Pre-Roll-5-Pack-4.16.20-scaled-1-600x600.jpg",600,600,true],"woocommerce_gallery_thumbnail":["https:\/\/caliweedeurope.com\/wp-content\/uploads\/2024\/11\/Pre-Roll-5-Pack-4.16.20-scaled-1-100x100.jpg",100,100,true]},"uagb_author_info":{"display_name":"jetskiforsaleuk@gmail.com","author_link":"https:\/\/caliweedeurope.com\/cs\/author\/"},"uagb_comment_info":0,"uagb_excerpt":"THC\u00a0 18% to 30% Buy Marijuana Online UK, Buy kief online UK, weed online europe, Buy skunk online UK, 420 mail order UK, Buy weed Online UK. &nbsp;","_links":{"self":[{"href":"https:\/\/caliweedeurope.com\/cs\/wp-json\/wp\/v2\/product\/1510"}],"collection":[{"href":"https:\/\/caliweedeurope.com\/cs\/wp-json\/wp\/v2\/product"}],"about":[{"href":"https:\/\/caliweedeurope.com\/cs\/wp-json\/wp\/v2\/types\/product"}],"replies":[{"embeddable":true,"href":"https:\/\/caliweedeurope.com\/cs\/wp-json\/wp\/v2\/comments?post=1510"}],"wp:featuredmedia":[{"embeddable":true,"href":"https:\/\/caliweedeurope.com\/cs\/wp-json\/wp\/v2\/media\/1534"}],"wp:attachment":[{"href":"https:\/\/caliweedeurope.com\/cs\/wp-json\/wp\/v2\/media?parent=1510"}],"wp:term":[{"taxonomy":"product_brand","embeddable":true,"href":"https:\/\/caliweedeurope.com\/cs\/wp-json\/wp\/v2\/product_brand?post=1510"},{"taxonomy":"product_cat","embeddable":true,"href":"https:\/\/caliweedeurope.com\/cs\/wp-json\/wp\/v2\/product_cat?post=1510"},{"taxonomy":"product_tag","embeddable":true,"href":"https:\/\/caliweedeurope.com\/cs\/wp-json\/wp\/v2\/product_tag?post=1510"}],"curies":[{"name":"wp","href":"https:\/\/api.w.org\/{rel}","templated":true}]}}