{"id":1516,"date":"2024-11-03T21:33:53","date_gmt":"2024-11-03T21:33:53","guid":{"rendered":"https:\/\/caliweedeurope.com\/?post_type=product&#038;p=1516"},"modified":"2024-11-03T21:34:38","modified_gmt":"2024-11-03T21:34:38","slug":"jack-herer","status":"publish","type":"product","link":"https:\/\/caliweedeurope.com\/cs\/product\/jack-herer\/","title":{"rendered":"Jack Herer"},"content":{"rendered":"<h1>Kupte si Jack Herer Marijuana Strain UK<\/h1>\n<p class=\"translation-block\">Kupte marihuanovou odr\u016fdu Jack Herer ve Velk\u00e9 Brit\u00e1nii. Jack Herer Marihuana je poctou slavn\u00e9mu aktivistovi konop\u00ed <a href=\"https:\/\/en.wikipedia.org\/wiki\/Jack_Herer\" target=\"_blank\" rel=\"noopener\">Jacku Hererovi<\/a> a je to Sativa, kter\u00e1 spl\u0148uje legend\u00e1rn\u00ed jm\u00e9no.<\/p>\n<h2>Hlavn\u00ed rysy Jack Herer Marijuana<\/h2>\n<div class=\"woocommerce-product-details__short-description\">\n<p class=\"translation-block\"><strong>VYTVO\u0158EN\u00c9 POCITY:<\/strong> \u00da\u010dinek z Jack Herer marihuany je tak \u00fa\u017easn\u00fd, jak jen m\u016f\u017ee b\u00fdt <a href=\"https:\/\/deligentman.com\/product-category\/sativa\/\" target=\"_blank\" rel=\"noopener\">Sativa<\/a>. Prvn\u00ed hit napumpuje va\u0161e t\u011blo energi\u00ed a nech\u00e1 v\u00e1s p\u0159ipraven\u00e9 na to, abyste se postavili sv\u011btu.<\/p>\n<div class=\"electro-description\">\n<p>Marihuana Jack Herer UK je jednou z nejp\u0159\u00edjemn\u011bj\u0161\u00edch sativ na trhu. Jej\u00ed popularita v pr\u016fb\u011bhu let v\u00fdrazn\u011b vzrostla. Jej\u00ed sv\u011btle zelen\u00e9, zmrzl\u00e9, THC-\u0161t\u00edpl\u00e9 pupeny lze naj\u00edt na horn\u00ed poli\u010dce v\u011bt\u0161iny dispens\u00e1\u0159\u016f. Jack Herer weed je jednou z nejlep\u0161\u00edch odr\u016fd pro denn\u00ed pou\u017eit\u00ed a chutn\u00e1 sladce a \u010derstv\u011b. Tato odr\u016fda okam\u017eit\u011b poskytne d\u00e1vku energie, kter\u00e1 v\u00e1s provede n\u00e1sleduj\u00edc\u00edmi hodinami.<\/p>\n<\/p><\/div>\n<\/p><\/div>","protected":false},"excerpt":{"rendered":"<p>Deligentman.con je velmi hrd\u00fd na to, \u017ee p\u0159edstavuje Jack Herer s 23,0 % THC. Jsme jedin\u00e1 spole\u010dnost, kter\u00e1 tuto odr\u016fdu p\u011bstuje s tak vysokou koncentrac\u00ed THC. Kupte si Jack Herer Marijuana Strain UK. Jack Herer Marijuana je poctou slavn\u00e9mu aktivistovi konop\u00ed Jacku Hererovi, jedn\u00e1 se o sativu, kter\u00e1 \u017eije podle sv\u00e9ho legend\u00e1rn\u00edho jm\u00e9na.<\/p>","protected":false},"featured_media":1548,"comment_status":"closed","ping_status":"closed","template":"","meta":{"_uag_custom_page_level_css":"","site-sidebar-layout":"default","site-content-layout":"","ast-site-content-layout":"","site-content-style":"default","site-sidebar-style":"default","ast-global-header-display":"","ast-banner-title-visibility":"","ast-main-header-display":"","ast-hfb-above-header-display":"","ast-hfb-below-header-display":"","ast-hfb-mobile-header-display":"","site-post-title":"","ast-breadcrumbs-content":"","ast-featured-img":"","footer-sml-layout":"","theme-transparent-header-meta":"","adv-header-id-meta":"","stick-header-meta":"","header-above-stick-meta":"","header-main-stick-meta":"","header-below-stick-meta":"","astra-migrate-meta-layouts":"default","ast-page-background-enabled":"default","ast-page-background-meta":{"desktop":{"background-color":"var(--ast-global-color-4)","background-image":"","background-repeat":"repeat","background-position":"center center","background-size":"auto","background-attachment":"scroll","background-type":"","background-media":"","overlay-type":"","overlay-color":"","overlay-opacity":"","overlay-gradient":""},"tablet":{"background-color":"","background-image":"","background-repeat":"repeat","background-position":"center center","background-size":"auto","background-attachment":"scroll","background-type":"","background-media":"","overlay-type":"","overlay-color":"","overlay-opacity":"","overlay-gradient":""},"mobile":{"background-color":"","background-image":"","background-repeat":"repeat","background-position":"center center","background-size":"auto","background-attachment":"scroll","background-type":"","background-media":"","overlay-type":"","overlay-color":"","overlay-opacity":"","overlay-gradient":""}},"ast-content-background-meta":{"desktop":{"background-color":"var(--ast-global-color-5)","background-image":"","background-repeat":"repeat","background-position":"center center","background-size":"auto","background-attachment":"scroll","background-type":"","background-media":"","overlay-type":"","overlay-color":"","overlay-opacity":"","overlay-gradient":""},"tablet":{"background-color":"var(--ast-global-color-5)","background-image":"","background-repeat":"repeat","background-position":"center center","background-size":"auto","background-attachment":"scroll","background-type":"","background-media":"","overlay-type":"","overlay-color":"","overlay-opacity":"","overlay-gradient":""},"mobile":{"background-color":"var(--ast-global-color-5)","background-image":"","background-repeat":"repeat","background-position":"center center","background-size":"auto","background-attachment":"scroll","background-type":"","background-media":"","overlay-type":"","overlay-color":"","overlay-opacity":"","overlay-gradient":""}}},"product_brand":[],"product_cat":[380],"product_tag":[445,446],"class_list":{"0":"post-1516","1":"product","2":"type-product","3":"status-publish","4":"has-post-thumbnail","6":"product_cat-sativa","7":"product_tag-buy-jack-herer-marijuana-strain-uk","8":"product_tag-marijuana-flowers-uk","9":"desktop-align-center","10":"tablet-align-left","11":"mobile-align-left","13":"first","14":"instock","15":"sale","16":"shipping-taxable","17":"purchasable","18":"product-type-variable"},"uagb_featured_image_src":{"full":["https:\/\/caliweedeurope.com\/wp-content\/uploads\/2024\/11\/treegod415_67497691_180101586350971_2532926964804551256_n.jpg",1080,1350,false],"thumbnail":["https:\/\/caliweedeurope.com\/wp-content\/uploads\/2024\/11\/treegod415_67497691_180101586350971_2532926964804551256_n-150x150.jpg",150,150,true],"medium":["https:\/\/caliweedeurope.com\/wp-content\/uploads\/2024\/11\/treegod415_67497691_180101586350971_2532926964804551256_n-240x300.jpg",240,300,true],"medium_large":["https:\/\/caliweedeurope.com\/wp-content\/uploads\/2024\/11\/treegod415_67497691_180101586350971_2532926964804551256_n-768x960.jpg",768,960,true],"large":["https:\/\/caliweedeurope.com\/wp-content\/uploads\/2024\/11\/treegod415_67497691_180101586350971_2532926964804551256_n-819x1024.jpg",819,1024,true],"1536x1536":["https:\/\/caliweedeurope.com\/wp-content\/uploads\/2024\/11\/treegod415_67497691_180101586350971_2532926964804551256_n.jpg",1080,1350,false],"2048x2048":["https:\/\/caliweedeurope.com\/wp-content\/uploads\/2024\/11\/treegod415_67497691_180101586350971_2532926964804551256_n.jpg",1080,1350,false],"trp-custom-language-flag":["https:\/\/caliweedeurope.com\/wp-content\/uploads\/2024\/11\/treegod415_67497691_180101586350971_2532926964804551256_n.jpg",10,12,false],"woocommerce_thumbnail":["https:\/\/caliweedeurope.com\/wp-content\/uploads\/2024\/11\/treegod415_67497691_180101586350971_2532926964804551256_n-300x300.jpg",300,300,true],"woocommerce_single":["https:\/\/caliweedeurope.com\/wp-content\/uploads\/2024\/11\/treegod415_67497691_180101586350971_2532926964804551256_n-600x750.jpg",600,750,true],"woocommerce_gallery_thumbnail":["https:\/\/caliweedeurope.com\/wp-content\/uploads\/2024\/11\/treegod415_67497691_180101586350971_2532926964804551256_n-100x100.jpg",100,100,true]},"uagb_author_info":{"display_name":"jetskiforsaleuk@gmail.com","author_link":"https:\/\/caliweedeurope.com\/cs\/author\/"},"uagb_comment_info":0,"uagb_excerpt":"Deligentman.con is very proud to introduce the 23.0% THC Jack Herer. We are the only company to grow this strain at such a high THC potency. Buy Jack Herer Marijuana Strain UK. Jack Herer Marijuana is a tribute to the famous weed activist Jack Herer, is a sativa strain that lives up to the legendary&hellip;","_links":{"self":[{"href":"https:\/\/caliweedeurope.com\/cs\/wp-json\/wp\/v2\/product\/1516"}],"collection":[{"href":"https:\/\/caliweedeurope.com\/cs\/wp-json\/wp\/v2\/product"}],"about":[{"href":"https:\/\/caliweedeurope.com\/cs\/wp-json\/wp\/v2\/types\/product"}],"replies":[{"embeddable":true,"href":"https:\/\/caliweedeurope.com\/cs\/wp-json\/wp\/v2\/comments?post=1516"}],"wp:featuredmedia":[{"embeddable":true,"href":"https:\/\/caliweedeurope.com\/cs\/wp-json\/wp\/v2\/media\/1548"}],"wp:attachment":[{"href":"https:\/\/caliweedeurope.com\/cs\/wp-json\/wp\/v2\/media?parent=1516"}],"wp:term":[{"taxonomy":"product_brand","embeddable":true,"href":"https:\/\/caliweedeurope.com\/cs\/wp-json\/wp\/v2\/product_brand?post=1516"},{"taxonomy":"product_cat","embeddable":true,"href":"https:\/\/caliweedeurope.com\/cs\/wp-json\/wp\/v2\/product_cat?post=1516"},{"taxonomy":"product_tag","embeddable":true,"href":"https:\/\/caliweedeurope.com\/cs\/wp-json\/wp\/v2\/product_tag?post=1516"}],"curies":[{"name":"wp","href":"https:\/\/api.w.org\/{rel}","templated":true}]}}