{"id":1520,"date":"2024-11-03T21:33:53","date_gmt":"2024-11-03T21:33:53","guid":{"rendered":"https:\/\/caliweedeurope.com\/?post_type=product&#038;p=1520"},"modified":"2024-11-03T21:34:38","modified_gmt":"2024-11-03T21:34:38","slug":"bubblegum","status":"publish","type":"product","link":"https:\/\/caliweedeurope.com\/cs\/product\/bubblegum\/","title":{"rendered":"Bubblegum"},"content":{"rendered":"<h1 class=\"product_title entry-title\">Kupte si Bubble Gum Marijuana Strain UK<\/h1>\n<p>Bubblegum je hybrid s p\u0159evahou indica. Poprv\u00e9 byl vy\u0161lecht\u011bn v roce 1993 a u n\u011bkter\u00fdch u\u017eivatel\u016f vyvol\u00e1v\u00e1 silnou euforii. Jedn\u00e1 se o odr\u016fdu s p\u0159evahou 60\/40 na stran\u011b indica, co\u017e znamen\u00e1, \u017ee m\u00e1 oba \u00fa\u010dinky, kter\u00e9 n\u011bkte\u0159\u00ed lid\u00e9 hledaj\u00ed. Nejv\u00edce, co byste m\u011bli v\u011bd\u011bt o t\u00e9to odr\u016fd\u011b, je to, \u017ee jej\u00ed v\u016fn\u011b a chu\u0165 jsou velmi sladk\u00e9, co\u017e mnoho u\u017eivatel\u016f miluje. Jak bylo zm\u00edn\u011bno d\u0159\u00edve, tato odr\u016fda je pravd\u011bpodobn\u011b v 80 % nizozemsk\u00fdch coffee shop\u016f. Jedin\u00e1 m\u00edsta, kde nen\u00ed k dispozici, maj\u00ed bu\u010f jinou hlavn\u00ed odr\u016fdu, nebo jsou to vy\u0161\u0161\u00ed t\u0159\u00eddy, kter\u00e9 prod\u00e1vaj\u00ed pouze nejlep\u0161\u00ed odr\u016fdy. Pokud chcete tuto odr\u016fdu vyzkou\u0161et, nejlep\u0161\u00ed m\u00edsta k tomu jsou bu\u010f Rotterdam, nebo Amsterdam.<\/p>\n<p class=\"translation-block\"><span class=\"hidden-xs\">Kupte Bubble Gum Marijuana UK Online. Bubble Gum je vyv\u00e1\u017een\u00fd hybrid, 50% Indica \/ 50% Sativa.<\/span> Kreativn\u00ed, Energizuj\u00edc\u00ed, <a href=\"https:\/\/cs.wikipedia.org\/wiki\/Euforie\" target=\"_blank\" rel=\"noopener\">Euforie<\/a>, Sm\u011bj\u00edc\u00ed se, \u0160\u0165astn\u00fd, Relaxa\u010dn\u00ed, Povzn\u00e1\u0161ej\u00edc\u00ed, M\u016f\u017ee zm\u00edrnit, Artritidu, <a href=\"https:\/\/deligentman.com\/what-are-the-best-cannabis-strains-for-chronic-pain\/\" target=\"_blank\" rel=\"noopener\">Chronickou bolest<\/a>, Depresi, Gastrointestin\u00e1ln\u00ed poruchy, Nespavost, Ztr\u00e1tu chuti k j\u00eddlu, Nevolnost, <a href=\"https:\/\/deligentman.com\/how-cannabis-can-help-treat-ptsd\/\" target=\"_blank\" rel=\"noopener\">PTSD<\/a>, Stres.<\/p>\n<header class=\"heading--article\">\n<h2 class=\"heading--md heading-md--lg\">Hlavn\u00ed rysy odr\u016fdy<\/h2>\n<\/header>\n<div class=\"description-wrapper\">\n<div class=\"description\">\n<p>Trvalo mnoho generac\u00ed, ne\u017e se kone\u010dn\u011b poda\u0159ilo vyp\u011bstovat stabiln\u00ed Bubble Gum s charakteristickou sladkou v\u016fn\u00ed a euforick\u00fdm \u00fa\u010dinkem. Bubble Gum vyhr\u00e1l dv\u011b ceny na Cannabis Cupu v roce '94 a obsadil 2. m\u00edsto v roce '95 a op\u011bt v roce '99.<\/p>\n<p>&nbsp;<\/p>\n<p>Kupte si cannabis online v Evrop\u011b, m\u016f\u017eete objednat tr\u00e1vu a cannabis online ve Velk\u00e9 Brit\u00e1nii. Rychle doru\u010dujeme s doru\u010den\u00edm n\u00e1sleduj\u00edc\u00ed den. Z\u00edskejte cannabis a tr\u00e1vu k prodeji v UK Weed Supermarket. Kupte si cannabis online UK, po\u0161tovn\u00ed objedn\u00e1vky tr\u00e1vy UK. Kupte si tr\u00e1vu online USA, kupte si marihuanu online UK. Rychle doru\u010dujeme s doru\u010den\u00edm n\u00e1sleduj\u00edc\u00ed den. Tr\u00e1va k prodeji ve Velk\u00e9 Brit\u00e1nii. Aquatic Weed Cutter na prodej ve Velk\u00e9 Brit\u00e1nii. Jak koupit tr\u00e1vu online.<\/p>\n<\/p><\/div>\n<\/p><\/div>","protected":false},"excerpt":{"rendered":"<p class=\"translation-block\"><span class=\"hidden-xs\">Kupte Bubble Gum Marijuana UK Online. Bubble Gum je vyv\u00e1\u017een\u00fd hybrid a Sativa.<\/span> Kreativn\u00ed, Energizuj\u00edc\u00ed, <a href=\"https:\/\/cs.wikipedia.org\/wiki\/Euforie\" target=\"_self\">Euforie<\/a>, Sm\u011bj\u00edc\u00ed se, \u0160\u0165astn\u00fd, Relaxa\u010dn\u00ed, Povzn\u00e1\u0161ej\u00edc\u00ed, M\u016f\u017ee zm\u00edrnit, Artritidu, <a href=\"https:\/\/deligentman.com\/what-are-the-best-cannabis-strains-for-chronic-pain\/\" target=\"_self\">Chronickou bolest<\/a>, Depresi, Gastrointestin\u00e1ln\u00ed poruchy, Nespavost, Ztr\u00e1tu chuti k j\u00eddlu, Nevolnost, <a href=\"https:\/\/deligentman.com\/how-cannabis-can-help-treat-ptsd\/\" target=\"_self\">PTSD<\/a>, Stres.<\/p>","protected":false},"featured_media":1550,"comment_status":"closed","ping_status":"closed","template":"","meta":{"_uag_custom_page_level_css":"","site-sidebar-layout":"default","site-content-layout":"","ast-site-content-layout":"","site-content-style":"default","site-sidebar-style":"default","ast-global-header-display":"","ast-banner-title-visibility":"","ast-main-header-display":"","ast-hfb-above-header-display":"","ast-hfb-below-header-display":"","ast-hfb-mobile-header-display":"","site-post-title":"","ast-breadcrumbs-content":"","ast-featured-img":"","footer-sml-layout":"","theme-transparent-header-meta":"","adv-header-id-meta":"","stick-header-meta":"","header-above-stick-meta":"","header-main-stick-meta":"","header-below-stick-meta":"","astra-migrate-meta-layouts":"default","ast-page-background-enabled":"default","ast-page-background-meta":{"desktop":{"background-color":"var(--ast-global-color-4)","background-image":"","background-repeat":"repeat","background-position":"center center","background-size":"auto","background-attachment":"scroll","background-type":"","background-media":"","overlay-type":"","overlay-color":"","overlay-opacity":"","overlay-gradient":""},"tablet":{"background-color":"","background-image":"","background-repeat":"repeat","background-position":"center center","background-size":"auto","background-attachment":"scroll","background-type":"","background-media":"","overlay-type":"","overlay-color":"","overlay-opacity":"","overlay-gradient":""},"mobile":{"background-color":"","background-image":"","background-repeat":"repeat","background-position":"center center","background-size":"auto","background-attachment":"scroll","background-type":"","background-media":"","overlay-type":"","overlay-color":"","overlay-opacity":"","overlay-gradient":""}},"ast-content-background-meta":{"desktop":{"background-color":"var(--ast-global-color-5)","background-image":"","background-repeat":"repeat","background-position":"center center","background-size":"auto","background-attachment":"scroll","background-type":"","background-media":"","overlay-type":"","overlay-color":"","overlay-opacity":"","overlay-gradient":""},"tablet":{"background-color":"var(--ast-global-color-5)","background-image":"","background-repeat":"repeat","background-position":"center center","background-size":"auto","background-attachment":"scroll","background-type":"","background-media":"","overlay-type":"","overlay-color":"","overlay-opacity":"","overlay-gradient":""},"mobile":{"background-color":"var(--ast-global-color-5)","background-image":"","background-repeat":"repeat","background-position":"center center","background-size":"auto","background-attachment":"scroll","background-type":"","background-media":"","overlay-type":"","overlay-color":"","overlay-opacity":"","overlay-gradient":""}}},"product_brand":[],"product_cat":[22,228,380],"product_tag":[344,329,354,355,356,331,359,361,362,363,447,366,369,370,371,372,374,448,375,449,378],"class_list":{"0":"post-1520","1":"product","2":"type-product","3":"status-publish","4":"has-post-thumbnail","6":"product_cat-hybrid","7":"product_cat-indica","8":"product_cat-sativa","9":"product_tag-buy-cannabis-buds-online-uk","10":"product_tag-buy-cannabis-in-uk","11":"product_tag-buy-cannabis-uk","12":"product_tag-buy-legal-cannabis-online-uk","13":"product_tag-buy-legal-cannabis-uk","14":"product_tag-buy-medical-cannabis-online-uk","15":"product_tag-buying-cannabis-online-uk","16":"product_tag-buying-cannabis-uk","17":"product_tag-can-i-buy-cannabis-online-uk","18":"product_tag-can-you-buy-cannabis-online-uk","19":"product_tag-cannabis-buy-online-uk","20":"product_tag-cannabis-for-sale-online-uk","21":"product_tag-cannabis-online-uk","22":"product_tag-cannabis-sale-online-uk","23":"product_tag-cannabis-seeds-online-uk","24":"product_tag-cheapest-cannabis-seeds-online-uk","25":"product_tag-online-cannabis-shop-uk","26":"product_tag-order-cannabis-online-uk","27":"product_tag-ordering-cannabis-online-uk","28":"product_tag-where-can-i-buy-cannabis-in-the-uk","29":"product_tag-where-can-i-buy-cannabis-oil-in-uk","30":"desktop-align-center","31":"tablet-align-left","32":"mobile-align-left","34":"first","35":"instock","36":"sale","37":"shipping-taxable","38":"purchasable","39":"product-type-variable"},"uagb_featured_image_src":{"full":["https:\/\/caliweedeurope.com\/wp-content\/uploads\/2024\/11\/treegod415_57308782_130390081388138_8858901574894619432_n.jpg",1080,1350,false],"thumbnail":["https:\/\/caliweedeurope.com\/wp-content\/uploads\/2024\/11\/treegod415_57308782_130390081388138_8858901574894619432_n-150x150.jpg",150,150,true],"medium":["https:\/\/caliweedeurope.com\/wp-content\/uploads\/2024\/11\/treegod415_57308782_130390081388138_8858901574894619432_n-240x300.jpg",240,300,true],"medium_large":["https:\/\/caliweedeurope.com\/wp-content\/uploads\/2024\/11\/treegod415_57308782_130390081388138_8858901574894619432_n-768x960.jpg",768,960,true],"large":["https:\/\/caliweedeurope.com\/wp-content\/uploads\/2024\/11\/treegod415_57308782_130390081388138_8858901574894619432_n-819x1024.jpg",819,1024,true],"1536x1536":["https:\/\/caliweedeurope.com\/wp-content\/uploads\/2024\/11\/treegod415_57308782_130390081388138_8858901574894619432_n.jpg",1080,1350,false],"2048x2048":["https:\/\/caliweedeurope.com\/wp-content\/uploads\/2024\/11\/treegod415_57308782_130390081388138_8858901574894619432_n.jpg",1080,1350,false],"trp-custom-language-flag":["https:\/\/caliweedeurope.com\/wp-content\/uploads\/2024\/11\/treegod415_57308782_130390081388138_8858901574894619432_n.jpg",10,12,false],"woocommerce_thumbnail":["https:\/\/caliweedeurope.com\/wp-content\/uploads\/2024\/11\/treegod415_57308782_130390081388138_8858901574894619432_n-300x300.jpg",300,300,true],"woocommerce_single":["https:\/\/caliweedeurope.com\/wp-content\/uploads\/2024\/11\/treegod415_57308782_130390081388138_8858901574894619432_n-600x750.jpg",600,750,true],"woocommerce_gallery_thumbnail":["https:\/\/caliweedeurope.com\/wp-content\/uploads\/2024\/11\/treegod415_57308782_130390081388138_8858901574894619432_n-100x100.jpg",100,100,true]},"uagb_author_info":{"display_name":"jetskiforsaleuk@gmail.com","author_link":"https:\/\/caliweedeurope.com\/cs\/author\/"},"uagb_comment_info":0,"uagb_excerpt":"Buy Bubble Gum Marijuana UK Online. Bubble Gum is an evenly balanced hybrid and Sativa. Creative, Energizing, Euphoria, Giggly, Happy, Relaxing, Uplifting, May Relieve, Arthritis, Chronic Pain, Depression, Gastrointestinal Disorder, Insomnia, Loss of Appetite, Nausea, PTSD, Stress.","_links":{"self":[{"href":"https:\/\/caliweedeurope.com\/cs\/wp-json\/wp\/v2\/product\/1520"}],"collection":[{"href":"https:\/\/caliweedeurope.com\/cs\/wp-json\/wp\/v2\/product"}],"about":[{"href":"https:\/\/caliweedeurope.com\/cs\/wp-json\/wp\/v2\/types\/product"}],"replies":[{"embeddable":true,"href":"https:\/\/caliweedeurope.com\/cs\/wp-json\/wp\/v2\/comments?post=1520"}],"wp:featuredmedia":[{"embeddable":true,"href":"https:\/\/caliweedeurope.com\/cs\/wp-json\/wp\/v2\/media\/1550"}],"wp:attachment":[{"href":"https:\/\/caliweedeurope.com\/cs\/wp-json\/wp\/v2\/media?parent=1520"}],"wp:term":[{"taxonomy":"product_brand","embeddable":true,"href":"https:\/\/caliweedeurope.com\/cs\/wp-json\/wp\/v2\/product_brand?post=1520"},{"taxonomy":"product_cat","embeddable":true,"href":"https:\/\/caliweedeurope.com\/cs\/wp-json\/wp\/v2\/product_cat?post=1520"},{"taxonomy":"product_tag","embeddable":true,"href":"https:\/\/caliweedeurope.com\/cs\/wp-json\/wp\/v2\/product_tag?post=1520"}],"curies":[{"name":"wp","href":"https:\/\/api.w.org\/{rel}","templated":true}]}}