{"id":1538,"date":"2024-11-03T21:34:17","date_gmt":"2024-11-03T21:34:17","guid":{"rendered":"https:\/\/caliweedeurope.com\/?post_type=product&#038;p=1538"},"modified":"2024-11-06T04:05:11","modified_gmt":"2024-11-06T04:05:11","slug":"wedding-cake-strain","status":"publish","type":"product","link":"https:\/\/caliweedeurope.com\/cs\/product\/wedding-cake-strain\/","title":{"rendered":"Odr\u016fda Wedding Cake"},"content":{"rendered":"<h2>\u00davod do odr\u016fdy Wedding Cake<\/h2>\n<p>Odr\u016fda Wedding Cake, lahodn\u00e1 hybridn\u00ed rostlina, nab\u00edz\u00ed vynikaj\u00edc\u00ed rovnov\u00e1hu chut\u00ed a \u00fa\u010dink\u016f. Zn\u00e1m\u00e1 pro sv\u00e9 sladk\u00e9 vanilkov\u00e9 a zemit\u00fd t\u00f3ny, je tato odr\u016fda ide\u00e1ln\u00ed pro ty, kte\u0159\u00ed hledaj\u00ed relaxa\u010dn\u00ed z\u00e1\u017eitek spojen\u00fd s povzn\u00e1\u0161ej\u00edc\u00ed eufori\u00ed.<\/p>\n<h2>Chu\u0165ov\u00fd profil a \u00fa\u010dinky<\/h2>\n<p>S jedine\u010dn\u00fdm chu\u0165ov\u00fdm profilem odr\u016fda Wedding Cake poskytuje hladkou, sladkou chu\u0165, kter\u00e1 uchv\u00e1t\u00ed va\u0161e smysly. Odr\u016fda vyvol\u00e1v\u00e1 uklid\u0148uj\u00edc\u00ed \u00fa\u010dinek, kter\u00fd podporuje relaxaci, co\u017e z n\u00ed \u010din\u00ed ide\u00e1ln\u00edho spole\u010dn\u00edka b\u011bhem slavnostn\u00edch p\u0159\u00edle\u017eitost\u00ed nebo klidn\u00fdch ve\u010der\u016f doma.<\/p>\n<h2>P\u011bstov\u00e1n\u00ed a vlastnosti<\/h2>\n<p>Wedding Cake je v\u0161estrann\u00e1 odr\u016fda, kter\u00e1 m\u016f\u017ee prosp\u00edvat v r\u016fzn\u00fdch prost\u0159ed\u00edch, co\u017e ji \u010din\u00ed obl\u00edbenou u p\u011bstitel\u016f. Jej\u00ed robustn\u00ed povaha zaji\u0161\u0165uje bohatou \u00farodu, zat\u00edmco rostliny vykazuj\u00ed kr\u00e1sn\u00e9, hust\u00e9 pupeny pokryt\u00e9 prysky\u0159ic\u00ed, co\u017e ukazuje jejich prvot\u0159\u00eddn\u00ed kvalitu.<\/p>","protected":false},"excerpt":{"rendered":"<p>Exotic Wedding Cake odr\u016fda, tak\u00e9 zn\u00e1m\u00e1 jako Pink Cookies, je rodinn\u00fd genetick\u00fd k\u0159\u00ed\u017eenec Girl Scout Cookies a Cherry Pie. Tato lahodn\u00e1 pochoutka je bohat\u00e1 na pikantn\u00ed sladkou zemitost a pep\u0159, p\u0159i\u010dem\u017e \u010derp\u00e1 t\u00f3ny a dimenze ze sv\u00fdch rodi\u010dovsk\u00fdch lini\u00ed OG a Durban Poison. U\u017eijte si tuto dvojitou d\u00e1vku hust\u00e9 s\u00edly s opatrnost\u00ed, proto\u017ee n\u011bkter\u00e9 farmy zaznamenaly obsah THC p\u0159es 25 % nebo v\u00edce.<\/p>","protected":false},"featured_media":1558,"comment_status":"closed","ping_status":"closed","template":"","meta":{"_uag_custom_page_level_css":"","site-sidebar-layout":"default","site-content-layout":"","ast-site-content-layout":"default","site-content-style":"default","site-sidebar-style":"default","ast-global-header-display":"","ast-banner-title-visibility":"","ast-main-header-display":"","ast-hfb-above-header-display":"","ast-hfb-below-header-display":"","ast-hfb-mobile-header-display":"","site-post-title":"","ast-breadcrumbs-content":"","ast-featured-img":"","footer-sml-layout":"","theme-transparent-header-meta":"default","adv-header-id-meta":"","stick-header-meta":"","header-above-stick-meta":"","header-main-stick-meta":"","header-below-stick-meta":"","astra-migrate-meta-layouts":"set","ast-page-background-enabled":"default","ast-page-background-meta":{"desktop":{"background-color":"var(--ast-global-color-4)","background-image":"","background-repeat":"repeat","background-position":"center center","background-size":"auto","background-attachment":"scroll","background-type":"","background-media":"","overlay-type":"","overlay-color":"","overlay-opacity":"","overlay-gradient":""},"tablet":{"background-color":"","background-image":"","background-repeat":"repeat","background-position":"center center","background-size":"auto","background-attachment":"scroll","background-type":"","background-media":"","overlay-type":"","overlay-color":"","overlay-opacity":"","overlay-gradient":""},"mobile":{"background-color":"","background-image":"","background-repeat":"repeat","background-position":"center center","background-size":"auto","background-attachment":"scroll","background-type":"","background-media":"","overlay-type":"","overlay-color":"","overlay-opacity":"","overlay-gradient":""}},"ast-content-background-meta":{"desktop":{"background-color":"var(--ast-global-color-5)","background-image":"","background-repeat":"repeat","background-position":"center center","background-size":"auto","background-attachment":"scroll","background-type":"","background-media":"","overlay-type":"","overlay-color":"","overlay-opacity":"","overlay-gradient":""},"tablet":{"background-color":"var(--ast-global-color-5)","background-image":"","background-repeat":"repeat","background-position":"center center","background-size":"auto","background-attachment":"scroll","background-type":"","background-media":"","overlay-type":"","overlay-color":"","overlay-opacity":"","overlay-gradient":""},"mobile":{"background-color":"var(--ast-global-color-5)","background-image":"","background-repeat":"repeat","background-position":"center center","background-size":"auto","background-attachment":"scroll","background-type":"","background-media":"","overlay-type":"","overlay-color":"","overlay-opacity":"","overlay-gradient":""}}},"product_brand":[],"product_cat":[228],"product_tag":[201,202,203,204,205,206,207,208,209,210,211,212,213,214,215,216,217,218,219,220,221,222,223,224,225,226],"class_list":{"0":"post-1538","1":"product","2":"type-product","3":"status-publish","4":"has-post-thumbnail","6":"product_cat-indica","7":"product_tag-buy-weed-online-in-australia","8":"product_tag-buy-weed-online-in-belgium","9":"product_tag-buy-weed-online-in-britain","10":"product_tag-buy-weed-online-in-china","11":"product_tag-buy-weed-online-in-croatia","12":"product_tag-buy-weed-online-in-denmark","13":"product_tag-buy-weed-online-in-european-union","14":"product_tag-buy-weed-online-in-france","15":"product_tag-buy-weed-online-in-germany","16":"product_tag-buy-weed-online-in-guam","17":"product_tag-buy-weed-online-in-guernsey","18":"product_tag-buy-weed-online-in-hungary","19":"product_tag-buy-weed-online-in-ireland","20":"product_tag-buy-weed-online-in-israel","21":"product_tag-buy-weed-online-in-italy","22":"product_tag-buy-weed-online-in-japan","23":"product_tag-buy-weed-online-in-jersey","24":"product_tag-buy-weed-online-in-latvia","25":"product_tag-buy-weed-online-in-poland","26":"product_tag-buy-weed-online-in-russia","27":"product_tag-buy-weed-online-in-spain","28":"product_tag-buy-weed-online-in-sweeden","29":"product_tag-buy-weed-online-in-switzerland","30":"product_tag-buy-weed-online-in-turkey","31":"product_tag-buy-weed-online-in-ukraine","32":"product_tag-buy-weed-online-united-states","33":"desktop-align-center","34":"tablet-align-left","35":"mobile-align-left","37":"first","38":"instock","39":"sale","40":"shipping-taxable","41":"purchasable","42":"product-type-variable"},"uagb_featured_image_src":{"full":["https:\/\/caliweedeurope.com\/wp-content\/uploads\/2024\/11\/treegod415_53123377_313824036158404_3977073212588653875_n.jpg",937,1171,false],"thumbnail":["https:\/\/caliweedeurope.com\/wp-content\/uploads\/2024\/11\/treegod415_53123377_313824036158404_3977073212588653875_n-150x150.jpg",150,150,true],"medium":["https:\/\/caliweedeurope.com\/wp-content\/uploads\/2024\/11\/treegod415_53123377_313824036158404_3977073212588653875_n-240x300.jpg",240,300,true],"medium_large":["https:\/\/caliweedeurope.com\/wp-content\/uploads\/2024\/11\/treegod415_53123377_313824036158404_3977073212588653875_n-768x960.jpg",768,960,true],"large":["https:\/\/caliweedeurope.com\/wp-content\/uploads\/2024\/11\/treegod415_53123377_313824036158404_3977073212588653875_n-819x1024.jpg",819,1024,true],"1536x1536":["https:\/\/caliweedeurope.com\/wp-content\/uploads\/2024\/11\/treegod415_53123377_313824036158404_3977073212588653875_n.jpg",937,1171,false],"2048x2048":["https:\/\/caliweedeurope.com\/wp-content\/uploads\/2024\/11\/treegod415_53123377_313824036158404_3977073212588653875_n.jpg",937,1171,false],"trp-custom-language-flag":["https:\/\/caliweedeurope.com\/wp-content\/uploads\/2024\/11\/treegod415_53123377_313824036158404_3977073212588653875_n.jpg",10,12,false],"woocommerce_thumbnail":["https:\/\/caliweedeurope.com\/wp-content\/uploads\/2024\/11\/treegod415_53123377_313824036158404_3977073212588653875_n-300x300.jpg",300,300,true],"woocommerce_single":["https:\/\/caliweedeurope.com\/wp-content\/uploads\/2024\/11\/treegod415_53123377_313824036158404_3977073212588653875_n-600x750.jpg",600,750,true],"woocommerce_gallery_thumbnail":["https:\/\/caliweedeurope.com\/wp-content\/uploads\/2024\/11\/treegod415_53123377_313824036158404_3977073212588653875_n-100x100.jpg",100,100,true]},"uagb_author_info":{"display_name":"jetskiforsaleuk@gmail.com","author_link":"https:\/\/caliweedeurope.com\/cs\/author\/"},"uagb_comment_info":0,"uagb_excerpt":"Exotic Wedding Cake strain, also known as Pink Cookies, is the familial genetic cross of Girl Scout Cookies and Cherry Pie. This delectable treat is rich with tangy sweet earth and pepper, taking notes and dimension from its OG and Durban Poison parentage. Enjoy this double dose of dense dankness with care, as certain farms&hellip;","_links":{"self":[{"href":"https:\/\/caliweedeurope.com\/cs\/wp-json\/wp\/v2\/product\/1538"}],"collection":[{"href":"https:\/\/caliweedeurope.com\/cs\/wp-json\/wp\/v2\/product"}],"about":[{"href":"https:\/\/caliweedeurope.com\/cs\/wp-json\/wp\/v2\/types\/product"}],"replies":[{"embeddable":true,"href":"https:\/\/caliweedeurope.com\/cs\/wp-json\/wp\/v2\/comments?post=1538"}],"wp:featuredmedia":[{"embeddable":true,"href":"https:\/\/caliweedeurope.com\/cs\/wp-json\/wp\/v2\/media\/1558"}],"wp:attachment":[{"href":"https:\/\/caliweedeurope.com\/cs\/wp-json\/wp\/v2\/media?parent=1538"}],"wp:term":[{"taxonomy":"product_brand","embeddable":true,"href":"https:\/\/caliweedeurope.com\/cs\/wp-json\/wp\/v2\/product_brand?post=1538"},{"taxonomy":"product_cat","embeddable":true,"href":"https:\/\/caliweedeurope.com\/cs\/wp-json\/wp\/v2\/product_cat?post=1538"},{"taxonomy":"product_tag","embeddable":true,"href":"https:\/\/caliweedeurope.com\/cs\/wp-json\/wp\/v2\/product_tag?post=1538"}],"curies":[{"name":"wp","href":"https:\/\/api.w.org\/{rel}","templated":true}]}}