{"id":1542,"date":"2024-11-03T21:34:17","date_gmt":"2024-11-03T21:34:17","guid":{"rendered":"https:\/\/caliweedeurope.com\/?post_type=product&#038;p=1542"},"modified":"2024-11-03T21:34:54","modified_gmt":"2024-11-03T21:34:54","slug":"lemon-haze","status":"publish","type":"product","link":"https:\/\/caliweedeurope.com\/cs\/product\/lemon-haze\/","title":{"rendered":"Lemon Haze"},"content":{"rendered":"<p><span style=\"font-weight: 400\">Koupit Super Lemon Haze online. Jedn\u00e1 se o sm\u011bs Lemon Skunk a Super Silver Haze s pom\u011brem sativa\/indica 80:20. To znamen\u00e1 hlavn\u011b povzn\u00e1\u0161ej\u00edc\u00ed, energick\u00e9 a cerebr\u00e1ln\u00ed \u00fa\u010dinky: vzru\u0161en\u00ed, kreativitu, energii, euforii a intenzivn\u00ed \u0161t\u011bst\u00ed. Tyto \u00fa\u010dinky z n\u011bj \u010din\u00ed ide\u00e1ln\u00ed n\u00e1stroj pro l\u00e9\u010dbu deprese, \u00fanavy, \u00fazkosti, nevolnosti a chronick\u00e9 bolesti. THC v t\u00e9to odr\u016fd\u011b je velmi vysok\u00e9, p\u0159i\u010dem\u017e jedno vzorkov\u00e1n\u00ed dosahuje alespo\u0148 25 %, co\u017e um\u00edst\u00ed Super Lemon Haze na vrchol pyramidy s\u00edly. Nen\u00ed v\u0161ak zn\u00e1m\u00fd pro sv\u016fj obsah CBD, kter\u00fd pravideln\u011b testuje pod 1 %. Jin\u00fdmi slovy, tento strain by nem\u011bl b\u00fdt pou\u017e\u00edv\u00e1n jako jedin\u00fd l\u00e9k na stavy, kter\u00e9 reaguj\u00ed na CBD, jako jsou z\u00e1chvaty. Super Lemon Haze m\u00e1 ostrou, pikantn\u00ed chu\u0165 citronu a v\u016fni s n\u00e1znaky sladkosti bonbon\u016f. Koupit Super Lemon Haze online. Pupeny maj\u00ed skvrnit\u00fd zeleno-hn\u011bd\u00fd vzhled a jsou pokryty hustou vrstvou prysky\u0159i\u010dn\u00fdch trichom\u016f.<\/span><\/p>","protected":false},"excerpt":{"rendered":"<p><span style=\"font-weight: 400\">M\u00e1 pom\u011br sativa\/indica 80:20. To znamen\u00e1 hlavn\u011b povzn\u00e1\u0161ej\u00edc\u00ed, energick\u00e9 a cerebr\u00e1ln\u00ed \u00fa\u010dinky: vzru\u0161en\u00ed, kreativitu, energii, euforii a intenzivn\u00ed \u0161t\u011bst\u00ed. To v\u0161e \u010din\u00ed tuto odr\u016fdu ide\u00e1ln\u00ed pro l\u00e9\u010dbu deprese, \u00fanavy, \u00fazkosti, nevolnosti a chronick\u00e9 bolesti. <\/span><\/p>","protected":false},"featured_media":1560,"comment_status":"closed","ping_status":"closed","template":"","meta":{"_uag_custom_page_level_css":"","site-sidebar-layout":"default","site-content-layout":"","ast-site-content-layout":"","site-content-style":"default","site-sidebar-style":"default","ast-global-header-display":"","ast-banner-title-visibility":"","ast-main-header-display":"","ast-hfb-above-header-display":"","ast-hfb-below-header-display":"","ast-hfb-mobile-header-display":"","site-post-title":"","ast-breadcrumbs-content":"","ast-featured-img":"","footer-sml-layout":"","theme-transparent-header-meta":"","adv-header-id-meta":"","stick-header-meta":"","header-above-stick-meta":"","header-main-stick-meta":"","header-below-stick-meta":"","astra-migrate-meta-layouts":"default","ast-page-background-enabled":"default","ast-page-background-meta":{"desktop":{"background-color":"var(--ast-global-color-4)","background-image":"","background-repeat":"repeat","background-position":"center center","background-size":"auto","background-attachment":"scroll","background-type":"","background-media":"","overlay-type":"","overlay-color":"","overlay-opacity":"","overlay-gradient":""},"tablet":{"background-color":"","background-image":"","background-repeat":"repeat","background-position":"center center","background-size":"auto","background-attachment":"scroll","background-type":"","background-media":"","overlay-type":"","overlay-color":"","overlay-opacity":"","overlay-gradient":""},"mobile":{"background-color":"","background-image":"","background-repeat":"repeat","background-position":"center center","background-size":"auto","background-attachment":"scroll","background-type":"","background-media":"","overlay-type":"","overlay-color":"","overlay-opacity":"","overlay-gradient":""}},"ast-content-background-meta":{"desktop":{"background-color":"var(--ast-global-color-5)","background-image":"","background-repeat":"repeat","background-position":"center center","background-size":"auto","background-attachment":"scroll","background-type":"","background-media":"","overlay-type":"","overlay-color":"","overlay-opacity":"","overlay-gradient":""},"tablet":{"background-color":"var(--ast-global-color-5)","background-image":"","background-repeat":"repeat","background-position":"center center","background-size":"auto","background-attachment":"scroll","background-type":"","background-media":"","overlay-type":"","overlay-color":"","overlay-opacity":"","overlay-gradient":""},"mobile":{"background-color":"var(--ast-global-color-5)","background-image":"","background-repeat":"repeat","background-position":"center center","background-size":"auto","background-attachment":"scroll","background-type":"","background-media":"","overlay-type":"","overlay-color":"","overlay-opacity":"","overlay-gradient":""}}},"product_brand":[],"product_cat":[22,228,380],"product_tag":[201,202,203,204,205,206,207,208,209,210,211,212,213,214,215,216,217,218,219,220,221,222,223,224,225,226],"class_list":{"0":"post-1542","1":"product","2":"type-product","3":"status-publish","4":"has-post-thumbnail","6":"product_cat-hybrid","7":"product_cat-indica","8":"product_cat-sativa","9":"product_tag-buy-weed-online-in-australia","10":"product_tag-buy-weed-online-in-belgium","11":"product_tag-buy-weed-online-in-britain","12":"product_tag-buy-weed-online-in-china","13":"product_tag-buy-weed-online-in-croatia","14":"product_tag-buy-weed-online-in-denmark","15":"product_tag-buy-weed-online-in-european-union","16":"product_tag-buy-weed-online-in-france","17":"product_tag-buy-weed-online-in-germany","18":"product_tag-buy-weed-online-in-guam","19":"product_tag-buy-weed-online-in-guernsey","20":"product_tag-buy-weed-online-in-hungary","21":"product_tag-buy-weed-online-in-ireland","22":"product_tag-buy-weed-online-in-israel","23":"product_tag-buy-weed-online-in-italy","24":"product_tag-buy-weed-online-in-japan","25":"product_tag-buy-weed-online-in-jersey","26":"product_tag-buy-weed-online-in-latvia","27":"product_tag-buy-weed-online-in-poland","28":"product_tag-buy-weed-online-in-russia","29":"product_tag-buy-weed-online-in-spain","30":"product_tag-buy-weed-online-in-sweeden","31":"product_tag-buy-weed-online-in-switzerland","32":"product_tag-buy-weed-online-in-turkey","33":"product_tag-buy-weed-online-in-ukraine","34":"product_tag-buy-weed-online-united-states","35":"desktop-align-center","36":"tablet-align-left","37":"mobile-align-left","39":"first","40":"instock","41":"sale","42":"shipping-taxable","43":"purchasable","44":"product-type-variable"},"uagb_featured_image_src":{"full":["https:\/\/caliweedeurope.com\/wp-content\/uploads\/2024\/11\/treegod415_52684732_257839518494023_8682159355554893335_n.jpg",1080,1350,false],"thumbnail":["https:\/\/caliweedeurope.com\/wp-content\/uploads\/2024\/11\/treegod415_52684732_257839518494023_8682159355554893335_n-150x150.jpg",150,150,true],"medium":["https:\/\/caliweedeurope.com\/wp-content\/uploads\/2024\/11\/treegod415_52684732_257839518494023_8682159355554893335_n-240x300.jpg",240,300,true],"medium_large":["https:\/\/caliweedeurope.com\/wp-content\/uploads\/2024\/11\/treegod415_52684732_257839518494023_8682159355554893335_n-768x960.jpg",768,960,true],"large":["https:\/\/caliweedeurope.com\/wp-content\/uploads\/2024\/11\/treegod415_52684732_257839518494023_8682159355554893335_n-819x1024.jpg",819,1024,true],"1536x1536":["https:\/\/caliweedeurope.com\/wp-content\/uploads\/2024\/11\/treegod415_52684732_257839518494023_8682159355554893335_n.jpg",1080,1350,false],"2048x2048":["https:\/\/caliweedeurope.com\/wp-content\/uploads\/2024\/11\/treegod415_52684732_257839518494023_8682159355554893335_n.jpg",1080,1350,false],"trp-custom-language-flag":["https:\/\/caliweedeurope.com\/wp-content\/uploads\/2024\/11\/treegod415_52684732_257839518494023_8682159355554893335_n.jpg",10,12,false],"woocommerce_thumbnail":["https:\/\/caliweedeurope.com\/wp-content\/uploads\/2024\/11\/treegod415_52684732_257839518494023_8682159355554893335_n-300x300.jpg",300,300,true],"woocommerce_single":["https:\/\/caliweedeurope.com\/wp-content\/uploads\/2024\/11\/treegod415_52684732_257839518494023_8682159355554893335_n-600x750.jpg",600,750,true],"woocommerce_gallery_thumbnail":["https:\/\/caliweedeurope.com\/wp-content\/uploads\/2024\/11\/treegod415_52684732_257839518494023_8682159355554893335_n-100x100.jpg",100,100,true]},"uagb_author_info":{"display_name":"jetskiforsaleuk@gmail.com","author_link":"https:\/\/caliweedeurope.com\/cs\/author\/"},"uagb_comment_info":0,"uagb_excerpt":"It has a sativa\/indica ratio of 80:20. That means heady, peppy, cerebral effects: arousal, creativity, energy, euphoria, and intense happiness. These make for ideal tools in treating depression, fatigue, anxiety, nausea, and chronic pain.","_links":{"self":[{"href":"https:\/\/caliweedeurope.com\/cs\/wp-json\/wp\/v2\/product\/1542"}],"collection":[{"href":"https:\/\/caliweedeurope.com\/cs\/wp-json\/wp\/v2\/product"}],"about":[{"href":"https:\/\/caliweedeurope.com\/cs\/wp-json\/wp\/v2\/types\/product"}],"replies":[{"embeddable":true,"href":"https:\/\/caliweedeurope.com\/cs\/wp-json\/wp\/v2\/comments?post=1542"}],"wp:featuredmedia":[{"embeddable":true,"href":"https:\/\/caliweedeurope.com\/cs\/wp-json\/wp\/v2\/media\/1560"}],"wp:attachment":[{"href":"https:\/\/caliweedeurope.com\/cs\/wp-json\/wp\/v2\/media?parent=1542"}],"wp:term":[{"taxonomy":"product_brand","embeddable":true,"href":"https:\/\/caliweedeurope.com\/cs\/wp-json\/wp\/v2\/product_brand?post=1542"},{"taxonomy":"product_cat","embeddable":true,"href":"https:\/\/caliweedeurope.com\/cs\/wp-json\/wp\/v2\/product_cat?post=1542"},{"taxonomy":"product_tag","embeddable":true,"href":"https:\/\/caliweedeurope.com\/cs\/wp-json\/wp\/v2\/product_tag?post=1542"}],"curies":[{"name":"wp","href":"https:\/\/api.w.org\/{rel}","templated":true}]}}