{"id":1546,"date":"2024-11-03T21:34:17","date_gmt":"2024-11-03T21:34:17","guid":{"rendered":"https:\/\/caliweedeurope.com\/?post_type=product&#038;p=1546"},"modified":"2024-11-03T21:34:54","modified_gmt":"2024-11-03T21:34:54","slug":"blue-cheese","status":"publish","type":"product","link":"https:\/\/caliweedeurope.com\/cs\/product\/blue-cheese\/","title":{"rendered":"Blue Cheese"},"content":{"rendered":"<p>Blue Cheese je typick\u00e9 hybridn\u00ed odr\u016fda p\u0159ev\u00e1\u017en\u011b indiky, kter\u00e1 p\u0159in\u00e1\u0161\u00ed v\u00fdraznou chu\u0165 spolu s m\u00edrn\u00fdmi psychoaktivn\u00edmi \u00fa\u010dinky a leniv\u00fdm opojen\u00edm.<\/p>\n<p>Tato odr\u016fda z\u00edskala sv\u00e9 jm\u00e9no d\u00edky sv\u00e9mu aroma a genetick\u00e9 linii. Blue Cheese je v\u00fdsledkem k\u0159\u00ed\u017een\u00ed popul\u00e1rn\u00ed Blueberry s britskou odr\u016fdou Cheese. Na rozd\u00edl od toho, co byste si mohli myslet, nechutn\u00e1 to jako s\u00fdr; ale aroma... Ach ano, rozhodn\u011b von\u00ed jako zral\u00fd cheddar.<\/p>\n<p>Blue Cheese nen\u00ed nejsiln\u011bj\u0161\u00ed indica-dominantn\u00ed hybrid, proto\u017ee obvykle obsahuje THC v rozmez\u00ed od 15 % do 20 %.<\/p>\n<p>Pokud jde o vzhled, marihuanov\u00e1 odr\u016fda Blue Cheese m\u00e1 pozoruhodn\u011b hust\u00e9 pupeny, s pevn\u011b zabalen\u00fdmi listy, kter\u00e9 jsou sv\u011btle a\u017e st\u0159edn\u011b zelen\u00e9 a protk\u00e1ny zemit\u00fdmi vlasy.<\/p>\n<p>Jakmile uc\u00edt\u00edte svou ta\u0161ku Blue Cheese, pochop\u00edte, odkud poch\u00e1z\u00ed jej\u00ed n\u00e1zev. Za\u010d\u00edn\u00e1 to ostrou v\u016fn\u00ed s\u00fdra, p\u0159i\u010dem\u017e odr\u016fda nese ovocn\u00e9, bobulov\u00e9 podt\u00f3ny, kter\u00e9 zd\u011bdila po sv\u00e9m rodi\u010di Blueberry.<\/p>\n<p>N\u011bkdy je aroma tak siln\u00e9, \u017ee mnoho lid\u00ed jej p\u0159irovnalo k pi\u017emu nebo dokonce zka\u017een\u00e9 zelenin\u011b.<\/p>\n<p>Kdy\u017e kou\u0159\u00edte Blue Cheese, chu\u0165ov\u00fd profil je ve skute\u010dnosti opa\u010dn\u00fd ne\u017e jeho aroma. P\u0159i vydechov\u00e1n\u00ed uc\u00edt\u00edte zcela bor\u016fvkovou chu\u0165, p\u0159i\u010dem\u017e t\u00f3ny s\u00fdrov\u00e9ho \u201efunku\u201c hraj\u00ed n\u011bkde daleko v pozad\u00ed.<\/p>\n<p>\u00da\u010dinky jsou srovnateln\u00e9 s jin\u00fdmi hybrydy dominuj\u00edc\u00edmi indika. Blue Cheese m\u016f\u017ee pomalu p\u0159ich\u00e1zet \u2013 bez po\u010d\u00e1te\u010dn\u00edho cerebr\u00e1ln\u00edho n\u00e1razu, kter\u00fd je spojen s vyv\u00e1\u017een\u011bj\u0161\u00edmi odr\u016fdami \u2013 a p\u0159in\u00e1\u0161\u00ed pocit celkov\u00e9ho uvoln\u011bn\u00ed t\u011bla.<\/p>\n<p>I p\u0159es st\u0159edn\u00ed obsah THC m\u016f\u017ee Blue Cheese p\u0159ekvapit nezku\u0161en\u00e9 u\u017eivatele sv\u00fdmi psychoaktivn\u00edmi \u00fa\u010dinky.<\/p>\n<p>Kdy\u017e dos\u00e1hnete vrcholu, \u00fa\u010dinek Blue Cheese m\u016f\u017ee v\u00e9st k ochromuj\u00edc\u00edmu couchlocku, ale i men\u0161\u00ed d\u00e1vky t\u00e9to odr\u016fdy jsou schopn\u00e9 zhatit v\u0161echny va\u0161e pl\u00e1ny na zbytek dne.<\/p>\n<p>T\u00edm \u0159e\u010deno, odr\u016fda Blue Cheese je doporu\u010dena pro ve\u010dern\u00ed pou\u017eit\u00ed. Nav\u00edc si v\u017edy zajist\u011bte n\u011bjak\u00e9 ob\u010derstven\u00ed, proto\u017ee tato hybridn\u00ed odr\u016fda je zn\u00e1m\u00e1 t\u00edm, \u017ee vyvol\u00e1v\u00e1 siln\u00fd hlad.<\/p>\n<p>D\u00edky v\u00fd\u0161e uveden\u00fdm \u00fa\u010dink\u016fm je Blue Cheese skv\u011blou volbou pro lidi, kte\u0159\u00ed pou\u017e\u00edvaj\u00ed marihuanu z l\u00e9ka\u0159sk\u00fdch d\u016fvod\u016f. M\u016f\u017ee zm\u00edrnit \u00fazkost, deprese a pomoci pacient\u016fm zvl\u00e1dat p\u0159\u00edznaky spojen\u00e9 s <a href=\"https:\/\/deligentman.com\/2016\/05\/06\/how-cannabis-can-help-treat-ptsd\/\" target=\"_blank\" rel=\"noopener\">PTSD<\/a>. Pokud trp\u00edte poruchami pozornosti, bude v\u00e1m prosp\u011b\u0161n\u00fd i jeho jasn\u00fd a soust\u0159ed\u011bn\u00fd \u00fa\u010dinek.<br \/> Co se t\u00fd\u010de mo\u017en\u00fdch vedlej\u0161\u00edch \u00fa\u010dink\u016f, Blue Cheese se p\u0159\u00edli\u0161 neli\u0161\u00ed od ostatn\u00edch hybrid\u016f dominantn\u00edch na indiku. I m\u00edrn\u00e9 d\u00e1vky t\u00e9to odr\u016fdy mohou zp\u016fsobit suchost v \u00fastech, such\u00e9 a sv\u011bd\u00edc\u00ed o\u010di a n\u00e1hl\u00fd n\u00e1r\u016fst chuti k j\u00eddlu; zda je tento vedlej\u0161\u00ed \u00fa\u010dinek ne\u017e\u00e1douc\u00ed, z\u00e1vis\u00ed vlastn\u011b na va\u0161ich stravovac\u00edch n\u00e1vyc\u00edch.<\/p>\n<p>M\u00e9n\u011b \u017e\u00e1douc\u00ed reakce mohou zahrnovat z\u00e1vrat\u011b a ur\u010ditou \u00fazkost, ale vyvol\u00e1n\u00ed paranoie s Blue Cheese nen\u00ed mo\u017en\u00e9, pokud jej nezkonzumujete ve velmi velk\u00fdch mno\u017estv\u00edch.<\/p>\n<p>Krom\u011b toho je Blue Cheese \u00fa\u017easn\u00e1 odr\u016fda a kdy\u017e je konzumov\u00e1na ve dostate\u010dn\u00fdch d\u00e1vk\u00e1ch, je to skv\u011bl\u00e1 volba pro u\u017e\u00edv\u00e1n\u00ed od ran\u00e9ho ve\u010dera a\u017e po \u010das span\u00ed. Pou\u017eijte ji, kdy\u017e budete m\u00edt pot\u0159ebu uvolnit se po dlouh\u00e9m a stresuj\u00edc\u00edm pracovn\u00edm dni.<\/p>","protected":false},"excerpt":{"rendered":"<ul class=\"product-benefits\">\n<li>Obvykle doraz\u00ed za 2-3 dny<\/li>\n<li>Doprava zdarma na objedn\u00e1vky nad 200 eur<\/li>\n<li>Doprava pouze v r\u00e1mci Evropy<\/li>\n<\/ul>","protected":false},"featured_media":1562,"comment_status":"closed","ping_status":"closed","template":"","meta":{"_uag_custom_page_level_css":"","site-sidebar-layout":"default","site-content-layout":"","ast-site-content-layout":"","site-content-style":"default","site-sidebar-style":"default","ast-global-header-display":"","ast-banner-title-visibility":"","ast-main-header-display":"","ast-hfb-above-header-display":"","ast-hfb-below-header-display":"","ast-hfb-mobile-header-display":"","site-post-title":"","ast-breadcrumbs-content":"","ast-featured-img":"","footer-sml-layout":"","theme-transparent-header-meta":"","adv-header-id-meta":"","stick-header-meta":"","header-above-stick-meta":"","header-main-stick-meta":"","header-below-stick-meta":"","astra-migrate-meta-layouts":"default","ast-page-background-enabled":"default","ast-page-background-meta":{"desktop":{"background-color":"var(--ast-global-color-4)","background-image":"","background-repeat":"repeat","background-position":"center center","background-size":"auto","background-attachment":"scroll","background-type":"","background-media":"","overlay-type":"","overlay-color":"","overlay-opacity":"","overlay-gradient":""},"tablet":{"background-color":"","background-image":"","background-repeat":"repeat","background-position":"center center","background-size":"auto","background-attachment":"scroll","background-type":"","background-media":"","overlay-type":"","overlay-color":"","overlay-opacity":"","overlay-gradient":""},"mobile":{"background-color":"","background-image":"","background-repeat":"repeat","background-position":"center center","background-size":"auto","background-attachment":"scroll","background-type":"","background-media":"","overlay-type":"","overlay-color":"","overlay-opacity":"","overlay-gradient":""}},"ast-content-background-meta":{"desktop":{"background-color":"var(--ast-global-color-5)","background-image":"","background-repeat":"repeat","background-position":"center center","background-size":"auto","background-attachment":"scroll","background-type":"","background-media":"","overlay-type":"","overlay-color":"","overlay-opacity":"","overlay-gradient":""},"tablet":{"background-color":"var(--ast-global-color-5)","background-image":"","background-repeat":"repeat","background-position":"center center","background-size":"auto","background-attachment":"scroll","background-type":"","background-media":"","overlay-type":"","overlay-color":"","overlay-opacity":"","overlay-gradient":""},"mobile":{"background-color":"var(--ast-global-color-5)","background-image":"","background-repeat":"repeat","background-position":"center center","background-size":"auto","background-attachment":"scroll","background-type":"","background-media":"","overlay-type":"","overlay-color":"","overlay-opacity":"","overlay-gradient":""}}},"product_brand":[],"product_cat":[228],"product_tag":[201,202,203,204,205,206,207,208,209,210,211,212,213,214,215,216,217,218,219,220,221,222,223,224,225,226],"class_list":{"0":"post-1546","1":"product","2":"type-product","3":"status-publish","4":"has-post-thumbnail","6":"product_cat-indica","7":"product_tag-buy-weed-online-in-australia","8":"product_tag-buy-weed-online-in-belgium","9":"product_tag-buy-weed-online-in-britain","10":"product_tag-buy-weed-online-in-china","11":"product_tag-buy-weed-online-in-croatia","12":"product_tag-buy-weed-online-in-denmark","13":"product_tag-buy-weed-online-in-european-union","14":"product_tag-buy-weed-online-in-france","15":"product_tag-buy-weed-online-in-germany","16":"product_tag-buy-weed-online-in-guam","17":"product_tag-buy-weed-online-in-guernsey","18":"product_tag-buy-weed-online-in-hungary","19":"product_tag-buy-weed-online-in-ireland","20":"product_tag-buy-weed-online-in-israel","21":"product_tag-buy-weed-online-in-italy","22":"product_tag-buy-weed-online-in-japan","23":"product_tag-buy-weed-online-in-jersey","24":"product_tag-buy-weed-online-in-latvia","25":"product_tag-buy-weed-online-in-poland","26":"product_tag-buy-weed-online-in-russia","27":"product_tag-buy-weed-online-in-spain","28":"product_tag-buy-weed-online-in-sweeden","29":"product_tag-buy-weed-online-in-switzerland","30":"product_tag-buy-weed-online-in-turkey","31":"product_tag-buy-weed-online-in-ukraine","32":"product_tag-buy-weed-online-united-states","33":"desktop-align-center","34":"tablet-align-left","35":"mobile-align-left","37":"first","38":"instock","39":"sale","40":"shipping-taxable","41":"purchasable","42":"product-type-variable"},"uagb_featured_image_src":{"full":["https:\/\/caliweedeurope.com\/wp-content\/uploads\/2024\/11\/treegod415_67298644_165799464467681_6494209895392585596_n.jpg",1080,1350,false],"thumbnail":["https:\/\/caliweedeurope.com\/wp-content\/uploads\/2024\/11\/treegod415_67298644_165799464467681_6494209895392585596_n-150x150.jpg",150,150,true],"medium":["https:\/\/caliweedeurope.com\/wp-content\/uploads\/2024\/11\/treegod415_67298644_165799464467681_6494209895392585596_n-240x300.jpg",240,300,true],"medium_large":["https:\/\/caliweedeurope.com\/wp-content\/uploads\/2024\/11\/treegod415_67298644_165799464467681_6494209895392585596_n-768x960.jpg",768,960,true],"large":["https:\/\/caliweedeurope.com\/wp-content\/uploads\/2024\/11\/treegod415_67298644_165799464467681_6494209895392585596_n-819x1024.jpg",819,1024,true],"1536x1536":["https:\/\/caliweedeurope.com\/wp-content\/uploads\/2024\/11\/treegod415_67298644_165799464467681_6494209895392585596_n.jpg",1080,1350,false],"2048x2048":["https:\/\/caliweedeurope.com\/wp-content\/uploads\/2024\/11\/treegod415_67298644_165799464467681_6494209895392585596_n.jpg",1080,1350,false],"trp-custom-language-flag":["https:\/\/caliweedeurope.com\/wp-content\/uploads\/2024\/11\/treegod415_67298644_165799464467681_6494209895392585596_n.jpg",10,12,false],"woocommerce_thumbnail":["https:\/\/caliweedeurope.com\/wp-content\/uploads\/2024\/11\/treegod415_67298644_165799464467681_6494209895392585596_n-300x300.jpg",300,300,true],"woocommerce_single":["https:\/\/caliweedeurope.com\/wp-content\/uploads\/2024\/11\/treegod415_67298644_165799464467681_6494209895392585596_n-600x750.jpg",600,750,true],"woocommerce_gallery_thumbnail":["https:\/\/caliweedeurope.com\/wp-content\/uploads\/2024\/11\/treegod415_67298644_165799464467681_6494209895392585596_n-100x100.jpg",100,100,true]},"uagb_author_info":{"display_name":"jetskiforsaleuk@gmail.com","author_link":"https:\/\/caliweedeurope.com\/cs\/author\/"},"uagb_comment_info":0,"uagb_excerpt":"Typically Arrives in 2-3 Days Free Shipping on Orders over 200 Euros Europe shipping only","_links":{"self":[{"href":"https:\/\/caliweedeurope.com\/cs\/wp-json\/wp\/v2\/product\/1546"}],"collection":[{"href":"https:\/\/caliweedeurope.com\/cs\/wp-json\/wp\/v2\/product"}],"about":[{"href":"https:\/\/caliweedeurope.com\/cs\/wp-json\/wp\/v2\/types\/product"}],"replies":[{"embeddable":true,"href":"https:\/\/caliweedeurope.com\/cs\/wp-json\/wp\/v2\/comments?post=1546"}],"wp:featuredmedia":[{"embeddable":true,"href":"https:\/\/caliweedeurope.com\/cs\/wp-json\/wp\/v2\/media\/1562"}],"wp:attachment":[{"href":"https:\/\/caliweedeurope.com\/cs\/wp-json\/wp\/v2\/media?parent=1546"}],"wp:term":[{"taxonomy":"product_brand","embeddable":true,"href":"https:\/\/caliweedeurope.com\/cs\/wp-json\/wp\/v2\/product_brand?post=1546"},{"taxonomy":"product_cat","embeddable":true,"href":"https:\/\/caliweedeurope.com\/cs\/wp-json\/wp\/v2\/product_cat?post=1546"},{"taxonomy":"product_tag","embeddable":true,"href":"https:\/\/caliweedeurope.com\/cs\/wp-json\/wp\/v2\/product_tag?post=1546"}],"curies":[{"name":"wp","href":"https:\/\/api.w.org\/{rel}","templated":true}]}}