{"id":1742,"date":"2024-11-05T18:39:15","date_gmt":"2024-11-05T18:39:15","guid":{"rendered":"https:\/\/caliweedeurope.com\/?post_type=product&#038;p=1742"},"modified":"2024-11-05T18:39:18","modified_gmt":"2024-11-05T18:39:18","slug":"buy-cali-bud-gobstoppers-strain-online","status":"publish","type":"product","link":"https:\/\/caliweedeurope.com\/cs\/product\/buy-cali-bud-gobstoppers-strain-online\/","title":{"rendered":"Buy Cali Bud Gobstoppers strain Online"},"content":{"rendered":"<h1 style=\"text-align: center\"><strong>\u00a0<\/strong><strong>GOBSTOPPERS <\/strong><strong>CALI BUD OR NO BUD\u00a0|<\/strong><strong>\u00a0CALI BUD OR NO BUD\u00a0<\/strong><strong>GOBSTOPPERS <\/strong><strong>|<\/strong><strong>\u00a0CALI PLUG CALI BUD OR NO BUD<\/strong><\/h1>\n<p><strong>Cali bud nebo \u017e\u00e1dn\u00fd bud Gobstoppers<\/strong><\/p>\n<p>Tato odr\u016fda je p\u016fvodn\u00ed vnit\u0159n\u00ed Cali produkt z konop\u00ed, dostupn\u00fd pro kvalifikovan\u00e9 l\u00e9ka\u0159sk\u00e9 i rekrea\u010dn\u00ed u\u017eivatele. Cali Hardball Cookies pat\u0159\u00ed mezi nej\u017e\u00e1dan\u011bj\u0161\u00ed \u0161pi\u010dkov\u00e9 konopn\u00e9 kv\u011bty v USA. Cali Gobstoppers je odr\u016fda Indica. Pokud hled\u00e1te velmi ovocnou bonb\u00f3novou p\u0159\u00edchu\u0165, na\u0161li jste tu pravou. Je to dokonal\u00e1 sm\u011bs Candy Diesel a velmi siln\u00e9 odr\u016fdy Vortex.<\/p>\n<p><b>Gobbstopper<\/b>\u00a0je odr\u016fda Indica s p\u0159\u00edchut\u00ed bobul\u00ed a druh\u00fd z\u00e1znam v s\u00e9rii Wonka od Alphakronik Genes. Vznikla k\u0159\u00ed\u017een\u00edm\u00a0<a href=\"https:\/\/www.leafly.com\/strains\/purple-urkle\" target=\"_blank\" rel=\"noopener\">Purple Urkle<\/a>\u00a0a\u00a0<a href=\"https:\/\/www.leafly.com\/strains\/sin-city-kush\" target=\"_blank\" rel=\"noopener\">Sin City Kush<\/a>, Dlouhotrvaj\u00edc\u00ed ovocn\u00e1 chu\u0165 Gobbstopper se otev\u00edr\u00e1 v nose sladk\u00fdm, kysel\u00fdm ovocem a chut\u00ed zemit\u00e9 slanosti. Aroma t\u00e9to odr\u016fdy se pohybuje od hroznov\u00e9ho Pez s n\u00e1znaky tapioky a\u017e po maliny Mt. Hood a santalov\u00e9 d\u0159evo. Struktura pupen\u016f odr\u00e1\u017e\u00ed jej\u00ed genetiku Kush, s hlubok\u00fdmi barvami a zdravou pokr\u00fdvkou trichom\u016f. Cali Bud nebo \u017e\u00e1dn\u00fd Bud Gobstoppers.<\/p>\n<h2 style=\"text-align: center\"><strong>\u00a0BUY\u00a0<\/strong><strong>GOBSTOPPERS\u00a0<\/strong><strong>CALI BUD OR NO BUD\u00a0 ONLINE | BUY CALI BUD OR NO BUD\u00a0<\/strong><strong>GOBSTOPPERS\u00a0<\/strong><strong>ONLINE | BUY CALI BUD OR NO BUD ONLINE<\/strong><\/h2>\n<p><strong style=\"color: #555555;font-size: 14.4px\">L\u00e9ka\u0159sk\u00e9 vyu\u017eit\u00ed odr\u016fdy Cali Bud Gobstoppers<\/strong><\/p>\n<p>Tento Cali plug bud je velmi doporu\u010dov\u00e1n pro pacienty trp\u00edc\u00edmi siln\u00fdmi chronick\u00fdmi bolestmi, bolestmi kloub\u016f a celkovou debilita\u010dn\u00edm stavem. S obsahem THC kolem 29%. Cali bud nebo \u017e\u00e1dn\u00fd bud Gobstoppers.<\/p>\n<div class=\"variety-percentage-wrap\">\n<h4 class=\"variety\"><a href=\"https:\/\/www.allbud.com\/marijuana-strains\/variety\/hybrid\" target=\"_blank\" rel=\"noopener\">\u00a0Hybrid\u00a0<\/a><span class=\"hidden-xs\">\u2013\u00a0<\/span><span class=\"strain-percentages\">50% Sativa \/50% Indica<\/span><\/h4>\n<h4 class=\"percentage\"><span class=\"heading\">THC:\u00a0<\/span>14% \u2013 16%,\u00a0<span class=\"heading\">CBD:\u00a0<\/span><em>1<\/em>%<\/h4>\n<\/p><\/div>\n<p>Gobbstopper je vyv\u00e1\u017een\u00e1 hybridn\u00ed odr\u016fda, kter\u00e1 vznikla k\u0159\u00ed\u017een\u00edm lahodn\u00e9ho Candy Diesel s potentn\u00edm Vortexem. Hled\u00e1te lahodnou sladkost? Tak ji m\u00e1te! Gobbstopper je v\u0161e, o \u010dem jste snili a je\u0161t\u011b v\u00edce, kombinuje sladk\u00e9 bobule a kysel\u00fd citrus pro ovocnou sladkou chu\u0165, kter\u00e1 bude tan\u010dit na va\u0161em jazyku.<\/p>\n<p>Gobbstopper m\u016f\u017ee m\u00edt tak\u00e9 n\u011bkolik v\u00fdhod pro pacienty s l\u00e9ka\u0159sk\u00fdm kanabisem. Jeho uvoln\u011bn\u00e1 povaha m\u016f\u017ee do\u010dasn\u011b ztlumit p\u0159\u00edznaky stresu a deprese. Z fyziologick\u00e9ho hlediska m\u016f\u017ee tak\u00e9 zm\u00edrnit hlubok\u00e9 bolesti a nepohodl\u00ed, a\u0165 u\u017e do\u010dasn\u00e9, nebo chronick\u00e9. Protiz\u00e1n\u011btliv\u00e9 \u00fa\u010dinky mohou pomoci s men\u0161\u00edmi probl\u00e9my, jako jsou bolesti hlavy nebo nevolnost.<\/p>\n<h3 style=\"text-align: center\"><strong>GOBSTOPPERS\u00a0<\/strong><strong>CALI BUD OR NO BUD FOR SALE | CALI BUD OR NO BUD\u00a0\u00a0<\/strong><strong>GOBSTOPPERS\u00a0<\/strong><strong>FOR SALE | CALI BUD OR NO BUD\u00a0 FOR SALE<\/strong><\/h3>\n<p><strong>P\u011bstov\u00e1n\u00ed odr\u016fdy Cali Gabstoppers<\/strong><br \/> Cali Gobstoppers rostou pom\u011brn\u011b n\u00edzko a d\u011blaj\u00ed si velmi dob\u0159e uvnit\u0159, venku i ve sklen\u00edc\u00edch. \u017diviny je t\u0159eba dod\u00e1vat alespo\u0148 m\u011bs\u00ed\u010dn\u011b, pokud ne ka\u017ed\u00fdch 5 t\u00fddn\u016f, aby vegetace mohla b\u00fdt dokon\u010dena. Tato odr\u016fda kvete doslova 9 t\u00fddn\u016f a poskytuje 2 gramy na watt uvnit\u0159. Venku mohou p\u011bstitel\u00e9 skl\u00edzet a\u017e 2 libry na rostlinu. Gabstoppers odr\u016fda<\/p>\n<p>Vzhled kv\u011bt\u016f Gobstopper je z\u0159ejm\u00fd na prvn\u00ed pohled. Vynikaj\u00ed nepravideln\u00fdm tvarem a velk\u00fdmi, robustn\u00edmi pupeny, kter\u00e9 dr\u017e\u00ed v hust\u00e9 struktu\u0159e typick\u00e9 pro indiky. Gabstoppers odr\u016fda<\/p>\n<h3 style=\"text-align: center\"><strong>CALI BUD OR NO BUD \u00a0<\/strong><strong>GOBSTOPPERS\u00a0<\/strong><strong>\u00a0NEAR ME |\u00a0<\/strong><strong>GOBSTOPPERS\u00a0<\/strong><strong>CALI BUD OR NO BUD\u00a0\u00a0 NEAR ME | CALI BUD OR NO BUD \u00a0NEAR ME<\/strong><\/h3>\n<p><strong>Varov\u00e1n\u00ed: Odr\u016fda Cali Gabstoppers<\/strong><br \/> Tyto \u0161pi\u010dkov\u00e9 Cali pupeny obsahuj\u00ed konop\u00ed. Tuto l\u00e1tku je t\u0159eba uchov\u00e1vat mimo dosah d\u011bt\u00ed a zv\u00ed\u0159at.<\/p>\n<p>Gobstopper\u016fv \u00fa\u010dinek nastupuje rychle a vyvol\u00e1v\u00e1 tlak kolem o\u010d\u00ed a \u010dela. N\u00e1sleduj\u00edc\u00ed efekty by se daly popsat jako roz\u0161i\u0159uj\u00edc\u00ed mysl \u2013 ku\u0159\u00e1ci se mohou c\u00edtit kreativn\u011bj\u0161\u00ed nebo otev\u0159en\u011bj\u0161\u00ed n\u00e1vrh\u016fm ostatn\u00edch \u010di vn\u011bj\u0161\u00edm podn\u011bt\u016fm. N\u011bkte\u0159\u00ed ku\u0159\u00e1ci mohou tak\u00e9 zaznamenat zm\u011bny ve vn\u00edm\u00e1n\u00ed a \u010dasto se uv\u00e1d\u00ed vizu\u00e1ln\u00ed a sluchov\u00e9 zkreslen\u00ed. M\u00edsto dezorientace v\u0161ak \u00fa\u010dinky Gobstopperu sm\u011b\u0159uj\u00ed k euforii; Extreme Boutique Genetics sami p\u0159irovnali jeho povzn\u00e1\u0161ej\u00edc\u00ed \u00fa\u010dinky k nad\u0161en\u00ed, kter\u00e9 d\u00edt\u011b c\u00edt\u00ed na \u0160t\u011bdr\u00fd den r\u00e1no.<\/p>\n<p>Podobn\u011b jako jeho v\u00edcevrstv\u00fd chu\u0165ov\u00fd profil m\u00e1 i Gobstopper mnohostrann\u00e9 \u00fa\u010dinky. I kdy\u017e je nepravd\u011bpodobn\u00e9, \u017ee by zp\u016fsobil \u201ecouchlock\u201c, ment\u00e1ln\u00ed mlha, kter\u00e1 se objev\u00ed na konci \u00fa\u010dinku Gobstopperu, pravd\u011bpodobn\u011b v\u011bt\u0161in\u011b ku\u0159\u00e1k\u016f znemo\u017en\u00ed dokon\u010den\u00ed slo\u017eit\u011bj\u0161\u00edch \u00fakol\u016f.<\/p>\n<h5 style=\"text-align: center\"><strong>GOBSTOPPERS\u00a0<\/strong><strong>\u00a0STRAIN | \u00a0<\/strong><strong>GOBSTOPPERS\u00a0<\/strong><strong>WEED STRAIN | CALI\u00a0<\/strong><strong>GOBSTOPPERS\u00a0<\/strong><strong>| CALI\u00a0<\/strong><strong>GOBSTOPPERS\u00a0<\/strong><strong>\u00a0STRAIN<\/strong><\/h5>\n<p><strong>\u00da\u010dinky odr\u016fdy Cali Gabstoppers<\/strong><br \/> Z\u00e1v\u011brem, p\u0159i kou\u0159en\u00ed m\u016f\u017ee doj\u00edt k euforii, kreativit\u011b, pocitu klidn\u00e9ho tepla, znecitliv\u011bn\u00ed, zv\u00fd\u0161en\u00ed chuti k j\u00eddlu a \u00falev\u011b od bolesti. \u00da\u010dinek t\u011bchto pupen\u016f m\u016f\u017ee u pacient\u016f trvat a\u017e 4 hodiny. D\u00e1vejte pozor na pou\u017eit\u00ed tohoto produktu b\u011bhem t\u011bhotenstv\u00ed.<\/p>\n<p>P\u0159ed pou\u017eit\u00edm produktu se pora\u010fte s agentem Cali Plug. Bu\u010fte velmi opatrn\u00ed p\u0159i \u0159\u00edzen\u00ed nebo obsluze stroj\u016f. Odr\u016fda Gabstoppers.<\/p>\n<p>Kupte si odr\u016fdu Cali Reptar online od nejd\u016fv\u011bryhodn\u011bj\u0161\u00ed kalifornsk\u00e9 l\u00e9k\u00e1rny. Cali Plug je va\u0161\u00edm legitimn\u00edm dodavatelem \u0161pi\u010dkov\u00fdch Cali Plug bal\u00ed\u010dk\u016f, zn\u00e1m\u00fdch tak\u00e9 jako Cali Bags.<\/p>\n<p>Komplexn\u00ed aroma Gobstopperu jde ruku v ruce. Hlavn\u00ed aroma t\u011bchto kv\u011bt\u016f je citrusov\u00e9 \u2013 zejm\u00e9na grapefruit. P\u0159i bli\u017e\u0161\u00edm zkoum\u00e1n\u00ed se objevuj\u00ed n\u00e1znaky bobul\u00ed a velmi sladk\u00e9 cukrov\u00e9 vaty. P\u0159esto\u017ee m\u00e1 p\u0159ev\u00e1\u017en\u011b sladkou povahu, p\u0159i spalov\u00e1n\u00ed tento kv\u011bt m\u016f\u017ee vyd\u00e1vat ostr\u00fd kou\u0159, kter\u00fd \u0161t\u00edpe v o\u010d\u00edch. Kou\u0159 p\u0159i v\u00fddechu chutn\u00e1 po naft\u011b, s p\u0159etrv\u00e1vaj\u00edc\u00edm citr\u00f3nov\u00fdm, kysel\u00fdm n\u00e1dechem. Zaj\u00edmav\u00e9 je, \u017ee i kdy\u017e m\u00e1 fialovou barvu, hroznov\u00e1 chu\u0165 Gobstopperu chyb\u00ed; je to proto, \u017ee pigmenty, kter\u00e9 vytv\u00e1\u0159ej\u00ed jeho ob\u010dasn\u00e9 fialov\u00e9 odst\u00edny, nemaj\u00ed odpov\u00eddaj\u00edc\u00ed vliv na chu\u0165 odr\u016fdy.<\/p>\n<div data-testid=\"product-description\">\n<div class=\"truncate-lines__Wrapper-sc-1lknwty-0 YxHAC\">\n<div data-testid=\"truncated-description\">\n<div>\n<div class=\"text__Text-sc-fif1uk-0 kdmKRD\">\n<div class=\"src__Box-sc-1sbtrzs-0 src__Flex-sc-1sbtrzs-1 kWPFqZ hzdsvF\">\n<div>UK\u00c1ZKOV\u00c9 KATEGORIE PRODUKT\u016e<\/div>\n<\/p><\/div>\n<\/p><\/div>\n<\/p><\/div>\n<\/p><\/div>\n<\/p><\/div>\n<\/p><\/div>\n<div class=\"text__Text-sc-fif1uk-0 htoJfX\"><a href=\"https:\/\/jeetersofficial.com\/product-category\/buy-cali-buds\/\" target=\"_blank\" rel=\"noopener\">CALI BUDS<\/a><\/div>\n<div data-testid=\"product-description\">\n<div class=\"truncate-lines__Wrapper-sc-1lknwty-0 YxHAC\">\n<div data-testid=\"truncated-description\">\n<div class=\"text__Text-sc-fif1uk-0 kdmKRD\"><a href=\"https:\/\/jeetersofficial.com\/product-category\/backpack-boyz\/\" target=\"_blank\" rel=\"noopener\">Backpack\u00a0 Boyz<\/a><\/div>\n<div><a href=\"https:\/\/jeetersofficial.com\/product-category\/snow-balls-weed\/\" target=\"_blank\" rel=\"noopener\">SNOWBALLS WEED<\/a><\/div>\n<div><a href=\"https:\/\/jeetersofficial.com\/product-category\/persy-snowcaps\/\" target=\"_blank\" rel=\"noopener\">Persy Snowcaps<\/a><\/div>\n<div><a href=\"https:\/\/jeetersofficial.com\/product-category\/drip-snowcaps\/\" target=\"_blank\" rel=\"noopener\">Drip Snowcaps<\/a><\/div>\n<div><a href=\"https:\/\/jeetersofficial.com\/product-category\/concentrates\/\" target=\"_blank\" rel=\"noopener\">CALI CONCENTRATES<\/a><\/div>\n<div><a href=\"https:\/\/jeetersofficial.com\/product-category\/doja-exclusive\/\" target=\"_blank\" rel=\"noopener\">CALI DOJA PACKS EXCLUSIVE<\/a><\/div>\n<div><a href=\"https:\/\/jeetersofficial.com\/product-category\/marijuana-flowers\/\" target=\"_blank\" rel=\"noopener\">CALI MARIJUANA FLOWERS<\/a><\/div>\n<\/p><\/div>\n<\/p><\/div>\n<\/p><\/div>\n<div><a href=\"https:\/\/jeetersofficial.com\/product-category\/sativa-strain\/\" target=\"_blank\" rel=\"noopener\">CALI SATIVA STRAINS<\/a><\/div>\n<div><a href=\"https:\/\/jeetersofficial.com\/product-category\/indica\/\" target=\"_blank\" rel=\"noopener\">CALI INDICA STRAINS<\/a><\/div>\n<div><a href=\"https:\/\/jeetersofficial.com\/product-category\/hybrid-weed\/\" target=\"_blank\" rel=\"noopener\">CALI HYBRID WEED<\/a><\/div>","protected":false},"excerpt":{"rendered":"<p><strong>Cali Bud Gobstoppers strain<\/strong><\/p>\n<p>Tato odr\u016fda je origin\u00e1ln\u00ed vnit\u0159n\u00ed Cali konopn\u00fd produkt, dostupn\u00fd pro kvalifikovan\u00e9 l\u00e9ka\u0159sk\u00e9 a rekrea\u010dn\u00ed u\u017eivatele. Cali Hardball Cookies pat\u0159\u00ed mezi nej\u017e\u00e1dan\u011bj\u0161\u00ed pr\u00e9miov\u00e9 konopn\u00e9 kv\u011bty v USA. Cali Gobstoppers je odr\u016fda Indica. Pokud hled\u00e1te velmi ovocnou bonb\u00f3novou p\u0159\u00edchu\u0165, na\u0161li jste tu pravou. Je to dokonal\u00e1 sm\u011bs Candy Diesel a velmi siln\u00e9 odr\u016fdy Vortex.<\/p>","protected":false},"featured_media":1667,"comment_status":"closed","ping_status":"closed","template":"","meta":{"_uag_custom_page_level_css":"","site-sidebar-layout":"default","site-content-layout":"","ast-site-content-layout":"","site-content-style":"default","site-sidebar-style":"default","ast-global-header-display":"","ast-banner-title-visibility":"","ast-main-header-display":"","ast-hfb-above-header-display":"","ast-hfb-below-header-display":"","ast-hfb-mobile-header-display":"","site-post-title":"","ast-breadcrumbs-content":"","ast-featured-img":"","footer-sml-layout":"","theme-transparent-header-meta":"","adv-header-id-meta":"","stick-header-meta":"","header-above-stick-meta":"","header-main-stick-meta":"","header-below-stick-meta":"","astra-migrate-meta-layouts":"default","ast-page-background-enabled":"default","ast-page-background-meta":{"desktop":{"background-color":"var(--ast-global-color-4)","background-image":"","background-repeat":"repeat","background-position":"center center","background-size":"auto","background-attachment":"scroll","background-type":"","background-media":"","overlay-type":"","overlay-color":"","overlay-opacity":"","overlay-gradient":""},"tablet":{"background-color":"","background-image":"","background-repeat":"repeat","background-position":"center center","background-size":"auto","background-attachment":"scroll","background-type":"","background-media":"","overlay-type":"","overlay-color":"","overlay-opacity":"","overlay-gradient":""},"mobile":{"background-color":"","background-image":"","background-repeat":"repeat","background-position":"center center","background-size":"auto","background-attachment":"scroll","background-type":"","background-media":"","overlay-type":"","overlay-color":"","overlay-opacity":"","overlay-gradient":""}},"ast-content-background-meta":{"desktop":{"background-color":"var(--ast-global-color-5)","background-image":"","background-repeat":"repeat","background-position":"center center","background-size":"auto","background-attachment":"scroll","background-type":"","background-media":"","overlay-type":"","overlay-color":"","overlay-opacity":"","overlay-gradient":""},"tablet":{"background-color":"var(--ast-global-color-5)","background-image":"","background-repeat":"repeat","background-position":"center center","background-size":"auto","background-attachment":"scroll","background-type":"","background-media":"","overlay-type":"","overlay-color":"","overlay-opacity":"","overlay-gradient":""},"mobile":{"background-color":"var(--ast-global-color-5)","background-image":"","background-repeat":"repeat","background-position":"center center","background-size":"auto","background-attachment":"scroll","background-type":"","background-media":"","overlay-type":"","overlay-color":"","overlay-opacity":"","overlay-gradient":""}}},"product_brand":[],"product_cat":[675],"product_tag":[472,473,474,475,461,462,463,464,465,466,476,477,478,479],"class_list":{"0":"post-1742","1":"product","2":"type-product","3":"status-publish","4":"has-post-thumbnail","6":"product_cat-buy-cali-buds","7":"product_tag-cali-bud-or-no-bud-near-me","8":"product_tag-cali-buds","9":"product_tag-cali-gobstoppers","10":"product_tag-cali-gobstoppers-strain","11":"product_tag-cali-packs","12":"product_tag-cali-plug-cali-bud-or-no-bud","13":"product_tag-cali-straina","14":"product_tag-cali-weed-bags","15":"product_tag-cali-weed-flavors","16":"product_tag-cannabis","17":"product_tag-gobstoppers-cali-bud-or-no-bud","18":"product_tag-gobstoppers-cali-bud-or-no-bud-for-sale","19":"product_tag-gobstoppers-cali-bud-or-no-bud-near-me","20":"product_tag-no-bud-gobstoppers-near-me","21":"desktop-align-center","22":"tablet-align-left","23":"mobile-align-left","25":"first","26":"instock","27":"shipping-taxable","28":"purchasable","29":"product-type-variable"},"uagb_featured_image_src":{"full":["https:\/\/caliweedeurope.com\/wp-content\/uploads\/2024\/11\/gobstoppers.jpg",514,686,false],"thumbnail":["https:\/\/caliweedeurope.com\/wp-content\/uploads\/2024\/11\/gobstoppers-150x150.jpg",150,150,true],"medium":["https:\/\/caliweedeurope.com\/wp-content\/uploads\/2024\/11\/gobstoppers-225x300.jpg",225,300,true],"medium_large":["https:\/\/caliweedeurope.com\/wp-content\/uploads\/2024\/11\/gobstoppers.jpg",514,686,false],"large":["https:\/\/caliweedeurope.com\/wp-content\/uploads\/2024\/11\/gobstoppers.jpg",514,686,false],"1536x1536":["https:\/\/caliweedeurope.com\/wp-content\/uploads\/2024\/11\/gobstoppers.jpg",514,686,false],"2048x2048":["https:\/\/caliweedeurope.com\/wp-content\/uploads\/2024\/11\/gobstoppers.jpg",514,686,false],"trp-custom-language-flag":["https:\/\/caliweedeurope.com\/wp-content\/uploads\/2024\/11\/gobstoppers.jpg",9,12,false],"woocommerce_thumbnail":["https:\/\/caliweedeurope.com\/wp-content\/uploads\/2024\/11\/gobstoppers-300x300.jpg",300,300,true],"woocommerce_single":["https:\/\/caliweedeurope.com\/wp-content\/uploads\/2024\/11\/gobstoppers.jpg",514,686,false],"woocommerce_gallery_thumbnail":["https:\/\/caliweedeurope.com\/wp-content\/uploads\/2024\/11\/gobstoppers-100x100.jpg",100,100,true]},"uagb_author_info":{"display_name":"jetskiforsaleuk@gmail.com","author_link":"https:\/\/caliweedeurope.com\/cs\/author\/"},"uagb_comment_info":0,"uagb_excerpt":"Cali Bud Gobstoppers strain This strain is an indoor original Cali cannabis product, available for qualified\u00a0medical\u00a0and recreational users. Cali hardball cookies are one of the most wanted top-shelf cannabis flowers in the USA. Cali Gobstoppers is an Indica\u00a0strain. If you are looking for a very fruity candy flavor, then you got the right one. This&hellip;","_links":{"self":[{"href":"https:\/\/caliweedeurope.com\/cs\/wp-json\/wp\/v2\/product\/1742"}],"collection":[{"href":"https:\/\/caliweedeurope.com\/cs\/wp-json\/wp\/v2\/product"}],"about":[{"href":"https:\/\/caliweedeurope.com\/cs\/wp-json\/wp\/v2\/types\/product"}],"replies":[{"embeddable":true,"href":"https:\/\/caliweedeurope.com\/cs\/wp-json\/wp\/v2\/comments?post=1742"}],"wp:featuredmedia":[{"embeddable":true,"href":"https:\/\/caliweedeurope.com\/cs\/wp-json\/wp\/v2\/media\/1667"}],"wp:attachment":[{"href":"https:\/\/caliweedeurope.com\/cs\/wp-json\/wp\/v2\/media?parent=1742"}],"wp:term":[{"taxonomy":"product_brand","embeddable":true,"href":"https:\/\/caliweedeurope.com\/cs\/wp-json\/wp\/v2\/product_brand?post=1742"},{"taxonomy":"product_cat","embeddable":true,"href":"https:\/\/caliweedeurope.com\/cs\/wp-json\/wp\/v2\/product_cat?post=1742"},{"taxonomy":"product_tag","embeddable":true,"href":"https:\/\/caliweedeurope.com\/cs\/wp-json\/wp\/v2\/product_tag?post=1742"}],"curies":[{"name":"wp","href":"https:\/\/api.w.org\/{rel}","templated":true}]}}