{"id":1748,"date":"2024-11-05T18:39:15","date_gmt":"2024-11-05T18:39:15","guid":{"rendered":"https:\/\/caliweedeurope.com\/?post_type=product&#038;p=1748"},"modified":"2024-11-05T18:39:18","modified_gmt":"2024-11-05T18:39:18","slug":"buy-cali-bud-life-savers-online","status":"publish","type":"product","link":"https:\/\/caliweedeurope.com\/cs\/product\/buy-cali-bud-life-savers-online\/","title":{"rendered":"Koupit Cali Bud Life Savers online"},"content":{"rendered":"<h1 style=\"text-align: center\"><strong>\u00a0 \u00a0 \u00a0<\/strong><strong>LIFE SAVERS <\/strong><strong>CALI BUD OR NO BUD\u00a0|<\/strong><strong>\u00a0CALI BUD OR NO BUD\u00a0<\/strong><strong>LIFE SAVERS <\/strong><strong>|<\/strong><strong>\u00a0CALI PLUG CALI BUD OR NO BUD<\/strong><\/h1>\n<p><strong>Cali Bud Life Savers<\/strong><br \/> Cali Bud Life Savers cannabisov\u00e1 odr\u016fda je jednou z nejlep\u0161\u00edch Cali Bud nebo No Bud chut\u00ed. Kdy\u017e jde o sladk\u00e9 chut\u011b a schopnost odstranit chronickou a opakovanou bolest\u2026, Life Savers rozhodn\u011b spl\u0148uje sv\u00e9 jm\u00e9no. Life Savers je hybridn\u00ed odr\u016fda s p\u0159evahou Indica a obsahem 78 %. S v\u016fn\u00ed hrozn\u016f a \u017ev\u00fdka\u010dky si tato odr\u016fda zaslou\u017e\u00ed vyzkou\u0161en\u00ed pro ty, kte\u0159\u00ed hledaj\u00ed siln\u011bj\u0161\u00ed a sedativn\u00ed pocit.<\/p>\n<p class=\"about-title\"><strong>O Life Saver<\/strong><\/p>\n<div class=\"effect-wrapper ng-star-inserted\">\n<div>\n<p>Lifesaver (nebo Life Saver) je hybrid s p\u0159evahou Indica, kter\u00fd spl\u0148uje sv\u016fj n\u00e1zev v\u00edce ne\u017e jedn\u00edm zp\u016fsobem. Tento kv\u011bt nab\u00edz\u00ed ostrou, cukrovou ovocnou chu\u0165 spolu s neoceniteln\u00fdmi terapeutick\u00fdmi vlastnostmi. Lifesaver byl vytvo\u0159en vynal\u00e9zav\u00fdmi chovateli BOG Seeds jako k\u0159\u00ed\u017eenec jejich vlastn\u00ed BOG Bubble a JCB (kter\u00fd je s\u00e1m o sob\u011b k\u0159\u00ed\u017eencem\u00a0<a href=\"https:\/\/www.wikileaf.com\/strain\/jacks-cleaner\/\" target=\"_blank\" rel=\"noopener\">Jack\u2019s Cleaner<\/a>\u00a0a\u00a0<a href=\"https:\/\/www.wikileaf.com\/strain\/blueberry\/\" target=\"_blank\" rel=\"noopener\">Blueberry<\/a>). V\u00fdsledkem je dynamicky ochucen\u00fd kv\u011bt s dlouhotrvaj\u00edc\u00ed a vyv\u00e1\u017eenou silou. Obsah THC v Lifesaver byl zm\u011b\u0159en mezi 12 % a 21 %.<\/p>\n<\/p><\/div>\n<\/p><\/div>\n<h2 style=\"text-align: center\"><strong>\u00a0BUY <\/strong><strong>LIFE SAVERS\u00a0<\/strong><strong>CALI BUD OR NO BUD\u00a0 ONLINE | BUY CALI BUD OR NO BUD\u00a0<\/strong><strong>LIFE SAVERS\u00a0<\/strong><strong>ONLINE | BUY CALI BUD OR NO BUD ONLINE<\/strong><\/h2>\n<p><strong style=\"color: #555555;font-size: 14.4px\">Efekty Cali Bud Life Savers<\/strong><\/p>\n<p>Z\u00e1kladn\u00ed efekt bude zvednut\u00ed, pos\u00edlen\u00ed a uvoln\u011bn\u00ed.<br \/> <strong>\u0160\u0165astn\u00fd<\/strong><br \/> 47 % lid\u00ed uv\u00e1d\u00ed, \u017ee se c\u00edt\u00ed \u0161\u0165astn\u00ed<br \/> <strong>Uvoln\u011bn\u00fd<\/strong><br \/> 46 % lid\u00ed uv\u00e1d\u00ed, \u017ee se c\u00edt\u00ed uvoln\u011bn<br \/> <strong>Vzru\u0161en\u00fd<\/strong><br \/> 16 % lid\u00ed uv\u00e1d\u00ed, \u017ee se c\u00edt\u00ed vzru\u0161en\u00ed<\/p>\n<p><strong>Negativa<\/strong><br \/> <strong>Sucho v \u00fastech<\/strong><br \/> 15 % lid\u00ed uv\u00e1d\u00ed, \u017ee maj\u00ed sucho v \u00fastech<br \/> <strong>Such\u00e9 o\u010di<\/strong><br \/> 17 % des personnes d\u00e9clarent avoir les yeux secs<br \/> <strong>Z\u00e1vra\u0165<\/strong><br \/> 8 % lid\u00ed uv\u00e1d\u00ed, \u017ee maj\u00ed z\u00e1vrat\u011b<\/p>\n<div class=\"effect-wrapper ng-star-inserted\">\n<div>\n<p>Lifesaver ihned uk\u00e1\u017ee svou p\u0159ita\u017elivost pevn\u00fdmi, t\u00e9m\u011b\u0159 kulovit\u00fdmi kv\u011bty. Tyto pupeny jsou st\u0159edn\u00ed a\u017e velk\u00e9 velikosti a dr\u017e\u00ed pohromad\u011b v hust\u00e9, siln\u00e9 struktu\u0159e, kter\u00e1 je charakteristick\u00e1 pro odr\u016fdy Indica. T\u011bsn\u011b zkroucen\u00e9 listy maj\u00ed mechem zelenou barvu a jsou protk\u00e1ny jasn\u011b oran\u017eov\u00fdmi a \u017elut\u00fdmi pistily. P\u0159\u00edle\u017eitostn\u011b fenotypy t\u00e9to odr\u016fdy obsahuj\u00ed tak\u00e9 fialov\u00e9 z\u00e1blesky, kter\u00e9 se pohybuj\u00ed od bled\u00e9 levandule po hlubokou hroznovou barvu; tyto barvy jsou v\u00fdsledkem pigment\u016f anthokyanin\u016f, kter\u00e9 se aktivuj\u00ed chladn\u00fdm po\u010das\u00edm v procesu podobn\u00e9m zm\u011bn\u011b list\u00ed na podzim kv\u016fli sn\u00ed\u017een\u00e9 hladin\u011b chlorofylu. Nakonec jemn\u00e1 vrstva pr\u016fhledn\u00fdch b\u00edl\u00fdch trichom\u016f pokr\u00fdv\u00e1 tyto ji\u017e barevn\u00e9 kv\u011bty a p\u0159isp\u00edv\u00e1 k jejich vysok\u00e9 psychoaktivit\u011b.<\/p>\n<\/p><\/div>\n<\/p><\/div>\n<h3 style=\"text-align: center\"><strong>LIFE SAVERS\u00a0<\/strong><strong>CALI BUD OR NO BUD FOR SALE | CALI BUD OR NO BUD\u00a0\u00a0<\/strong><strong>LIFE SAVERS\u00a0<\/strong><strong>FOR SALE | CALI BUD OR NO BUD\u00a0 FOR SALE<\/strong><\/h3>\n<p><strong>L\u00e9ka\u0159sk\u00e9 pou\u017eit\u00ed Cali Life Savers<\/strong><br \/> Odr\u016fda Cali Life Savers zaru\u010duje okam\u017eitou \u00falevu od bolesti. Lehk\u00fd, skute\u010dn\u00fd \u00fa\u010dinek Cali Jet Lato m\u016f\u017ee zm\u00edrnit n\u011bkter\u00e9 bolesti a nevolnosti. Tato odr\u016fda m\u016f\u017ee tak\u00e9 pomoci bojovat s p\u0159\u00edznaky PTSD.<\/p>\n<div class=\"variety-percentage-wrap\">\n<h4 class=\"variety translation-block\"><a href=\"https:\/\/www.allbud.com\/marijuana-strains\/variety\/indica-dominant-hybrid\" target=\"_blank\" rel=\"noopener\">Indica Dominantn\u00ed Hybrid<\/a> <span class=\"hidden-xs\">\u2013 <\/span><span class=\"strain-percentages\">70% Indica \/ 30% Sativa<\/span><\/h4>\n<h4 class=\"percentage\"><span class=\"heading\">THC:\u00a0<\/span>15% \u2013 19%<\/h4>\n<\/p><\/div>\n<p class=\"translation-block\">Lifesaver, tak\u00e9 zn\u00e1m\u00fd jako \u201eLife Saver\u201c, je indica-dominantn\u00ed hybridn\u00ed odr\u016fda vznikl\u00e1 k\u0159\u00ed\u017een\u00edm lahodn\u00fdch odr\u016fd BOG Bubble X <a href=\"https:\/\/www.allbud.com\/marijuana-strains\/sativa-dominant-hybrid\/batgirl\" target=\"_blank\" rel=\"noopener\">Subcool J<\/a>C<a href=\"https:\/\/www.allbud.com\/marijuana-strains\/sativa-dominant-hybrid\/batgirl\" target=\"_blank\" rel=\"noopener\">B<\/a>. Tento kmen z\u00edskal sv\u00e9 jm\u00e9no d\u00edky sv\u00fdm \u201ez\u00e1chrann\u00fdm\u201c vlastnostem, kter\u00e9 odstran\u00ed bolest a svalov\u00e9 nap\u011bt\u00ed jedin\u00fdm chutn\u00fdm \u0161lukem. THC Lifesaver je pom\u011brn\u011b m\u00edrn\u00e9, s hodnotami mezi 15 a 13 %, co\u017e z n\u011bj \u010din\u00ed vhodnou volbu pro v\u0161echny u\u017eivatele. High za\u010d\u00edn\u00e1 \u0161\u0165astn\u00fdm povzbuzen\u00edm, kter\u00e9 v\u00e1s napln\u00ed energi\u00ed a motivac\u00ed bez vyvol\u00e1n\u00ed \u00fazkosti. life savers weed<\/p>\n<h4 style=\"text-align: center\"><strong>CALI BUD OR NO BUD \u00a0<\/strong><strong>LIFE SAVERS\u00a0<\/strong><strong>\u00a0NEAR ME |\u00a0<\/strong><strong>LIFE SAVERS\u00a0<\/strong><strong>CALI BUD OR NO BUD\u00a0\u00a0 NEAR ME | CALI BUD OR NO BUD \u00a0NEAR ME<\/strong><\/h4>\n<p><strong>P\u011bstov\u00e1n\u00ed Cali Life Savers<\/strong><br \/> Odr\u016fda Cali Life Savers roste n\u00edzko a dob\u0159e se j\u00ed da\u0159\u00ed uvnit\u0159, venku nebo dokonce ve sklen\u00edku. Rostliny by m\u011bly m\u00edt alespo\u0148 m\u011bs\u00edc, nejl\u00e9pe v\u0161ak p\u011bt, na vegetaci. Odr\u016fda kvete osm a\u017e dev\u011bt t\u00fddn\u016f a p\u0159i p\u011bstov\u00e1n\u00ed uvnit\u0159 vyprodukuje gram na watt.<\/p>\n<p>Budete se c\u00edtit jasn\u011b mysl\u00edc\u00ed a uvoln\u011bn\u00ed, pln\u011b soust\u0159ed\u011bn\u00ed na dan\u00fd \u00fakol. Jakmile se va\u0161e mysl uvoln\u00ed, va\u0161e t\u011blo ji bude n\u00e1sledovat, zanech\u00e1vaj\u00edc bolesti a nepohodl\u00ed d\u00edky brniv\u00e9mu t\u011blesn\u00e9mu \u00fa\u010dinku, kter\u00fd nen\u00ed sedativn\u00ed ani usp\u00e1vac\u00ed. Tyto m\u00edrn\u00e9 \u00fa\u010dinky zm\u00edr\u0148uj\u00ed stavy, jako jsou svalov\u00e9 k\u0159e\u010de, bolesti hlavy nebo migr\u00e9ny, deprese a chronick\u00e1 bolest. Poupata Lifesaver maj\u00ed hrudkovit\u00e9, hust\u00e9 m\u00e1tov\u011b zelen\u00e9 kv\u011bty s bohat\u00fdmi fialov\u00fdmi odst\u00edny, jasn\u011b oran\u017eov\u00fdmi chloupky a silnou vrstvou mraziv\u00fdch b\u00edl\u00fdch trichom\u016f. Maj\u00ed sladkou cukrovou chu\u0165 podobnou \u017ev\u00fdka\u010dce, t\u00e9m\u011b\u0159 jako hroznov\u00e1 \u017ev\u00fdka\u010dka, a aroma medu, bobul\u00ed a zeminy, kter\u00e9 lad\u00ed.<\/p>\n<h5 style=\"text-align: center\"><strong>LIFE SAVERS\u00a0<\/strong><strong>\u00a0STRAIN | \u00a0<\/strong><strong>LIFE SAVERS\u00a0<\/strong><strong>WEED STRAIN | CALI\u00a0<\/strong><strong>LIFE SAVERS\u00a0<\/strong><strong>| CALI\u00a0<\/strong><strong>LIFE SAVERS\u00a0<\/strong><strong>\u00a0STRAIN<\/strong><\/h5>\n<p>Na z\u00e1v\u011br lze \u0159\u00edci, \u017ee Lifesaver sv\u00e9mu jm\u00e9nu dostoj\u00ed d\u00edky sv\u00e9 cukrovinkov\u00e9 chuti a schopnosti zm\u00edrnit chronickou bolest. Tento hybrid s p\u0159evahou indiky, vytvo\u0159en\u00fd k\u0159\u00ed\u017een\u00edm kmen\u016f BOG Bubble a Subcool JCB, byl vyvinut pro specifick\u00e9 pot\u0159eby lid\u00ed trp\u00edc\u00edch bolest\u00ed. S uvol\u0148uj\u00edc\u00ed v\u016fn\u00ed hrozn\u016f a \u017ev\u00fdka\u010dky stoj\u00ed za vyzkou\u0161en\u00ed pro ty, kte\u0159\u00ed hledaj\u00ed siln\u011bj\u0161\u00ed, medikovan\u00fd pocit. Lifesaver kvete rychle, obvykle b\u011bhem 8 t\u00fddn\u016f.<\/p>\n<p class=\"translation-block\">Kdy\u017e je spr\u00e1vn\u011b vyl\u00e9\u010dena, Lifesaver vyza\u0159uje ovoce a aroma p\u0159ipom\u00ednaj\u00edc\u00ed bobule. P\u0159i bli\u017e\u0161\u00edm zkoum\u00e1n\u00ed jsou zde tak\u00e9 n\u00e1znaky citronu a hrozn\u016f. P\u0159i drcen\u00ed nebo trh\u00e1n\u00ed t\u011bchto kv\u011bt\u016f se objev\u00ed lehk\u00e9 bylinkov\u00e9 t\u00f3ny, kter\u00e9 odkazuj\u00ed na z\u00e1klad <a target=\"_blank\" rel=\"noopener\">Jack Herer<\/a> t\u00e9to odr\u016fdy. P\u0159i zap\u00e1len\u00ed vyd\u00e1v\u00e1 Lifesaver hladk\u00fd a p\u0159\u00edjemn\u00fd kou\u0159, kter\u00fd p\u0159i vydechov\u00e1n\u00ed chutn\u00e1 jedine\u010dn\u011b sladce a kysele. Ti, kte\u0159\u00ed si p\u0159ej\u00ed udr\u017eet svou konzumaci diskr\u00e9tn\u00ed, by m\u011bli p\u0159ijmout opat\u0159en\u00ed, proto\u017ee tento strain m\u016f\u017ee vytv\u00e1\u0159et velmi siln\u00fd kou\u0159.<\/p>","protected":false},"excerpt":{"rendered":"<p><strong>Cali Bud Life Savers<\/strong><br \/> Cali Bud Life Savers cannabisov\u00e1 odr\u016fda je jednou z nejlep\u0161\u00edch Cali Bud nebo No Bud chut\u00ed. Kdy\u017e jde o sladk\u00e9 chut\u011b a schopnost odstranit chronickou a opakovanou bolest\u2026, Life Savers rozhodn\u011b spl\u0148uje sv\u00e9 jm\u00e9no. Life Savers je hybridn\u00ed odr\u016fda s p\u0159evahou Indica a obsahem 78 %. S v\u016fn\u00ed hrozn\u016f a \u017ev\u00fdka\u010dky si tato odr\u016fda zaslou\u017e\u00ed vyzkou\u0161en\u00ed pro ty, kte\u0159\u00ed hledaj\u00ed siln\u011bj\u0161\u00ed a sedativn\u00ed pocit.<\/p>\n<div data-testid=\"product-description\">\n<div class=\"truncate-lines__Wrapper-sc-1lknwty-0 YxHAC\">\n<div data-testid=\"truncated-description\">\n<div>\n<div class=\"text__Text-sc-fif1uk-0 kdmKRD\">\n<div class=\"src__Box-sc-1sbtrzs-0 src__Flex-sc-1sbtrzs-1 kWPFqZ hzdsvF\">\n<div>UK\u00c1ZKOV\u00c9 KATEGORIE PRODUKT\u016e<\/div>\n<\/p><\/div>\n<\/p><\/div>\n<\/p><\/div>\n<\/p><\/div>\n<\/p><\/div>\n<\/p><\/div>\n<div class=\"text__Text-sc-fif1uk-0 htoJfX\"><a href=\"https:\/\/jeetersofficial.com\/product-category\/buy-cali-buds\/\">CALI BUDS<\/a><\/div>\n<div data-testid=\"product-description\">\n<div class=\"truncate-lines__Wrapper-sc-1lknwty-0 YxHAC\">\n<div data-testid=\"truncated-description\">\n<div class=\"text__Text-sc-fif1uk-0 kdmKRD\"><a href=\"https:\/\/jeetersofficial.com\/product-category\/backpack-boyz\/\">Backpack\u00a0 Boyz<\/a><\/div>\n<div><a href=\"https:\/\/jeetersofficial.com\/product-category\/snow-balls-weed\/\">SNOWBALLS WEED<\/a><\/div>\n<div><a href=\"https:\/\/jeetersofficial.com\/product-category\/persy-snowcaps\/\">Persy Snowcaps<\/a><\/div>\n<div><a href=\"https:\/\/jeetersofficial.com\/product-category\/drip-snowcaps\/\">Drip Snowcaps<\/a><\/div>\n<div><a href=\"https:\/\/jeetersofficial.com\/product-category\/concentrates\/\">CALI CONCENTRATES<\/a><\/div>\n<div><a href=\"https:\/\/jeetersofficial.com\/product-category\/doja-exclusive\/\">CALI DOJA PACKS EXCLUSIVE<\/a><\/div>\n<div><a href=\"https:\/\/jeetersofficial.com\/product-category\/marijuana-flowers\/\">CALI MARIJUANA FLOWERS<\/a><\/div>\n<\/p><\/div>\n<\/p><\/div>\n<\/p><\/div>\n<div><a href=\"https:\/\/jeetersofficial.com\/product-category\/sativa-strain\/\">CALI SATIVA STRAINS<\/a><\/div>\n<div><a href=\"https:\/\/jeetersofficial.com\/product-category\/indica\/\">CALI INDICA STRAINS<\/a><\/div>\n<div><a href=\"https:\/\/jeetersofficial.com\/product-category\/hybrid-weed\/\">CALI HYBRID WEED<\/a><\/div>","protected":false},"featured_media":1668,"comment_status":"closed","ping_status":"closed","template":"","meta":{"_uag_custom_page_level_css":"","site-sidebar-layout":"default","site-content-layout":"","ast-site-content-layout":"","site-content-style":"default","site-sidebar-style":"default","ast-global-header-display":"","ast-banner-title-visibility":"","ast-main-header-display":"","ast-hfb-above-header-display":"","ast-hfb-below-header-display":"","ast-hfb-mobile-header-display":"","site-post-title":"","ast-breadcrumbs-content":"","ast-featured-img":"","footer-sml-layout":"","theme-transparent-header-meta":"","adv-header-id-meta":"","stick-header-meta":"","header-above-stick-meta":"","header-main-stick-meta":"","header-below-stick-meta":"","astra-migrate-meta-layouts":"default","ast-page-background-enabled":"default","ast-page-background-meta":{"desktop":{"background-color":"var(--ast-global-color-4)","background-image":"","background-repeat":"repeat","background-position":"center center","background-size":"auto","background-attachment":"scroll","background-type":"","background-media":"","overlay-type":"","overlay-color":"","overlay-opacity":"","overlay-gradient":""},"tablet":{"background-color":"","background-image":"","background-repeat":"repeat","background-position":"center center","background-size":"auto","background-attachment":"scroll","background-type":"","background-media":"","overlay-type":"","overlay-color":"","overlay-opacity":"","overlay-gradient":""},"mobile":{"background-color":"","background-image":"","background-repeat":"repeat","background-position":"center center","background-size":"auto","background-attachment":"scroll","background-type":"","background-media":"","overlay-type":"","overlay-color":"","overlay-opacity":"","overlay-gradient":""}},"ast-content-background-meta":{"desktop":{"background-color":"var(--ast-global-color-5)","background-image":"","background-repeat":"repeat","background-position":"center center","background-size":"auto","background-attachment":"scroll","background-type":"","background-media":"","overlay-type":"","overlay-color":"","overlay-opacity":"","overlay-gradient":""},"tablet":{"background-color":"var(--ast-global-color-5)","background-image":"","background-repeat":"repeat","background-position":"center center","background-size":"auto","background-attachment":"scroll","background-type":"","background-media":"","overlay-type":"","overlay-color":"","overlay-opacity":"","overlay-gradient":""},"mobile":{"background-color":"var(--ast-global-color-5)","background-image":"","background-repeat":"repeat","background-position":"center center","background-size":"auto","background-attachment":"scroll","background-type":"","background-media":"","overlay-type":"","overlay-color":"","overlay-opacity":"","overlay-gradient":""}}},"product_brand":[],"product_cat":[675],"product_tag":[480,481,482,483,484,472,485,486,462,487,488],"class_list":{"0":"post-1748","1":"product","2":"type-product","3":"status-publish","4":"has-post-thumbnail","6":"product_cat-buy-cali-buds","7":"product_tag-buy-life-savers-cali-bud-or-no-bud-online","8":"product_tag-cali-bud-or-no-bud-for-sale","9":"product_tag-cali-bud-or-no-bud-life-savers","10":"product_tag-cali-bud-or-no-bud-life-savers-for-sale","11":"product_tag-cali-bud-or-no-bud-life-savers-near-me","12":"product_tag-cali-bud-or-no-bud-near-me","13":"product_tag-cali-life-savers","14":"product_tag-cali-life-savers-strain","15":"product_tag-cali-plug-cali-bud-or-no-bud","16":"product_tag-life-savers-cali-bud-or-no-bud","17":"product_tag-life-savers-cali-bud-or-no-bud-for-sale","18":"desktop-align-center","19":"tablet-align-left","20":"mobile-align-left","22":"first","23":"instock","24":"shipping-taxable","25":"purchasable","26":"product-type-variable"},"uagb_featured_image_src":{"full":["https:\/\/caliweedeurope.com\/wp-content\/uploads\/2024\/11\/IMG-0234.jpg",956,1276,false],"thumbnail":["https:\/\/caliweedeurope.com\/wp-content\/uploads\/2024\/11\/IMG-0234-150x150.jpg",150,150,true],"medium":["https:\/\/caliweedeurope.com\/wp-content\/uploads\/2024\/11\/IMG-0234-225x300.jpg",225,300,true],"medium_large":["https:\/\/caliweedeurope.com\/wp-content\/uploads\/2024\/11\/IMG-0234-768x1025.jpg",768,1025,true],"large":["https:\/\/caliweedeurope.com\/wp-content\/uploads\/2024\/11\/IMG-0234-767x1024.jpg",767,1024,true],"1536x1536":["https:\/\/caliweedeurope.com\/wp-content\/uploads\/2024\/11\/IMG-0234.jpg",956,1276,false],"2048x2048":["https:\/\/caliweedeurope.com\/wp-content\/uploads\/2024\/11\/IMG-0234.jpg",956,1276,false],"trp-custom-language-flag":["https:\/\/caliweedeurope.com\/wp-content\/uploads\/2024\/11\/IMG-0234.jpg",9,12,false],"woocommerce_thumbnail":["https:\/\/caliweedeurope.com\/wp-content\/uploads\/2024\/11\/IMG-0234-300x300.jpg",300,300,true],"woocommerce_single":["https:\/\/caliweedeurope.com\/wp-content\/uploads\/2024\/11\/IMG-0234-600x801.jpg",600,801,true],"woocommerce_gallery_thumbnail":["https:\/\/caliweedeurope.com\/wp-content\/uploads\/2024\/11\/IMG-0234-100x100.jpg",100,100,true]},"uagb_author_info":{"display_name":"jetskiforsaleuk@gmail.com","author_link":"https:\/\/caliweedeurope.com\/cs\/author\/"},"uagb_comment_info":0,"uagb_excerpt":"Cali bud Life Savers Cali bud Life Savers\u00a0cannabis strain\u00a0is one of the best\u00a0Cali bud or no bud flavors. When it comes to candy-like tastes and the capacity to eradicate chronic and repeated pain\u2026., Life Savers certainly satisfies its name. The Life Savers is an Indica-predominant hybrid strain with 78%. Unwinding with a grape and air&hellip;","_links":{"self":[{"href":"https:\/\/caliweedeurope.com\/cs\/wp-json\/wp\/v2\/product\/1748"}],"collection":[{"href":"https:\/\/caliweedeurope.com\/cs\/wp-json\/wp\/v2\/product"}],"about":[{"href":"https:\/\/caliweedeurope.com\/cs\/wp-json\/wp\/v2\/types\/product"}],"replies":[{"embeddable":true,"href":"https:\/\/caliweedeurope.com\/cs\/wp-json\/wp\/v2\/comments?post=1748"}],"wp:featuredmedia":[{"embeddable":true,"href":"https:\/\/caliweedeurope.com\/cs\/wp-json\/wp\/v2\/media\/1668"}],"wp:attachment":[{"href":"https:\/\/caliweedeurope.com\/cs\/wp-json\/wp\/v2\/media?parent=1748"}],"wp:term":[{"taxonomy":"product_brand","embeddable":true,"href":"https:\/\/caliweedeurope.com\/cs\/wp-json\/wp\/v2\/product_brand?post=1748"},{"taxonomy":"product_cat","embeddable":true,"href":"https:\/\/caliweedeurope.com\/cs\/wp-json\/wp\/v2\/product_cat?post=1748"},{"taxonomy":"product_tag","embeddable":true,"href":"https:\/\/caliweedeurope.com\/cs\/wp-json\/wp\/v2\/product_tag?post=1748"}],"curies":[{"name":"wp","href":"https:\/\/api.w.org\/{rel}","templated":true}]}}