{"id":1754,"date":"2024-11-05T18:39:15","date_gmt":"2024-11-05T18:39:15","guid":{"rendered":"https:\/\/caliweedeurope.com\/?post_type=product&#038;p=1754"},"modified":"2024-11-05T18:39:18","modified_gmt":"2024-11-05T18:39:18","slug":"buy-cali-bud-marshmallow-strain-online","status":"publish","type":"product","link":"https:\/\/caliweedeurope.com\/cs\/product\/buy-cali-bud-marshmallow-strain-online\/","title":{"rendered":"Buy Cali Bud Marshmallow Strain Online"},"content":{"rendered":"<h1 style=\"text-align: center\"><strong>\u00a0 \u00a0 \u00a0<\/strong><strong>MARSHMALLOW <\/strong><strong>CALI BUD OR NO BUD\u00a0|<\/strong><strong>\u00a0CALI BUD OR NO BUD\u00a0<\/strong><strong>MARSHMALLOW <\/strong><strong>|<\/strong><strong>\u00a0CALI PLUG CALI BUD OR NO BUD<\/strong><\/h1>\n<p><strong>Cali Bud nebo No Bud Marshmallow Strain<\/strong><\/p>\n<p>Marshmallow Kush je fenotyp Girl Scout Cookies. N\u00e1zev dostal podle sv\u00fdch zakalen\u00fdch b\u00edl\u00fdch trichom\u016f a lepkav\u00fdch pupen\u016f. Tato odr\u016fda von\u00ed po sladk\u00fdch, m\u00e1tov\u00fdch terpen\u00edch s kouzeln\u00fdm jemn\u011b drsn\u00fdm n\u00e1dechem. Marshmallow p\u0159in\u00e1\u0161\u00ed spot\u0159ebitel\u016fm \u0161\u0165astnou, relaxa\u010dn\u00ed n\u00e1ladu. P\u0159\u00edjemn\u00e1 euforie t\u00e9to odr\u016fdy m\u016f\u017ee pomoci zlep\u0161it n\u00e1ladu, stimulovat chu\u0165 k j\u00eddlu a pomoci p\u0159i neklidu.<\/p>\n<h2 style=\"text-align: center\"><strong>BUY\u00a0<\/strong><strong>MARSHMALLOW\u00a0<\/strong><strong>CALI BUD OR NO BUD\u00a0 ONLINE | BUY CALI BUD OR NO BUD\u00a0<\/strong><strong>MARSHMALLOW\u00a0<\/strong><strong>ONLINE | BUY CALI BUD OR NO BUD ONLINE<\/strong><\/h2>\n<p><strong>Cali Bud Marshmallow Strain<\/strong><\/p>\n<p>Nejprve jsme tady, abychom v\u00e1m nab\u00eddli nejlep\u0161\u00ed 420 cannabis mail order slu\u017eby. Po prozkoum\u00e1n\u00ed stresu spojen\u00e9ho s j\u00edzdou do dispens\u00e1\u0159e pro va\u0161e l\u00e9\u010debn\u00e9 marihuany proti bolesti a \u00falev\u011b jsme se rozhodli pomoci komunit\u011b 420 t\u00edm, \u017ee nab\u00edz\u00edme doru\u010den\u00ed p\u0159edpis\u016f a konop\u00ed p\u0159\u00edmo k va\u0161im dve\u0159\u00edm bez jak\u00fdchkoli nepohodl\u00ed. Doru\u010dujeme do v\u0161ech 50 st\u00e1t\u016f USA, Kanady a Evropy. Pro v\u00edce informac\u00ed n\u00e1s kontaktujte, jsme v\u017edy online a k dispozici, abychom v\u00e1m pomohli z\u00edskat to nejlep\u0161\u00ed.<\/p>\n<h3 style=\"text-align: center\"><strong>MARSHMALLOW\u00a0<\/strong><strong>CALI BUD OR NO BUD FOR SALE | CALI BUD OR NO BUD\u00a0\u00a0<\/strong><strong>MARSHMALLOW\u00a0<\/strong><strong>FOR SALE | CALI BUD OR NO BUD\u00a0 FOR SALE<\/strong><\/h3>\n<p><strong>Kupte varov\u00e1n\u00ed o kmeni Marshmallow<\/strong><\/p>\n<p>Za druh\u00e9, tento produkt obsahuje kanabis, napl\u00e1novanou l\u00e1tku. Uchov\u00e1vejte mimo dosah d\u011bt\u00ed a zv\u00ed\u0159at. Kanabisov\u00e9 produkty mohou vlastnit nebo konzumovat pouze osoby star\u0161\u00ed 25 let, pokud nen\u00ed osoba kvalifikovan\u00fdm pacientem. Otrava kanabisov\u00fdmi produkty m\u016f\u017ee trvat a\u017e dv\u011b hodiny. Pou\u017eit\u00ed kanabisu b\u011bhem t\u011bhotenstv\u00ed nebo kojen\u00ed m\u016f\u017ee b\u00fdt \u0161kodliv\u00e9. Konzumace t\u011bchto produkt\u016f zhor\u0161uje va\u0161i schopnost \u0159\u00eddit nebo obsluhovat stroje. P\u0159ed zakoupen\u00edm odr\u016fdy Marshmallow kanabisu online a jej\u00edm konzumov\u00e1n\u00edm bu\u010fte velmi opatrn\u00ed. Kupte Cali Bud nebo No Bud.<\/p>\n<p data-renderer-start-pos=\"764\"><strong data-renderer-mark=\"true\">\u00da\u010dinky odr\u016fdy Marshmallow OG<\/strong><\/p>\n<p data-renderer-start-pos=\"796\" class=\"translation-block\">Marshmallow OG nach\u00e1z\u00ed dokonal\u00e9 m\u00edsto pro vyv\u00e1\u017een\u00fd hybridn\u00ed high, s efekty bohat\u00fdmi na Indicu, kter\u00e9 jsou dopln\u011bny p\u0159\u00edjemn\u00fdm cerebr\u00e1ln\u00edm high. Za\u010d\u00edn\u00e1 povzbudivou eufori\u00ed ve front\u00e1ln\u00ed \u010d\u00e1sti hlavy a za o\u010dima, co\u017e v\u00e1s nech\u00e1 vesel\u00fdmi, ale zahalen\u00fdmi mlhou a trochu mimo. Jak high roste, za\u010dne se \u0161\u00ed\u0159it po zbytku va\u0161eho t\u011bla v tepl\u00fdch vln\u00e1ch, zanech\u00e1vaj\u00edc\u00edch mraven\u010den\u00ed, kter\u00e9 znecitliv\u00ed jak\u00e9koli bolesti a nepohodl\u00ed od hlavy a\u017e k pat\u00e1m. To v\u00e1s uvede do hlubok\u00e9ho stavu relaxace. Marshmallow weed<\/p>\n<p data-renderer-start-pos=\"1289\"><strong data-renderer-mark=\"true\">Chu\u0165ov\u00e9 vlastnosti odr\u016fdy Marshmallow OG<\/strong><\/p>\n<p data-renderer-start-pos=\"1321\">Ka\u017ed\u00fdm v\u00fddechem Marshmallow OG okouzl\u00ed sladkou cukrovou chut\u00ed a n\u00e1znaky medu a borovice.<\/p>\n<p data-renderer-start-pos=\"1416\"><strong data-renderer-mark=\"true\">V\u016fn\u011b odr\u016fdy Marshmallow OG<\/strong><\/p>\n<p data-renderer-start-pos=\"1446\">Nen\u00ed p\u0159ekvapen\u00edm, \u017ee tato kv\u011btina von\u00ed jako s\u00e1\u010dek marshmallows s ostr\u00fdm bylinn\u00fdm n\u00e1dechem.<\/p>\n<p data-renderer-start-pos=\"300\"><strong data-renderer-mark=\"true\">Informace o p\u011bstov\u00e1n\u00ed odr\u016fdy Marshmallow OG<\/strong><\/p>\n<p data-renderer-start-pos=\"337\">Marshmallow OG se velmi dob\u0159e da\u0159\u00ed v interi\u00e9rov\u00fdch podm\u00ednk\u00e1ch. Kveten\u00ed trv\u00e1 9 a\u017e 9,5 t\u00fddne v z\u00e1vislosti na podm\u00ednk\u00e1ch. Marshmallow OG obsahuje na\u010dechran\u00e9, ale hust\u00e9 olivov\u011b zelen\u00e9 kv\u011bty s bohat\u00fdmi fialov\u00fdmi t\u00f3ny a vlasy, stejn\u011b jako mraziv\u00fd b\u00edl\u00fd povlak z ml\u00e9\u010dn\u00fdch krystalick\u00fdch trichom\u016f.<\/p>\n<h4 style=\"text-align: center\"><strong>CALI BUD OR NO BUD \u00a0<\/strong><strong>MARSHMALLOW\u00a0<\/strong><strong>\u00a0NEAR ME |\u00a0<\/strong><strong>MARSHMALLOW\u00a0<\/strong><strong>CALI BUD OR NO BUD\u00a0\u00a0 NEAR ME | CALI BUD OR NO BUD \u00a0NEAR ME<\/strong><\/h4>\n<p class=\"translation-block\"><b>Marshmallow OG<\/b> je <a href=\"https:\/\/www.leafly.com\/strains\/lists\/category\/hybrid\" target=\"_blank\" rel=\"noopener\">hybridn\u00ed marihuanov\u00e1 odr\u016fda<\/a>. St\u00e1le se u\u010d\u00edme o chut\u00edch a \u00fa\u010dinc\u00edch Marshmallow OG \u2013 pokud jste tuto odr\u016fdu ji\u017e kou\u0159ili, dabbovali nebo konzumovali, pod\u011blte se s n\u00e1mi o sv\u00e9 zku\u0161enosti naps\u00e1n\u00edm recenze.<\/p>\n<p data-renderer-start-pos=\"50\"><strong data-renderer-mark=\"true\">Jak\u00fd je kmen Marshmallow OG?<\/strong><\/p>\n<p data-renderer-start-pos=\"83\">Marshmallow OG je k\u0159\u00ed\u017eenec odr\u016fd Chem D, Triangle Kush a Jet Fuel Gelato.<\/p>\n<p data-renderer-start-pos=\"172\"><strong data-renderer-mark=\"true\">Je Marshmallow OG Indica nebo Sativa?<\/strong><\/p>\n<p data-renderer-start-pos=\"214\">Marshmallow OG je hybridn\u00ed odr\u016fda, kter\u00e1 z\u016fst\u00e1v\u00e1 o n\u011bco bl\u00ed\u017ee k Indica typu.<\/p>\n<p data-renderer-start-pos=\"620\"><strong data-renderer-mark=\"true\">\u00darove\u0148 THC u Marshmallow OG<\/strong><\/p>\n<p data-renderer-start-pos=\"647\">Nenechte se zm\u00e1st roztomil\u00fdm n\u00e1zvem, tato kv\u011btina m\u00e1 obsah THC 27,9 %, kter\u00fd snadno uchop\u00ed va\u0161e t\u011blo i mysl.<\/p>\n<h5 style=\"text-align: center\"><strong>MARSHMALLOW\u00a0<\/strong><strong>\u00a0STRAIN | \u00a0<\/strong><strong>MARSHMALLOW\u00a0<\/strong><strong>WEED STRAIN | CALI\u00a0<\/strong><strong>MARSHMALLOW\u00a0<\/strong><strong>| CALI\u00a0<\/strong><strong>MARSHMALLOW\u00a0<\/strong><strong>\u00a0STRAIN<\/strong><\/h5>\n<div class=\"variety-percentage-wrap\">\n<h4 class=\"variety translation-block\"><a href=\"https:\/\/www.allbud.com\/marijuana-strains\/variety\/indica-dominant-hybrid\" target=\"_blank\" rel=\"noopener\">Indica Dominantn\u00ed Hybrid<\/a> <span class=\"hidden-xs\">\u2013 <\/span><span class=\"strain-percentages\">70% Indica \/ 30% Sativa<\/span><\/h4>\n<h4 class=\"percentage\"><span class=\"heading\">THC:\u00a0<\/span>14%<\/h4>\n<\/p><\/div>\n<p class=\"translation-block\">Na z\u00e1v\u011br lze \u0159\u00edci, \u017ee Marshmallow je hybridn\u00ed odr\u016fda s dominanc\u00ed indicy, vznikl\u00e1 k\u0159\u00ed\u017een\u00edm klasick\u00e9ho OG Kush X s nezn\u00e1mou odr\u016fdou. I kdy\u017e druh\u00fd rodi\u010d z\u016fst\u00e1v\u00e1 nezn\u00e1m\u00fd kv\u016fli tajemstv\u00ed chovatele, Marshmallow je pova\u017eov\u00e1no za potomka rodiny <a href=\"https:\/\/www.allbud.com\/marijuana-strains\/hybrid\/bubble-gum\" target=\"_blank\" rel=\"noopener\">Bubble Gum<\/a>, d\u00edky jeho sladk\u00e9 cukrov\u00e9 chuti a jemn\u00fdm indica \u00fa\u010dink\u016fm. Jak n\u00e1zev napov\u00edd\u00e1, Marshmallow m\u00e1 super sladkou cukrovou chu\u0165, dopln\u011bnou o o\u0159echov\u00fd med a n\u00e1dech ovocnosti.<\/p>\n<div data-testid=\"product-description\">\n<div class=\"truncate-lines__Wrapper-sc-1lknwty-0 YxHAC\">\n<div data-testid=\"truncated-description\">\n<div>\n<div class=\"text__Text-sc-fif1uk-0 kdmKRD\">\n<div class=\"src__Box-sc-1sbtrzs-0 src__Flex-sc-1sbtrzs-1 kWPFqZ hzdsvF\"><\/div>\n<\/p><\/div>\n<\/p><\/div>\n<\/p><\/div>\n<\/p><\/div>\n<\/p><\/div>","protected":false},"excerpt":{"rendered":"<p>Marshmallow Kush je fenotyp Girl Scout Cookies. N\u00e1zev dostal podle sv\u00fdch zakalen\u00fdch b\u00edl\u00fdch trichom\u016f a lepkav\u00fdch pupen\u016f. Tato odr\u016fda von\u00ed po sladk\u00fdch, m\u00e1tov\u00fdch terpen\u00edch s kouzeln\u00fdm jemn\u011b drsn\u00fdm n\u00e1dechem. Marshmallow p\u0159in\u00e1\u0161\u00ed spot\u0159ebitel\u016fm \u0161\u0165astnou, relaxa\u010dn\u00ed n\u00e1ladu. P\u0159\u00edjemn\u00e1 euforie t\u00e9to odr\u016fdy m\u016f\u017ee pomoci zlep\u0161it n\u00e1ladu, stimulovat chu\u0165 k j\u00eddlu a pomoci p\u0159i neklidu.<\/p>\n<div data-testid=\"product-description\">\n<div class=\"truncate-lines__Wrapper-sc-1lknwty-0 YxHAC\">\n<div data-testid=\"truncated-description\">\n<div>\n<div class=\"text__Text-sc-fif1uk-0 kdmKRD\">\n<div class=\"src__Box-sc-1sbtrzs-0 src__Flex-sc-1sbtrzs-1 kWPFqZ hzdsvF\">\n<div>UK\u00c1ZKOV\u00c9 KATEGORIE PRODUKT\u016e<\/div>\n<\/p><\/div>\n<\/p><\/div>\n<\/p><\/div>\n<\/p><\/div>\n<\/p><\/div>\n<\/p><\/div>\n<div class=\"text__Text-sc-fif1uk-0 htoJfX\"><a href=\"https:\/\/jeetersofficial.com\/product-category\/buy-cali-buds\/\">CALI BUDS<\/a><\/div>\n<div data-testid=\"product-description\">\n<div class=\"truncate-lines__Wrapper-sc-1lknwty-0 YxHAC\">\n<div data-testid=\"truncated-description\">\n<div class=\"text__Text-sc-fif1uk-0 kdmKRD\"><a href=\"https:\/\/jeetersofficial.com\/product-category\/backpack-boyz\/\">Backpack\u00a0 Boyz<\/a><\/div>\n<div><a href=\"https:\/\/jeetersofficial.com\/product-category\/snow-balls-weed\/\">SNOWBALLS WEED<\/a><\/div>\n<div><a href=\"https:\/\/jeetersofficial.com\/product-category\/persy-snowcaps\/\">Persy Snowcaps<\/a><\/div>\n<div><a href=\"https:\/\/jeetersofficial.com\/product-category\/drip-snowcaps\/\">Drip Snowcaps<\/a><\/div>\n<div><a href=\"https:\/\/jeetersofficial.com\/product-category\/concentrates\/\">CALI CONCENTRATES<\/a><\/div>\n<div><a href=\"https:\/\/jeetersofficial.com\/product-category\/doja-exclusive\/\">CALI DOJA PACKS EXCLUSIVE<\/a><\/div>\n<div><a href=\"https:\/\/jeetersofficial.com\/product-category\/marijuana-flowers\/\">CALI MARIJUANA FLOWERS<\/a><\/div>\n<\/p><\/div>\n<\/p><\/div>\n<\/p><\/div>\n<div><a href=\"https:\/\/jeetersofficial.com\/product-category\/sativa-strain\/\">CALI SATIVA STRAINS<\/a><\/div>\n<div><a href=\"https:\/\/jeetersofficial.com\/product-category\/indica\/\">CALI INDICA STRAINS<\/a><\/div>\n<div><a href=\"https:\/\/jeetersofficial.com\/product-category\/hybrid-weed\/\">CALI HYBRID WEED<\/a><\/div>","protected":false},"featured_media":1669,"comment_status":"closed","ping_status":"closed","template":"","meta":{"_uag_custom_page_level_css":"","site-sidebar-layout":"default","site-content-layout":"","ast-site-content-layout":"","site-content-style":"default","site-sidebar-style":"default","ast-global-header-display":"","ast-banner-title-visibility":"","ast-main-header-display":"","ast-hfb-above-header-display":"","ast-hfb-below-header-display":"","ast-hfb-mobile-header-display":"","site-post-title":"","ast-breadcrumbs-content":"","ast-featured-img":"","footer-sml-layout":"","theme-transparent-header-meta":"","adv-header-id-meta":"","stick-header-meta":"","header-above-stick-meta":"","header-main-stick-meta":"","header-below-stick-meta":"","astra-migrate-meta-layouts":"default","ast-page-background-enabled":"default","ast-page-background-meta":{"desktop":{"background-color":"var(--ast-global-color-4)","background-image":"","background-repeat":"repeat","background-position":"center center","background-size":"auto","background-attachment":"scroll","background-type":"","background-media":"","overlay-type":"","overlay-color":"","overlay-opacity":"","overlay-gradient":""},"tablet":{"background-color":"","background-image":"","background-repeat":"repeat","background-position":"center center","background-size":"auto","background-attachment":"scroll","background-type":"","background-media":"","overlay-type":"","overlay-color":"","overlay-opacity":"","overlay-gradient":""},"mobile":{"background-color":"","background-image":"","background-repeat":"repeat","background-position":"center center","background-size":"auto","background-attachment":"scroll","background-type":"","background-media":"","overlay-type":"","overlay-color":"","overlay-opacity":"","overlay-gradient":""}},"ast-content-background-meta":{"desktop":{"background-color":"var(--ast-global-color-5)","background-image":"","background-repeat":"repeat","background-position":"center center","background-size":"auto","background-attachment":"scroll","background-type":"","background-media":"","overlay-type":"","overlay-color":"","overlay-opacity":"","overlay-gradient":""},"tablet":{"background-color":"var(--ast-global-color-5)","background-image":"","background-repeat":"repeat","background-position":"center center","background-size":"auto","background-attachment":"scroll","background-type":"","background-media":"","overlay-type":"","overlay-color":"","overlay-opacity":"","overlay-gradient":""},"mobile":{"background-color":"var(--ast-global-color-5)","background-image":"","background-repeat":"repeat","background-position":"center center","background-size":"auto","background-attachment":"scroll","background-type":"","background-media":"","overlay-type":"","overlay-color":"","overlay-opacity":"","overlay-gradient":""}}},"product_brand":[],"product_cat":[675],"product_tag":[489,490,491,492,481,493,494,495,472,473,496,497,498,499,500,501,502,503,504],"class_list":{"0":"post-1754","1":"product","2":"type-product","3":"status-publish","4":"has-post-thumbnail","6":"product_cat-buy-cali-buds","7":"product_tag-best-cali-packs","8":"product_tag-buy-cali-bud-or-no-bud-marshmallow-online","9":"product_tag-buy-cali-bud-or-no-bud-online","10":"product_tag-cali-bud-or-no-bud","11":"product_tag-cali-bud-or-no-bud-for-sale","12":"product_tag-cali-bud-or-no-bud-marshmallow","13":"product_tag-cali-bud-or-no-bud-marshmallow-for-sale","14":"product_tag-cali-bud-or-no-bud-marshmallow-near-me","15":"product_tag-cali-bud-or-no-bud-near-me","16":"product_tag-cali-buds","17":"product_tag-cali-marshmallow","18":"product_tag-cannabis-strains","19":"product_tag-marshmallow-cali-bud-or-no-bud","20":"product_tag-marshmallow-cali-bud-or-no-bud-for-sale","21":"product_tag-marshmallow-cali-bud-or-no-bud-near-me","22":"product_tag-marshmallow-strain","23":"product_tag-marshmallow-weed-strain","24":"product_tag-top-cali-bud-packs","25":"product_tag-topo-cali-bags","26":"desktop-align-center","27":"tablet-align-left","28":"mobile-align-left","30":"first","31":"instock","32":"shipping-taxable","33":"purchasable","34":"product-type-variable"},"uagb_featured_image_src":{"full":["https:\/\/caliweedeurope.com\/wp-content\/uploads\/2024\/11\/fullsizeoutput-e1579244645542.jpeg",570,850,false],"thumbnail":["https:\/\/caliweedeurope.com\/wp-content\/uploads\/2024\/11\/fullsizeoutput-e1579244645542-150x150.jpeg",150,150,true],"medium":["https:\/\/caliweedeurope.com\/wp-content\/uploads\/2024\/11\/fullsizeoutput-e1579244645542-201x300.jpeg",201,300,true],"medium_large":["https:\/\/caliweedeurope.com\/wp-content\/uploads\/2024\/11\/fullsizeoutput-e1579244645542.jpeg",570,850,false],"large":["https:\/\/caliweedeurope.com\/wp-content\/uploads\/2024\/11\/fullsizeoutput-e1579244645542.jpeg",570,850,false],"1536x1536":["https:\/\/caliweedeurope.com\/wp-content\/uploads\/2024\/11\/fullsizeoutput-e1579244645542.jpeg",570,850,false],"2048x2048":["https:\/\/caliweedeurope.com\/wp-content\/uploads\/2024\/11\/fullsizeoutput-e1579244645542.jpeg",570,850,false],"trp-custom-language-flag":["https:\/\/caliweedeurope.com\/wp-content\/uploads\/2024\/11\/fullsizeoutput-e1579244645542.jpeg",8,12,false],"woocommerce_thumbnail":["https:\/\/caliweedeurope.com\/wp-content\/uploads\/2024\/11\/fullsizeoutput-e1579244645542-300x300.jpeg",300,300,true],"woocommerce_single":["https:\/\/caliweedeurope.com\/wp-content\/uploads\/2024\/11\/fullsizeoutput-e1579244645542.jpeg",570,850,false],"woocommerce_gallery_thumbnail":["https:\/\/caliweedeurope.com\/wp-content\/uploads\/2024\/11\/fullsizeoutput-e1579244645542-100x100.jpeg",100,100,true]},"uagb_author_info":{"display_name":"jetskiforsaleuk@gmail.com","author_link":"https:\/\/caliweedeurope.com\/cs\/author\/"},"uagb_comment_info":0,"uagb_excerpt":"Marshmallow kush is a Girl Scout Cookies phenotype. Named for its cloudy white trichomes and sticky buds, this strain smells of sweet, minty terpenes with a charming gritty hint. Marshmallow imbues consumers with a happy, relaxing buzz. The strain\u2019s pleasant euphoria can help improve mood, stimulate appetite, and assist with restlessness. SAMPLE PRODUCT CATEGORIES CALI&hellip;","_links":{"self":[{"href":"https:\/\/caliweedeurope.com\/cs\/wp-json\/wp\/v2\/product\/1754"}],"collection":[{"href":"https:\/\/caliweedeurope.com\/cs\/wp-json\/wp\/v2\/product"}],"about":[{"href":"https:\/\/caliweedeurope.com\/cs\/wp-json\/wp\/v2\/types\/product"}],"replies":[{"embeddable":true,"href":"https:\/\/caliweedeurope.com\/cs\/wp-json\/wp\/v2\/comments?post=1754"}],"wp:featuredmedia":[{"embeddable":true,"href":"https:\/\/caliweedeurope.com\/cs\/wp-json\/wp\/v2\/media\/1669"}],"wp:attachment":[{"href":"https:\/\/caliweedeurope.com\/cs\/wp-json\/wp\/v2\/media?parent=1754"}],"wp:term":[{"taxonomy":"product_brand","embeddable":true,"href":"https:\/\/caliweedeurope.com\/cs\/wp-json\/wp\/v2\/product_brand?post=1754"},{"taxonomy":"product_cat","embeddable":true,"href":"https:\/\/caliweedeurope.com\/cs\/wp-json\/wp\/v2\/product_cat?post=1754"},{"taxonomy":"product_tag","embeddable":true,"href":"https:\/\/caliweedeurope.com\/cs\/wp-json\/wp\/v2\/product_tag?post=1754"}],"curies":[{"name":"wp","href":"https:\/\/api.w.org\/{rel}","templated":true}]}}