{"id":1760,"date":"2024-11-05T18:39:16","date_gmt":"2024-11-05T18:39:16","guid":{"rendered":"https:\/\/caliweedeurope.com\/?post_type=product&#038;p=1760"},"modified":"2024-11-05T18:39:18","modified_gmt":"2024-11-05T18:39:18","slug":"buy-cali-bud-pinkberry-strain-online","status":"publish","type":"product","link":"https:\/\/caliweedeurope.com\/cs\/product\/buy-cali-bud-pinkberry-strain-online\/","title":{"rendered":"Buy Cali Bud Pinkberry Strain Online"},"content":{"rendered":"<h1 style=\"text-align: center\"><strong>\u00a0\u00a0 \u00a0<\/strong><strong>PINKBERRY <\/strong><strong>CALI BUD OR NO BUD\u00a0|<\/strong><strong>\u00a0CALI BUD OR NO BUD\u00a0<\/strong><strong>PINKBERRY <\/strong><strong>|<\/strong><strong>\u00a0CALI PLUG CALI BUD OR NO BUD<\/strong><\/h1>\n<p><strong>Cali Bud Pinkberry Strain<\/strong><\/p>\n<p>Cali Pinkberry je velmi vlivn\u00e1 hybridn\u00ed odr\u016fda konop\u00ed, vznikl\u00e1 k\u0159\u00ed\u017een\u00edm jahody a Grape Ape. Tato \u00fa\u017easn\u00e1 odr\u016fda je nejlep\u0161\u00ed pro pacienty trp\u00edc\u00ed \u00fazkost\u00ed a chronick\u00fdmi bolestmi. Pinkberry Weed<\/p>\n<p class=\"translation-block\"><b>Pink Berry<\/b> od Apothecary Genetics je vynikaj\u00edc\u00ed indica-dominantn\u00ed strain, kter\u00fd nab\u00edz\u00ed relaxaci na po\u017e\u00e1d\u00e1n\u00ed. Tento strain je silnou kombinac\u00ed <a href=\"https:\/\/www.leafly.com\/strains\/pink-champagne\" target=\"_blank\" rel=\"noopener\">Pink Champagne<\/a> a <a href=\"https:\/\/www.leafly.com\/strains\/blackberry\" target=\"_blank\" rel=\"noopener\">Blackberry<\/a>, kter\u00e1 nab\u00edz\u00ed sladk\u00e9, ovocn\u00e9 t\u00f3ny a z\u00e1rove\u0148 z\u016fst\u00e1v\u00e1 pevn\u011b zako\u0159en\u011bn\u00e1 v OG genetice. Pink Berry napl\u0148uje mysl povzn\u00e1\u0161ej\u00edc\u00ed, euforickou energi\u00ed, zat\u00edmco z\u00e1rove\u0148 t\u011b\u017ekne kon\u010detiny hlubokou relaxac\u00ed, co\u017e z n\u011bj \u010din\u00ed ide\u00e1ln\u00ed volbu pro spot\u0159ebitele, kte\u0159\u00ed hledaj\u00ed \u00falevu od neklidu, chronick\u00fdch bolest\u00ed a podr\u00e1\u017ed\u011bn\u00e9 n\u00e1lady. pink berry strain<\/p>\n<h2 style=\"text-align: center\"><strong>\u00a0BUY\u00a0<\/strong><strong>PINKBERRY <\/strong><strong>CALI BUD OR NO BUD\u00a0 ONLINE | BUY CALI BUD OR NO BUD\u00a0<\/strong><strong>PINKBERRY <\/strong><strong>ONLINE | BUY CALI BUD OR NO BUD ONLINE<\/strong><\/h2>\n<p><strong>L\u00e9ka\u0159sk\u00e9 pou\u017eit\u00ed Pinkberry<\/strong><\/p>\n<p>Tato odr\u016fda zaru\u010duje okam\u017eit\u00e9 uvoln\u011bn\u00ed bolesti pro \u00falevu. Jej\u00ed m\u00edrn\u00e9 \u00fa\u010dinky mohou zm\u00edrnit n\u011bkter\u00e9 pulzuj\u00edc\u00ed bolesti i nevolnost. Odr\u016fda m\u016f\u017ee tak\u00e9 pomoci bojovat proti p\u0159\u00edznak\u016fm PTSD. Cali Plug poskytuje bezpe\u010dn\u00fd p\u0159\u00edstup k vysoce kvalitn\u00edm medic\u00ednsk\u00fdm odr\u016fd\u00e1m konop\u00ed pro podporu zdrav\u00ed a t\u00edm i bohatstv\u00ed. Pinkberry Weed<\/p>\n<div class=\"variety-percentage-wrap\">\n<h4 class=\"variety translation-block\"><a href=\"https:\/\/www.allbud.com\/marijuana-strains\/variety\/indica-dominant-hybrid\" target=\"_blank\" rel=\"noopener\">Indica Dominantn\u00ed Hybrid<\/a> <span class=\"hidden-xs\">\u2013 <\/span><span class=\"strain-percentages\">70% Indica \/ 30% Sativa<\/span><\/h4>\n<h4 class=\"percentage\"><span class=\"heading\">THC:\u00a0<\/span>14% \u2013 16%,\u00a0<span class=\"heading\">CBD:\u00a0<\/span><em>6<\/em>%<\/h4>\n<\/p><\/div>\n<p>Pink Berry je vz\u00e1cn\u00e1 hybridn\u00ed odr\u016fda s dominanc\u00ed indiky, vytvo\u0159en\u00e1 zk\u0159\u00ed\u017een\u00edm neuv\u011b\u0159iteln\u011b chutn\u00fdch odr\u016fd Pink Champagne a Blackberry. Chu\u0165 Pink Berry je jedine\u010dn\u00e1, s sladk\u00fdmi a ovocn\u00fdmi, cukrov\u00fdmi m\u00e1slov\u00fdmi t\u00f3ny, kter\u00e9 p\u0159ipom\u00ednaj\u00ed \u010derstv\u00fd poh\u00e1r mra\u017een\u00e9ho jogurtu s p\u0159\u00edchut\u00ed bobul\u00ed. V\u016fn\u011b m\u00e1 kr\u00e9movou kushovou n\u00e1dech, kter\u00e1 m\u00eds\u00ed bohat\u00e9 kv\u011btinov\u00e9 t\u00f3ny s ovocn\u011b sladk\u00fdmi bobulemi pro \u00fa\u017easn\u011b n\u00e1vykovou a l\u00e1kavou v\u016fni, kter\u00e1 v\u00e1s bude nutit cht\u00edt v\u00edc. \u00da\u010dinky jsou stejn\u011b sladk\u00e9, ide\u00e1ln\u00ed pro odpo\u010dinek na konci dlouh\u00e9ho dne nebo kdy\u017e pot\u0159ebujete trochu pomoci s us\u00edn\u00e1n\u00edm v noci.<\/p>\n<h3 style=\"text-align: center\"><strong>PINKBERRY <\/strong><strong>CALI BUD OR NO BUD FOR SALE | CALI BUD OR NO BUD\u00a0\u00a0<\/strong><strong>PINKBERRY <\/strong><strong>FOR SALE | CALI BUD OR NO BUD\u00a0 FOR SALE<\/strong><\/h3>\n<p><strong>P\u011bstov\u00e1n\u00ed odr\u016fdy Cali Bud Pinkberry<\/strong><\/p>\n<p>Tato odr\u016fda roste n\u00edzko a m\u016f\u017ee prosp\u00edvat jak uvnit\u0159, tak venku nebo dokonce ve sklen\u00edku. M\u011bla by b\u00fdt d\u00e1na alespo\u0148 m\u011bs\u00edc, pokud ne p\u011bt, na dokon\u010den\u00ed vegetace. Odr\u016fda kvete osm a\u017e dev\u011bt t\u00fddn\u016f a vyprodukuje gram na watt uvnit\u0159. Venkovn\u00ed p\u011bstitel\u00e9 mohou skl\u00edzet a\u017e libru na rostlinu.<\/p>\n<p>\u00da\u010dinek je velmi povzbudiv\u00fd a \u0161\u0165astn\u00fd, ani\u017e by zvy\u0161oval va\u0161i energii. Poc\u00edt\u00edte \u0161imr\u00e1n\u00ed v t\u011ble, kter\u00e9 v\u00e1s p\u0159ivede do hlubok\u00e9 relaxace, zat\u00edmco va\u0161e mysl bloud\u00ed euforickou introspekc\u00ed. Tento m\u00edrn\u00fd t\u011blesn\u00fd \u00fa\u010dinek v\u00e1s m\u016f\u017ee ob\u010das unavit a usp\u00e1vat do \u0161\u0165astn\u00e9ho sedativn\u00edho stavu. D\u00edky t\u011bmto \u00fa\u010dink\u016fm a vysok\u00e9mu obsahu THC 14-16 % a CBD 5-6 % je Pink Berry skv\u011blou medic\u00ednskou volbou pro l\u00e9\u010dbu chronick\u00fdch bolest\u00ed, depres\u00ed, z\u00e1n\u011bt\u016f a chronick\u00e9 \u00fanavy. Pink Berry pupeny maj\u00ed kulat\u00e9 sv\u011btle m\u00e1tov\u011b zelen\u00e9 pupeny s r\u016f\u017eov\u00fdmi podt\u00f3ny a vrstvu pr\u016fhledn\u00fdch krystalick\u00fdch vl\u00e1ken a trichom\u016f.<\/p>\n<h4 style=\"text-align: center\"><strong>CALI BUD OR NO BUD \u00a0<\/strong><strong>PINKBERRY <\/strong><strong>\u00a0NEAR ME | <\/strong><strong>PINKBERRY <\/strong><strong>CALI BUD OR NO BUD\u00a0\u00a0 NEAR ME | CALI BUD OR NO BUD \u00a0NEAR ME<\/strong><\/h4>\n<p><strong>Efekty Cali Bud Pinkberry Strain<\/strong><\/p>\n<p>V\u011bci kolem v\u00e1s, ale ne opravdu schopni v\u00e9st rozhovory s k\u00fdmkoli kolem v\u00e1s nebo d\u011blat cokoli fyzick\u00e9ho.<br \/> Pocity<\/p>\n<p><strong>\u0160\u0165astn\u00fd<\/strong><br \/> 49 % lid\u00ed uv\u00e1d\u00ed, \u017ee se c\u00edt\u00ed \u0161\u0165astn\u00ed<br \/> <strong>Uvoln\u011bn\u00fd<\/strong><br \/> 44 % lid\u00ed uv\u00e1d\u00ed, \u017ee se c\u00edt\u00ed uvoln\u011bn<br \/> <strong>Vzru\u0161en\u00fd<\/strong><br \/> 16 % lid\u00ed uv\u00e1d\u00ed, \u017ee se c\u00edt\u00ed vzru\u0161en\u00ed<br \/> <strong>Negativa<\/strong><br \/> <strong>Sucho v \u00fastech<\/strong><br \/> 17%  lid\u00ed uv\u00e1d\u00ed, \u017ee maj\u00ed sucho v \u00fastech<br \/> <strong>Such\u00e9 o\u010di<\/strong><br \/> 11 % des personnes d\u00e9clarent avoir les yeux secs<br \/> <strong>Z\u00e1vra\u0165<\/strong><br \/> 5% lid\u00ed uv\u00e1d\u00ed, \u017ee maj\u00ed z\u00e1vrat\u011b<\/p>\n<p class=\"about-title\"><strong>O Pink Berry<\/strong><\/p>\n<div class=\"effect-wrapper ng-star-inserted\">\n<div>\n<p>Aby se to nezam\u011bnilo s \u0159et\u011bzcem mra\u017een\u00e9ho jogurtu se stejn\u00fdm n\u00e1zvem, Pink Berry je chutn\u00e1 indica-dominantn\u00ed hybridn\u00ed odr\u016fda. Tato odr\u016fda kombinuje genetiku Pink Champagne a Blackberry a m\u00e1 v\u0161echnu s\u00edlu a chu\u0165 sv\u00fdch rodi\u010dovsk\u00fdch odr\u016fd. Tento relaxa\u010dn\u00ed kv\u00edtek m\u00e1 obsah THC m\u011b\u0159en\u00fd mezi 14 % a 21 %.<\/p>\n<\/p><\/div>\n<\/p><\/div>\n<h5 style=\"text-align: center\"><strong>PINKBERRY <\/strong><strong>\u00a0STRAIN | <\/strong><strong>PINKBERRY <\/strong><strong>WEED STRAIN | CALI <\/strong><strong>PINKBERRY <\/strong><strong>| CALI <\/strong><strong>PINKBERRY <\/strong><strong>\u00a0STRAIN<\/strong><\/h5>\n<p><strong>Upozorn\u011bn\u00ed p\u0159i pou\u017eit\u00ed Cali Bud Pinkberry.<\/strong><\/p>\n<p>Tento produkt obsahuje kanabis, regulovanou l\u00e1tku. Uchov\u00e1vejte mimo dosah d\u011bt\u00ed a zv\u00ed\u0159at. Produkty obsahuj\u00edc\u00ed kanabis mohou vlastnit nebo konzumovat pouze osoby star\u0161\u00ed 21 let, pokud nen\u00ed osoba kvalifikovan\u00fdm pacientem. Otravy kanabisov\u00fdmi produkty mohou trvat a\u017e dv\u011b hodiny. U\u017e\u00edv\u00e1n\u00ed kanabisu b\u011bhem t\u011bhotenstv\u00ed nebo kojen\u00ed m\u016f\u017ee b\u00fdt \u0161kodliv\u00e9. Konzumace t\u011bchto produkt\u016f zhor\u0161uje va\u0161i schopnost \u0159\u00eddit nebo obsluhovat stroje. Pou\u017e\u00edvejte extr\u00e9mn\u00ed opatrnost.<\/p>\n<p>Pink Berry ohrom\u00ed velk\u00fdmi kv\u011bty, kter\u00e9 si zachov\u00e1vaj\u00ed pevn\u00fd a t\u00e9m\u011b\u0159 kulovit\u00fd tvar. Pupeny vykazuj\u00ed indica vliv s hustou vnit\u0159n\u00ed strukturou; listy se pevn\u011b sv\u00edjej\u00ed sm\u011brem k centr\u00e1ln\u00edm stonk\u016fm. Samotn\u00e9 listy jsou mozaikov\u00e1 sm\u011bs mechov\u011b zelen\u00e9 s ob\u010dasn\u00fdmi n\u00e1dechy modr\u00e9 a fialov\u00e9; tyto barvy vznikaj\u00ed, kdy\u017e jsou anthokyaninov\u00e9 pigmenty v genetice odr\u016fdy aktivov\u00e1ny chladn\u00fdm po\u010das\u00edm b\u011bhem r\u016fstov\u00e9ho procesu. Nakonec \u017eiv\u00e9 oran\u017eov\u00e9 pest\u00edky a pr\u016fsvitn\u00e9 b\u00edl\u00e9 trichomy \u010din\u00ed tyto poutav\u00e9 kv\u011bty je\u0161t\u011b barevn\u011bj\u0161\u00ed.<\/p>\n<div data-testid=\"product-description\">\n<div class=\"truncate-lines__Wrapper-sc-1lknwty-0 YxHAC\">\n<div data-testid=\"truncated-description\">\n<div>\n<div class=\"text__Text-sc-fif1uk-0 kdmKRD\">\n<div class=\"src__Box-sc-1sbtrzs-0 src__Flex-sc-1sbtrzs-1 kWPFqZ hzdsvF\">\n<div>UK\u00c1ZKOV\u00c9 KATEGORIE PRODUKT\u016e<\/div>\n<\/p><\/div>\n<\/p><\/div>\n<\/p><\/div>\n<\/p><\/div>\n<\/p><\/div>\n<\/p><\/div>\n<div class=\"text__Text-sc-fif1uk-0 htoJfX\"><a href=\"https:\/\/jeetersofficial.com\/product-category\/buy-cali-buds\/\" target=\"_blank\" rel=\"noopener\">CALI BUDS<\/a><\/div>\n<div data-testid=\"product-description\">\n<div class=\"truncate-lines__Wrapper-sc-1lknwty-0 YxHAC\">\n<div data-testid=\"truncated-description\">\n<div class=\"text__Text-sc-fif1uk-0 kdmKRD\"><a href=\"https:\/\/jeetersofficial.com\/product-category\/backpack-boyz\/\" target=\"_blank\" rel=\"noopener\">Backpack\u00a0 Boyz<\/a><\/div>\n<div><a href=\"https:\/\/jeetersofficial.com\/product-category\/snow-balls-weed\/\" target=\"_blank\" rel=\"noopener\">SNOWBALLS WEED<\/a><\/div>\n<div><a href=\"https:\/\/jeetersofficial.com\/product-category\/persy-snowcaps\/\" target=\"_blank\" rel=\"noopener\">Persy Snowcaps<\/a><\/div>\n<div><a href=\"https:\/\/jeetersofficial.com\/product-category\/drip-snowcaps\/\" target=\"_blank\" rel=\"noopener\">Drip Snowcaps<\/a><\/div>\n<div><a href=\"https:\/\/jeetersofficial.com\/product-category\/concentrates\/\" target=\"_blank\" rel=\"noopener\">CALI CONCENTRATES<\/a><\/div>\n<div><a href=\"https:\/\/jeetersofficial.com\/product-category\/doja-exclusive\/\" target=\"_blank\" rel=\"noopener\">CALI DOJA PACKS EXCLUSIVE<\/a><\/div>\n<div><a href=\"https:\/\/jeetersofficial.com\/product-category\/marijuana-flowers\/\" target=\"_blank\" rel=\"noopener\">CALI MARIJUANA FLOWERS<\/a><\/div>\n<\/p><\/div>\n<\/p><\/div>\n<\/p><\/div>\n<div><a href=\"https:\/\/jeetersofficial.com\/product-category\/sativa-strain\/\" target=\"_blank\" rel=\"noopener\">CALI SATIVA STRAINS<\/a><\/div>\n<div><a href=\"https:\/\/jeetersofficial.com\/product-category\/indica\/\" target=\"_blank\" rel=\"noopener\">CALI INDICA STRAINS<\/a><\/div>\n<div><a href=\"https:\/\/jeetersofficial.com\/product-category\/hybrid-weed\/\" target=\"_blank\" rel=\"noopener\">CALI HYBRID WEED<\/a><\/div>","protected":false},"excerpt":{"rendered":"<p><strong>Cali Bud Pinkberry Strain<\/strong><\/p>\n<p>Cali Pinkberry je velmi vlivn\u00e1 hybridn\u00ed odr\u016fda konop\u00ed, vznikl\u00e1 k\u0159\u00ed\u017een\u00edm jahody a Grape Ape. Tato \u00fa\u017easn\u00e1 odr\u016fda je nejlep\u0161\u00ed pro pacienty trp\u00edc\u00ed \u00fazkost\u00ed a chronick\u00fdmi bolestmi.<\/p>","protected":false},"featured_media":1670,"comment_status":"closed","ping_status":"closed","template":"","meta":{"_uag_custom_page_level_css":"","site-sidebar-layout":"default","site-content-layout":"","ast-site-content-layout":"","site-content-style":"default","site-sidebar-style":"default","ast-global-header-display":"","ast-banner-title-visibility":"","ast-main-header-display":"","ast-hfb-above-header-display":"","ast-hfb-below-header-display":"","ast-hfb-mobile-header-display":"","site-post-title":"","ast-breadcrumbs-content":"","ast-featured-img":"","footer-sml-layout":"","theme-transparent-header-meta":"","adv-header-id-meta":"","stick-header-meta":"","header-above-stick-meta":"","header-main-stick-meta":"","header-below-stick-meta":"","astra-migrate-meta-layouts":"default","ast-page-background-enabled":"default","ast-page-background-meta":{"desktop":{"background-color":"var(--ast-global-color-4)","background-image":"","background-repeat":"repeat","background-position":"center center","background-size":"auto","background-attachment":"scroll","background-type":"","background-media":"","overlay-type":"","overlay-color":"","overlay-opacity":"","overlay-gradient":""},"tablet":{"background-color":"","background-image":"","background-repeat":"repeat","background-position":"center center","background-size":"auto","background-attachment":"scroll","background-type":"","background-media":"","overlay-type":"","overlay-color":"","overlay-opacity":"","overlay-gradient":""},"mobile":{"background-color":"","background-image":"","background-repeat":"repeat","background-position":"center center","background-size":"auto","background-attachment":"scroll","background-type":"","background-media":"","overlay-type":"","overlay-color":"","overlay-opacity":"","overlay-gradient":""}},"ast-content-background-meta":{"desktop":{"background-color":"var(--ast-global-color-5)","background-image":"","background-repeat":"repeat","background-position":"center center","background-size":"auto","background-attachment":"scroll","background-type":"","background-media":"","overlay-type":"","overlay-color":"","overlay-opacity":"","overlay-gradient":""},"tablet":{"background-color":"var(--ast-global-color-5)","background-image":"","background-repeat":"repeat","background-position":"center center","background-size":"auto","background-attachment":"scroll","background-type":"","background-media":"","overlay-type":"","overlay-color":"","overlay-opacity":"","overlay-gradient":""},"mobile":{"background-color":"var(--ast-global-color-5)","background-image":"","background-repeat":"repeat","background-position":"center center","background-size":"auto","background-attachment":"scroll","background-type":"","background-media":"","overlay-type":"","overlay-color":"","overlay-opacity":"","overlay-gradient":""}}},"product_brand":[],"product_cat":[675],"product_tag":[489,491,505,506,507,508,509,510,492,481,472,511,512,513,514,473,515,516,517,518,461,519,520,521,522,462,523,524,525,526,527,528],"class_list":{"0":"post-1760","1":"product","2":"type-product","3":"status-publish","4":"has-post-thumbnail","6":"product_cat-buy-cali-buds","7":"product_tag-best-cali-packs","8":"product_tag-buy-cali-bud-or-no-bud-online","9":"product_tag-buy-cali-bud-or-no-bud-pinkberry-online","10":"product_tag-buy-cali-buds","11":"product_tag-buy-pinkberry-cali-bud-or-no-bud-online","12":"product_tag-buy-weed-online","13":"product_tag-by-the-best-cali-buds","14":"product_tag-cali-bags","15":"product_tag-cali-bud-or-no-bud","16":"product_tag-cali-bud-or-no-bud-for-sale","17":"product_tag-cali-bud-or-no-bud-near-me","18":"product_tag-cali-bud-or-no-bud-pinkberry","19":"product_tag-cali-bud-or-no-bud-pinkberry-for-sale","20":"product_tag-cali-bud-or-no-bud-pinkberry-near-me","21":"product_tag-cali-bud-packs","22":"product_tag-cali-buds","23":"product_tag-cali-buds-online","24":"product_tag-cali-flavors","25":"product_tag-cali-flavours","26":"product_tag-cali-gush-lato","27":"product_tag-cali-packs","28":"product_tag-cali-pinkberry","29":"product_tag-cali-pinkberry-strain","30":"product_tag-cali-plug","31":"product_tag-cali-plug-bags","32":"product_tag-cali-plug-cali-bud-or-no-bud","33":"product_tag-order-weed-online","34":"product_tag-pinkberry-cali-bud-or-no-bud","35":"product_tag-pinkberry-cali-bud-or-no-bud-for-sale","36":"product_tag-pinkberry-cali-bud-or-no-bud-near-me","37":"product_tag-pinkberry-strain","38":"product_tag-pinkberry-weed-strain","39":"desktop-align-center","40":"tablet-align-left","41":"mobile-align-left","43":"first","44":"instock","45":"shipping-taxable","46":"purchasable","47":"product-type-variable"},"uagb_featured_image_src":{"full":["https:\/\/caliweedeurope.com\/wp-content\/uploads\/2024\/11\/pinkberry-1.jpg",504,690,false],"thumbnail":["https:\/\/caliweedeurope.com\/wp-content\/uploads\/2024\/11\/pinkberry-1-150x150.jpg",150,150,true],"medium":["https:\/\/caliweedeurope.com\/wp-content\/uploads\/2024\/11\/pinkberry-1-219x300.jpg",219,300,true],"medium_large":["https:\/\/caliweedeurope.com\/wp-content\/uploads\/2024\/11\/pinkberry-1.jpg",504,690,false],"large":["https:\/\/caliweedeurope.com\/wp-content\/uploads\/2024\/11\/pinkberry-1.jpg",504,690,false],"1536x1536":["https:\/\/caliweedeurope.com\/wp-content\/uploads\/2024\/11\/pinkberry-1.jpg",504,690,false],"2048x2048":["https:\/\/caliweedeurope.com\/wp-content\/uploads\/2024\/11\/pinkberry-1.jpg",504,690,false],"trp-custom-language-flag":["https:\/\/caliweedeurope.com\/wp-content\/uploads\/2024\/11\/pinkberry-1.jpg",9,12,false],"woocommerce_thumbnail":["https:\/\/caliweedeurope.com\/wp-content\/uploads\/2024\/11\/pinkberry-1-300x300.jpg",300,300,true],"woocommerce_single":["https:\/\/caliweedeurope.com\/wp-content\/uploads\/2024\/11\/pinkberry-1.jpg",504,690,false],"woocommerce_gallery_thumbnail":["https:\/\/caliweedeurope.com\/wp-content\/uploads\/2024\/11\/pinkberry-1-100x100.jpg",100,100,true]},"uagb_author_info":{"display_name":"jetskiforsaleuk@gmail.com","author_link":"https:\/\/caliweedeurope.com\/cs\/author\/"},"uagb_comment_info":0,"uagb_excerpt":"Cali Bud Pinkberry Strain Cali Pinkberry is a very influential cannabis hybrid strain cross with strawberry and grape ape to get this amazing strain. is best for patients suffering from anxiety and chronic pain.","_links":{"self":[{"href":"https:\/\/caliweedeurope.com\/cs\/wp-json\/wp\/v2\/product\/1760"}],"collection":[{"href":"https:\/\/caliweedeurope.com\/cs\/wp-json\/wp\/v2\/product"}],"about":[{"href":"https:\/\/caliweedeurope.com\/cs\/wp-json\/wp\/v2\/types\/product"}],"replies":[{"embeddable":true,"href":"https:\/\/caliweedeurope.com\/cs\/wp-json\/wp\/v2\/comments?post=1760"}],"wp:featuredmedia":[{"embeddable":true,"href":"https:\/\/caliweedeurope.com\/cs\/wp-json\/wp\/v2\/media\/1670"}],"wp:attachment":[{"href":"https:\/\/caliweedeurope.com\/cs\/wp-json\/wp\/v2\/media?parent=1760"}],"wp:term":[{"taxonomy":"product_brand","embeddable":true,"href":"https:\/\/caliweedeurope.com\/cs\/wp-json\/wp\/v2\/product_brand?post=1760"},{"taxonomy":"product_cat","embeddable":true,"href":"https:\/\/caliweedeurope.com\/cs\/wp-json\/wp\/v2\/product_cat?post=1760"},{"taxonomy":"product_tag","embeddable":true,"href":"https:\/\/caliweedeurope.com\/cs\/wp-json\/wp\/v2\/product_tag?post=1760"}],"curies":[{"name":"wp","href":"https:\/\/api.w.org\/{rel}","templated":true}]}}