{"id":1766,"date":"2024-11-05T18:39:16","date_gmt":"2024-11-05T18:39:16","guid":{"rendered":"https:\/\/caliweedeurope.com\/?post_type=product&#038;p=1766"},"modified":"2024-11-05T18:39:18","modified_gmt":"2024-11-05T18:39:18","slug":"buy-cali-bud-sfv-strain-online","status":"publish","type":"product","link":"https:\/\/caliweedeurope.com\/cs\/product\/buy-cali-bud-sfv-strain-online\/","title":{"rendered":"Buy Cali Bud SFV Strain Online"},"content":{"rendered":"<h1 style=\"text-align: center\"><strong>\u00a0 \u00a0 \u00a0 \u00a0 \u00a0<\/strong><strong>SFV <\/strong><strong>CALI BUD OR NO BUD\u00a0|<\/strong><strong>\u00a0CALI BUD OR NO BUD\u00a0<\/strong><strong>SFV <\/strong><strong>|<\/strong><strong>\u00a0CALI PLUG CALI BUD OR NO BUD<\/strong><\/h1>\n<p><strong>Cali Bud SFV Strain<\/strong><br \/> Cali SFV je nepochybn\u011b vlivn\u00e1 hybridn\u00ed cannabisov\u00e1 kv\u011btina z Cali, dokonal\u00fd k\u0159\u00ed\u017eenec se strawberry a Grape Ape pro z\u00edsk\u00e1n\u00ed t\u00e9to \u00fa\u017easn\u00e9 odr\u016fdy.<\/p>\n<p class=\"translation-block\"><b>Za prv\u00e9, SFV OG<\/b>, zn\u00e1m\u00fd tak\u00e9 jako \u201eSan Fernando Valley OG\u201c, \u201eSan Fernando Valley Kush\u201c a \u201eSan Fernando Valley\u201c, je <a href=\"https:\/\/www.leafly.com\/strains\/lists\/category\/sativa\" target=\"_blank\" rel=\"noopener\">sativa<\/a>-dominantn\u00ed hybridn\u00ed odr\u016fda marihuany od Cali Connection, kter\u00e1 je skv\u011bl\u00e1 pro pacienty, kte\u0159\u00ed pot\u0159ebuj\u00ed silnou \u00falevu od bolesti, ale necht\u011bj\u00ed b\u00fdt p\u0159ipout\u00e1ni k pohovce. Jak n\u00e1zev napov\u00edd\u00e1, tento p\u0159\u00edbuzn\u00fd <a href=\"https:\/\/www.leafly.com\/strains\/og-kush\" target=\"_blank\" rel=\"noopener\">OG Kush<\/a> poch\u00e1z\u00ed z kalifornsk\u00e9ho \u00fadol\u00ed San Fernando. A\u010dkoli jsou jejich n\u00e1zvy t\u00e9m\u011b\u0159 nerozeznateln\u00e9, <a href=\"https:\/\/www.leafly.com\/strains\/sfv-og-kush\" target=\"_blank\" rel=\"noopener\">SFV OG Kush<\/a> je ve skute\u010dnosti <a href=\"https:\/\/www.leafly.com\/strains\/afghani\" target=\"_blank\" rel=\"noopener\">Afghani<\/a>-k\u0159\u00ed\u017eenec d\u00edt\u011bte SFV OG. S aromatick\u00fdmi t\u00f3ny zemit\u00e9 borovice a citronu se t\u011blesn\u00e9 \u00fa\u010dinky projev\u00ed o n\u011bco pozd\u011bji ne\u017e po\u010d\u00e1te\u010dn\u00ed du\u0161evn\u00ed om\u00e1men\u00ed. sfv weed<\/p>\n<h2 style=\"text-align: center\"><strong>BUY\u00a0<\/strong><strong>SFV\u00a0<\/strong><strong>CALI BUD OR NO BUD\u00a0 ONLINE | BUY CALI BUD OR NO BUD\u00a0<\/strong><strong>SFV\u00a0<\/strong><strong>ONLINE | BUY CALI BUD OR NO BUD ONLINE<\/strong><\/h2>\n<p><strong>L\u00e9ka\u0159sk\u00e9 pou\u017eit\u00ed odr\u016fdy Cali Bud SFV<\/strong><br \/> Cali SFV odr\u016fda je nejlep\u0161\u00ed pro pacienty trp\u00edc\u00ed \u00fazkost\u00ed, stresem a bolestmi. Tato odr\u016fda zaru\u010duje okam\u017eit\u00e9 a \u00fapln\u00e9 zm\u00edrn\u011bn\u00ed bolesti a \u00fazkosti. Tato vynikaj\u00edc\u00ed odr\u016fda tak\u00e9 pom\u00e1h\u00e1 bojovat proti projev\u016fm Parkinsonovy choroby. sfv weed<\/p>\n<h3 style=\"text-align: center\"><strong>SFV\u00a0<\/strong><strong>CALI BUD OR NO BUD FOR SALE | CALI BUD OR NO BUD\u00a0\u00a0<\/strong><strong>SFV\u00a0<\/strong><strong>FOR SALE | CALI BUD OR NO BUD\u00a0 FOR SALE<\/strong><\/h3>\n<p><strong>\u00da\u010dinky odr\u016fdy Cali Bud SFV<\/strong><br \/> <strong>\u0160\u0165astn\u00fd<\/strong><br \/> 46% lid\u00ed uv\u00e1d\u00ed, \u017ee se c\u00edt\u00ed \u0161\u0165astn\u00ed<br \/> <strong>Uvoln\u011bn\u00fd<\/strong><br \/> 41% lid\u00ed uv\u00e1d\u00ed, \u017ee se c\u00edt\u00ed uvoln\u011bn<br \/> <strong>Vzru\u0161en\u00fd<\/strong><br \/> 19 % lid\u00ed uv\u00e1d\u00ed, \u017ee se c\u00edt\u00ed vzru\u0161en\u00ed<br \/> <strong>Negativa<\/strong><br \/> <strong>Sucho v \u00fastech<\/strong><br \/> 14%  lid\u00ed uv\u00e1d\u00ed, \u017ee maj\u00ed sucho v \u00fastech<br \/> <strong>Such\u00e9 o\u010di<\/strong><br \/> 10 % des personnes d\u00e9clarent avoir les yeux secs<br \/> <strong>Z\u00e1vra\u0165<\/strong><br \/> 9% lid\u00ed uv\u00e1d\u00ed, \u017ee maj\u00ed z\u00e1vrat\u011b<\/p>\n<div class=\"variety-percentage-wrap\">\n<h4 class=\"variety translation-block\"><a href=\"https:\/\/www.allbud.com\/marijuana-strains\/variety\/indica-dominant-hybrid\" target=\"_blank\" rel=\"noopener\">Indica Dominantn\u00ed Hybrid<\/a> <span class=\"hidden-xs\">\u2013 <\/span><span class=\"strain-percentages\">70% Indica \/ 30% Sativa<\/span><\/h4>\n<h4 class=\"percentage\"><span class=\"heading\">THC:\u00a0<\/span>17% \u2013 22%,\u00a0<span class=\"heading\">CBD:\u00a0<\/span><em>1<\/em>%,\u00a0<span class=\"heading\">CBN:\u00a0<\/span><em>1<\/em>%<\/h4>\n<\/p><\/div>\n<p>SFV OG, zn\u00e1m\u00fd tak\u00e9 jako \u201eSan Fernando Valley OG\u201c v komunit\u011b konop\u00ed, je siln\u00fd fenotyp s p\u0159evahou indiky (70 % indica\/30 % sativa) odr\u016fdy OG Kush, vytvo\u0159en\u00fd \u0161lechtiteli z proslul\u00fdch Cali Connection Farms v San Fernando Valley. Tento siln\u00fd druh se py\u0161n\u00ed pr\u016fm\u011brnou hladinou THC v rozmez\u00ed 17\u201322 % a p\u0159ev\u00e1\u017en\u011b indikov\u00fdmi \u00fa\u010dinky. U\u017eivatel\u00e9 popisuj\u00ed \u00fa\u010dinky SFV OG jako t\u00e9m\u011b\u0159 okam\u017eit\u00fd n\u00e1stup relaxa\u010dn\u00edch a sedativn\u00edch efekt\u016f, kter\u00e9 zanech\u00e1vaj\u00ed pocit m\u00edrn\u00e9ho p\u0159ilepen\u00ed k pohovce s lehk\u00fdm tlakem v hlav\u011b a t\u011ble, jen\u017e ulevuje od bolesti. Tyto \u00fa\u010dinky doprov\u00e1z\u00ed pocit povznesen\u00ed a euforie, kter\u00fd je vyv\u00e1\u017een hlubok\u00fdmi indikov\u00fdmi efekty.<\/p>\n<h4 style=\"text-align: center\"><strong>CALI BUD OR NO BUD \u00a0<\/strong><strong>SFV\u00a0<\/strong><strong>\u00a0NEAR ME |\u00a0<\/strong><strong>SFV\u00a0<\/strong><strong>CALI BUD OR NO BUD\u00a0\u00a0 NEAR ME | CALI BUD OR NO BUD \u00a0NEAR ME<\/strong><\/h4>\n<p><strong>P\u011bstov\u00e1n\u00ed odr\u016fdy Cali Bud SFV<\/strong><br \/> Tato odr\u016fda roste pom\u011brn\u011b n\u00edzko a m\u016f\u017ee dob\u0159e prosp\u00edvat uvnit\u0159 i venku. Tato odr\u016fda v\u00e1s nezklame ani ve sklen\u00edku. Odborn\u00edci by j\u00ed m\u011bli d\u00e1t alespo\u0148 m\u011bs\u00edc, ne-li p\u011bt, aby dokon\u010dila vegetativn\u00ed f\u00e1zi. Rostlina kvete osm a\u017e dev\u011bt t\u00fddn\u016f a p\u0159i p\u011bstov\u00e1n\u00ed uvnit\u0159 poskytne gram na watt. Venku mohou p\u011bstitel\u00e9 sklidit a\u017e p\u016fl kila na rostlinu.<\/p>\n<p>Nav\u00edc je SFV OG d\u00edky sv\u00fdm siln\u00fdm \u00fa\u010dink\u016fm ide\u00e1ln\u00ed odr\u016fdou pro l\u00e9\u010dbu pacient\u016f trp\u00edc\u00edch stavy, jako jsou m\u00edrn\u00e9 a\u017e st\u0159edn\u00ed deprese, chronick\u00e1 bolest zp\u016fsoben\u00e1 zran\u011bn\u00edm nebo nemoc\u00ed, svalov\u00e9 k\u0159e\u010de a stres. SFV OG m\u00e1 aroma mandarinek s lehk\u00fdm n\u00e1dechem dieselu a chu\u0165 citrusov\u00e9 borovice se sladk\u00fdm dieselov\u00fdm dozvukem p\u0159i v\u00fddechu. Poupata SFV OG maj\u00ed mal\u00e9 tmav\u011b vojensky zelen\u00e9 hl\u00e1vky s olivov\u011b zelen\u00fdmi listy, \u010dervenohn\u011bd\u00fdmi chloupky a jemnou vrstvou b\u00edl\u00fdch trichom\u016f a prysky\u0159ice.<\/p>\n<p>Od p\u016fvodn\u00edho objeven\u00ed OG Kush se objevilo mnoho r\u016fzn\u00fdch fenotyp\u016f t\u00e9to odr\u016fdy s \u017e\u00e1douc\u00edmi vlastnostmi. Klon, kter\u00fd byl \u0161\u00ed\u0159en v San Fernando Valley a ozna\u010dov\u00e1n jako SFV OG, poch\u00e1z\u00ed od Swerve z The Cali Connection. Proto\u017ee tento p\u016fvodn\u00ed klon byl dostupn\u00fd pouze jako \u0159\u00edzek, Swerve pokra\u010doval v p\u011bstov\u00e1n\u00ed t\u00e9to odr\u016fdy a nakonec ji zk\u0159\u00ed\u017eil s Afghan #1. Afghan #1 je k\u0159\u00ed\u017eenec dvou p\u016fvodn\u00edch Indica odr\u016fd z Afgh\u00e1nist\u00e1nu.<\/p>\n<h5 style=\"text-align: center\"><strong style=\"text-align: center;color: #333333;font-size: 14.4px\">SFV <\/strong><strong style=\"text-align: center;color: #333333;font-size: 14.4px\">\u00a0STRAIN | \u00a0<\/strong><strong style=\"text-align: center;color: #333333;font-size: 14.4px\">SFV\u00a0<\/strong><strong style=\"text-align: center;color: #333333;font-size: 14.4px\">WEED STRAIN | CALI\u00a0<\/strong><strong style=\"text-align: center;color: #333333;font-size: 14.4px\">SFV\u00a0<\/strong><strong style=\"text-align: center;color: #333333;font-size: 14.4px\">| CALI\u00a0<\/strong><strong style=\"text-align: center;color: #333333;font-size: 14.4px\">SFV\u00a0<\/strong><strong style=\"text-align: center;color: #333333;font-size: 14.4px\">\u00a0STRAIN<\/strong><\/h5>\n<p><strong>Doru\u010den\u00ed Cali SFV Strain<\/strong><br \/> Tud\u00ed\u017e je doprava 100% diskr\u00e9tn\u00ed a nab\u00edz\u00edme z\u00e1ruku bezpe\u010dn\u00e9 dod\u00e1vky nebo \u00faplnou refundaci v p\u0159\u00edpad\u011b, \u017ee z\u00e1kazn\u00edk zru\u0161\u00ed objedn\u00e1vku. Prov\u00e1d\u00edme diskr\u00e9tn\u00ed celosv\u011btovou dopravu t\u011bchto vrcholn\u00fdch Cali Bud s\u00e1\u010dk\u016f.<\/p>\n<p>Doru\u010den\u00ed Cali SFV Strain<br \/> Samoz\u0159ejm\u011b, prov\u00e1d\u00edme diskr\u00e9tn\u00ed doru\u010den\u00ed t\u011bchto \u0161pi\u010dkov\u00fdch Cali Plug bud\u016f po cel\u00e9m sv\u011bt\u011b. Doba doru\u010den\u00ed z\u00e1vis\u00ed na m\u00edst\u011b, kde se z\u00e1kazn\u00edk nach\u00e1z\u00ed v okam\u017eiku objedn\u00e1vky. Objednejte nyn\u00ed a nechte si Cali budy diskr\u00e9tn\u011b doru\u010dit na va\u0161i adresu bez probl\u00e9m\u016f.<\/p>\n<p>Upozorn\u011bn\u00ed na odr\u016fdu Cali SFV.<br \/> Na z\u00e1v\u011br, tento produkt obsahuje kanabis, kontrolovanou l\u00e1tku. Uchov\u00e1vejte mimo dosah d\u011bt\u00ed a zv\u00ed\u0159at. Produkty obsahuj\u00edc\u00ed kanabis mohou vlastnit nebo konzumovat pouze osoby star\u0161\u00ed 21 let, pokud nejsou kvalifikovan\u00fdmi pacienty. Otravy zp\u016fsoben\u00e9 produkty obsahuj\u00edc\u00edmi kanabis mohou trvat a\u017e dv\u011b hodiny. Pou\u017e\u00edv\u00e1n\u00ed kanabisu b\u011bhem t\u011bhotenstv\u00ed nebo kojen\u00ed m\u016f\u017ee b\u00fdt \u0161kodliv\u00e9. Konzumace t\u011bchto produkt\u016f oslabuje va\u0161i schopnost \u0159\u00eddit a ovl\u00e1dat stroje. Pros\u00edm, bu\u010fte velmi opatrn\u00ed.<\/p>\n<div data-testid=\"product-description\">\n<div class=\"truncate-lines__Wrapper-sc-1lknwty-0 YxHAC\">\n<div data-testid=\"truncated-description\">\n<div>\n<div class=\"text__Text-sc-fif1uk-0 kdmKRD\">\n<div class=\"src__Box-sc-1sbtrzs-0 src__Flex-sc-1sbtrzs-1 kWPFqZ hzdsvF\">\n<div>UK\u00c1ZKOV\u00c9 KATEGORIE PRODUKT\u016e<\/div>\n<\/p><\/div>\n<\/p><\/div>\n<\/p><\/div>\n<\/p><\/div>\n<\/p><\/div>\n<\/p><\/div>\n<div class=\"text__Text-sc-fif1uk-0 htoJfX\"><a href=\"https:\/\/jeetersofficial.com\/product-category\/buy-cali-buds\/\" target=\"_blank\" rel=\"noopener\">CALI BUDS<\/a><\/div>\n<div data-testid=\"product-description\">\n<div class=\"truncate-lines__Wrapper-sc-1lknwty-0 YxHAC\">\n<div data-testid=\"truncated-description\">\n<div class=\"text__Text-sc-fif1uk-0 kdmKRD\"><a href=\"https:\/\/jeetersofficial.com\/product-category\/backpack-boyz\/\" target=\"_blank\" rel=\"noopener\">Backpack\u00a0 Boyz<\/a><\/div>\n<div><a href=\"https:\/\/jeetersofficial.com\/product-category\/snow-balls-weed\/\" target=\"_blank\" rel=\"noopener\">SNOWBALLS WEED<\/a><\/div>\n<div><a href=\"https:\/\/jeetersofficial.com\/product-category\/persy-snowcaps\/\" target=\"_blank\" rel=\"noopener\">Persy Snowcaps<\/a><\/div>\n<div><a href=\"https:\/\/jeetersofficial.com\/product-category\/drip-snowcaps\/\" target=\"_blank\" rel=\"noopener\">Drip Snowcaps<\/a><\/div>\n<div><a href=\"https:\/\/jeetersofficial.com\/product-category\/concentrates\/\" target=\"_blank\" rel=\"noopener\">CALI CONCENTRATES<\/a><\/div>\n<div><a href=\"https:\/\/jeetersofficial.com\/product-category\/doja-exclusive\/\" target=\"_blank\" rel=\"noopener\">CALI DOJA PACKS EXCLUSIVE<\/a><\/div>\n<div><a href=\"https:\/\/jeetersofficial.com\/product-category\/marijuana-flowers\/\" target=\"_blank\" rel=\"noopener\">CALI MARIJUANA FLOWERS<\/a><\/div>\n<\/p><\/div>\n<\/p><\/div>\n<\/p><\/div>\n<div><a href=\"https:\/\/jeetersofficial.com\/product-category\/sativa-strain\/\" target=\"_blank\" rel=\"noopener\">CALI SATIVA STRAINS<\/a><\/div>\n<div><a href=\"https:\/\/jeetersofficial.com\/product-category\/indica\/\" target=\"_blank\" rel=\"noopener\">CALI INDICA STRAINS<\/a><\/div>\n<div><a href=\"https:\/\/jeetersofficial.com\/product-category\/hybrid-weed\/\" target=\"_blank\" rel=\"noopener\">CALI HYBRID WEED<\/a><\/div>","protected":false},"excerpt":{"rendered":"<p><strong>Cali Bud SFV Strain<\/strong><br \/> Cali SFV je nepochybn\u011b vlivn\u00e1 hybridn\u00ed cannabisov\u00e1 kv\u011btina z Cali, dokonal\u00fd k\u0159\u00ed\u017eenec se strawberry a Grape Ape pro z\u00edsk\u00e1n\u00ed t\u00e9to \u00fa\u017easn\u00e9 odr\u016fdy.<\/p>\n<p><strong>L\u00e9ka\u0159sk\u00e9 pou\u017eit\u00ed odr\u016fdy Cali Bud SFV<\/strong><br \/> Cali SFV odr\u016fda je nejlep\u0161\u00ed pro pacienty trp\u00edc\u00ed \u00fazkost\u00ed, stresem a bolestmi. Tato odr\u016fda zaru\u010duje okam\u017eit\u00e9 a \u00fapln\u00e9 zm\u00edrn\u011bn\u00ed bolesti a \u00fazkosti. Tato vynikaj\u00edc\u00ed odr\u016fda tak\u00e9 pom\u00e1h\u00e1 bojovat proti projev\u016fm Parkinsonovy choroby.<\/p>","protected":false},"featured_media":1701,"comment_status":"closed","ping_status":"closed","template":"","meta":{"_uag_custom_page_level_css":"","site-sidebar-layout":"default","site-content-layout":"","ast-site-content-layout":"","site-content-style":"default","site-sidebar-style":"default","ast-global-header-display":"","ast-banner-title-visibility":"","ast-main-header-display":"","ast-hfb-above-header-display":"","ast-hfb-below-header-display":"","ast-hfb-mobile-header-display":"","site-post-title":"","ast-breadcrumbs-content":"","ast-featured-img":"","footer-sml-layout":"","theme-transparent-header-meta":"","adv-header-id-meta":"","stick-header-meta":"","header-above-stick-meta":"","header-main-stick-meta":"","header-below-stick-meta":"","astra-migrate-meta-layouts":"default","ast-page-background-enabled":"default","ast-page-background-meta":{"desktop":{"background-color":"var(--ast-global-color-4)","background-image":"","background-repeat":"repeat","background-position":"center center","background-size":"auto","background-attachment":"scroll","background-type":"","background-media":"","overlay-type":"","overlay-color":"","overlay-opacity":"","overlay-gradient":""},"tablet":{"background-color":"","background-image":"","background-repeat":"repeat","background-position":"center center","background-size":"auto","background-attachment":"scroll","background-type":"","background-media":"","overlay-type":"","overlay-color":"","overlay-opacity":"","overlay-gradient":""},"mobile":{"background-color":"","background-image":"","background-repeat":"repeat","background-position":"center center","background-size":"auto","background-attachment":"scroll","background-type":"","background-media":"","overlay-type":"","overlay-color":"","overlay-opacity":"","overlay-gradient":""}},"ast-content-background-meta":{"desktop":{"background-color":"var(--ast-global-color-5)","background-image":"","background-repeat":"repeat","background-position":"center center","background-size":"auto","background-attachment":"scroll","background-type":"","background-media":"","overlay-type":"","overlay-color":"","overlay-opacity":"","overlay-gradient":""},"tablet":{"background-color":"var(--ast-global-color-5)","background-image":"","background-repeat":"repeat","background-position":"center center","background-size":"auto","background-attachment":"scroll","background-type":"","background-media":"","overlay-type":"","overlay-color":"","overlay-opacity":"","overlay-gradient":""},"mobile":{"background-color":"var(--ast-global-color-5)","background-image":"","background-repeat":"repeat","background-position":"center center","background-size":"auto","background-attachment":"scroll","background-type":"","background-media":"","overlay-type":"","overlay-color":"","overlay-opacity":"","overlay-gradient":""}}},"product_brand":[],"product_cat":[675],"product_tag":[489,491,529,506,530,508,509,510,531,492,481,472,532,533,534,514,473,515,516,517,518,461,521,522,535,536,462,537,538,539,463,540,541,542,543,544,545],"class_list":{"0":"post-1766","1":"product","2":"type-product","3":"status-publish","4":"has-post-thumbnail","6":"product_cat-buy-cali-buds","7":"product_tag-best-cali-packs","8":"product_tag-buy-cali-bud-or-no-bud-online","9":"product_tag-buy-cali-bud-or-no-bud-sfv-online","10":"product_tag-buy-cali-buds","11":"product_tag-buy-sfv-cali-bud-or-no-bud-online","12":"product_tag-buy-weed-online","13":"product_tag-by-the-best-cali-buds","14":"product_tag-cali-bags","15":"product_tag-cali-bud","16":"product_tag-cali-bud-or-no-bud","17":"product_tag-cali-bud-or-no-bud-for-sale","18":"product_tag-cali-bud-or-no-bud-near-me","19":"product_tag-cali-bud-or-no-bud-sfv","20":"product_tag-cali-bud-or-no-bud-sfv-for-sale","21":"product_tag-cali-bud-or-no-bud-sfv-near-me","22":"product_tag-cali-bud-packs","23":"product_tag-cali-buds","24":"product_tag-cali-buds-online","25":"product_tag-cali-flavors","26":"product_tag-cali-flavours","27":"product_tag-cali-gush-lato","28":"product_tag-cali-packs","29":"product_tag-cali-plug","30":"product_tag-cali-plug-bags","31":"product_tag-cali-plug-bud","32":"product_tag-cali-plug-buds","33":"product_tag-cali-plug-cali-bud-or-no-bud","34":"product_tag-cali-plug-strains","35":"product_tag-cali-sfv","36":"product_tag-cali-sfv-strain","37":"product_tag-cali-straina","38":"product_tag-calibud","39":"product_tag-sfv-cali-bud-or-no-bud","40":"product_tag-sfv-cali-bud-or-no-bud-for-sale","41":"product_tag-sfv-cali-bud-or-no-bud-near-me","42":"product_tag-sfv-strain","43":"product_tag-sfv-weed-strain","44":"desktop-align-center","45":"tablet-align-left","46":"mobile-align-left","48":"first","49":"instock","50":"shipping-taxable","51":"purchasable","52":"product-type-variable"},"uagb_featured_image_src":{"full":["https:\/\/caliweedeurope.com\/wp-content\/uploads\/2024\/11\/sfv.jpg",458,673,false],"thumbnail":["https:\/\/caliweedeurope.com\/wp-content\/uploads\/2024\/11\/sfv-150x150.jpg",150,150,true],"medium":["https:\/\/caliweedeurope.com\/wp-content\/uploads\/2024\/11\/sfv-204x300.jpg",204,300,true],"medium_large":["https:\/\/caliweedeurope.com\/wp-content\/uploads\/2024\/11\/sfv.jpg",458,673,false],"large":["https:\/\/caliweedeurope.com\/wp-content\/uploads\/2024\/11\/sfv.jpg",458,673,false],"1536x1536":["https:\/\/caliweedeurope.com\/wp-content\/uploads\/2024\/11\/sfv.jpg",458,673,false],"2048x2048":["https:\/\/caliweedeurope.com\/wp-content\/uploads\/2024\/11\/sfv.jpg",458,673,false],"trp-custom-language-flag":["https:\/\/caliweedeurope.com\/wp-content\/uploads\/2024\/11\/sfv.jpg",8,12,false],"woocommerce_thumbnail":["https:\/\/caliweedeurope.com\/wp-content\/uploads\/2024\/11\/sfv-300x300.jpg",300,300,true],"woocommerce_single":["https:\/\/caliweedeurope.com\/wp-content\/uploads\/2024\/11\/sfv.jpg",458,673,false],"woocommerce_gallery_thumbnail":["https:\/\/caliweedeurope.com\/wp-content\/uploads\/2024\/11\/sfv-100x100.jpg",100,100,true]},"uagb_author_info":{"display_name":"jetskiforsaleuk@gmail.com","author_link":"https:\/\/caliweedeurope.com\/cs\/author\/"},"uagb_comment_info":0,"uagb_excerpt":"Cali Bud SFV Strain Cali SFV is an undoubtedly influential cannabis hybrid Cali flower, a perfect cross with strawberry and grape ape to get this amazing strain. Medical Uses Of Cali Bud SFV Strain Cali SFV Strain is best for patients suffering from anxiety, stress, and pain. This strain fully guarantees immediate and total relief&hellip;","_links":{"self":[{"href":"https:\/\/caliweedeurope.com\/cs\/wp-json\/wp\/v2\/product\/1766"}],"collection":[{"href":"https:\/\/caliweedeurope.com\/cs\/wp-json\/wp\/v2\/product"}],"about":[{"href":"https:\/\/caliweedeurope.com\/cs\/wp-json\/wp\/v2\/types\/product"}],"replies":[{"embeddable":true,"href":"https:\/\/caliweedeurope.com\/cs\/wp-json\/wp\/v2\/comments?post=1766"}],"wp:featuredmedia":[{"embeddable":true,"href":"https:\/\/caliweedeurope.com\/cs\/wp-json\/wp\/v2\/media\/1701"}],"wp:attachment":[{"href":"https:\/\/caliweedeurope.com\/cs\/wp-json\/wp\/v2\/media?parent=1766"}],"wp:term":[{"taxonomy":"product_brand","embeddable":true,"href":"https:\/\/caliweedeurope.com\/cs\/wp-json\/wp\/v2\/product_brand?post=1766"},{"taxonomy":"product_cat","embeddable":true,"href":"https:\/\/caliweedeurope.com\/cs\/wp-json\/wp\/v2\/product_cat?post=1766"},{"taxonomy":"product_tag","embeddable":true,"href":"https:\/\/caliweedeurope.com\/cs\/wp-json\/wp\/v2\/product_tag?post=1766"}],"curies":[{"name":"wp","href":"https:\/\/api.w.org\/{rel}","templated":true}]}}