{"id":1772,"date":"2024-11-05T18:39:19","date_gmt":"2024-11-05T18:39:19","guid":{"rendered":"https:\/\/caliweedeurope.com\/?post_type=product&#038;p=1772"},"modified":"2024-11-05T18:39:26","modified_gmt":"2024-11-05T18:39:26","slug":"buy-cali-bud-sundae-driver-online","status":"publish","type":"product","link":"https:\/\/caliweedeurope.com\/cs\/product\/buy-cali-bud-sundae-driver-online\/","title":{"rendered":"Buy Cali Bud Sundae Driver Online"},"content":{"rendered":"<h1 style=\"text-align: center\"><strong>\u00a0 \u00a0 \u00a0 \u00a0 \u00a0<\/strong><strong>SUNDAE DRIVER <\/strong><strong>CALI BUD OR NO BUD\u00a0|<\/strong><strong>\u00a0CALI BUD OR NO BUD\u00a0<\/strong><strong>SUNDAE DRIVER <\/strong><strong>|<\/strong><strong>\u00a0CALI PLUG CALI BUD OR NO BUD<\/strong><\/h1>\n<p><strong>Cali Bud nebo \u017e\u00e1dn\u00fd Bud Sundae Driver<\/strong><br \/> Kupte si p\u0159\u00edchu\u0165 konop\u00ed Cali Bud Sundae Driver online. Hork\u00e9 a trendov\u00e9 \u0161pi\u010dkov\u00e9 indoor Cali Buds k prodeji v online obchod\u011b Cali Plug za skv\u011bl\u00e9 ceny. Cali Sundae Driver je vlivn\u00fd hybrid s dominanc\u00ed Sativy, vznikl\u00fd k\u0159\u00ed\u017een\u00edm odr\u016fd Strawberry a Grape Ape, \u010d\u00edm\u017e vznikla tato \u00fa\u017easn\u00e1 odr\u016fda.<\/p>\n<p class=\"translation-block\"><b>Sundae Driver<\/b>, zn\u00e1m\u00fd tak\u00e9 jako \u201eSunday Driver\u201c, je\u00a0<a href=\"https:\/\/www.leafly.com\/strains\/lists\/category\/hybrid\" target=\"_blank\" rel=\"noopener\">hybridn\u00ed odr\u016fda marihuany<\/a>, kter\u00e1 vznikla k\u0159\u00ed\u017een\u00edm FPOG s\u00a0<a href=\"https:\/\/www.leafly.com\/strains\/grape-pie\" target=\"_blank\" rel=\"noopener\">Grape Pie<\/a>. \u00da\u010dinky t\u00e9to odr\u016fdy v\u00e1s u\u010din\u00ed vyrovnan\u00fdmi, klidn\u00fdmi a\u00a0<a href=\"https:\/\/www.leafly.com\/strains\/lists\/effect\/happy\" target=\"_blank\" rel=\"noopener\">\u0161\u0165<\/a>ast<a href=\"https:\/\/www.leafly.com\/strains\/lists\/effect\/happy\" target=\"_blank\" rel=\"noopener\">n\u00fdmi<\/a>. Sundae Driver m\u00e1 sladkou, jemnou a kr\u00e9movou chu\u0165. sundae driver weed<\/p>\n<p>Sundae Driver je jednou z t\u011bch odr\u016fd, kter\u00e9 jsou t\u00e9m\u011b\u0159 pro ka\u017ed\u00e9ho \u2013 nov\u00ed u\u017eivatel\u00e9 mohou za\u010d\u00edt pomalu a na\u010dasovat sv\u016fj stav tak, aby nastoupil a\u017e v pozd\u011bj\u0161\u00ed \u010d\u00e1sti dne, zat\u00edmco zku\u0161en\u00ed u\u017eivatel\u00e9 si tuto odr\u016fdu mohou vychutnat bez z\u00e1bran. Jej\u00ed sm\u011bs skv\u011bl\u00fdch chut\u00ed a vyv\u00e1\u017een\u00fdch \u00fa\u010dink\u016f obvykle spl\u0148uje v\u0161echny po\u017eadavky bez ohledu na to, jak\u00e9 m\u00e1te na den pl\u00e1ny.<\/p>\n<h2 style=\"text-align: center\"><strong style=\"font-size: 23.04px;text-align: center;color: #333333\">\u00a0BUY <\/strong><strong style=\"font-size: 23.04px;text-align: center;color: #333333\">SUNDAE DRIVER\u00a0<\/strong><strong style=\"font-size: 23.04px;text-align: center;color: #333333\">CALI BUD OR NO BUD\u00a0 ONLINE | BUY CALI BUD OR NO BUD\u00a0<\/strong><strong style=\"font-size: 23.04px;text-align: center;color: #333333\">SUNDAE DRIVER\u00a0<\/strong><strong style=\"font-size: 23.04px;text-align: center;color: #333333\">ONLINE | BUY CALI BUD OR NO BUD ONLINE<\/strong><\/h2>\n<p><strong>L\u00e9ka\u0159sk\u00e9 vyu\u017eit\u00ed odr\u016fdy konop\u00ed Cali Bud Sundae Driver<\/strong><br \/> Odr\u016fda Cali Sundae Driver je nejlep\u0161\u00ed pro pacienty trp\u00edc\u00ed stresem a svalov\u00fdmi k\u0159e\u010demi. Tato odr\u016fda zaru\u010duje okam\u017eitou \u00falevu od bolesti a \u00fazkosti. Tak\u00e9 slou\u017e\u00ed jako l\u00e9k na pulzuj\u00edc\u00ed bolesti a nevolnost. Tato odr\u016fda m\u016f\u017ee rovn\u011b\u017e pomoci v boji proti p\u0159\u00edznak\u016fm PTSD. Kupte si \u0161pi\u010dkov\u00e9 Cali odr\u016fdy od Cali Weed Plug pro prav\u00e9 palice a bezpe\u010dn\u00e9 doru\u010den\u00ed.<\/p>\n<p>Sundae Driver je t\u00e9m\u011b\u0159 vyv\u00e1\u017een\u00fd hybridn\u00ed kmen marihuany (50 % Sativa\/50 % Indica), vznikl\u00fd k\u0159\u00ed\u017een\u00edm kmen\u016f Grape Pie a Fruity Pebbles OG. \u00darove\u0148 THC u t\u00e9to odr\u016fdy je relativn\u011b m\u00edrn\u00e1 a nep\u0159esahuje 16 %, co\u017e z n\u00ed \u010din\u00ed jemnou odr\u016fdu, kterou si m\u016f\u017ee u\u017e\u00edt ka\u017ed\u00fd u\u017eivatel. \u00darove\u0148 CBD je ni\u017e\u0161\u00ed ne\u017e 1 %.<br \/> Poupata Sundae Driver jsou kr\u00e1sn\u00e9 olivov\u011b zelen\u00e9 s n\u00e1dechem hrozn\u016f, dopln\u011bn\u00e9 mno\u017estv\u00edm jasn\u011b oran\u017eov\u00fdch pest\u00edk\u016f a chlupat\u00fdch ml\u00e9\u010dn\u011b b\u00edl\u00fdch trichom\u016f.<br \/> Aroma tohoto kmene je p\u0159ev\u00e1\u017en\u011b zemit\u00e1, s dob\u0159e vyj\u00e1d\u0159en\u00fdmi ovocn\u00fdmi a \u010dokol\u00e1dov\u00fdmi t\u00f3ny. Chu\u0165 p\u0159ipom\u00edn\u00e1 dezert, dekadentn\u00ed se sladkou \u010dokol\u00e1dou a cukrov\u00fdmi ovocemi p\u0159i vydechov\u00e1n\u00ed.<\/p>\n<h3 style=\"text-align: center\"><strong>SUNDAE DRIVER <\/strong><strong>CALI BUD OR NO BUD FOR SALE | CALI BUD OR NO BUD\u00a0\u00a0<\/strong><strong>SUNDAE DRIVER\u00a0<\/strong><strong>FOR SALE | CALI BUD OR NO BUD\u00a0 FOR SALE<\/strong><\/h3>\n<p><strong>P\u011bstov\u00e1n\u00ed odr\u016fdy konop\u00ed Sundae Driver<\/strong><br \/> Tato odr\u016fda roste kompaktn\u011b a da\u0159\u00ed se j\u00ed dob\u0159e jak uvnit\u0159, venku, tak i ve sklen\u00edku. Kveten\u00ed trv\u00e1 osm a\u017e dev\u011bt t\u00fddn\u016f a produkuje gram na watt uvnit\u0159. Venku mohou p\u011bstitel\u00e9 skl\u00edzet a\u017e libru na rostlinu.<\/p>\n<p class=\"translation-block\">Sundae Driver za\u010d\u00edn\u00e1 pomalu a jemn\u011b \u010dist\u00ed va\u0161i mysl od ne\u017e\u00e1douc\u00edch my\u0161lenek, odstra\u0148uje starosti, stres a \u00fazkosti. Postupn\u011b zved\u00e1 ducha, p\u0159in\u00e1\u0161\u00ed u\u017eivateli klidn\u00fd, euforick\u00fd stav mysli, podporuj\u00edc\u00ed klid, \u0161t\u011bst\u00ed a \u010distou radost. Jakmile se cerebr\u00e1ln\u00ed \u00fa\u010dinky usad\u00ed, high pomalu za\u010d\u00edn\u00e1 klesat z hlavy dol\u016f a pomalu uvol\u0148uje t\u011blo po centimetrech, a\u017e se stane lehk\u00fdm jako p\u00edrko. Pokud je p\u0159\u00edjem m\u00edrn\u00fd, high z\u016fst\u00e1v\u00e1 o n\u011bco d\u00e9le v svalech a kloubech, co\u017e u\u017eivateli poskytuje skute\u010dn\u011b vyv\u00e1\u017een\u00fd z\u00e1\u017eitek. V tomto bod\u011b si mo\u017en\u00e1 budete cht\u00edt vz\u00edt dal\u0161\u00ed potah a pomalu se pono\u0159it do uspokojiv\u00e9ho sp\u00e1nku, nebo ne, a nechat gravitaci lidsk\u00e9 zku\u0161enosti postupn\u011b p\u0159evz\u00edt kontrolu nad va\u0161\u00edm t\u011blem a mysl\u00ed, vracej\u00edc v\u00e1s zp\u011bt do reality. Tak \u010di onak, z\u00e1\u017eitek s Sundae Driver je bezpochyby <a href=\"https:\/\/caliplugcarts.com\/product-category\/cali-bud\/\" target=\"_blank\" rel=\"noopener\">p\u0159\u00edjemn\u00fd<\/a> v ka\u017ed\u00e9m p\u0159\u00edpad\u011b<\/p>\n<h4 style=\"text-align: center\"><strong>CALI BUD OR NO BUD \u00a0<\/strong><strong>SUNDAE DRIVER\u00a0<\/strong><strong>\u00a0NEAR ME |\u00a0<\/strong><strong>SUNDAE DRIVER\u00a0<\/strong><strong>CALI BUD OR NO BUD\u00a0\u00a0 NEAR ME | CALI BUD OR NO BUD \u00a0NEAR ME<\/strong><\/h4>\n<p><strong>\u00a0\u00da\u010dinky odr\u016fdy Sundae Driver<\/strong><br \/> <strong>T\u011blesn\u00fd \u00fa\u010dinek<\/strong>, Euforie, Uklid\u0148uj\u00edc\u00ed, Ospal\u00fd, Povzn\u00e1\u0161ej\u00edc\u00ed<\/p>\n<p><strong>M\u016f\u017ee ulevit<\/strong><br \/> \u00dazkost, Chronick\u00e1 bolest, Deprese, Nespavost, PTSD, Stres<br \/> <strong>Chut\u011b<\/strong><br \/> Cukrovinka, \u010cokol\u00e1da, Kr\u00e9mov\u00fd, Ovocn\u00fd, Cukrov\u00fd, Sladk\u00fd<br \/> <strong>Aromata<\/strong><br \/> \u010cokol\u00e1da, Zemit\u00fd, Ovocn\u00fd, Bylinn\u00fd, Sladk\u00fd<\/p>\n<p>Terpeny<br \/> Linalool<br \/> Limonen<br \/> Karyofylen<\/p>\n<p class=\"translation-block\">Pozitivn\u00ed \u00fa\u010dinky:<br> \u0160t\u011bst\u00ed<br> Euforie<br> Relaxace<br> \u00daleva od stresu<br> Zlep\u0161en\u00ed n\u00e1lady<\/p>\n<p class=\"translation-block\">Vedlej\u0161\u00ed \u00fa\u010dinky:<br> Such\u00e9 o\u010di<br> Such\u00e1 \u00fasta<br> Z\u00e1vra\u0165<\/p>\n<h5 style=\"text-align: center\"><strong>SUNDAE DRIVER\u00a0<\/strong><strong>\u00a0STRAIN | \u00a0<\/strong><strong>SUNDAE DRIVER\u00a0<\/strong><strong>WEED STRAIN | CALI\u00a0<\/strong><strong>SUNDAE DRIVER\u00a0<\/strong><strong>| CALI\u00a0<\/strong><strong>SUNDAE DRIVER\u00a0<\/strong><strong>\u00a0STRAIN<\/strong><\/h5>\n<p><strong>\u00a0Upozorn\u011bn\u00ed<\/strong><br \/> Tento produkt obsahuje cannabis, regulovanou l\u00e1tku. Uchov\u00e1vejte mimo dosah d\u011bt\u00ed a zv\u00ed\u0159at. <a href=\"https:\/\/caliplugcarts.com\/product-category\/cali-carts\/\" target=\"_blank\" rel=\"noopener\">Cannabis<\/a> tyto produkty mohou vlastnit nebo konzumovat pouze osoby star\u0161\u00ed 21 let, pokud nejsou kvalifikovan\u00fdmi pacienty. Intoxika\u010dn\u00ed \u00fa\u010dinky cannabisov\u00fdch produkt\u016f mohou trvat a\u017e dv\u011b hodiny. Pou\u017eit\u00ed kanabisu b\u011bhem t\u011bhotenstv\u00ed nebo kojen\u00ed m\u016f\u017ee b\u00fdt \u0161kodliv\u00e9. Konzumace t\u011bchto produkt\u016f ovliv\u0148uje va\u0161i schopnost \u0159\u00eddit nebo obsluhovat stroje. Pou\u017e\u00edvejte maxim\u00e1ln\u00ed opatrnost.<\/p>\n<p>Pokud jste n\u011bkdy tou\u017eili po dokonal\u00e9 odr\u016fd\u011b, kterou si vezmete na ned\u011bln\u00ed vyj\u00ed\u017e\u010fku, samoz\u0159ejm\u011b jako pasa\u017e\u00e9r, zva\u017ete Sundae Driver, produkt Cannarado Genetics. K\u0159\u00ed\u017een\u00edm Fruity Pebbles OG a Grape Pie vyvinul tento tajemn\u00fd t\u00fdm vyv\u00e1\u017een\u00fd hybrid, kter\u00fd je skv\u011bl\u00fdm spole\u010dn\u00edkem na cest\u00e1ch nebo si vede stejn\u011b dob\u0159e doma.<\/p>\n<p>Dostate\u010dn\u011b jemn\u00fd pro v\u011bt\u0161inu typ\u016f u\u017eivatel\u016f, aby si ho u\u017eili, se obsah THC v Sundae Driver pohybuje mezi 14 % a 16 %.<\/p>\n<p>D\u00edky jej\u00ed vesel\u00e9mu a bezstarostn\u00e9mu p\u0159\u00edstupu je Sundae Driver \u010dasto vyu\u017e\u00edv\u00e1na l\u00e9ka\u0159sk\u00fdmi pacienty k pomoci p\u0159i ment\u00e1ln\u00edch probl\u00e9mech, v\u010detn\u011b deprese, \u00fazkosti, PTSD a dal\u0161\u00edch. \u0158\u00edk\u00e1 se v\u0161ak, \u017ee je stejn\u011b \u00fa\u010dinn\u00e1 p\u0159i fyzick\u00fdch probl\u00e9mech, tak\u017ee p\u0159\u00ed\u0161t\u011b, kdy\u017e budete m\u00edt migr\u00e9nu nebo zdravotn\u00ed probl\u00e9m t\u00fdkaj\u00edc\u00ed se \u017een, zkuste si d\u00e1t p\u00e1r potah\u016f. Op\u011bt, pokud m\u00e1te n\u00edzkou toleranci a d\u00e1te si toho dost, m\u016f\u017ee v\u00e1m Sundae Driver pomoci i p\u0159i nespavosti.<\/p>\n<div data-testid=\"product-description\">\n<div class=\"truncate-lines__Wrapper-sc-1lknwty-0 YxHAC\">\n<div data-testid=\"truncated-description\">\n<div>\n<div class=\"text__Text-sc-fif1uk-0 kdmKRD\">\n<div class=\"src__Box-sc-1sbtrzs-0 src__Flex-sc-1sbtrzs-1 kWPFqZ hzdsvF\">\n<div>UK\u00c1ZKOV\u00c9 KATEGORIE PRODUKT\u016e<\/div>\n<\/p><\/div>\n<\/p><\/div>\n<\/p><\/div>\n<\/p><\/div>\n<\/p><\/div>\n<\/p><\/div>\n<div class=\"text__Text-sc-fif1uk-0 htoJfX\"><a href=\"https:\/\/jeetersofficial.com\/product-category\/buy-cali-buds\/\" target=\"_blank\" rel=\"noopener\">CALI BUDS<\/a><\/div>\n<div data-testid=\"product-description\">\n<div class=\"truncate-lines__Wrapper-sc-1lknwty-0 YxHAC\">\n<div data-testid=\"truncated-description\">\n<div class=\"text__Text-sc-fif1uk-0 kdmKRD\"><a href=\"https:\/\/jeetersofficial.com\/product-category\/backpack-boyz\/\" target=\"_blank\" rel=\"noopener\">Backpack\u00a0 Boyz<\/a><\/div>\n<div><a href=\"https:\/\/jeetersofficial.com\/product-category\/snow-balls-weed\/\" target=\"_blank\" rel=\"noopener\">SNOWBALLS WEED<\/a><\/div>\n<div><a href=\"https:\/\/jeetersofficial.com\/product-category\/persy-snowcaps\/\" target=\"_blank\" rel=\"noopener\">Persy Snowcaps<\/a><\/div>\n<div><a href=\"https:\/\/jeetersofficial.com\/product-category\/drip-snowcaps\/\" target=\"_blank\" rel=\"noopener\">Drip Snowcaps<\/a><\/div>\n<div><a href=\"https:\/\/jeetersofficial.com\/product-category\/concentrates\/\" target=\"_blank\" rel=\"noopener\">CALI CONCENTRATES<\/a><\/div>\n<div><a href=\"https:\/\/jeetersofficial.com\/product-category\/doja-exclusive\/\" target=\"_blank\" rel=\"noopener\">CALI DOJA PACKS EXCLUSIVE<\/a><\/div>\n<div><a href=\"https:\/\/jeetersofficial.com\/product-category\/marijuana-flowers\/\" target=\"_blank\" rel=\"noopener\">CALI MARIJUANA FLOWERS<\/a><\/div>\n<\/p><\/div>\n<\/p><\/div>\n<\/p><\/div>\n<div><a href=\"https:\/\/jeetersofficial.com\/product-category\/sativa-strain\/\" target=\"_blank\" rel=\"noopener\">CALI SATIVA STRAINS<\/a><\/div>\n<div><a href=\"https:\/\/jeetersofficial.com\/product-category\/indica\/\" target=\"_blank\" rel=\"noopener\">CALI INDICA STRAINS<\/a><\/div>\n<div><a href=\"https:\/\/jeetersofficial.com\/product-category\/hybrid-weed\/\" target=\"_blank\" rel=\"noopener\">CALI HYBRID WEED<\/a><\/div>","protected":false},"excerpt":{"rendered":"<p><strong>Cali bud Sundae Driver<\/strong><br \/> Kupte si p\u0159\u00edchu\u0165 konop\u00ed Cali Bud Sundae Driver online. Hork\u00e9 a trendov\u00e9 \u0161pi\u010dkov\u00e9 indoor Cali Buds k prodeji na\u00a0<a href=\"http:\/\/caliweedplug.com\/\">Cali Plug<\/a>\u00a0Online obchod za skv\u011bl\u00e9 ceny. Cali Sundae Driver je vlivn\u00fd hybrid s dominanc\u00ed Sativy, vznikl\u00fd k\u0159\u00ed\u017een\u00edm odr\u016fd Strawberry a Grape Ape, \u010d\u00edm\u017e vznikla tato \u00fa\u017easn\u00e1 odr\u016fda.<\/p>","protected":false},"featured_media":1802,"comment_status":"closed","ping_status":"closed","template":"","meta":{"_uag_custom_page_level_css":"","site-sidebar-layout":"default","site-content-layout":"","ast-site-content-layout":"","site-content-style":"default","site-sidebar-style":"default","ast-global-header-display":"","ast-banner-title-visibility":"","ast-main-header-display":"","ast-hfb-above-header-display":"","ast-hfb-below-header-display":"","ast-hfb-mobile-header-display":"","site-post-title":"","ast-breadcrumbs-content":"","ast-featured-img":"","footer-sml-layout":"","theme-transparent-header-meta":"","adv-header-id-meta":"","stick-header-meta":"","header-above-stick-meta":"","header-main-stick-meta":"","header-below-stick-meta":"","astra-migrate-meta-layouts":"default","ast-page-background-enabled":"default","ast-page-background-meta":{"desktop":{"background-color":"var(--ast-global-color-4)","background-image":"","background-repeat":"repeat","background-position":"center center","background-size":"auto","background-attachment":"scroll","background-type":"","background-media":"","overlay-type":"","overlay-color":"","overlay-opacity":"","overlay-gradient":""},"tablet":{"background-color":"","background-image":"","background-repeat":"repeat","background-position":"center center","background-size":"auto","background-attachment":"scroll","background-type":"","background-media":"","overlay-type":"","overlay-color":"","overlay-opacity":"","overlay-gradient":""},"mobile":{"background-color":"","background-image":"","background-repeat":"repeat","background-position":"center center","background-size":"auto","background-attachment":"scroll","background-type":"","background-media":"","overlay-type":"","overlay-color":"","overlay-opacity":"","overlay-gradient":""}},"ast-content-background-meta":{"desktop":{"background-color":"var(--ast-global-color-5)","background-image":"","background-repeat":"repeat","background-position":"center center","background-size":"auto","background-attachment":"scroll","background-type":"","background-media":"","overlay-type":"","overlay-color":"","overlay-opacity":"","overlay-gradient":""},"tablet":{"background-color":"var(--ast-global-color-5)","background-image":"","background-repeat":"repeat","background-position":"center center","background-size":"auto","background-attachment":"scroll","background-type":"","background-media":"","overlay-type":"","overlay-color":"","overlay-opacity":"","overlay-gradient":""},"mobile":{"background-color":"var(--ast-global-color-5)","background-image":"","background-repeat":"repeat","background-position":"center center","background-size":"auto","background-attachment":"scroll","background-type":"","background-media":"","overlay-type":"","overlay-color":"","overlay-opacity":"","overlay-gradient":""}}},"product_brand":[],"product_cat":[675],"product_tag":[489,491,676,506,677,508,509,510,531,492,481,472,678,679,680,514,515,517,518,461,522,536,462,681,682,540,467,683,684,685,686,687],"class_list":{"0":"post-1772","1":"product","2":"type-product","3":"status-publish","4":"has-post-thumbnail","6":"product_cat-buy-cali-buds","7":"product_tag-best-cali-packs","8":"product_tag-buy-cali-bud-or-no-bud-online","9":"product_tag-buy-cali-bud-or-no-bud-sundae-driver-online","10":"product_tag-buy-cali-buds","11":"product_tag-buy-sundae-driver-cali-bud-or-no-bud-online","12":"product_tag-buy-weed-online","13":"product_tag-by-the-best-cali-buds","14":"product_tag-cali-bags","15":"product_tag-cali-bud","16":"product_tag-cali-bud-or-no-bud","17":"product_tag-cali-bud-or-no-bud-for-sale","18":"product_tag-cali-bud-or-no-bud-near-me","19":"product_tag-cali-bud-or-no-bud-sundae-driver","20":"product_tag-cali-bud-or-no-bud-sundae-driver-for-sale","21":"product_tag-cali-bud-or-no-bud-sundae-driver-near-me","22":"product_tag-cali-bud-packs","23":"product_tag-cali-buds-online","24":"product_tag-cali-flavours","25":"product_tag-cali-gush-lato","26":"product_tag-cali-packs","27":"product_tag-cali-plug-bags","28":"product_tag-cali-plug-buds","29":"product_tag-cali-plug-cali-bud-or-no-bud","30":"product_tag-cali-sundae-driver","31":"product_tag-cali-sundae-driver-strain","32":"product_tag-calibud","33":"product_tag-hardball-cookies","34":"product_tag-sundae-driver-cali-bud-or-no-bud","35":"product_tag-sundae-driver-cali-bud-or-no-bud-for-sale","36":"product_tag-sundae-driver-cali-bud-or-no-bud-near-me","37":"product_tag-sundae-driver-strain","38":"product_tag-sundae-driver-weed-strain","39":"desktop-align-center","40":"tablet-align-left","41":"mobile-align-left","43":"first","44":"instock","45":"shipping-taxable","46":"purchasable","47":"product-type-variable"},"uagb_featured_image_src":{"full":["https:\/\/caliweedeurope.com\/wp-content\/uploads\/2024\/11\/IMG-0224.jpg",956,1276,false],"thumbnail":["https:\/\/caliweedeurope.com\/wp-content\/uploads\/2024\/11\/IMG-0224-150x150.jpg",150,150,true],"medium":["https:\/\/caliweedeurope.com\/wp-content\/uploads\/2024\/11\/IMG-0224-225x300.jpg",225,300,true],"medium_large":["https:\/\/caliweedeurope.com\/wp-content\/uploads\/2024\/11\/IMG-0224-768x1025.jpg",768,1025,true],"large":["https:\/\/caliweedeurope.com\/wp-content\/uploads\/2024\/11\/IMG-0224-767x1024.jpg",767,1024,true],"1536x1536":["https:\/\/caliweedeurope.com\/wp-content\/uploads\/2024\/11\/IMG-0224.jpg",956,1276,false],"2048x2048":["https:\/\/caliweedeurope.com\/wp-content\/uploads\/2024\/11\/IMG-0224.jpg",956,1276,false],"trp-custom-language-flag":["https:\/\/caliweedeurope.com\/wp-content\/uploads\/2024\/11\/IMG-0224.jpg",9,12,false],"woocommerce_thumbnail":["https:\/\/caliweedeurope.com\/wp-content\/uploads\/2024\/11\/IMG-0224-300x300.jpg",300,300,true],"woocommerce_single":["https:\/\/caliweedeurope.com\/wp-content\/uploads\/2024\/11\/IMG-0224-600x801.jpg",600,801,true],"woocommerce_gallery_thumbnail":["https:\/\/caliweedeurope.com\/wp-content\/uploads\/2024\/11\/IMG-0224-100x100.jpg",100,100,true]},"uagb_author_info":{"display_name":"jetskiforsaleuk@gmail.com","author_link":"https:\/\/caliweedeurope.com\/cs\/author\/"},"uagb_comment_info":0,"uagb_excerpt":"Cali Bud Sundae Driver Buy Cali bud Sundae Driver cannabis flavor online. Hot and trending top-shelf indoor Cali buds for sale at the\u00a0Cali Plug\u00a0Online shop at cool prices, Cali Sundae Driver is an influential cannabis Sativa dominant hybrid strain cross with strawberry and grape ape to get this amazing strain.","_links":{"self":[{"href":"https:\/\/caliweedeurope.com\/cs\/wp-json\/wp\/v2\/product\/1772"}],"collection":[{"href":"https:\/\/caliweedeurope.com\/cs\/wp-json\/wp\/v2\/product"}],"about":[{"href":"https:\/\/caliweedeurope.com\/cs\/wp-json\/wp\/v2\/types\/product"}],"replies":[{"embeddable":true,"href":"https:\/\/caliweedeurope.com\/cs\/wp-json\/wp\/v2\/comments?post=1772"}],"wp:featuredmedia":[{"embeddable":true,"href":"https:\/\/caliweedeurope.com\/cs\/wp-json\/wp\/v2\/media\/1802"}],"wp:attachment":[{"href":"https:\/\/caliweedeurope.com\/cs\/wp-json\/wp\/v2\/media?parent=1772"}],"wp:term":[{"taxonomy":"product_brand","embeddable":true,"href":"https:\/\/caliweedeurope.com\/cs\/wp-json\/wp\/v2\/product_brand?post=1772"},{"taxonomy":"product_cat","embeddable":true,"href":"https:\/\/caliweedeurope.com\/cs\/wp-json\/wp\/v2\/product_cat?post=1772"},{"taxonomy":"product_tag","embeddable":true,"href":"https:\/\/caliweedeurope.com\/cs\/wp-json\/wp\/v2\/product_tag?post=1772"}],"curies":[{"name":"wp","href":"https:\/\/api.w.org\/{rel}","templated":true}]}}