{"id":1778,"date":"2024-11-05T18:39:20","date_gmt":"2024-11-05T18:39:20","guid":{"rendered":"https:\/\/caliweedeurope.com\/?post_type=product&#038;p=1778"},"modified":"2024-11-05T18:39:26","modified_gmt":"2024-11-05T18:39:26","slug":"buy-cali-bud-super-glue-online","status":"publish","type":"product","link":"https:\/\/caliweedeurope.com\/cs\/product\/buy-cali-bud-super-glue-online\/","title":{"rendered":"Buy Cali Bud Super Glue Online"},"content":{"rendered":"<h1 style=\"text-align: center\"><strong>\u00a0 \u00a0 \u00a0 \u00a0 \u00a0<\/strong><strong>SUPER GLUE <\/strong><strong>CALI BUD OR NO BUD\u00a0|<\/strong><strong>\u00a0CALI BUD OR NO BUD\u00a0<\/strong><strong>SUPER GLUE <\/strong><strong>|<\/strong><strong>\u00a0CALI PLUG CALI BUD OR NO BUD<\/strong><\/h1>\n<p><strong>Cali Bud Super Glue<\/strong><\/p>\n<p>Cali Bud Super Glue, vlivn\u00e1 hybridn\u00ed odr\u016fda konop\u00ed, zk\u0159\u00ed\u017een\u00e1 s jahodou a Grape Ape, aby vznikly tyto \u00fa\u017easn\u00e9 odr\u016fdy, je nejlep\u0161\u00ed pro pacienty trp\u00edc\u00ed \u00fazkost\u00ed a chronickou bolest\u00ed. Tato odr\u016fda zaru\u010duje okam\u017eitou \u00falevu od bolesti. Jej\u00ed lehk\u00e9 skute\u010dn\u00e9 \u00fa\u010dinky mohou usnadnit bolestiv\u00e9 pocity stejn\u011b jako nevolnost. Tato odr\u016fda m\u016f\u017ee tak\u00e9 pomoci bojovat proti p\u0159\u00edznak\u016fm PTSD. Tato odr\u016fda roste kr\u00e1tce a m\u016f\u017ee prosp\u00edvat uvnit\u0159, venku nebo dokonce v zahrad\u011b. Geeks by m\u011bli v\u011bnovat alespo\u0148 m\u011bs\u00edc, ne-li p\u011bt, k dokon\u010den\u00ed vegetace. Odr\u016fda Superglue kvete osm a\u017e dev\u011bt t\u00fddn\u016f a vyprodukuje gram na watt uvnit\u0159. Venku mohou p\u011bstitel\u00e9 sklidit a\u017e libru na rostlinu.<\/p>\n<h2 style=\"text-align: center\"><strong>BUY\u00a0<\/strong><strong>SUPER GLUE\u00a0<\/strong><strong>CALI BUD OR NO BUD\u00a0 ONLINE | BUY CALI BUD OR NO BUD\u00a0<\/strong><strong>SUPER GLUE\u00a0<\/strong><strong>ONLINE | BUY CALI BUD OR NO BUD ONLINE<\/strong><\/h2>\n<p>Upozorn\u011bn\u00ed<\/p>\n<p>Cali Bud Super Glue obsahuje cannabis, co\u017e je napl\u00e1novan\u00e1 l\u00e1tka. Uchov\u00e1vejte mimo dosah d\u011bt\u00ed a zv\u00ed\u0159at. Produkty z konop\u00ed mohou vlastnit nebo konzumovat pouze osoby star\u0161\u00ed 21 let, pokud nejsou kvalifikovan\u00fdmi pacienty. Otr\u00e1vuj\u00edc\u00ed \u00fa\u010dinky produkt\u016f z konop\u00ed mohou trvat a\u017e dv\u011b hodiny. U\u017e\u00edv\u00e1n\u00ed konop\u00ed b\u011bhem t\u011bhotenstv\u00ed nebo kojen\u00ed m\u016f\u017ee b\u00fdt \u0161kodliv\u00e9. Konzumace produkt\u016f Cali Bud nebo No Bud ovliv\u0148uje va\u0161i schopnost \u0159\u00eddit nebo obsluhovat stroje. Pou\u017e\u00edvejte s extr\u00e9mn\u00ed opatrnost\u00ed.<\/p>\n<p class=\"translation-block\"><b>Superglue<\/b>, tak\u00e9 zn\u00e1m\u00fd jako \u201eTacky Glue\u201c, je hybridn\u00ed odr\u016fda s p\u0159evahou indica, kter\u00e1 vyvol\u00e1v\u00e1 funk\u010dn\u00ed a relaxa\u010dn\u00ed \u00fa\u010dinky na mysl i t\u011blo. S v\u016fn\u00ed borovice a sladkou karamelovou p\u0159\u00edchut\u00ed je tato odr\u016fda p\u011bstov\u00e1na firmou Seedism Seeds. Superglue vznik\u00e1 k\u0159\u00ed\u017een\u00edm <a href=\"https:\/\/www.leafly.com\/strains\/afghani\" target=\"_blank\" rel=\"noopener\">Afghani<\/a> a Northern Light. Ti, kte\u0159\u00ed maj\u00ed r\u00e1di Superglue, \u0159\u00edkaj\u00ed, \u017ee v\u00e1s uvoln\u00ed, zat\u00edmco st\u00e1le z\u016fstanete funk\u010dn\u00ed a dostate\u010dn\u011b energi\u010dt\u00ed pro spole\u010densk\u00e9 aktivity nebo produktivn\u00ed odpoledne.<\/p>\n<h3 style=\"text-align: center\"><strong>SUPER GLUE\u00a0<\/strong><strong>CALI BUD OR NO BUD FOR SALE | CALI BUD OR NO BUD\u00a0\u00a0<\/strong><strong>SUPER GLUE\u00a0<\/strong><strong>FOR SALE | CALI BUD OR NO BUD\u00a0 FOR SALE<\/strong><\/h3>\n<div class=\"variety-percentage-wrap\">\n<h4 class=\"variety translation-block\"><a href=\"https:\/\/www.allbud.com\/marijuana-strains\/variety\/indica-dominant-hybrid\" target=\"_blank\" rel=\"noopener\">Indica Dominantn\u00ed Hybrid<\/a> <span class=\"hidden-xs\">\u2013 <\/span><span class=\"strain-percentages\">70% Indica \/ 30% Sativa<\/span><\/h4>\n<h4 class=\"percentage\"><span class=\"heading\">THC:\u00a0<\/span>23%,\u00a0<span class=\"heading\">CBD:\u00a0<\/span><em>1<\/em>%<\/h4>\n<\/p><\/div>\n<p>Superglue OG, zn\u00e1m\u00fd jednodu\u0161e jako Superglue, je hybrid dominuj\u00edc\u00ed Indica, kombinace Skunk #1 a Northern Lights. Lze jej nal\u00e9zt v n\u011bkolika l\u00e9ka\u0159sk\u00fdch marihuanov\u00fdch dispens\u00e1\u0159\u00edch v Kalifornii a st\u00e1t\u011b Washington, ale jinde se vyskytuje jen z\u0159\u00eddka. Pokud se objev\u00ed na \u010dern\u00e9m trhu, pova\u017eujte to za vz\u00e1cn\u00fd n\u00e1lez. Mraziv\u00e9 b\u00edl\u00e9 kv\u011bty t\u00e9to rostliny maj\u00ed vysok\u00fd obsah THC, kter\u00fd v n\u011bkter\u00fdch testech p\u0159esahuje 23 %. \u00darove\u0148 CBD je tak\u00e9 vy\u0161\u0161\u00ed ne\u017e pr\u016fm\u011brn\u00e1, v n\u011bkter\u00fdch testech a\u017e 1,4 %.<\/p>\n<h4 style=\"text-align: center\"><strong>CALI BUD OR NO BUD \u00a0<\/strong><strong>SUPER GLUE\u00a0<\/strong><strong>\u00a0NEAR ME |\u00a0<\/strong><strong>SUPER GLUE\u00a0<\/strong><strong>CALI BUD OR NO BUD\u00a0\u00a0 NEAR ME | CALI BUD OR NO BUD \u00a0NEAR ME<\/strong><\/h4>\n<p>To \u010din\u00ed tuto odr\u016fdu zvl\u00e1\u0161t\u011b u\u017eite\u010dnou v medic\u00ednsk\u00e9m kontextu, ide\u00e1ln\u00ed pro l\u00e9\u010dbu deprese, bolesti a \u00fazkosti; m\u016f\u017ee tak\u00e9 pomoci p\u0159i z\u00e1chvatech a svalov\u00fdch k\u0159e\u010d\u00edch. Tyto geny vytv\u00e1\u0159ej\u00ed siln\u00fd, relaxa\u010dn\u00ed t\u011blesn\u00fd \u00fa\u010dinek s n\u011bkter\u00fdmi omezen\u00fdmi cerebr\u00e1ln\u00edmi efekty. Je to siln\u00e1 volba pro fyzick\u00e9 nepohodl\u00ed a stres. O chuti nebo aroma t\u00e9to vz\u00e1cn\u00e9 odr\u016fdy nen\u00ed mnoho ve\u0159ejn\u00fdch informac\u00ed, ale stejn\u011b jako jej\u00ed obl\u00edben\u00ed rodi\u010de m\u00e1 pravd\u011bpodobn\u011b zemitou chu\u0165 s n\u00e1znaky borovice a citrus\u016f. Pacienti ji mohou naj\u00edt v n\u011bkter\u00fdch dispens\u00e1\u0159\u00edch na z\u00e1padn\u00edm pob\u0159e\u017e\u00ed, ale mimo l\u00e9ka\u0159sk\u00fd trh je vz\u00e1cn\u00e1.<\/p>\n<h5 style=\"text-align: center\"><strong>SUPER GLUE\u00a0<\/strong><strong>\u00a0STRAIN | \u00a0<\/strong><strong>SUPER GLUE\u00a0<\/strong><strong>WEED STRAIN | CALI\u00a0<\/strong><strong>SUPER GLUE\u00a0<\/strong><strong>| CALI\u00a0<\/strong><strong>SUPER GLUE\u00a0<\/strong><strong>\u00a0STRAIN<\/strong><\/h5>\n<p class=\"translation-block\">Superglue je hybrid s n\u00e1klonem k Indice, kter\u00fd m\u00e1 silnou genetickou kombinaci afgh\u00e1nsk\u00e9 landrace a <a href=\"https:\/\/www.wikileaf.com\/strain\/northern-lights\/\" target=\"_blank\" rel=\"noopener\">Northern Lights<\/a>. V\u011brn\u00fd sv\u00e9mu jm\u00e9nu, Super Glue p\u0159in\u00e1\u0161\u00ed hlubokou t\u011blesnou relaxaci, kter\u00e1 v\u00e1s m\u016f\u017ee snadno p\u0159itla\u010dit na pohovku za spr\u00e1vn\u00fdch okolnost\u00ed. M\u00e1 tak\u00e9 v\u00e1\u017enou p\u0159ita\u017elivost, s bohatou, pi\u017emovou v\u016fn\u00ed a tlust\u00fdmi, chunky kv\u011bty. Obsah THC t\u00e9to odr\u016fdy byl m\u011b\u0159en mezi 18% a 28%.<\/p>\n<p>Superglue zaujme velk\u00fdmi kv\u011bty, kter\u00e9 si zachov\u00e1vaj\u00ed v\u00fdraznou lopatkovitou formu, z\u00fa\u017euj\u00edc\u00ed se od \u0161irok\u00e9 z\u00e1kladny k \u0161pi\u010dat\u00e9mu hrotu. Pupeny maj\u00ed charakteristickou strukturu Indica, p\u0159i\u010dem\u017e jejich mal\u00e9 listy se pevn\u011b st\u00e1\u010dej\u00ed dovnit\u0159 do hust\u00e9, pevn\u00e9 shluky.<\/p>\n<p>Prvn\u00ed n\u00e1dech kv\u011bt\u016f Superglue zachyt\u00ed kysel\u00fd-sladk\u00fd, skunkov\u00fd z\u00e1pach. Pod t\u00edm jsou ostr\u00e9, borovicov\u00e9 akcenty. Mezit\u00edm, kdy\u017e rozemel\u00edte nebo roztrhnete tyto hust\u00e9 kv\u011bty, uvoln\u00ed se v\u016fn\u011b santalov\u00e9ho d\u0159eva a ko\u0159en\u00ed, kter\u00e1 je jedine\u010dn\u00e1 pro mate\u0159skou odr\u016fdu Afghani. P\u0159i spalov\u00e1n\u00ed Superglue produkuje ostr\u00fd a p\u00e1liv\u00fd kou\u0159. Tento kou\u0159 m\u00e1 p\u0159i vydechov\u00e1n\u00ed d\u0159evit\u00fd a zemit\u00fd chu\u0165. Ti, kte\u0159\u00ed cht\u011bj\u00ed kou\u0159it diskr\u00e9tn\u011b, by m\u011bli b\u00fdt opatrn\u00ed, proto\u017ee tento siln\u00fd pupen m\u016f\u017ee p\u00e1chnout i z v\u011bt\u0161\u00ed vzd\u00e1lenosti.<\/p>\n<div data-testid=\"product-description\">\n<div class=\"truncate-lines__Wrapper-sc-1lknwty-0 YxHAC\">\n<div data-testid=\"truncated-description\">\n<div>\n<div class=\"text__Text-sc-fif1uk-0 kdmKRD\">\n<div class=\"src__Box-sc-1sbtrzs-0 src__Flex-sc-1sbtrzs-1 kWPFqZ hzdsvF\">\n<div>UK\u00c1ZKOV\u00c9 KATEGORIE PRODUKT\u016e<\/div>\n<\/p><\/div>\n<\/p><\/div>\n<\/p><\/div>\n<\/p><\/div>\n<\/p><\/div>\n<\/p><\/div>\n<div class=\"text__Text-sc-fif1uk-0 htoJfX\"><a href=\"https:\/\/jeetersofficial.com\/product-category\/buy-cali-buds\/\" target=\"_blank\" rel=\"noopener\">CALI BUDS<\/a><\/div>\n<div data-testid=\"product-description\">\n<div class=\"truncate-lines__Wrapper-sc-1lknwty-0 YxHAC\">\n<div data-testid=\"truncated-description\">\n<div class=\"text__Text-sc-fif1uk-0 kdmKRD\"><a href=\"https:\/\/jeetersofficial.com\/product-category\/backpack-boyz\/\" target=\"_blank\" rel=\"noopener\">Backpack\u00a0 Boyz<\/a><\/div>\n<div><a href=\"https:\/\/jeetersofficial.com\/product-category\/snow-balls-weed\/\" target=\"_blank\" rel=\"noopener\">SNOWBALLS WEED<\/a><\/div>\n<div><a href=\"https:\/\/jeetersofficial.com\/product-category\/persy-snowcaps\/\" target=\"_blank\" rel=\"noopener\">Persy Snowcaps<\/a><\/div>\n<div><a href=\"https:\/\/jeetersofficial.com\/product-category\/drip-snowcaps\/\" target=\"_blank\" rel=\"noopener\">Drip Snowcaps<\/a><\/div>\n<div><a href=\"https:\/\/jeetersofficial.com\/product-category\/concentrates\/\" target=\"_blank\" rel=\"noopener\">CALI CONCENTRATES<\/a><\/div>\n<div><a href=\"https:\/\/jeetersofficial.com\/product-category\/doja-exclusive\/\" target=\"_blank\" rel=\"noopener\">CALI DOJA PACKS EXCLUSIVE<\/a><\/div>\n<div><a href=\"https:\/\/jeetersofficial.com\/product-category\/marijuana-flowers\/\" target=\"_blank\" rel=\"noopener\">CALI MARIJUANA FLOWERS<\/a><\/div>\n<\/p><\/div>\n<\/p><\/div>\n<\/p><\/div>\n<div><a href=\"https:\/\/jeetersofficial.com\/product-category\/sativa-strain\/\" target=\"_blank\" rel=\"noopener\">CALI SATIVA STRAINS<\/a><\/div>\n<div><a href=\"https:\/\/jeetersofficial.com\/product-category\/indica\/\" target=\"_blank\" rel=\"noopener\">CALI INDICA STRAINS<\/a><\/div>\n<div><a href=\"https:\/\/jeetersofficial.com\/product-category\/hybrid-weed\/\" target=\"_blank\" rel=\"noopener\">CALI HYBRID WEED<\/a><\/div>","protected":false},"excerpt":{"rendered":"<p>Cali Bud Super Glue<\/p>\n<p>Cali Bud Super Glue, vlivn\u00e1 hybridn\u00ed odr\u016fda konop\u00ed, zk\u0159\u00ed\u017een\u00e1 s jahodou a Grape Ape, aby vznikly tyto \u00fa\u017easn\u00e9 odr\u016fdy, je nejlep\u0161\u00ed pro pacienty trp\u00edc\u00ed \u00fazkost\u00ed a chronickou bolest\u00ed. Tato odr\u016fda zaru\u010duje okam\u017eitou \u00falevu od bolesti. Jej\u00ed lehk\u00e9 skute\u010dn\u00e9 \u00fa\u010dinky mohou usnadnit bolestiv\u00e9 pocity stejn\u011b jako nevolnost. Tato odr\u016fda m\u016f\u017ee tak\u00e9 pomoci bojovat proti p\u0159\u00edznak\u016fm PTSD. Tato odr\u016fda roste kr\u00e1tce a m\u016f\u017ee prosp\u00edvat uvnit\u0159, venku nebo dokonce v zahrad\u011b. Geeks by m\u011bli v\u011bnovat alespo\u0148 m\u011bs\u00edc, ne-li p\u011bt, k dokon\u010den\u00ed vegetace. Odr\u016fda Superglue kvete osm a\u017e dev\u011bt t\u00fddn\u016f a vyprodukuje gram na watt uvnit\u0159. Venku mohou p\u011bstitel\u00e9 sklidit a\u017e libru na rostlinu.<\/p>","protected":false},"featured_media":1702,"comment_status":"closed","ping_status":"closed","template":"","meta":{"_uag_custom_page_level_css":"","site-sidebar-layout":"default","site-content-layout":"","ast-site-content-layout":"","site-content-style":"default","site-sidebar-style":"default","ast-global-header-display":"","ast-banner-title-visibility":"","ast-main-header-display":"","ast-hfb-above-header-display":"","ast-hfb-below-header-display":"","ast-hfb-mobile-header-display":"","site-post-title":"","ast-breadcrumbs-content":"","ast-featured-img":"","footer-sml-layout":"","theme-transparent-header-meta":"","adv-header-id-meta":"","stick-header-meta":"","header-above-stick-meta":"","header-main-stick-meta":"","header-below-stick-meta":"","astra-migrate-meta-layouts":"default","ast-page-background-enabled":"default","ast-page-background-meta":{"desktop":{"background-color":"var(--ast-global-color-4)","background-image":"","background-repeat":"repeat","background-position":"center center","background-size":"auto","background-attachment":"scroll","background-type":"","background-media":"","overlay-type":"","overlay-color":"","overlay-opacity":"","overlay-gradient":""},"tablet":{"background-color":"","background-image":"","background-repeat":"repeat","background-position":"center center","background-size":"auto","background-attachment":"scroll","background-type":"","background-media":"","overlay-type":"","overlay-color":"","overlay-opacity":"","overlay-gradient":""},"mobile":{"background-color":"","background-image":"","background-repeat":"repeat","background-position":"center center","background-size":"auto","background-attachment":"scroll","background-type":"","background-media":"","overlay-type":"","overlay-color":"","overlay-opacity":"","overlay-gradient":""}},"ast-content-background-meta":{"desktop":{"background-color":"var(--ast-global-color-5)","background-image":"","background-repeat":"repeat","background-position":"center center","background-size":"auto","background-attachment":"scroll","background-type":"","background-media":"","overlay-type":"","overlay-color":"","overlay-opacity":"","overlay-gradient":""},"tablet":{"background-color":"var(--ast-global-color-5)","background-image":"","background-repeat":"repeat","background-position":"center center","background-size":"auto","background-attachment":"scroll","background-type":"","background-media":"","overlay-type":"","overlay-color":"","overlay-opacity":"","overlay-gradient":""},"mobile":{"background-color":"var(--ast-global-color-5)","background-image":"","background-repeat":"repeat","background-position":"center center","background-size":"auto","background-attachment":"scroll","background-type":"","background-media":"","overlay-type":"","overlay-color":"","overlay-opacity":"","overlay-gradient":""}}},"product_brand":[],"product_cat":[675],"product_tag":[491,546,547,481,472,548,549,550,462,551,552,553,554,555,556,557],"class_list":{"0":"post-1778","1":"product","2":"type-product","3":"status-publish","4":"has-post-thumbnail","6":"product_cat-buy-cali-buds","7":"product_tag-buy-cali-bud-or-no-bud-online","8":"product_tag-buy-cali-bud-or-no-bud-super-glue-online","9":"product_tag-buy-super-glue-cali-bud-or-no-bud-online","10":"product_tag-cali-bud-or-no-bud-for-sale","11":"product_tag-cali-bud-or-no-bud-near-me","12":"product_tag-cali-bud-or-no-bud-super-glue","13":"product_tag-cali-bud-or-no-bud-super-glue-for-sale","14":"product_tag-cali-bud-or-no-bud-super-glue-near-me","15":"product_tag-cali-plug-cali-bud-or-no-bud","16":"product_tag-cali-super-glue","17":"product_tag-cali-super-glue-strain","18":"product_tag-super-glue-cali-bud-or-no-bud","19":"product_tag-super-glue-cali-bud-or-no-bud-for-sale","20":"product_tag-super-glue-cali-bud-or-no-bud-near-me","21":"product_tag-super-glue-strain","22":"product_tag-super-glue-weed-strain","23":"desktop-align-center","24":"tablet-align-left","25":"mobile-align-left","27":"first","28":"instock","29":"shipping-taxable","30":"purchasable","31":"product-type-variable"},"uagb_featured_image_src":{"full":["https:\/\/caliweedeurope.com\/wp-content\/uploads\/2024\/11\/super-glue.jpg",512,687,false],"thumbnail":["https:\/\/caliweedeurope.com\/wp-content\/uploads\/2024\/11\/super-glue-150x150.jpg",150,150,true],"medium":["https:\/\/caliweedeurope.com\/wp-content\/uploads\/2024\/11\/super-glue-224x300.jpg",224,300,true],"medium_large":["https:\/\/caliweedeurope.com\/wp-content\/uploads\/2024\/11\/super-glue.jpg",512,687,false],"large":["https:\/\/caliweedeurope.com\/wp-content\/uploads\/2024\/11\/super-glue.jpg",512,687,false],"1536x1536":["https:\/\/caliweedeurope.com\/wp-content\/uploads\/2024\/11\/super-glue.jpg",512,687,false],"2048x2048":["https:\/\/caliweedeurope.com\/wp-content\/uploads\/2024\/11\/super-glue.jpg",512,687,false],"trp-custom-language-flag":["https:\/\/caliweedeurope.com\/wp-content\/uploads\/2024\/11\/super-glue.jpg",9,12,false],"woocommerce_thumbnail":["https:\/\/caliweedeurope.com\/wp-content\/uploads\/2024\/11\/super-glue-300x300.jpg",300,300,true],"woocommerce_single":["https:\/\/caliweedeurope.com\/wp-content\/uploads\/2024\/11\/super-glue.jpg",512,687,false],"woocommerce_gallery_thumbnail":["https:\/\/caliweedeurope.com\/wp-content\/uploads\/2024\/11\/super-glue-100x100.jpg",100,100,true]},"uagb_author_info":{"display_name":"jetskiforsaleuk@gmail.com","author_link":"https:\/\/caliweedeurope.com\/cs\/author\/"},"uagb_comment_info":0,"uagb_excerpt":"Cali Bud Super Glue Cali Super Glue being an influential\u00a0cannabis hybrid strain\u00a0cross with strawberry and grape ape to get these amazing strains is best for patients suffering from anxiety and chronic pain. This strain guarantees immediate relief from pain for the relieve. It\u2019s light real impacts may facilitate a few a throbbing painfulness just as&hellip;","_links":{"self":[{"href":"https:\/\/caliweedeurope.com\/cs\/wp-json\/wp\/v2\/product\/1778"}],"collection":[{"href":"https:\/\/caliweedeurope.com\/cs\/wp-json\/wp\/v2\/product"}],"about":[{"href":"https:\/\/caliweedeurope.com\/cs\/wp-json\/wp\/v2\/types\/product"}],"replies":[{"embeddable":true,"href":"https:\/\/caliweedeurope.com\/cs\/wp-json\/wp\/v2\/comments?post=1778"}],"wp:featuredmedia":[{"embeddable":true,"href":"https:\/\/caliweedeurope.com\/cs\/wp-json\/wp\/v2\/media\/1702"}],"wp:attachment":[{"href":"https:\/\/caliweedeurope.com\/cs\/wp-json\/wp\/v2\/media?parent=1778"}],"wp:term":[{"taxonomy":"product_brand","embeddable":true,"href":"https:\/\/caliweedeurope.com\/cs\/wp-json\/wp\/v2\/product_brand?post=1778"},{"taxonomy":"product_cat","embeddable":true,"href":"https:\/\/caliweedeurope.com\/cs\/wp-json\/wp\/v2\/product_cat?post=1778"},{"taxonomy":"product_tag","embeddable":true,"href":"https:\/\/caliweedeurope.com\/cs\/wp-json\/wp\/v2\/product_tag?post=1778"}],"curies":[{"name":"wp","href":"https:\/\/api.w.org\/{rel}","templated":true}]}}