{"id":1784,"date":"2024-11-05T18:39:20","date_gmt":"2024-11-05T18:39:20","guid":{"rendered":"https:\/\/caliweedeurope.com\/?post_type=product&#038;p=1784"},"modified":"2024-11-05T18:39:26","modified_gmt":"2024-11-05T18:39:26","slug":"koupit-cali-bud-sweet-and-sour-online","status":"publish","type":"product","link":"https:\/\/caliweedeurope.com\/cs\/product\/koupit-cali-bud-sweet-and-sour-online\/","title":{"rendered":"Kupte Cali Bud Sweet and Sour Online"},"content":{"rendered":"<h1 style=\"text-align: center\"><strong>\u00a0 \u00a0 \u00a0 \u00a0 \u00a0<\/strong><strong>SWEET AND SOUR <\/strong><strong>CALI BUD OR NO BUD\u00a0|<\/strong><strong>\u00a0CALI BUD OR NO BUD\u00a0<\/strong><strong>SWEET AND SOUR <\/strong><strong>|<\/strong><strong>\u00a0CALI PLUG CALI BUD OR NO BUD<\/strong><\/h1>\n<p><strong>Cali Bud Sweet and Sour Odr\u016fda<\/strong><br \/> Vzhledem k jej\u00edmu slu\u0161n\u00e9mu kanabinoidn\u00edmu profilu jsou psychoaktivn\u00ed \u00fa\u010dinky Sweet and Sour Widow jemn\u00e9. Tato odr\u016fda je vhodn\u00e1 pro za\u010d\u00e1te\u010dn\u00edky a pacienty, kte\u0159\u00ed cht\u011bj\u00ed u\u017e\u00edvat bez zmaten\u00e9 mysli. Prepared Widow poch\u00e1z\u00ed z genetiky White Widow a anonymn\u00ed Sativy, kter\u00e1 dopl\u0148uje jej\u00ed CBD profil.<\/p>\n<p>Cali Bud byl v\u017edy jasnou volbou, pokud \u0161lo o pojmenov\u00e1n\u00ed t\u00e9to odr\u016fdy, vzhledem k popularit\u011b odr\u016fd Kush v Golden State. To p\u0159im\u011blo Cali Plug v\u00edce pracovat na jejich indoor p\u011bstovan\u00fdch odr\u016fd\u00e1ch konop\u00ed a v\u00edce se v\u011bnovat v\u00fdzkumu.<\/p>\n<div class=\"variety-percentage-wrap\">\n<h4 class=\"variety\"><a href=\"https:\/\/www.allbud.com\/marijuana-strains\/variety\/sativa-dominant-hybrid\" target=\"_blank\" rel=\"noopener\">Sativa Dominant Hybrid\u00a0<\/a><span class=\"hidden-xs\">\u2013\u00a0<\/span><span class=\"strain-percentages\">80% Sativa \/ 20% Indica<\/span><\/h4>\n<h4 class=\"percentage\"><span class=\"heading\">THC:\u00a0<\/span>8%,\u00a0<span class=\"heading\">CBD:\u00a0<\/span><em>12<\/em>%<\/h4>\n<\/p><\/div>\n<p class=\"translation-block\">Sweet and Sour, zn\u00e1m\u00fd tak\u00e9 jako \u201eSweet 'N Sour\u201c nebo \u201eSweet 'N Sour Diesel\u201c v komunit\u011b u\u017eivatel\u016f konop\u00ed, je sativa-dominantn\u00ed hybrid (80% sativa\/20% indica), kter\u00fd vznikl k\u0159\u00ed\u017een\u00edm Mexican Haze X <a href=\"https:\/\/www.allbud.com\/marijuana-strains\/indica\/purple-princess\" target=\"_blank\" rel=\"noopener\">Princess<\/a> X Skunk #1 X <a href=\"https:\/\/www.allbud.com\/marijuana-strains\/sativa\/hawaiian-sativa\" target=\"_blank\" rel=\"noopener\">Hawaiian Sativa<\/a>. Tato vysoce kvalitn\u00ed odr\u016fda m\u00e1 pr\u016fm\u011brn\u00fd obsah THC 8 % a nab\u00edz\u00ed kombinaci \u00fa\u010dink\u016f indiky i sativy. U\u017eivatel\u00e9 popisuj\u00ed \u00fa\u010dinky Sweet and Sour jako okam\u017eit\u00fd cerebr\u00e1ln\u00ed high s povzbudivou energi\u00ed, kreativn\u00ed inspirac\u00ed a soust\u0159ed\u011bn\u00edm.<\/p>\n<p>Tento psychick\u00fd rau\u0161 je doprov\u00e1zen m\u00edrn\u00fdm pocitem p\u0159ilepen\u00ed k pohovce a v\u00fdraznou \u00falevou t\u011blu. Tento stav je ide\u00e1ln\u00ed pro l\u00edn\u00fd den, kdy chcete z\u016fstat doma, \u010d\u00edst knihu nebo hr\u00e1t videohry. D\u00edky sv\u00fdm siln\u00fdm \u00fa\u010dink\u016fm je Sweet and Sour ide\u00e1ln\u00ed odr\u016fda pro l\u00e9\u010dbu pacient\u016f trp\u00edc\u00edch stavy, jako je glaukom, Alzheimerova choroba, chronick\u00fd stres a \u00fanava.<\/p>\n<h2 style=\"text-align: center\"><strong>\u00a0BUY\u00a0<\/strong><strong>SWEET AND SOUR\u00a0<\/strong><strong>CALI BUD OR NO BUD\u00a0 ONLINE | BUY CALI BUD OR NO BUD\u00a0<\/strong><strong>SWEET AND SOUR\u00a0<\/strong><strong>ONLINE | BUY CALI BUD OR NO BUD ONLINE<\/strong><\/h2>\n<p><strong>Odr\u016fda Sweet and Sour.<\/strong><\/p>\n<p>Budete se c\u00edtit naprosto euforicky s celkov\u00fdm pocitem introspekce, kter\u00e1 v\u00e1s laserov\u011b zam\u011b\u0159\u00ed na v\u011bci kolem v\u00e1s, ale nebudete schopni v\u00e9st rozhovory s ostatn\u00edmi nebo d\u011blat cokoli fyzick\u00e9ho.<br \/> <b>Sladk\u00e1 a Kysel\u00e1 Vdova<\/b>\u00a0je 70\/30 indica-dominantn\u00ed odr\u016fda konop\u00ed s pom\u011brem CBD-THC 1:1 a jemn\u00fdm sladko-cibulov\u00fdm aroma. D\u00edky sv\u00e9mu vyv\u00e1\u017een\u00e9mu profilu kanabinoid\u016f m\u00e1 Sweet and Sour Widow m\u00edrn\u00e9 psychoaktivn\u00ed \u00fa\u010dinky, co\u017e ji \u010din\u00ed vhodnou pro za\u010d\u00e1te\u010dn\u00edky a pacienty, kte\u0159\u00ed pot\u0159ebuj\u00ed l\u00e9ky bez pocitu zaml\u017een\u00e9 hlavy. Sweet and Sour Widow poch\u00e1z\u00ed z genetiky White Widow a nepojmenovan\u00e9ho sativa-hybridu pro zv\u00fdrazn\u011bn\u00ed jej\u00edho CBD profilu.<\/p>\n<h3 style=\"text-align: center\"><strong>SWEET AND SOUR\u00a0<\/strong><strong>CALI BUD OR NO BUD FOR SALE | CALI BUD OR NO BUD\u00a0\u00a0<\/strong><strong>SWEET AND SOUR\u00a0<\/strong><strong>FOR SALE | CALI BUD OR NO BUD\u00a0 FOR SALE<\/strong><\/h3>\n<p><strong>\u0160\u0165astn\u00fd<\/strong><br \/> 49 % lid\u00ed uv\u00e1d\u00ed, \u017ee se c\u00edt\u00ed \u0161\u0165astn\u00ed<br \/> <strong>Uvoln\u011bn\u00fd<\/strong><br \/> 44 % lid\u00ed uv\u00e1d\u00ed, \u017ee se c\u00edt\u00ed uvoln\u011bn<br \/> <strong>Vzru\u0161en\u00fd<\/strong><br \/> 16 % lid\u00ed uv\u00e1d\u00ed, \u017ee se c\u00edt\u00ed vzru\u0161en\u00ed<br \/> <strong>Negativa<\/strong><br \/> <strong>Sucho v \u00fastech<\/strong><br \/> 17%  lid\u00ed uv\u00e1d\u00ed, \u017ee maj\u00ed sucho v \u00fastech<br \/> <strong>Such\u00e9 o\u010di<\/strong><br \/> 11 % des personnes d\u00e9clarent avoir les yeux secs<br \/> <strong>Z\u00e1vra\u0165<\/strong><br \/> 5% lid\u00ed uv\u00e1d\u00ed, \u017ee maj\u00ed z\u00e1vrat\u011b<\/p>\n<h4><strong>CALI BUD OR NO BUD \u00a0<\/strong><strong>SWEET AND SOUR\u00a0<\/strong><strong>\u00a0NEAR ME |\u00a0<\/strong><strong>SWEET AND SOUR\u00a0<\/strong><strong>CALI BUD OR NO BUD\u00a0\u00a0 NEAR ME | CALI BUD OR NO BUD \u00a0NEAR ME<\/strong><\/h4>\n<p class=\"translation-block\"><strong>Cali Bud Sweet and Sour Upozorn\u011bn\u00ed<\/strong><br> Na z\u00e1v\u011br toto produkt obsahuje Cannabis, co\u017e je regulovan\u00e1 l\u00e1tka, kterou je t\u0159eba uchov\u00e1vat mimo dosah d\u011bt\u00ed a zv\u00ed\u0159at. Produkty obsahuj\u00edc\u00ed cannabis mohou b\u00fdt konzumov\u00e1ny pouze osobami star\u0161\u00edmi 21 let, pokud nen\u00ed osoba kvalifikovan\u00fdm pacientem. Omamn\u00e9 \u00fa\u010dinky produkt\u016f z konop\u00ed mohou trvat a\u017e dv\u011b hodiny. <a href=\"https:\/\/caliplugcarts.com\/product\/cali-delta-8-thc-flower-wholesale\/\" target=\"_blank\" rel=\"noopener\">Konzumace kanabisu<\/a> b\u011bhem t\u011bhotenstv\u00ed nebo kojen\u00ed m\u016f\u017ee b\u00fdt \u0161kodliv\u00e1. Konzumace t\u011bchto produkt\u016f ovliv\u0148uje va\u0161i schopnost \u0159\u00eddit nebo obsluhovat stroje. Bu\u010fte pros\u00edm mimo\u0159\u00e1dn\u011b opatrn\u00ed.<\/p>\n<h5 style=\"text-align: center\"><strong>SWEET AND SOUR\u00a0<\/strong><strong>\u00a0STRAIN | \u00a0<\/strong><strong>SWEET AND SOUR\u00a0<\/strong><strong>WEED STRAIN | CALI\u00a0<\/strong><strong>SWEET AND SOUR\u00a0<\/strong><strong>| CALI\u00a0<\/strong><strong>SWEET AND SOUR\u00a0<\/strong><strong>\u00a0STRAIN<\/strong><\/h5>\n<p>Nejprve, Cali Sweet and Sour od CBD Crew je 70\/30 indica-dominantn\u00ed odr\u016fda konop\u00ed s pom\u011brem CBD-THC 1:1 a jemnou sladkou cibulovou v\u016fn\u00ed.<\/p>\n<p><strong>\u00da\u010dinky odr\u016fdy Cali Sweet and Sour<\/strong><\/p>\n<p>Vzhledem k jej\u00edmu slu\u0161n\u00e9mu kanabinoidn\u00edmu profilu jsou psychoaktivn\u00ed \u00fa\u010dinky Sweet and Sour Widow jemn\u00e9. Tato odr\u016fda je vhodn\u00e1 pro za\u010d\u00e1te\u010dn\u00edky a pacienty, kte\u0159\u00ed hledaj\u00ed l\u00e9\u010dbu bez zmaten\u00e9 mysli. Prepared Widow poch\u00e1z\u00ed z genetiky White Widow a anonymn\u00ed Sativy, kter\u00e1 dopl\u0148uje jej\u00ed CBD profil.<\/p>\n<p>Cali Bud byl v\u017edy jasnou volbou, kdy\u017e p\u0159i\u0161lo na pojmenov\u00e1n\u00ed t\u00e9to odr\u016fdy, vzhledem k popularit\u011b odr\u016fd Kush ve Zlat\u00e9m st\u00e1t\u011b. Cali Plug je motivov\u00e1n, aby v\u00edce pracoval na sv\u00fdch odr\u016fd\u00e1ch konop\u00ed p\u011bstovan\u00fdch uvnit\u0159. Vynakl\u00e1d\u00e1 se v\u00edce \u00fasil\u00ed na pokra\u010dov\u00e1n\u00ed v pr\u00e1ci.<\/p>\n<p><b>Varov\u00e1n\u00ed<\/b><\/p>\n<p>Na z\u00e1v\u011br, tento produkt obsahuje konop\u00ed, co\u017e je za\u0159azen\u00e1 l\u00e1tka. Uchov\u00e1vejte mimo dosah d\u011bt\u00ed a zv\u00ed\u0159at. Produkty obsahuj\u00edc\u00ed konop\u00ed mohou konzumovat pouze osoby star\u0161\u00ed 21 let, pokud nejsou kvalifikovan\u00fdmi pacienty. Otravy zp\u016fsoben\u00e9 produkty s konop\u00edm mohou trvat a\u017e dv\u011b hodiny. Pou\u017eit\u00ed konop\u00ed b\u011bhem t\u011bhotenstv\u00ed nebo kojen\u00ed m\u016f\u017ee b\u00fdt \u0161kodliv\u00e9. Konzumace t\u011bchto produkt\u016f zhor\u0161uje schopnost \u0159\u00eddit a obsluhovat stroje. Pou\u017e\u00edvejte maxim\u00e1ln\u00ed opatrnost.<\/p>\n<p>&nbsp;<\/p>","protected":false},"excerpt":{"rendered":"<p><strong>Cali Bud Sweet and Sour Odr\u016fda<\/strong><br \/> Vzhledem k jej\u00edmu slu\u0161n\u00e9mu kanabinoidn\u00edmu profilu jsou psychoaktivn\u00ed \u00fa\u010dinky Sweet and Sour Widow jemn\u00e9. Tato odr\u016fda je vhodn\u00e1 pro za\u010d\u00e1te\u010dn\u00edky a pacienty, kte\u0159\u00ed cht\u011bj\u00ed u\u017e\u00edvat bez zmaten\u00e9 mysli. Prepared Widow poch\u00e1z\u00ed z genetiky White Widow a anonymn\u00ed Sativy, kter\u00e1 dopl\u0148uje jej\u00ed CBD profil.<\/p>","protected":false},"featured_media":1703,"comment_status":"closed","ping_status":"closed","template":"","meta":{"_uag_custom_page_level_css":"","site-sidebar-layout":"default","site-content-layout":"","ast-site-content-layout":"","site-content-style":"default","site-sidebar-style":"default","ast-global-header-display":"","ast-banner-title-visibility":"","ast-main-header-display":"","ast-hfb-above-header-display":"","ast-hfb-below-header-display":"","ast-hfb-mobile-header-display":"","site-post-title":"","ast-breadcrumbs-content":"","ast-featured-img":"","footer-sml-layout":"","theme-transparent-header-meta":"","adv-header-id-meta":"","stick-header-meta":"","header-above-stick-meta":"","header-main-stick-meta":"","header-below-stick-meta":"","astra-migrate-meta-layouts":"default","ast-page-background-enabled":"default","ast-page-background-meta":{"desktop":{"background-color":"var(--ast-global-color-4)","background-image":"","background-repeat":"repeat","background-position":"center center","background-size":"auto","background-attachment":"scroll","background-type":"","background-media":"","overlay-type":"","overlay-color":"","overlay-opacity":"","overlay-gradient":""},"tablet":{"background-color":"","background-image":"","background-repeat":"repeat","background-position":"center center","background-size":"auto","background-attachment":"scroll","background-type":"","background-media":"","overlay-type":"","overlay-color":"","overlay-opacity":"","overlay-gradient":""},"mobile":{"background-color":"","background-image":"","background-repeat":"repeat","background-position":"center center","background-size":"auto","background-attachment":"scroll","background-type":"","background-media":"","overlay-type":"","overlay-color":"","overlay-opacity":"","overlay-gradient":""}},"ast-content-background-meta":{"desktop":{"background-color":"var(--ast-global-color-5)","background-image":"","background-repeat":"repeat","background-position":"center center","background-size":"auto","background-attachment":"scroll","background-type":"","background-media":"","overlay-type":"","overlay-color":"","overlay-opacity":"","overlay-gradient":""},"tablet":{"background-color":"var(--ast-global-color-5)","background-image":"","background-repeat":"repeat","background-position":"center center","background-size":"auto","background-attachment":"scroll","background-type":"","background-media":"","overlay-type":"","overlay-color":"","overlay-opacity":"","overlay-gradient":""},"mobile":{"background-color":"var(--ast-global-color-5)","background-image":"","background-repeat":"repeat","background-position":"center center","background-size":"auto","background-attachment":"scroll","background-type":"","background-media":"","overlay-type":"","overlay-color":"","overlay-opacity":"","overlay-gradient":""}}},"product_brand":[],"product_cat":[675],"product_tag":[489,491,558,506,559,508,509,510,531,481,472,560,561,562,514,515,516,517,518,535,536,462,537,563,564,467,501,523,565,566,567,568,569,503],"class_list":{"0":"post-1784","1":"product","2":"type-product","3":"status-publish","4":"has-post-thumbnail","6":"product_cat-buy-cali-buds","7":"product_tag-best-cali-packs","8":"product_tag-buy-cali-bud-or-no-bud-online","9":"product_tag-buy-cali-bud-or-no-bud-sweet-and-sour-online","10":"product_tag-buy-cali-buds","11":"product_tag-buy-sweet-and-sour-cali-bud-or-no-bud-online","12":"product_tag-buy-weed-online","13":"product_tag-by-the-best-cali-buds","14":"product_tag-cali-bags","15":"product_tag-cali-bud","16":"product_tag-cali-bud-or-no-bud-for-sale","17":"product_tag-cali-bud-or-no-bud-near-me","18":"product_tag-cali-bud-or-no-bud-sweet-and-sour","19":"product_tag-cali-bud-or-no-bud-sweet-and-sour-for-sale","20":"product_tag-cali-bud-or-no-bud-sweet-and-sour-near-me","21":"product_tag-cali-bud-packs","22":"product_tag-cali-buds-online","23":"product_tag-cali-flavors","24":"product_tag-cali-flavours","25":"product_tag-cali-gush-lato","26":"product_tag-cali-plug-bud","27":"product_tag-cali-plug-buds","28":"product_tag-cali-plug-cali-bud-or-no-bud","29":"product_tag-cali-plug-strains","30":"product_tag-cali-sweet-and-sour","31":"product_tag-cali-sweet-and-sour-strain","32":"product_tag-hardball-cookies","33":"product_tag-marshmallow-strain","34":"product_tag-order-weed-online","35":"product_tag-sweet-and-sour-cali-bud-or-no-bud","36":"product_tag-sweet-and-sour-cali-bud-or-no-bud-for-sale","37":"product_tag-sweet-and-sour-cali-bud-or-no-bud-near-me","38":"product_tag-sweet-and-sour-strain","39":"product_tag-sweet-and-sour-weed-strain","40":"product_tag-top-cali-bud-packs","41":"desktop-align-center","42":"tablet-align-left","43":"mobile-align-left","45":"first","46":"instock","47":"shipping-taxable","48":"purchasable","49":"product-type-variable"},"uagb_featured_image_src":{"full":["https:\/\/caliweedeurope.com\/wp-content\/uploads\/2024\/11\/1-e1579244057102.jpeg",900,1200,false],"thumbnail":["https:\/\/caliweedeurope.com\/wp-content\/uploads\/2024\/11\/1-e1579244057102-150x150.jpeg",150,150,true],"medium":["https:\/\/caliweedeurope.com\/wp-content\/uploads\/2024\/11\/1-e1579244057102-225x300.jpeg",225,300,true],"medium_large":["https:\/\/caliweedeurope.com\/wp-content\/uploads\/2024\/11\/1-e1579244057102-768x1024.jpeg",768,1024,true],"large":["https:\/\/caliweedeurope.com\/wp-content\/uploads\/2024\/11\/1-e1579244057102-768x1024.jpeg",768,1024,true],"1536x1536":["https:\/\/caliweedeurope.com\/wp-content\/uploads\/2024\/11\/1-e1579244057102.jpeg",900,1200,false],"2048x2048":["https:\/\/caliweedeurope.com\/wp-content\/uploads\/2024\/11\/1-e1579244057102.jpeg",900,1200,false],"trp-custom-language-flag":["https:\/\/caliweedeurope.com\/wp-content\/uploads\/2024\/11\/1-e1579244057102.jpeg",9,12,false],"woocommerce_thumbnail":["https:\/\/caliweedeurope.com\/wp-content\/uploads\/2024\/11\/1-e1579244057102-300x300.jpeg",300,300,true],"woocommerce_single":["https:\/\/caliweedeurope.com\/wp-content\/uploads\/2024\/11\/1-e1579244057102-600x800.jpeg",600,800,true],"woocommerce_gallery_thumbnail":["https:\/\/caliweedeurope.com\/wp-content\/uploads\/2024\/11\/1-e1579244057102-100x100.jpeg",100,100,true]},"uagb_author_info":{"display_name":"jetskiforsaleuk@gmail.com","author_link":"https:\/\/caliweedeurope.com\/cs\/author\/"},"uagb_comment_info":0,"uagb_excerpt":"Cali bud Sweet and Sour Strain. In view of its decent cannabinoid profile. Sweet and Sour Widow\u2019s psychoactive impacts are mellow. Making this strain appropriate for beginner purchasers and patients expecting to sedate without a foggy head. Prepared Widow is gotten from White Widow hereditary qualities and an anonymous Sativa-half complement to its CBD profile.","_links":{"self":[{"href":"https:\/\/caliweedeurope.com\/cs\/wp-json\/wp\/v2\/product\/1784"}],"collection":[{"href":"https:\/\/caliweedeurope.com\/cs\/wp-json\/wp\/v2\/product"}],"about":[{"href":"https:\/\/caliweedeurope.com\/cs\/wp-json\/wp\/v2\/types\/product"}],"replies":[{"embeddable":true,"href":"https:\/\/caliweedeurope.com\/cs\/wp-json\/wp\/v2\/comments?post=1784"}],"wp:featuredmedia":[{"embeddable":true,"href":"https:\/\/caliweedeurope.com\/cs\/wp-json\/wp\/v2\/media\/1703"}],"wp:attachment":[{"href":"https:\/\/caliweedeurope.com\/cs\/wp-json\/wp\/v2\/media?parent=1784"}],"wp:term":[{"taxonomy":"product_brand","embeddable":true,"href":"https:\/\/caliweedeurope.com\/cs\/wp-json\/wp\/v2\/product_brand?post=1784"},{"taxonomy":"product_cat","embeddable":true,"href":"https:\/\/caliweedeurope.com\/cs\/wp-json\/wp\/v2\/product_cat?post=1784"},{"taxonomy":"product_tag","embeddable":true,"href":"https:\/\/caliweedeurope.com\/cs\/wp-json\/wp\/v2\/product_tag?post=1784"}],"curies":[{"name":"wp","href":"https:\/\/api.w.org\/{rel}","templated":true}]}}