{"id":1790,"date":"2024-11-05T18:39:20","date_gmt":"2024-11-05T18:39:20","guid":{"rendered":"https:\/\/caliweedeurope.com\/?post_type=product&#038;p=1790"},"modified":"2024-11-05T18:39:26","modified_gmt":"2024-11-05T18:39:26","slug":"buy-cali-bud-zkittles-strain-online","status":"publish","type":"product","link":"https:\/\/caliweedeurope.com\/cs\/product\/buy-cali-bud-zkittles-strain-online\/","title":{"rendered":"Buy Cali Bud Zkittles Strain Online"},"content":{"rendered":"<h1 style=\"text-align: center\"><strong>ZKITTLES <\/strong><strong>CALI BUD OR NO BUD\u00a0|<\/strong><strong>\u00a0CALI BUD OR NO BUD\u00a0<\/strong><strong>ZKITTLES <\/strong><strong>|<\/strong><strong>\u00a0CALI PLUG CALI BUD OR NO BUD<\/strong><\/h1>\n<p><strong>Cali Bud Zkittles Strain<\/strong><\/p>\n<p>Zkittlez, zn\u00e1m\u00fd tak\u00e9 jako \"Skittles\", \"Skittlz\" a \"Island Skittles\", je Indica odr\u016fda marihuany vy\u0161lecht\u011bn\u00e1 z mixu Grape Ape a Grapefruit, kter\u00e1 byla zk\u0159\u00ed\u017eena s jinou nezve\u0159ejn\u011bnou odr\u016fdou. Tato sladk\u00e1 odr\u016fda byla vy\u0161lecht\u011bna 3rd Gen Family a Terp Hogz.<\/p>\n<p class=\"translation-block\"><b>Zkittlez<\/b>, tak\u00e9 zn\u00e1m\u00fd jako \u201eSkittles\u201c, \u201eSkittlz\u201c a \u201eIsland Skittles\u201c, je <a href=\"https:\/\/www.leafly.com\/strains\/lists\/category\/indica\" target=\"_blank\" rel=\"noopener\">indica<\/a> marihuanov\u00e1 odr\u016fda, kter\u00e1 byla vy\u0161lecht\u011bna k\u0159\u00ed\u017een\u00edm Grape Ape a Grapefruit, p\u0159i\u010dem\u017e byla zk\u0159\u00ed\u017eena s dal\u0161\u00ed neodhalenou odr\u016fdou. Tato sladk\u00e1 odr\u016fda byla vy\u0161lecht\u011bna 3rd Gen Family a Terp Hogz. Zkittlez vyhr\u00e1l 1. m\u00edsto na Emerald Cup 2016 a um\u00edstil se na n\u011bkolika Cannabis Cups v San Franciscu a Michiganu. Tato odr\u016fda m\u00e1 masivn\u00ed colas, kter\u00e9 exploduj\u00ed v spektru sv\u011btle zelen\u00fdch odst\u00edn\u016f a uvol\u0148uj\u00ed sladkou tropickou sm\u011bs ovocn\u00fdch chut\u00ed. \u00da\u010dinky Zkittlez jsou uklid\u0148uj\u00edc\u00ed, zanech\u00e1vaj\u00edc\u00ed u\u017eivatele soust\u0159ed\u011bn\u00e9, pozorn\u00e9 a \u0161\u0165astn\u00e9, zat\u00edmco relaxuj\u00ed t\u011blo a pom\u00e1haj\u00ed uvolnit se kdykoliv b\u011bhem dne.<\/p>\n<p>Zkittlez je st\u00e1le popul\u00e1rn\u011bj\u0161\u00ed odr\u016fda, kterou stoj\u00ed za to koupit, kdy\u017e ji najdete na polic\u00edch v dispens\u00e1\u0159\u00edch. Je p\u0159\u00edjemn\u00e1 jak k samostatn\u00e9mu po\u017eit\u00ed, tak p\u0159i sd\u00edlen\u00ed s p\u0159\u00e1teli se stejn\u00fdmi z\u00e1jmy.<\/p>\n<p>Zkittlez m\u016f\u017ee m\u00edt tak\u00e9 n\u011bkolik r\u016fzn\u00fdch vyu\u017eit\u00ed pro pacienty s l\u00e9ka\u0159sk\u00fdm kanabisem. Po\u010d\u00e1te\u010dn\u00ed ment\u00e1ln\u00ed \u00fa\u010dinky t\u00e9to odr\u016fdy mohou pomoci p\u0159i soust\u0159ed\u011bn\u00ed u lid\u00ed s poruchami pozornosti. Jakmile p\u0159ich\u00e1z\u00ed t\u011blesn\u00fd \u00fa\u010dinek, m\u016f\u017ee do\u010dasn\u011b zm\u00edrnit p\u0159\u00edznaky stresu, deprese a \u00fazkosti. Fyzick\u00e9 v\u00fdhody zahrnuj\u00ed \u00falevu od chronick\u00e9 bolesti i drobn\u00fdch ka\u017edodenn\u00edch podr\u00e1\u017ed\u011bn\u00ed. Zkittlez m\u016f\u017ee tak\u00e9 zp\u016fsobit n\u00e1r\u016fst chuti k j\u00eddlu, co\u017e pom\u00e1h\u00e1 t\u011bm, kte\u0159\u00ed ztratili hlad.<\/p>\n<h2 style=\"text-align: center\"><strong>\u00a0BUY\u00a0<\/strong><strong>ZKITTLES\u00a0<\/strong><strong>\u00a0CALI BUD OR NO BUD\u00a0 ONLINE | BUY CALI BUD OR NO BUD\u00a0<\/strong><strong>ZKITTLES\u00a0<\/strong><strong>ONLINE | BUY CALI BUD OR NO BUD ONLINE<\/strong><\/h2>\n<p><strong>Ceny odr\u016fdy Cali Bud Zkittles<\/strong><\/p>\n<p>Zkittlez vyhr\u00e1l 1. m\u00edsto na Emerald Cup 2016 a um\u00edstil se na p\u0159edn\u00edch p\u0159\u00ed\u010dk\u00e1ch v n\u011bkolika Cannabis Cup v San Francisku a Michiganu. Tato odr\u016fda m\u00e1 robustn\u00ed koly, kter\u00e9 exploduj\u00ed v spektru sv\u011btle zelen\u00fdch odst\u00edn\u016f a vyza\u0159uj\u00ed sladkou tropickou sm\u011bs ovocn\u00fdch chut\u00ed.<\/p>\n<p>Indica Dominant Hybrid <span class=\"hidden-xs\" style=\"color: #333333;font-size: 14.4px\">\u2013\u00a0<\/span><span class=\"strain-percentages\" style=\"color: #333333;font-size: 14.4px\">70% Indica \/ 30% Sativa<\/span><\/p>\n<div class=\"variety-percentage-wrap\">\n<h4 class=\"percentage\"><span class=\"heading\">THC:\u00a0<\/span>13% \u2013 15%<\/h4>\n<\/p><\/div>\n<p>Zkittlez vyhr\u00e1l 1. m\u00edsto na Emerald Cup 2016 a um\u00edstil se na p\u0159edn\u00edch p\u0159\u00ed\u010dk\u00e1ch v n\u011bkolika Cannabis Cup v San Francisku a Michiganu. Tato odr\u016fda m\u00e1 robustn\u00ed koly, kter\u00e9 exploduj\u00ed v spektru sv\u011btle zelen\u00fdch odst\u00edn\u016f a vyza\u0159uj\u00ed sladkou tropickou sm\u011bs ovocn\u00fdch chut\u00ed.<\/p>\n<h3 style=\"text-align: center\"><strong>ZKITTLES\u00a0<\/strong><strong>CALI BUD OR NO BUD FOR SALE | CALI BUD OR NO BUD <\/strong><strong>ZKITTLES\u00a0<\/strong><strong>FOR SALE | CALI BUD OR NO BUD\u00a0 FOR SALE<\/strong><\/h3>\n<p><strong>Kupte Cali Bud Zkittles odr\u016fdu online<\/strong><\/p>\n<p>Zkittlez je stejn\u011b l\u00e1kav\u00fd jako jeho chu\u0165, p\u0159esto je relativn\u011b m\u00edrn\u00fd svou povahou. Za\u010d\u00edn\u00e1 povzbudiv\u00fdm \u00fa\u010dinkem na hlavu, kter\u00fd v\u00e1s nech\u00e1v\u00e1 euforick\u00e9 a kreativn\u011b inspirovan\u00e9, ani\u017e byste c\u00edtili \u00fazkost nebo byli p\u0159et\u00ed\u017eeni. Tento \u00fa\u010dinek je doprov\u00e1zen uvol\u0148uj\u00edc\u00edm t\u011blesn\u00fdm opojen\u00edm, kter\u00e9 se pomalu \u0161\u00ed\u0159\u00ed po cel\u00e9m t\u011ble a\u017e k prst\u016fm, co\u017e v\u00e1s nech\u00e1v\u00e1 naprosto klidn\u00e9 a bez bolesti, ani\u017e by omezovalo va\u0161e pohyby. M\u00edrn\u00fd ospal\u00fd \u00fa\u010dinek v\u00e1s p\u0159epadne p\u0159i sestupu, ale neusp\u00ed v\u00e1s.<\/p>\n<p class=\"translation-block\">A\u010dkoli Zkittlez p\u016fsob\u00ed pom\u011brn\u011b rychle, jeho \u00fa\u010dinky zam\u011b\u0159en\u00e9 na hlavu b\u00fdvaj\u00ed jemn\u00e9. Zpo\u010d\u00e1tku se m\u016f\u017ee objevit m\u00edrn\u00fd tlak kolem o\u010d\u00ed a sp\u00e1nk\u016f. Jak se ku\u0159\u00e1ci na tento pocit zvykaj\u00ed, za\u010dnou si v\u00edce v\u0161\u00edmat vlivu odr\u016fdy na jejich smyslov\u00e9 vn\u00edm\u00e1n\u00ed. \u010cast\u00e9 jsou podivn\u00e9 z\u00e1\u017eitky, jako jsou vizu\u00e1ln\u00ed a sluchov\u00e9 zkreslen\u00ed, stejn\u011b jako podivn\u00fd pocit, \u017ee \u010das plyne pomaleji. Tyto psychedelick\u00e9 \u00fa\u010dinky mohou b\u00fdt zes\u00edleny atmosf\u00e9rick\u00fdmi vylep\u0161en\u00edmi, zejm\u00e9na n\u00e1ladovou hudbou nebo vizu\u00e1ln\u011b poutav\u00fdm televizn\u00edm po\u0159adem.<\/p>\n<h4 style=\"text-align: center\"><strong>CALI BUD OR NO BUD \u00a0<\/strong><strong>ZKITTLES <\/strong><strong>NEAR ME |\u00a0<\/strong><strong>ZKITTLES<\/strong><strong> CALI BUD OR NO BUD NEAR ME | CALI BUD OR NO BUD \u00a0NEAR ME<\/strong><\/h4>\n<h5><strong style=\"color: #555555;font-size: 14.4px\">Pocity<\/strong><\/h5>\n<p><strong>\u0160\u0165astn\u00fd<\/strong><br \/> 49 % lid\u00ed uv\u00e1d\u00ed, \u017ee se c\u00edt\u00ed \u0161\u0165astn\u00ed<br \/> <strong>Uvoln\u011bn\u00fd<\/strong><br \/> 44 % lid\u00ed uv\u00e1d\u00ed, \u017ee se c\u00edt\u00ed uvoln\u011bn<br \/> <strong>Vzru\u0161en\u00fd<\/strong><br \/> 16 % lid\u00ed uv\u00e1d\u00ed, \u017ee se c\u00edt\u00ed vzru\u0161en\u00ed<br \/> <strong>Negativa<\/strong><br \/> <strong>Sucho v \u00fastech<\/strong><br \/> 12% of people report feeling dry mouth<br \/> <strong>Such\u00e9 o\u010di<\/strong><br \/> 10 % des personnes d\u00e9clarent avoir les yeux secs<br \/> <strong>Z\u00e1vra\u0165<\/strong><br \/> 5% lid\u00ed uv\u00e1d\u00ed, \u017ee maj\u00ed z\u00e1vrat\u011b<\/p>\n<p>Koup\u00edte bal\u00ed\u010dky Cali weed online a z\u00edsk\u00e1te dopravu zdarma pro objedn\u00e1vky nad 500. The Cali Plug je v\u00e1\u0161 hlavn\u00ed dodavatel s t\u011bmito vysoce kvalitn\u00edmi Cali bud chut\u011bmi.<\/p>\n<p>Zkittlez, n\u011bkdy tak\u00e9 psan\u00fd jako Skittlez nebo jednodu\u0161e Skittles, je hybridn\u00ed odr\u016fda s p\u0159evahou indiky, kter\u00e1 vybuchuje ovocnou chut\u00ed. Byla vytvo\u0159ena kalifornskou skupinou Dying Breed Seeds a poch\u00e1z\u00ed z ovocn\u00e9 indiky Grape Ape a pikantn\u00ed sativy Grapefruit. Skittles kombinuje ment\u00e1ln\u00ed a fyzick\u00e9 \u00fa\u010dinky obou rodi\u010dovsk\u00fdch odr\u016fd a p\u0159in\u00e1\u0161\u00ed hladk\u00fd, mnohovrstevn\u00fd z\u00e1\u017eitek. Obsah THC v Zkittlez se pohybuje mezi 15 % a 23 %.<\/p>\n<h5 style=\"text-align: center\"><strong>ZKITTLES\u00a0<\/strong><strong> STRAIN | <\/strong><strong>ZKITTLES <\/strong><strong>WEED STRAIN | CALI\u00a0<\/strong><strong>ZKITTLES <\/strong><strong>| CALI\u00a0<\/strong><strong>ZKITTLES<\/strong><strong>\u00a0STRAIN<\/strong><\/h5>\n<p><strong>Varov\u00e1n\u00ed Cali Bud Zkittles<\/strong><\/p>\n<p>Tento produkt obsahuje cannabis, regulovanou l\u00e1tku. Uchov\u00e1vejte mimo dosah d\u011bt\u00ed a zv\u00ed\u0159at. Produkty s cannabisem mohou vlastnit nebo konzumovat pouze osoby star\u0161\u00ed 21 let, pokud nejsou kvalifikovan\u00fdm pacientem. Otravy zp\u016fsoben\u00e9 produkty s cannabisem mohou trvat a\u017e dv\u011b hodiny. Konzumace tohoto produktu b\u011bhem t\u011bhotenstv\u00ed nebo kojen\u00ed m\u016f\u017ee b\u00fdt \u0161kodliv\u00e1. Konzumace tohoto produktu ovliv\u0148uje va\u0161i schopnost \u0159\u00eddit nebo obsluhovat stroje. Pou\u017e\u00edvejte s maxim\u00e1ln\u00ed opatrnost\u00ed.<\/p>\n<p>Stejn\u011b jako jeho jmenovec, tato odr\u016fda v\u00e1m nab\u00edz\u00ed mo\u017enost ochutnat duhu \u2013 ale jak se ukazuje, Zkittlez v\u00e1m tak\u00e9 umo\u017en\u00ed vid\u011bt duhu. V z\u00e1vislosti na fenotypu se tlust\u00e9 a masivn\u00ed kv\u011bty rostliny objevuj\u00ed v r\u016fzn\u00fdch odst\u00ednech zelen\u00e9 a fialov\u00e9, s \u017eiv\u00fdmi oran\u017eov\u00fdmi chloupky (nebo pest\u00edky) rozpt\u00fdlen\u00fdmi po cel\u00e9m. N\u00e1padn\u00e9 fialov\u00e9 t\u00f3ny jsou v\u00fdsledkem vysok\u00fdch koncentrac\u00ed anthocyaninov\u00fdch pigment\u016f. O\u0159ezan\u00e9 kv\u011bty maj\u00ed charakteristickou indica strukturu, pevn\u011b a hust\u011b sbalen\u00e9, s men\u0161\u00edmi listy. Nakonec vrstva ml\u00e9\u010dn\u011b b\u00edl\u00fdch trichom\u016f zaji\u0161\u0165uje jak lepkavost, tak psychoaktivitu.<\/p>\n<div data-testid=\"product-description\">\n<div class=\"truncate-lines__Wrapper-sc-1lknwty-0 YxHAC\">\n<div data-testid=\"truncated-description\">\n<div>\n<div class=\"text__Text-sc-fif1uk-0 kdmKRD\">\n<div class=\"src__Box-sc-1sbtrzs-0 src__Flex-sc-1sbtrzs-1 kWPFqZ hzdsvF\">\n<div>UK\u00c1ZKOV\u00c9 KATEGORIE PRODUKT\u016e<\/div>\n<\/p><\/div>\n<\/p><\/div>\n<\/p><\/div>\n<\/p><\/div>\n<\/p><\/div>\n<\/p><\/div>\n<div class=\"text__Text-sc-fif1uk-0 htoJfX\"><a href=\"https:\/\/jeetersofficial.com\/product-category\/buy-cali-buds\/\" target=\"_blank\" rel=\"noopener\">CALI BUDS<\/a><\/div>\n<div data-testid=\"product-description\">\n<div class=\"truncate-lines__Wrapper-sc-1lknwty-0 YxHAC\">\n<div data-testid=\"truncated-description\">\n<div class=\"text__Text-sc-fif1uk-0 kdmKRD\"><a href=\"https:\/\/jeetersofficial.com\/product-category\/backpack-boyz\/\" target=\"_blank\" rel=\"noopener\">Backpack\u00a0 Boyz<\/a><\/div>\n<div><a href=\"https:\/\/jeetersofficial.com\/product-category\/snow-balls-weed\/\" target=\"_blank\" rel=\"noopener\">SNOWBALLS WEED<\/a><\/div>\n<div><a href=\"https:\/\/jeetersofficial.com\/product-category\/persy-snowcaps\/\" target=\"_blank\" rel=\"noopener\">Persy Snowcaps<\/a><\/div>\n<div><a href=\"https:\/\/jeetersofficial.com\/product-category\/drip-snowcaps\/\" target=\"_blank\" rel=\"noopener\">Drip Snowcaps<\/a><\/div>\n<div><a href=\"https:\/\/jeetersofficial.com\/product-category\/concentrates\/\" target=\"_blank\" rel=\"noopener\">CALI CONCENTRATES<\/a><\/div>\n<div><a href=\"https:\/\/jeetersofficial.com\/product-category\/doja-exclusive\/\" target=\"_blank\" rel=\"noopener\">CALI DOJA PACKS EXCLUSIVE<\/a><\/div>\n<div><a href=\"https:\/\/jeetersofficial.com\/product-category\/marijuana-flowers\/\" target=\"_blank\" rel=\"noopener\">CALI MARIJUANA FLOWERS<\/a><\/div>\n<\/p><\/div>\n<\/p><\/div>\n<\/p><\/div>\n<div><a href=\"https:\/\/jeetersofficial.com\/product-category\/sativa-strain\/\" target=\"_blank\" rel=\"noopener\">CALI SATIVA STRAINS<\/a><\/div>\n<div><a href=\"https:\/\/jeetersofficial.com\/product-category\/indica\/\" target=\"_blank\" rel=\"noopener\">CALI INDICA STRAINS<\/a><\/div>\n<div><a href=\"https:\/\/jeetersofficial.com\/product-category\/hybrid-weed\/\" target=\"_blank\" rel=\"noopener\">CALI HYBRID WEED<\/a><\/div>","protected":false},"excerpt":{"rendered":"<p><strong>Cali Bud Zkittles Strain<\/strong><\/p>\n<p>Zkittlez, zn\u00e1m\u00fd tak\u00e9 jako \"Skittles\", \"Skittlz\" a \"Island Skittles\", je Indica odr\u016fda marihuany vy\u0161lecht\u011bn\u00e1 z mixu Grape Ape a Grapefruit, kter\u00e1 byla zk\u0159\u00ed\u017eena s jinou nezve\u0159ejn\u011bnou odr\u016fdou. Tato sladk\u00e1 odr\u016fda byla vy\u0161lecht\u011bna 3rd Gen Family a Terp Hogz.<\/p>\n<p><strong>Ceny odr\u016fdy Cali Bud Zkittles<\/strong><\/p>\n<p>Zkittlez vyhr\u00e1l 1. m\u00edsto na Emerald Cup 2016 a um\u00edstil se na p\u0159edn\u00edch p\u0159\u00ed\u010dk\u00e1ch v n\u011bkolika Cannabis Cup v San Francisku a Michiganu. Tato odr\u016fda m\u00e1 robustn\u00ed koly, kter\u00e9 exploduj\u00ed v spektru sv\u011btle zelen\u00fdch odst\u00edn\u016f a vyza\u0159uj\u00ed sladkou tropickou sm\u011bs ovocn\u00fdch chut\u00ed.<\/p>","protected":false},"featured_media":1803,"comment_status":"closed","ping_status":"closed","template":"","meta":{"_uag_custom_page_level_css":"","site-sidebar-layout":"default","site-content-layout":"","ast-site-content-layout":"","site-content-style":"default","site-sidebar-style":"default","ast-global-header-display":"","ast-banner-title-visibility":"","ast-main-header-display":"","ast-hfb-above-header-display":"","ast-hfb-below-header-display":"","ast-hfb-mobile-header-display":"","site-post-title":"","ast-breadcrumbs-content":"","ast-featured-img":"","footer-sml-layout":"","theme-transparent-header-meta":"","adv-header-id-meta":"","stick-header-meta":"","header-above-stick-meta":"","header-main-stick-meta":"","header-below-stick-meta":"","astra-migrate-meta-layouts":"default","ast-page-background-enabled":"default","ast-page-background-meta":{"desktop":{"background-color":"var(--ast-global-color-4)","background-image":"","background-repeat":"repeat","background-position":"center center","background-size":"auto","background-attachment":"scroll","background-type":"","background-media":"","overlay-type":"","overlay-color":"","overlay-opacity":"","overlay-gradient":""},"tablet":{"background-color":"","background-image":"","background-repeat":"repeat","background-position":"center center","background-size":"auto","background-attachment":"scroll","background-type":"","background-media":"","overlay-type":"","overlay-color":"","overlay-opacity":"","overlay-gradient":""},"mobile":{"background-color":"","background-image":"","background-repeat":"repeat","background-position":"center center","background-size":"auto","background-attachment":"scroll","background-type":"","background-media":"","overlay-type":"","overlay-color":"","overlay-opacity":"","overlay-gradient":""}},"ast-content-background-meta":{"desktop":{"background-color":"var(--ast-global-color-5)","background-image":"","background-repeat":"repeat","background-position":"center center","background-size":"auto","background-attachment":"scroll","background-type":"","background-media":"","overlay-type":"","overlay-color":"","overlay-opacity":"","overlay-gradient":""},"tablet":{"background-color":"var(--ast-global-color-5)","background-image":"","background-repeat":"repeat","background-position":"center center","background-size":"auto","background-attachment":"scroll","background-type":"","background-media":"","overlay-type":"","overlay-color":"","overlay-opacity":"","overlay-gradient":""},"mobile":{"background-color":"var(--ast-global-color-5)","background-image":"","background-repeat":"repeat","background-position":"center center","background-size":"auto","background-attachment":"scroll","background-type":"","background-media":"","overlay-type":"","overlay-color":"","overlay-opacity":"","overlay-gradient":""}}},"product_brand":[],"product_cat":[675],"product_tag":[491,688,689,481,472,690,691,692,693,694,695,696],"class_list":{"0":"post-1790","1":"product","2":"type-product","3":"status-publish","4":"has-post-thumbnail","6":"product_cat-buy-cali-buds","7":"product_tag-buy-cali-bud-or-no-bud-online","8":"product_tag-buy-cali-bud-or-no-bud-zkittles-online","9":"product_tag-buy-zkittles-cali-bud-or-no-bud-online","10":"product_tag-cali-bud-or-no-bud-for-sale","11":"product_tag-cali-bud-or-no-bud-near-me","12":"product_tag-cali-bud-or-no-bud-zkittles","13":"product_tag-cali-bud-or-no-bud-zkittles-for-sale","14":"product_tag-cali-bud-or-no-bud-zkittles-near-me","15":"product_tag-zkittles-cali-bud-or-no-bud-for-sale","16":"product_tag-zkittles-cali-bud-or-no-bud-near-me","17":"product_tag-zkittles-strain","18":"product_tag-zkittles-weed-strain","19":"desktop-align-center","20":"tablet-align-left","21":"mobile-align-left","23":"first","24":"instock","25":"shipping-taxable","26":"purchasable","27":"product-type-variable"},"uagb_featured_image_src":{"full":["https:\/\/caliweedeurope.com\/wp-content\/uploads\/2024\/11\/fullsizeout.jpeg",600,783,false],"thumbnail":["https:\/\/caliweedeurope.com\/wp-content\/uploads\/2024\/11\/fullsizeout-150x150.jpeg",150,150,true],"medium":["https:\/\/caliweedeurope.com\/wp-content\/uploads\/2024\/11\/fullsizeout-230x300.jpeg",230,300,true],"medium_large":["https:\/\/caliweedeurope.com\/wp-content\/uploads\/2024\/11\/fullsizeout.jpeg",600,783,false],"large":["https:\/\/caliweedeurope.com\/wp-content\/uploads\/2024\/11\/fullsizeout.jpeg",600,783,false],"1536x1536":["https:\/\/caliweedeurope.com\/wp-content\/uploads\/2024\/11\/fullsizeout.jpeg",600,783,false],"2048x2048":["https:\/\/caliweedeurope.com\/wp-content\/uploads\/2024\/11\/fullsizeout.jpeg",600,783,false],"trp-custom-language-flag":["https:\/\/caliweedeurope.com\/wp-content\/uploads\/2024\/11\/fullsizeout.jpeg",9,12,false],"woocommerce_thumbnail":["https:\/\/caliweedeurope.com\/wp-content\/uploads\/2024\/11\/fullsizeout-300x300.jpeg",300,300,true],"woocommerce_single":["https:\/\/caliweedeurope.com\/wp-content\/uploads\/2024\/11\/fullsizeout.jpeg",600,783,false],"woocommerce_gallery_thumbnail":["https:\/\/caliweedeurope.com\/wp-content\/uploads\/2024\/11\/fullsizeout-100x100.jpeg",100,100,true]},"uagb_author_info":{"display_name":"jetskiforsaleuk@gmail.com","author_link":"https:\/\/caliweedeurope.com\/cs\/author\/"},"uagb_comment_info":0,"uagb_excerpt":"Cali Bud Zkittles Strain Zkittlez, also known as \u201cSkittles,\u201d \u201cSkittlz,\u201d and \u201cIsland Skittles\u201d is an Indica marijuana strain bred from a mix of Grape Ape and Grapefruit that is crossed with another undisclosed strain. This candy-flavored strain was bred by 3rd Gen Family and Terp Hogz. Cali Bud Zkittles Strain Awards Zkittlez won 1st Place&hellip;","_links":{"self":[{"href":"https:\/\/caliweedeurope.com\/cs\/wp-json\/wp\/v2\/product\/1790"}],"collection":[{"href":"https:\/\/caliweedeurope.com\/cs\/wp-json\/wp\/v2\/product"}],"about":[{"href":"https:\/\/caliweedeurope.com\/cs\/wp-json\/wp\/v2\/types\/product"}],"replies":[{"embeddable":true,"href":"https:\/\/caliweedeurope.com\/cs\/wp-json\/wp\/v2\/comments?post=1790"}],"wp:featuredmedia":[{"embeddable":true,"href":"https:\/\/caliweedeurope.com\/cs\/wp-json\/wp\/v2\/media\/1803"}],"wp:attachment":[{"href":"https:\/\/caliweedeurope.com\/cs\/wp-json\/wp\/v2\/media?parent=1790"}],"wp:term":[{"taxonomy":"product_brand","embeddable":true,"href":"https:\/\/caliweedeurope.com\/cs\/wp-json\/wp\/v2\/product_brand?post=1790"},{"taxonomy":"product_cat","embeddable":true,"href":"https:\/\/caliweedeurope.com\/cs\/wp-json\/wp\/v2\/product_cat?post=1790"},{"taxonomy":"product_tag","embeddable":true,"href":"https:\/\/caliweedeurope.com\/cs\/wp-json\/wp\/v2\/product_tag?post=1790"}],"curies":[{"name":"wp","href":"https:\/\/api.w.org\/{rel}","templated":true}]}}