{"id":1796,"date":"2024-11-05T18:39:20","date_gmt":"2024-11-05T18:39:20","guid":{"rendered":"https:\/\/caliweedeurope.com\/?post_type=product&#038;p=1796"},"modified":"2024-11-05T18:39:26","modified_gmt":"2024-11-05T18:39:26","slug":"buy-cali-bud-gas-strain-online","status":"publish","type":"product","link":"https:\/\/caliweedeurope.com\/cs\/product\/buy-cali-bud-gas-strain-online\/","title":{"rendered":"Koupit Cali Bud Gas Strain online"},"content":{"rendered":"<h1 style=\"text-align: center\"><strong>\u00a0 \u00a0 \u00a0<\/strong><strong>GAS <\/strong><strong>CALI BUD OR NO BUD\u00a0|<\/strong><strong>\u00a0CALI BUD OR NO BUD\u00a0<\/strong><strong>GAS <\/strong><strong>|<\/strong><strong>\u00a0CALI PLUG CALI BUD OR NO BUD<\/strong><\/h1>\n<p><strong>Koupit Cali Gas Strain<\/strong><br \/> Kupte Cali Gas cannabis bud strain online. Nejlep\u0161\u00ed indoor cannabisov\u00e9 odr\u016fdy.<\/p>\n<p><b>All Gas OG<\/b>tak\u00e9 zn\u00e1m\u00fd jako 'Gas' nebo 'Asphalt Plant', je to\u00a0<a href=\"https:\/\/www.leafly.com\/strains\/lists\/category\/indica\" target=\"_blank\" rel=\"noopener\">indica weed strain<\/a>\u00a0vytvo\u0159eno k\u0159\u00ed\u017een\u00edm\u00a0<a href=\"https:\/\/www.leafly.com\/strains\/venom-og\" target=\"_blank\" rel=\"noopener\">Venom OG<\/a>\u00a0s Humboldt OG. \u00da\u010dinky All Gas OG jsou sp\u00ed\u0161e uklid\u0148uj\u00edc\u00ed ne\u017e energizuj\u00edc\u00ed. Spot\u0159ebitel\u00e9, kte\u0159\u00ed tuto odr\u016fdu kou\u0159ili, \u0159\u00edkaj\u00ed, \u017ee je to p\u0159ivedlo k pocitu\u00a0<a href=\"https:\/\/www.leafly.com\/strains\/lists\/effect\/hungry\" target=\"_blank\" rel=\"noopener\">hladov\u00fd<\/a>, uvoln\u011bn\u00fd a ospal\u00fd.<\/p>\n<p>Nav\u00edc, pokud jde o chu\u0165, m\u016f\u017eete o\u010dek\u00e1vat hlasit\u00e9 a pronikav\u00e9 t\u00f3ny<a href=\"https:\/\/www.leafly.com\/strains\/lists\/effect\/diesel\" target=\"_blank\" rel=\"noopener\">diesel<\/a>\u00a0a chemik\u00e1lie. All Gas OG m\u00e1 21 % THC, co\u017e tuto odr\u016fdu \u010din\u00ed ide\u00e1ln\u00ed volbou pro zku\u0161en\u00e9 konzumenty konop\u00ed. Podle p\u011bstitel\u016f m\u00e1 tato odr\u016fda pr\u016fm\u011brnou dobu kveten\u00ed 55 dn\u00ed a nejl\u00e9pe roste uvnit\u0159. P\u016fvodn\u00ed \u0161lechtitel All Gas OG je Humboldt Seed Company. Dominantn\u00ed terpen t\u00e9to odr\u016fdy je nezn\u00e1m\u00fd. Odr\u016fdy konop\u00ed podobn\u00e9 Gas OG zahrnuj\u00ed Huckleberry.\u00a0<a href=\"https:\/\/www.leafly.com\/strains\/animal-face\" target=\"_blank\" rel=\"noopener\">zv\u00ed\u0159e<\/a>Face, Monkey Tape a Bubba Doja.<\/p>\n<h2 style=\"text-align: center\"><strong>\u00a0BUY\u00a0<\/strong><strong>GAS\u00a0<\/strong><strong>CALI BUD OR NO BUD\u00a0 ONLINE | BUY CALI BUD OR NO BUD\u00a0<\/strong><strong>GAS\u00a0<\/strong><strong>ONLINE | BUY CALI BUD OR NO BUD ONLINE<\/strong><\/h2>\n<p><strong>Genetika Cali Gas<\/strong><\/p>\n<p>Cali Gas je vlivn\u00fd hybridn\u00ed kmen konop\u00ed s dominanc\u00ed Sativy, k\u0159\u00ed\u017een\u00fd s Grape Ape a Kandy Kush, aby vznikly tyto \u00fa\u017easn\u00e9 <a href=\"https:\/\/caliplugcarts.com\/product\/buy-cali-plug-carts-online\/\" target=\"_blank\" rel=\"noopener\">strains<\/a><\/p>\n<p>Gas je vz\u00e1cn\u00fd kmen s tajemnou genetikou, i kdy\u017e n\u011bkte\u0159\u00ed si mysl\u00ed, \u017ee je to fenotyp OG Kush. \u0158\u00edk\u00e1 se, \u017ee jej vytvo\u0159ilo dnes ji\u017e zanikl\u00e9 kolektivn\u00ed Platinum Clouds. Cali Gas weed.<\/p>\n<p>Nej\u010dast\u011bji uv\u00e1d\u011bn\u00e1 v\u016fn\u011b Gasu je zem\u011b, citrusy a nafta. \u0158\u00edk\u00e1 se, \u017ee chutn\u00e1 po borovici, ko\u0159en\u00ed a citronech.<\/p>\n<div class=\"variety-percentage-wrap\">\n<h4 class=\"variety\">\u00a0Indica<\/h4>\n<h4 class=\"percentage\"><span class=\"heading\">THC:\u00a0<\/span>16% \u2013 19%<\/h4>\n<\/p><\/div>\n<p>Gas je 100% \u010dist\u00fd Indica kmen vytvo\u0159en\u00fd slavn\u00fdm \u0161lechtitelem Loompou na nechvaln\u011b zn\u00e1m\u00fdch farm\u00e1ch Platinum Clouds v San Jose, Kalifornie. Tento siln\u00fd kmen m\u00e1 nezn\u00e1mou genetiku kv\u016fli tajemstv\u00ed \u0161lechtitele, a\u010dkoli se obecn\u011b p\u0159edpokl\u00e1d\u00e1, \u017ee je pravd\u011bpodobn\u011b\u00a0<a href=\"https:\/\/www.allbud.com\/marijuana-strains\/sativa-dominant-hybrid\/og-kush\" target=\"_blank\" rel=\"noopener\">OG Kush<\/a> phenotype.<\/p>\n<p>Tento t\u011blesn\u00fd high v\u00e1s zanech\u00e1 zcela uvoln\u011bn\u00e9ho, bez bolesti a naprosto sedovan\u00e9ho. P\u0159i sestupu upadnete do hlubok\u00e9ho a klidn\u00e9ho, bezbolestn\u00e9ho sp\u00e1nku, kter\u00fd trv\u00e1 hodiny. Cali Gas weed.<\/p>\n<h3 style=\"text-align: center\"><strong style=\"font-size: 20.16px;text-align: center;color: #333333\">GAS <\/strong><strong style=\"font-size: 20.16px;text-align: center;color: #333333\">CALI BUD OR NO BUD FOR SALE | CALI BUD OR NO BUD\u00a0\u00a0<\/strong><strong style=\"font-size: 20.16px;text-align: center;color: #333333\">GAS\u00a0<\/strong><strong style=\"font-size: 20.16px;text-align: center;color: #333333\">FOR SALE | CALI BUD OR NO BUD\u00a0 FOR SALE<\/strong><\/h3>\n<h4><strong style=\"color: #555555\">L\u00e9ka\u0159sk\u00e9 pou\u017eit\u00ed Cali Gas Exotic Buds<\/strong><\/h4>\n<p>Nav\u00edc je tato odr\u016fda nejlep\u0161\u00ed pro pacienty trp\u00edc\u00ed \u00fazkost\u00ed a chronickou bolest\u00ed. Tato odr\u016fda zaru\u010duje okam\u017eitou \u00falevu od bolesti. Jej\u00ed m\u00edrn\u00e9 \u00fa\u010dinky mohou zm\u00edrnit ur\u010dit\u00e9 bolesti a nevolnost. Odr\u016fda m\u016f\u017ee tak\u00e9 pomoci bojovat s p\u0159\u00edznaky PTSD.<\/p>\n<p class=\"about-title\"><strong>O Gas<\/strong><\/p>\n<div class=\"effect-wrapper ng-star-inserted\">\n<div>\n<p>Gas m\u016f\u017ee b\u00fdt neform\u00e1ln\u00ed term\u00edn pou\u017e\u00edvan\u00fd k popisu kvalitn\u00edho konop\u00ed \u2013 podobn\u011b jako \u201eloud\u201c \u2013 Gas je v\u0161ak tak\u00e9 n\u00e1zev alespo\u0148 jedn\u00e9 skute\u010dn\u00e9 odr\u016fdy. Chovatel Loompa z p\u011bst\u00edrny Platinum Clouds v San Jose vytvo\u0159il odr\u016fdu nazvanou Gas, kter\u00e1 je pova\u017eov\u00e1na za odli\u0161n\u00fd fenotyp\u00a0<a href=\"https:\/\/www.wikileaf.com\/strain\/og-kush\/\" target=\"_blank\" rel=\"noopener\">OG Kush<\/a>. Pom\u011brn\u011b pojmenovan\u00e1 podle sv\u00e9ho benzinovit\u00e9ho aroma, m\u00e1 tento kv\u011bt obsah THC mezi 16 % a 21 %.<\/p>\n<\/p><\/div>\n<\/p><\/div>\n<h4 style=\"text-align: center\"><strong>CALI BUD OR NO BUD \u00a0<\/strong><strong>GAS\u00a0<\/strong><strong>\u00a0NEAR ME |\u00a0<\/strong><strong>GAS\u00a0<\/strong><strong>CALI BUD OR NO BUD\u00a0\u00a0 NEAR ME | CALI BUD OR NO BUD \u00a0NEAR ME<\/strong><\/h4>\n<h5><strong style=\"color: #555555;font-size: 14.4px\">P\u011bstov\u00e1n\u00ed<\/strong><span style=\"color: #555555;font-size: 14.4px\">\u00a0<\/span><strong style=\"color: #555555;font-size: 14.4px\">Cali Gas Bud<\/strong><\/h5>\n<p>Tato odr\u016fda roste n\u00edzko a da\u0159\u00ed se j\u00ed jak uvnit\u0159, tak venku nebo dokonce ve sklen\u00edku. Rostliny by m\u011bly b\u00fdt ve vegetativn\u00ed f\u00e1zi alespo\u0148 m\u011bs\u00edc, pokud ne p\u011bt. Odr\u016fda kvete osm a\u017e dev\u011bt t\u00fddn\u016f a uvnit\u0159 produkuje jeden gram na watt. Venku mohou p\u011bstitel\u00e9 sklidit a\u017e libru na rostlinu. Koupit Cali Exotic Bud.<\/p>\n<p>Gas je charakterizov\u00e1n sv\u00fdmi mal\u00fdmi kv\u011bty, kter\u00e9 si zachov\u00e1vaj\u00ed tvar podobn\u00fd \u0161i\u0161ce, z\u00fa\u017euj\u00edc\u00ed se od \u0161irok\u00e9 z\u00e1kladny k \u0161pi\u010dat\u00e9mu vrcholu. Tyto kv\u011bty maj\u00ed kompaktn\u00ed a hustou strukturu, s listy, kter\u00e9 se pevn\u011b svinuj\u00ed sm\u011brem k centr\u00e1ln\u00edm stonk\u016fm. Samotn\u00e9 listy jsou mechem zelen\u00e9 a propleten\u00e9 \u017eiv\u00fdmi oran\u017eov\u00fdmi vl\u00e1kny (co\u017e jsou ve skute\u010dnosti reproduk\u010dn\u00ed struktury zvan\u00e9 pest\u00edky, kter\u00e9 maj\u00ed za \u00fakol zachytit pyl z mu\u017esk\u00fdch rostlin). Kone\u010dn\u011b, kv\u011bty Gasu jsou korunov\u00e1ny vysok\u00fdm objemem sklen\u011bn\u00fdch b\u00edl\u00fdch trichom\u016f, kter\u00e9 t\u011bmto pupen\u016fm d\u00e1vaj\u00ed lepivou texturu a \u010din\u00ed je obt\u00ed\u017en\u00fdmi na rozdrcen\u00ed bez pou\u017eit\u00ed kvalitn\u00edho drti\u010de.<\/p>\n<h5 style=\"text-align: center\"><strong>GAS\u00a0<\/strong><strong>\u00a0STRAIN | \u00a0<\/strong><strong>GAS\u00a0<\/strong><strong>WEED STRAIN | CALI\u00a0<\/strong><strong>GAS\u00a0<\/strong><strong>| CALI\u00a0<\/strong><strong>GAS\u00a0<\/strong><strong>\u00a0STRAIN<\/strong><\/h5>\n<p><strong>Kupte Cali Gas Bud Varov\u00e1n\u00ed<\/strong><br \/> Na z\u00e1v\u011br: Tento produkt obsahuje konop\u00ed, regulovanou l\u00e1tku. Uchov\u00e1vejte mimo dosah d\u011bt\u00ed a zv\u00ed\u0159at. Intoxika\u010dn\u00ed \u00fa\u010dinky konopn\u00fdch produkt\u016f mohou trvat a\u017e dv\u011b hodiny. U\u017e\u00edv\u00e1n\u00ed konop\u00ed b\u011bhem t\u011bhotenstv\u00ed nebo kojen\u00ed m\u016f\u017ee b\u00fdt \u0161kodliv\u00e9. Konzumace t\u011bchto produkt\u016f sni\u017euje va\u0161i schopnost \u0159\u00eddit nebo obsluhovat stroje. Pou\u017e\u00edvejte s maxim\u00e1ln\u00ed opatrnost\u00ed. Kupte si CBONB.<\/p>\n<p>P\u0159i spr\u00e1vn\u00e9m vysu\u0161en\u00ed vyd\u00e1v\u00e1 Gas bohat\u00e9, zemit\u00e9 aroma, podobn\u00e9 v\u016fni vlhk\u00e9 p\u016fdy. Pod t\u00edm se skr\u00fdv\u00e1 jasn\u00e1, citrusov\u00e1 kyselost. Rozemlet\u00ed kv\u011bt\u016f dokl\u00e1d\u00e1 jm\u00e9no t\u00e9to odr\u016fdy a uvol\u0148uje siln\u00e9 v\u00fdpary nafty a amoniaku. P\u0159i spalov\u00e1n\u00ed v d\u00fdmce nebo jointu Gas produkuje \u0161tiplav\u00fd kou\u0159, kter\u00fd m\u016f\u017ee podr\u00e1\u017edit dutiny a patro. Tento hust\u00fd kou\u0159 chutn\u00e1 d\u0159evit\u011b s n\u00e1znaky citronu p\u0159i v\u00fddechu.<\/p>\n<div data-testid=\"product-description\">\n<div class=\"truncate-lines__Wrapper-sc-1lknwty-0 YxHAC\">\n<div data-testid=\"truncated-description\">\n<div>\n<div class=\"text__Text-sc-fif1uk-0 kdmKRD\">\n<div class=\"src__Box-sc-1sbtrzs-0 src__Flex-sc-1sbtrzs-1 kWPFqZ hzdsvF\">\n<div>UK\u00c1ZKOV\u00c9 KATEGORIE PRODUKT\u016e<\/div>\n<\/p><\/div>\n<\/p><\/div>\n<\/p><\/div>\n<\/p><\/div>\n<\/p><\/div>\n<\/p><\/div>\n<div class=\"text__Text-sc-fif1uk-0 htoJfX\"><a href=\"https:\/\/jeetersofficial.com\/product-category\/buy-cali-buds\/\" target=\"_blank\" rel=\"noopener\">CALI BUDS<\/a><\/div>\n<div data-testid=\"product-description\">\n<div class=\"truncate-lines__Wrapper-sc-1lknwty-0 YxHAC\">\n<div data-testid=\"truncated-description\">\n<div class=\"text__Text-sc-fif1uk-0 kdmKRD\"><a href=\"https:\/\/jeetersofficial.com\/product-category\/backpack-boyz\/\" target=\"_blank\" rel=\"noopener\">Backpack\u00a0 Boyz<\/a><\/div>\n<div><a href=\"https:\/\/jeetersofficial.com\/product-category\/snow-balls-weed\/\" target=\"_blank\" rel=\"noopener\">SNOWBALLS WEED<\/a><\/div>\n<div><a href=\"https:\/\/jeetersofficial.com\/product-category\/persy-snowcaps\/\" target=\"_blank\" rel=\"noopener\">Persy Snowcaps<\/a><\/div>\n<div><a href=\"https:\/\/jeetersofficial.com\/product-category\/drip-snowcaps\/\" target=\"_blank\" rel=\"noopener\">Drip Snowcaps<\/a><\/div>\n<div><a href=\"https:\/\/jeetersofficial.com\/product-category\/concentrates\/\" target=\"_blank\" rel=\"noopener\">CALI CONCENTRATES<\/a><\/div>\n<div><a href=\"https:\/\/jeetersofficial.com\/product-category\/doja-exclusive\/\" target=\"_blank\" rel=\"noopener\">CALI DOJA PACKS EXCLUSIVE<\/a><\/div>\n<div><a href=\"https:\/\/jeetersofficial.com\/product-category\/marijuana-flowers\/\" target=\"_blank\" rel=\"noopener\">CALI MARIJUANA FLOWERS<\/a><\/div>\n<\/p><\/div>\n<\/p><\/div>\n<\/p><\/div>\n<div><a href=\"https:\/\/jeetersofficial.com\/product-category\/sativa-strain\/\" target=\"_blank\" rel=\"noopener\">CALI SATIVA STRAINS<\/a><\/div>\n<div><a href=\"https:\/\/jeetersofficial.com\/product-category\/indica\/\" target=\"_blank\" rel=\"noopener\">CALI INDICA STRAINS<\/a><\/div>\n<div><a href=\"https:\/\/jeetersofficial.com\/product-category\/hybrid-weed\/\" target=\"_blank\" rel=\"noopener\">CALI HYBRID WEED<\/a><\/div>","protected":false},"excerpt":{"rendered":"<p><strong>Kupte Cali Gas Bud Varov\u00e1n\u00ed<\/strong><br \/> Tento produkt obsahuje cannabis, co\u017e je regulovan\u00e1 l\u00e1tka. Uchov\u00e1vejte mimo dosah d\u011bt\u00ed a zv\u00ed\u0159at. Cannabisov\u00e9 produkty mohou vlastnit nebo konzumovat pouze osoby star\u0161\u00ed 21 let, pokud nejsou kvalifikovan\u00fdm pacientem. Intoxika\u010dn\u00ed \u00fa\u010dinky cannabisov\u00fdch produkt\u016f mohou p\u0159etrv\u00e1vat a\u017e dv\u011b hodiny. U\u017e\u00edv\u00e1n\u00ed cannabisov\u00fdch produkt\u016f b\u011bhem t\u011bhotenstv\u00ed nebo kojen\u00ed m\u016f\u017ee b\u00fdt \u0161kodliv\u00e9. Konzumace t\u011bchto produkt\u016f sni\u017euje va\u0161i schopnost \u0159\u00eddit nebo ovl\u00e1dat stroje. Pou\u017e\u00edvejte maxim\u00e1ln\u00ed opatrnost. Kupte CBONB<\/p>","protected":false},"featured_media":1704,"comment_status":"closed","ping_status":"closed","template":"","meta":{"_uag_custom_page_level_css":"","site-sidebar-layout":"default","site-content-layout":"","ast-site-content-layout":"","site-content-style":"default","site-sidebar-style":"default","ast-global-header-display":"","ast-banner-title-visibility":"","ast-main-header-display":"","ast-hfb-above-header-display":"","ast-hfb-below-header-display":"","ast-hfb-mobile-header-display":"","site-post-title":"","ast-breadcrumbs-content":"","ast-featured-img":"","footer-sml-layout":"","theme-transparent-header-meta":"","adv-header-id-meta":"","stick-header-meta":"","header-above-stick-meta":"","header-main-stick-meta":"","header-below-stick-meta":"","astra-migrate-meta-layouts":"default","ast-page-background-enabled":"default","ast-page-background-meta":{"desktop":{"background-color":"var(--ast-global-color-4)","background-image":"","background-repeat":"repeat","background-position":"center center","background-size":"auto","background-attachment":"scroll","background-type":"","background-media":"","overlay-type":"","overlay-color":"","overlay-opacity":"","overlay-gradient":""},"tablet":{"background-color":"","background-image":"","background-repeat":"repeat","background-position":"center center","background-size":"auto","background-attachment":"scroll","background-type":"","background-media":"","overlay-type":"","overlay-color":"","overlay-opacity":"","overlay-gradient":""},"mobile":{"background-color":"","background-image":"","background-repeat":"repeat","background-position":"center center","background-size":"auto","background-attachment":"scroll","background-type":"","background-media":"","overlay-type":"","overlay-color":"","overlay-opacity":"","overlay-gradient":""}},"ast-content-background-meta":{"desktop":{"background-color":"var(--ast-global-color-5)","background-image":"","background-repeat":"repeat","background-position":"center center","background-size":"auto","background-attachment":"scroll","background-type":"","background-media":"","overlay-type":"","overlay-color":"","overlay-opacity":"","overlay-gradient":""},"tablet":{"background-color":"var(--ast-global-color-5)","background-image":"","background-repeat":"repeat","background-position":"center center","background-size":"auto","background-attachment":"scroll","background-type":"","background-media":"","overlay-type":"","overlay-color":"","overlay-opacity":"","overlay-gradient":""},"mobile":{"background-color":"var(--ast-global-color-5)","background-image":"","background-repeat":"repeat","background-position":"center center","background-size":"auto","background-attachment":"scroll","background-type":"","background-media":"","overlay-type":"","overlay-color":"","overlay-opacity":"","overlay-gradient":""}}},"product_brand":[],"product_cat":[675],"product_tag":[489,570,491,506,571,508,509,531,492,481,572,573,574,472,516,517,575,576,461,462,464,465,577,578,579,580,581,501,503],"class_list":{"0":"post-1796","1":"product","2":"type-product","3":"status-publish","4":"has-post-thumbnail","6":"product_cat-buy-cali-buds","7":"product_tag-best-cali-packs","8":"product_tag-buy-cali-bud-or-no-bud-gas-online","9":"product_tag-buy-cali-bud-or-no-bud-online","10":"product_tag-buy-cali-buds","11":"product_tag-buy-gas-cali-bud-or-no-bud-online","12":"product_tag-buy-weed-online","13":"product_tag-by-the-best-cali-buds","14":"product_tag-cali-bud","15":"product_tag-cali-bud-or-no-bud","16":"product_tag-cali-bud-or-no-bud-for-sale","17":"product_tag-cali-bud-or-no-bud-gas","18":"product_tag-cali-bud-or-no-bud-gas-for-sale","19":"product_tag-cali-bud-or-no-bud-gas-near-me","20":"product_tag-cali-bud-or-no-bud-near-me","21":"product_tag-cali-flavors","22":"product_tag-cali-flavours","23":"product_tag-cali-gas","24":"product_tag-cali-gas-strain","25":"product_tag-cali-packs","26":"product_tag-cali-plug-cali-bud-or-no-bud","27":"product_tag-cali-weed-bags","28":"product_tag-cali-weed-flavors","29":"product_tag-gas-cali-bud-or-no-bud","30":"product_tag-gas-cali-bud-or-no-bud-for-sale","31":"product_tag-gas-cali-bud-or-no-bud-near-me","32":"product_tag-gas-strain","33":"product_tag-gas-weed-strain","34":"product_tag-marshmallow-strain","35":"product_tag-top-cali-bud-packs","36":"desktop-align-center","37":"tablet-align-left","38":"mobile-align-left","40":"first","41":"instock","42":"shipping-taxable","43":"purchasable","44":"product-type-variable"},"uagb_featured_image_src":{"full":["https:\/\/caliweedeurope.com\/wp-content\/uploads\/2024\/11\/galas.jpg",516,683,false],"thumbnail":["https:\/\/caliweedeurope.com\/wp-content\/uploads\/2024\/11\/galas-150x150.jpg",150,150,true],"medium":["https:\/\/caliweedeurope.com\/wp-content\/uploads\/2024\/11\/galas-227x300.jpg",227,300,true],"medium_large":["https:\/\/caliweedeurope.com\/wp-content\/uploads\/2024\/11\/galas.jpg",516,683,false],"large":["https:\/\/caliweedeurope.com\/wp-content\/uploads\/2024\/11\/galas.jpg",516,683,false],"1536x1536":["https:\/\/caliweedeurope.com\/wp-content\/uploads\/2024\/11\/galas.jpg",516,683,false],"2048x2048":["https:\/\/caliweedeurope.com\/wp-content\/uploads\/2024\/11\/galas.jpg",516,683,false],"trp-custom-language-flag":["https:\/\/caliweedeurope.com\/wp-content\/uploads\/2024\/11\/galas.jpg",9,12,false],"woocommerce_thumbnail":["https:\/\/caliweedeurope.com\/wp-content\/uploads\/2024\/11\/galas-300x300.jpg",300,300,true],"woocommerce_single":["https:\/\/caliweedeurope.com\/wp-content\/uploads\/2024\/11\/galas.jpg",516,683,false],"woocommerce_gallery_thumbnail":["https:\/\/caliweedeurope.com\/wp-content\/uploads\/2024\/11\/galas-100x100.jpg",100,100,true]},"uagb_author_info":{"display_name":"jetskiforsaleuk@gmail.com","author_link":"https:\/\/caliweedeurope.com\/cs\/author\/"},"uagb_comment_info":0,"uagb_excerpt":"Buy Cali Gas Bud Warning. This product contains Cannabis, a scheduled substance Keep out of the reach of children and animals. Cannabis products can only be possessed or consumed by persons 21+ years of age older unless the person is a qualified patient. The intoxicating effects of cannabis products may stay up to two hours.&hellip;","_links":{"self":[{"href":"https:\/\/caliweedeurope.com\/cs\/wp-json\/wp\/v2\/product\/1796"}],"collection":[{"href":"https:\/\/caliweedeurope.com\/cs\/wp-json\/wp\/v2\/product"}],"about":[{"href":"https:\/\/caliweedeurope.com\/cs\/wp-json\/wp\/v2\/types\/product"}],"replies":[{"embeddable":true,"href":"https:\/\/caliweedeurope.com\/cs\/wp-json\/wp\/v2\/comments?post=1796"}],"wp:featuredmedia":[{"embeddable":true,"href":"https:\/\/caliweedeurope.com\/cs\/wp-json\/wp\/v2\/media\/1704"}],"wp:attachment":[{"href":"https:\/\/caliweedeurope.com\/cs\/wp-json\/wp\/v2\/media?parent=1796"}],"wp:term":[{"taxonomy":"product_brand","embeddable":true,"href":"https:\/\/caliweedeurope.com\/cs\/wp-json\/wp\/v2\/product_brand?post=1796"},{"taxonomy":"product_cat","embeddable":true,"href":"https:\/\/caliweedeurope.com\/cs\/wp-json\/wp\/v2\/product_cat?post=1796"},{"taxonomy":"product_tag","embeddable":true,"href":"https:\/\/caliweedeurope.com\/cs\/wp-json\/wp\/v2\/product_tag?post=1796"}],"curies":[{"name":"wp","href":"https:\/\/api.w.org\/{rel}","templated":true}]}}