{"id":1804,"date":"2024-11-05T18:39:27","date_gmt":"2024-11-05T18:39:27","guid":{"rendered":"https:\/\/caliweedeurope.com\/?post_type=product&#038;p=1804"},"modified":"2024-11-05T18:39:35","modified_gmt":"2024-11-05T18:39:35","slug":"buy-cali-plug-cookie-cake-online","status":"publish","type":"product","link":"https:\/\/caliweedeurope.com\/cs\/product\/buy-cali-plug-cookie-cake-online\/","title":{"rendered":"Buy Cali plug Cookie Cake Online"},"content":{"rendered":"<h1 style=\"text-align: center\"><strong>\u00a0 \u00a0<\/strong><strong style=\"font-size: 25.92px;text-align: center\">COOKIE CAKE <\/strong><strong style=\"font-size: 25.92px;text-align: center\">\u00a0CALI BUD OR NO BUD\u00a0|<\/strong><strong style=\"font-size: 25.92px;text-align: center\">\u00a0CALI BUD OR NO BUD\u00a0<\/strong><strong style=\"font-size: 25.92px;text-align: center\">COOKIE CAKE <\/strong><strong style=\"font-size: 25.92px;text-align: center\">\u00a0|<\/strong><strong style=\"font-size: 25.92px;text-align: center\">\u00a0CALI PLUG CALI BUD OR NO BUD<\/strong><\/h1>\n<p><strong>Cali plug Cookie Cake<\/strong><br \/> Na za\u010d\u00e1tek, Cali Plug Bud Cookies Cake. V t\u011bchto vz\u00e1cn\u00fdch s\u00e1\u010dc\u00edch najdete \u0161pi\u010dkov\u00e9 Cali Bud nebo \u017e\u00e1dn\u00e9 Bud Cookies Cake, 14g op\u011btovn\u011b uzav\u00edrateln\u00e9 bal\u00ed\u010dky pro zachov\u00e1n\u00ed \u010derstvosti. Edice na podporu pov\u011bdom\u00ed o rakovin\u011b prsu. Odr\u016fda je k\u0159\u00ed\u017eenec Cookies &amp; Cream a Cookie Wreck. S obsahem THC 31 %, CBD 0,1 %, 70 % Indica a 30 % Sativa. Celkov\u00fd obsah kanabinoid\u016f je 34 %.<\/p>\n<p><strong>Cali su\u0161enkov\u00fd dort<\/strong><\/p>\n<p>Cali Cookie Cake je indica-dominantn\u00ed odr\u016fda bohat\u00e1 na s\u00edlu. D\u00edky vysok\u00e9mu obsahu THC vykazuje Cali Nug na za\u010d\u00e1tku sativa-dominantn\u00ed pocit v hlav\u011b. Tento intenzivn\u00ed pocit v mysli se uklid\u0148uje a obklopuje t\u011blo t\u00ed\u017eivou kvalitou, kterou n\u011bkte\u0159\u00ed mohou pova\u017eovat za meditativn\u00ed. M\u00e1 m\u00edrn\u011b kv\u011btinovou v\u016fni s n\u00e1znaky zem\u011b a ko\u0159en\u00ed. U\u017eijte si Cali Brain na konci dne, abyste zv\u00fd\u0161ili jeho relaxa\u010dn\u00ed a sedativn\u00ed \u00fa\u010dinky. Recenze Cali Bud.<\/p>\n<h2 style=\"text-align: center\"><strong>\u00a0BUY\u00a0<\/strong><strong>COOKIE CAKE\u00a0<\/strong><strong>\u00a0\u00a0\u00a0CALI BUD OR NO BUD\u00a0 ONLINE | BUY CALI BUD OR NO BUD\u00a0<\/strong><strong>COOKIE CAKE\u00a0<\/strong><strong>ONLINE | BUY CALI BUD OR NO BUD ONLINE<\/strong><\/h2>\n<p><strong>\u00da\u010dinek odr\u016fdy Cali Bud Cookie Cake<\/strong><br \/> Toto neuv\u011b\u0159iteln\u00e9 brn\u011bn\u00ed v mysli se uklid\u0148uje a obklopuje t\u011blo lehkou, p\u0159\u00edjemnou kvalitou. M\u00e1 jemnou kv\u011btinovou v\u016fni s n\u00e1znaky zemit\u00fdch chut\u00ed.<\/p>\n<p><strong style=\"font-size: 14.4px\">Varov\u00e1n\u00ed<\/strong><\/p>\n<p>Z\u00e1v\u011brem, tento produkt obsahuje konop\u00ed, regulovanou l\u00e1tku. Uchov\u00e1vejte mimo dosah d\u011bt\u00ed a zv\u00ed\u0159at. Intoxika\u010dn\u00ed \u00fa\u010dinky konopn\u00fdch produkt\u016f mohou trvat a\u017e dv\u011b hodiny. U\u017e\u00edv\u00e1n\u00ed konop\u00ed b\u011bhem t\u011bhotenstv\u00ed nebo kojen\u00ed m\u016f\u017ee b\u00fdt \u0161kodliv\u00e9. Konzumace tohoto produktu naru\u0161uje schopnost \u0159\u00eddit vozidla a obsluhovat stroje. Pros\u00edm, bu\u010fte po konzumaci t\u00e9to kv\u011btiny mimo\u0159\u00e1dn\u011b opatrn\u00ed. Proto doporu\u010dujeme v\u017edy zanech\u00e1vat recenze na Cali Bud.<\/p>\n<h3 style=\"text-align: center\"><strong>COOKIE CAKE\u00a0<\/strong><strong>CALI BUD OR NO BUD FOR SALE | CALI BUD OR NO BUD\u00a0\u00a0<\/strong><strong>COOKIE CAKE\u00a0<\/strong><strong>FOR SALE | CALI BUD OR NO BUD\u00a0 FOR SALE<\/strong><\/h3>\n<p><strong>L\u00e9ka\u0159sk\u00e9 pou\u017eit\u00ed odr\u016fdy Cali Bud Cookie Cake<\/strong><br \/> Tato odr\u016fda se nej\u010dast\u011bji doporu\u010duje u\u017e\u00edvat r\u00e1no. Tento prost\u0159edek pro vy\u010di\u0161t\u011bn\u00ed mysli p\u0159itahuje zvl\u00e1\u0161tn\u00ed pozornost milovn\u00edk\u016f um\u011bn\u00ed, proto\u017ee zvy\u0161uje jejich kreativitu a pom\u00e1h\u00e1 jim l\u00e9pe se soust\u0159edit a vyhnout se rozptylov\u00e1n\u00ed. Proto je tak\u00e9 u\u017eite\u010dn\u00fd p\u0159i u\u017e\u00edv\u00e1n\u00ed p\u0159ed j\u00f3gou a meditac\u00ed. Je zn\u00e1m\u00fd sv\u00fdmi psychedelick\u00fdmi vlastnostmi.<\/p>\n<div class=\"variety-percentage-wrap\">\n<h4 class=\"variety\">Indica Dominant Hybrid\u00a0<span class=\"hidden-xs\">\u2013\u00a0<\/span><span class=\"strain-percentages\">60% Indica \/ 40% Sativa<\/span><\/h4>\n<h4 class=\"percentage\"><span class=\"heading\">THC:\u00a0<\/span>20% \u2013 22%<\/h4>\n<\/p><\/div>\n<p>Cherry Cookie Cake, tak\u00e9 zn\u00e1m\u00fd jako \u201eCherry Cookies Cake\u201c, je lehce indica-dominantn\u00ed hybridn\u00ed odr\u016fda (60 % indica \/ 40 % sativa), vznikl\u00e1 zk\u0159\u00ed\u017een\u00edm klasick\u00fdch odr\u016fd Cherry AK X Cookies F2. Jste p\u0159ipraveni na kousek tohoto lahodn\u00e9ho dezertu kdykoliv? Cherry Cookie Cake m\u00e1 chu\u0165, kter\u00e1 p\u0159esn\u011b odpov\u00edd\u00e1 n\u00e1zvu \u2013 sladk\u00e9 o\u0159echov\u00e9 t\u0159e\u0161\u0148ov\u00e9 su\u0161enky a t\u011b\u017ek\u00fd dort. Aroma je velmi podobn\u00e9, i kdy\u017e s n\u00e1dechem zemit\u00e9 v\u016fn\u011b a jemnou ostrou notou. \u00da\u010dinky Cherry Cookie Cake jsou dokonalou pochoutkou po ve\u010de\u0159i, s relaxa\u010dn\u00edmi a pln\u00fdmi \u00fa\u010dinky, kter\u00e9 v\u00e1m pomohou opravdu si odpo\u010dinout, kdy\u017e to nejv\u00edce pot\u0159ebujete. Na za\u010d\u00e1tku \u00fa\u010dinku se budete c\u00edtit povznesen\u00ed, ale klidn\u00ed, s m\u00edrnou mlhou v hlav\u011b, kter\u00e1 v\u00e1m br\u00e1n\u00ed soust\u0159edit se na negativn\u00ed my\u0161lenky.<\/p>\n<h4 style=\"text-align: center\"><strong>CALI BUD OR NO BUD \u00a0<\/strong><strong>COOKIE CAKE\u00a0<\/strong><strong>\u00a0\u00a0NEAR ME |\u00a0<\/strong><strong>COOKIE CAKE\u00a0<\/strong><strong> \u00a0\u00a0\u00a0CALI BUD OR NO BUD\u00a0\u00a0 NEAR ME | CALI BUD OR NO BUD \u00a0NEAR ME<\/strong><\/h4>\n<p><strong>P\u011bstov\u00e1n\u00ed odr\u016fdy Cali Plug Cookie Cake<\/strong><br \/> Odr\u016fda Cali Cookie Cake poch\u00e1z\u00ed od Exclusive Seeds a m\u016f\u017ee b\u00fdt p\u011bstov\u00e1na jak v interi\u00e9ru (kde rostliny pot\u0159ebuj\u00ed kvetouc\u00ed obdob\u00ed p\u0159ibli\u017en\u011b 67 dn\u00ed), tak venku. Tyto semena jsou pe\u010dliv\u011b vybran\u00e1 z nejlep\u0161\u00edch sklizn\u00ed Cali Plug. Cookie Cake je hybridn\u00ed odr\u016fda s dominantn\u00edm obsahem THC. Va\u0161e sklize\u0148 bude st\u00e1t za ka\u017edou korunu a \u010das, kter\u00fd jste investovali do n\u00e1kupu a p\u011bstov\u00e1n\u00ed t\u011bchto semen.<\/p>\n<p>N\u00e1sledn\u011b v\u00e1s zas\u00e1hne n\u00e1hl\u00e1 chu\u0165 k j\u00eddlu, kter\u00e1 v\u00e1s p\u0159inut\u00ed s\u00e1hnout po v\u0161em mo\u017en\u00e9m, tak\u017ee m\u011bjte sva\u010diny p\u0159ipraven\u00e9!<\/p>\n<h5 style=\"text-align: center\"><strong>COOKIE CAKE\u00a0<\/strong><strong>\u00a0\u00a0STRAIN | \u00a0<\/strong><strong>COOKIE CAKE\u00a0<\/strong><strong>\u00a0WEED STRAIN | CALI\u00a0<\/strong><strong>COOKIE CAKE\u00a0<\/strong><strong>\u00a0\u00a0| CALI\u00a0<\/strong><strong>COOKIE CAKE\u00a0<\/strong><strong>\u00a0\u00a0STRAIN<\/strong><\/h5>\n<p><strong>Varov\u00e1n\u00ed Cali Plug Cookie Cake<\/strong><br \/> Na z\u00e1v\u011br Cookies Cake obsahuje Cannabis\/THC, psychoaktivn\u00ed l\u00e1tku, kterou je t\u0159eba uchov\u00e1vat mimo dosah d\u011bt\u00ed a zv\u00ed\u0159at. <a href=\"https:\/\/caliplugcarts.com\/product\/buy-cali-bud-cheetos-cookies-online\/\" target=\"_blank\" rel=\"noopener\">Cann<\/a>a<a href=\"https:\/\/caliplugcarts.com\/product\/buy-cali-bud-cheetos-cookies-online\/\" target=\"_blank\" rel=\"noopener\">bis<\/a> produkty mohou b\u00fdt dr\u017eeny nebo konzumov\u00e1ny pouze osobami star\u0161\u00edmi 21 let, pokud dan\u00e1 osoba nen\u00ed kvalifikovan\u00fd pacient. Otravn\u00e9 \u00fa\u010dinky produkt\u016f z konop\u00ed mohou trvat a\u017e dv\u011b hodiny. Pou\u017e\u00edv\u00e1n\u00ed konop\u00ed b\u011bhem t\u011bhotenstv\u00ed nebo kojen\u00ed m\u016f\u017ee b\u00fdt \u0161kodliv\u00e9. Konzumace t\u011bchto produkt\u016f zhor\u0161uje va\u0161i schopnost \u0159\u00eddit nebo obsluhovat stroje. Po konzumaci tohoto produktu bu\u010fte velmi opatrn\u00ed. Proto doporu\u010dujeme neust\u00e1le zanech\u00e1vat recenze na Cali Bud.<\/p>\n<p><strong>Doprava Cali Plug Cookies Cake<\/strong><br \/> Tud\u00ed\u017e je doprava 100% diskr\u00e9tn\u00ed a nab\u00edz\u00edme z\u00e1ruku bezpe\u010dn\u00e9 dod\u00e1vky nebo \u00faplnou refundaci v p\u0159\u00edpad\u011b, \u017ee z\u00e1kazn\u00edk zru\u0161\u00ed objedn\u00e1vku. Prov\u00e1d\u00edme diskr\u00e9tn\u00ed celosv\u011btovou dopravu t\u011bchto vrcholn\u00fdch Cali Bud s\u00e1\u010dk\u016f.<\/p>\n<p><strong>Doru\u010den\u00ed Cali Plug Cookies Cake<\/strong><br \/> Nakonec prov\u00e1d\u00edme diskr\u00e9tn\u00ed doru\u010den\u00ed t\u011bchto vysoce kvalitn\u00edch Cali Plug kv\u011bt\u016f po cel\u00e9m sv\u011bt\u011b. Doba doru\u010den\u00ed z\u00e1vis\u00ed hlavn\u011b na tom, kde se z\u00e1kazn\u00edk nach\u00e1z\u00ed v okam\u017eiku, kdy objedn\u00e1vku prov\u00e1d\u00ed. Objednejte si nyn\u00ed a nechte si Cali kv\u011bty diskr\u00e9tn\u011b doru\u010dit na va\u0161i adresu bez probl\u00e9m\u016f.<\/p>\n<div data-testid=\"product-description\">\n<div class=\"truncate-lines__Wrapper-sc-1lknwty-0 YxHAC\">\n<div data-testid=\"truncated-description\">\n<div>\n<div class=\"text__Text-sc-fif1uk-0 kdmKRD\">\n<div class=\"src__Box-sc-1sbtrzs-0 src__Flex-sc-1sbtrzs-1 kWPFqZ hzdsvF\">\n<div>UK\u00c1ZKOV\u00c9 KATEGORIE PRODUKT\u016e<\/div>\n<\/p><\/div>\n<\/p><\/div>\n<\/p><\/div>\n<\/p><\/div>\n<\/p><\/div>\n<\/p><\/div>\n<div class=\"text__Text-sc-fif1uk-0 htoJfX\"><a href=\"https:\/\/jeetersofficial.com\/product-category\/buy-cali-buds\/\" target=\"_blank\" rel=\"noopener\">CALI BUDS<\/a><\/div>\n<div data-testid=\"product-description\">\n<div class=\"truncate-lines__Wrapper-sc-1lknwty-0 YxHAC\">\n<div data-testid=\"truncated-description\">\n<div class=\"text__Text-sc-fif1uk-0 kdmKRD\"><a href=\"https:\/\/jeetersofficial.com\/product-category\/backpack-boyz\/\" target=\"_blank\" rel=\"noopener\">Backpack\u00a0 Boyz<\/a><\/div>\n<div><a href=\"https:\/\/jeetersofficial.com\/product-category\/snow-balls-weed\/\" target=\"_blank\" rel=\"noopener\">SNOWBALLS WEED<\/a><\/div>\n<div><a href=\"https:\/\/jeetersofficial.com\/product-category\/persy-snowcaps\/\" target=\"_blank\" rel=\"noopener\">Persy Snowcaps<\/a><\/div>\n<div><a href=\"https:\/\/jeetersofficial.com\/product-category\/drip-snowcaps\/\" target=\"_blank\" rel=\"noopener\">Drip Snowcaps<\/a><\/div>\n<div><a href=\"https:\/\/jeetersofficial.com\/product-category\/concentrates\/\" target=\"_blank\" rel=\"noopener\">CALI CONCENTRATES<\/a><\/div>\n<div><a href=\"https:\/\/jeetersofficial.com\/product-category\/doja-exclusive\/\" target=\"_blank\" rel=\"noopener\">CALI DOJA PACKS EXCLUSIVE<\/a><\/div>\n<div><a href=\"https:\/\/jeetersofficial.com\/product-category\/marijuana-flowers\/\" target=\"_blank\" rel=\"noopener\">CALI MARIJUANA FLOWERS<\/a><\/div>\n<\/p><\/div>\n<\/p><\/div>\n<\/p><\/div>\n<div><a href=\"https:\/\/jeetersofficial.com\/product-category\/sativa-strain\/\" target=\"_blank\" rel=\"noopener\">CALI SATIVA STRAINS<\/a><\/div>\n<div><a href=\"https:\/\/jeetersofficial.com\/product-category\/indica\/\" target=\"_blank\" rel=\"noopener\">CALI INDICA STRAINS<\/a><\/div>\n<div><a href=\"https:\/\/jeetersofficial.com\/product-category\/hybrid-weed\/\" target=\"_blank\" rel=\"noopener\">CALI HYBRID WEED<\/a><\/div>\n<p>&nbsp;<\/p>","protected":false},"excerpt":{"rendered":"<p><strong>Varov\u00e1n\u00ed Cali Plug Cookie Cake<\/strong><br \/> Cookies Cake obsahuje konop\u00ed\/THC, psychoaktivn\u00ed l\u00e1tku. Uchov\u00e1vejte mimo dosah d\u011bt\u00ed a zv\u00ed\u0159at. Produkty z konop\u00ed mohou vlastnit nebo konzumovat pouze osoby star\u0161\u00ed 21 let, pokud nejsou kvalifikovan\u00fdmi pacienty. Intoxika\u010dn\u00ed \u00fa\u010dinky konopn\u00fdch produkt\u016f mohou trvat a\u017e dv\u011b hodiny. U\u017e\u00edv\u00e1n\u00ed konop\u00ed b\u011bhem t\u011bhotenstv\u00ed nebo kojen\u00ed m\u016f\u017ee b\u00fdt \u0161kodliv\u00e9. Konzumace t\u011bchto produkt\u016f zhor\u0161uje schopnost \u0159\u00eddit nebo obsluhovat stroje. Pros\u00edm, pou\u017e\u00edvejte tento produkt s maxim\u00e1ln\u00ed opatrnost\u00ed. Proto doporu\u010dujeme, abyste v\u017edy zanechali recenze na Cali Bud.<\/p>","protected":false},"featured_media":1834,"comment_status":"closed","ping_status":"closed","template":"","meta":{"_uag_custom_page_level_css":"","site-sidebar-layout":"default","site-content-layout":"","ast-site-content-layout":"default","site-content-style":"default","site-sidebar-style":"default","ast-global-header-display":"","ast-banner-title-visibility":"","ast-main-header-display":"","ast-hfb-above-header-display":"","ast-hfb-below-header-display":"","ast-hfb-mobile-header-display":"","site-post-title":"","ast-breadcrumbs-content":"","ast-featured-img":"","footer-sml-layout":"","ast-disable-related-posts":"","theme-transparent-header-meta":"","adv-header-id-meta":"","stick-header-meta":"","header-above-stick-meta":"","header-main-stick-meta":"","header-below-stick-meta":"","astra-migrate-meta-layouts":"default","ast-page-background-enabled":"default","ast-page-background-meta":{"desktop":{"background-color":"var(--ast-global-color-5)","background-image":"","background-repeat":"repeat","background-position":"center center","background-size":"auto","background-attachment":"scroll","background-type":"","background-media":"","overlay-type":"","overlay-color":"","overlay-opacity":"","overlay-gradient":""},"tablet":{"background-color":"","background-image":"","background-repeat":"repeat","background-position":"center center","background-size":"auto","background-attachment":"scroll","background-type":"","background-media":"","overlay-type":"","overlay-color":"","overlay-opacity":"","overlay-gradient":""},"mobile":{"background-color":"","background-image":"","background-repeat":"repeat","background-position":"center center","background-size":"auto","background-attachment":"scroll","background-type":"","background-media":"","overlay-type":"","overlay-color":"","overlay-opacity":"","overlay-gradient":""}},"ast-content-background-meta":{"desktop":{"background-color":"var(--ast-global-color-4)","background-image":"","background-repeat":"repeat","background-position":"center center","background-size":"auto","background-attachment":"scroll","background-type":"","background-media":"","overlay-type":"","overlay-color":"","overlay-opacity":"","overlay-gradient":""},"tablet":{"background-color":"var(--ast-global-color-4)","background-image":"","background-repeat":"repeat","background-position":"center center","background-size":"auto","background-attachment":"scroll","background-type":"","background-media":"","overlay-type":"","overlay-color":"","overlay-opacity":"","overlay-gradient":""},"mobile":{"background-color":"var(--ast-global-color-4)","background-image":"","background-repeat":"repeat","background-position":"center center","background-size":"auto","background-attachment":"scroll","background-type":"","background-media":"","overlay-type":"","overlay-color":"","overlay-opacity":"","overlay-gradient":""}}},"product_brand":[],"product_cat":[675],"product_tag":[489,697,491,506,698,509,531,492,699,700,701,481,472,515,702,703,516,517,461,536,462,613,704,705,706,707,708,503],"class_list":{"0":"post-1804","1":"product","2":"type-product","3":"status-publish","4":"has-post-thumbnail","6":"product_cat-buy-cali-buds","7":"product_tag-best-cali-packs","8":"product_tag-buy-cali-bud-or-no-bud-cookie-cake-online","9":"product_tag-buy-cali-bud-or-no-bud-online","10":"product_tag-buy-cali-buds","11":"product_tag-buy-cookie-cake-cali-bud-or-no-bud-online","12":"product_tag-by-the-best-cali-buds","13":"product_tag-cali-bud","14":"product_tag-cali-bud-or-no-bud","15":"product_tag-cali-bud-or-no-bud-cookie-cake","16":"product_tag-cali-bud-or-no-bud-cookie-cake-for-sale","17":"product_tag-cali-bud-or-no-bud-cookie-cake-near-me","18":"product_tag-cali-bud-or-no-bud-for-sale","19":"product_tag-cali-bud-or-no-bud-near-me","20":"product_tag-cali-buds-online","21":"product_tag-cali-cookie-cake","22":"product_tag-cali-cookie-cake-strain","23":"product_tag-cali-flavors","24":"product_tag-cali-flavours","25":"product_tag-cali-packs","26":"product_tag-cali-plug-buds","27":"product_tag-cali-plug-cali-bud-or-no-bud","28":"product_tag-cali-weed-strains","29":"product_tag-cookie-cake-cali-bud-or-no-bud","30":"product_tag-cookie-cake-cali-bud-or-no-bud-for-sale","31":"product_tag-cookie-cake-cali-bud-or-no-bud-near-me","32":"product_tag-cookie-cake-strain","33":"product_tag-cookie-cake-weed-strain","34":"product_tag-top-cali-bud-packs","35":"desktop-align-center","36":"tablet-align-left","37":"mobile-align-left","39":"first","40":"instock","41":"shipping-taxable","42":"purchasable","43":"product-type-variable"},"uagb_featured_image_src":{"full":["https:\/\/caliweedeurope.com\/wp-content\/uploads\/2024\/11\/cookie-cake.jpg",520,687,false],"thumbnail":["https:\/\/caliweedeurope.com\/wp-content\/uploads\/2024\/11\/cookie-cake-150x150.jpg",150,150,true],"medium":["https:\/\/caliweedeurope.com\/wp-content\/uploads\/2024\/11\/cookie-cake-227x300.jpg",227,300,true],"medium_large":["https:\/\/caliweedeurope.com\/wp-content\/uploads\/2024\/11\/cookie-cake.jpg",520,687,false],"large":["https:\/\/caliweedeurope.com\/wp-content\/uploads\/2024\/11\/cookie-cake.jpg",520,687,false],"1536x1536":["https:\/\/caliweedeurope.com\/wp-content\/uploads\/2024\/11\/cookie-cake.jpg",520,687,false],"2048x2048":["https:\/\/caliweedeurope.com\/wp-content\/uploads\/2024\/11\/cookie-cake.jpg",520,687,false],"trp-custom-language-flag":["https:\/\/caliweedeurope.com\/wp-content\/uploads\/2024\/11\/cookie-cake.jpg",9,12,false],"woocommerce_thumbnail":["https:\/\/caliweedeurope.com\/wp-content\/uploads\/2024\/11\/cookie-cake-300x300.jpg",300,300,true],"woocommerce_single":["https:\/\/caliweedeurope.com\/wp-content\/uploads\/2024\/11\/cookie-cake.jpg",520,687,false],"woocommerce_gallery_thumbnail":["https:\/\/caliweedeurope.com\/wp-content\/uploads\/2024\/11\/cookie-cake-100x100.jpg",100,100,true]},"uagb_author_info":{"display_name":"jetskiforsaleuk@gmail.com","author_link":"https:\/\/caliweedeurope.com\/cs\/author\/"},"uagb_comment_info":0,"uagb_excerpt":"Cali plug Cookie Cake Warning Cookies Cake contains Cannabis\/THC, a psychoactive substance to Keep out of the reach of children and animals. Cannabis products can only be possessed or consumed by persons 21+ years of age older unless the person is a qualified patient. The intoxicating effects of cannabis products may stay up to two&hellip;","_links":{"self":[{"href":"https:\/\/caliweedeurope.com\/cs\/wp-json\/wp\/v2\/product\/1804"}],"collection":[{"href":"https:\/\/caliweedeurope.com\/cs\/wp-json\/wp\/v2\/product"}],"about":[{"href":"https:\/\/caliweedeurope.com\/cs\/wp-json\/wp\/v2\/types\/product"}],"replies":[{"embeddable":true,"href":"https:\/\/caliweedeurope.com\/cs\/wp-json\/wp\/v2\/comments?post=1804"}],"wp:featuredmedia":[{"embeddable":true,"href":"https:\/\/caliweedeurope.com\/cs\/wp-json\/wp\/v2\/media\/1834"}],"wp:attachment":[{"href":"https:\/\/caliweedeurope.com\/cs\/wp-json\/wp\/v2\/media?parent=1804"}],"wp:term":[{"taxonomy":"product_brand","embeddable":true,"href":"https:\/\/caliweedeurope.com\/cs\/wp-json\/wp\/v2\/product_brand?post=1804"},{"taxonomy":"product_cat","embeddable":true,"href":"https:\/\/caliweedeurope.com\/cs\/wp-json\/wp\/v2\/product_cat?post=1804"},{"taxonomy":"product_tag","embeddable":true,"href":"https:\/\/caliweedeurope.com\/cs\/wp-json\/wp\/v2\/product_tag?post=1804"}],"curies":[{"name":"wp","href":"https:\/\/api.w.org\/{rel}","templated":true}]}}