{"id":1810,"date":"2024-11-05T18:39:28","date_gmt":"2024-11-05T18:39:28","guid":{"rendered":"https:\/\/caliweedeurope.com\/?post_type=product&#038;p=1810"},"modified":"2024-11-05T18:39:35","modified_gmt":"2024-11-05T18:39:35","slug":"buy-cali-plug-pure-og-online","status":"publish","type":"product","link":"https:\/\/caliweedeurope.com\/cs\/product\/buy-cali-plug-pure-og-online\/","title":{"rendered":"Buy Cali Plug Pure OG Online"},"content":{"rendered":"<h1 style=\"text-align: center\"><strong>\u00a0\u00a0 \u00a0 \u00a0<\/strong><strong>PURE OG\u00a0 <\/strong><strong>CALI BUD OR NO BUD<\/strong><strong> |<\/strong> <strong>CALI BUD OR NO BUD <\/strong><strong>PURE OG\u00a0 <\/strong><strong>|<\/strong> <strong>CALI PLUG CALI BUD OR NO BUD<\/strong><\/h1>\n<p><strong>Cali Plug Pure OG Strain<\/strong><br \/> Nejprve je Cali Pure OG Strain fenotypem Girl Scout Cookies. Je pojmenov\u00e1n podle sv\u00fdch zakalen\u00fdch b\u00edl\u00fdch trichom\u016f a lepkav\u00fdch pupen\u016f, tato odr\u016fda von\u00ed po sladk\u00fdch, m\u00e1tov\u00fdch terpenech s kouzeln\u00fdm p\u00edskov\u00fdm n\u00e1dechem. pure og weed<\/p>\n<p>Pure OG je indica odr\u016fda konop\u00ed, kter\u00e1 vznikla k\u0159\u00ed\u017een\u00edm OG Kush a dal\u0161\u00edch odr\u016fd. Recenzenti na Leafly \u0159\u00edkaj\u00ed, \u017ee je tato odr\u016fda \u010din\u00ed ospal\u00fdmi, hladov\u00fdmi a brn\u00edc\u00edmi. Pure OG obsahuje 19% THC. Dominantn\u00ed terpen v t\u00e9to odr\u016fd\u011b je karyofylen. Pokud jste ji\u017e kou\u0159ili, dabbovali nebo jinak u\u017e\u00edvali tuto odr\u016fdu, Pure OG, dejte n\u00e1m v\u011bd\u011bt! Zanechte recenzi.<\/p>\n<h2 style=\"text-align: center\">\u00a0<strong>BUY\u00a0<\/strong><strong>PURE OG<\/strong><strong>\u00a0CALI BUD OR NO BUD\u00a0 ONLINE | BUY CALI BUD OR NO BUD\u00a0<\/strong><strong>PURE OG <\/strong><strong>ONLINE | BUY CALI BUD OR NO BUD ONLINE<\/strong><\/h2>\n<h3><strong style=\"color: #555555;font-size: 14.4px\">L\u00e9ka\u0159sk\u00e9 pou\u017eit\u00ed odr\u016fdy Pure OG<\/strong><\/h3>\n<p>Pure OG vn\u00e1\u0161\u00ed do konzument\u016f \u0161\u0165astnou, relaxa\u010dn\u00ed n\u00e1ladu. P\u0159\u00edjemn\u00e1 euforie t\u00e9to odr\u016fdy m\u016f\u017ee zlep\u0161it n\u00e1ladu, stimulovat chu\u0165 k j\u00eddlu a pomoci p\u0159i neklidu.<\/p>\n<div class=\"col-xs-12 col-md-9 col-lg-9 strain-info detail-panel\">\n<div class=\"flipblock-wrapper\">\n<div id=\"strain-info\" class=\"panel panel-default\" data-label=\"strain_detail\">\n<div class=\"face front\">\n<div class=\"panel-body well description\">\n<div class=\"variety-percentage-wrap\">\n<h4 class=\"variety\">Indica Dominant Hybrid <span class=\"hidden-xs\">\u2013\u00a0<\/span><span class=\"strain-percentages\">60% Indica \/ 40% Sativa<\/span><\/h4>\n<h4 class=\"percentage\"><span class=\"heading\">THC:\u00a0<\/span>20%,\u00a0<span class=\"heading\">CBD:\u00a0<\/span><em>2<\/em>%,\u00a0<span class=\"heading\">CBN:\u00a0<\/span><em>1<\/em>%<\/h4>\n<\/p><\/div>\n<p>Pure OG, tak\u00e9 zn\u00e1m\u00fd jako \u201ePure Kush\u201c, je m\u00edrn\u011b indica-dominantn\u00ed hybrid (60 % indica \/ 40 % sativa), kter\u00fd je inbredem SFV OG Kush. Stejn\u011b jako jeho rodi\u010dovsk\u00e1 odr\u016fda m\u00e1 Pure OG klasick\u00e9 aroma zemit\u00fdch o\u0159echov\u00fdch t\u00f3n\u016f se sladk\u00fdm kushov\u00fdm n\u00e1dechem, kter\u00fd je m\u00edrn\u011b p\u00e1liv\u00fd, kdy\u017e jsou kv\u011bty rozdrceny. Chu\u0165 je velmi podobn\u00e1, s lahodnou zemitou kushovou chut\u00ed, kter\u00e1 m\u00e1 p\u0159i v\u00fddechu lehkou sladkou o\u0159echovou a vlhkou chu\u0165. Tento kv\u011bt m\u00e1 st\u0159edn\u011b velk\u00e9 olivov\u011b zelen\u00e9 hroznovit\u00e9 pupeny s tmav\u011b oran\u017eov\u00fdmi vlasy a p\u0159ekvapiv\u011b jasn\u011b r\u016f\u017eov\u00fdmi podt\u00f3ny. Ka\u017ed\u00fd pupen je zcela pokryt silnou mrazivou vrstvou jemn\u00fdch b\u00edl\u00fdch trichom\u016f.<\/p>\n<\/p><\/div>\n<\/p><\/div>\n<\/p><\/div>\n<\/p><\/div>\n<\/p><\/div>\n<h3 style=\"text-align: center\"><strong>PURE OG <\/strong><strong>CALI BUD OR NO BUD FOR SALE | CALI BUD OR NO BUD\u00a0\u00a0<\/strong><strong>PURE OG\u00a0 \u00a0<\/strong><strong>\u00a0FOR SALE | CALI BUD OR NO BUD\u00a0 FOR SALE<\/strong><\/h3>\n<p><strong>\u0160\u0165astn\u00fd<\/strong><br \/> 49 % lid\u00ed uv\u00e1d\u00ed, \u017ee se c\u00edt\u00ed \u0161\u0165astn\u00ed<br \/> <strong>Uvoln\u011bn\u00fd<\/strong><br \/> 44 % lid\u00ed uv\u00e1d\u00ed, \u017ee se c\u00edt\u00ed uvoln\u011bn<br \/> <strong>Vzru\u0161en\u00fd<\/strong><br \/> 16 % lid\u00ed uv\u00e1d\u00ed, \u017ee se c\u00edt\u00ed vzru\u0161en\u00ed<br \/> <strong>Negativa<\/strong><br \/> <strong>Sucho v \u00fastech<\/strong><br \/> 17%  lid\u00ed uv\u00e1d\u00ed, \u017ee maj\u00ed sucho v \u00fastech<br \/> <strong>Such\u00e9 o\u010di<\/strong><br \/> 11 % des personnes d\u00e9clarent avoir les yeux secs<br \/> <strong>Z\u00e1vra\u0165<\/strong><br \/> 5% lid\u00ed uv\u00e1d\u00ed, \u017ee maj\u00ed z\u00e1vrat\u011b<\/p>\n<div class=\"col-xs-12 col-md-9 col-lg-9 strain-info detail-panel\">\n<div class=\"flipblock-wrapper\">\n<div id=\"strain-info\" class=\"panel panel-default\" data-label=\"strain_detail\">\n<div class=\"face front\">\n<div class=\"panel-body well description translation-block\">Pure OG m\u00e1 super siln\u00fd a dlouhotrvaj\u00edc\u00ed \u00fa\u010dinek, kter\u00fd je podpo\u0159en <a href=\"https:\/\/caliplugcarts.com\/product\/buy-cali-bud-sweet-and-sour-online\/\" target=\"_blank\" rel=\"noopener\">THC<\/a> \u00farovn\u00ed a\u017e 20% a pr\u016fm\u011brnou \u00farovn\u00ed CBD mezi 1-2%. \u00da\u010dinek za\u010d\u00edn\u00e1 v hlav\u011b t\u011b\u017ekou narkotickou mlhou, kter\u00e1 v\u00e1s \u00fapln\u011b zbav\u00ed bolesti nebo z\u00e1vodn\u00edch my\u0161lenek. Tento \u00fa\u010dinek se rychle \u0161\u00ed\u0159\u00ed po t\u011ble, co\u017e vede k t\u011b\u017ek\u00e9mu \"couch-locku\" a sedaci, kter\u00e1 trv\u00e1 hodiny. Mnoz\u00ed u\u017eivatel\u00e9 zjist\u00ed, \u017ee po kou\u0159en\u00ed Pure OG usnou kv\u016fli t\u011bmto t\u011b\u017ek\u00fdm Indica \u00fa\u010dink\u016fm. Proto je Pure OG obl\u00edbenou odr\u016fdou pro l\u00e9\u010dbu chronick\u00e9 bolesti, nespavosti, m\u00edrn\u00e9 a\u017e st\u0159edn\u00ed deprese a chronick\u00e9ho stresu nebo \u00fazkosti.<\/div>\n<\/p><\/div>\n<\/p><\/div>\n<\/p><\/div>\n<\/p><\/div>\n<div class=\"hidden-xs col-md-3 col-lg-3 strain-properties xs-no-left-right-padding\">\n<div class=\"row small-gutter\">\n<div class=\"col-xs-12 col-sm-12 wider\">\n<div class=\"flipblock-wrapper\">\n<section id=\"positive-effects\" class=\"panel panel-default\" data-label=\"positive_effects\">\n<div class=\"face front\">\n<div class=\"panel-heading\">\u00da\u010dinky<\/div>\n<div class=\"panel-body well tags-list\"><a href=\"https:\/\/www.allbud.com\/marijuana-strains\/effect\/happy\" target=\"_blank\" rel=\"noopener\">\u0160\u0165astn\u00fd<\/a>,\u00a0<a href=\"https:\/\/www.allbud.com\/marijuana-strains\/effect\/hungry\" target=\"_blank\" rel=\"noopener\">Hladov\u00fd<\/a>,\u00a0<a href=\"https:\/\/www.allbud.com\/marijuana-strains\/effect\/sleepy\" target=\"_blank\" rel=\"noopener\">Spav\u00fd<\/a><\/div>\n<\/p><\/div>\n<\/section><\/div>\n<\/p><\/div>\n<div class=\"col-xs-12 col-sm-12 wider\">\n<div class=\"flipblock-wrapper\">\n<section id=\"relieved\" class=\"panel panel-default\" data-label=\"relieved_symptoms\">\n<div class=\"face front\">\n<div class=\"panel-heading\">M\u016f\u017ee ulevit\u00a0<i class=\"fa fa-info-circle\" title=\"Upozorn\u011bn\u00ed: V\u0161echny informace o odr\u016fd\u00e1ch konop\u00ed na t\u00e9to webov\u00e9 str\u00e1nce jsou zalo\u017eeny na recenz\u00edch u\u017eivatel\u016f. Zobrazen\u00e1 data o odr\u016fd\u00e1ch by m\u011bla b\u00fdt pova\u017eov\u00e1na za informativn\u00ed n\u00e1stroj a nikoli za l\u00e9ka\u0159skou doporu\u010den\u00ed. P\u0159ed pou\u017eit\u00edm konop\u00ed k l\u00e9ka\u0159sk\u00fdm \u00fa\u010del\u016fm se pora\u010fte se sv\u00fdm l\u00e9ka\u0159em.\" data-toggle=\"tooltip\" data-placement=\"right\"><\/i><\/div>\n<div class=\"panel-body well tags-list translation-block\"><a href=\"https:\/\/www.allbud.com\/marijuana-strains\/symptom\/anxiety\" target=\"_blank\" rel=\"noopener\">\u00dazkost<\/a>, <a href=\"https:\/\/www.allbud.com\/marijuana-strains\/symptom\/arthritis\" target=\"_blank\" rel=\"noopener\">Artritida<\/a>, <a href=\"https:\/\/www.allbud.com\/marijuana-strains\/symptom\/chronic-pain\" target=\"_blank\" rel=\"noopener\">Chronick\u00e1 bolest<\/a>, <a href=\"https:\/\/www.allbud.com\/marijuana-strains\/symptom\/depression\" target=\"_blank\" rel=\"noopener\">Deprese<\/a>, <a href=\"https:\/\/www.allbud.com\/marijuana-strains\/symptom\/fibromyalgia\" target=\"_blank\" rel=\"noopener\">Fibromyalgie<\/a>, <a href=\"https:\/\/www.allbud.com\/marijuana-strains\/symptom\/headaches\" target=\"_blank\" rel=\"noopener\">Bolesti hlavy<\/a>, <a href=\"https:\/\/www.allbud.com\/marijuana-strains\/symptom\/insomnia\" target=\"_blank\" rel=\"noopener\">Nespavost<\/a>, <a href=\"https:\/\/www.allbud.com\/marijuana-strains\/symptom\/nausea\" target=\"_blank\" rel=\"noopener\">Nevolnost<\/a>, <a href=\"https:\/\/www.allbud.com\/marijuana-strains\/symptom\/stress\" target=\"_blank\" rel=\"noopener\">Stres<\/a><\/div>\n<\/p><\/div>\n<\/section><\/div>\n<\/p><\/div>\n<\/p><\/div>\n<div class=\"row small-gutter\">\n<div class=\"col-xs-12 col-sm-12 wider\">\n<div class=\"flipblock-wrapper\">\n<section id=\"flavors\" class=\"panel panel-default\" data-label=\"strain_flavors\">\n<div class=\"face front\">\n<div class=\"panel-heading\">Chut\u011b<\/div>\n<div class=\"panel-body well tags-list translation-block\"><a href=\"https:\/\/www.allbud.com\/marijuana-strains\/taste\/citrus\" target=\"_blank\" rel=\"noopener\">Citrus<\/a>, <a href=\"https:\/\/www.allbud.com\/marijuana-strains\/taste\/nutty\" target=\"_blank\" rel=\"noopener\">O\u0159echov\u00fd<\/a>, <a href=\"https:\/\/www.allbud.com\/marijuana-strains\/taste\/pine\" target=\"_blank\" rel=\"noopener\">Borovice<\/a>, <a href=\"https:\/\/www.allbud.com\/marijuana-strains\/taste\/spicy\" target=\"_blank\" rel=\"noopener\">Ko\u0159en\u011bn\u00fd<\/a>, <a href=\"https:\/\/www.allbud.com\/marijuana-strains\/taste\/sweet\" target=\"_blank\" rel=\"noopener\">Sladk\u00fd<\/a>, <a href=\"https:\/\/www.allbud.com\/marijuana-strains\/taste\/woody\" target=\"_blank\" rel=\"noopener\">D\u0159ev\u011bn\u00fd<\/a><\/div>\n<\/p><\/div>\n<\/section><\/div>\n<\/p><\/div>\n<div class=\"col-xs-12 col-sm-12 wider\">\n<div class=\"flipblock-wrapper\">\n<section id=\"aromas\" class=\"panel panel-default\" data-label=\"strain_aromas\">\n<div class=\"face front\">\n<div class=\"panel-heading\">Aromata<\/div>\n<div class=\"panel-body well tags-list translation-block\"><a href=\"https:\/\/www.allbud.com\/marijuana-strains\/aroma\/dank\" target=\"_blank\" rel=\"noopener\">Dank<\/a>,&nbsp;<a href=\"https:\/\/www.allbud.com\/marijuana-strains\/aroma\/earthy\" target=\"_blank\" rel=\"noopener\">Earthy<\/a>,&nbsp;<a href=\"https:\/\/www.allbud.com\/marijuana-strains\/aroma\/kush\" target=\"_blank\" rel=\"noopener\">Kush<\/a>,&nbsp;<a href=\"https:\/\/www.allbud.com\/marijuana-strains\/aroma\/nutty\" target=\"_blank\" rel=\"noopener\">Nutty<\/a>,&nbsp;<a href=\"https:\/\/www.allbud.com\/marijuana-strains\/aroma\/sweet\" target=\"_blank\" rel=\"noopener\">Sweet<\/a><\/div>\n<\/p><\/div>\n<\/section><\/div>\n<\/p><\/div>\n<\/p><\/div>\n<\/p><\/div>\n<h4 style=\"text-align: center\"><strong>CALI BUD OR NO BUD \u00a0PURE OG\u00a0 \u00a0NEAR ME | PURE OG\u00a0 CALI BUD OR NO BUD\u00a0\u00a0 NEAR ME | CALI BUD OR NO BUD \u00a0NEAR ME<\/strong><\/h4>\n<p><strong>Doru\u010den\u00ed odr\u016fdy Cali Plug Pure OG<\/strong><br \/> Stoj\u00edme pevn\u011b, abychom v\u00e1m poskytli nejlep\u0161\u00ed 420 cannabis mail order slu\u017eby. Pot\u00e9, co jsme prozkoumali stres, kter\u00fd p\u0159in\u00e1\u0161\u00ed j\u00edzda do dispens\u00e1\u0159e pro va\u0161e l\u00e9ka\u0159sk\u00e9 marihuany pro bolest a \u00falevu, jsme se rozhodli pomoci komunit\u011b 420 t\u00edm, \u017ee nab\u00edz\u00edme p\u0159edpisy a doru\u010den\u00ed marihuany p\u0159\u00edmo na v\u00e1\u0161 pr\u00e1h bez jak\u00e9hokoli nepohodl\u00ed. Poskytujeme dopravu do v\u0161ech 50 st\u00e1t\u016f USA, Kanady a Evropy. Pro v\u00edce informac\u00ed se obra\u0165te na n\u00e1s, proto\u017ee jsme v\u017edy online k dispozici, abychom v\u00e1m pomohli z\u00edskat to nejlep\u0161\u00ed. Koupit Cali Pure OG Strain.<\/p>\n<p>Pure OG p\u0159in\u00e1\u0161\u00ed to nejlep\u0161\u00ed ze v\u0161ech sv\u011bt\u016f, proto\u017ee jej\u00ed \u00farove\u0148 THC je stabiln\u00edch 20%. Nav\u00edc mezi 1 % a 2 % CBD napln\u00ed va\u0161e t\u011blo pot\u0159ebn\u00fdm \u00falevem. Na za\u010d\u00e1tku poc\u00edt\u00edte typickou zemitou chu\u0165, ale p\u0159i vydechov\u00e1n\u00ed tato odr\u016fda nab\u00fdv\u00e1 slad\u0161\u00ed a o\u0159echovou chu\u0165. V\u016fn\u011b odpov\u00eddaj\u00ed t\u011bmto chut\u00edm a jsou pro v\u011bt\u0161inu p\u0159\u00edjemn\u00e9. Pupeny jsou n\u00e1dhern\u00fdm pohledem, s r\u016f\u017eov\u00fdmi podt\u00f3ny, tmav\u011b oran\u017eov\u00fdmi vlasy a silnou vrstvou trichom\u016f, kter\u00e9 p\u0159ipom\u00ednaj\u00ed p\u00edsek.<\/p>\n<h5 style=\"text-align: center\"><strong>PURE OG\u00a0 STRAIN | \u00a0PURE OG\u00a0 WEED STRAIN | CALI PURE OG\u00a0 | CALI PURE OG\u00a0 \u00a0STRAIN<\/strong><\/h5>\n<p><strong>Varov\u00e1n\u00ed o odr\u016fd\u011b Pure OG<\/strong><br \/> Na z\u00e1v\u011br, tento produkt obsahuje kanabis, regulovanou l\u00e1tku. Uchov\u00e1vejte mimo dosah d\u011bt\u00ed a zv\u00ed\u0159at. Produkty s kanabisem mohou vlastnit nebo konzumovat pouze osoby star\u0161\u00ed 21 let, pokud nejsou kvalifikovan\u00fdmi pacienty. Otravy zp\u016fsoben\u00e9 kanabisov\u00fdmi produkty mohou trvat a\u017e dv\u011b hodiny. U\u017e\u00edv\u00e1n\u00ed kanabisu b\u011bhem t\u011bhotenstv\u00ed nebo kojen\u00ed m\u016f\u017ee b\u00fdt \u0161kodliv\u00e9. Konzumace t\u011bchto produkt\u016f zhor\u0161uje schopnost \u0159\u00eddit nebo ovl\u00e1dat stroje. Bu\u010fte velmi opatrn\u00ed p\u0159ed n\u00e1kupem Pure OG Strain online a jeho konzumac\u00ed.<\/p>\n<p>Poch\u00e1zej\u00edc\u00ed od tajemn\u00fdch chovatel\u016f, kte\u0159\u00ed cht\u011bli vytvo\u0159it silnou a nechvaln\u011b zn\u00e1mou odr\u016fdu, je Pure OG k\u0159\u00ed\u017eenec SFV OG Kush, kter\u00fd vytv\u00e1\u0159\u00ed 60\/40 vyv\u00e1\u017een\u00fd pom\u011br s dominanc\u00ed indiky. Odr\u016fda odr\u00e1\u017e\u00ed chut\u011b sv\u00e9ho p\u016fvodn\u00edho rodi\u010de a p\u0159in\u00e1\u0161\u00ed u\u017eivatel\u016fm hlubok\u00fd relaxa\u010dn\u00ed \u00fa\u010dinek, kter\u00fd uklid\u0148uje i nejv\u00edce hektickou mysl nebo bolestiv\u00e9 t\u011blo.<\/p>\n<div data-testid=\"product-description\">\n<div class=\"truncate-lines__Wrapper-sc-1lknwty-0 YxHAC\">\n<div data-testid=\"truncated-description\">\n<div>\n<div class=\"text__Text-sc-fif1uk-0 kdmKRD\">\n<div class=\"src__Box-sc-1sbtrzs-0 src__Flex-sc-1sbtrzs-1 kWPFqZ hzdsvF\">\n<div>UK\u00c1ZKOV\u00c9 KATEGORIE PRODUKT\u016e<\/div>\n<\/p><\/div>\n<\/p><\/div>\n<\/p><\/div>\n<\/p><\/div>\n<\/p><\/div>\n<\/p><\/div>\n<div class=\"text__Text-sc-fif1uk-0 htoJfX\"><a href=\"https:\/\/jeetersofficial.com\/product-category\/buy-cali-buds\/\" target=\"_blank\" rel=\"noopener\">CALI BUDS<\/a><\/div>\n<div data-testid=\"product-description\">\n<div class=\"truncate-lines__Wrapper-sc-1lknwty-0 YxHAC\">\n<div data-testid=\"truncated-description\">\n<div class=\"text__Text-sc-fif1uk-0 kdmKRD\"><a href=\"https:\/\/jeetersofficial.com\/product-category\/backpack-boyz\/\" target=\"_blank\" rel=\"noopener\">Backpack\u00a0 Boyz<\/a><\/div>\n<div><a href=\"https:\/\/jeetersofficial.com\/product-category\/snow-balls-weed\/\" target=\"_blank\" rel=\"noopener\">SNOWBALLS WEED<\/a><\/div>\n<div><a href=\"https:\/\/jeetersofficial.com\/product-category\/persy-snowcaps\/\" target=\"_blank\" rel=\"noopener\">Persy Snowcaps<\/a><\/div>\n<div><a href=\"https:\/\/jeetersofficial.com\/product-category\/drip-snowcaps\/\" target=\"_blank\" rel=\"noopener\">Drip Snowcaps<\/a><\/div>\n<div><a href=\"https:\/\/jeetersofficial.com\/product-category\/concentrates\/\" target=\"_blank\" rel=\"noopener\">CALI CONCENTRATES<\/a><\/div>\n<div><a href=\"https:\/\/jeetersofficial.com\/product-category\/doja-exclusive\/\" target=\"_blank\" rel=\"noopener\">CALI DOJA PACKS EXCLUSIVE<\/a><\/div>\n<div><a href=\"https:\/\/jeetersofficial.com\/product-category\/marijuana-flowers\/\" target=\"_blank\" rel=\"noopener\">CALI MARIJUANA FLOWERS<\/a><\/div>\n<\/p><\/div>\n<\/p><\/div>\n<\/p><\/div>\n<div><a href=\"https:\/\/jeetersofficial.com\/product-category\/sativa-strain\/\" target=\"_blank\" rel=\"noopener\">CALI SATIVA STRAINS<\/a><\/div>\n<div><a href=\"https:\/\/jeetersofficial.com\/product-category\/indica\/\" target=\"_blank\" rel=\"noopener\">CALI INDICA STRAINS<\/a><\/div>\n<div><a href=\"https:\/\/jeetersofficial.com\/product-category\/hybrid-weed\/\" target=\"_blank\" rel=\"noopener\">CALI HYBRID WEED<\/a><\/div>","protected":false},"excerpt":{"rendered":"<p><strong>Cali Plug Pure OG Strain<\/strong><br \/> Nejprve je Cali Pure OG Strain fenotypem Girl Scout Cookies. Je pojmenov\u00e1n podle sv\u00fdch zakalen\u00fdch b\u00edl\u00fdch trichom\u016f a lepkav\u00fdch pupen\u016f, tato odr\u016fda von\u00ed po sladk\u00fdch, m\u00e1tov\u00fdch terpenech s kouzeln\u00fdm p\u00edskov\u00fdm n\u00e1dechem.<\/p>","protected":false},"featured_media":1738,"comment_status":"closed","ping_status":"closed","template":"","meta":{"_uag_custom_page_level_css":"","site-sidebar-layout":"default","site-content-layout":"","ast-site-content-layout":"","site-content-style":"default","site-sidebar-style":"default","ast-global-header-display":"","ast-banner-title-visibility":"","ast-main-header-display":"","ast-hfb-above-header-display":"","ast-hfb-below-header-display":"","ast-hfb-mobile-header-display":"","site-post-title":"","ast-breadcrumbs-content":"","ast-featured-img":"","footer-sml-layout":"","theme-transparent-header-meta":"","adv-header-id-meta":"","stick-header-meta":"","header-above-stick-meta":"","header-main-stick-meta":"","header-below-stick-meta":"","astra-migrate-meta-layouts":"default","ast-page-background-enabled":"default","ast-page-background-meta":{"desktop":{"background-color":"var(--ast-global-color-4)","background-image":"","background-repeat":"repeat","background-position":"center center","background-size":"auto","background-attachment":"scroll","background-type":"","background-media":"","overlay-type":"","overlay-color":"","overlay-opacity":"","overlay-gradient":""},"tablet":{"background-color":"","background-image":"","background-repeat":"repeat","background-position":"center center","background-size":"auto","background-attachment":"scroll","background-type":"","background-media":"","overlay-type":"","overlay-color":"","overlay-opacity":"","overlay-gradient":""},"mobile":{"background-color":"","background-image":"","background-repeat":"repeat","background-position":"center center","background-size":"auto","background-attachment":"scroll","background-type":"","background-media":"","overlay-type":"","overlay-color":"","overlay-opacity":"","overlay-gradient":""}},"ast-content-background-meta":{"desktop":{"background-color":"var(--ast-global-color-5)","background-image":"","background-repeat":"repeat","background-position":"center center","background-size":"auto","background-attachment":"scroll","background-type":"","background-media":"","overlay-type":"","overlay-color":"","overlay-opacity":"","overlay-gradient":""},"tablet":{"background-color":"var(--ast-global-color-5)","background-image":"","background-repeat":"repeat","background-position":"center center","background-size":"auto","background-attachment":"scroll","background-type":"","background-media":"","overlay-type":"","overlay-color":"","overlay-opacity":"","overlay-gradient":""},"mobile":{"background-color":"var(--ast-global-color-5)","background-image":"","background-repeat":"repeat","background-position":"center center","background-size":"auto","background-attachment":"scroll","background-type":"","background-media":"","overlay-type":"","overlay-color":"","overlay-opacity":"","overlay-gradient":""}}},"product_brand":[],"product_cat":[675],"product_tag":[489,491,648,506,649,508,509,510,531,492,481,472,650,651,652,514,473,515,653,654,503],"class_list":{"0":"post-1810","1":"product","2":"type-product","3":"status-publish","4":"has-post-thumbnail","6":"product_cat-buy-cali-buds","7":"product_tag-best-cali-packs","8":"product_tag-buy-cali-bud-or-no-bud-online","9":"product_tag-buy-cali-bud-or-no-bud-pure-og-online","10":"product_tag-buy-cali-buds","11":"product_tag-buy-pure-og-cali-bud-or-no-bud-online","12":"product_tag-buy-weed-online","13":"product_tag-by-the-best-cali-buds","14":"product_tag-cali-bags","15":"product_tag-cali-bud","16":"product_tag-cali-bud-or-no-bud","17":"product_tag-cali-bud-or-no-bud-for-sale","18":"product_tag-cali-bud-or-no-bud-near-me","19":"product_tag-cali-bud-or-no-bud-pure-og","20":"product_tag-cali-bud-or-no-bud-pure-og-for-sale","21":"product_tag-cali-bud-or-no-bud-pure-og-near-me","22":"product_tag-cali-bud-packs","23":"product_tag-cali-buds","24":"product_tag-cali-buds-online","25":"product_tag-cali-pure-og","26":"product_tag-pure-og-weed-strain","27":"product_tag-top-cali-bud-packs","28":"desktop-align-center","29":"tablet-align-left","30":"mobile-align-left","32":"first","33":"instock","34":"shipping-taxable","35":"purchasable","36":"product-type-variable"},"uagb_featured_image_src":{"full":["https:\/\/caliweedeurope.com\/wp-content\/uploads\/2024\/11\/56e3b9f5-aefa-40e3-bae8-4d47822696b6-1.jpg",768,1024,false],"thumbnail":["https:\/\/caliweedeurope.com\/wp-content\/uploads\/2024\/11\/56e3b9f5-aefa-40e3-bae8-4d47822696b6-1-150x150.jpg",150,150,true],"medium":["https:\/\/caliweedeurope.com\/wp-content\/uploads\/2024\/11\/56e3b9f5-aefa-40e3-bae8-4d47822696b6-1-225x300.jpg",225,300,true],"medium_large":["https:\/\/caliweedeurope.com\/wp-content\/uploads\/2024\/11\/56e3b9f5-aefa-40e3-bae8-4d47822696b6-1.jpg",768,1024,false],"large":["https:\/\/caliweedeurope.com\/wp-content\/uploads\/2024\/11\/56e3b9f5-aefa-40e3-bae8-4d47822696b6-1.jpg",768,1024,false],"1536x1536":["https:\/\/caliweedeurope.com\/wp-content\/uploads\/2024\/11\/56e3b9f5-aefa-40e3-bae8-4d47822696b6-1.jpg",768,1024,false],"2048x2048":["https:\/\/caliweedeurope.com\/wp-content\/uploads\/2024\/11\/56e3b9f5-aefa-40e3-bae8-4d47822696b6-1.jpg",768,1024,false],"trp-custom-language-flag":["https:\/\/caliweedeurope.com\/wp-content\/uploads\/2024\/11\/56e3b9f5-aefa-40e3-bae8-4d47822696b6-1.jpg",9,12,false],"woocommerce_thumbnail":["https:\/\/caliweedeurope.com\/wp-content\/uploads\/2024\/11\/56e3b9f5-aefa-40e3-bae8-4d47822696b6-1-300x300.jpg",300,300,true],"woocommerce_single":["https:\/\/caliweedeurope.com\/wp-content\/uploads\/2024\/11\/56e3b9f5-aefa-40e3-bae8-4d47822696b6-1-600x800.jpg",600,800,true],"woocommerce_gallery_thumbnail":["https:\/\/caliweedeurope.com\/wp-content\/uploads\/2024\/11\/56e3b9f5-aefa-40e3-bae8-4d47822696b6-1-100x100.jpg",100,100,true]},"uagb_author_info":{"display_name":"jetskiforsaleuk@gmail.com","author_link":"https:\/\/caliweedeurope.com\/cs\/author\/"},"uagb_comment_info":0,"uagb_excerpt":"Cali Plug Pure OG Strain To begin with buy Cali Pure OG strain is a Girl Scout Cookies phenotype. Named for its cloudy white trichomes and sticky buds, this strain smells of sweet, minty terpenes with a charming gritty hint.","_links":{"self":[{"href":"https:\/\/caliweedeurope.com\/cs\/wp-json\/wp\/v2\/product\/1810"}],"collection":[{"href":"https:\/\/caliweedeurope.com\/cs\/wp-json\/wp\/v2\/product"}],"about":[{"href":"https:\/\/caliweedeurope.com\/cs\/wp-json\/wp\/v2\/types\/product"}],"replies":[{"embeddable":true,"href":"https:\/\/caliweedeurope.com\/cs\/wp-json\/wp\/v2\/comments?post=1810"}],"wp:featuredmedia":[{"embeddable":true,"href":"https:\/\/caliweedeurope.com\/cs\/wp-json\/wp\/v2\/media\/1738"}],"wp:attachment":[{"href":"https:\/\/caliweedeurope.com\/cs\/wp-json\/wp\/v2\/media?parent=1810"}],"wp:term":[{"taxonomy":"product_brand","embeddable":true,"href":"https:\/\/caliweedeurope.com\/cs\/wp-json\/wp\/v2\/product_brand?post=1810"},{"taxonomy":"product_cat","embeddable":true,"href":"https:\/\/caliweedeurope.com\/cs\/wp-json\/wp\/v2\/product_cat?post=1810"},{"taxonomy":"product_tag","embeddable":true,"href":"https:\/\/caliweedeurope.com\/cs\/wp-json\/wp\/v2\/product_tag?post=1810"}],"curies":[{"name":"wp","href":"https:\/\/api.w.org\/{rel}","templated":true}]}}