{"id":1816,"date":"2024-11-05T18:39:28","date_gmt":"2024-11-05T18:39:28","guid":{"rendered":"https:\/\/caliweedeurope.com\/?post_type=product&#038;p=1816"},"modified":"2024-11-05T18:39:35","modified_gmt":"2024-11-05T18:39:35","slug":"buy-cali-plug-smuckers-strain-online","status":"publish","type":"product","link":"https:\/\/caliweedeurope.com\/cs\/product\/buy-cali-plug-smuckers-strain-online\/","title":{"rendered":"Kupte Cali Plug Smuckers Strain online"},"content":{"rendered":"<h1 style=\"text-align: center\"><strong>\u00a0 \u00a0 \u00a0 \u00a0 \u00a0<\/strong><strong>SMUCKERS <\/strong><strong>\u00a0<\/strong><strong>CALI BUD OR NO BUD<\/strong><strong> |<\/strong> <strong>CALI BUD OR NO BUD <\/strong><strong>SMUCKERS <\/strong><strong>\u00a0|<\/strong> <strong>CALI PLUG CALI BUD OR NO BUD<\/strong><\/h1>\n<p><strong>Cali Plug Smuckers Strain<\/strong><br \/> Cali Smuckers je vlivn\u00e1 hybridn\u00ed odr\u016fda konop\u00ed, zk\u0159\u00ed\u017een\u00e1 s Strawberry a Grape Ape, aby vytvo\u0159ila tuto \u00fa\u017easnou odr\u016fdu. Cali Plug je hrd\u00fd, \u017ee v\u00e1m p\u0159edstav\u00ed tuto trendy a \u0161pi\u010dkovou odr\u016fdu.<\/p>\n<p><strong>L\u00e9ka\u0159sk\u00e9 pou\u017eit\u00ed odr\u016fdy konop\u00ed Cali Plug Smuckers<\/strong><br \/> Odr\u016fda Cali Bud Smuckers je nejlep\u0161\u00ed pro pacienty trp\u00edc\u00ed \u00fazkost\u00ed a chronick\u00fdmi bolestmi. Tato odr\u016fda zaru\u010duje okam\u017eitou \u00falevu od bolesti a \u00fazkosti. Tato odr\u016fda tak\u00e9 slou\u017e\u00ed jako l\u00e9k na pulzuj\u00edc\u00ed bolesti a nevolnost. Odr\u016fda m\u016f\u017ee tak\u00e9 pomoci bojovat proti p\u0159\u00edznak\u016fm PTSD. Kupte kvalitn\u00ed Cali odr\u016fdy od Cali Weed Plug pro skute\u010dn\u00e9 kv\u011bty a bezpe\u010dnou dopravu.<\/p>\n<p>Pravd\u011bpodobn\u011b jste nikdy nesly\u0161eli o odr\u016fd\u011b Smuckers. Odr\u016fda Smuckers je nov\u00e1 odr\u016fda, kter\u00e1 byla na trh s konop\u00edm uvedena p\u0159ed n\u011bkolika m\u011bs\u00edci. Tato odr\u016fda z\u00edsk\u00e1v\u00e1 na popularit\u011b po cel\u00e9m sv\u011bt\u011b, zejm\u00e9na ve Spojen\u00fdch st\u00e1tech, a popt\u00e1vka po t\u00e9to odr\u016fd\u011b vzrostla za\u010d\u00e1tkem roku 2021. Jak\u00e1 \u00fa\u017easn\u00e1 odr\u016fda m\u00e1me dnes. Chu\u0165 je skv\u011bl\u00e1, such\u00e1 nebo zap\u00e1len\u00e1\u2026 \u00fa\u010dinky jsou skv\u011bl\u00e9 pro relaxa\u010dn\u00ed ve\u010der a dobrou no\u010dn\u00ed regeneraci. Pou\u017e\u00edv\u00e1m CPAP u\u017e 15 let, ale st\u00e1le nesp\u00edm dob\u0159e. Cesta do Pa\u0159\u00ed\u017ee a spal jsem l\u00e9pe ne\u017e kdykoli p\u0159edt\u00edm. Odr\u016fda Smuckers m\u00e1 sladkou, zemitou, ovocnou a ko\u0159en\u011bnou v\u016fni s obsahem THC vy\u0161\u0161\u00edm ne\u017e 22%. Pupeny maj\u00ed jasn\u011b zelen\u00e9 skvrny a \u017eiv\u00e9 oran\u017eov\u00e9 chloupky.<\/p>\n<h2 style=\"text-align: center\">\u00a0<strong>BUY\u00a0<\/strong><strong>SMUCKERS\u00a0<\/strong><strong>\u00a0CALI BUD OR NO BUD\u00a0 ONLINE | BUY CALI BUD OR NO BUD\u00a0<\/strong><strong>SMUCKERS\u00a0<\/strong><strong>\u00a0\u00a0ONLINE | BUY CALI BUD OR NO BUD ONLINE<\/strong><\/h2>\n<p>P\u011bstitel\u00e9 konop\u00ed by se zam\u011b\u0159ili na vytv\u00e1\u0159en\u00ed nov\u00fdch odr\u016fd, kter\u00e9 v\u00e1m zp\u0159\u00edjemn\u00ed den a zp\u016fsob\u00ed, \u017ee se budete c\u00edtit \u00fa\u017easn\u011b a uvoln\u011bn\u011b. To zn\u00ed jako prav\u00fd v\u00fdznam dobr\u00e9ho \u017eivota. Odr\u016fda Smuckers je p\u0159id\u00e1na do jejich skupiny vynikaj\u00edc\u00edch rostlin. Odr\u016fda Smuckers poskytuje dobrou euforickou vlnu. Po po\u010d\u00e1te\u010dn\u00edm tv\u016fr\u010d\u00edm n\u00e1r\u016fstu p\u0159eb\u00edr\u00e1 zklid\u0148uj\u00edc\u00ed t\u011blesn\u00fd \u00fa\u010dinek. M\u016f\u017ee se st\u00e1t znecitlivuj\u00edc\u00ed a ulevit od v\u0161ech typ\u016f bolesti. Nakonec p\u0159ich\u00e1z\u00ed hlad.<\/p>\n<p><strong>P\u011bstov\u00e1n\u00ed odr\u016fdy konop\u00ed Smuckers<\/strong><br \/> Tato odr\u016fda roste kr\u00e1tce a m\u016f\u017ee se dob\u0159e vyv\u00edjet uvnit\u0159, venku nebo dokonce ve sklen\u00edku. Rostliny by m\u011bly z\u016fstat ve vegetativn\u00ed f\u00e1zi alespo\u0148 m\u011bs\u00edc, ne-li p\u011bt. Odr\u016fda kvete osm a\u017e dev\u011bt t\u00fddn\u016f a poskytuje jeden gram na watt uvnit\u0159. Venkovn\u00ed p\u011bstitel\u00e9 mohou skl\u00edzet a\u017e libru na rostlinu.<\/p>\n<p><strong>Cali Smuckers<\/strong><\/p>\n<p>Cali Smuckers je vlivn\u00e1 hybridn\u00ed odr\u016fda konop\u00ed, k\u0159\u00ed\u017een\u00e1 se Strawberry a Grape Ape, kter\u00e1 vytvo\u0159ila tuto \u00fa\u017easnou odr\u016fdu. Tato odr\u016fda je nejlep\u0161\u00ed pro pacienty trp\u00edc\u00ed \u00fazkost\u00ed a chronickou bolest\u00ed. Tato odr\u016fda zaru\u010duje okam\u017eit\u00e9 zm\u00edrn\u011bn\u00ed bolesti. Jej\u00ed m\u00edrn\u00e9 \u00fa\u010dinky mohou pomoci zm\u00edrnit bolesti a nevolnost.<\/p>\n<p>&nbsp;<\/p>\n<h3 style=\"text-align: center\"><strong>SMUCKERS\u00a0<\/strong><strong>CALI BUD OR NO BUD FOR SALE | CALI BUD OR NO BUD\u00a0\u00a0<\/strong><strong>SMUCKERS\u00a0<\/strong><strong>\u00a0FOR SALE | CALI BUD OR NO BUD\u00a0 FOR SALE<\/strong><\/h3>\n<div><strong>Kde koupit odr\u016fdu Smuckers<\/strong><\/div>\n<div>\n<p>Odr\u016fda Smuckers se v posledn\u00ed dob\u011b st\u00e1v\u00e1 jednou z nejlep\u0161\u00edch odr\u016fd na trhu. P\u0159esto je na trhu omezen\u00fd po\u010det dodavatel\u016f t\u00e9to odr\u016fdy. N\u011bkte\u0159\u00ed dodavatel\u00e9 tak vyu\u017e\u00edvaj\u00ed sv\u00e9 kupuj\u00edc\u00ed. Proto p\u0159i v\u00fdb\u011bru dodavatele pro odr\u016fdu Smuckers postupujte opatrn\u011b. Pro sv\u00e9 pot\u0159eby t\u00e9to odr\u016fdy m\u016f\u017eete v\u017edy nav\u0161t\u00edvit na\u0161e webov\u00e9 str\u00e1nky. Sna\u017e\u00edme se toti\u017e co nejv\u00edce splnit po\u017eadavky na\u0161ich klient\u016f. Proto m\u00e1me v\u017edy z\u00e1sobu Smuckers konop\u00ed.<\/p>\n<\/p><\/div>\n<p><strong>\u00da\u010dinky odr\u016fdy konop\u00ed Smuckers<\/strong><br \/> T\u011blesn\u00e9 opojen\u00ed, Euforie, Uklid\u0148uj\u00edc\u00ed, Ospal\u00fd, Povzn\u00e1\u0161ej\u00edc\u00ed<br \/> <strong>M\u016f\u017ee ulevit<\/strong><br \/> \u00dazkost, Chronick\u00e1 bolest, Deprese, Nespavost, PTSD, Stres<br \/> <strong>Chut\u011b<\/strong><br \/> Cukrovinka, \u010cokol\u00e1da, Kr\u00e9mov\u00fd, Ovocn\u00fd, Cukrov\u00fd, Sladk\u00fd<br \/> <strong>Aromata<\/strong><br \/> \u010cokol\u00e1da, Zemit\u00fd, Ovocn\u00fd, Bylinn\u00fd, Sladk\u00fd<\/p>\n<p>Tato odr\u016fda m\u016f\u017ee rovn\u011b\u017e pomoci v boji proti p\u0159\u00edznak\u016fm PTSD. Roste n\u00edzko a da\u0159\u00ed se j\u00ed dob\u0159e uvnit\u0159, venku nebo dokonce ve sklen\u00edku. Nad\u0161enci by m\u011bli na vegeta\u010dn\u00ed f\u00e1zi po\u010d\u00edtat alespo\u0148 m\u011bs\u00edc, ide\u00e1ln\u011b p\u011bt. Odr\u016fda kvete osm a\u017e dev\u011bt t\u00fddn\u016f a p\u0159i p\u011bstov\u00e1n\u00ed uvnit\u0159 vyprodukuje gram na watt. Venku mohou p\u011bstitel\u00e9 skl\u00edzet a\u017e p\u016fl kila na rostlinu.<\/p>\n<h3 style=\"text-align: center\"><strong>CALI BUD OR NO BUD \u00a0SMUCKERS \u00a0\u00a0NEAR ME | SMUCKERS \u00a0\u00a0CALI BUD OR NO BUD\u00a0\u00a0 NEAR ME | CALI BUD OR NO BUD \u00a0NEAR ME<\/strong><\/h3>\n<div><strong>\u00a0<\/strong><\/div>\n<div>P\u0159\u00edjemn\u00e1 zemit\u00e1 citronov\u00e1 chu\u0165 byla typick\u00e1 pro odr\u016fdu Smuckers. Kou\u0159il jsem ji a byla v\u00fdborn\u00e1. High bylo povzn\u00e1\u0161ej\u00edc\u00ed, opojn\u00e9, \u0161\u0165astn\u00e9 a uvoln\u011bn\u00e9 \u2013 velmi pohodov\u00e9, ide\u00e1ln\u00ed na hran\u00ed her nebo poslouch\u00e1n\u00ed hudby. Ur\u010dit\u011b bych to kou\u0159il znovu.<\/div>\n<p><strong>Varov\u00e1n\u00ed k odr\u016fd\u011b konop\u00ed Smuckers<\/strong><br \/> Tento produkt obsahuje cannabis, regulovanou l\u00e1tku. Uchov\u00e1vejte mimo dosah d\u011bt\u00ed a zv\u00ed\u0159at. Produkty obsahuj\u00edc\u00ed cannabis mohou vlastnit nebo konzumovat pouze osoby star\u0161\u00ed 21 let, pokud nejsou kvalifikovan\u00fdm pacientem. Otravy zp\u016fsoben\u00e9 konzumac\u00ed cannabisov\u00fdch produkt\u016f mohou p\u0159etrv\u00e1vat a\u017e dv\u011b hodiny. Konzumace cannabisov\u00fdch produkt\u016f b\u011bhem t\u011bhotenstv\u00ed nebo kojen\u00ed m\u016f\u017ee b\u00fdt \u0161kodliv\u00e1. Konzumace t\u011bchto produkt\u016f naru\u0161uje va\u0161i schopnost \u0159\u00eddit nebo obsluhovat stroje. Pou\u017e\u00edvejte extr\u00e9mn\u00ed opatrnost.<\/p>\n<p class=\"p1\"><strong>Upozorn\u011bn\u00ed<\/strong><\/p>\n<p class=\"p1\">Za t\u0159et\u00ed, tento produkt obsahuje cannabis, kontrolovanou l\u00e1tku. Uchov\u00e1vejte mimo dosah d\u011bt\u00ed a zv\u00ed\u0159at. Produkty obsahuj\u00edc\u00ed cannabis mohou vlastnit nebo konzumovat pouze osoby star\u0161\u00ed 21 let, pokud nen\u00ed osoba kvalifikovan\u00fdm pacientem. Opiov\u00e9 \u00fa\u010dinky cannabisov\u00fdch produkt\u016f mohou trvat a\u017e dv\u011b hodiny. Pou\u017eit\u00ed cannabis p\u0159i t\u011bhotenstv\u00ed nebo kojen\u00ed m\u016f\u017ee b\u00fdt \u0161kodliv\u00e9. Konzumace t\u011bchto produkt\u016f ovliv\u0148uje va\u0161i schopnost \u0159\u00eddit nebo obsluhovat stroje. Pou\u017e\u00edvejte extr\u00e9mn\u00ed opatrnost.<\/p>\n<h4 class=\"p1\" style=\"text-align: center\"><strong>SMUCKERS STRAIN | SMUCKERS WEED STRAIN<\/strong><\/h4>\n<p><strong>\u00da\u010dinky a l\u00e9ka\u0159sk\u00e9 v\u00fdhody odr\u016fdy<\/strong><\/p>\n<div class=\"translation-block\">Kanabis obsahuje slou\u010deniny, kter\u00e9 mohou ovlivnit v\u00e1\u0161 mozek a t\u011blo. M\u016f\u017ee b\u00fdt n\u00e1vykov\u00fd a z\u00e1rove\u0148 \u0161kodliv\u00fd pro zdrav\u00ed n\u011bkter\u00fdch lid\u00ed a tak\u00e9 v\u00e1s dostat do stavu opilosti. V posledn\u00edch letech v\u0161ak kanabis z\u00edskal ve\u0159ejnou akceptaci a v\u011bt\u0161ina st\u00e1t\u016f legalizovala jeho pou\u017eit\u00ed. Rostliny konop\u00ed mohou b\u00fdt pou\u017eity k l\u00e9\u010db\u011b \u0159ady<a href=\"https:\/\/myweedgroup.com\/product\/buy-smuckers-strain\/\" target=\"_blank\" rel=\"noopener\">ment\u00e1ln\u00edch<\/a> a fyzick\u00fdch probl\u00e9m\u016f. Z l\u00e9ka\u0159sk\u00e9ho hlediska je odr\u016fda Smuckers zn\u00e1m\u00e1 t\u00edm, \u017ee pom\u00e1h\u00e1 \u0159e\u0161it intenzivn\u00ed probl\u00e9my se sp\u00e1nkem. Tato odr\u016fda je tak\u00e9 zn\u00e1m\u00e1 t\u00edm, \u017ee pom\u00e1h\u00e1 p\u0159i l\u00e9\u010db\u011b deprese. Deprese je pom\u011brn\u011b roz\u0161\u00ed\u0159en\u00e1, ani\u017e by si v\u011bt\u0161ina lid\u00ed uv\u011bdomovala, \u017ee j\u00ed trp\u00ed. Pouze l\u00e9ka\u0159i mohou toto prok\u00e1zat. Tato odr\u016fda tak\u00e9 pom\u00e1h\u00e1 p\u0159i l\u00e9\u010db\u011b chronick\u00e9 bolesti, stresu nebo \u00fazkosti, nespavosti, ztr\u00e1ty chuti k j\u00eddlu a z\u00e1n\u011bt\u016f.<\/div>\n<div>\n<p><strong>Balen\u00ed odr\u016fdy Smuckers<\/strong><\/p>\n<div>\n<div>V\u0161echny exotick\u00e9 a cookies odr\u016fdy na na\u0161em webu jsou baleny v jejich ofici\u00e1ln\u00edch s\u00e1\u010dc\u00edch, jak je vid\u011bt na na\u0161\u00ed str\u00e1nce. Nen\u00ed to \u00fa\u017easn\u00e9? Ano, je to. Proto nemus\u00edte platit extra za s\u00e1\u010dky. Nejsme snad nejlep\u0161\u00ed na trhu? Objednejte si nyn\u00ed!<\/div>\n<div>\n<div>\n<div>\n<div>Je v\u0161ak t\u0159eba poznamenat, \u017ee odr\u016fda Smuckers v posledn\u00edch dnech st\u00e1le v\u00edce z\u00edsk\u00e1v\u00e1 na popularit\u011b. Tato odr\u016fda posiluje popularitu dal\u0161\u00edch odr\u016fd. Proto by m\u011bl b\u00fdt zv\u00e1\u017een dobr\u00fd n\u00e1sledn\u00fd sledov\u00e1n\u00ed t\u00e9to odr\u016fdy. Smuckers Weed odr\u016fda.<\/div>\n<div><\/div>\n<\/p><\/div>\n<\/p><\/div>\n<div>\n<div data-testid=\"product-description\">\n<div class=\"truncate-lines__Wrapper-sc-1lknwty-0 YxHAC\">\n<div data-testid=\"truncated-description\">\n<div>\n<div class=\"text__Text-sc-fif1uk-0 kdmKRD\">\n<div class=\"src__Box-sc-1sbtrzs-0 src__Flex-sc-1sbtrzs-1 kWPFqZ hzdsvF\">\n<div>UK\u00c1ZKOV\u00c9 KATEGORIE PRODUKT\u016e<\/div>\n<\/p><\/div>\n<\/p><\/div>\n<\/p><\/div>\n<\/p><\/div>\n<\/p><\/div>\n<\/p><\/div>\n<div class=\"text__Text-sc-fif1uk-0 htoJfX\"><a href=\"https:\/\/jeetersofficial.com\/product-category\/buy-cali-buds\/\" target=\"_blank\" rel=\"noopener\">CALI BUDS<\/a><\/div>\n<div data-testid=\"product-description\">\n<div class=\"truncate-lines__Wrapper-sc-1lknwty-0 YxHAC\">\n<div data-testid=\"truncated-description\">\n<div class=\"text__Text-sc-fif1uk-0 kdmKRD\"><a href=\"https:\/\/jeetersofficial.com\/product-category\/backpack-boyz\/\" target=\"_blank\" rel=\"noopener\">Backpack\u00a0 Boyz<\/a><\/div>\n<div><a href=\"https:\/\/jeetersofficial.com\/product-category\/snow-balls-weed\/\" target=\"_blank\" rel=\"noopener\">SNOWBALLS WEED<\/a><\/div>\n<div><a href=\"https:\/\/jeetersofficial.com\/product-category\/persy-snowcaps\/\" target=\"_blank\" rel=\"noopener\">Persy Snowcaps<\/a><\/div>\n<div><a href=\"https:\/\/jeetersofficial.com\/product-category\/drip-snowcaps\/\" target=\"_blank\" rel=\"noopener\">Drip Snowcaps<\/a><\/div>\n<div><a href=\"https:\/\/jeetersofficial.com\/product-category\/concentrates\/\" target=\"_blank\" rel=\"noopener\">CALI CONCENTRATES<\/a><\/div>\n<div><a href=\"https:\/\/jeetersofficial.com\/product-category\/doja-exclusive\/\" target=\"_blank\" rel=\"noopener\">CALI DOJA PACKS EXCLUSIVE<\/a><\/div>\n<div><a href=\"https:\/\/jeetersofficial.com\/product-category\/marijuana-flowers\/\" target=\"_blank\" rel=\"noopener\">CALI MARIJUANA FLOWERS<\/a><\/div>\n<\/p><\/div>\n<\/p><\/div>\n<\/p><\/div>\n<div><a href=\"https:\/\/jeetersofficial.com\/product-category\/sativa-strain\/\" target=\"_blank\" rel=\"noopener\">CALI SATIVA STRAINS<\/a><\/div>\n<div><a href=\"https:\/\/jeetersofficial.com\/product-category\/indica\/\" target=\"_blank\" rel=\"noopener\">CALI INDICA STRAINS<\/a><\/div>\n<div><a href=\"https:\/\/jeetersofficial.com\/product-category\/hybrid-weed\/\" target=\"_blank\" rel=\"noopener\">CALI HYBRID WEED<\/a><\/div>\n<\/p><\/div>\n<\/p><\/div>\n<\/p><\/div>\n<\/p><\/div>","protected":false},"excerpt":{"rendered":"<p><strong>Cali Plug Smuckers Strain<\/strong><br \/> Cali Smuckers je vlivn\u00e1 hybridn\u00ed odr\u016fda konop\u00ed, zk\u0159\u00ed\u017een\u00e1 s Strawberry a Grape Ape, aby vytvo\u0159ila tuto \u00fa\u017easnou odr\u016fdu. Cali Plug je hrd\u00fd, \u017ee v\u00e1m p\u0159edstav\u00ed tuto trendy a \u0161pi\u010dkovou odr\u016fdu.<\/p>","protected":false},"featured_media":1835,"comment_status":"closed","ping_status":"closed","template":"","meta":{"_uag_custom_page_level_css":"","site-sidebar-layout":"default","site-content-layout":"","ast-site-content-layout":"","site-content-style":"default","site-sidebar-style":"default","ast-global-header-display":"","ast-banner-title-visibility":"","ast-main-header-display":"","ast-hfb-above-header-display":"","ast-hfb-below-header-display":"","ast-hfb-mobile-header-display":"","site-post-title":"","ast-breadcrumbs-content":"","ast-featured-img":"","footer-sml-layout":"","theme-transparent-header-meta":"","adv-header-id-meta":"","stick-header-meta":"","header-above-stick-meta":"","header-main-stick-meta":"","header-below-stick-meta":"","astra-migrate-meta-layouts":"default","ast-page-background-enabled":"default","ast-page-background-meta":{"desktop":{"background-color":"var(--ast-global-color-4)","background-image":"","background-repeat":"repeat","background-position":"center center","background-size":"auto","background-attachment":"scroll","background-type":"","background-media":"","overlay-type":"","overlay-color":"","overlay-opacity":"","overlay-gradient":""},"tablet":{"background-color":"","background-image":"","background-repeat":"repeat","background-position":"center center","background-size":"auto","background-attachment":"scroll","background-type":"","background-media":"","overlay-type":"","overlay-color":"","overlay-opacity":"","overlay-gradient":""},"mobile":{"background-color":"","background-image":"","background-repeat":"repeat","background-position":"center center","background-size":"auto","background-attachment":"scroll","background-type":"","background-media":"","overlay-type":"","overlay-color":"","overlay-opacity":"","overlay-gradient":""}},"ast-content-background-meta":{"desktop":{"background-color":"var(--ast-global-color-5)","background-image":"","background-repeat":"repeat","background-position":"center center","background-size":"auto","background-attachment":"scroll","background-type":"","background-media":"","overlay-type":"","overlay-color":"","overlay-opacity":"","overlay-gradient":""},"tablet":{"background-color":"var(--ast-global-color-5)","background-image":"","background-repeat":"repeat","background-position":"center center","background-size":"auto","background-attachment":"scroll","background-type":"","background-media":"","overlay-type":"","overlay-color":"","overlay-opacity":"","overlay-gradient":""},"mobile":{"background-color":"var(--ast-global-color-5)","background-image":"","background-repeat":"repeat","background-position":"center center","background-size":"auto","background-attachment":"scroll","background-type":"","background-media":"","overlay-type":"","overlay-color":"","overlay-opacity":"","overlay-gradient":""}}},"product_brand":[],"product_cat":[675],"product_tag":[489,491,709,506,710,508,509,510,492,481,472,711,712,713,515,518,461,462,714,465,715,467,716,717,718,719,720,721,722,723,724,725,726,727,728,729,730,731,732,733,734,735,736],"class_list":{"0":"post-1816","1":"product","2":"type-product","3":"status-publish","4":"has-post-thumbnail","6":"product_cat-buy-cali-buds","7":"product_tag-best-cali-packs","8":"product_tag-buy-cali-bud-or-no-bud-online","9":"product_tag-buy-cali-bud-or-no-bud-smuckers-online","10":"product_tag-buy-cali-buds","11":"product_tag-buy-smuckers-strain","12":"product_tag-buy-weed-online","13":"product_tag-by-the-best-cali-buds","14":"product_tag-cali-bags","15":"product_tag-cali-bud-or-no-bud","16":"product_tag-cali-bud-or-no-bud-for-sale","17":"product_tag-cali-bud-or-no-bud-near-me","18":"product_tag-cali-bud-or-no-bud-smuckers","19":"product_tag-cali-bud-or-no-bud-smuckers-for-sale","20":"product_tag-cali-bud-or-no-bud-smuckers-near-me","21":"product_tag-cali-buds-online","22":"product_tag-cali-gush-lato","23":"product_tag-cali-packs","24":"product_tag-cali-plug-cali-bud-or-no-bud","25":"product_tag-cali-smuckers-strain","26":"product_tag-cali-weed-flavors","27":"product_tag-exotics-bud-packs","28":"product_tag-hardball-cookies","29":"product_tag-smuckers-cali-bud-or-no-bud","30":"product_tag-smuckers-cali-bud-or-no-bud-near-me","31":"product_tag-smuckers-cali-strain","32":"product_tag-smuckers-marijuana","33":"product_tag-smuckers-strain","34":"product_tag-smuckers-strain-allbud","35":"product_tag-smuckers-strain-buy","36":"product_tag-smuckers-strain-buy-smuckers-cali-bud-or-no-bud-online","37":"product_tag-smuckers-strain-for-sale","38":"product_tag-smuckers-strain-germany","39":"product_tag-smuckers-strain-ireland","40":"product_tag-smuckers-strain-italy","41":"product_tag-smuckers-strain-online","42":"product_tag-smuckers-strain-review","43":"product_tag-smuckers-strain-reviewssmuckers-strain","44":"product_tag-smuckers-strain-uk","45":"product_tag-smuckers-strain-usa","46":"product_tag-smuckers-strain-weedmaps","47":"product_tag-smuckers-weed","48":"product_tag-smuckers-weed-strain","49":"product_tag-smuckers-weed-strain-smuckers-cali-bud-or-no-bud-for-sale","50":"desktop-align-center","51":"tablet-align-left","52":"mobile-align-left","54":"first","55":"instock","56":"shipping-taxable","57":"purchasable","58":"product-type-variable"},"uagb_featured_image_src":{"full":["https:\/\/caliweedeurope.com\/wp-content\/uploads\/2024\/11\/smuckers.jpg",384,511,false],"thumbnail":["https:\/\/caliweedeurope.com\/wp-content\/uploads\/2024\/11\/smuckers-150x150.jpg",150,150,true],"medium":["https:\/\/caliweedeurope.com\/wp-content\/uploads\/2024\/11\/smuckers-225x300.jpg",225,300,true],"medium_large":["https:\/\/caliweedeurope.com\/wp-content\/uploads\/2024\/11\/smuckers.jpg",384,511,false],"large":["https:\/\/caliweedeurope.com\/wp-content\/uploads\/2024\/11\/smuckers.jpg",384,511,false],"1536x1536":["https:\/\/caliweedeurope.com\/wp-content\/uploads\/2024\/11\/smuckers.jpg",384,511,false],"2048x2048":["https:\/\/caliweedeurope.com\/wp-content\/uploads\/2024\/11\/smuckers.jpg",384,511,false],"trp-custom-language-flag":["https:\/\/caliweedeurope.com\/wp-content\/uploads\/2024\/11\/smuckers.jpg",9,12,false],"woocommerce_thumbnail":["https:\/\/caliweedeurope.com\/wp-content\/uploads\/2024\/11\/smuckers-300x300.jpg",300,300,true],"woocommerce_single":["https:\/\/caliweedeurope.com\/wp-content\/uploads\/2024\/11\/smuckers.jpg",384,511,false],"woocommerce_gallery_thumbnail":["https:\/\/caliweedeurope.com\/wp-content\/uploads\/2024\/11\/smuckers-100x100.jpg",100,100,true]},"uagb_author_info":{"display_name":"jetskiforsaleuk@gmail.com","author_link":"https:\/\/caliweedeurope.com\/cs\/author\/"},"uagb_comment_info":0,"uagb_excerpt":"Cali Plug Smuckers Strain Cali Smuckers is an influential cannabis hybrid strain cross with strawberry and grape ape to get this astonishing strain. The Cali Plug is Proud to introduce to you this trending and top-shelf. bud strain.","_links":{"self":[{"href":"https:\/\/caliweedeurope.com\/cs\/wp-json\/wp\/v2\/product\/1816"}],"collection":[{"href":"https:\/\/caliweedeurope.com\/cs\/wp-json\/wp\/v2\/product"}],"about":[{"href":"https:\/\/caliweedeurope.com\/cs\/wp-json\/wp\/v2\/types\/product"}],"replies":[{"embeddable":true,"href":"https:\/\/caliweedeurope.com\/cs\/wp-json\/wp\/v2\/comments?post=1816"}],"wp:featuredmedia":[{"embeddable":true,"href":"https:\/\/caliweedeurope.com\/cs\/wp-json\/wp\/v2\/media\/1835"}],"wp:attachment":[{"href":"https:\/\/caliweedeurope.com\/cs\/wp-json\/wp\/v2\/media?parent=1816"}],"wp:term":[{"taxonomy":"product_brand","embeddable":true,"href":"https:\/\/caliweedeurope.com\/cs\/wp-json\/wp\/v2\/product_brand?post=1816"},{"taxonomy":"product_cat","embeddable":true,"href":"https:\/\/caliweedeurope.com\/cs\/wp-json\/wp\/v2\/product_cat?post=1816"},{"taxonomy":"product_tag","embeddable":true,"href":"https:\/\/caliweedeurope.com\/cs\/wp-json\/wp\/v2\/product_tag?post=1816"}],"curies":[{"name":"wp","href":"https:\/\/api.w.org\/{rel}","templated":true}]}}