{"id":1828,"date":"2024-11-05T18:39:28","date_gmt":"2024-11-05T18:39:28","guid":{"rendered":"https:\/\/caliweedeurope.com\/?post_type=product&#038;p=1828"},"modified":"2024-11-05T18:39:35","modified_gmt":"2024-11-05T18:39:35","slug":"buy-cali-wedding-nerdz-online","status":"publish","type":"product","link":"https:\/\/caliweedeurope.com\/cs\/product\/buy-cali-wedding-nerdz-online\/","title":{"rendered":"Kupte Cali Wedding Nerdz online"},"content":{"rendered":"<h1 style=\"text-align: center\"><strong>\u00a0 \u00a0 \u00a0 \u00a0 \u00a0CALI <\/strong><strong>WEDDING NERDZ CALI BUD OR NO BUD <\/strong><strong>\u00a0| CALI PLUG <\/strong><strong>CALI BUD OR NO BUD WEDDING NERDZ <\/strong><strong>\u00a0<\/strong><strong>CALI BUD OR NO BUD <\/strong><strong>\u00a0| CALI PLUG <\/strong><strong>CALI BUD OR NO BUD <\/strong><\/h1>\n<p style=\"text-align: center\"><strong>Cali Bud Wedding Nerdz<\/strong><br \/> Wedding Nerdz je vlivn\u00fd hybridn\u00ed kmen konop\u00ed, vznikl\u00fd k\u0159\u00ed\u017een\u00edm odr\u016fd Strawberry a Grape Ape, \u010d\u00edm\u017e vznikl tento \u00fa\u017easn\u00fd kmen.<\/p>\n<p style=\"text-align: center\"><strong>L\u00e9ka\u0159sk\u00e9 vyu\u017eit\u00ed Wedding Nerdz<\/strong><\/p>\n<p style=\"text-align: center\">Nejlep\u0161\u00ed je pro pacienty trp\u00edc\u00ed \u00fazkost\u00ed a chronickou bolest\u00ed. Tento kmen zaru\u010duje okam\u017eitou \u00falevu od bolesti. Jeho m\u00edrn\u00e9 \u00fa\u010dinky mohou zm\u00edrnit n\u011bkter\u00e9 bolesti a nevolnost.<\/p>\n<p style=\"text-align: center\"><strong>Wedding Nerdz<\/strong><\/p>\n<p style=\"text-align: center\">Firstly, Wedding nerdz being and influencial cannabis hybrid strain cross with strawberry and grape ape to get this amazing strains is best for patients suffering from anxiety and chronic pain. This <a href=\"http:\/\/leafly.com\" target=\"_blank\" rel=\"noopener\">strain<\/a> guarantees immidiate relief from pain for the relieve. It\u2019s light real impacts may facilitate a few a throbbing painfulness just as queasiness. The strain may likewise help battle the manifestations of PTSD.This strain develops short and can do well inside, outside or even a nursery. Geeks ought to be given at any rate a month, if not five, to get done with vegetating. The strain blossoms for eight to nine weeks and will deliver a gram for each watt inside. Outside cultivators may have gathers as much as a pound for every <a href=\"https:\/\/www.wikileaf.com\/strain\/nerds\/\" target=\"_blank\" rel=\"noopener\">plant.<\/a><\/p>\n<h2 style=\"text-align: center\"><strong>BUY CALI <\/strong><strong>WEDDING NERDZ <\/strong><strong>\u00a0\u00a0<\/strong><strong>CALI BUD OR NO BUD <\/strong><strong>ONLINE | BUY CALI PLUG <\/strong><strong>CALI BUD OR NO BUD WEDDING NERDZ <\/strong><strong>\u00a0\u00a0<\/strong><strong>CALI BUD OR NO BUD <\/strong><strong>\u00a0ONLINE | BUY CALI PLUG <\/strong><strong>CALI BUD OR NO BUD <\/strong><strong>ONLINE <\/strong><\/h2>\n<p style=\"text-align: center\"><strong>\u00da\u010dinky Cali Wedding Nerdz<\/strong><br \/> Za druh\u00e9, tato odr\u016fda m\u016f\u017ee tak\u00e9 pomoci bojovat proti p\u0159\u00edznak\u016fm PTSD. Tato odr\u016fda roste n\u00edzko a m\u016f\u017ee se dob\u0159e p\u011bstovat uvnit\u0159, venku nebo dokonce ve sklen\u00edku. Rostliny by m\u011bly m\u00edt alespo\u0148 m\u011bs\u00edc, pokud ne p\u011bt, na dokon\u010den\u00ed vegetace.<\/p>\n<p style=\"text-align: center\"><strong>Wedding Nerdz<\/strong><\/p>\n<p class=\"p1\" style=\"text-align: center\">Za t\u0159et\u00ed, tento produkt obsahuje cannabis, kontrolovanou l\u00e1tku. Uchov\u00e1vejte mimo dosah d\u011bt\u00ed a zv\u00ed\u0159at. Produkty obsahuj\u00edc\u00ed cannabis mohou vlastnit nebo konzumovat pouze osoby star\u0161\u00ed 21 let, pokud nen\u00ed osoba kvalifikovan\u00fdm pacientem. Opiov\u00e9 \u00fa\u010dinky cannabisov\u00fdch produkt\u016f mohou trvat a\u017e dv\u011b hodiny. Pou\u017eit\u00ed cannabis p\u0159i t\u011bhotenstv\u00ed nebo kojen\u00ed m\u016f\u017ee b\u00fdt \u0161kodliv\u00e9. Konzumace t\u011bchto produkt\u016f ovliv\u0148uje va\u0161i schopnost \u0159\u00eddit nebo obsluhovat stroje. Pou\u017e\u00edvejte extr\u00e9mn\u00ed opatrnost.<\/p>\n<h3 style=\"text-align: center\"><strong>CALI <\/strong><strong>WEDDING NERDZ <\/strong><strong>\u00a0\u00a0<\/strong><strong>CALI BUD OR NO BUD <\/strong><strong>FOR SALE | CALI PLUG <\/strong><strong>WEDDING NERDZ <\/strong><strong>\u00a0\u00a0<\/strong><strong>CALI BUD OR NO BUD <\/strong><strong>\u00a0\u00a0FOR SALE | CALI PLUG <\/strong><strong>CALI BUD OR NO BUD <\/strong><strong>FOR SALE<\/strong><\/h3>\n<p style=\"text-align: center\" class=\"translation-block\">G<strong>rowing Cali Wedding Nerds<\/strong><br> Tato odr\u016fda kvete osm a\u017e dev\u011bt t\u00fddn\u016f a dod\u00e1 gram na watt uvnit\u0159. Venku mohou p\u011bstitel\u00e9 sklidit a\u017e libru na rostlinu.<\/p>\n<p style=\"text-align: center\"><strong>Nerds strain<\/strong><\/p>\n<p style=\"text-align: center\">Koupit odr\u016fdu Nerds. Vegetuje po dobu 4-5 t\u00fddn\u016f a kvete po dobu 8-9 t\u00fddn\u016f. O\u010dek\u00e1van\u00fd v\u00fdnos je jeden gram na watt p\u0159i p\u011bstov\u00e1n\u00ed uvnit\u0159 nebo a\u017e jeden kilogram na rostlinu p\u0159i p\u011bstov\u00e1n\u00ed venku.<\/p>\n<p style=\"text-align: center\">NERDS znamen\u00e1 \u201eNever Ending Research &amp; Development of our nerds strain\u201c, proto\u017ee to p\u0159edstavuje zp\u016fsob, jak\u00fdm v\u017edy p\u0159istupovali k u\u010den\u00ed o rostlin\u011b konop\u00ed; neust\u00e1le v\u00fdzkum, formulov\u00e1n\u00ed hypot\u00e9z a testov\u00e1n\u00ed r\u016fzn\u00fdch technik pro \u0161lecht\u011bn\u00ed a p\u00e9\u010di o rostliny.<\/p>\n<p style=\"text-align: center\">Nerds je kr\u00e1sn\u00e1, povzbudiv\u00e1 hybridn\u00ed odr\u016fda z Oregonu. Perfektn\u00ed vyv\u00e1\u017een\u00e1 sm\u011bs Indica a Sativa, je to d\u011btsk\u00e1 odr\u016fda Grape Ape x Strawberry Cough.<\/p>\n<h4 style=\"text-align: center\"><strong>CALI PLUG CALI BUD OR NO BUD WEDDING NERDZ \u00a0\u00a0CALI BUD OR NO BUD \u00a0NEAR ME | CALI PLUG WEDDING NERDZ \u00a0\u00a0CALI BUD OR NO BUD NEAR ME | CALI PLUG CALI BUD OR NO BUD NEAR ME <\/strong><\/h4>\n<p style=\"text-align: center\"><strong>Cali Bud Wedding Nerdz Upozorn\u011bn\u00ed.<\/strong><br \/> V z\u00e1v\u011bru, Tento produkt obsahuje konop\u00ed, regulovanou l\u00e1tku. Uchov\u00e1vejte mimo dosah d\u011bt\u00ed a zv\u00ed\u0159at. V\u00fdrobky z konop\u00ed mohou b\u00fdt vlastn\u011bny nebo konzumov\u00e1ny pouze osobami star\u0161\u00edmi 21 let, pokud osoba nen\u00ed kvalifikovan\u00fdm pacientem. Intoxika\u010dn\u00ed \u00fa\u010dinky produkt\u016f z konop\u00ed mohou trvat a\u017e dv\u011b hodiny. U\u017e\u00edv\u00e1n\u00ed konop\u00ed b\u011bhem t\u011bhotenstv\u00ed nebo kojen\u00ed m\u016f\u017ee b\u00fdt \u0161kodliv\u00e9. Konzumace t\u011bchto produkt\u016f zhor\u0161uje va\u0161i schopnost \u0159\u00eddit nebo obsluhovat stroje. Pros\u00edm, bu\u010fte velmi opatrn\u00ed. Kontaktujte n\u00e1s pro objedn\u00e1n\u00ed produkt\u016f Cali Plug.<\/p>\n<p style=\"text-align: center\"><strong>P\u0159ehled odr\u016fdy Nerds<\/strong><\/p>\n<p style=\"text-align: center\">Nerds, tak\u00e9 zn\u00e1m\u00fd jako Nerdz, je hybridn\u00ed odr\u016fda vyvinut\u00e1 Oregon Microgrowers Guild, vytvo\u0159en\u00e1 Adamem Jacquesem, hlavn\u00edm p\u011bstitelem guildy.<\/p>\n<p style=\"text-align: center\">Nej\u010dast\u011bji hl\u00e1\u0161en\u00e9 v\u016fn\u011b jsou ha\u0161i\u0161 a hroznov\u00e9 v\u016fn\u011b. Nej\u010dast\u011bji hl\u00e1\u0161en\u00e9 chut\u011b jsou ha\u0161i\u0161, hroznov\u00e9 v\u00edno a jahoda.<\/p>\n<p style=\"text-align: center\">S chut\u00ed, kter\u00e1 vypad\u00e1, jako by p\u0159i\u0161la p\u0159\u00edmo z cukrovaru Willyho Wonky, je Nerds hybridn\u00ed odr\u016fda navr\u017een\u00e1 chovateli z Oregon Microgrowers Guild. Konkr\u00e9tn\u011b byl tento n\u00e1pad v\u00fdsledkem Adama Jacquesa, kter\u00fd je tak\u00e9 majitelem a hlavn\u00edm p\u011bstitelem guildy.<\/p>\n<div class=\"about-content-excerpt\" style=\"text-align: center\">\n<p>Ku\u0159\u00e1ci hl\u00e1s\u00ed, \u017ee pou\u017e\u00edv\u00e1n\u00ed t\u00e9to odr\u016fdy zp\u016fsobuje such\u00e9 o\u010di. Dal\u0161\u00ed \u00fa\u010dinky zahrnuj\u00ed n\u00e1val kreativity, zlep\u0161en\u00ed n\u00e1lady a relaxaci t\u011bla.<\/p>\n<\/p><\/div>\n<div class=\"about-content-more\">\n<p style=\"text-align: center\">\u00darove\u0148 THC \u010din\u00ed 15-19 % obsahu, co\u017e z n\u011bj \u010din\u00ed m\u00edrn\u011b pr\u016fm\u011brnou hodnotu. Zku\u0161en\u00ed ku\u0159\u00e1ci mo\u017en\u00e1 budou muset ud\u011blat p\u00e1r dal\u0161\u00edch potah\u016f, aby z\u00edskali svou d\u00e1vku kreativn\u00ed energie a zlep\u0161en\u00ed n\u00e1lady.<\/p>\n<div data-testid=\"product-description\">\n<div class=\"truncate-lines__Wrapper-sc-1lknwty-0 YxHAC\">\n<div data-testid=\"truncated-description\">\n<div>\n<div class=\"text__Text-sc-fif1uk-0 kdmKRD\">\n<div class=\"src__Box-sc-1sbtrzs-0 src__Flex-sc-1sbtrzs-1 kWPFqZ hzdsvF\">\n<div>UK\u00c1ZKOV\u00c9 KATEGORIE PRODUKT\u016e<\/div>\n<\/p><\/div>\n<\/p><\/div>\n<\/p><\/div>\n<\/p><\/div>\n<\/p><\/div>\n<\/p><\/div>\n<div class=\"text__Text-sc-fif1uk-0 htoJfX\"><a href=\"https:\/\/jeetersofficial.com\/product-category\/buy-cali-buds\/\" target=\"_blank\" rel=\"noopener\">CALI BUDS<\/a><\/div>\n<div data-testid=\"product-description\">\n<div class=\"truncate-lines__Wrapper-sc-1lknwty-0 YxHAC\">\n<div data-testid=\"truncated-description\">\n<div class=\"text__Text-sc-fif1uk-0 kdmKRD\"><a href=\"https:\/\/jeetersofficial.com\/product-category\/backpack-boyz\/\" target=\"_blank\" rel=\"noopener\">Backpack\u00a0 Boyz<\/a><\/div>\n<div><a href=\"https:\/\/jeetersofficial.com\/product-category\/snow-balls-weed\/\" target=\"_blank\" rel=\"noopener\">SNOWBALLS WEED<\/a><\/div>\n<div><a href=\"https:\/\/jeetersofficial.com\/product-category\/persy-snowcaps\/\" target=\"_blank\" rel=\"noopener\">Persy Snowcaps<\/a><\/div>\n<div><a href=\"https:\/\/jeetersofficial.com\/product-category\/drip-snowcaps\/\" target=\"_blank\" rel=\"noopener\">Drip Snowcaps<\/a><\/div>\n<div><a href=\"https:\/\/jeetersofficial.com\/product-category\/concentrates\/\" target=\"_blank\" rel=\"noopener\">CALI CONCENTRATES<\/a><\/div>\n<div><a href=\"https:\/\/jeetersofficial.com\/product-category\/doja-exclusive\/\" target=\"_blank\" rel=\"noopener\">CALI DOJA PACKS EXCLUSIVE<\/a><\/div>\n<div><a href=\"https:\/\/jeetersofficial.com\/product-category\/marijuana-flowers\/\" target=\"_blank\" rel=\"noopener\">CALI MARIJUANA FLOWERS<\/a><\/div>\n<\/p><\/div>\n<\/p><\/div>\n<\/p><\/div>\n<div><a href=\"https:\/\/jeetersofficial.com\/product-category\/sativa-strain\/\" target=\"_blank\" rel=\"noopener\">CALI SATIVA STRAINS<\/a><\/div>\n<div><a href=\"https:\/\/jeetersofficial.com\/product-category\/indica\/\" target=\"_blank\" rel=\"noopener\">CALI INDICA STRAINS<\/a><\/div>\n<div><a href=\"https:\/\/jeetersofficial.com\/product-category\/hybrid-weed\/\" target=\"_blank\" rel=\"noopener\">CALI HYBRID WEED<\/a><\/div>\n<\/p><\/div>","protected":false},"excerpt":{"rendered":"<p><strong>Cali Bud Wedding Nerdz Upozorn\u011bn\u00ed.<\/strong><br \/> Tento produkt obsahuje konop\u00ed, regulovanou l\u00e1tku. Uchov\u00e1vejte mimo dosah d\u011bt\u00ed a zv\u00ed\u0159at. V\u00fdrobky z konop\u00ed mohou b\u00fdt vlastn\u011bny nebo konzumov\u00e1ny pouze osobami star\u0161\u00edmi 21 let, pokud osoba nen\u00ed kvalifikovan\u00fdm pacientem. Intoxika\u010dn\u00ed \u00fa\u010dinky produkt\u016f z konop\u00ed mohou trvat a\u017e dv\u011b hodiny. U\u017e\u00edv\u00e1n\u00ed konop\u00ed b\u011bhem t\u011bhotenstv\u00ed nebo kojen\u00ed m\u016f\u017ee b\u00fdt \u0161kodliv\u00e9. Konzumace t\u011bchto produkt\u016f zhor\u0161uje va\u0161i schopnost \u0159\u00eddit nebo obsluhovat stroje. Pros\u00edm, bu\u010fte velmi opatrn\u00ed. Kontaktujte n\u00e1s pro objedn\u00e1n\u00ed produkt\u016f Cali Plug.<\/p>","protected":false},"featured_media":1836,"comment_status":"closed","ping_status":"closed","template":"","meta":{"_uag_custom_page_level_css":"","site-sidebar-layout":"default","site-content-layout":"","ast-site-content-layout":"","site-content-style":"default","site-sidebar-style":"default","ast-global-header-display":"","ast-banner-title-visibility":"","ast-main-header-display":"","ast-hfb-above-header-display":"","ast-hfb-below-header-display":"","ast-hfb-mobile-header-display":"","site-post-title":"","ast-breadcrumbs-content":"","ast-featured-img":"","footer-sml-layout":"","theme-transparent-header-meta":"","adv-header-id-meta":"","stick-header-meta":"","header-above-stick-meta":"","header-main-stick-meta":"","header-below-stick-meta":"","astra-migrate-meta-layouts":"default","ast-page-background-enabled":"default","ast-page-background-meta":{"desktop":{"background-color":"var(--ast-global-color-4)","background-image":"","background-repeat":"repeat","background-position":"center center","background-size":"auto","background-attachment":"scroll","background-type":"","background-media":"","overlay-type":"","overlay-color":"","overlay-opacity":"","overlay-gradient":""},"tablet":{"background-color":"","background-image":"","background-repeat":"repeat","background-position":"center center","background-size":"auto","background-attachment":"scroll","background-type":"","background-media":"","overlay-type":"","overlay-color":"","overlay-opacity":"","overlay-gradient":""},"mobile":{"background-color":"","background-image":"","background-repeat":"repeat","background-position":"center center","background-size":"auto","background-attachment":"scroll","background-type":"","background-media":"","overlay-type":"","overlay-color":"","overlay-opacity":"","overlay-gradient":""}},"ast-content-background-meta":{"desktop":{"background-color":"var(--ast-global-color-5)","background-image":"","background-repeat":"repeat","background-position":"center center","background-size":"auto","background-attachment":"scroll","background-type":"","background-media":"","overlay-type":"","overlay-color":"","overlay-opacity":"","overlay-gradient":""},"tablet":{"background-color":"var(--ast-global-color-5)","background-image":"","background-repeat":"repeat","background-position":"center center","background-size":"auto","background-attachment":"scroll","background-type":"","background-media":"","overlay-type":"","overlay-color":"","overlay-opacity":"","overlay-gradient":""},"mobile":{"background-color":"var(--ast-global-color-5)","background-image":"","background-repeat":"repeat","background-position":"center center","background-size":"auto","background-attachment":"scroll","background-type":"","background-media":"","overlay-type":"","overlay-color":"","overlay-opacity":"","overlay-gradient":""}}},"product_brand":[],"product_cat":[675],"product_tag":[491,737,738,481,472,739,740,741,473,515,516,517,518,461,521,522,535,536,462,537,463,464,465,613,497,742,743,744,745,746,747],"class_list":{"0":"post-1828","1":"product","2":"type-product","3":"status-publish","4":"has-post-thumbnail","6":"product_cat-buy-cali-buds","7":"product_tag-buy-cali-bud-or-no-bud-online","8":"product_tag-buy-cali-bud-or-no-bud-wedding-nerdz-online","9":"product_tag-buy-wedding-nerdz-cali-bud-or-no-bud-online","10":"product_tag-cali-bud-or-no-bud-for-sale","11":"product_tag-cali-bud-or-no-bud-near-me","12":"product_tag-cali-bud-or-no-bud-wedding-nerdz","13":"product_tag-cali-bud-or-no-bud-wedding-nerdz-for-sale","14":"product_tag-cali-bud-or-no-bud-wedding-nerdz-near-me","15":"product_tag-cali-buds","16":"product_tag-cali-buds-online","17":"product_tag-cali-flavors","18":"product_tag-cali-flavours","19":"product_tag-cali-gush-lato","20":"product_tag-cali-packs","21":"product_tag-cali-plug","22":"product_tag-cali-plug-bags","23":"product_tag-cali-plug-bud","24":"product_tag-cali-plug-buds","25":"product_tag-cali-plug-cali-bud-or-no-bud","26":"product_tag-cali-plug-strains","27":"product_tag-cali-straina","28":"product_tag-cali-weed-bags","29":"product_tag-cali-weed-flavors","30":"product_tag-cali-weed-strains","31":"product_tag-cannabis-strains","32":"product_tag-marijuana","33":"product_tag-medical","34":"product_tag-sativa","35":"product_tag-wedding-nerdz-cali-bud-or-no-bud","36":"product_tag-wedding-nerdz-cali-bud-or-no-bud-for-sale","37":"product_tag-wedding-nerdz-cali-bud-or-no-bud-near-me","38":"desktop-align-center","39":"tablet-align-left","40":"mobile-align-left","42":"first","43":"instock","44":"shipping-taxable","45":"purchasable","46":"product-type-variable"},"uagb_featured_image_src":{"full":["https:\/\/caliweedeurope.com\/wp-content\/uploads\/2024\/11\/nerts.jpg",956,1276,false],"thumbnail":["https:\/\/caliweedeurope.com\/wp-content\/uploads\/2024\/11\/nerts-150x150.jpg",150,150,true],"medium":["https:\/\/caliweedeurope.com\/wp-content\/uploads\/2024\/11\/nerts-225x300.jpg",225,300,true],"medium_large":["https:\/\/caliweedeurope.com\/wp-content\/uploads\/2024\/11\/nerts-768x1025.jpg",768,1025,true],"large":["https:\/\/caliweedeurope.com\/wp-content\/uploads\/2024\/11\/nerts-767x1024.jpg",767,1024,true],"1536x1536":["https:\/\/caliweedeurope.com\/wp-content\/uploads\/2024\/11\/nerts.jpg",956,1276,false],"2048x2048":["https:\/\/caliweedeurope.com\/wp-content\/uploads\/2024\/11\/nerts.jpg",956,1276,false],"trp-custom-language-flag":["https:\/\/caliweedeurope.com\/wp-content\/uploads\/2024\/11\/nerts.jpg",9,12,false],"woocommerce_thumbnail":["https:\/\/caliweedeurope.com\/wp-content\/uploads\/2024\/11\/nerts-300x300.jpg",300,300,true],"woocommerce_single":["https:\/\/caliweedeurope.com\/wp-content\/uploads\/2024\/11\/nerts-600x801.jpg",600,801,true],"woocommerce_gallery_thumbnail":["https:\/\/caliweedeurope.com\/wp-content\/uploads\/2024\/11\/nerts-100x100.jpg",100,100,true]},"uagb_author_info":{"display_name":"jetskiforsaleuk@gmail.com","author_link":"https:\/\/caliweedeurope.com\/cs\/author\/"},"uagb_comment_info":0,"uagb_excerpt":"Cali Bud Wedding Nerdz Warning. This product contains Cannabis, a scheduled substance Keep out of the reach of children and animals. Cannabis products can only be possessed or consumed by persons 21+ years of age older unless the person is a qualified patient. The intoxicating effects of cannabis products may stay up to two hours.&hellip;","_links":{"self":[{"href":"https:\/\/caliweedeurope.com\/cs\/wp-json\/wp\/v2\/product\/1828"}],"collection":[{"href":"https:\/\/caliweedeurope.com\/cs\/wp-json\/wp\/v2\/product"}],"about":[{"href":"https:\/\/caliweedeurope.com\/cs\/wp-json\/wp\/v2\/types\/product"}],"replies":[{"embeddable":true,"href":"https:\/\/caliweedeurope.com\/cs\/wp-json\/wp\/v2\/comments?post=1828"}],"wp:featuredmedia":[{"embeddable":true,"href":"https:\/\/caliweedeurope.com\/cs\/wp-json\/wp\/v2\/media\/1836"}],"wp:attachment":[{"href":"https:\/\/caliweedeurope.com\/cs\/wp-json\/wp\/v2\/media?parent=1828"}],"wp:term":[{"taxonomy":"product_brand","embeddable":true,"href":"https:\/\/caliweedeurope.com\/cs\/wp-json\/wp\/v2\/product_brand?post=1828"},{"taxonomy":"product_cat","embeddable":true,"href":"https:\/\/caliweedeurope.com\/cs\/wp-json\/wp\/v2\/product_cat?post=1828"},{"taxonomy":"product_tag","embeddable":true,"href":"https:\/\/caliweedeurope.com\/cs\/wp-json\/wp\/v2\/product_tag?post=1828"}],"curies":[{"name":"wp","href":"https:\/\/api.w.org\/{rel}","templated":true}]}}