{"id":1840,"date":"2024-11-06T02:41:01","date_gmt":"2024-11-06T02:41:01","guid":{"rendered":"https:\/\/caliweedeurope.com\/?post_type=product&#038;p=1840"},"modified":"2024-11-06T02:41:02","modified_gmt":"2024-11-06T02:41:02","slug":"watermelon-moon-rocks-30gramu","status":"publish","type":"product","link":"https:\/\/caliweedeurope.com\/cs\/product\/watermelon-moon-rocks-30gramu\/","title":{"rendered":"Watermelon Moon Rocks 30 gram\u016f"},"content":{"rendered":"<section>\n<h2>Watermelon Moon Rocks 30 gram\u016f<\/h2>\n<p>Watermelon Moon Rocks vyvol\u00e1v\u00e1 relaxa\u010dn\u00ed \u00fa\u010dinky, co\u017e jej \u010din\u00ed u\u017eite\u010dn\u00fdm jako pomoc p\u0159i sp\u00e1nku nebo stimulant chuti k j\u00eddlu.<\/p>\n<p>Watermelon Moon Rocks vznikaj\u00ed, kdy\u017e vysoce kvalitn\u00ed a pr\u00e9miov\u00e9 kv\u011bty konop\u00ed jsou infuzov\u00e1ny v\u00fdjime\u010dn\u00fdm THC destil\u00e1tem, kter\u00fd je bez rozpou\u0161t\u011bdel. Tato infuze je obalena v ultra-potentn\u00edm kiefu. Cel\u00e1 tato infuze a m\u00edch\u00e1n\u00ed vedou k hust\u00fdm nugget\u016fm, kter\u00e9 poskytuj\u00ed velmi vysok\u00fd obsah THC. Kone\u010dn\u00fd tvar je d\u00e1n jejich p\u0159eformov\u00e1n\u00edm na role pro kou\u0159en\u00ed a prod\u00e1v\u00e1ny jako Moonrocks Watermelon Pre Rolls.<\/p>\n<p>Watermelon Moon Rocks Pre Rolls maj\u00ed extr\u00e9mn\u011b jemnou chu\u0165 p\u0159ipom\u00ednaj\u00edc\u00ed hrozny s podt\u00f3ny ha\u0161i\u0161e a p\u0159in\u00e1\u0161ej\u00ed v\u00e1m tolik klidu a m\u00edru, \u017ee bolest, zdravotn\u00ed probl\u00e9my a v\u0161echny starosti zmiz\u00ed s m\u00e1slovou lehkost\u00ed.<\/p>\n<p>Tyto Watermelon Moon Rocks Pre Rolls byly vytvo\u0159eny s ohledem na ku\u0159\u00e1ky v\u0161ech \u00farovn\u00ed. Potence Moonrocks dostane velmi zku\u0161en\u00e9ho ku\u0159\u00e1ka na m\u011bs\u00edc, zat\u00edmco za\u010d\u00e1te\u010dn\u00edci si mohou vychutnat jedine\u010dn\u00fd vodn\u00ed melounov\u00fd chu\u0165ov\u00fd profil, odvozen\u00fd od neodolateln\u00e9 sm\u011bsi \u0161pi\u010dkov\u00fdch kv\u011btin, \u010dist\u00e9ho destil\u00e1tu, kiefu a skv\u011ble chutnaj\u00edc\u00edch 100% p\u0159\u00edrodn\u00edch terpen\u016f.<\/p>\n<p class=\"translation-block\">Kupte Watermelon Moonrocks Pre Rolls na Jeetersofficial <a href=\"https:\/\/jeetersofficial.com\/\" target=\"_blank\" rel=\"noopener\">online obchod s kanabisem<\/a>. Je zaru\u010deno, \u017ee v\u00e1s to zavede na vrchol ext\u00e1ze a radosti. P\u0159inese v\u00e1m to neporovnatelnou spokojenost a nejvy\u0161\u0161\u00ed klid a \u0161t\u011bst\u00ed.<\/p>\n<p>M\u016f\u017eete si objednat Moonrocks Watermelon Pre Roll v na\u0161em online obchodu s marihuanou a doraz\u00ed k v\u00e1m bezpe\u010dn\u011b a v co nejkrat\u0161\u00edm \u010dase. D\u00e1v\u00e1me velk\u00fd d\u016fraz na to, aby va\u0161e doru\u010den\u00ed prob\u00edhlo bez jak\u00fdchkoli zpo\u017ed\u011bn\u00ed. Sta\u010d\u00ed si objednat produkt pomoc\u00ed velmi u\u017eivatelsky p\u0159\u00edv\u011btiv\u00e9ho online objedn\u00e1vkov\u00e9ho procesu a brzy jej obdr\u017e\u00edte. Za\u010dneme odes\u00edlat objedn\u00e1vky, jakmile platby prob\u00edhnou, tak\u017ee svou objedn\u00e1vku obdr\u017e\u00edte b\u011bhem okam\u017eiku. Bez ohledu na okolnosti na\u0161e bal\u00ed\u010dky doraz\u00ed na m\u00edsto ur\u010den\u00ed v\u010das. M\u016f\u017eete n\u00e1m pln\u011b d\u016fv\u011b\u0159ovat, proto\u017ee nikdy nezklameme na\u0161e z\u00e1kazn\u00edky.<\/p>\n<p>Po\u0159\u00e1d v\u00e1h\u00e1te? Nenechte se odradit. Objednejte Moonrocks Watermelon Pre Rolls v na\u0161em online obchod\u011b s konop\u00edm a u\u017eijte si skv\u011blou z\u00e1bavu.<\/p>\n<\/section>","protected":false},"excerpt":{"rendered":"<p>28 gram\u016f Watermelon Moon Rocks s pot\u011b\u0161en\u00edm nab\u00edz\u00ed svou \u0159adu vysoce kvalitn\u00edch, konzistentn\u00edch produkt\u016f. Jejich lahodn\u011b ochucen\u00e9 Moonrocks vyvol\u00e1vaj\u00ed nadpozemskou euforii. Vyvinuli marihuanov\u00e9 pupeny pokryt\u00e9 koncentr\u00e1ty pro ty, kte\u0159\u00ed se c\u00edt\u00ed trochu nebo hodn\u011b mimo orbitu. Klienti, kte\u0159\u00ed d\u00e1vaj\u00ed p\u0159ednost sm\u011bsi kiefu, koncentr\u00e1t\u016f a kv\u011btin k uklidn\u011bn\u00ed sv\u00fdch nemoc\u00ed, ocen\u00ed silnou euforii a lahodn\u00e9 chut\u011b, kter\u00e9 Moonrock nab\u00edz\u00ed.<\/p>","protected":false},"featured_media":1845,"comment_status":"closed","ping_status":"closed","template":"","meta":{"_uag_custom_page_level_css":"","site-sidebar-layout":"default","site-content-layout":"","ast-site-content-layout":"","site-content-style":"default","site-sidebar-style":"default","ast-global-header-display":"","ast-banner-title-visibility":"","ast-main-header-display":"","ast-hfb-above-header-display":"","ast-hfb-below-header-display":"","ast-hfb-mobile-header-display":"","site-post-title":"","ast-breadcrumbs-content":"","ast-featured-img":"","footer-sml-layout":"","theme-transparent-header-meta":"","adv-header-id-meta":"","stick-header-meta":"","header-above-stick-meta":"","header-main-stick-meta":"","header-below-stick-meta":"","astra-migrate-meta-layouts":"default","ast-page-background-enabled":"default","ast-page-background-meta":{"desktop":{"background-color":"var(--ast-global-color-4)","background-image":"","background-repeat":"repeat","background-position":"center center","background-size":"auto","background-attachment":"scroll","background-type":"","background-media":"","overlay-type":"","overlay-color":"","overlay-opacity":"","overlay-gradient":""},"tablet":{"background-color":"","background-image":"","background-repeat":"repeat","background-position":"center center","background-size":"auto","background-attachment":"scroll","background-type":"","background-media":"","overlay-type":"","overlay-color":"","overlay-opacity":"","overlay-gradient":""},"mobile":{"background-color":"","background-image":"","background-repeat":"repeat","background-position":"center center","background-size":"auto","background-attachment":"scroll","background-type":"","background-media":"","overlay-type":"","overlay-color":"","overlay-opacity":"","overlay-gradient":""}},"ast-content-background-meta":{"desktop":{"background-color":"var(--ast-global-color-5)","background-image":"","background-repeat":"repeat","background-position":"center center","background-size":"auto","background-attachment":"scroll","background-type":"","background-media":"","overlay-type":"","overlay-color":"","overlay-opacity":"","overlay-gradient":""},"tablet":{"background-color":"var(--ast-global-color-5)","background-image":"","background-repeat":"repeat","background-position":"center center","background-size":"auto","background-attachment":"scroll","background-type":"","background-media":"","overlay-type":"","overlay-color":"","overlay-opacity":"","overlay-gradient":""},"mobile":{"background-color":"var(--ast-global-color-5)","background-image":"","background-repeat":"repeat","background-position":"center center","background-size":"auto","background-attachment":"scroll","background-type":"","background-media":"","overlay-type":"","overlay-color":"","overlay-opacity":"","overlay-gradient":""}}},"product_brand":[],"product_cat":[748],"product_tag":[],"class_list":{"0":"post-1840","1":"product","2":"type-product","3":"status-publish","4":"has-post-thumbnail","6":"product_cat-weed-moonrock","7":"desktop-align-center","8":"tablet-align-left","9":"mobile-align-left","11":"first","12":"instock","13":"sale","14":"shipping-taxable","15":"purchasable","16":"product-type-simple"},"uagb_featured_image_src":{"full":["https:\/\/caliweedeurope.com\/wp-content\/uploads\/2024\/11\/MoonRock-MoonRocks-Watermelon.jpg",600,600,false],"thumbnail":["https:\/\/caliweedeurope.com\/wp-content\/uploads\/2024\/11\/MoonRock-MoonRocks-Watermelon-150x150.jpg",150,150,true],"medium":["https:\/\/caliweedeurope.com\/wp-content\/uploads\/2024\/11\/MoonRock-MoonRocks-Watermelon-300x300.jpg",300,300,true],"medium_large":["https:\/\/caliweedeurope.com\/wp-content\/uploads\/2024\/11\/MoonRock-MoonRocks-Watermelon.jpg",600,600,false],"large":["https:\/\/caliweedeurope.com\/wp-content\/uploads\/2024\/11\/MoonRock-MoonRocks-Watermelon.jpg",600,600,false],"1536x1536":["https:\/\/caliweedeurope.com\/wp-content\/uploads\/2024\/11\/MoonRock-MoonRocks-Watermelon.jpg",600,600,false],"2048x2048":["https:\/\/caliweedeurope.com\/wp-content\/uploads\/2024\/11\/MoonRock-MoonRocks-Watermelon.jpg",600,600,false],"trp-custom-language-flag":["https:\/\/caliweedeurope.com\/wp-content\/uploads\/2024\/11\/MoonRock-MoonRocks-Watermelon.jpg",12,12,false],"woocommerce_thumbnail":["https:\/\/caliweedeurope.com\/wp-content\/uploads\/2024\/11\/MoonRock-MoonRocks-Watermelon-300x300.jpg",300,300,true],"woocommerce_single":["https:\/\/caliweedeurope.com\/wp-content\/uploads\/2024\/11\/MoonRock-MoonRocks-Watermelon.jpg",600,600,false],"woocommerce_gallery_thumbnail":["https:\/\/caliweedeurope.com\/wp-content\/uploads\/2024\/11\/MoonRock-MoonRocks-Watermelon-100x100.jpg",100,100,true]},"uagb_author_info":{"display_name":"jetskiforsaleuk@gmail.com","author_link":"https:\/\/caliweedeurope.com\/cs\/author\/"},"uagb_comment_info":0,"uagb_excerpt":"28 grams Watermelon Moon Rocks is delighted to offer its line of high-quality, consistent products. Their deliciously flavored Moonrocks produce otherworldly euphoria. They have developed concentrate covered marijuana buds for folks feeling a little or a lot out of orbit. Clients who prefer a concoction of keif, concentrates, and flowers to calm their ailments will&hellip;","_links":{"self":[{"href":"https:\/\/caliweedeurope.com\/cs\/wp-json\/wp\/v2\/product\/1840"}],"collection":[{"href":"https:\/\/caliweedeurope.com\/cs\/wp-json\/wp\/v2\/product"}],"about":[{"href":"https:\/\/caliweedeurope.com\/cs\/wp-json\/wp\/v2\/types\/product"}],"replies":[{"embeddable":true,"href":"https:\/\/caliweedeurope.com\/cs\/wp-json\/wp\/v2\/comments?post=1840"}],"wp:featuredmedia":[{"embeddable":true,"href":"https:\/\/caliweedeurope.com\/cs\/wp-json\/wp\/v2\/media\/1845"}],"wp:attachment":[{"href":"https:\/\/caliweedeurope.com\/cs\/wp-json\/wp\/v2\/media?parent=1840"}],"wp:term":[{"taxonomy":"product_brand","embeddable":true,"href":"https:\/\/caliweedeurope.com\/cs\/wp-json\/wp\/v2\/product_brand?post=1840"},{"taxonomy":"product_cat","embeddable":true,"href":"https:\/\/caliweedeurope.com\/cs\/wp-json\/wp\/v2\/product_cat?post=1840"},{"taxonomy":"product_tag","embeddable":true,"href":"https:\/\/caliweedeurope.com\/cs\/wp-json\/wp\/v2\/product_tag?post=1840"}],"curies":[{"name":"wp","href":"https:\/\/api.w.org\/{rel}","templated":true}]}}