{"id":1842,"date":"2024-11-06T02:41:01","date_gmt":"2024-11-06T02:41:01","guid":{"rendered":"https:\/\/caliweedeurope.com\/?post_type=product&#038;p=1842"},"modified":"2024-11-06T02:41:06","modified_gmt":"2024-11-06T02:41:06","slug":"grapefruit-moon-rocks-30-gramu","status":"publish","type":"product","link":"https:\/\/caliweedeurope.com\/cs\/product\/grapefruit-moon-rocks-30-gramu\/","title":{"rendered":"Koupit Grapefruit Moon Rocks 30 Gram\u016f"},"content":{"rendered":"<h2><strong>Grapefruit Moon Rocks<\/strong><\/h2>\n<p class=\"translation-block\">Doporu\u010duje se, abyste nepou\u017e\u00edvali sv\u016fj grinder p\u0159i p\u0159\u00edprav\u011b sv\u00fdch <strong>Grapefruit Moon Rocks<\/strong>, proto\u017ee byste mohli ztratit hodn\u011b kiefu b\u011bhem procesu. Pro nejlep\u0161\u00ed kou\u0159 a chu\u0165, roztrhejte moonrock na mal\u00e9 kousky a kou\u0159te ji v d\u00fdmce nebo bongu.<\/p>\n<p class=\"translation-block\">M\u016f\u017ee b\u00fdt kou\u0159eno jak\u00fdmkoli zp\u016fsobem, jak\u00fd si p\u0159ejete \u2013 jen nepou\u017e\u00edvejte sv\u016fj grinder, pou\u017eijte n\u016f\u017eky, pokud to bal\u00edte sami. Je to v\u0161e <strong>Indica<\/strong> a m\u00e1 mnoho r\u016fzn\u00fdch <strong>chu\u0165ov\u00fdch<\/strong> variant. Tak\u00e9 vydr\u017e\u00ed mnohem d\u00e9le ne\u017e b\u011b\u017en\u00fd gram <strong>kv\u011btu<\/strong>.<\/p>","protected":false},"excerpt":{"rendered":"<p><strong>Koupit Grapefruit Moon Rocks 30 Gram\u016f<\/strong>\u00a0jsou vyrobeny z\u00a0<strong>OG Kush<\/strong>\u00a0pupen, namo\u010den\u00fd v\u00a0<strong>hash\u00a0<\/strong><strong>oil<\/strong>\u00a0a posypan\u00fd kiefem!<\/p>","protected":false},"featured_media":1847,"comment_status":"closed","ping_status":"closed","template":"","meta":{"_uag_custom_page_level_css":"","site-sidebar-layout":"default","site-content-layout":"","ast-site-content-layout":"default","site-content-style":"default","site-sidebar-style":"default","ast-global-header-display":"","ast-banner-title-visibility":"","ast-main-header-display":"","ast-hfb-above-header-display":"","ast-hfb-below-header-display":"","ast-hfb-mobile-header-display":"","site-post-title":"","ast-breadcrumbs-content":"","ast-featured-img":"","footer-sml-layout":"","ast-disable-related-posts":"","theme-transparent-header-meta":"","adv-header-id-meta":"","stick-header-meta":"","header-above-stick-meta":"","header-main-stick-meta":"","header-below-stick-meta":"","astra-migrate-meta-layouts":"default","ast-page-background-enabled":"default","ast-page-background-meta":{"desktop":{"background-color":"var(--ast-global-color-5)","background-image":"","background-repeat":"repeat","background-position":"center center","background-size":"auto","background-attachment":"scroll","background-type":"","background-media":"","overlay-type":"","overlay-color":"","overlay-opacity":"","overlay-gradient":""},"tablet":{"background-color":"","background-image":"","background-repeat":"repeat","background-position":"center center","background-size":"auto","background-attachment":"scroll","background-type":"","background-media":"","overlay-type":"","overlay-color":"","overlay-opacity":"","overlay-gradient":""},"mobile":{"background-color":"","background-image":"","background-repeat":"repeat","background-position":"center center","background-size":"auto","background-attachment":"scroll","background-type":"","background-media":"","overlay-type":"","overlay-color":"","overlay-opacity":"","overlay-gradient":""}},"ast-content-background-meta":{"desktop":{"background-color":"var(--ast-global-color-4)","background-image":"","background-repeat":"repeat","background-position":"center center","background-size":"auto","background-attachment":"scroll","background-type":"","background-media":"","overlay-type":"","overlay-color":"","overlay-opacity":"","overlay-gradient":""},"tablet":{"background-color":"var(--ast-global-color-4)","background-image":"","background-repeat":"repeat","background-position":"center center","background-size":"auto","background-attachment":"scroll","background-type":"","background-media":"","overlay-type":"","overlay-color":"","overlay-opacity":"","overlay-gradient":""},"mobile":{"background-color":"var(--ast-global-color-4)","background-image":"","background-repeat":"repeat","background-position":"center center","background-size":"auto","background-attachment":"scroll","background-type":"","background-media":"","overlay-type":"","overlay-color":"","overlay-opacity":"","overlay-gradient":""}}},"product_brand":[],"product_cat":[748],"product_tag":[750,252,253,751,752,753,754,755,756,757,758,759,760,761,762],"class_list":{"0":"post-1842","1":"product","2":"type-product","3":"status-publish","4":"has-post-thumbnail","6":"product_cat-weed-moonrock","7":"product_tag-delta-8-moon-rocks","8":"product_tag-how-to-make-moon-rocks","9":"product_tag-how-to-smoke-moon-rocks","10":"product_tag-is-moon-rock-weed","11":"product_tag-moon-rock","12":"product_tag-moon-rock-weed","13":"product_tag-moon-rocks","14":"product_tag-moon-rocks-for-sale","15":"product_tag-moon-rocks-marijuana","16":"product_tag-moon-rocks-near-me","17":"product_tag-moon-rocks-thc","18":"product_tag-moon-rocks-weed","19":"product_tag-purple-moon-rocks","20":"product_tag-weed-moon-rock","21":"product_tag-what-are-moon-rocks","22":"desktop-align-center","23":"tablet-align-left","24":"mobile-align-left","26":"first","27":"instock","28":"sale","29":"shipping-taxable","30":"purchasable","31":"product-type-simple"},"uagb_featured_image_src":{"full":["https:\/\/caliweedeurope.com\/wp-content\/uploads\/2024\/11\/Moonrock-Grapefruit.png",700,453,false],"thumbnail":["https:\/\/caliweedeurope.com\/wp-content\/uploads\/2024\/11\/Moonrock-Grapefruit-150x150.png",150,150,true],"medium":["https:\/\/caliweedeurope.com\/wp-content\/uploads\/2024\/11\/Moonrock-Grapefruit-300x194.png",300,194,true],"medium_large":["https:\/\/caliweedeurope.com\/wp-content\/uploads\/2024\/11\/Moonrock-Grapefruit.png",700,453,false],"large":["https:\/\/caliweedeurope.com\/wp-content\/uploads\/2024\/11\/Moonrock-Grapefruit.png",700,453,false],"1536x1536":["https:\/\/caliweedeurope.com\/wp-content\/uploads\/2024\/11\/Moonrock-Grapefruit.png",700,453,false],"2048x2048":["https:\/\/caliweedeurope.com\/wp-content\/uploads\/2024\/11\/Moonrock-Grapefruit.png",700,453,false],"trp-custom-language-flag":["https:\/\/caliweedeurope.com\/wp-content\/uploads\/2024\/11\/Moonrock-Grapefruit.png",18,12,false],"woocommerce_thumbnail":["https:\/\/caliweedeurope.com\/wp-content\/uploads\/2024\/11\/Moonrock-Grapefruit-300x300.png",300,300,true],"woocommerce_single":["https:\/\/caliweedeurope.com\/wp-content\/uploads\/2024\/11\/Moonrock-Grapefruit-600x388.png",600,388,true],"woocommerce_gallery_thumbnail":["https:\/\/caliweedeurope.com\/wp-content\/uploads\/2024\/11\/Moonrock-Grapefruit-100x100.png",100,100,true]},"uagb_author_info":{"display_name":"jetskiforsaleuk@gmail.com","author_link":"https:\/\/caliweedeurope.com\/cs\/author\/"},"uagb_comment_info":0,"uagb_excerpt":"30 grams Grapefruit Moon Rocks\u00a0are made from\u00a0OG Kush\u00a0bud, dipped in\u00a0hash\u00a0oil\u00a0and powdered in kief!","_links":{"self":[{"href":"https:\/\/caliweedeurope.com\/cs\/wp-json\/wp\/v2\/product\/1842"}],"collection":[{"href":"https:\/\/caliweedeurope.com\/cs\/wp-json\/wp\/v2\/product"}],"about":[{"href":"https:\/\/caliweedeurope.com\/cs\/wp-json\/wp\/v2\/types\/product"}],"replies":[{"embeddable":true,"href":"https:\/\/caliweedeurope.com\/cs\/wp-json\/wp\/v2\/comments?post=1842"}],"wp:featuredmedia":[{"embeddable":true,"href":"https:\/\/caliweedeurope.com\/cs\/wp-json\/wp\/v2\/media\/1847"}],"wp:attachment":[{"href":"https:\/\/caliweedeurope.com\/cs\/wp-json\/wp\/v2\/media?parent=1842"}],"wp:term":[{"taxonomy":"product_brand","embeddable":true,"href":"https:\/\/caliweedeurope.com\/cs\/wp-json\/wp\/v2\/product_brand?post=1842"},{"taxonomy":"product_cat","embeddable":true,"href":"https:\/\/caliweedeurope.com\/cs\/wp-json\/wp\/v2\/product_cat?post=1842"},{"taxonomy":"product_tag","embeddable":true,"href":"https:\/\/caliweedeurope.com\/cs\/wp-json\/wp\/v2\/product_tag?post=1842"}],"curies":[{"name":"wp","href":"https:\/\/api.w.org\/{rel}","templated":true}]}}