{"id":1843,"date":"2024-11-06T02:41:01","date_gmt":"2024-11-06T02:41:01","guid":{"rendered":"https:\/\/caliweedeurope.com\/?post_type=product&#038;p=1843"},"modified":"2024-11-06T02:41:08","modified_gmt":"2024-11-06T02:41:08","slug":"blueberry-moon-rocks-30-gramu","status":"publish","type":"product","link":"https:\/\/caliweedeurope.com\/cs\/product\/blueberry-moon-rocks-30-gramu\/","title":{"rendered":"Koupit Blueberry Moon Rocks 30 Gram\u016f"},"content":{"rendered":"<h1>Blueberry Moon Rocks<\/h1>\n<p>Blueberry Moon Rocks jsou druh konopn\u00e9ho koncentr\u00e1tu, kter\u00fd vznik\u00e1 kombinac\u00ed bor\u016fvek s ha\u0161i\u0161ov\u00fdm nebo medov\u00fdm olejem. V\u00fdsledn\u00fd produkt je siln\u00fd a chutn\u00fd zp\u016fsob, jak si u\u017e\u00edt v\u00fdhody konop\u00ed. Blueberry Moon Rocks nab\u00edzej\u00ed \u0159adu potenci\u00e1ln\u00edch v\u00fdhod, v\u010detn\u011b:<\/p>\n<p>\u2022 <strong>\u00daleva od bolesti a z\u00e1n\u011btu<\/strong>: Blueberry Moon Rocks mohou b\u00fdt \u00fa\u010dinn\u00e9 p\u0159i l\u00e9\u010db\u011b r\u016fzn\u00fdch forem bolesti, v\u010detn\u011b chronick\u00e9 bolesti. Nav\u00edc protiz\u00e1n\u011btliv\u00e9 vlastnosti bor\u016fvek mohou pomoci sn\u00ed\u017eit otoky a z\u00e1n\u011bty.<\/p>\n<p>\u2022 <strong>Zlep\u0161en\u00e1 n\u00e1lada a relaxace<\/strong>: Slou\u010deniny obsa\u017een\u00e9 v bor\u016fvk\u00e1ch prokazateln\u011b zlep\u0161uj\u00ed n\u00e1ladu a podporuj\u00ed relaxaci. Tento \u00fa\u010dinek m\u016f\u017ee b\u00fdt zes\u00edlen p\u0159id\u00e1n\u00edm ha\u0161i\u0161ov\u00e9ho nebo medov\u00e9ho oleje, co\u017e \u010din\u00ed Blueberry Moon Rocks ide\u00e1ln\u00ed volbou pro ty, kte\u0159\u00ed hledaj\u00ed \u00falevu od stresu nebo \u00fazkosti.<\/p>\n<p>\u2022 <strong>Zv\u00fd\u0161en\u00e1 chu\u0165 k j\u00eddlu<\/strong>: \"Chut\u011b k j\u00eddlu\" jsou dob\u0159e zn\u00e1m\u00fdm vedlej\u0161\u00edm \u00fa\u010dinkem u\u017e\u00edv\u00e1n\u00ed konop\u00ed a Blueberry Moonrocks mohou tento efekt zes\u00edlit. To m\u016f\u017ee b\u00fdt u\u017eite\u010dn\u00e9 pro ty, kte\u0159\u00ed pot\u0159ebuj\u00ed zv\u00fd\u0161it chu\u0165 k j\u00eddlu ze zdravotn\u00edch d\u016fvod\u016f, nebo si jednodu\u0161e cht\u011bj\u00ed vychutnat dobr\u00e9 j\u00eddlo po u\u017eit\u00ed moonrocks.<\/p>\n<p>\u2022 <a href=\"https:\/\/jeetersofficial.com\/\" target=\"_blank\" rel=\"noopener\"><strong>Vylep\u0161en\u00e1 chu\u0165<\/strong>:<\/a> Blueberry Moon Rocks jsou zn\u00e1m\u00e9 svou sladkou a nakyslou chut\u00ed, kter\u00e1 se zesiluje p\u0159i kombinaci s ha\u0161i\u0161ov\u00fdm nebo medov\u00fdm olejem. D\u00edky tomu jsou Blueberry Moonrocks lahodnou pochoutkou pro ty, kte\u0159\u00ed si u\u017e\u00edvaj\u00ed chu\u0165 konopn\u00fdch koncentr\u00e1t\u016f.<\/p>","protected":false},"excerpt":{"rendered":"<p>Jste p\u0159ipraveni vyrazit do galaxie pln\u00e9 chut\u00ed a bla\u017een\u00e9 relaxace? Pod\u00edvejte se na n\u00e1\u0161 nejnov\u011bj\u0161\u00ed produkt: Blueberry Moonrocks! Tyto lahodn\u00e9 kousky jsou pota\u017eeny kiefem a napu\u0161t\u011bny THC pro z\u00e1\u017eitek jako z jin\u00e9ho sv\u011bta. A\u0165 u\u017e se chcete po dlouh\u00e9m dni uvolnit, nebo se vyst\u0159elit do stratosf\u00e9ry, tyto mal\u00e9 drahokamy v\u00e1m kryj\u00ed z\u00e1da. \u010ct\u011bte d\u00e1l a zjist\u011bte v\u00edce o tomto jedine\u010dn\u00e9m konopn\u00e9m v\u00fdtvoru! Koupit nyn\u00ed na<\/p>","protected":false},"featured_media":1848,"comment_status":"closed","ping_status":"closed","template":"","meta":{"_uag_custom_page_level_css":"","site-sidebar-layout":"default","site-content-layout":"","ast-site-content-layout":"default","site-content-style":"default","site-sidebar-style":"default","ast-global-header-display":"","ast-banner-title-visibility":"","ast-main-header-display":"","ast-hfb-above-header-display":"","ast-hfb-below-header-display":"","ast-hfb-mobile-header-display":"","site-post-title":"","ast-breadcrumbs-content":"","ast-featured-img":"","footer-sml-layout":"","ast-disable-related-posts":"","theme-transparent-header-meta":"","adv-header-id-meta":"","stick-header-meta":"","header-above-stick-meta":"","header-main-stick-meta":"","header-below-stick-meta":"","astra-migrate-meta-layouts":"default","ast-page-background-enabled":"default","ast-page-background-meta":{"desktop":{"background-color":"var(--ast-global-color-5)","background-image":"","background-repeat":"repeat","background-position":"center center","background-size":"auto","background-attachment":"scroll","background-type":"","background-media":"","overlay-type":"","overlay-color":"","overlay-opacity":"","overlay-gradient":""},"tablet":{"background-color":"","background-image":"","background-repeat":"repeat","background-position":"center center","background-size":"auto","background-attachment":"scroll","background-type":"","background-media":"","overlay-type":"","overlay-color":"","overlay-opacity":"","overlay-gradient":""},"mobile":{"background-color":"","background-image":"","background-repeat":"repeat","background-position":"center center","background-size":"auto","background-attachment":"scroll","background-type":"","background-media":"","overlay-type":"","overlay-color":"","overlay-opacity":"","overlay-gradient":""}},"ast-content-background-meta":{"desktop":{"background-color":"var(--ast-global-color-4)","background-image":"","background-repeat":"repeat","background-position":"center center","background-size":"auto","background-attachment":"scroll","background-type":"","background-media":"","overlay-type":"","overlay-color":"","overlay-opacity":"","overlay-gradient":""},"tablet":{"background-color":"var(--ast-global-color-4)","background-image":"","background-repeat":"repeat","background-position":"center center","background-size":"auto","background-attachment":"scroll","background-type":"","background-media":"","overlay-type":"","overlay-color":"","overlay-opacity":"","overlay-gradient":""},"mobile":{"background-color":"var(--ast-global-color-4)","background-image":"","background-repeat":"repeat","background-position":"center center","background-size":"auto","background-attachment":"scroll","background-type":"","background-media":"","overlay-type":"","overlay-color":"","overlay-opacity":"","overlay-gradient":""}}},"product_brand":[],"product_cat":[748],"product_tag":[763,764,765,766,767,768,769,750,252,253,751,752,753,754,755,756,757,758,759,770,760,761,762],"class_list":{"0":"post-1843","1":"product","2":"type-product","3":"status-publish","4":"has-post-thumbnail","6":"product_cat-weed-moonrock","7":"product_tag-blueberry","8":"product_tag-blueberry-moon-rocks","9":"product_tag-blueberry-moon-rocks-europe","10":"product_tag-blueberry-moon-rocks-for-sale","11":"product_tag-blueberry-moon-rocks-uk","12":"product_tag-blueberry-moonrocks","13":"product_tag-buy-blueberry-moon-rocks-online","14":"product_tag-delta-8-moon-rocks","15":"product_tag-how-to-make-moon-rocks","16":"product_tag-how-to-smoke-moon-rocks","17":"product_tag-is-moon-rock-weed","18":"product_tag-moon-rock","19":"product_tag-moon-rock-weed","20":"product_tag-moon-rocks","21":"product_tag-moon-rocks-for-sale","22":"product_tag-moon-rocks-marijuana","23":"product_tag-moon-rocks-near-me","24":"product_tag-moon-rocks-thc","25":"product_tag-moon-rocks-weed","26":"product_tag-moonrocks","27":"product_tag-purple-moon-rocks","28":"product_tag-weed-moon-rock","29":"product_tag-what-are-moon-rocks","30":"desktop-align-center","31":"tablet-align-left","32":"mobile-align-left","34":"first","35":"instock","36":"sale","37":"shipping-taxable","38":"purchasable","39":"product-type-simple"},"uagb_featured_image_src":{"full":["https:\/\/caliweedeurope.com\/wp-content\/uploads\/2024\/11\/Moon-Rock-Blueberry.webp",800,800,false],"thumbnail":["https:\/\/caliweedeurope.com\/wp-content\/uploads\/2024\/11\/Moon-Rock-Blueberry-150x150.webp",150,150,true],"medium":["https:\/\/caliweedeurope.com\/wp-content\/uploads\/2024\/11\/Moon-Rock-Blueberry-300x300.webp",300,300,true],"medium_large":["https:\/\/caliweedeurope.com\/wp-content\/uploads\/2024\/11\/Moon-Rock-Blueberry-768x768.webp",768,768,true],"large":["https:\/\/caliweedeurope.com\/wp-content\/uploads\/2024\/11\/Moon-Rock-Blueberry.webp",800,800,false],"1536x1536":["https:\/\/caliweedeurope.com\/wp-content\/uploads\/2024\/11\/Moon-Rock-Blueberry.webp",800,800,false],"2048x2048":["https:\/\/caliweedeurope.com\/wp-content\/uploads\/2024\/11\/Moon-Rock-Blueberry.webp",800,800,false],"trp-custom-language-flag":["https:\/\/caliweedeurope.com\/wp-content\/uploads\/2024\/11\/Moon-Rock-Blueberry.webp",12,12,false],"woocommerce_thumbnail":["https:\/\/caliweedeurope.com\/wp-content\/uploads\/2024\/11\/Moon-Rock-Blueberry-300x300.webp",300,300,true],"woocommerce_single":["https:\/\/caliweedeurope.com\/wp-content\/uploads\/2024\/11\/Moon-Rock-Blueberry-600x600.webp",600,600,true],"woocommerce_gallery_thumbnail":["https:\/\/caliweedeurope.com\/wp-content\/uploads\/2024\/11\/Moon-Rock-Blueberry-100x100.webp",100,100,true]},"uagb_author_info":{"display_name":"jetskiforsaleuk@gmail.com","author_link":"https:\/\/caliweedeurope.com\/cs\/author\/"},"uagb_comment_info":0,"uagb_excerpt":"Are you ready to blast off into a galaxy of flavor and blissful relaxation? Look no further than\u00a0our latest product: Blueberry moonrocks! These delectable nuggets are coated in kief and infused with THC for an out-of-this-world experience. Whether you\u2019re looking to chill out after a long day or launch yourself into the stratosphere, these little&hellip;","_links":{"self":[{"href":"https:\/\/caliweedeurope.com\/cs\/wp-json\/wp\/v2\/product\/1843"}],"collection":[{"href":"https:\/\/caliweedeurope.com\/cs\/wp-json\/wp\/v2\/product"}],"about":[{"href":"https:\/\/caliweedeurope.com\/cs\/wp-json\/wp\/v2\/types\/product"}],"replies":[{"embeddable":true,"href":"https:\/\/caliweedeurope.com\/cs\/wp-json\/wp\/v2\/comments?post=1843"}],"wp:featuredmedia":[{"embeddable":true,"href":"https:\/\/caliweedeurope.com\/cs\/wp-json\/wp\/v2\/media\/1848"}],"wp:attachment":[{"href":"https:\/\/caliweedeurope.com\/cs\/wp-json\/wp\/v2\/media?parent=1843"}],"wp:term":[{"taxonomy":"product_brand","embeddable":true,"href":"https:\/\/caliweedeurope.com\/cs\/wp-json\/wp\/v2\/product_brand?post=1843"},{"taxonomy":"product_cat","embeddable":true,"href":"https:\/\/caliweedeurope.com\/cs\/wp-json\/wp\/v2\/product_cat?post=1843"},{"taxonomy":"product_tag","embeddable":true,"href":"https:\/\/caliweedeurope.com\/cs\/wp-json\/wp\/v2\/product_tag?post=1843"}],"curies":[{"name":"wp","href":"https:\/\/api.w.org\/{rel}","templated":true}]}}