{"id":1844,"date":"2024-11-06T02:41:01","date_gmt":"2024-11-06T02:41:01","guid":{"rendered":"https:\/\/caliweedeurope.com\/?post_type=product&#038;p=1844"},"modified":"2024-11-06T02:41:09","modified_gmt":"2024-11-06T02:41:09","slug":"pina-colada-moon-rocks-30-gramu","status":"publish","type":"product","link":"https:\/\/caliweedeurope.com\/cs\/product\/pina-colada-moon-rocks-30-gramu\/","title":{"rendered":"Koupit Pina Colada Moon Rocks 30 Gram\u016f"},"content":{"rendered":"<h2>Koupit Pina Colada Moon Rocks 30 Gram\u016f<\/h2>\n<p>Ka\u017ed\u00e1 objedn\u00e1vka obsahuje 1,1 gramu pr\u00e9miov\u00fdch Pina Colada Moon Rocks \u2013 Sativa<\/p>\n<p>Skl\u00e1d\u00e1 se z hybridn\u00edho pupenu OG; obalen\u00fd v Co2 oleji a posypan\u00fd zlat\u00fdm kiefem. Celkem: 1,1 GRAMU plus extra kief.<\/p>\n<p>Pro nejlep\u0161\u00ed chu\u0165 a kou\u0159 se doporu\u010duje pou\u017e\u00edt misku na ha\u0161i\u0161 nebo d\u00fdmku a nerozb\u00edjet pupen ml\u00fdnkem, proto\u017ee p\u0159i tom procesu ztrat\u00edte v\u011bt\u0161inu kiefu.<\/p>\n<p>Jeden z nej\u00fa\u010dinn\u011bj\u0161\u00edch, nejd\u00e9le ho\u0159\u00edc\u00edch, nejchutn\u011bj\u0161\u00edch a nejunik\u00e1tn\u011bj\u0161\u00edch z\u00e1\u017eitk\u016f z kou\u0159en\u00ed, jak\u00e9 si m\u016f\u017eete p\u0159\u00e1t naj\u00edt.<\/p>\n<p>U\u017eijte si cestu na M\u011bs\u00edc a zp\u011bt!<\/p>\n<p>\u017d\u00e1dn\u00e9 um\u011bl\u00e9 terpeny p\u0159id\u00e1ny<\/p>","protected":false},"excerpt":{"rendered":"<p>Pina Colada Moon Rocks s pot\u011b\u0161en\u00edm nab\u00edz\u00ed svou \u0159adu vysoce kvalitn\u00edch a konzistentn\u00edch produkt\u016f. Jejich lahodn\u011b ochucen\u00e9 Pina Colada Moon Rocks p\u0159in\u00e1\u0161ej\u00ed euforii z jin\u00e9ho sv\u011bta. Vyvinuli pupeny marihuany pokryt\u00e9 koncentr\u00e1tem pro lidi, kte\u0159\u00ed se c\u00edt\u00ed trochu nebo zcela mimo orbitu. Klienti, kte\u0159\u00ed up\u0159ednost\u0148uj\u00ed sm\u011bs kiefu, koncentr\u00e1t\u016f a kv\u011btin ke zm\u00edrn\u011bn\u00ed sv\u00fdch pot\u00ed\u017e\u00ed, ocen\u00ed intenzivn\u00ed euforii a lahodn\u00e9 chut\u011b, kter\u00e9 Pina Colada Moon Rocks nab\u00edzej\u00ed<\/p>","protected":false},"featured_media":1849,"comment_status":"closed","ping_status":"closed","template":"","meta":{"_uag_custom_page_level_css":"","site-sidebar-layout":"default","site-content-layout":"","ast-site-content-layout":"default","site-content-style":"default","site-sidebar-style":"default","ast-global-header-display":"","ast-banner-title-visibility":"","ast-main-header-display":"","ast-hfb-above-header-display":"","ast-hfb-below-header-display":"","ast-hfb-mobile-header-display":"","site-post-title":"","ast-breadcrumbs-content":"","ast-featured-img":"","footer-sml-layout":"","ast-disable-related-posts":"","theme-transparent-header-meta":"","adv-header-id-meta":"","stick-header-meta":"","header-above-stick-meta":"","header-main-stick-meta":"","header-below-stick-meta":"","astra-migrate-meta-layouts":"default","ast-page-background-enabled":"default","ast-page-background-meta":{"desktop":{"background-color":"var(--ast-global-color-5)","background-image":"","background-repeat":"repeat","background-position":"center center","background-size":"auto","background-attachment":"scroll","background-type":"","background-media":"","overlay-type":"","overlay-color":"","overlay-opacity":"","overlay-gradient":""},"tablet":{"background-color":"","background-image":"","background-repeat":"repeat","background-position":"center center","background-size":"auto","background-attachment":"scroll","background-type":"","background-media":"","overlay-type":"","overlay-color":"","overlay-opacity":"","overlay-gradient":""},"mobile":{"background-color":"","background-image":"","background-repeat":"repeat","background-position":"center center","background-size":"auto","background-attachment":"scroll","background-type":"","background-media":"","overlay-type":"","overlay-color":"","overlay-opacity":"","overlay-gradient":""}},"ast-content-background-meta":{"desktop":{"background-color":"var(--ast-global-color-4)","background-image":"","background-repeat":"repeat","background-position":"center center","background-size":"auto","background-attachment":"scroll","background-type":"","background-media":"","overlay-type":"","overlay-color":"","overlay-opacity":"","overlay-gradient":""},"tablet":{"background-color":"var(--ast-global-color-4)","background-image":"","background-repeat":"repeat","background-position":"center center","background-size":"auto","background-attachment":"scroll","background-type":"","background-media":"","overlay-type":"","overlay-color":"","overlay-opacity":"","overlay-gradient":""},"mobile":{"background-color":"var(--ast-global-color-4)","background-image":"","background-repeat":"repeat","background-position":"center center","background-size":"auto","background-attachment":"scroll","background-type":"","background-media":"","overlay-type":"","overlay-color":"","overlay-opacity":"","overlay-gradient":""}}},"product_brand":[],"product_cat":[748],"product_tag":[750,252,253,751,752,753,754,755,756,757,758,759,760,761,762],"class_list":{"0":"post-1844","1":"product","2":"type-product","3":"status-publish","4":"has-post-thumbnail","6":"product_cat-weed-moonrock","7":"product_tag-delta-8-moon-rocks","8":"product_tag-how-to-make-moon-rocks","9":"product_tag-how-to-smoke-moon-rocks","10":"product_tag-is-moon-rock-weed","11":"product_tag-moon-rock","12":"product_tag-moon-rock-weed","13":"product_tag-moon-rocks","14":"product_tag-moon-rocks-for-sale","15":"product_tag-moon-rocks-marijuana","16":"product_tag-moon-rocks-near-me","17":"product_tag-moon-rocks-thc","18":"product_tag-moon-rocks-weed","19":"product_tag-purple-moon-rocks","20":"product_tag-weed-moon-rock","21":"product_tag-what-are-moon-rocks","22":"desktop-align-center","23":"tablet-align-left","24":"mobile-align-left","26":"first","27":"instock","28":"sale","29":"shipping-taxable","30":"purchasable","31":"product-type-simple"},"uagb_featured_image_src":{"full":["https:\/\/caliweedeurope.com\/wp-content\/uploads\/2024\/11\/Moon-Rock-Pina-Colada.jpeg",600,600,false],"thumbnail":["https:\/\/caliweedeurope.com\/wp-content\/uploads\/2024\/11\/Moon-Rock-Pina-Colada-150x150.jpeg",150,150,true],"medium":["https:\/\/caliweedeurope.com\/wp-content\/uploads\/2024\/11\/Moon-Rock-Pina-Colada-300x300.jpeg",300,300,true],"medium_large":["https:\/\/caliweedeurope.com\/wp-content\/uploads\/2024\/11\/Moon-Rock-Pina-Colada.jpeg",600,600,false],"large":["https:\/\/caliweedeurope.com\/wp-content\/uploads\/2024\/11\/Moon-Rock-Pina-Colada.jpeg",600,600,false],"1536x1536":["https:\/\/caliweedeurope.com\/wp-content\/uploads\/2024\/11\/Moon-Rock-Pina-Colada.jpeg",600,600,false],"2048x2048":["https:\/\/caliweedeurope.com\/wp-content\/uploads\/2024\/11\/Moon-Rock-Pina-Colada.jpeg",600,600,false],"trp-custom-language-flag":["https:\/\/caliweedeurope.com\/wp-content\/uploads\/2024\/11\/Moon-Rock-Pina-Colada.jpeg",12,12,false],"woocommerce_thumbnail":["https:\/\/caliweedeurope.com\/wp-content\/uploads\/2024\/11\/Moon-Rock-Pina-Colada-300x300.jpeg",300,300,true],"woocommerce_single":["https:\/\/caliweedeurope.com\/wp-content\/uploads\/2024\/11\/Moon-Rock-Pina-Colada.jpeg",600,600,false],"woocommerce_gallery_thumbnail":["https:\/\/caliweedeurope.com\/wp-content\/uploads\/2024\/11\/Moon-Rock-Pina-Colada-100x100.jpeg",100,100,true]},"uagb_author_info":{"display_name":"jetskiforsaleuk@gmail.com","author_link":"https:\/\/caliweedeurope.com\/cs\/author\/"},"uagb_comment_info":0,"uagb_excerpt":"Pina Colada Moon Rocks is delighted to offer its line of high-quality, consistent products. Their deliciously flavored Pina Colada Moon Rocks produce otherworldly euphoria. They have developed concentrate covered marijuana buds for folks feeling a little or a lot out of orbit. Clients who prefer a concoction of keif, concentrates, and flowers to calm their&hellip;","_links":{"self":[{"href":"https:\/\/caliweedeurope.com\/cs\/wp-json\/wp\/v2\/product\/1844"}],"collection":[{"href":"https:\/\/caliweedeurope.com\/cs\/wp-json\/wp\/v2\/product"}],"about":[{"href":"https:\/\/caliweedeurope.com\/cs\/wp-json\/wp\/v2\/types\/product"}],"replies":[{"embeddable":true,"href":"https:\/\/caliweedeurope.com\/cs\/wp-json\/wp\/v2\/comments?post=1844"}],"wp:featuredmedia":[{"embeddable":true,"href":"https:\/\/caliweedeurope.com\/cs\/wp-json\/wp\/v2\/media\/1849"}],"wp:attachment":[{"href":"https:\/\/caliweedeurope.com\/cs\/wp-json\/wp\/v2\/media?parent=1844"}],"wp:term":[{"taxonomy":"product_brand","embeddable":true,"href":"https:\/\/caliweedeurope.com\/cs\/wp-json\/wp\/v2\/product_brand?post=1844"},{"taxonomy":"product_cat","embeddable":true,"href":"https:\/\/caliweedeurope.com\/cs\/wp-json\/wp\/v2\/product_cat?post=1844"},{"taxonomy":"product_tag","embeddable":true,"href":"https:\/\/caliweedeurope.com\/cs\/wp-json\/wp\/v2\/product_tag?post=1844"}],"curies":[{"name":"wp","href":"https:\/\/api.w.org\/{rel}","templated":true}]}}