{"id":1865,"date":"2024-11-06T04:42:54","date_gmt":"2024-11-06T04:42:54","guid":{"rendered":"https:\/\/caliweedeurope.com\/?post_type=product&#038;p=1865"},"modified":"2024-11-06T04:42:54","modified_gmt":"2024-11-06T04:42:54","slug":"buy-pound-cereal-milk-smalls-strain-454-gramu","status":"publish","type":"product","link":"https:\/\/caliweedeurope.com\/cs\/product\/buy-pound-cereal-milk-smalls-strain-454-gramu\/","title":{"rendered":"Kupte si libru Cereal Milk Smalls odr\u016fda 454 gram\u016f"},"content":{"rendered":"<p>Odr\u016fda Cereal Milk Smalls nab\u00edz\u00ed jedine\u010dnou f\u00fazi chuti a \u00fa\u010dink\u016f, co\u017e ji \u010din\u00ed l\u00e1kavou volbou pro milovn\u00edky konop\u00ed. S lahodn\u00fdmi sladk\u00fdmi a ml\u00e9\u010dn\u00fdmi podt\u00f3ny poskytuje tato odr\u016fda aromatick\u00fd a chutn\u00fd z\u00e1\u017eitek. Nab\u00edz\u00ed vyv\u00e1\u017eenou kombinaci relaxace a du\u0161evn\u00edho povznesen\u00ed, co\u017e ji \u010din\u00ed vhodnou pro \u0161irokou \u0161k\u00e1lu preferenc\u00ed. Cereal Milk Smalls m\u00e1 tak\u00e9 potenci\u00e1ln\u00ed medic\u00ednsk\u00e9 v\u00fdhody, poskytuj\u00edc\u00ed uklid\u0148uj\u00edc\u00ed \u00falevu od stresu, \u00fazkosti a m\u00edrn\u00fdch bolest\u00ed.<\/p>\n<h1><strong>Objevte chutn\u00e9 Cereal Milk Smalls: Pohodln\u011b dostupn\u00e9 online<\/strong><\/h1>\n<p>Vydejte se na lahodnou cestu s Cereal Milk Smalls, odr\u016fdou, kter\u00e1 slibuje jedine\u010dnou f\u00fazi chuti a \u00fa\u010dink\u016f. Tento podrobn\u00fd pr\u016fvodce je va\u0161\u00edm vstupenkou k odhalen\u00ed jedine\u010dn\u00fdch vlastnost\u00ed, \u00fa\u010dink\u016f a pohodl\u00ed p\u0159i z\u00edsk\u00e1v\u00e1n\u00ed odr\u016fdy Cereal Milk Smalls online. A\u0165 u\u017e jste zku\u0161en\u00fd milovn\u00edk konop\u00ed, nebo zv\u011bdav\u00fd objevitel, p\u0159ipravte se pono\u0159it do chutn\u00e9ho sv\u011bta Cereal Milk Smalls.<\/p>\n<h2><strong>P\u016fvod odr\u016fdy Cereal Milk Smalls<\/strong><\/h2>\n<p>Objevte p\u016fvod odr\u016fdy Cereal Milk Smalls a pono\u0159te se do p\u011bstebn\u00edch technik, kter\u00e9 p\u0159isp\u00edvaj\u00ed k jej\u00edm jedine\u010dn\u00fdm vlastnostem. Z\u00edskejte p\u0159ehled o r\u016fstov\u00e9m procesu, kter\u00fd \u010din\u00ed Cereal Milk Smalls fascinuj\u00edc\u00ed volbou pro ty, kte\u0159\u00ed hledaj\u00ed p\u0159\u00edjemnou rovnov\u00e1hu mezi relaxac\u00ed a eufori\u00ed v jejich zku\u0161enosti s konop\u00edm.<\/p>\n<h2><strong>Extravaganza aromatu a chuti<\/strong><\/h2>\n<p>Pono\u0159te se do extravagance aromatu a chuti s Cereal Milk Smalls, kter\u00e1 se vyzna\u010duje lahodnou sm\u011bs\u00ed sladk\u00fdch a ml\u00e9\u010dn\u00fdch podt\u00f3n\u016f. Objevte smyslovou cestu, kter\u00e1 \u010din\u00ed Cereal Milk Smalls skute\u010dn\u011b p\u0159\u00edjemn\u00fdm z\u00e1\u017eitkem pro milovn\u00edky konop\u00ed.<\/p>","protected":false},"excerpt":{"rendered":"<p>Cereal Milk Smalls strain offers a unique fusion of taste and effects, making it an enticing choice for cannabis enthusiasts. With delightful sweet and milky undertones, this strain provides an aromatic and flavorful experience. It delivers a balanced combination of relaxation and mental elevation, catering to a diverse range of preferences. Cereal Milk Smalls also [&hellip;]<\/p>","protected":false},"featured_media":1866,"comment_status":"open","ping_status":"closed","template":"","meta":{"_uag_custom_page_level_css":"","site-sidebar-layout":"default","site-content-layout":"","ast-site-content-layout":"default","site-content-style":"default","site-sidebar-style":"default","ast-global-header-display":"","ast-banner-title-visibility":"","ast-main-header-display":"","ast-hfb-above-header-display":"","ast-hfb-below-header-display":"","ast-hfb-mobile-header-display":"","site-post-title":"","ast-breadcrumbs-content":"","ast-featured-img":"","footer-sml-layout":"","ast-disable-related-posts":"","theme-transparent-header-meta":"default","adv-header-id-meta":"","stick-header-meta":"","header-above-stick-meta":"","header-main-stick-meta":"","header-below-stick-meta":"","astra-migrate-meta-layouts":"set","ast-page-background-enabled":"default","ast-page-background-meta":{"desktop":{"background-color":"var(--ast-global-color-5)","background-image":"","background-repeat":"repeat","background-position":"center center","background-size":"auto","background-attachment":"scroll","background-type":"","background-media":"","overlay-type":"","overlay-color":"","overlay-opacity":"","overlay-gradient":""},"tablet":{"background-color":"","background-image":"","background-repeat":"repeat","background-position":"center center","background-size":"auto","background-attachment":"scroll","background-type":"","background-media":"","overlay-type":"","overlay-color":"","overlay-opacity":"","overlay-gradient":""},"mobile":{"background-color":"","background-image":"","background-repeat":"repeat","background-position":"center center","background-size":"auto","background-attachment":"scroll","background-type":"","background-media":"","overlay-type":"","overlay-color":"","overlay-opacity":"","overlay-gradient":""}},"ast-content-background-meta":{"desktop":{"background-color":"var(--ast-global-color-4)","background-image":"","background-repeat":"repeat","background-position":"center center","background-size":"auto","background-attachment":"scroll","background-type":"","background-media":"","overlay-type":"","overlay-color":"","overlay-opacity":"","overlay-gradient":""},"tablet":{"background-color":"var(--ast-global-color-4)","background-image":"","background-repeat":"repeat","background-position":"center center","background-size":"auto","background-attachment":"scroll","background-type":"","background-media":"","overlay-type":"","overlay-color":"","overlay-opacity":"","overlay-gradient":""},"mobile":{"background-color":"var(--ast-global-color-4)","background-image":"","background-repeat":"repeat","background-position":"center center","background-size":"auto","background-attachment":"scroll","background-type":"","background-media":"","overlay-type":"","overlay-color":"","overlay-opacity":"","overlay-gradient":""}}},"product_brand":[],"product_cat":[28],"product_tag":[],"class_list":{"0":"post-1865","1":"product","2":"type-product","3":"status-publish","4":"has-post-thumbnail","6":"product_cat-buy-weed-pounds","7":"desktop-align-center","8":"tablet-align-left","9":"mobile-align-left","11":"first","12":"instock","13":"sale","14":"shipping-taxable","15":"purchasable","16":"product-type-simple"},"uagb_featured_image_src":{"full":["https:\/\/caliweedeurope.com\/wp-content\/uploads\/2024\/11\/Cereal-Milk-Smalls-strain-600x800-1.jpg",600,800,false],"thumbnail":["https:\/\/caliweedeurope.com\/wp-content\/uploads\/2024\/11\/Cereal-Milk-Smalls-strain-600x800-1-150x150.jpg",150,150,true],"medium":["https:\/\/caliweedeurope.com\/wp-content\/uploads\/2024\/11\/Cereal-Milk-Smalls-strain-600x800-1-225x300.jpg",225,300,true],"medium_large":["https:\/\/caliweedeurope.com\/wp-content\/uploads\/2024\/11\/Cereal-Milk-Smalls-strain-600x800-1.jpg",600,800,false],"large":["https:\/\/caliweedeurope.com\/wp-content\/uploads\/2024\/11\/Cereal-Milk-Smalls-strain-600x800-1.jpg",600,800,false],"1536x1536":["https:\/\/caliweedeurope.com\/wp-content\/uploads\/2024\/11\/Cereal-Milk-Smalls-strain-600x800-1.jpg",600,800,false],"2048x2048":["https:\/\/caliweedeurope.com\/wp-content\/uploads\/2024\/11\/Cereal-Milk-Smalls-strain-600x800-1.jpg",600,800,false],"trp-custom-language-flag":["https:\/\/caliweedeurope.com\/wp-content\/uploads\/2024\/11\/Cereal-Milk-Smalls-strain-600x800-1.jpg",9,12,false],"woocommerce_thumbnail":["https:\/\/caliweedeurope.com\/wp-content\/uploads\/2024\/11\/Cereal-Milk-Smalls-strain-600x800-1-300x300.jpg",300,300,true],"woocommerce_single":["https:\/\/caliweedeurope.com\/wp-content\/uploads\/2024\/11\/Cereal-Milk-Smalls-strain-600x800-1.jpg",600,800,false],"woocommerce_gallery_thumbnail":["https:\/\/caliweedeurope.com\/wp-content\/uploads\/2024\/11\/Cereal-Milk-Smalls-strain-600x800-1-100x100.jpg",100,100,true]},"uagb_author_info":{"display_name":"jetskiforsaleuk@gmail.com","author_link":"https:\/\/caliweedeurope.com\/cs\/author\/"},"uagb_comment_info":0,"uagb_excerpt":"Cereal Milk Smalls strain offers a unique fusion of taste and effects, making it an enticing choice for cannabis enthusiasts. With delightful sweet and milky undertones, this strain provides an aromatic and flavorful experience. It delivers a balanced combination of relaxation and mental elevation, catering to a diverse range of preferences. Cereal Milk Smalls also&hellip;","_links":{"self":[{"href":"https:\/\/caliweedeurope.com\/cs\/wp-json\/wp\/v2\/product\/1865"}],"collection":[{"href":"https:\/\/caliweedeurope.com\/cs\/wp-json\/wp\/v2\/product"}],"about":[{"href":"https:\/\/caliweedeurope.com\/cs\/wp-json\/wp\/v2\/types\/product"}],"replies":[{"embeddable":true,"href":"https:\/\/caliweedeurope.com\/cs\/wp-json\/wp\/v2\/comments?post=1865"}],"wp:featuredmedia":[{"embeddable":true,"href":"https:\/\/caliweedeurope.com\/cs\/wp-json\/wp\/v2\/media\/1866"}],"wp:attachment":[{"href":"https:\/\/caliweedeurope.com\/cs\/wp-json\/wp\/v2\/media?parent=1865"}],"wp:term":[{"taxonomy":"product_brand","embeddable":true,"href":"https:\/\/caliweedeurope.com\/cs\/wp-json\/wp\/v2\/product_brand?post=1865"},{"taxonomy":"product_cat","embeddable":true,"href":"https:\/\/caliweedeurope.com\/cs\/wp-json\/wp\/v2\/product_cat?post=1865"},{"taxonomy":"product_tag","embeddable":true,"href":"https:\/\/caliweedeurope.com\/cs\/wp-json\/wp\/v2\/product_tag?post=1865"}],"curies":[{"name":"wp","href":"https:\/\/api.w.org\/{rel}","templated":true}]}}