{"id":1872,"date":"2024-11-06T04:58:50","date_gmt":"2024-11-06T04:58:50","guid":{"rendered":"https:\/\/caliweedeurope.com\/?post_type=product&#038;p=1872"},"modified":"2024-11-06T04:58:50","modified_gmt":"2024-11-06T04:58:50","slug":"buy-one-pound-apples-banana-smalls-strain-454-gramu","status":"publish","type":"product","link":"https:\/\/caliweedeurope.com\/cs\/product\/buy-one-pound-apples-banana-smalls-strain-454-gramu\/","title":{"rendered":"Kupte jednu libru Apples Banana Smalls odr\u016fda 454 gram\u016f"},"content":{"rendered":"<h1><strong>Apples &amp; Banana Smalls Strain K Prodeji Online<\/strong><\/h1>\n<p>V r\u016fznorod\u00e9 krajin\u011b konopn\u00fdch odr\u016fd se odr\u016fda Apples &amp; Banana Smalls objevila jako chutn\u00e1 a fascinuj\u00edc\u00ed mo\u017enost pro nad\u0161ence, kte\u0159\u00ed hledaj\u00ed jedine\u010dn\u00fd a p\u0159\u00edjemn\u00fd z\u00e1\u017eitek. D\u00edky pohodl\u00ed online platforem se objevov\u00e1n\u00ed a n\u00e1kup Apples &amp; Banana Smalls stal plynul\u00fdm procesem, kter\u00fd kanabisov\u00fdm odborn\u00edk\u016fm nab\u00edz\u00ed p\u0159\u00edle\u017eitost pono\u0159it se do kouzla t\u00e9to jedine\u010dn\u00e9 odr\u016fdy z pohodl\u00ed jejich domov\u016f.<\/p>\n<h2><strong>Rozkr\u00fdv\u00e1n\u00ed odr\u016fdy Apples &amp; Banana Smalls<\/strong><\/h2>\n<p>Ne\u017e se pust\u00edme na online trh, poj\u010fme odhalit vlastnosti, kter\u00e9 d\u011blaj\u00ed odr\u016fdu Apples &amp; Banana Smalls v\u00fdjime\u010dnou. Oslavovan\u00e1 pro svou jedine\u010dnou kombinaci ovocn\u00fdch a sladk\u00fdch t\u00f3n\u016f, tato odr\u016fda z\u00edskala popularitu d\u00edky sv\u00e9 aromatick\u00e9 p\u0159ita\u017elivosti a vyv\u00e1\u017een\u00fdm \u00fa\u010dink\u016fm.<\/p>\n<p>Apples &amp; Banana Smalls, hybridn\u00ed odr\u016fda, byla vytvo\u0159ena, aby nab\u00eddla harmonickou sm\u011bs genetiky indica a sativa. Tento rovnov\u00e1ha vede k p\u0159\u00edjemn\u00e9 kombinaci relaxace a euforie, co\u017e z n\u00ed \u010din\u00ed v\u0161estrannou volbu pro r\u016fzn\u00e9 preference. Pochopen\u00ed jedine\u010dn\u00fdch vlastnost\u00ed odr\u016fdy Apples &amp; Banana Smalls otev\u00edr\u00e1 cestu k informovan\u00e9mu zkoum\u00e1n\u00ed t\u00e9to fascinuj\u00edc\u00ed odr\u016fdy.<\/p>\n<h2><strong>V\u00fdhody Apples &amp; Banana Smalls<\/strong><\/h2>\n<p>Krom\u011b sv\u00e9ho vynikaj\u00edc\u00edho chu\u0165ov\u00e9ho profilu nab\u00edz\u00ed Apples &amp; Banana Smalls \u0159adu v\u00fdhod, kter\u00e9 p\u0159isp\u00edvaj\u00ed k jeho rostouc\u00ed popularit\u011b. Pro ty, kte\u0159\u00ed hledaj\u00ed jemn\u00fd a povzbudiv\u00fd z\u00e1\u017eitek bez p\u0159ehnan\u00e9 sedace, nab\u00edz\u00ed Apples &amp; Banana Smalls hladkou a p\u0159\u00edjemnou cestu. Potenci\u00e1l odr\u016fdy vyvol\u00e1vat relaxaci a kreativn\u00ed inspiraci ji \u010din\u00ed v\u0161estrannou volbou pro rekrea\u010dn\u00ed i terapeutick\u00e9 u\u017eivatele.<\/p>","protected":false},"excerpt":{"rendered":"<p>Apples &amp; Banana Smalls Strain For Sale Online In the diverse landscape of cannabis strains, the Apples &amp; Banana Smalls strain has emerged as a flavorful and intriguing option for enthusiasts seeking a unique and enjoyable experience. With the convenience of online platforms, exploring and acquiring Apples &amp; Banana Smalls has become a seamless process, [&hellip;]<\/p>","protected":false},"featured_media":1870,"comment_status":"open","ping_status":"closed","template":"","meta":{"_uag_custom_page_level_css":"","site-sidebar-layout":"default","site-content-layout":"","ast-site-content-layout":"default","site-content-style":"default","site-sidebar-style":"default","ast-global-header-display":"","ast-banner-title-visibility":"","ast-main-header-display":"","ast-hfb-above-header-display":"","ast-hfb-below-header-display":"","ast-hfb-mobile-header-display":"","site-post-title":"","ast-breadcrumbs-content":"","ast-featured-img":"","footer-sml-layout":"","ast-disable-related-posts":"","theme-transparent-header-meta":"default","adv-header-id-meta":"","stick-header-meta":"","header-above-stick-meta":"","header-main-stick-meta":"","header-below-stick-meta":"","astra-migrate-meta-layouts":"set","ast-page-background-enabled":"default","ast-page-background-meta":{"desktop":{"background-color":"var(--ast-global-color-5)","background-image":"","background-repeat":"repeat","background-position":"center center","background-size":"auto","background-attachment":"scroll","background-type":"","background-media":"","overlay-type":"","overlay-color":"","overlay-opacity":"","overlay-gradient":""},"tablet":{"background-color":"","background-image":"","background-repeat":"repeat","background-position":"center center","background-size":"auto","background-attachment":"scroll","background-type":"","background-media":"","overlay-type":"","overlay-color":"","overlay-opacity":"","overlay-gradient":""},"mobile":{"background-color":"","background-image":"","background-repeat":"repeat","background-position":"center center","background-size":"auto","background-attachment":"scroll","background-type":"","background-media":"","overlay-type":"","overlay-color":"","overlay-opacity":"","overlay-gradient":""}},"ast-content-background-meta":{"desktop":{"background-color":"var(--ast-global-color-4)","background-image":"","background-repeat":"repeat","background-position":"center center","background-size":"auto","background-attachment":"scroll","background-type":"","background-media":"","overlay-type":"","overlay-color":"","overlay-opacity":"","overlay-gradient":""},"tablet":{"background-color":"var(--ast-global-color-4)","background-image":"","background-repeat":"repeat","background-position":"center center","background-size":"auto","background-attachment":"scroll","background-type":"","background-media":"","overlay-type":"","overlay-color":"","overlay-opacity":"","overlay-gradient":""},"mobile":{"background-color":"var(--ast-global-color-4)","background-image":"","background-repeat":"repeat","background-position":"center center","background-size":"auto","background-attachment":"scroll","background-type":"","background-media":"","overlay-type":"","overlay-color":"","overlay-opacity":"","overlay-gradient":""}}},"product_brand":[],"product_cat":[28],"product_tag":[],"class_list":{"0":"post-1872","1":"product","2":"type-product","3":"status-publish","4":"has-post-thumbnail","6":"product_cat-buy-weed-pounds","7":"desktop-align-center","8":"tablet-align-left","9":"mobile-align-left","11":"first","12":"instock","13":"sale","14":"shipping-taxable","15":"purchasable","16":"product-type-simple"},"uagb_featured_image_src":{"full":["https:\/\/caliweedeurope.com\/wp-content\/uploads\/2024\/11\/POUND-Apples-Banana-Smalls-strain-600x800-1.jpg",600,800,false],"thumbnail":["https:\/\/caliweedeurope.com\/wp-content\/uploads\/2024\/11\/POUND-Apples-Banana-Smalls-strain-600x800-1-150x150.jpg",150,150,true],"medium":["https:\/\/caliweedeurope.com\/wp-content\/uploads\/2024\/11\/POUND-Apples-Banana-Smalls-strain-600x800-1-225x300.jpg",225,300,true],"medium_large":["https:\/\/caliweedeurope.com\/wp-content\/uploads\/2024\/11\/POUND-Apples-Banana-Smalls-strain-600x800-1.jpg",600,800,false],"large":["https:\/\/caliweedeurope.com\/wp-content\/uploads\/2024\/11\/POUND-Apples-Banana-Smalls-strain-600x800-1.jpg",600,800,false],"1536x1536":["https:\/\/caliweedeurope.com\/wp-content\/uploads\/2024\/11\/POUND-Apples-Banana-Smalls-strain-600x800-1.jpg",600,800,false],"2048x2048":["https:\/\/caliweedeurope.com\/wp-content\/uploads\/2024\/11\/POUND-Apples-Banana-Smalls-strain-600x800-1.jpg",600,800,false],"trp-custom-language-flag":["https:\/\/caliweedeurope.com\/wp-content\/uploads\/2024\/11\/POUND-Apples-Banana-Smalls-strain-600x800-1.jpg",9,12,false],"woocommerce_thumbnail":["https:\/\/caliweedeurope.com\/wp-content\/uploads\/2024\/11\/POUND-Apples-Banana-Smalls-strain-600x800-1-300x300.jpg",300,300,true],"woocommerce_single":["https:\/\/caliweedeurope.com\/wp-content\/uploads\/2024\/11\/POUND-Apples-Banana-Smalls-strain-600x800-1.jpg",600,800,false],"woocommerce_gallery_thumbnail":["https:\/\/caliweedeurope.com\/wp-content\/uploads\/2024\/11\/POUND-Apples-Banana-Smalls-strain-600x800-1-100x100.jpg",100,100,true]},"uagb_author_info":{"display_name":"jetskiforsaleuk@gmail.com","author_link":"https:\/\/caliweedeurope.com\/cs\/author\/"},"uagb_comment_info":0,"uagb_excerpt":"Apples &amp; Banana Smalls Strain For Sale Online In the diverse landscape of cannabis strains, the Apples &amp; Banana Smalls strain has emerged as a flavorful and intriguing option for enthusiasts seeking a unique and enjoyable experience. With the convenience of online platforms, exploring and acquiring Apples &amp; Banana Smalls has become a seamless process,&hellip;","_links":{"self":[{"href":"https:\/\/caliweedeurope.com\/cs\/wp-json\/wp\/v2\/product\/1872"}],"collection":[{"href":"https:\/\/caliweedeurope.com\/cs\/wp-json\/wp\/v2\/product"}],"about":[{"href":"https:\/\/caliweedeurope.com\/cs\/wp-json\/wp\/v2\/types\/product"}],"replies":[{"embeddable":true,"href":"https:\/\/caliweedeurope.com\/cs\/wp-json\/wp\/v2\/comments?post=1872"}],"wp:featuredmedia":[{"embeddable":true,"href":"https:\/\/caliweedeurope.com\/cs\/wp-json\/wp\/v2\/media\/1870"}],"wp:attachment":[{"href":"https:\/\/caliweedeurope.com\/cs\/wp-json\/wp\/v2\/media?parent=1872"}],"wp:term":[{"taxonomy":"product_brand","embeddable":true,"href":"https:\/\/caliweedeurope.com\/cs\/wp-json\/wp\/v2\/product_brand?post=1872"},{"taxonomy":"product_cat","embeddable":true,"href":"https:\/\/caliweedeurope.com\/cs\/wp-json\/wp\/v2\/product_cat?post=1872"},{"taxonomy":"product_tag","embeddable":true,"href":"https:\/\/caliweedeurope.com\/cs\/wp-json\/wp\/v2\/product_tag?post=1872"}],"curies":[{"name":"wp","href":"https:\/\/api.w.org\/{rel}","templated":true}]}}