{"id":1876,"date":"2024-11-06T05:09:18","date_gmt":"2024-11-06T05:09:18","guid":{"rendered":"https:\/\/caliweedeurope.com\/?post_type=product&#038;p=1876"},"modified":"2024-11-06T05:09:18","modified_gmt":"2024-11-06T05:09:18","slug":"blueberry-pancake-smalls-pound-odruda-na-prodej-online","status":"publish","type":"product","link":"https:\/\/caliweedeurope.com\/cs\/product\/blueberry-pancake-smalls-pound-odruda-na-prodej-online\/","title":{"rendered":"Blueberry Pancake Smalls libra na prodej online"},"content":{"rendered":"<h1><strong>Blueberry Pancake Smalls POUND Odr\u016fda K Dispozici K Prodeji Online<\/strong><\/h1>\n<p>Ve st\u00e1le se roz\u0161i\u0159uj\u00edc\u00edm sv\u011bt\u011b odr\u016fd konop\u00ed si odr\u016fda Blueberry Pancake Smalls z\u00edskala renom\u00e9 jako chutn\u00e1 a l\u00e1kav\u00e1 volba pro nad\u0161ence. D\u00edky pohodl\u00ed online platforem se pr\u016fzkum a po\u0159\u00edzen\u00ed Blueberry Pancake Smalls stalo hladk\u00fdm procesem, kter\u00fd milovn\u00edk\u016fm konop\u00ed umo\u017e\u0148uje vychutnat si jedine\u010dn\u00e9 kouzlo t\u00e9to odr\u016fdy z pohodl\u00ed domova.<\/p>\n<h2><strong>Odhalen\u00ed odr\u016fdy Blueberry Pancake Smalls<\/strong><\/h2>\n<p>Ne\u017e se pono\u0159\u00edme do online trhu, poj\u010fme odhalit vlastnosti, kter\u00e9 d\u011blaj\u00ed z Blueberry Pancake Smalls v\u00fdjime\u010dn\u00fd kmen. Proslul\u00e1 svou lahodnou sm\u011bs\u00ed sladkosti bor\u016fvek a bohatost\u00ed p\u0159ipom\u00ednaj\u00edc\u00ed pala\u010dinky, si tato varianta z\u00edskala popularitu d\u00edky sv\u00e9 aromatick\u00e9 p\u0159ita\u017elivosti a vyv\u00e1\u017een\u00fdm \u00fa\u010dink\u016fm.<\/p>\n<p>Blueberry Pancake Smalls je hybridn\u00ed odr\u016fda pe\u010dliv\u011b vytvo\u0159en\u00e1 pro vyv\u00e1\u017een\u00ed genetiky indiky a sativy. Tato rovnov\u00e1ha vede k p\u0159\u00edjemn\u00e9 kombinaci relaxace a euforie, co\u017e z n\u00ed \u010din\u00ed v\u0161estrannou volbu pro r\u016fzn\u00e9 preference. Pochopen\u00ed jedine\u010dn\u00fdch vlastnost\u00ed Blueberry Pancake Smalls poskytuje z\u00e1klad pro informovan\u00e9 zkoum\u00e1n\u00ed tohoto fascinuj\u00edc\u00edho kmene.<\/p>\n<h2><strong>V\u00fdhody Blueberry Pancake Smalls<\/strong><\/h2>\n<p>Krom\u011b sv\u00e9 lahodn\u00e9 chu\u0165ov\u00e9 charakteristiky nab\u00edz\u00ed Blueberry Pancake Smalls \u0159adu v\u00fdhod, kter\u00e9 p\u0159isp\u00edvaj\u00ed k jeho rostouc\u00ed oblib\u011b. Pro ty, kte\u0159\u00ed hledaj\u00ed uklid\u0148uj\u00edc\u00ed a povzn\u00e1\u0161ej\u00edc\u00ed z\u00e1\u017eitek bez nadm\u011brn\u00e9 sedace, poskytuje Blueberry Pancake Smalls hladkou a p\u0159\u00edjemnou cestu. Potenci\u00e1l t\u00e9to odr\u016fdy vyvolat relaxaci a kreativn\u00ed inspiraci z n\u00ed \u010din\u00ed v\u0161estrannou volbu pro rekrea\u010dn\u00ed i terapeutick\u00e9 u\u017eivatele.<\/p>\n<h2><strong>Kde naj\u00edt Blueberry Pancake Smalls online<\/strong><\/h2>\n<p>Pro ty, kte\u0159\u00ed cht\u011bj\u00ed prozkoumat jedine\u010dn\u00e9 vlastnosti Blueberry Pancake Smalls, se renomovan\u00e9 online dispens\u00e1\u0159e staly spolehliv\u00fdm zdrojem. Tyto platformy nab\u00edzej\u00ed pestr\u00fd v\u00fdb\u011br konopn\u00fdch produkt\u016f, v\u010detn\u011b Blueberry Pancake Smalls, a zaji\u0161\u0165uj\u00ed pohodln\u00fd a diskr\u00e9tn\u00ed n\u00e1kupn\u00ed z\u00e1\u017eitek. Recenze a doporu\u010den\u00ed u\u017eivatel\u016f v\u00e1m mohou pomoci naj\u00edt d\u016fv\u011bryhodn\u00e9 online zdroje, kter\u00e9 poskytuj\u00ed informace o kvalit\u011b produkt\u016f a spokojenosti z\u00e1kazn\u00edk\u016f.<\/p>\n<h2><strong>Bezpe\u010dn\u00fd n\u00e1kup Blueberry Pancake Smalls<\/strong><\/h2>\n<p>Bezpe\u010dnost je na prvn\u00edm m\u00edst\u011b p\u0159i n\u00e1kupu konop\u00ed online a Blueberry Pancake Smalls nen\u00ed v\u00fdjimkou. Pro zaji\u0161t\u011bn\u00ed bezpe\u010dn\u00e9 transakce hledejte online dispens\u00e1\u0159e, kter\u00e9 d\u00e1vaj\u00ed p\u0159ednost kvalit\u011b produkt\u016f a poskytuj\u00ed transparentn\u00ed informace o sv\u00fdch nab\u00eddk\u00e1ch. Ov\u011b\u0159te pravost produktu a spolehlivost online dispens\u00e1\u0159e prost\u0159ednictv\u00edm recenz\u00ed a hodnocen\u00ed u\u017eivatel\u016f.<\/p>\n<h2><strong>Recenze Blueberry Pancake Smalls<\/strong><\/h2>\n<p>Zku\u0161enosti u\u017eivatel\u016f s Blueberry Pancake Smalls mohou poskytnout cenn\u00e9 informace o tom, co od t\u00e9to aromatick\u00e9 odr\u016fdy o\u010dek\u00e1vat. Od v\u016fn\u011b po celkov\u00e9 \u00fa\u010dinky, \u010dten\u00ed recenz\u00ed umo\u017e\u0148uje potenci\u00e1ln\u00edm spot\u0159ebitel\u016fm \u010dinit informovan\u00e1 rozhodnut\u00ed. Zohledn\u011bn\u00ed r\u016fzn\u00fdch n\u00e1zor\u016f zaji\u0161\u0165uje komplexn\u011bj\u0161\u00ed pochopen\u00ed Blueberry Pancake Smalls, proto\u017ee individu\u00e1ln\u00ed preference se mohou li\u0161it.<\/p>\n<h2><strong>Potenci\u00e1ln\u00ed vedlej\u0161\u00ed \u00fa\u010dinky<\/strong><\/h2>\n<p>Stejn\u011b jako u ka\u017ed\u00e9 odr\u016fdy konop\u00ed je d\u016fle\u017eit\u00e9 b\u00fdt si v\u011bdom potenci\u00e1ln\u00edch vedlej\u0161\u00edch \u00fa\u010dink\u016f spojen\u00fdch s Blueberry Pancake Smalls. A\u010dkoli obvykle vyvol\u00e1v\u00e1 jemn\u00fd a p\u0159\u00edjemn\u00fd z\u00e1\u017eitek, jednotlivci mohou reagovat odli\u0161n\u011b. Pochopen\u00ed b\u011b\u017en\u00fdch vedlej\u0161\u00edch \u00fa\u010dink\u016f a p\u0159ijet\u00ed nezbytn\u00fdch opat\u0159en\u00ed, jako je moderov\u00e1n\u00ed d\u00e1vky, p\u0159isp\u00edv\u00e1 k pozitivn\u00edmu a bezpe\u010dn\u00e9mu z\u00e1\u017eitku.<\/p>","protected":false},"excerpt":{"rendered":"<p>Blueberry Pancake Smalls Strain For Sale Online In the ever-expanding world of cannabis strains, the Blueberry Pancake Smalls strain has risen to prominence as a flavorful and enticing option for enthusiasts. With the convenience of online platforms, exploring and acquiring Blueberry Pancake Smalls has become a seamless process, offering cannabis connoisseurs the chance to immerse [&hellip;]<\/p>","protected":false},"featured_media":1877,"comment_status":"open","ping_status":"closed","template":"","meta":{"_uag_custom_page_level_css":"","site-sidebar-layout":"default","site-content-layout":"","ast-site-content-layout":"default","site-content-style":"default","site-sidebar-style":"default","ast-global-header-display":"","ast-banner-title-visibility":"","ast-main-header-display":"","ast-hfb-above-header-display":"","ast-hfb-below-header-display":"","ast-hfb-mobile-header-display":"","site-post-title":"","ast-breadcrumbs-content":"","ast-featured-img":"","footer-sml-layout":"","ast-disable-related-posts":"","theme-transparent-header-meta":"default","adv-header-id-meta":"","stick-header-meta":"","header-above-stick-meta":"","header-main-stick-meta":"","header-below-stick-meta":"","astra-migrate-meta-layouts":"set","ast-page-background-enabled":"default","ast-page-background-meta":{"desktop":{"background-color":"var(--ast-global-color-5)","background-image":"","background-repeat":"repeat","background-position":"center center","background-size":"auto","background-attachment":"scroll","background-type":"","background-media":"","overlay-type":"","overlay-color":"","overlay-opacity":"","overlay-gradient":""},"tablet":{"background-color":"","background-image":"","background-repeat":"repeat","background-position":"center center","background-size":"auto","background-attachment":"scroll","background-type":"","background-media":"","overlay-type":"","overlay-color":"","overlay-opacity":"","overlay-gradient":""},"mobile":{"background-color":"","background-image":"","background-repeat":"repeat","background-position":"center center","background-size":"auto","background-attachment":"scroll","background-type":"","background-media":"","overlay-type":"","overlay-color":"","overlay-opacity":"","overlay-gradient":""}},"ast-content-background-meta":{"desktop":{"background-color":"var(--ast-global-color-4)","background-image":"","background-repeat":"repeat","background-position":"center center","background-size":"auto","background-attachment":"scroll","background-type":"","background-media":"","overlay-type":"","overlay-color":"","overlay-opacity":"","overlay-gradient":""},"tablet":{"background-color":"var(--ast-global-color-4)","background-image":"","background-repeat":"repeat","background-position":"center center","background-size":"auto","background-attachment":"scroll","background-type":"","background-media":"","overlay-type":"","overlay-color":"","overlay-opacity":"","overlay-gradient":""},"mobile":{"background-color":"var(--ast-global-color-4)","background-image":"","background-repeat":"repeat","background-position":"center center","background-size":"auto","background-attachment":"scroll","background-type":"","background-media":"","overlay-type":"","overlay-color":"","overlay-opacity":"","overlay-gradient":""}}},"product_brand":[],"product_cat":[15],"product_tag":[],"class_list":{"0":"post-1876","1":"product","2":"type-product","3":"status-publish","4":"has-post-thumbnail","6":"product_cat-uncategorized","7":"desktop-align-center","8":"tablet-align-left","9":"mobile-align-left","11":"first","12":"instock","13":"sale","14":"shipping-taxable","15":"purchasable","16":"product-type-simple"},"uagb_featured_image_src":{"full":["https:\/\/caliweedeurope.com\/wp-content\/uploads\/2024\/11\/buy-pound-of-weed-Blueberry-Pancake-Smalls-strain-600x800-1.jpg",600,800,false],"thumbnail":["https:\/\/caliweedeurope.com\/wp-content\/uploads\/2024\/11\/buy-pound-of-weed-Blueberry-Pancake-Smalls-strain-600x800-1-150x150.jpg",150,150,true],"medium":["https:\/\/caliweedeurope.com\/wp-content\/uploads\/2024\/11\/buy-pound-of-weed-Blueberry-Pancake-Smalls-strain-600x800-1-225x300.jpg",225,300,true],"medium_large":["https:\/\/caliweedeurope.com\/wp-content\/uploads\/2024\/11\/buy-pound-of-weed-Blueberry-Pancake-Smalls-strain-600x800-1.jpg",600,800,false],"large":["https:\/\/caliweedeurope.com\/wp-content\/uploads\/2024\/11\/buy-pound-of-weed-Blueberry-Pancake-Smalls-strain-600x800-1.jpg",600,800,false],"1536x1536":["https:\/\/caliweedeurope.com\/wp-content\/uploads\/2024\/11\/buy-pound-of-weed-Blueberry-Pancake-Smalls-strain-600x800-1.jpg",600,800,false],"2048x2048":["https:\/\/caliweedeurope.com\/wp-content\/uploads\/2024\/11\/buy-pound-of-weed-Blueberry-Pancake-Smalls-strain-600x800-1.jpg",600,800,false],"trp-custom-language-flag":["https:\/\/caliweedeurope.com\/wp-content\/uploads\/2024\/11\/buy-pound-of-weed-Blueberry-Pancake-Smalls-strain-600x800-1.jpg",9,12,false],"woocommerce_thumbnail":["https:\/\/caliweedeurope.com\/wp-content\/uploads\/2024\/11\/buy-pound-of-weed-Blueberry-Pancake-Smalls-strain-600x800-1-300x300.jpg",300,300,true],"woocommerce_single":["https:\/\/caliweedeurope.com\/wp-content\/uploads\/2024\/11\/buy-pound-of-weed-Blueberry-Pancake-Smalls-strain-600x800-1.jpg",600,800,false],"woocommerce_gallery_thumbnail":["https:\/\/caliweedeurope.com\/wp-content\/uploads\/2024\/11\/buy-pound-of-weed-Blueberry-Pancake-Smalls-strain-600x800-1-100x100.jpg",100,100,true]},"uagb_author_info":{"display_name":"jetskiforsaleuk@gmail.com","author_link":"https:\/\/caliweedeurope.com\/cs\/author\/"},"uagb_comment_info":0,"uagb_excerpt":"Blueberry Pancake Smalls Strain For Sale Online In the ever-expanding world of cannabis strains, the Blueberry Pancake Smalls strain has risen to prominence as a flavorful and enticing option for enthusiasts. With the convenience of online platforms, exploring and acquiring Blueberry Pancake Smalls has become a seamless process, offering cannabis connoisseurs the chance to immerse&hellip;","_links":{"self":[{"href":"https:\/\/caliweedeurope.com\/cs\/wp-json\/wp\/v2\/product\/1876"}],"collection":[{"href":"https:\/\/caliweedeurope.com\/cs\/wp-json\/wp\/v2\/product"}],"about":[{"href":"https:\/\/caliweedeurope.com\/cs\/wp-json\/wp\/v2\/types\/product"}],"replies":[{"embeddable":true,"href":"https:\/\/caliweedeurope.com\/cs\/wp-json\/wp\/v2\/comments?post=1876"}],"wp:featuredmedia":[{"embeddable":true,"href":"https:\/\/caliweedeurope.com\/cs\/wp-json\/wp\/v2\/media\/1877"}],"wp:attachment":[{"href":"https:\/\/caliweedeurope.com\/cs\/wp-json\/wp\/v2\/media?parent=1876"}],"wp:term":[{"taxonomy":"product_brand","embeddable":true,"href":"https:\/\/caliweedeurope.com\/cs\/wp-json\/wp\/v2\/product_brand?post=1876"},{"taxonomy":"product_cat","embeddable":true,"href":"https:\/\/caliweedeurope.com\/cs\/wp-json\/wp\/v2\/product_cat?post=1876"},{"taxonomy":"product_tag","embeddable":true,"href":"https:\/\/caliweedeurope.com\/cs\/wp-json\/wp\/v2\/product_tag?post=1876"}],"curies":[{"name":"wp","href":"https:\/\/api.w.org\/{rel}","templated":true}]}}