{"id":329,"date":"2024-10-26T23:35:22","date_gmt":"2024-10-26T23:35:22","guid":{"rendered":"https:\/\/caliweedeurope.com\/about\/"},"modified":"2024-11-04T17:34:45","modified_gmt":"2024-11-04T17:34:45","slug":"uber","status":"publish","type":"page","link":"https:\/\/caliweedeurope.com\/de\/uber\/","title":{"rendered":"\u00dcber"},"content":{"rendered":"<div class=\"wp-block-uagb-container uagb-block-51e89b1a alignfull uagb-is-root-container\"><div class=\"uagb-container-inner-blocks-wrap\"><div class=\"wp-block-uagb-advanced-heading uagb-block-0a1971f0\"><h1 class=\"uagb-heading-text\">\u00dcber <a href=\"https:\/\/caliweedeurope.com\/de\/\" data-type=\"link\" data-id=\"https:\/\/caliweedeurope.com\/\">cali weed europe<\/a><\/h1><\/div><\/div><\/div><div class=\"wp-block-uagb-container uagb-block-e1c2ea49 alignfull uagb-is-root-container\"><div class=\"uagb-container-inner-blocks-wrap\"><div class=\"wp-block-uagb-info-box uagb-block-1bfbef46 uagb-infobox__content-wrap  uagb-infobox-icon-above-title uagb-infobox-image-valign-top\"><div class=\"uagb-ifb-content\"><div class=\"uagb-ifb-title-wrap\"><h6 class=\"uagb-ifb-title-prefix\">Wir sind f\u00fcr dich da<\/h6><h2 class=\"uagb-ifb-title\">Nach Jahren der Suche nach echten\u00a0<br><a href=\"https:\/\/caliweedeurope.com\/de\/\">Online-Cannabisl\u00e4den,<\/a>\u00a0Wir waren frustriert dar\u00fcber, wie schwierig es sein kann, eine legale Cannabisquelle zu finden, die nach Deutschland und Europa versendet. Wir waren dann der Meinung, dass es einen benutzerfreundlicheren, sichereren und diskreteren Weg geben muss, Weed online zu kaufen und dabei gute Qualit\u00e4t zu erhalten.<\/h2><\/div><\/div><\/div><\/div><\/div><div class=\"wp-block-uagb-container uagb-block-1d4e123a alignfull uagb-is-root-container\"><div class=\"uagb-container-inner-blocks-wrap\"><div class=\"wp-block-uagb-info-box uagb-block-53541540 uagb-infobox__content-wrap  uagb-infobox-icon-above-title uagb-infobox-image-valign-top\"><div class=\"uagb-ifb-content\"><div class=\"uagb-ifb-title-wrap\"><h6 class=\"uagb-ifb-title-prefix\">Frei von sch\u00e4dlichen Chemikalien<\/h6><h2 class=\"uagb-ifb-title\">Wir sind ein legitimer Online-Cannabisladen, in dem Sie Weed online kaufen k\u00f6nnen. Wir sind ein Team, das hochwertiges Weed in Deutschland anbaut und die st\u00e4rkste Qualit\u00e4t CALI WEED an unsere Freunde, Kunden und BENACHBARTE L\u00c4NDER VERTREIBT. <\/h2><\/div><\/div><\/div><\/div><\/div><div class=\"wp-block-uagb-container uagb-block-a05e7214 alignfull uagb-is-root-container\"><div class=\"uagb-container-inner-blocks-wrap\"><div class=\"wp-block-uagb-container uagb-layout-grid uagb-block-a2c6cfd6\"><div class=\"wp-block-uagb-advanced-heading uagb-block-1ac80494\"><h6 class=\"uagb-heading-text\">Unsere Mission<\/h6><\/div>\n\n<div class=\"wp-block-uagb-info-box uagb-block-025fd110 uagb-infobox__content-wrap  uagb-infobox-icon-above-title uagb-infobox-image-valign-top\"><div class=\"uagb-ifb-content\"><div class=\"uagb-ifb-title-wrap\"><div class=\"uagb-ifb-separator\"><\/div><h3 class=\"uagb-ifb-title\">Warum unsere Kunden uns lieben<\/h3><\/div><p class=\"uagb-ifb-desc\">Aus der Alkoholindustrie kommend, erkannten wir den sozialen Schaden und die Zerst\u00f6rung, die Alkohol in Gemeinschaften in Deutschland und Europa verursacht. Anstatt ein Bier- und Weinladen zu er\u00f6ffnen oder ins Bar-Gesch\u00e4ft zur\u00fcckzukehren, entschieden wir uns f\u00fcr die sicherere Alternative. Wir freuen uns darauf, Ihnen zu helfen, Ihr Freizeit-Cannabis direkt nach Hause geliefert zu bekommen.<\/p><\/div><\/div><\/div>\n\n<div class=\"wp-block-uagb-container uagb-layout-grid uagb-block-34ccc8b8\"><div class=\"wp-block-uagb-advanced-heading uagb-block-1c487d3c\"><h6 class=\"uagb-heading-text\"><a href=\"https:\/\/caliweedeurope.com\/de\/shop\/\">Unsere Einzigartigkeit<\/a><\/h6><\/div>\n\n<div class=\"wp-block-uagb-info-box uagb-block-180da0d4 uagb-infobox__content-wrap  uagb-infobox-icon-above-title uagb-infobox-image-valign-top\"><div class=\"uagb-ifb-content\"><div class=\"uagb-ifb-title-wrap\"><div class=\"uagb-ifb-separator\"><\/div><h3 class=\"uagb-ifb-title\"><a href=\"https:\/\/caliweedeurope.com\/de\/shop\/\">Wir verstehen die Bedeutung, Patienten mit hochwertigem Cannabis zu versorgen, das sowohl erschwinglich als auch von erstklassiger Qualit\u00e4t ist. <\/a><\/h3><\/div><p class=\"uagb-ifb-desc\">Egal, ob Sie an chronischen Schmerzen, Angstzust\u00e4nden oder anderen gesundheitlichen Beschwerden leiden, die eine Cannabisbehandlung erfordern, wir sind f\u00fcr Sie da. Wir legen auch Wert darauf, stets \u00fcber die neuesten Trends in der Welt des Cannabis informiert zu bleiben. Wir sch\u00e4tzen Ihre Bestellung und verpacken sie diskret. Unsere Vakuumverpackung und unser einfacher Versandservice werden Ihnen gefallen.\u00a0<\/p><\/div><\/div><\/div><\/div><\/div><div class=\"wp-block-uagb-container uagb-block-dd938b3f alignfull uagb-is-root-container\"><div class=\"uagb-container-inner-blocks-wrap\"><div class=\"wp-block-uagb-info-box uagb-block-fb459d06 uagb-infobox__content-wrap  uagb-infobox-icon-above-title uagb-infobox-image-valign-top\"><div class=\"uagb-ifb-content\"><div class=\"uagb-ifb-title-wrap\"><h6 class=\"uagb-ifb-title-prefix\">Frei von sch\u00e4dlichen Chemikalien<\/h6><h2 class=\"uagb-ifb-title\">Beginnen Sie Ihre Reise zu gesundem, zufriedenstellendem, aromatischem und geschmackvollem Bio-WEED.<\/h2><\/div><div class=\"uagb-ifb-button-wrapper wp-block-button\"><a href=\"https:\/\/caliweedeurope.com\/de\/shop\/\" class=\"uagb-infobox-cta-link wp-block-button__link\" target=\"_self\" rel=\"noopener noreferrer\" onclick=\"return true;\"><span class=\"uagb-inline-editing\">JETZT EINKAUFEN<\/span><\/a><\/div><\/div><\/div><\/div><\/div><p><\/p>","protected":false},"excerpt":{"rendered":"<p>About cali weed euope Our Mission Our Uniqueness<\/p>","protected":false},"author":1,"featured_media":0,"parent":0,"menu_order":0,"comment_status":"closed","ping_status":"closed","template":"","meta":{"_uag_custom_page_level_css":"","site-sidebar-layout":"no-sidebar","site-content-layout":"page-builder","ast-site-content-layout":"full-width-container","site-content-style":"unboxed","site-sidebar-style":"unboxed","ast-global-header-display":"","ast-banner-title-visibility":"","ast-main-header-display":"","ast-hfb-above-header-display":"","ast-hfb-below-header-display":"","ast-hfb-mobile-header-display":"","site-post-title":"disabled","ast-breadcrumbs-content":"","ast-featured-img":"disabled","footer-sml-layout":"","theme-transparent-header-meta":"","adv-header-id-meta":"","stick-header-meta":"","header-above-stick-meta":"","header-main-stick-meta":"","header-below-stick-meta":"","astra-migrate-meta-layouts":"set","ast-page-background-enabled":"default","ast-page-background-meta":{"desktop":{"background-color":"var(--ast-global-color-4)","background-image":"","background-repeat":"repeat","background-position":"center center","background-size":"auto","background-attachment":"scroll","background-type":"","background-media":"","overlay-type":"","overlay-color":"","overlay-opacity":"","overlay-gradient":""},"tablet":{"background-color":"","background-image":"","background-repeat":"repeat","background-position":"center center","background-size":"auto","background-attachment":"scroll","background-type":"","background-media":"","overlay-type":"","overlay-color":"","overlay-opacity":"","overlay-gradient":""},"mobile":{"background-color":"","background-image":"","background-repeat":"repeat","background-position":"center center","background-size":"auto","background-attachment":"scroll","background-type":"","background-media":"","overlay-type":"","overlay-color":"","overlay-opacity":"","overlay-gradient":""}},"ast-content-background-meta":{"desktop":{"background-color":"var(--ast-global-color-5)","background-image":"","background-repeat":"repeat","background-position":"center center","background-size":"auto","background-attachment":"scroll","background-type":"","background-media":"","overlay-type":"","overlay-color":"","overlay-opacity":"","overlay-gradient":""},"tablet":{"background-color":"var(--ast-global-color-5)","background-image":"","background-repeat":"repeat","background-position":"center center","background-size":"auto","background-attachment":"scroll","background-type":"","background-media":"","overlay-type":"","overlay-color":"","overlay-opacity":"","overlay-gradient":""},"mobile":{"background-color":"var(--ast-global-color-5)","background-image":"","background-repeat":"repeat","background-position":"center center","background-size":"auto","background-attachment":"scroll","background-type":"","background-media":"","overlay-type":"","overlay-color":"","overlay-opacity":"","overlay-gradient":""}},"footnotes":""},"class_list":["post-329","page","type-page","status-publish","hentry"],"uagb_featured_image_src":{"full":false,"thumbnail":false,"medium":false,"medium_large":false,"large":false,"1536x1536":false,"2048x2048":false,"trp-custom-language-flag":false,"woocommerce_thumbnail":false,"woocommerce_single":false,"woocommerce_gallery_thumbnail":false},"uagb_author_info":{"display_name":"jetskiforsaleuk@gmail.com","author_link":"https:\/\/caliweedeurope.com\/de\/author\/jetskiforsaleukgmail-com\/"},"uagb_comment_info":0,"uagb_excerpt":"About cali weed euope Our Mission Our Uniqueness","_links":{"self":[{"href":"https:\/\/caliweedeurope.com\/de\/wp-json\/wp\/v2\/pages\/329"}],"collection":[{"href":"https:\/\/caliweedeurope.com\/de\/wp-json\/wp\/v2\/pages"}],"about":[{"href":"https:\/\/caliweedeurope.com\/de\/wp-json\/wp\/v2\/types\/page"}],"author":[{"embeddable":true,"href":"https:\/\/caliweedeurope.com\/de\/wp-json\/wp\/v2\/users\/1"}],"replies":[{"embeddable":true,"href":"https:\/\/caliweedeurope.com\/de\/wp-json\/wp\/v2\/comments?post=329"}],"version-history":[{"count":0,"href":"https:\/\/caliweedeurope.com\/de\/wp-json\/wp\/v2\/pages\/329\/revisions"}],"wp:attachment":[{"href":"https:\/\/caliweedeurope.com\/de\/wp-json\/wp\/v2\/media?parent=329"}],"curies":[{"name":"wp","href":"https:\/\/api.w.org\/{rel}","templated":true}]}}