{"id":1191,"date":"2024-11-03T21:31:25","date_gmt":"2024-11-03T21:31:25","guid":{"rendered":"https:\/\/caliweedeurope.com\/?post_type=product&#038;p=1191"},"modified":"2024-11-03T21:31:28","modified_gmt":"2024-11-03T21:31:28","slug":"zaza-weed-strain","status":"publish","type":"product","link":"https:\/\/caliweedeurope.com\/de\/product\/zaza-weed-strain\/","title":{"rendered":"zaza weed strain"},"content":{"rendered":"<p class=\"translation-block\">ZaZa Weed ist eine <a href=\"https:\/\/www.leafly.com\/strains\/lists\/category\/hybrid\" target=\"_blank\" rel=\"noopener\">hybride<\/a> Cannabissorte, die durch die Kreuzung der potenten Blue Dream X Rare Dankness Sorten entstanden ist. Bekannt f\u00fcr ihre \u00e4u\u00dferst schl\u00e4frige Wirkung und langanhaltenden Effekte, ist ZaZa die perfekte Sorte f\u00fcr alle, die ein wenig zus\u00e4tzliche Hilfe beim Einschlafen brauchen.<\/p>\n<h2 style=\"text-align: center\">Was ist die Bedeutung von ZAZA?<\/h2>\n<p>Zaza ist sowohl eine hybride Cannabissorte als auch ein urbaner Begriff f\u00fcr exotisches oder hochwertiges Marihuana. Es repr\u00e4sentiert au\u00dferdem die neuesten, angesagtesten Sorten auf dem Markt.<\/p>\n<p>Wussten Sie, dass \u00fcber 800 verschiedene Cannabissorten identifiziert wurden? Exotisches Gras bezieht sich auf ungew\u00f6hnliche oder seltene Sorten mit w\u00fcnschenswerten Eigenschaften. Ein guter Z\u00fcchter wei\u00df, dass die Wahl der Samen und genetisches Wissen eine wichtige Rolle bei der Erstellung einer exotischen Sorte spielen. Sie muss richtig getrocknet, optisch ansprechend und mit funkelnden Trichomen \u00fcberzogen sein. Ein weiterer Faktor, der Gras als exotisch definiert, ist seine Exklusivit\u00e4t oder begrenzte Verf\u00fcgbarkeit.<\/p>\n<p>Kalifornien ist einer der gr\u00f6\u00dften M\u00e4rkte f\u00fcr Cannabis weltweit, daher werden Sie sicher Zaza-Gras finden, das Ihrem Geschmack entspricht.<\/p>\n<p>ZaZa ist eine gro\u00dfartige Wahl f\u00fcr Hobbyz\u00fcchter aller Erfahrungsstufen, da ihre Struktur sehr leicht zu trimmen ist und die Pflanzen mit einem hohen Kelch-zu-Blatt-Verh\u00e4ltnis wachsen. ZaZa produziert einen sehr hohen Ertrag. Sowohl beim Indoor- als auch beim Outdoor-Anbau sind die Pflanzen au\u00dfergew\u00f6hnlich gro\u00df, und nach 8 bis 10 Wochen k\u00f6nnen Sie Ihre frosted ZaZa Nugs ernten. ZaZa hat einen Duft, der an zitronig-zesty Diesel-Chemikalienkraftstoff erinnert. Die durchdringenden Bl\u00fcten verstr\u00f6men auch Ger\u00fcche von erdigem Pinien-Moschus und Achselfunk. Solange die Bl\u00fcten richtig getrocknet werden, hat diese Sorte einen weichen Rauch, der nach saurem Gas schmeckt, wenn er eingeatmet wird. Beim Ausatmen enth\u00fcllt ZaZas Rauch ihren charakteristischen chemischen Dieselkraftstoffgeschmack mit einem zitronig-zesty Ammoniak-Ton, der den Gaumen trifft. <a href=\"http:\/\/legitweeddispensary.com\/\" target=\"_blank\" rel=\"noopener\">Niederl\u00e4ndischer Weed-Shop<\/a><\/p>\n<h6>Exotisch oder exotisches Gras ist ein Slangbegriff f\u00fcr hochpotentes Cannabis, das in der Stra\u00dfenkultur und Rap-Musik beliebt ist. Es ist auch als \u201ezaza\u201c bekannt.<\/h6>\n<h3>KAUFEN SIE ZAZA-STRAINS ONLINE | ZAZA GRAS STRAIN REVIEW<\/h3>\n<p>Der Rausch beginnt mit einem langsamen Aufbau der Wirkung, der deinen Geist mit einer fr\u00f6hlichen Erhebung erf\u00fcllt, die nach deinem letzten Ausatmen w\u00e4chst und sich ausdehnt. Du wirst dich geistig entspannt und ohne Sorgen in der Welt f\u00fchlen. Zaza Weed Strain.<\/p>\n<p>Diese Schwindeligkeit wird sich bald \u00fcber deinen ganzen K\u00f6rper ausbreiten und dich in einen leicht couch-lockigen Zustand versetzen, der ebenfalls stark sedierend ist.<\/p>\n<h3>WAS BEDEUTET DER SLANG BEGRIFF ZAZA?<\/h3>\n<p class=\"translation-block\">Der Slangbegriff \u201eZa\u201c und \u201eZaza\u201c (etwas, das als Za Za geschrieben wird) ist ein Substantiv, das in der Rap-Musik und -Kultur verwendet wird, um wirklich gutes Gras zu bezeichnen.<\/p>\n<h2>ZAZA GRAS PREISE<\/h2>\n<p>Gutes Gras ist sehr selten und teuer. Die meisten Rapper genie\u00dfen es, dieses beste exotische Gras zu rauchen, wegen seiner Terpene. Au\u00dferdem wird den Verbrauchern der Preis aufgrund seiner Authentizit\u00e4t mitgeteilt. Zaza Weed Strain Preis, die meisten kalifornischen Apotheken bieten diese super starken Sorten f\u00fcr 50 $ pro 3,5 Gramm und mehr f\u00fcr die besten kalifornischen Exoten an.<\/p>\n<h3>ZAZA STRAIN ZU VERKAUFEN ONLINE | ZAZA GRAS ZU VERKAUFEN ONLINE<\/h3>\n<p class=\"translation-block\">Genie\u00dfe diese super <a href=\"https:\/\/deligentman.com\/marijuana-flowers-uk-with-worldwide-deliveries\/\" target=\"_blank\" rel=\"noopener\">exotischen Aromen<\/a> von uns, Zaza Weed zum Verkauf online, kaufe Zaza Droge online, bestelle echtes Zaza online, Zaza Weed Strain Bewertung, kaufe Zaza Weed Strains online g\u00fcnstig, wo man Zaza Weed online kaufen kann, wo man Zaza in meiner N\u00e4he kaufen kann, wo man Zaza online kaufen kann, Zaza Weed in meiner N\u00e4he. <a href=\"http:\/\/hempbudswholesale.com\/\" target=\"_blank\" rel=\"noopener\">Hemp Buds Gro\u00dfhandel<\/a><\/p>\n<h6>Unsere Beliebtesten Exotischen Gras Sorten und Produkte<\/h6>\n<div class=\"LinkSuggestion__LinkSuggestionWrapper-sc-1mdih4x-0 hhaFbj\"><a class=\"LinkSuggestion__Link-sc-1mdih4x-2 jZPuuT\" href=\"https:\/\/deligentman.com\/product\/buy-pink-runtz-pink-runtz-dispensary-order-pink-runtz-online\/\" target=\"_blank\" rel=\"noopener\">Buy Pink Runtz<span class=\"A11yNotice-u1v0gg-0 dWDZbM\">(Opens in a new browser tab)<\/span><\/a><\/div>\n<div class=\"LinkSuggestion__LinkSuggestionWrapper-sc-1mdih4x-0 hhaFbj\"><a class=\"LinkSuggestion__Link-sc-1mdih4x-2 jZPuuT\" href=\"https:\/\/deligentman.com\/product\/banana-runtz-buy-banana-runtz-strain\/\" target=\"_blank\" rel=\"noopener\">Kaufen Sie Banana Runtz<span class=\"A11yNotice-u1v0gg-0 dWDZbM\">(Opens in a new browser tab)<\/span><\/a><\/div>\n<div class=\"LinkSuggestion__LinkSuggestionWrapper-sc-1mdih4x-0 hhaFbj\"><a class=\"LinkSuggestion__Link-sc-1mdih4x-2 jZPuuT\" href=\"https:\/\/deligentman.com\/product\/stiiizy-sky-og\/\" target=\"_blank\" rel=\"noopener\">Stiiizy (Sky og)<span class=\"A11yNotice-u1v0gg-0 dWDZbM\">(Opens in a new browser tab)<\/span><\/a><\/div>\n<div class=\"LinkSuggestion__LinkSuggestionWrapper-sc-1mdih4x-0 hhaFbj\"><a class=\"LinkSuggestion__Link-sc-1mdih4x-2 jZPuuT\" href=\"https:\/\/deligentman.com\/product\/strawberry-lemonade-wax\/\" target=\"_blank\" rel=\"noopener\">Strawberry Lemonade Wax<span class=\"A11yNotice-u1v0gg-0 dWDZbM\">(Opens in a new browser tab)<\/span><\/a><\/div>\n<div class=\"LinkSuggestion__LinkSuggestionWrapper-sc-1mdih4x-0 hhaFbj\"><a class=\"LinkSuggestion__Link-sc-1mdih4x-2 jZPuuT\" href=\"https:\/\/deligentman.com\/product\/buy-backpack-boyz-online-where-to-order-backpack-boyz-uk\/\" target=\"_blank\" rel=\"noopener\">rucksack boyz<span class=\"A11yNotice-u1v0gg-0 dWDZbM\">(Opens in a new browser tab)<\/span><\/a><\/div>\n<div class=\"LinkSuggestion__LinkSuggestionWrapper-sc-1mdih4x-0 hhaFbj\"><a class=\"LinkSuggestion__Link-sc-1mdih4x-2 jZPuuT\" href=\"https:\/\/deligentman.com\/product\/white-fire-og\/\" target=\"_blank\" rel=\"noopener\">White fire og<span class=\"A11yNotice-u1v0gg-0 dWDZbM\">(Opens in a new browser tab)<\/span><\/a><\/div>\n<div class=\"LinkSuggestion__LinkSuggestionWrapper-sc-1mdih4x-0 hhaFbj\"><a class=\"LinkSuggestion__Link-sc-1mdih4x-2 jZPuuT\" href=\"https:\/\/deligentman.com\/buy-marijuana-online-worldwide\/\" target=\"_blank\" rel=\"noopener\">buy marijuana online with worldwide shipping 2021<span class=\"A11yNotice-u1v0gg-0 dWDZbM\">(Opens in a new browser tab)<\/span><\/a><\/div>\n<div class=\"LinkSuggestion__LinkSuggestionWrapper-sc-1mdih4x-0 hhaFbj\"><a class=\"LinkSuggestion__Link-sc-1mdih4x-2 jZPuuT\" href=\"https:\/\/deligentman.com\/product\/martian-rocks-weed-where-to-buy\/\" target=\"_blank\" rel=\"noopener\">Martian rocks weed where to buy<span class=\"A11yNotice-u1v0gg-0 dWDZbM\">(Opens in a new browser tab)<\/span><\/a><\/div>\n<div class=\"LinkSuggestion__LinkSuggestionWrapper-sc-1mdih4x-0 hhaFbj\"><a class=\"LinkSuggestion__Link-sc-1mdih4x-2 jZPuuT\" href=\"https:\/\/deligentman.com\/mail-order-weed-online-uk\/\" target=\"_blank\" rel=\"noopener\">Mail Order weed online UK<span class=\"A11yNotice-u1v0gg-0 dWDZbM\">(Opens in a new browser tab)<\/span><\/a><\/div>\n<div class=\"LinkSuggestion__LinkSuggestionWrapper-sc-1mdih4x-0 hhaFbj\"><a class=\"LinkSuggestion__Link-sc-1mdih4x-2 jZPuuT\" href=\"https:\/\/deligentman.com\/product\/buy-pounds-of-og-kush-weed-online\/\" target=\"_blank\" rel=\"noopener\">Kaufen Sie Pfund OG Kush Weed online<\/a><\/div>","protected":false},"excerpt":{"rendered":"<h2 id=\"h-why-is-weed-called-zaza\">Warum wird Gras Zaza genannt?<\/h2>\n<p>Die Popularit\u00e4t exotischer Cannabis-Sorten macht sie zur perfekten Inspiration f\u00fcr Popkultur-K\u00fcnstler. In Rap-Texten und auf sozialen Medien wird 'exotisch' oft zu 'Zaza' verk\u00fcrzt.<\/p>\n<p>Trippie Redd rappte: 'Ich rauche Zaza, ich bin in La La von den B\u00e4umen' in 'Weeeeee', und 21 Savage sagte, er rauche 'Zaza' in 'Runnin'.<\/p>\n<p class=\"translation-block\">Lesen Sie mehr \u00fcber die <a href=\"https:\/\/deligentman.com\/zaza-weed\/\" target=\"_self\">Zaza-Sorte<\/a> und Bewertungen<\/p>","protected":false},"featured_media":1221,"comment_status":"closed","ping_status":"closed","template":"","meta":{"_uag_custom_page_level_css":"","site-sidebar-layout":"default","site-content-layout":"","ast-site-content-layout":"","site-content-style":"default","site-sidebar-style":"default","ast-global-header-display":"","ast-banner-title-visibility":"","ast-main-header-display":"","ast-hfb-above-header-display":"","ast-hfb-below-header-display":"","ast-hfb-mobile-header-display":"","site-post-title":"","ast-breadcrumbs-content":"","ast-featured-img":"","footer-sml-layout":"","theme-transparent-header-meta":"","adv-header-id-meta":"","stick-header-meta":"","header-above-stick-meta":"","header-main-stick-meta":"","header-below-stick-meta":"","astra-migrate-meta-layouts":"default","ast-page-background-enabled":"default","ast-page-background-meta":{"desktop":{"background-color":"var(--ast-global-color-4)","background-image":"","background-repeat":"repeat","background-position":"center center","background-size":"auto","background-attachment":"scroll","background-type":"","background-media":"","overlay-type":"","overlay-color":"","overlay-opacity":"","overlay-gradient":""},"tablet":{"background-color":"","background-image":"","background-repeat":"repeat","background-position":"center center","background-size":"auto","background-attachment":"scroll","background-type":"","background-media":"","overlay-type":"","overlay-color":"","overlay-opacity":"","overlay-gradient":""},"mobile":{"background-color":"","background-image":"","background-repeat":"repeat","background-position":"center center","background-size":"auto","background-attachment":"scroll","background-type":"","background-media":"","overlay-type":"","overlay-color":"","overlay-opacity":"","overlay-gradient":""}},"ast-content-background-meta":{"desktop":{"background-color":"var(--ast-global-color-5)","background-image":"","background-repeat":"repeat","background-position":"center center","background-size":"auto","background-attachment":"scroll","background-type":"","background-media":"","overlay-type":"","overlay-color":"","overlay-opacity":"","overlay-gradient":""},"tablet":{"background-color":"var(--ast-global-color-5)","background-image":"","background-repeat":"repeat","background-position":"center center","background-size":"auto","background-attachment":"scroll","background-type":"","background-media":"","overlay-type":"","overlay-color":"","overlay-opacity":"","overlay-gradient":""},"mobile":{"background-color":"var(--ast-global-color-5)","background-image":"","background-repeat":"repeat","background-position":"center center","background-size":"auto","background-attachment":"scroll","background-type":"","background-media":"","overlay-type":"","overlay-color":"","overlay-opacity":"","overlay-gradient":""}}},"product_brand":[],"product_cat":[22],"product_tag":[23,24,25,26,27],"class_list":{"0":"post-1191","1":"product","2":"type-product","3":"status-publish","4":"has-post-thumbnail","6":"product_cat-hybrid","7":"product_tag-real-zaza-strain","8":"product_tag-what-is-zaza","9":"product_tag-zaza-marijuana","10":"product_tag-zaza-weed","11":"product_tag-zaza-weed-strain","12":"desktop-align-center","13":"tablet-align-left","14":"mobile-align-left","16":"first","17":"instock","18":"sale","19":"shipping-taxable","20":"purchasable","21":"product-type-simple"},"uagb_featured_image_src":{"full":["https:\/\/caliweedeurope.com\/wp-content\/uploads\/2024\/11\/Zaza-weed-strain.jpeg",1125,1478,false],"thumbnail":["https:\/\/caliweedeurope.com\/wp-content\/uploads\/2024\/11\/Zaza-weed-strain-150x150.jpeg",150,150,true],"medium":["https:\/\/caliweedeurope.com\/wp-content\/uploads\/2024\/11\/Zaza-weed-strain-228x300.jpeg",228,300,true],"medium_large":["https:\/\/caliweedeurope.com\/wp-content\/uploads\/2024\/11\/Zaza-weed-strain-768x1009.jpeg",768,1009,true],"large":["https:\/\/caliweedeurope.com\/wp-content\/uploads\/2024\/11\/Zaza-weed-strain-779x1024.jpeg",779,1024,true],"1536x1536":["https:\/\/caliweedeurope.com\/wp-content\/uploads\/2024\/11\/Zaza-weed-strain.jpeg",1125,1478,false],"2048x2048":["https:\/\/caliweedeurope.com\/wp-content\/uploads\/2024\/11\/Zaza-weed-strain.jpeg",1125,1478,false],"trp-custom-language-flag":["https:\/\/caliweedeurope.com\/wp-content\/uploads\/2024\/11\/Zaza-weed-strain.jpeg",9,12,false],"woocommerce_thumbnail":["https:\/\/caliweedeurope.com\/wp-content\/uploads\/2024\/11\/Zaza-weed-strain-300x300.jpeg",300,300,true],"woocommerce_single":["https:\/\/caliweedeurope.com\/wp-content\/uploads\/2024\/11\/Zaza-weed-strain-600x788.jpeg",600,788,true],"woocommerce_gallery_thumbnail":["https:\/\/caliweedeurope.com\/wp-content\/uploads\/2024\/11\/Zaza-weed-strain-100x100.jpeg",100,100,true]},"uagb_author_info":{"display_name":"jetskiforsaleuk@gmail.com","author_link":"https:\/\/caliweedeurope.com\/de\/author\/"},"uagb_comment_info":0,"uagb_excerpt":"Why is weed called zaza? The popularity of exotic weed strains makes them the perfect inspiration for pop culture artists. In rap lyrics and social media, exotic is often shortened to \u201czaza.\u201d Trippie Redd rapped, \u201cI smoke Zaza I\u2019m in La La off them trees\u201d in \u201cWeeeeee,\u201d and 21 Savage said he was, \u201csmokin on&hellip;","_links":{"self":[{"href":"https:\/\/caliweedeurope.com\/de\/wp-json\/wp\/v2\/product\/1191"}],"collection":[{"href":"https:\/\/caliweedeurope.com\/de\/wp-json\/wp\/v2\/product"}],"about":[{"href":"https:\/\/caliweedeurope.com\/de\/wp-json\/wp\/v2\/types\/product"}],"replies":[{"embeddable":true,"href":"https:\/\/caliweedeurope.com\/de\/wp-json\/wp\/v2\/comments?post=1191"}],"wp:featuredmedia":[{"embeddable":true,"href":"https:\/\/caliweedeurope.com\/de\/wp-json\/wp\/v2\/media\/1221"}],"wp:attachment":[{"href":"https:\/\/caliweedeurope.com\/de\/wp-json\/wp\/v2\/media?parent=1191"}],"wp:term":[{"taxonomy":"product_brand","embeddable":true,"href":"https:\/\/caliweedeurope.com\/de\/wp-json\/wp\/v2\/product_brand?post=1191"},{"taxonomy":"product_cat","embeddable":true,"href":"https:\/\/caliweedeurope.com\/de\/wp-json\/wp\/v2\/product_cat?post=1191"},{"taxonomy":"product_tag","embeddable":true,"href":"https:\/\/caliweedeurope.com\/de\/wp-json\/wp\/v2\/product_tag?post=1191"}],"curies":[{"name":"wp","href":"https:\/\/api.w.org\/{rel}","templated":true}]}}