{"id":1218,"date":"2024-11-03T21:31:26","date_gmt":"2024-11-03T21:31:26","guid":{"rendered":"https:\/\/caliweedeurope.com\/?post_type=product&#038;p=1218"},"modified":"2024-11-06T04:00:37","modified_gmt":"2024-11-06T04:00:37","slug":"lucky-charmslucky-charms","status":"publish","type":"product","link":"https:\/\/caliweedeurope.com\/de\/product\/lucky-charmslucky-charms\/","title":{"rendered":"Lucky Charms"},"content":{"rendered":"<p>Wo kann man Lucky Charms Weed online kaufen?<br \/>\nDas High von dieser Sorte kann langsam einschleichen \u2013 ohne den initialen Kopfrausch, der mit vielen zerebralen Sativa-Sorten assoziiert wird. Diese Indica bringt allm\u00e4hlich ein Gef\u00fchl k\u00f6rperlicher Entspannung und eine ver\u00e4nderte Denkweise, die Raucher \u00fcberraschen kann. Diese sanfte Indica-Stimmung eignet sich hervorragend zum Entspannen und Stressabbau, f\u00fchrt aber nicht unbedingt zu l\u00e4hmendem Couchlock. Couchlock ist jedoch bei gr\u00f6\u00dferen Dosen m\u00f6glich. Die k\u00f6rperlichen Effekte von Blue Cheese machen es zu einem guten Mittel zur Linderung von leichten Schmerzen sowie als Hilfsmittel gegen Schlaflosigkeit. Bestellen Sie Lucky Charms Luxemburg.<\/p>","protected":false},"excerpt":{"rendered":"<ul>\n<li>\u00a0Bestellen Sie Lucky Charms Luxemburg. Der Name hat mehr mit seiner Abstammung als mit seinem Geschmack zu tun. Blue Cheese erreicht seine Potenz mit einem durchschnittlichen THC-Gehalt von etwa 15 % bis 20 %.<\/li>\n<\/ul>","protected":false},"featured_media":1233,"comment_status":"closed","ping_status":"closed","template":"","meta":{"_uag_custom_page_level_css":"","site-sidebar-layout":"default","site-content-layout":"","ast-site-content-layout":"default","site-content-style":"default","site-sidebar-style":"default","ast-global-header-display":"","ast-banner-title-visibility":"","ast-main-header-display":"","ast-hfb-above-header-display":"","ast-hfb-below-header-display":"","ast-hfb-mobile-header-display":"","site-post-title":"","ast-breadcrumbs-content":"","ast-featured-img":"","footer-sml-layout":"","theme-transparent-header-meta":"default","adv-header-id-meta":"","stick-header-meta":"","header-above-stick-meta":"","header-main-stick-meta":"","header-below-stick-meta":"","astra-migrate-meta-layouts":"set","ast-page-background-enabled":"default","ast-page-background-meta":{"desktop":{"background-color":"var(--ast-global-color-4)","background-image":"","background-repeat":"repeat","background-position":"center center","background-size":"auto","background-attachment":"scroll","background-type":"","background-media":"","overlay-type":"","overlay-color":"","overlay-opacity":"","overlay-gradient":""},"tablet":{"background-color":"","background-image":"","background-repeat":"repeat","background-position":"center center","background-size":"auto","background-attachment":"scroll","background-type":"","background-media":"","overlay-type":"","overlay-color":"","overlay-opacity":"","overlay-gradient":""},"mobile":{"background-color":"","background-image":"","background-repeat":"repeat","background-position":"center center","background-size":"auto","background-attachment":"scroll","background-type":"","background-media":"","overlay-type":"","overlay-color":"","overlay-opacity":"","overlay-gradient":""}},"ast-content-background-meta":{"desktop":{"background-color":"var(--ast-global-color-5)","background-image":"","background-repeat":"repeat","background-position":"center center","background-size":"auto","background-attachment":"scroll","background-type":"","background-media":"","overlay-type":"","overlay-color":"","overlay-opacity":"","overlay-gradient":""},"tablet":{"background-color":"var(--ast-global-color-5)","background-image":"","background-repeat":"repeat","background-position":"center center","background-size":"auto","background-attachment":"scroll","background-type":"","background-media":"","overlay-type":"","overlay-color":"","overlay-opacity":"","overlay-gradient":""},"mobile":{"background-color":"var(--ast-global-color-5)","background-image":"","background-repeat":"repeat","background-position":"center center","background-size":"auto","background-attachment":"scroll","background-type":"","background-media":"","overlay-type":"","overlay-color":"","overlay-opacity":"","overlay-gradient":""}}},"product_brand":[],"product_cat":[59],"product_tag":[89,90,91,92,93],"class_list":{"0":"post-1218","1":"product","2":"type-product","3":"status-publish","4":"has-post-thumbnail","6":"product_cat-cali-tins","7":"product_tag-lucky-charms-cereal-uk-asda","8":"product_tag-lucky-charms-marshmallows-uk","9":"product_tag-lucky-charms-sainsburys","10":"product_tag-lucky-charms-uk","11":"product_tag-uk-version-of-lucky-charms","12":"desktop-align-center","13":"tablet-align-left","14":"mobile-align-left","16":"first","17":"instock","18":"shipping-taxable","19":"purchasable","20":"product-type-variable"},"uagb_featured_image_src":{"full":["https:\/\/caliweedeurope.com\/wp-content\/uploads\/2024\/11\/WhatsApp-Image-2019-12-06-at-12.20.19-PM-300x300-1.jpeg",300,300,false],"thumbnail":["https:\/\/caliweedeurope.com\/wp-content\/uploads\/2024\/11\/WhatsApp-Image-2019-12-06-at-12.20.19-PM-300x300-1-150x150.jpeg",150,150,true],"medium":["https:\/\/caliweedeurope.com\/wp-content\/uploads\/2024\/11\/WhatsApp-Image-2019-12-06-at-12.20.19-PM-300x300-1.jpeg",300,300,false],"medium_large":["https:\/\/caliweedeurope.com\/wp-content\/uploads\/2024\/11\/WhatsApp-Image-2019-12-06-at-12.20.19-PM-300x300-1.jpeg",300,300,false],"large":["https:\/\/caliweedeurope.com\/wp-content\/uploads\/2024\/11\/WhatsApp-Image-2019-12-06-at-12.20.19-PM-300x300-1.jpeg",300,300,false],"1536x1536":["https:\/\/caliweedeurope.com\/wp-content\/uploads\/2024\/11\/WhatsApp-Image-2019-12-06-at-12.20.19-PM-300x300-1.jpeg",300,300,false],"2048x2048":["https:\/\/caliweedeurope.com\/wp-content\/uploads\/2024\/11\/WhatsApp-Image-2019-12-06-at-12.20.19-PM-300x300-1.jpeg",300,300,false],"trp-custom-language-flag":["https:\/\/caliweedeurope.com\/wp-content\/uploads\/2024\/11\/WhatsApp-Image-2019-12-06-at-12.20.19-PM-300x300-1.jpeg",12,12,false],"woocommerce_thumbnail":["https:\/\/caliweedeurope.com\/wp-content\/uploads\/2024\/11\/WhatsApp-Image-2019-12-06-at-12.20.19-PM-300x300-1.jpeg",300,300,false],"woocommerce_single":["https:\/\/caliweedeurope.com\/wp-content\/uploads\/2024\/11\/WhatsApp-Image-2019-12-06-at-12.20.19-PM-300x300-1.jpeg",300,300,false],"woocommerce_gallery_thumbnail":["https:\/\/caliweedeurope.com\/wp-content\/uploads\/2024\/11\/WhatsApp-Image-2019-12-06-at-12.20.19-PM-300x300-1-100x100.jpeg",100,100,true]},"uagb_author_info":{"display_name":"jetskiforsaleuk@gmail.com","author_link":"https:\/\/caliweedeurope.com\/de\/author\/"},"uagb_comment_info":0,"uagb_excerpt":"\u00a0Order Lucky charms Luxenbourg name has more to do with its lineage than taste. Blue Cheese achieves its potency with an average THC composition of about 15% to 20%.","_links":{"self":[{"href":"https:\/\/caliweedeurope.com\/de\/wp-json\/wp\/v2\/product\/1218"}],"collection":[{"href":"https:\/\/caliweedeurope.com\/de\/wp-json\/wp\/v2\/product"}],"about":[{"href":"https:\/\/caliweedeurope.com\/de\/wp-json\/wp\/v2\/types\/product"}],"replies":[{"embeddable":true,"href":"https:\/\/caliweedeurope.com\/de\/wp-json\/wp\/v2\/comments?post=1218"}],"wp:featuredmedia":[{"embeddable":true,"href":"https:\/\/caliweedeurope.com\/de\/wp-json\/wp\/v2\/media\/1233"}],"wp:attachment":[{"href":"https:\/\/caliweedeurope.com\/de\/wp-json\/wp\/v2\/media?parent=1218"}],"wp:term":[{"taxonomy":"product_brand","embeddable":true,"href":"https:\/\/caliweedeurope.com\/de\/wp-json\/wp\/v2\/product_brand?post=1218"},{"taxonomy":"product_cat","embeddable":true,"href":"https:\/\/caliweedeurope.com\/de\/wp-json\/wp\/v2\/product_cat?post=1218"},{"taxonomy":"product_tag","embeddable":true,"href":"https:\/\/caliweedeurope.com\/de\/wp-json\/wp\/v2\/product_tag?post=1218"}],"curies":[{"name":"wp","href":"https:\/\/api.w.org\/{rel}","templated":true}]}}